{"id":28,"date":"2013-04-26T00:20:36","date_gmt":"2013-04-26T00:20:36","guid":{"rendered":"http:\/\/semead.com.br\/?page_id=28"},"modified":"2013-04-26T00:20:36","modified_gmt":"2013-04-26T00:20:36","slug":"inscricao","status":"publish","type":"page","link":"https:\/\/semead.com.br\/18\/inscricao\/","title":{"rendered":"Inscri\u00e7\u00e3o"},"content":{"rendered":"\n<table id=\"tablepress-24\" class=\"tablepress tablepress-id-24\">\n<thead>\n<tr class=\"row-1\">\n\t<th class=\"column-1\">Congressista<\/th><th class=\"column-2\">Inscri\u00e7\u00e3o at\u00e9 02\/10 Data limite de confirma\u00e7\u00e3o de artigos<\/th><th class=\"column-3\">Inscri\u00e7\u00e3o at\u00e9 20\/10 Data limite de inscri\u00e7\u00e3o on-line<\/th><th class=\"column-4\">Inscri\u00e7\u00e3o no evento<\/th>\n<\/tr>\n<\/thead>\n<tbody class=\"row-striping row-hover\">\n<tr class=\"row-2\">\n\t<td class=\"column-1\">Professores<\/td><td class=\"column-2\">R$ 400,00<\/td><td class=\"column-3\">R$ 480,00<\/td><td class=\"column-4\">R$ 560,00<\/td>\n<\/tr>\n<tr class=\"row-3\">\n\t<td class=\"column-1\">Prof. FEA-USP\/ Parceiro SEMEAD<\/td><td class=\"column-2\">R$ 200,00<\/td><td class=\"column-3\">R$ 240,00<\/td><td class=\"column-4\">R$ 280,00<\/td>\n<\/tr>\n<tr class=\"row-4\">\n\t<td class=\"column-1\">Alunos<\/td><td class=\"column-2\">R$ 300,00<\/td><td class=\"column-3\">R$ 360,00<\/td><td class=\"column-4\">R$ 420,00<\/td>\n<\/tr>\n<tr class=\"row-5\">\n\t<td class=\"column-1\">Aluno FEA-USP\/Parceiro SEMEAD\/Avaliador SEMEAD 2015\/Cons\u00f3rcio Doutoral<\/td><td class=\"column-2\">R$ 150,00<\/td><td class=\"column-3\">R$ 180,00<\/td><td class=\"column-4\">R$ 210,00<\/td>\n<\/tr>\n<tr class=\"row-6\">\n\t<td class=\"column-1\">N\u00e3o Acad\u00eamicos<\/td><td class=\"column-2\">R$ 500,00<\/td><td class=\"column-3\">R$ 600,00<\/td><td class=\"column-4\">R$ 700,00<\/td>\n<\/tr>\n<\/tbody>\n<\/table>\n<!-- #tablepress-24 from cache -->\n<p>[symple_button url=&#8221;http:\/\/sistema.semead.com.br\/18semead\/login.asp?msg=&#8221; color=&#8221;green&#8221; size=&#8221;default&#8221; border_radius=&#8221;3px&#8221; target=&#8221;self&#8221; rel=&#8221;&#8221; icon_left=&#8221;&#8221; icon_right=&#8221;&#8221;]Inscreva-se[\/symple_button]<\/p>\n","protected":false},"excerpt":{"rendered":"<p>[symple_button url=&#8221;http:\/\/sistema.semead.com.br\/18semead\/login.asp?msg=&#8221; color=&#8221;green&#8221; size=&#8221;default&#8221; border_radius=&#8221;3px&#8221; target=&#8221;self&#8221; rel=&#8221;&#8221; icon_left=&#8221;&#8221; icon_right=&#8221;&#8221;]Inscreva-se[\/symple_button]<\/p>\n","protected":false},"author":1,"featured_media":0,"parent":0,"menu_order":0,"comment_status":"open","ping_status":"open","template":"","meta":{"_acf_changed":false,"_monsterinsights_skip_tracking":false,"_monsterinsights_sitenote_active":false,"_monsterinsights_sitenote_note":"","_monsterinsights_sitenote_category":0,"footnotes":""},"class_list":["post-28","page","type-page","status-publish","hentry"],"acf":[],"yoast_head":"<!-- This site is optimized with the Yoast SEO plugin v27.4 - https:\/\/yoast.com\/product\/yoast-seo-wordpress\/ -->\n<title>Inscri\u00e7\u00e3o - XVIII SemeAd<\/title>\n<meta name=\"robots\" content=\"index, follow, max-snippet:-1, max-image-preview:large, max-video-preview:-1\" \/>\n<link rel=\"canonical\" href=\"https:\/\/semead.com.br\/18\/inscricao\/\" \/>\n<meta property=\"og:locale\" content=\"en_US\" \/>\n<meta property=\"og:type\" content=\"article\" \/>\n<meta property=\"og:title\" content=\"Inscri\u00e7\u00e3o - XVIII SemeAd\" \/>\n<meta property=\"og:description\" content=\"[symple_button url=&#8221;http:\/\/sistema.semead.com.br\/18semead\/login.asp?msg=&#8221; color=&#8221;green&#8221; size=&#8221;default&#8221; border_radius=&#8221;3px&#8221; target=&#8221;self&#8221; rel=&#8221;&#8221; icon_left=&#8221;&#8221; icon_right=&#8221;&#8221;]Inscreva-se[\/symple_button]\" \/>\n<meta property=\"og:url\" content=\"https:\/\/semead.com.br\/18\/inscricao\/\" \/>\n<meta property=\"og:site_name\" content=\"XVIII SemeAd\" \/>\n<meta name=\"twitter:card\" content=\"summary_large_image\" \/>\n<script type=\"application\/ld+json\" class=\"yoast-schema-graph\">{\"@context\":\"https:\\\/\\\/schema.org\",\"@graph\":[{\"@type\":\"WebPage\",\"@id\":\"https:\\\/\\\/semead.com.br\\\/18\\\/inscricao\\\/\",\"url\":\"https:\\\/\\\/semead.com.br\\\/18\\\/inscricao\\\/\",\"name\":\"Inscri\u00e7\u00e3o - XVIII SemeAd\",\"isPartOf\":{\"@id\":\"https:\\\/\\\/semead.com.br\\\/18\\\/#website\"},\"datePublished\":\"2013-04-26T00:20:36+00:00\",\"breadcrumb\":{\"@id\":\"https:\\\/\\\/semead.com.br\\\/18\\\/inscricao\\\/#breadcrumb\"},\"inLanguage\":\"en-US\",\"potentialAction\":[{\"@type\":\"ReadAction\",\"target\":[\"https:\\\/\\\/semead.com.br\\\/18\\\/inscricao\\\/\"]}]},{\"@type\":\"BreadcrumbList\",\"@id\":\"https:\\\/\\\/semead.com.br\\\/18\\\/inscricao\\\/#breadcrumb\",\"itemListElement\":[{\"@type\":\"ListItem\",\"position\":1,\"name\":\"In\u00edcio\",\"item\":\"https:\\\/\\\/semead.com.br\\\/18\\\/\"},{\"@type\":\"ListItem\",\"position\":2,\"name\":\"Inscri\u00e7\u00e3o\"}]},{\"@type\":\"WebSite\",\"@id\":\"https:\\\/\\\/semead.com.br\\\/18\\\/#website\",\"url\":\"https:\\\/\\\/semead.com.br\\\/18\\\/\",\"name\":\"XVIII SemeAd\",\"description\":\"Just another SemeAd site\",\"potentialAction\":[{\"@type\":\"SearchAction\",\"target\":{\"@type\":\"EntryPoint\",\"urlTemplate\":\"https:\\\/\\\/semead.com.br\\\/18\\\/?s={search_term_string}\"},\"query-input\":{\"@type\":\"PropertyValueSpecification\",\"valueRequired\":true,\"valueName\":\"search_term_string\"}}],\"inLanguage\":\"en-US\"}]}<\/script>\n<!-- \/ Yoast SEO plugin. -->","yoast_head_json":{"title":"Inscri\u00e7\u00e3o - XVIII SemeAd","robots":{"index":"index","follow":"follow","max-snippet":"max-snippet:-1","max-image-preview":"max-image-preview:large","max-video-preview":"max-video-preview:-1"},"canonical":"https:\/\/semead.com.br\/18\/inscricao\/","og_locale":"en_US","og_type":"article","og_title":"Inscri\u00e7\u00e3o - XVIII SemeAd","og_description":"[symple_button url=&#8221;http:\/\/sistema.semead.com.br\/18semead\/login.asp?msg=&#8221; color=&#8221;green&#8221; size=&#8221;default&#8221; border_radius=&#8221;3px&#8221; target=&#8221;self&#8221; rel=&#8221;&#8221; icon_left=&#8221;&#8221; icon_right=&#8221;&#8221;]Inscreva-se[\/symple_button]","og_url":"https:\/\/semead.com.br\/18\/inscricao\/","og_site_name":"XVIII SemeAd","twitter_card":"summary_large_image","schema":{"@context":"https:\/\/schema.org","@graph":[{"@type":"WebPage","@id":"https:\/\/semead.com.br\/18\/inscricao\/","url":"https:\/\/semead.com.br\/18\/inscricao\/","name":"Inscri\u00e7\u00e3o - XVIII SemeAd","isPartOf":{"@id":"https:\/\/semead.com.br\/18\/#website"},"datePublished":"2013-04-26T00:20:36+00:00","breadcrumb":{"@id":"https:\/\/semead.com.br\/18\/inscricao\/#breadcrumb"},"inLanguage":"en-US","potentialAction":[{"@type":"ReadAction","target":["https:\/\/semead.com.br\/18\/inscricao\/"]}]},{"@type":"BreadcrumbList","@id":"https:\/\/semead.com.br\/18\/inscricao\/#breadcrumb","itemListElement":[{"@type":"ListItem","position":1,"name":"In\u00edcio","item":"https:\/\/semead.com.br\/18\/"},{"@type":"ListItem","position":2,"name":"Inscri\u00e7\u00e3o"}]},{"@type":"WebSite","@id":"https:\/\/semead.com.br\/18\/#website","url":"https:\/\/semead.com.br\/18\/","name":"XVIII SemeAd","description":"Just another SemeAd site","potentialAction":[{"@type":"SearchAction","target":{"@type":"EntryPoint","urlTemplate":"https:\/\/semead.com.br\/18\/?s={search_term_string}"},"query-input":{"@type":"PropertyValueSpecification","valueRequired":true,"valueName":"search_term_string"}}],"inLanguage":"en-US"}]}},"_links":{"self":[{"href":"https:\/\/semead.com.br\/18\/wp-json\/wp\/v2\/pages\/28","targetHints":{"allow":["GET"]}}],"collection":[{"href":"https:\/\/semead.com.br\/18\/wp-json\/wp\/v2\/pages"}],"about":[{"href":"https:\/\/semead.com.br\/18\/wp-json\/wp\/v2\/types\/page"}],"author":[{"embeddable":true,"href":"https:\/\/semead.com.br\/18\/wp-json\/wp\/v2\/users\/1"}],"replies":[{"embeddable":true,"href":"https:\/\/semead.com.br\/18\/wp-json\/wp\/v2\/comments?post=28"}],"version-history":[{"count":0,"href":"https:\/\/semead.com.br\/18\/wp-json\/wp\/v2\/pages\/28\/revisions"}],"wp:attachment":[{"href":"https:\/\/semead.com.br\/18\/wp-json\/wp\/v2\/media?parent=28"}],"curies":[{"name":"wp","href":"https:\/\/api.w.org\/{rel}","templated":true}]}}