{"id":10,"date":"2013-04-26T00:08:55","date_gmt":"2013-04-26T00:08:55","guid":{"rendered":"http:\/\/semead.com.br\/?page_id=10"},"modified":"2016-06-20T14:43:45","modified_gmt":"2016-06-20T17:43:45","slug":"empreendedorismo","status":"publish","type":"page","link":"https:\/\/semead.com.br\/19\/areas\/cientificas\/empreendedorismo\/","title":{"rendered":"Empreendedorismo"},"content":{"rendered":"<h3><strong>Coordenador: Prof. Dr.\u00a0Tales Andreassi &#8211;\u00a0FGV-EAESP<\/strong><\/h3>\n<h3><strong>Coordenador adjunto:\u00a0<\/strong><strong>Prof. Dr.\u00a0<\/strong><strong>Eduardo Vilas Boas &#8211; FEA-USP<\/strong><\/h3>\n<h4><strong>Temas e L\u00edderes:<\/strong><\/h4>\n<p><strong>1. A figura do Empreendedor: Perfil, Personalidade, Comportamento e Compet\u00eancias<\/strong><\/p>\n<p style=\"padding-left: 30px; text-align: justify;\">Figura do empreendedor, o que inclui diversos aspectos sobre a sua a\u00e7\u00e3o, tais como an\u00e1lises de perfil do empreendedor, personalidade, comportamento e a\u00e7\u00f5es empreendedoras.<\/p>\n<p style=\"padding-left: 30px; text-align: justify;\"><em>Profa. Dra. V\u00e2nia Maria Jorge Nassif &#8211; UNINOVE<\/em><\/p>\n<p><strong>2. Empreendedorismo Inovador: <em>Startups<\/em>, Incubadoras, Anjos e Aceleradoras\u00a0<\/strong><\/p>\n<p style=\"padding-left: 30px;\">Empreendedorismo Inovador; Empresas Startups baseadas no uso intensivo de conhecimentos, empresas que explorem modelos de neg\u00f3cios inovadores, empresas de base tecnol\u00f3gica, al\u00e9m daqueles que tratam da gest\u00e3o das incubadoras e de parques tecnol\u00f3gicos; Capital de risco e investimento anjo com foco em empresas inovadoras<\/p>\n<p style=\"padding-left: 30px;\"><em>Prof. Dr. \u00c9verton Lu\u00eds Pellizzaro de Lorenzi Cancellier &#8211;\u00a0ESAG UDESC<\/em><\/p>\n<p><strong>3. Empreendedorismo Social<\/strong><\/p>\n<p style=\"padding-left: 30px; text-align: justify;\">Empreendedorismo Social; Empreendedores e novos neg\u00f3cios que envolvem responsabilidade social, gest\u00e3o de novos neg\u00f3cios sociais e tamb\u00e9m a\u00e7\u00f5es de empreendedorismo sustent\u00e1vel.<\/p>\n<p style=\"padding-left: 30px; text-align: justify;\"><em>Prof. Dr. Edson Sadao Iizuka \u2013 Centro Universit\u00e1rio da FEI<\/em><\/p>\n<p><strong>4. Microempreendedor, Empreendedorismo Regional e Empreendedorismo Corporativo.<\/strong><\/p>\n<p style=\"padding-left: 30px; text-align: justify;\">Micro empreendedor individual, franquias\u00a0e outros micro empreendedores; identifica\u00e7\u00e3o da influ\u00eancia ou a rela\u00e7\u00e3o entre o empreendedorismo e o desenvolvimento econ\u00f4mico. Empreendedores culturais, tecnol\u00f3gicos e de projetos pol\u00edticos de desenvolvimento local e regionais.\u00a0Empreendedorismo dentro de organiza\u00e7\u00f5es j\u00e1 existentes e consolidada.<\/p>\n<p style=\"padding-left: 30px; text-align: justify;\"><em>Prof. Dr. Pedro Lucas de Resende Melo \u2013 PPGA UNIP e PUC-SP<\/em><\/p>\n","protected":false},"excerpt":{"rendered":"<p>Coordenador: Prof. Dr.\u00a0Tales Andreassi &#8211;\u00a0FGV-EAESP Coordenador adjunto:\u00a0Prof. Dr.\u00a0Eduardo Vilas Boas &#8211; FEA-USP Temas e L\u00edderes: 1. A figura do Empreendedor: Perfil, Personalidade, Comportamento e Compet\u00eancias Figura do empreendedor, o que inclui diversos aspectos sobre a sua a\u00e7\u00e3o, tais como an\u00e1lises de perfil do empreendedor, personalidade, comportamento e a\u00e7\u00f5es empreendedoras. Profa. Dra. V\u00e2nia Maria Jorge Nassif&#8230;<\/p>\n","protected":false},"author":1,"featured_media":0,"parent":9,"menu_order":1,"comment_status":"open","ping_status":"closed","template":"","meta":{"_acf_changed":false,"_monsterinsights_skip_tracking":false,"_monsterinsights_sitenote_active":false,"_monsterinsights_sitenote_note":"","_monsterinsights_sitenote_category":0,"footnotes":""},"class_list":["post-10","page","type-page","status-publish","hentry"],"acf":[],"yoast_head":"<!-- This site is optimized with the Yoast SEO plugin v27.1.1 - https:\/\/yoast.com\/product\/yoast-seo-wordpress\/ -->\n<title>Empreendedorismo - XIX SemeAd<\/title>\n<meta name=\"robots\" content=\"index, follow, max-snippet:-1, max-image-preview:large, max-video-preview:-1\" \/>\n<link rel=\"canonical\" href=\"https:\/\/semead.com.br\/19\/areas\/cientificas\/empreendedorismo\/\" \/>\n<meta property=\"og:locale\" content=\"en_US\" \/>\n<meta property=\"og:type\" content=\"article\" \/>\n<meta property=\"og:title\" content=\"Empreendedorismo - XIX SemeAd\" \/>\n<meta property=\"og:description\" content=\"Coordenador: Prof. Dr.\u00a0Tales Andreassi &#8211;\u00a0FGV-EAESP Coordenador adjunto:\u00a0Prof. Dr.\u00a0Eduardo Vilas Boas &#8211; FEA-USP Temas e L\u00edderes: 1. A figura do Empreendedor: Perfil, Personalidade, Comportamento e Compet\u00eancias Figura do empreendedor, o que inclui diversos aspectos sobre a sua a\u00e7\u00e3o, tais como an\u00e1lises de perfil do empreendedor, personalidade, comportamento e a\u00e7\u00f5es empreendedoras. Profa. Dra. V\u00e2nia Maria Jorge Nassif...\" \/>\n<meta property=\"og:url\" content=\"https:\/\/semead.com.br\/19\/areas\/cientificas\/empreendedorismo\/\" \/>\n<meta property=\"og:site_name\" content=\"XIX SemeAd\" \/>\n<meta property=\"article:modified_time\" content=\"2016-06-20T17:43:45+00:00\" \/>\n<meta name=\"twitter:card\" content=\"summary_large_image\" \/>\n<meta name=\"twitter:label1\" content=\"Est. reading time\" \/>\n\t<meta name=\"twitter:data1\" content=\"1 minute\" \/>\n<script type=\"application\/ld+json\" class=\"yoast-schema-graph\">{\"@context\":\"https:\/\/schema.org\",\"@graph\":[{\"@type\":\"WebPage\",\"@id\":\"https:\/\/semead.com.br\/19\/areas\/cientificas\/empreendedorismo\/\",\"url\":\"https:\/\/semead.com.br\/19\/areas\/cientificas\/empreendedorismo\/\",\"name\":\"Empreendedorismo - XIX SemeAd\",\"isPartOf\":{\"@id\":\"https:\/\/semead.com.br\/19\/#website\"},\"datePublished\":\"2013-04-26T00:08:55+00:00\",\"dateModified\":\"2016-06-20T17:43:45+00:00\",\"breadcrumb\":{\"@id\":\"https:\/\/semead.com.br\/19\/areas\/cientificas\/empreendedorismo\/#breadcrumb\"},\"inLanguage\":\"en-US\",\"potentialAction\":[{\"@type\":\"ReadAction\",\"target\":[\"https:\/\/semead.com.br\/19\/areas\/cientificas\/empreendedorismo\/\"]}]},{\"@type\":\"BreadcrumbList\",\"@id\":\"https:\/\/semead.com.br\/19\/areas\/cientificas\/empreendedorismo\/#breadcrumb\",\"itemListElement\":[{\"@type\":\"ListItem\",\"position\":1,\"name\":\"In\u00edcio\",\"item\":\"https:\/\/semead.com.br\/19\/\"},{\"@type\":\"ListItem\",\"position\":2,\"name\":\"\u00c1reas\",\"item\":\"https:\/\/semead.com.br\/19\/areas\/\"},{\"@type\":\"ListItem\",\"position\":3,\"name\":\"Cient\u00edficas\",\"item\":\"https:\/\/semead.com.br\/19\/areas\/cientificas\/\"},{\"@type\":\"ListItem\",\"position\":4,\"name\":\"Empreendedorismo\"}]},{\"@type\":\"WebSite\",\"@id\":\"https:\/\/semead.com.br\/19\/#website\",\"url\":\"https:\/\/semead.com.br\/19\/\",\"name\":\"XIX SemeAd\",\"description\":\"Semin\u00e1rios em Administra\u00e7\u00e3o\",\"potentialAction\":[{\"@type\":\"SearchAction\",\"target\":{\"@type\":\"EntryPoint\",\"urlTemplate\":\"https:\/\/semead.com.br\/19\/?s={search_term_string}\"},\"query-input\":{\"@type\":\"PropertyValueSpecification\",\"valueRequired\":true,\"valueName\":\"search_term_string\"}}],\"inLanguage\":\"en-US\"}]}<\/script>\n<!-- \/ Yoast SEO plugin. -->","yoast_head_json":{"title":"Empreendedorismo - XIX SemeAd","robots":{"index":"index","follow":"follow","max-snippet":"max-snippet:-1","max-image-preview":"max-image-preview:large","max-video-preview":"max-video-preview:-1"},"canonical":"https:\/\/semead.com.br\/19\/areas\/cientificas\/empreendedorismo\/","og_locale":"en_US","og_type":"article","og_title":"Empreendedorismo - XIX SemeAd","og_description":"Coordenador: Prof. Dr.\u00a0Tales Andreassi &#8211;\u00a0FGV-EAESP Coordenador adjunto:\u00a0Prof. Dr.\u00a0Eduardo Vilas Boas &#8211; FEA-USP Temas e L\u00edderes: 1. A figura do Empreendedor: Perfil, Personalidade, Comportamento e Compet\u00eancias Figura do empreendedor, o que inclui diversos aspectos sobre a sua a\u00e7\u00e3o, tais como an\u00e1lises de perfil do empreendedor, personalidade, comportamento e a\u00e7\u00f5es empreendedoras. Profa. Dra. V\u00e2nia Maria Jorge Nassif...","og_url":"https:\/\/semead.com.br\/19\/areas\/cientificas\/empreendedorismo\/","og_site_name":"XIX SemeAd","article_modified_time":"2016-06-20T17:43:45+00:00","twitter_card":"summary_large_image","twitter_misc":{"Est. reading time":"1 minute"},"schema":{"@context":"https:\/\/schema.org","@graph":[{"@type":"WebPage","@id":"https:\/\/semead.com.br\/19\/areas\/cientificas\/empreendedorismo\/","url":"https:\/\/semead.com.br\/19\/areas\/cientificas\/empreendedorismo\/","name":"Empreendedorismo - XIX SemeAd","isPartOf":{"@id":"https:\/\/semead.com.br\/19\/#website"},"datePublished":"2013-04-26T00:08:55+00:00","dateModified":"2016-06-20T17:43:45+00:00","breadcrumb":{"@id":"https:\/\/semead.com.br\/19\/areas\/cientificas\/empreendedorismo\/#breadcrumb"},"inLanguage":"en-US","potentialAction":[{"@type":"ReadAction","target":["https:\/\/semead.com.br\/19\/areas\/cientificas\/empreendedorismo\/"]}]},{"@type":"BreadcrumbList","@id":"https:\/\/semead.com.br\/19\/areas\/cientificas\/empreendedorismo\/#breadcrumb","itemListElement":[{"@type":"ListItem","position":1,"name":"In\u00edcio","item":"https:\/\/semead.com.br\/19\/"},{"@type":"ListItem","position":2,"name":"\u00c1reas","item":"https:\/\/semead.com.br\/19\/areas\/"},{"@type":"ListItem","position":3,"name":"Cient\u00edficas","item":"https:\/\/semead.com.br\/19\/areas\/cientificas\/"},{"@type":"ListItem","position":4,"name":"Empreendedorismo"}]},{"@type":"WebSite","@id":"https:\/\/semead.com.br\/19\/#website","url":"https:\/\/semead.com.br\/19\/","name":"XIX SemeAd","description":"Semin\u00e1rios em Administra\u00e7\u00e3o","potentialAction":[{"@type":"SearchAction","target":{"@type":"EntryPoint","urlTemplate":"https:\/\/semead.com.br\/19\/?s={search_term_string}"},"query-input":{"@type":"PropertyValueSpecification","valueRequired":true,"valueName":"search_term_string"}}],"inLanguage":"en-US"}]}},"_links":{"self":[{"href":"https:\/\/semead.com.br\/19\/wp-json\/wp\/v2\/pages\/10","targetHints":{"allow":["GET"]}}],"collection":[{"href":"https:\/\/semead.com.br\/19\/wp-json\/wp\/v2\/pages"}],"about":[{"href":"https:\/\/semead.com.br\/19\/wp-json\/wp\/v2\/types\/page"}],"author":[{"embeddable":true,"href":"https:\/\/semead.com.br\/19\/wp-json\/wp\/v2\/users\/1"}],"replies":[{"embeddable":true,"href":"https:\/\/semead.com.br\/19\/wp-json\/wp\/v2\/comments?post=10"}],"version-history":[{"count":0,"href":"https:\/\/semead.com.br\/19\/wp-json\/wp\/v2\/pages\/10\/revisions"}],"up":[{"embeddable":true,"href":"https:\/\/semead.com.br\/19\/wp-json\/wp\/v2\/pages\/9"}],"wp:attachment":[{"href":"https:\/\/semead.com.br\/19\/wp-json\/wp\/v2\/media?parent=10"}],"curies":[{"name":"wp","href":"https:\/\/api.w.org\/{rel}","templated":true}]}}