{"id":10078,"date":"2013-04-29T16:08:40","date_gmt":"2013-04-29T16:08:40","guid":{"rendered":"http:\/\/semead.com.br\/?page_id=10078"},"modified":"2013-04-29T16:08:40","modified_gmt":"2013-04-29T16:08:40","slug":"localizacao","status":"publish","type":"page","link":"https:\/\/semead.com.br\/19\/localizacao\/","title":{"rendered":"Localiza\u00e7\u00e3o"},"content":{"rendered":"<p><strong>Faculdade de Economia, Administra\u00e7\u00e3o e Contabilidade da Universidade de S\u00e3o Paulo<\/strong><br \/>\nAv. Prof. Luciano Gualberto, 908, Butant\u00e3 S\u00e3o Paulo, 05508-010<br \/>\nTel: (11) 3091-5805<\/p>\n<p><a title=\"Como chegar\" href=\"http:\/\/semead.com.br\/index.php\/como-chegar\/\">Clique aqui<\/a> para saber como chegar.<\/p>\n<p>[symple_googlemap title=&#8221;Envato Office&#8221; location=&#8221;Av. Prof. Luciano Gualberto, 908, Butant\u00e3 S\u00e3o Paulo Brazil&#8221; zoom=&#8221;14&#8243; height=400]<\/p>\n<p>&nbsp;<\/p>\n","protected":false},"excerpt":{"rendered":"<p>Faculdade de Economia, Administra\u00e7\u00e3o e Contabilidade da Universidade de S\u00e3o Paulo Av. Prof. Luciano Gualberto, 908, Butant\u00e3 S\u00e3o Paulo, 05508-010 Tel: (11) 3091-5805 Clique aqui para saber como chegar. [symple_googlemap title=&#8221;Envato Office&#8221; location=&#8221;Av. Prof. Luciano Gualberto, 908, Butant\u00e3 S\u00e3o Paulo Brazil&#8221; zoom=&#8221;14&#8243; height=400] &nbsp;<\/p>\n","protected":false},"author":1,"featured_media":0,"parent":0,"menu_order":0,"comment_status":"open","ping_status":"open","template":"","meta":{"_acf_changed":false,"_monsterinsights_skip_tracking":false,"_monsterinsights_sitenote_active":false,"_monsterinsights_sitenote_note":"","_monsterinsights_sitenote_category":0,"footnotes":""},"class_list":["post-10078","page","type-page","status-publish","hentry"],"acf":[],"yoast_head":"<!-- This site is optimized with the Yoast SEO plugin v27.1.1 - https:\/\/yoast.com\/product\/yoast-seo-wordpress\/ -->\n<title>Localiza\u00e7\u00e3o - XIX SemeAd<\/title>\n<meta name=\"robots\" content=\"index, follow, max-snippet:-1, max-image-preview:large, max-video-preview:-1\" \/>\n<link rel=\"canonical\" href=\"https:\/\/semead.com.br\/19\/localizacao\/\" \/>\n<meta property=\"og:locale\" content=\"en_US\" \/>\n<meta property=\"og:type\" content=\"article\" \/>\n<meta property=\"og:title\" content=\"Localiza\u00e7\u00e3o - XIX SemeAd\" \/>\n<meta property=\"og:description\" content=\"Faculdade de Economia, Administra\u00e7\u00e3o e Contabilidade da Universidade de S\u00e3o Paulo Av. Prof. Luciano Gualberto, 908, Butant\u00e3 S\u00e3o Paulo, 05508-010 Tel: (11) 3091-5805 Clique aqui para saber como chegar. [symple_googlemap title=&#8221;Envato Office&#8221; location=&#8221;Av. Prof. Luciano Gualberto, 908, Butant\u00e3 S\u00e3o Paulo Brazil&#8221; zoom=&#8221;14&#8243; height=400] &nbsp;\" \/>\n<meta property=\"og:url\" content=\"https:\/\/semead.com.br\/19\/localizacao\/\" \/>\n<meta property=\"og:site_name\" content=\"XIX SemeAd\" \/>\n<meta name=\"twitter:card\" content=\"summary_large_image\" \/>\n<script type=\"application\/ld+json\" class=\"yoast-schema-graph\">{\"@context\":\"https:\/\/schema.org\",\"@graph\":[{\"@type\":\"WebPage\",\"@id\":\"https:\/\/semead.com.br\/19\/localizacao\/\",\"url\":\"https:\/\/semead.com.br\/19\/localizacao\/\",\"name\":\"Localiza\u00e7\u00e3o - XIX SemeAd\",\"isPartOf\":{\"@id\":\"https:\/\/semead.com.br\/19\/#website\"},\"datePublished\":\"2013-04-29T16:08:40+00:00\",\"breadcrumb\":{\"@id\":\"https:\/\/semead.com.br\/19\/localizacao\/#breadcrumb\"},\"inLanguage\":\"en-US\",\"potentialAction\":[{\"@type\":\"ReadAction\",\"target\":[\"https:\/\/semead.com.br\/19\/localizacao\/\"]}]},{\"@type\":\"BreadcrumbList\",\"@id\":\"https:\/\/semead.com.br\/19\/localizacao\/#breadcrumb\",\"itemListElement\":[{\"@type\":\"ListItem\",\"position\":1,\"name\":\"In\u00edcio\",\"item\":\"https:\/\/semead.com.br\/19\/\"},{\"@type\":\"ListItem\",\"position\":2,\"name\":\"Localiza\u00e7\u00e3o\"}]},{\"@type\":\"WebSite\",\"@id\":\"https:\/\/semead.com.br\/19\/#website\",\"url\":\"https:\/\/semead.com.br\/19\/\",\"name\":\"XIX SemeAd\",\"description\":\"Semin\u00e1rios em Administra\u00e7\u00e3o\",\"potentialAction\":[{\"@type\":\"SearchAction\",\"target\":{\"@type\":\"EntryPoint\",\"urlTemplate\":\"https:\/\/semead.com.br\/19\/?s={search_term_string}\"},\"query-input\":{\"@type\":\"PropertyValueSpecification\",\"valueRequired\":true,\"valueName\":\"search_term_string\"}}],\"inLanguage\":\"en-US\"}]}<\/script>\n<!-- \/ Yoast SEO plugin. -->","yoast_head_json":{"title":"Localiza\u00e7\u00e3o - XIX SemeAd","robots":{"index":"index","follow":"follow","max-snippet":"max-snippet:-1","max-image-preview":"max-image-preview:large","max-video-preview":"max-video-preview:-1"},"canonical":"https:\/\/semead.com.br\/19\/localizacao\/","og_locale":"en_US","og_type":"article","og_title":"Localiza\u00e7\u00e3o - XIX SemeAd","og_description":"Faculdade de Economia, Administra\u00e7\u00e3o e Contabilidade da Universidade de S\u00e3o Paulo Av. Prof. Luciano Gualberto, 908, Butant\u00e3 S\u00e3o Paulo, 05508-010 Tel: (11) 3091-5805 Clique aqui para saber como chegar. [symple_googlemap title=&#8221;Envato Office&#8221; location=&#8221;Av. Prof. Luciano Gualberto, 908, Butant\u00e3 S\u00e3o Paulo Brazil&#8221; zoom=&#8221;14&#8243; height=400] &nbsp;","og_url":"https:\/\/semead.com.br\/19\/localizacao\/","og_site_name":"XIX SemeAd","twitter_card":"summary_large_image","schema":{"@context":"https:\/\/schema.org","@graph":[{"@type":"WebPage","@id":"https:\/\/semead.com.br\/19\/localizacao\/","url":"https:\/\/semead.com.br\/19\/localizacao\/","name":"Localiza\u00e7\u00e3o - XIX SemeAd","isPartOf":{"@id":"https:\/\/semead.com.br\/19\/#website"},"datePublished":"2013-04-29T16:08:40+00:00","breadcrumb":{"@id":"https:\/\/semead.com.br\/19\/localizacao\/#breadcrumb"},"inLanguage":"en-US","potentialAction":[{"@type":"ReadAction","target":["https:\/\/semead.com.br\/19\/localizacao\/"]}]},{"@type":"BreadcrumbList","@id":"https:\/\/semead.com.br\/19\/localizacao\/#breadcrumb","itemListElement":[{"@type":"ListItem","position":1,"name":"In\u00edcio","item":"https:\/\/semead.com.br\/19\/"},{"@type":"ListItem","position":2,"name":"Localiza\u00e7\u00e3o"}]},{"@type":"WebSite","@id":"https:\/\/semead.com.br\/19\/#website","url":"https:\/\/semead.com.br\/19\/","name":"XIX SemeAd","description":"Semin\u00e1rios em Administra\u00e7\u00e3o","potentialAction":[{"@type":"SearchAction","target":{"@type":"EntryPoint","urlTemplate":"https:\/\/semead.com.br\/19\/?s={search_term_string}"},"query-input":{"@type":"PropertyValueSpecification","valueRequired":true,"valueName":"search_term_string"}}],"inLanguage":"en-US"}]}},"_links":{"self":[{"href":"https:\/\/semead.com.br\/19\/wp-json\/wp\/v2\/pages\/10078","targetHints":{"allow":["GET"]}}],"collection":[{"href":"https:\/\/semead.com.br\/19\/wp-json\/wp\/v2\/pages"}],"about":[{"href":"https:\/\/semead.com.br\/19\/wp-json\/wp\/v2\/types\/page"}],"author":[{"embeddable":true,"href":"https:\/\/semead.com.br\/19\/wp-json\/wp\/v2\/users\/1"}],"replies":[{"embeddable":true,"href":"https:\/\/semead.com.br\/19\/wp-json\/wp\/v2\/comments?post=10078"}],"version-history":[{"count":0,"href":"https:\/\/semead.com.br\/19\/wp-json\/wp\/v2\/pages\/10078\/revisions"}],"wp:attachment":[{"href":"https:\/\/semead.com.br\/19\/wp-json\/wp\/v2\/media?parent=10078"}],"curies":[{"name":"wp","href":"https:\/\/api.w.org\/{rel}","templated":true}]}}