{"id":10160,"date":"2013-04-30T18:05:26","date_gmt":"2013-04-30T18:05:26","guid":{"rendered":"http:\/\/semead.com.br\/?page_id=10160"},"modified":"2013-04-30T18:05:26","modified_gmt":"2013-04-30T18:05:26","slug":"como-chegar","status":"publish","type":"page","link":"https:\/\/semead.com.br\/19\/como-chegar\/","title":{"rendered":"Como chegar"},"content":{"rendered":"<p><strong>Transporte P\u00fablico:<\/strong><\/p>\n<p>Esta\u00e7\u00e3o de <strong>METR\u00d4<\/strong> mais pr\u00f3xima: Esta\u00e7\u00e3o BUTANT\u00c3 \u2013 Linha 4 Amarela.<br \/>\nAo desembarcar na esta\u00e7\u00e3o Butant\u00e3, pegar a <span style=\"text-decoration: underline\"><a href=\"http:\/\/www.puspc.usp.br\/wp-content\/uploads\/trajeto_corrigido.pdf\" target=\"_blank\">Linha 8012-10 Cidade Universit\u00e1ria\/Metr\u00f4 Butant\u00e3 (CIRCULAR 1)<\/a><\/span> no terminal de \u00f4nibus da esta\u00e7\u00e3o.<br \/>\nDesembarque na AV. PROF. LUCIANO GUALBERTO, 908, em frente \u00e0 FEA (Faculdade de Economia e Administra\u00e7\u00e3o)<\/p>\n<p>Esta\u00e7\u00e3o de <strong>TREM<\/strong> mais pr\u00f3xima: CIDADE UNIVERSIT\u00c1RIA \u2013 Linha 9 Esmeralda.<br \/>\nDesembarque na esta\u00e7\u00e3o Cidade Universit\u00e1ria. Atravesse a ponte e entre pela entrada de pedestres. V\u00e1 at\u00e9 o ponto mais pr\u00f3ximo, \u00e0 esquerda, e pegue a <span style=\"text-decoration: underline\"><a href=\"http:\/\/www.puspc.usp.br\/wp-content\/uploads\/trajeto_corrigido.pdf\" target=\"_blank\">Linha 8022-10 Cidade Universit\u00e1ria\/Metr\u00f4 Butant\u00e3 (CIRCULAR 2)<\/a><\/span>. Desembarque na AV. PROF. LUCIANO GUALBERTO, no ponto da Faculdade de Arquitetura e Urbanismo (FAU) e atravesse a rua at\u00e9 chegar \u00e0 FEA.<\/p>\n<p><strong>Linhas de \u00f4nibus que entram na USP e param em frente \u00e0 FEA-USP:<\/strong><br \/>\n-177H-10 Butant\u00e3 USP\/Metro Santana<br \/>\n-7411-10 Cidade Universit\u00e1ria\/Pra\u00e7a da S\u00e9<br \/>\n-7181-10 Cidade Universit\u00e1ria\/Terminal Princesa Isabel<br \/>\n-8012-10 Cidade Universit\u00e1ria\/Metr\u00f4 Butant\u00e3 (CIRCULAR 1)<br \/>\n-8022-10 Cidade Universit\u00e1ria\/Metr\u00f4 Butant\u00e3<\/p>\n<p><strong>De carro:<\/strong><br \/>\nPela Marginal Tiet\u00ea, siga pelo sentido Castelo Branco at\u00e9 chegar \u00e0 Marginal Pinheiros. Na pista local, ao passar pela Ponte do Jaguar\u00e9, entre na Av. Escola Polit\u00e9cnica (primeira direita ap\u00f3s a ponte). Pegar o primeiro retorno \u00e0 esquerda e entre logo \u00e0 direita, na Av. Prof. Melo Morais. Vire na segunda direita, na Av. Professor Lucio Rodrigues Martins. Vire novamente \u00e0 direita na Av. Prof. Luciano Gualberto.<\/p>\n<p>Pela Marginal Pinheiros, voc\u00ea deve seguir sentido Castelo Branco e pegar a Ponte da Cidade Universit\u00e1ria. Seguindo pela Rua Alvarenga, vire \u00e0 direita no cruzamento com a Av. Afr\u00e2nio Peixoto. Entre pela entrada principal do campus (P1). Siga reto na Av. da Universidade at\u00e9 a segunda pra\u00e7a (Pra\u00e7a Prof. Rubi\u00e3o Meira), contorne-a e pegue a Av. Prof. Lineu Prestes e, \u00e0 direita, a Av. Prof. Luciano Gualberto.<\/p>\n<p>Para outras origens, consulte o percurso pelo <span style=\"text-decoration: underline\"><strong><a href=\"https:\/\/maps.google.com.br\/maps?f=d&amp;source=s_q&amp;hl=pt-BR&amp;geocode=%3BCXM5puUNW21AFbGCmP4d-fk2_SmdyDyYFVbOlDEeqovTMdhO_Q&amp;q=Av.+Prof.+Luciano+Gualberto,+908+-+Butant%C3%A3,+S%C3%A3o+Paulo+-+SP,+05508-010&amp;sll=-23.558539,-46.728609&amp;sspn=0.020967,0.05476&amp;gl=br&amp;ie=UTF8&amp;s=AARTsJpoC1D_SVkKtIWoYuFQGl0SbRN1dQ&amp;hq=&amp;hnear=Av.+Prof.+Luciano+Gualberto,+908+-+Butant%C3%A3,+S%C3%A3o+Paulo,+05508-010&amp;t=m&amp;z=16&amp;vpsrc=0&amp;iwloc=A&amp;daddr=Av.+Prof.+Luciano+Gualberto,+908+-+Cidade+Universit%C3%A1ria+Armando+Salles+de+Oliveira,+Butant%C3%A3,+S%C3%A3o+Paulo,+05508-010\" target=\"_blank\">Google Maps<\/a><\/strong><\/span>, digite o endere\u00e7o de origem e selecione o tipo de transporte.<\/p>\n<p><strong>Mais informa\u00e7\u00f5es em <span style=\"text-decoration: underline\"><a href=\"http:\/\/www.sptrans.com.br\" target=\"_blank\">www.sptrans.com.br<\/a><\/span><\/strong><\/p>\n<p><strong>Ponto de t\u00e1xi da Reitoria USP: (11) 3091-3556<\/strong><\/p>\n<p>&nbsp;<\/p>\n","protected":false},"excerpt":{"rendered":"<p>Transporte P\u00fablico: Esta\u00e7\u00e3o de METR\u00d4 mais pr\u00f3xima: Esta\u00e7\u00e3o BUTANT\u00c3 \u2013 Linha 4 Amarela. Ao desembarcar na esta\u00e7\u00e3o Butant\u00e3, pegar a Linha 8012-10 Cidade Universit\u00e1ria\/Metr\u00f4 Butant\u00e3 (CIRCULAR 1) no terminal de \u00f4nibus da esta\u00e7\u00e3o. Desembarque na AV. PROF. LUCIANO GUALBERTO, 908, em frente \u00e0 FEA (Faculdade de Economia e Administra\u00e7\u00e3o) Esta\u00e7\u00e3o de TREM mais pr\u00f3xima: CIDADE&#8230;<\/p>\n","protected":false},"author":1,"featured_media":0,"parent":0,"menu_order":0,"comment_status":"open","ping_status":"open","template":"","meta":{"_acf_changed":false,"_monsterinsights_skip_tracking":false,"_monsterinsights_sitenote_active":false,"_monsterinsights_sitenote_note":"","_monsterinsights_sitenote_category":0,"footnotes":""},"class_list":["post-10160","page","type-page","status-publish","hentry"],"acf":[],"yoast_head":"<!-- This site is optimized with the Yoast SEO plugin v27.1.1 - https:\/\/yoast.com\/product\/yoast-seo-wordpress\/ -->\n<title>Como chegar - XIX SemeAd<\/title>\n<meta name=\"robots\" content=\"index, follow, max-snippet:-1, max-image-preview:large, max-video-preview:-1\" \/>\n<link rel=\"canonical\" href=\"https:\/\/semead.com.br\/19\/como-chegar\/\" \/>\n<meta property=\"og:locale\" content=\"en_US\" \/>\n<meta property=\"og:type\" content=\"article\" \/>\n<meta property=\"og:title\" content=\"Como chegar - XIX SemeAd\" \/>\n<meta property=\"og:description\" content=\"Transporte P\u00fablico: Esta\u00e7\u00e3o de METR\u00d4 mais pr\u00f3xima: Esta\u00e7\u00e3o BUTANT\u00c3 \u2013 Linha 4 Amarela. Ao desembarcar na esta\u00e7\u00e3o Butant\u00e3, pegar a Linha 8012-10 Cidade Universit\u00e1ria\/Metr\u00f4 Butant\u00e3 (CIRCULAR 1) no terminal de \u00f4nibus da esta\u00e7\u00e3o. Desembarque na AV. PROF. LUCIANO GUALBERTO, 908, em frente \u00e0 FEA (Faculdade de Economia e Administra\u00e7\u00e3o) Esta\u00e7\u00e3o de TREM mais pr\u00f3xima: CIDADE...\" \/>\n<meta property=\"og:url\" content=\"https:\/\/semead.com.br\/19\/como-chegar\/\" \/>\n<meta property=\"og:site_name\" content=\"XIX SemeAd\" \/>\n<meta name=\"twitter:card\" content=\"summary_large_image\" \/>\n<meta name=\"twitter:label1\" content=\"Est. reading time\" \/>\n\t<meta name=\"twitter:data1\" content=\"2 minutes\" \/>\n<script type=\"application\/ld+json\" class=\"yoast-schema-graph\">{\"@context\":\"https:\/\/schema.org\",\"@graph\":[{\"@type\":\"WebPage\",\"@id\":\"https:\/\/semead.com.br\/19\/como-chegar\/\",\"url\":\"https:\/\/semead.com.br\/19\/como-chegar\/\",\"name\":\"Como chegar - XIX SemeAd\",\"isPartOf\":{\"@id\":\"https:\/\/semead.com.br\/19\/#website\"},\"datePublished\":\"2013-04-30T18:05:26+00:00\",\"breadcrumb\":{\"@id\":\"https:\/\/semead.com.br\/19\/como-chegar\/#breadcrumb\"},\"inLanguage\":\"en-US\",\"potentialAction\":[{\"@type\":\"ReadAction\",\"target\":[\"https:\/\/semead.com.br\/19\/como-chegar\/\"]}]},{\"@type\":\"BreadcrumbList\",\"@id\":\"https:\/\/semead.com.br\/19\/como-chegar\/#breadcrumb\",\"itemListElement\":[{\"@type\":\"ListItem\",\"position\":1,\"name\":\"In\u00edcio\",\"item\":\"https:\/\/semead.com.br\/19\/\"},{\"@type\":\"ListItem\",\"position\":2,\"name\":\"Como chegar\"}]},{\"@type\":\"WebSite\",\"@id\":\"https:\/\/semead.com.br\/19\/#website\",\"url\":\"https:\/\/semead.com.br\/19\/\",\"name\":\"XIX SemeAd\",\"description\":\"Semin\u00e1rios em Administra\u00e7\u00e3o\",\"potentialAction\":[{\"@type\":\"SearchAction\",\"target\":{\"@type\":\"EntryPoint\",\"urlTemplate\":\"https:\/\/semead.com.br\/19\/?s={search_term_string}\"},\"query-input\":{\"@type\":\"PropertyValueSpecification\",\"valueRequired\":true,\"valueName\":\"search_term_string\"}}],\"inLanguage\":\"en-US\"}]}<\/script>\n<!-- \/ Yoast SEO plugin. -->","yoast_head_json":{"title":"Como chegar - XIX SemeAd","robots":{"index":"index","follow":"follow","max-snippet":"max-snippet:-1","max-image-preview":"max-image-preview:large","max-video-preview":"max-video-preview:-1"},"canonical":"https:\/\/semead.com.br\/19\/como-chegar\/","og_locale":"en_US","og_type":"article","og_title":"Como chegar - XIX SemeAd","og_description":"Transporte P\u00fablico: Esta\u00e7\u00e3o de METR\u00d4 mais pr\u00f3xima: Esta\u00e7\u00e3o BUTANT\u00c3 \u2013 Linha 4 Amarela. Ao desembarcar na esta\u00e7\u00e3o Butant\u00e3, pegar a Linha 8012-10 Cidade Universit\u00e1ria\/Metr\u00f4 Butant\u00e3 (CIRCULAR 1) no terminal de \u00f4nibus da esta\u00e7\u00e3o. Desembarque na AV. PROF. LUCIANO GUALBERTO, 908, em frente \u00e0 FEA (Faculdade de Economia e Administra\u00e7\u00e3o) Esta\u00e7\u00e3o de TREM mais pr\u00f3xima: CIDADE...","og_url":"https:\/\/semead.com.br\/19\/como-chegar\/","og_site_name":"XIX SemeAd","twitter_card":"summary_large_image","twitter_misc":{"Est. reading time":"2 minutes"},"schema":{"@context":"https:\/\/schema.org","@graph":[{"@type":"WebPage","@id":"https:\/\/semead.com.br\/19\/como-chegar\/","url":"https:\/\/semead.com.br\/19\/como-chegar\/","name":"Como chegar - XIX SemeAd","isPartOf":{"@id":"https:\/\/semead.com.br\/19\/#website"},"datePublished":"2013-04-30T18:05:26+00:00","breadcrumb":{"@id":"https:\/\/semead.com.br\/19\/como-chegar\/#breadcrumb"},"inLanguage":"en-US","potentialAction":[{"@type":"ReadAction","target":["https:\/\/semead.com.br\/19\/como-chegar\/"]}]},{"@type":"BreadcrumbList","@id":"https:\/\/semead.com.br\/19\/como-chegar\/#breadcrumb","itemListElement":[{"@type":"ListItem","position":1,"name":"In\u00edcio","item":"https:\/\/semead.com.br\/19\/"},{"@type":"ListItem","position":2,"name":"Como chegar"}]},{"@type":"WebSite","@id":"https:\/\/semead.com.br\/19\/#website","url":"https:\/\/semead.com.br\/19\/","name":"XIX SemeAd","description":"Semin\u00e1rios em Administra\u00e7\u00e3o","potentialAction":[{"@type":"SearchAction","target":{"@type":"EntryPoint","urlTemplate":"https:\/\/semead.com.br\/19\/?s={search_term_string}"},"query-input":{"@type":"PropertyValueSpecification","valueRequired":true,"valueName":"search_term_string"}}],"inLanguage":"en-US"}]}},"_links":{"self":[{"href":"https:\/\/semead.com.br\/19\/wp-json\/wp\/v2\/pages\/10160","targetHints":{"allow":["GET"]}}],"collection":[{"href":"https:\/\/semead.com.br\/19\/wp-json\/wp\/v2\/pages"}],"about":[{"href":"https:\/\/semead.com.br\/19\/wp-json\/wp\/v2\/types\/page"}],"author":[{"embeddable":true,"href":"https:\/\/semead.com.br\/19\/wp-json\/wp\/v2\/users\/1"}],"replies":[{"embeddable":true,"href":"https:\/\/semead.com.br\/19\/wp-json\/wp\/v2\/comments?post=10160"}],"version-history":[{"count":0,"href":"https:\/\/semead.com.br\/19\/wp-json\/wp\/v2\/pages\/10160\/revisions"}],"wp:attachment":[{"href":"https:\/\/semead.com.br\/19\/wp-json\/wp\/v2\/media?parent=10160"}],"curies":[{"name":"wp","href":"https:\/\/api.w.org\/{rel}","templated":true}]}}