{"id":10194,"date":"2013-05-06T15:44:00","date_gmt":"2013-05-06T15:44:00","guid":{"rendered":"http:\/\/semead.com.br\/?page_id=10194"},"modified":"2016-10-08T16:00:13","modified_gmt":"2016-10-08T19:00:13","slug":"comite-cientifico","status":"publish","type":"page","link":"https:\/\/semead.com.br\/19\/comite-cientifico\/","title":{"rendered":"Comit\u00ea Cient\u00edfico"},"content":{"rendered":"<p>[symple_column size=&#8221;one-half&#8221; position=&#8221;first&#8221; fade_in=&#8221;false&#8221;]<\/p>\n<h2>USP<\/h2>\n<p>Prof. Dr. Marco Antonio Zago<br \/>\n<em>Reitor da Universidade de S\u00e3o Paulo<\/em><\/p>\n<h2>FEA-USP<\/h2>\n<p>Prof. Dr. Adalberto Am\u00e9rico Fischmann<br \/>\n<em>Diretor da Faculdade de Economia, Administra\u00e7\u00e3o e Contabilidade<\/em><\/p>\n<p>Prof. Dr. Roberto Sbragia<br \/>\n<em>Chefe do Departamento de Administra\u00e7\u00e3o<\/em><\/p>\n<p>Prof.Dr. Moacir de Miranda Oliveira J\u00fanior<br \/>\n<em>Coordenador do Programa de P\u00f3s-Gradua\u00e7\u00e3o em Administra\u00e7\u00e3o<\/em><\/p>\n<p>[\/symple_column][symple_column size=&#8221;one-half&#8221; position=&#8221;last&#8221; fade_in=&#8221;false&#8221;]<\/p>\n<h2>SemeAd<\/h2>\n<p>Prof. Dr. Jo\u00e3o Maur\u00edcio Gama Boaventura<br \/>\n<em>Coordenador Geral<\/em><\/p>\n<h3><\/h3>\n<p><em>Coordenadores de \u00c1rea<\/em><br \/>\nProfa. Dra. Adriana Marotti de Mello (FEA-USP)<br \/>\nProf. Dr. Benny Kramer Costa (UNINOVE)<br \/>\nProf. Dr. Cesar Alexandre de Souza (FEA-USP)<br \/>\nProfa. Dra. Darcy Mitiko Mori Hanashiro (Mackenzie)<br \/>\nProfa. Dra. Elizabeth Kyoko Wada (UAM)<br \/>\nProf. Dr. Emerson Antonio Maccari (UNINOVE)<br \/>\nProf. Dr. Flavio Hourneaux Junior (FEA-USP)<br \/>\nProf. Dr. Guilherme Ary Plonski (FEA-USP)<br \/>\nProf. Dr. Guilherme de Farias Shiraishi (FEA-USP)<br \/>\nProf. Dr. Jos\u00e9 Carlos Vaz (EACH-USP)<br \/>\nProf. Dr. Mois\u00e9s Ari Zilber\u00a0(Mackenzie)<br \/>\nProfa. Dra. Rosana Tavares (FEA-USP)<br \/>\nProfa. Dra. Thelma Val\u00e9ria Rocha (ESPM)<\/p>\n<p><em>Conveniado internacional<\/em><br \/>\nProfa. Dra. Encarna Gonzalez Vazquez (AEDEM)<\/p>\n<p><em>Equipe organizadora<\/em><br \/>\nProfa. Dra. Cristina Espinheira Costa Pereira\u00a0&#8211; Organiza\u00e7\u00e3o Acad\u00eamica<br \/>\nEloisa Martins Alessio &#8211; Organiza\u00e7\u00e3o T\u00e9cnica\u00a0[\/symple_column]<\/p>\n","protected":false},"excerpt":{"rendered":"<p>[symple_column size=&#8221;one-half&#8221; position=&#8221;first&#8221; fade_in=&#8221;false&#8221;] USP Prof. Dr. Marco Antonio Zago Reitor da Universidade de S\u00e3o Paulo FEA-USP Prof. Dr. Adalberto Am\u00e9rico Fischmann Diretor da Faculdade de Economia, Administra\u00e7\u00e3o e Contabilidade Prof. Dr. Roberto Sbragia Chefe do Departamento de Administra\u00e7\u00e3o Prof.Dr. Moacir de Miranda Oliveira J\u00fanior Coordenador do Programa de P\u00f3s-Gradua\u00e7\u00e3o em Administra\u00e7\u00e3o [\/symple_column][symple_column size=&#8221;one-half&#8221; position=&#8221;last&#8221;&#8230;<\/p>\n","protected":false},"author":1,"featured_media":0,"parent":0,"menu_order":0,"comment_status":"open","ping_status":"open","template":"","meta":{"_acf_changed":false,"_monsterinsights_skip_tracking":false,"_monsterinsights_sitenote_active":false,"_monsterinsights_sitenote_note":"","_monsterinsights_sitenote_category":0,"footnotes":""},"class_list":["post-10194","page","type-page","status-publish","hentry"],"acf":[],"yoast_head":"<!-- This site is optimized with the Yoast SEO plugin v27.1.1 - https:\/\/yoast.com\/product\/yoast-seo-wordpress\/ -->\n<title>Comit\u00ea Cient\u00edfico - XIX SemeAd<\/title>\n<meta name=\"robots\" content=\"index, follow, max-snippet:-1, max-image-preview:large, max-video-preview:-1\" \/>\n<link rel=\"canonical\" href=\"https:\/\/semead.com.br\/19\/comite-cientifico\/\" \/>\n<meta property=\"og:locale\" content=\"en_US\" \/>\n<meta property=\"og:type\" content=\"article\" \/>\n<meta property=\"og:title\" content=\"Comit\u00ea Cient\u00edfico - XIX SemeAd\" \/>\n<meta property=\"og:description\" content=\"[symple_column size=&#8221;one-half&#8221; position=&#8221;first&#8221; fade_in=&#8221;false&#8221;] USP Prof. Dr. Marco Antonio Zago Reitor da Universidade de S\u00e3o Paulo FEA-USP Prof. Dr. Adalberto Am\u00e9rico Fischmann Diretor da Faculdade de Economia, Administra\u00e7\u00e3o e Contabilidade Prof. Dr. Roberto Sbragia Chefe do Departamento de Administra\u00e7\u00e3o Prof.Dr. Moacir de Miranda Oliveira J\u00fanior Coordenador do Programa de P\u00f3s-Gradua\u00e7\u00e3o em Administra\u00e7\u00e3o [\/symple_column][symple_column size=&#8221;one-half&#8221; position=&#8221;last&#8221;...\" \/>\n<meta property=\"og:url\" content=\"https:\/\/semead.com.br\/19\/comite-cientifico\/\" \/>\n<meta property=\"og:site_name\" content=\"XIX SemeAd\" \/>\n<meta property=\"article:modified_time\" content=\"2016-10-08T19:00:13+00:00\" \/>\n<meta name=\"twitter:card\" content=\"summary_large_image\" \/>\n<meta name=\"twitter:label1\" content=\"Est. reading time\" \/>\n\t<meta name=\"twitter:data1\" content=\"1 minute\" \/>\n<script type=\"application\/ld+json\" class=\"yoast-schema-graph\">{\"@context\":\"https:\/\/schema.org\",\"@graph\":[{\"@type\":\"WebPage\",\"@id\":\"https:\/\/semead.com.br\/19\/comite-cientifico\/\",\"url\":\"https:\/\/semead.com.br\/19\/comite-cientifico\/\",\"name\":\"Comit\u00ea Cient\u00edfico - XIX SemeAd\",\"isPartOf\":{\"@id\":\"https:\/\/semead.com.br\/19\/#website\"},\"datePublished\":\"2013-05-06T15:44:00+00:00\",\"dateModified\":\"2016-10-08T19:00:13+00:00\",\"breadcrumb\":{\"@id\":\"https:\/\/semead.com.br\/19\/comite-cientifico\/#breadcrumb\"},\"inLanguage\":\"en-US\",\"potentialAction\":[{\"@type\":\"ReadAction\",\"target\":[\"https:\/\/semead.com.br\/19\/comite-cientifico\/\"]}]},{\"@type\":\"BreadcrumbList\",\"@id\":\"https:\/\/semead.com.br\/19\/comite-cientifico\/#breadcrumb\",\"itemListElement\":[{\"@type\":\"ListItem\",\"position\":1,\"name\":\"In\u00edcio\",\"item\":\"https:\/\/semead.com.br\/19\/\"},{\"@type\":\"ListItem\",\"position\":2,\"name\":\"Comit\u00ea Cient\u00edfico\"}]},{\"@type\":\"WebSite\",\"@id\":\"https:\/\/semead.com.br\/19\/#website\",\"url\":\"https:\/\/semead.com.br\/19\/\",\"name\":\"XIX SemeAd\",\"description\":\"Semin\u00e1rios em Administra\u00e7\u00e3o\",\"potentialAction\":[{\"@type\":\"SearchAction\",\"target\":{\"@type\":\"EntryPoint\",\"urlTemplate\":\"https:\/\/semead.com.br\/19\/?s={search_term_string}\"},\"query-input\":{\"@type\":\"PropertyValueSpecification\",\"valueRequired\":true,\"valueName\":\"search_term_string\"}}],\"inLanguage\":\"en-US\"}]}<\/script>\n<!-- \/ Yoast SEO plugin. -->","yoast_head_json":{"title":"Comit\u00ea Cient\u00edfico - XIX SemeAd","robots":{"index":"index","follow":"follow","max-snippet":"max-snippet:-1","max-image-preview":"max-image-preview:large","max-video-preview":"max-video-preview:-1"},"canonical":"https:\/\/semead.com.br\/19\/comite-cientifico\/","og_locale":"en_US","og_type":"article","og_title":"Comit\u00ea Cient\u00edfico - XIX SemeAd","og_description":"[symple_column size=&#8221;one-half&#8221; position=&#8221;first&#8221; fade_in=&#8221;false&#8221;] USP Prof. Dr. Marco Antonio Zago Reitor da Universidade de S\u00e3o Paulo FEA-USP Prof. Dr. Adalberto Am\u00e9rico Fischmann Diretor da Faculdade de Economia, Administra\u00e7\u00e3o e Contabilidade Prof. Dr. Roberto Sbragia Chefe do Departamento de Administra\u00e7\u00e3o Prof.Dr. Moacir de Miranda Oliveira J\u00fanior Coordenador do Programa de P\u00f3s-Gradua\u00e7\u00e3o em Administra\u00e7\u00e3o [\/symple_column][symple_column size=&#8221;one-half&#8221; position=&#8221;last&#8221;...","og_url":"https:\/\/semead.com.br\/19\/comite-cientifico\/","og_site_name":"XIX SemeAd","article_modified_time":"2016-10-08T19:00:13+00:00","twitter_card":"summary_large_image","twitter_misc":{"Est. reading time":"1 minute"},"schema":{"@context":"https:\/\/schema.org","@graph":[{"@type":"WebPage","@id":"https:\/\/semead.com.br\/19\/comite-cientifico\/","url":"https:\/\/semead.com.br\/19\/comite-cientifico\/","name":"Comit\u00ea Cient\u00edfico - XIX SemeAd","isPartOf":{"@id":"https:\/\/semead.com.br\/19\/#website"},"datePublished":"2013-05-06T15:44:00+00:00","dateModified":"2016-10-08T19:00:13+00:00","breadcrumb":{"@id":"https:\/\/semead.com.br\/19\/comite-cientifico\/#breadcrumb"},"inLanguage":"en-US","potentialAction":[{"@type":"ReadAction","target":["https:\/\/semead.com.br\/19\/comite-cientifico\/"]}]},{"@type":"BreadcrumbList","@id":"https:\/\/semead.com.br\/19\/comite-cientifico\/#breadcrumb","itemListElement":[{"@type":"ListItem","position":1,"name":"In\u00edcio","item":"https:\/\/semead.com.br\/19\/"},{"@type":"ListItem","position":2,"name":"Comit\u00ea Cient\u00edfico"}]},{"@type":"WebSite","@id":"https:\/\/semead.com.br\/19\/#website","url":"https:\/\/semead.com.br\/19\/","name":"XIX SemeAd","description":"Semin\u00e1rios em Administra\u00e7\u00e3o","potentialAction":[{"@type":"SearchAction","target":{"@type":"EntryPoint","urlTemplate":"https:\/\/semead.com.br\/19\/?s={search_term_string}"},"query-input":{"@type":"PropertyValueSpecification","valueRequired":true,"valueName":"search_term_string"}}],"inLanguage":"en-US"}]}},"_links":{"self":[{"href":"https:\/\/semead.com.br\/19\/wp-json\/wp\/v2\/pages\/10194","targetHints":{"allow":["GET"]}}],"collection":[{"href":"https:\/\/semead.com.br\/19\/wp-json\/wp\/v2\/pages"}],"about":[{"href":"https:\/\/semead.com.br\/19\/wp-json\/wp\/v2\/types\/page"}],"author":[{"embeddable":true,"href":"https:\/\/semead.com.br\/19\/wp-json\/wp\/v2\/users\/1"}],"replies":[{"embeddable":true,"href":"https:\/\/semead.com.br\/19\/wp-json\/wp\/v2\/comments?post=10194"}],"version-history":[{"count":0,"href":"https:\/\/semead.com.br\/19\/wp-json\/wp\/v2\/pages\/10194\/revisions"}],"wp:attachment":[{"href":"https:\/\/semead.com.br\/19\/wp-json\/wp\/v2\/media?parent=10194"}],"curies":[{"name":"wp","href":"https:\/\/api.w.org\/{rel}","templated":true}]}}