{"id":10364,"date":"2013-05-10T15:15:27","date_gmt":"2013-05-10T15:15:27","guid":{"rendered":"http:\/\/semead.com.br\/?page_id=10364"},"modified":"2016-10-08T19:22:30","modified_gmt":"2016-10-08T22:22:30","slug":"apresentacao-dos-trabalhos","status":"publish","type":"page","link":"https:\/\/semead.com.br\/19\/trabalhos\/apresentacao-dos-trabalhos\/","title":{"rendered":"Apresenta\u00e7\u00e3o e publica\u00e7\u00e3o dos trabalhos"},"content":{"rendered":"<p><strong>Publica\u00e7\u00e3o dos trabalhos nos anais do SemeAd:<\/strong><\/p>\n<p>1) A publica\u00e7\u00e3o dos trabalhos aprovados (artigos cient\u00edficos, relatos tecnol\u00f3gicos e casos de ensino), nos anais do SemeAd, est\u00e1 condicionada ao pagamento da inscri\u00e7\u00e3o de pelo menos um dos autores do trabalho.<\/p>\n<p>2) Os autores com trabalhos aprovados e inscritos,\u00a0assumem o compromisso de que ao menos um deles compare\u00e7a ao congresso e fa\u00e7a a apresenta\u00e7\u00e3o do trabalho.<\/p>\n<p>3) O n\u00e3o comparecimento para apresenta\u00e7\u00e3o de trabalho inscrito implicar\u00e1 no impedimento do(s) autor(es) de submeter(em) trabalhos no evento subsequente.<\/p>\n<p>4) N\u00e3o h\u00e1 possibilidade de escolha pr\u00e9via por parte dos autores de data e hor\u00e1rio de apresenta\u00e7\u00e3o dos trabalhos. A programa\u00e7\u00e3o seguir\u00e1 o planejamento realizado pela Coordena\u00e7\u00e3o Cient\u00edfica do SemeAd.<\/p>\n<p>&nbsp;<\/p>\n<p><strong>Instru\u00e7\u00f5es para apresenta\u00e7\u00e3o dos trabalhos:<\/strong><\/p>\n<p>A apresenta\u00e7\u00e3o de artigos cient\u00edficos e relatos tecnol\u00f3gicos ter\u00e3o\u00a0a dura\u00e7\u00e3o de 15 minutos, casos de ensino ter\u00e3o a dura\u00e7\u00e3o de 10 minutos. Ap\u00f3s a apresenta\u00e7\u00e3o haver\u00e1 um breve tempo para discuss\u00e3o do trabalho.<\/p>\n<p>A apresenta\u00e7\u00e3o de artigos cient\u00edficos, relatos tecnol\u00f3gicos e casos de ensino dever\u00e1 ser em PowerPoint e a formata\u00e7\u00e3o da apresenta\u00e7\u00e3o \u00e9 livre. Recomenda-se trazer a apresenta\u00e7\u00e3o em um\u00a0<em>pendrive<\/em>\u00a0e, por seguran\u00e7a, ter uma c\u00f3pia em seu e-mail pessoal.<\/p>\n<p>Para que n\u00e3o haja atraso nas apresenta\u00e7\u00f5es, solicitamos a presen\u00e7a do autor-apresentador na sala com 5 minutos de anteced\u00eancia para a prepara\u00e7\u00e3o da apresenta\u00e7\u00e3o.<\/p>\n<p>&nbsp;<\/p>\n<p><strong>IMPORTANTE:<\/strong> Recomendamos que o participante fa\u00e7a uma leitura pr\u00e9via dos trabalhos da sua sess\u00e3o e que traga suas contribui\u00e7\u00f5es para discuti-las com os demais autores.<\/p>\n","protected":false},"excerpt":{"rendered":"<p>Publica\u00e7\u00e3o dos trabalhos nos anais do SemeAd: 1) A publica\u00e7\u00e3o dos trabalhos aprovados (artigos cient\u00edficos, relatos tecnol\u00f3gicos e casos de ensino), nos anais do SemeAd, est\u00e1 condicionada ao pagamento da inscri\u00e7\u00e3o de pelo menos um dos autores do trabalho. 2) Os autores com trabalhos aprovados e inscritos,\u00a0assumem o compromisso de que ao menos um deles&#8230;<\/p>\n","protected":false},"author":1,"featured_media":0,"parent":22,"menu_order":0,"comment_status":"open","ping_status":"open","template":"","meta":{"_acf_changed":false,"_monsterinsights_skip_tracking":false,"_monsterinsights_sitenote_active":false,"_monsterinsights_sitenote_note":"","_monsterinsights_sitenote_category":0,"footnotes":""},"class_list":["post-10364","page","type-page","status-publish","hentry"],"acf":[],"yoast_head":"<!-- This site is optimized with the Yoast SEO plugin v27.1.1 - https:\/\/yoast.com\/product\/yoast-seo-wordpress\/ -->\n<title>Apresenta\u00e7\u00e3o e publica\u00e7\u00e3o dos trabalhos - XIX SemeAd<\/title>\n<meta name=\"robots\" content=\"index, follow, max-snippet:-1, max-image-preview:large, max-video-preview:-1\" \/>\n<link rel=\"canonical\" href=\"https:\/\/semead.com.br\/19\/trabalhos\/apresentacao-dos-trabalhos\/\" \/>\n<meta property=\"og:locale\" content=\"en_US\" \/>\n<meta property=\"og:type\" content=\"article\" \/>\n<meta property=\"og:title\" content=\"Apresenta\u00e7\u00e3o e publica\u00e7\u00e3o dos trabalhos - XIX SemeAd\" \/>\n<meta property=\"og:description\" content=\"Publica\u00e7\u00e3o dos trabalhos nos anais do SemeAd: 1) A publica\u00e7\u00e3o dos trabalhos aprovados (artigos cient\u00edficos, relatos tecnol\u00f3gicos e casos de ensino), nos anais do SemeAd, est\u00e1 condicionada ao pagamento da inscri\u00e7\u00e3o de pelo menos um dos autores do trabalho. 2) Os autores com trabalhos aprovados e inscritos,\u00a0assumem o compromisso de que ao menos um deles...\" \/>\n<meta property=\"og:url\" content=\"https:\/\/semead.com.br\/19\/trabalhos\/apresentacao-dos-trabalhos\/\" \/>\n<meta property=\"og:site_name\" content=\"XIX SemeAd\" \/>\n<meta property=\"article:modified_time\" content=\"2016-10-08T22:22:30+00:00\" \/>\n<meta name=\"twitter:card\" content=\"summary_large_image\" \/>\n<meta name=\"twitter:label1\" content=\"Est. reading time\" \/>\n\t<meta name=\"twitter:data1\" content=\"1 minute\" \/>\n<script type=\"application\/ld+json\" class=\"yoast-schema-graph\">{\"@context\":\"https:\/\/schema.org\",\"@graph\":[{\"@type\":\"WebPage\",\"@id\":\"https:\/\/semead.com.br\/19\/trabalhos\/apresentacao-dos-trabalhos\/\",\"url\":\"https:\/\/semead.com.br\/19\/trabalhos\/apresentacao-dos-trabalhos\/\",\"name\":\"Apresenta\u00e7\u00e3o e publica\u00e7\u00e3o dos trabalhos - XIX SemeAd\",\"isPartOf\":{\"@id\":\"https:\/\/semead.com.br\/19\/#website\"},\"datePublished\":\"2013-05-10T15:15:27+00:00\",\"dateModified\":\"2016-10-08T22:22:30+00:00\",\"breadcrumb\":{\"@id\":\"https:\/\/semead.com.br\/19\/trabalhos\/apresentacao-dos-trabalhos\/#breadcrumb\"},\"inLanguage\":\"en-US\",\"potentialAction\":[{\"@type\":\"ReadAction\",\"target\":[\"https:\/\/semead.com.br\/19\/trabalhos\/apresentacao-dos-trabalhos\/\"]}]},{\"@type\":\"BreadcrumbList\",\"@id\":\"https:\/\/semead.com.br\/19\/trabalhos\/apresentacao-dos-trabalhos\/#breadcrumb\",\"itemListElement\":[{\"@type\":\"ListItem\",\"position\":1,\"name\":\"In\u00edcio\",\"item\":\"https:\/\/semead.com.br\/19\/\"},{\"@type\":\"ListItem\",\"position\":2,\"name\":\"Trabalhos\",\"item\":\"https:\/\/semead.com.br\/19\/trabalhos\/\"},{\"@type\":\"ListItem\",\"position\":3,\"name\":\"Apresenta\u00e7\u00e3o e publica\u00e7\u00e3o dos trabalhos\"}]},{\"@type\":\"WebSite\",\"@id\":\"https:\/\/semead.com.br\/19\/#website\",\"url\":\"https:\/\/semead.com.br\/19\/\",\"name\":\"XIX SemeAd\",\"description\":\"Semin\u00e1rios em Administra\u00e7\u00e3o\",\"potentialAction\":[{\"@type\":\"SearchAction\",\"target\":{\"@type\":\"EntryPoint\",\"urlTemplate\":\"https:\/\/semead.com.br\/19\/?s={search_term_string}\"},\"query-input\":{\"@type\":\"PropertyValueSpecification\",\"valueRequired\":true,\"valueName\":\"search_term_string\"}}],\"inLanguage\":\"en-US\"}]}<\/script>\n<!-- \/ Yoast SEO plugin. -->","yoast_head_json":{"title":"Apresenta\u00e7\u00e3o e publica\u00e7\u00e3o dos trabalhos - XIX SemeAd","robots":{"index":"index","follow":"follow","max-snippet":"max-snippet:-1","max-image-preview":"max-image-preview:large","max-video-preview":"max-video-preview:-1"},"canonical":"https:\/\/semead.com.br\/19\/trabalhos\/apresentacao-dos-trabalhos\/","og_locale":"en_US","og_type":"article","og_title":"Apresenta\u00e7\u00e3o e publica\u00e7\u00e3o dos trabalhos - XIX SemeAd","og_description":"Publica\u00e7\u00e3o dos trabalhos nos anais do SemeAd: 1) A publica\u00e7\u00e3o dos trabalhos aprovados (artigos cient\u00edficos, relatos tecnol\u00f3gicos e casos de ensino), nos anais do SemeAd, est\u00e1 condicionada ao pagamento da inscri\u00e7\u00e3o de pelo menos um dos autores do trabalho. 2) Os autores com trabalhos aprovados e inscritos,\u00a0assumem o compromisso de que ao menos um deles...","og_url":"https:\/\/semead.com.br\/19\/trabalhos\/apresentacao-dos-trabalhos\/","og_site_name":"XIX SemeAd","article_modified_time":"2016-10-08T22:22:30+00:00","twitter_card":"summary_large_image","twitter_misc":{"Est. reading time":"1 minute"},"schema":{"@context":"https:\/\/schema.org","@graph":[{"@type":"WebPage","@id":"https:\/\/semead.com.br\/19\/trabalhos\/apresentacao-dos-trabalhos\/","url":"https:\/\/semead.com.br\/19\/trabalhos\/apresentacao-dos-trabalhos\/","name":"Apresenta\u00e7\u00e3o e publica\u00e7\u00e3o dos trabalhos - XIX SemeAd","isPartOf":{"@id":"https:\/\/semead.com.br\/19\/#website"},"datePublished":"2013-05-10T15:15:27+00:00","dateModified":"2016-10-08T22:22:30+00:00","breadcrumb":{"@id":"https:\/\/semead.com.br\/19\/trabalhos\/apresentacao-dos-trabalhos\/#breadcrumb"},"inLanguage":"en-US","potentialAction":[{"@type":"ReadAction","target":["https:\/\/semead.com.br\/19\/trabalhos\/apresentacao-dos-trabalhos\/"]}]},{"@type":"BreadcrumbList","@id":"https:\/\/semead.com.br\/19\/trabalhos\/apresentacao-dos-trabalhos\/#breadcrumb","itemListElement":[{"@type":"ListItem","position":1,"name":"In\u00edcio","item":"https:\/\/semead.com.br\/19\/"},{"@type":"ListItem","position":2,"name":"Trabalhos","item":"https:\/\/semead.com.br\/19\/trabalhos\/"},{"@type":"ListItem","position":3,"name":"Apresenta\u00e7\u00e3o e publica\u00e7\u00e3o dos trabalhos"}]},{"@type":"WebSite","@id":"https:\/\/semead.com.br\/19\/#website","url":"https:\/\/semead.com.br\/19\/","name":"XIX SemeAd","description":"Semin\u00e1rios em Administra\u00e7\u00e3o","potentialAction":[{"@type":"SearchAction","target":{"@type":"EntryPoint","urlTemplate":"https:\/\/semead.com.br\/19\/?s={search_term_string}"},"query-input":{"@type":"PropertyValueSpecification","valueRequired":true,"valueName":"search_term_string"}}],"inLanguage":"en-US"}]}},"_links":{"self":[{"href":"https:\/\/semead.com.br\/19\/wp-json\/wp\/v2\/pages\/10364","targetHints":{"allow":["GET"]}}],"collection":[{"href":"https:\/\/semead.com.br\/19\/wp-json\/wp\/v2\/pages"}],"about":[{"href":"https:\/\/semead.com.br\/19\/wp-json\/wp\/v2\/types\/page"}],"author":[{"embeddable":true,"href":"https:\/\/semead.com.br\/19\/wp-json\/wp\/v2\/users\/1"}],"replies":[{"embeddable":true,"href":"https:\/\/semead.com.br\/19\/wp-json\/wp\/v2\/comments?post=10364"}],"version-history":[{"count":0,"href":"https:\/\/semead.com.br\/19\/wp-json\/wp\/v2\/pages\/10364\/revisions"}],"up":[{"embeddable":true,"href":"https:\/\/semead.com.br\/19\/wp-json\/wp\/v2\/pages\/22"}],"wp:attachment":[{"href":"https:\/\/semead.com.br\/19\/wp-json\/wp\/v2\/media?parent=10364"}],"curies":[{"name":"wp","href":"https:\/\/api.w.org\/{rel}","templated":true}]}}