{"id":11547,"date":"2014-10-24T12:08:12","date_gmt":"2014-10-24T14:08:12","guid":{"rendered":"http:\/\/semead.com.br\/?page_id=11547"},"modified":"2016-06-27T12:09:18","modified_gmt":"2016-06-27T15:09:18","slug":"consorcio-doutoral","status":"publish","type":"page","link":"https:\/\/semead.com.br\/19\/programacao\/consorcio-doutoral\/","title":{"rendered":"Cons\u00f3rcio Doutoral"},"content":{"rendered":"<p>O projeto de tese dever\u00e1 ser submetido no formato de artigo cient\u00edfico de acordo com as instru\u00e7\u00f5es a seguir.<\/p>\n<p><strong>Formata\u00e7\u00e3o do trabalho:\u00a0<\/strong><br \/>\n\u2013 Formato do papel: A4;<br \/>\n\u2013 Fonte: Times New Roman\/ tamanho 12;<br \/>\n\u2013 Espa\u00e7amento: simples, texto disposto em uma coluna;<br \/>\n\u2013 Alinhamento: justificado;<br \/>\n\u2013 Margens: Superior: 3 cm; inferior: 2 cm; esquerda: 3 cm; direita: 2 cm.<br \/>\n\u2013 Pagina\u00e7\u00e3o: inserir n\u00famero de p\u00e1ginas no rodap\u00e9 com alinhamento ao lado direito;<br \/>\n\u2013 T\u00edtulos em letras mai\u00fasculas e subt\u00edtulos em letras min\u00fasculas;<br \/>\n\u2013 Formato do arquivo: PDF;<br \/>\n\u2013 O trabalho pode ter no m\u00e1ximo 16 p\u00e1ginas, incluindo o texto propriamente dito, ilustra\u00e7\u00f5es e refer\u00eancias bibliogr\u00e1ficas.<br \/>\n\u2013 O texto deve come\u00e7ar pelo t\u00edtulo seguido pela introdu\u00e7\u00e3o. Sugerimos aos autores que preparem o resumo expandido em um documento separado e copiem e colem cada item no campo espec\u00edfico no ato da submiss\u00e3o.<br \/>\n\u2013 As refer\u00eancias bibliogr\u00e1ficas dever\u00e3o ser citadas ao longo do texto de acordo com o sistema (autor-data), e apresentadas em ordem alfab\u00e9tica no final do trabalho, de acordo com as normas APA ou ABNT\/NBR-6023.<\/p>\n<p><strong>Estrutura sugerida do trabalho:<\/strong><br \/>\n\u2013 Introdu\u00e7\u00e3o: descrever brevemente o\u00a0estado da arte,\u00a0contextualizando o objetivo do trabalho;<br \/>\n\u2013 Problema e Objetivo de Pesquisa: descrever o\u00a0<em>gap\u00a0<\/em>te\u00f3rico\u00a0que est\u00e1 sendo preenchido, explicitando a contribui\u00e7\u00e3o;<br \/>\n\u2013 Fundamenta\u00e7\u00e3o Te\u00f3rica: apresentar os principais\u00a0argumentos te\u00f3ricos, proposi\u00e7\u00f5es e hip\u00f3teses;<br \/>\n\u2013 Metodologia: descrever o\u00a0desenho de pesquisa\u00a0com o respectivo m\u00e9todo;<br \/>\n\u2013 An\u00e1lise dos Resultados: apresentar eventuais resultados iniciais ou esperados;<br \/>\n\u2013 Conclus\u00e3o: apresentar\u00a0an\u00e1lises e conclus\u00f5es iniciais;<br \/>\n\u2013 Refer\u00eancias Bibliogr\u00e1ficas.<\/p>\n<p><strong>Resumo Estruturado:<\/strong><br \/>\n\u2013 T\u00edtulo (no m\u00e1ximo 190 caracteres);<br \/>\n\u2013 Palavras-chave (3 palavras);<br \/>\n\u2013 Introdu\u00e7\u00e3o (no m\u00e1ximo 500 caracteres);<br \/>\n\u2013 Problema e Objetivo de Pesquisa (no m\u00e1ximo 500 caracteres);<br \/>\n\u2013 Fundamenta\u00e7\u00e3o Te\u00f3rica (no m\u00e1ximo 500 caracteres);<br \/>\n\u2013 Metodologia (no m\u00e1ximo 500 caracteres);<br \/>\n\u2013 An\u00e1lise dos Resultados (no m\u00e1ximo 500 caracteres);<br \/>\n\u2013 Conclus\u00e3o (no m\u00e1ximo 500 caracteres);<br \/>\n\u2013 Refer\u00eancias Bibliogr\u00e1ficas (no m\u00e1ximo 500 caracteres).<\/p>\n<p><strong>Trabalhos que n\u00e3o estejam no formato especificado n\u00e3o ser\u00e3o aceitos.<\/strong><\/p>\n<p>O formato do artigo completo deve seguir a estrutura de artigo cient\u00edfico do XIX SemeAd, ressalvando-se que as se\u00e7\u00f5es sobre an\u00e1lise de resultados e conclus\u00f5es devem se ater aos eventuais resultados e conclus\u00f5es iniciais.<\/p>\n<p>O\u00a0projeto de tese deve focar em sua contribui\u00e7\u00e3o e n\u00e3o no que a literatura existente relata. Ao revisar a literatura, algumas linhas sobre a teoria existente s\u00e3o \u00fateis, mas somente para localizar a contribui\u00e7\u00e3o do trabalho no contexto da mesma.<\/p>\n<p>A submiss\u00e3o do resumo e do artigo d\u00e1 aos organizadores a permiss\u00e3o para dissemin\u00e1-los.<\/p>\n<p>A inscri\u00e7\u00e3o e a apresenta\u00e7\u00e3o de trabalhos no Cons\u00f3rcio Doutoral permitir\u00e3o o acesso do doutorando \u00e0s sess\u00f5es de apresenta\u00e7\u00e3o de artigos.<\/p>\n","protected":false},"excerpt":{"rendered":"<p>O projeto de tese dever\u00e1 ser submetido no formato de artigo cient\u00edfico de acordo com as instru\u00e7\u00f5es a seguir. Formata\u00e7\u00e3o do trabalho:\u00a0 \u2013 Formato do papel: A4; \u2013 Fonte: Times New Roman\/ tamanho 12; \u2013 Espa\u00e7amento: simples, texto disposto em uma coluna; \u2013 Alinhamento: justificado; \u2013 Margens: Superior: 3 cm; inferior: 2 cm; esquerda: 3&#8230;<\/p>\n","protected":false},"author":1,"featured_media":0,"parent":26,"menu_order":0,"comment_status":"open","ping_status":"open","template":"","meta":{"_acf_changed":false,"_monsterinsights_skip_tracking":false,"_monsterinsights_sitenote_active":false,"_monsterinsights_sitenote_note":"","_monsterinsights_sitenote_category":0,"footnotes":""},"class_list":["post-11547","page","type-page","status-publish","hentry"],"acf":[],"yoast_head":"<!-- This site is optimized with the Yoast SEO plugin v27.1.1 - https:\/\/yoast.com\/product\/yoast-seo-wordpress\/ -->\n<title>Cons\u00f3rcio Doutoral - XIX SemeAd<\/title>\n<meta name=\"robots\" content=\"index, follow, max-snippet:-1, max-image-preview:large, max-video-preview:-1\" \/>\n<link rel=\"canonical\" href=\"https:\/\/semead.com.br\/19\/programacao\/consorcio-doutoral\/\" \/>\n<meta property=\"og:locale\" content=\"en_US\" \/>\n<meta property=\"og:type\" content=\"article\" \/>\n<meta property=\"og:title\" content=\"Cons\u00f3rcio Doutoral - XIX SemeAd\" \/>\n<meta property=\"og:description\" content=\"O projeto de tese dever\u00e1 ser submetido no formato de artigo cient\u00edfico de acordo com as instru\u00e7\u00f5es a seguir. Formata\u00e7\u00e3o do trabalho:\u00a0 \u2013 Formato do papel: A4; \u2013 Fonte: Times New Roman\/ tamanho 12; \u2013 Espa\u00e7amento: simples, texto disposto em uma coluna; \u2013 Alinhamento: justificado; \u2013 Margens: Superior: 3 cm; inferior: 2 cm; esquerda: 3...\" \/>\n<meta property=\"og:url\" content=\"https:\/\/semead.com.br\/19\/programacao\/consorcio-doutoral\/\" \/>\n<meta property=\"og:site_name\" content=\"XIX SemeAd\" \/>\n<meta property=\"article:modified_time\" content=\"2016-06-27T15:09:18+00:00\" \/>\n<meta name=\"twitter:card\" content=\"summary_large_image\" \/>\n<meta name=\"twitter:label1\" content=\"Est. reading time\" \/>\n\t<meta name=\"twitter:data1\" content=\"2 minutes\" \/>\n<script type=\"application\/ld+json\" class=\"yoast-schema-graph\">{\"@context\":\"https:\/\/schema.org\",\"@graph\":[{\"@type\":\"WebPage\",\"@id\":\"https:\/\/semead.com.br\/19\/programacao\/consorcio-doutoral\/\",\"url\":\"https:\/\/semead.com.br\/19\/programacao\/consorcio-doutoral\/\",\"name\":\"Cons\u00f3rcio Doutoral - XIX SemeAd\",\"isPartOf\":{\"@id\":\"https:\/\/semead.com.br\/19\/#website\"},\"datePublished\":\"2014-10-24T14:08:12+00:00\",\"dateModified\":\"2016-06-27T15:09:18+00:00\",\"breadcrumb\":{\"@id\":\"https:\/\/semead.com.br\/19\/programacao\/consorcio-doutoral\/#breadcrumb\"},\"inLanguage\":\"en-US\",\"potentialAction\":[{\"@type\":\"ReadAction\",\"target\":[\"https:\/\/semead.com.br\/19\/programacao\/consorcio-doutoral\/\"]}]},{\"@type\":\"BreadcrumbList\",\"@id\":\"https:\/\/semead.com.br\/19\/programacao\/consorcio-doutoral\/#breadcrumb\",\"itemListElement\":[{\"@type\":\"ListItem\",\"position\":1,\"name\":\"In\u00edcio\",\"item\":\"https:\/\/semead.com.br\/19\/\"},{\"@type\":\"ListItem\",\"position\":2,\"name\":\"Programa\u00e7\u00e3o\",\"item\":\"https:\/\/semead.com.br\/19\/programacao\/\"},{\"@type\":\"ListItem\",\"position\":3,\"name\":\"Cons\u00f3rcio Doutoral\"}]},{\"@type\":\"WebSite\",\"@id\":\"https:\/\/semead.com.br\/19\/#website\",\"url\":\"https:\/\/semead.com.br\/19\/\",\"name\":\"XIX SemeAd\",\"description\":\"Semin\u00e1rios em Administra\u00e7\u00e3o\",\"potentialAction\":[{\"@type\":\"SearchAction\",\"target\":{\"@type\":\"EntryPoint\",\"urlTemplate\":\"https:\/\/semead.com.br\/19\/?s={search_term_string}\"},\"query-input\":{\"@type\":\"PropertyValueSpecification\",\"valueRequired\":true,\"valueName\":\"search_term_string\"}}],\"inLanguage\":\"en-US\"}]}<\/script>\n<!-- \/ Yoast SEO plugin. -->","yoast_head_json":{"title":"Cons\u00f3rcio Doutoral - XIX SemeAd","robots":{"index":"index","follow":"follow","max-snippet":"max-snippet:-1","max-image-preview":"max-image-preview:large","max-video-preview":"max-video-preview:-1"},"canonical":"https:\/\/semead.com.br\/19\/programacao\/consorcio-doutoral\/","og_locale":"en_US","og_type":"article","og_title":"Cons\u00f3rcio Doutoral - XIX SemeAd","og_description":"O projeto de tese dever\u00e1 ser submetido no formato de artigo cient\u00edfico de acordo com as instru\u00e7\u00f5es a seguir. Formata\u00e7\u00e3o do trabalho:\u00a0 \u2013 Formato do papel: A4; \u2013 Fonte: Times New Roman\/ tamanho 12; \u2013 Espa\u00e7amento: simples, texto disposto em uma coluna; \u2013 Alinhamento: justificado; \u2013 Margens: Superior: 3 cm; inferior: 2 cm; esquerda: 3...","og_url":"https:\/\/semead.com.br\/19\/programacao\/consorcio-doutoral\/","og_site_name":"XIX SemeAd","article_modified_time":"2016-06-27T15:09:18+00:00","twitter_card":"summary_large_image","twitter_misc":{"Est. reading time":"2 minutes"},"schema":{"@context":"https:\/\/schema.org","@graph":[{"@type":"WebPage","@id":"https:\/\/semead.com.br\/19\/programacao\/consorcio-doutoral\/","url":"https:\/\/semead.com.br\/19\/programacao\/consorcio-doutoral\/","name":"Cons\u00f3rcio Doutoral - XIX SemeAd","isPartOf":{"@id":"https:\/\/semead.com.br\/19\/#website"},"datePublished":"2014-10-24T14:08:12+00:00","dateModified":"2016-06-27T15:09:18+00:00","breadcrumb":{"@id":"https:\/\/semead.com.br\/19\/programacao\/consorcio-doutoral\/#breadcrumb"},"inLanguage":"en-US","potentialAction":[{"@type":"ReadAction","target":["https:\/\/semead.com.br\/19\/programacao\/consorcio-doutoral\/"]}]},{"@type":"BreadcrumbList","@id":"https:\/\/semead.com.br\/19\/programacao\/consorcio-doutoral\/#breadcrumb","itemListElement":[{"@type":"ListItem","position":1,"name":"In\u00edcio","item":"https:\/\/semead.com.br\/19\/"},{"@type":"ListItem","position":2,"name":"Programa\u00e7\u00e3o","item":"https:\/\/semead.com.br\/19\/programacao\/"},{"@type":"ListItem","position":3,"name":"Cons\u00f3rcio Doutoral"}]},{"@type":"WebSite","@id":"https:\/\/semead.com.br\/19\/#website","url":"https:\/\/semead.com.br\/19\/","name":"XIX SemeAd","description":"Semin\u00e1rios em Administra\u00e7\u00e3o","potentialAction":[{"@type":"SearchAction","target":{"@type":"EntryPoint","urlTemplate":"https:\/\/semead.com.br\/19\/?s={search_term_string}"},"query-input":{"@type":"PropertyValueSpecification","valueRequired":true,"valueName":"search_term_string"}}],"inLanguage":"en-US"}]}},"_links":{"self":[{"href":"https:\/\/semead.com.br\/19\/wp-json\/wp\/v2\/pages\/11547","targetHints":{"allow":["GET"]}}],"collection":[{"href":"https:\/\/semead.com.br\/19\/wp-json\/wp\/v2\/pages"}],"about":[{"href":"https:\/\/semead.com.br\/19\/wp-json\/wp\/v2\/types\/page"}],"author":[{"embeddable":true,"href":"https:\/\/semead.com.br\/19\/wp-json\/wp\/v2\/users\/1"}],"replies":[{"embeddable":true,"href":"https:\/\/semead.com.br\/19\/wp-json\/wp\/v2\/comments?post=11547"}],"version-history":[{"count":0,"href":"https:\/\/semead.com.br\/19\/wp-json\/wp\/v2\/pages\/11547\/revisions"}],"up":[{"embeddable":true,"href":"https:\/\/semead.com.br\/19\/wp-json\/wp\/v2\/pages\/26"}],"wp:attachment":[{"href":"https:\/\/semead.com.br\/19\/wp-json\/wp\/v2\/media?parent=11547"}],"curies":[{"name":"wp","href":"https:\/\/api.w.org\/{rel}","templated":true}]}}