{"id":11727,"date":"2015-06-01T19:04:28","date_gmt":"2015-06-01T22:04:28","guid":{"rendered":"https:\/\/semead.com.br\/?page_id=11727"},"modified":"2016-06-22T10:38:29","modified_gmt":"2016-06-22T13:38:29","slug":"sapiens-sessao-de-aprimoramento-de-estudos-cientificos","status":"publish","type":"page","link":"https:\/\/semead.com.br\/19\/trabalhos\/sapiens-sessao-de-aprimoramento-de-estudos-cientificos\/","title":{"rendered":"Sapiens \u2013 Sess\u00f5es de Aprimoramento de Estudos Cient\u00edficos"},"content":{"rendered":"<p>O Sapiens \u00e9 um workshop de aprimoramento de artigos por meio da discuss\u00e3o (mesa redonda) entre estudantes de p\u00f3s-gradua\u00e7\u00e3o e novos doutores (autores dos artigos) com pesquisadores experientes nas \u00c1reas cient\u00edficas do SemeAd. O objetivo do Sapiens \u00e9 proporcionar orienta\u00e7\u00e3o aos jovens pesquisadores para o encaminhamento de seus trabalhos a peri\u00f3dicos nacionais e internacionais de alto impacto.<\/p>\n<p style=\"text-align: justify;\"><strong style=\"line-height: 1.5;\">Regras para submiss\u00e3o e aceite:<\/strong><\/p>\n<ul>\n<li style=\"text-align: justify;\">A submiss\u00e3o de artigos ao Sapiens est\u00e1 aberta a todos os artigos cient\u00edficos submetidos ao SemeAd.<\/li>\n<li style=\"text-align: justify;\">No ato da submiss\u00e3o ao SemeAd, o autor dever\u00e1 marcar a op\u00e7\u00e3o \u201cDesejo submeter o artigo ao Sapiens e estou ciente das respectivas normas&#8221;.<\/li>\n<li style=\"text-align: justify;\">Cada autor poder\u00e1 submeter apenas um artigo ao Sapiens.<\/li>\n<li style=\"text-align: justify;\">O aceite do trabalho estar\u00e1 condicionado \u00e0 dupla indica\u00e7\u00e3o <em>blind review<\/em> dos pareceristas revisores do artigo.<\/li>\n<li style=\"text-align: justify;\">Ser\u00e3o selecionados at\u00e9 dois trabalhos para cada Tema das \u00c1reas Cient\u00edficas do SemeAd, priorizando-se\u00a0artigos cujo primeiro autor seja estudante de p\u00f3s-gradua\u00e7\u00e3o em n\u00edvel de mestrado ou doutorado.<\/li>\n<li style=\"text-align: justify;\">O resultado de aceite ser\u00e1 divulgado na \u00e1rea de acesso restrito do portal SemeAd.<\/li>\n<li style=\"text-align: justify;\">Pelo menos um dos autores dever\u00e1 estar inscrito no XIX SemeAd e participar do Sapiens.<\/li>\n<li style=\"text-align: justify;\">As sess\u00f5es de debate com os pesquisadores seniores ser\u00e3o de 30 a 45 minutos, paralelamente \u00e0s sess\u00f5es de apresenta\u00e7\u00e3o de artigos do SemeAd.<\/li>\n<\/ul>\n<p>&nbsp;<\/p>\n<p style=\"text-align: center;\">\n","protected":false},"excerpt":{"rendered":"<p>O Sapiens \u00e9 um workshop de aprimoramento de artigos por meio da discuss\u00e3o (mesa redonda) entre estudantes de p\u00f3s-gradua\u00e7\u00e3o e novos doutores (autores dos artigos) com pesquisadores experientes nas \u00c1reas cient\u00edficas do SemeAd. O objetivo do Sapiens \u00e9 proporcionar orienta\u00e7\u00e3o aos jovens pesquisadores para o encaminhamento de seus trabalhos a peri\u00f3dicos nacionais e internacionais de&#8230;<\/p>\n","protected":false},"author":1,"featured_media":0,"parent":22,"menu_order":0,"comment_status":"open","ping_status":"open","template":"","meta":{"_acf_changed":false,"_monsterinsights_skip_tracking":false,"_monsterinsights_sitenote_active":false,"_monsterinsights_sitenote_note":"","_monsterinsights_sitenote_category":0,"footnotes":""},"class_list":["post-11727","page","type-page","status-publish","hentry"],"acf":[],"yoast_head":"<!-- This site is optimized with the Yoast SEO plugin v27.1.1 - https:\/\/yoast.com\/product\/yoast-seo-wordpress\/ -->\n<title>Sapiens \u2013 Sess\u00f5es de Aprimoramento de Estudos Cient\u00edficos - XIX SemeAd<\/title>\n<meta name=\"robots\" content=\"index, follow, max-snippet:-1, max-image-preview:large, max-video-preview:-1\" \/>\n<link rel=\"canonical\" href=\"https:\/\/semead.com.br\/19\/trabalhos\/sapiens-sessao-de-aprimoramento-de-estudos-cientificos\/\" \/>\n<meta property=\"og:locale\" content=\"en_US\" \/>\n<meta property=\"og:type\" content=\"article\" \/>\n<meta property=\"og:title\" content=\"Sapiens \u2013 Sess\u00f5es de Aprimoramento de Estudos Cient\u00edficos - XIX SemeAd\" \/>\n<meta property=\"og:description\" content=\"O Sapiens \u00e9 um workshop de aprimoramento de artigos por meio da discuss\u00e3o (mesa redonda) entre estudantes de p\u00f3s-gradua\u00e7\u00e3o e novos doutores (autores dos artigos) com pesquisadores experientes nas \u00c1reas cient\u00edficas do SemeAd. O objetivo do Sapiens \u00e9 proporcionar orienta\u00e7\u00e3o aos jovens pesquisadores para o encaminhamento de seus trabalhos a peri\u00f3dicos nacionais e internacionais de...\" \/>\n<meta property=\"og:url\" content=\"https:\/\/semead.com.br\/19\/trabalhos\/sapiens-sessao-de-aprimoramento-de-estudos-cientificos\/\" \/>\n<meta property=\"og:site_name\" content=\"XIX SemeAd\" \/>\n<meta property=\"article:modified_time\" content=\"2016-06-22T13:38:29+00:00\" \/>\n<meta name=\"twitter:card\" content=\"summary_large_image\" \/>\n<meta name=\"twitter:label1\" content=\"Est. reading time\" \/>\n\t<meta name=\"twitter:data1\" content=\"1 minute\" \/>\n<script type=\"application\/ld+json\" class=\"yoast-schema-graph\">{\"@context\":\"https:\/\/schema.org\",\"@graph\":[{\"@type\":\"WebPage\",\"@id\":\"https:\/\/semead.com.br\/19\/trabalhos\/sapiens-sessao-de-aprimoramento-de-estudos-cientificos\/\",\"url\":\"https:\/\/semead.com.br\/19\/trabalhos\/sapiens-sessao-de-aprimoramento-de-estudos-cientificos\/\",\"name\":\"Sapiens \u2013 Sess\u00f5es de Aprimoramento de Estudos Cient\u00edficos - XIX SemeAd\",\"isPartOf\":{\"@id\":\"https:\/\/semead.com.br\/19\/#website\"},\"datePublished\":\"2015-06-01T22:04:28+00:00\",\"dateModified\":\"2016-06-22T13:38:29+00:00\",\"breadcrumb\":{\"@id\":\"https:\/\/semead.com.br\/19\/trabalhos\/sapiens-sessao-de-aprimoramento-de-estudos-cientificos\/#breadcrumb\"},\"inLanguage\":\"en-US\",\"potentialAction\":[{\"@type\":\"ReadAction\",\"target\":[\"https:\/\/semead.com.br\/19\/trabalhos\/sapiens-sessao-de-aprimoramento-de-estudos-cientificos\/\"]}]},{\"@type\":\"BreadcrumbList\",\"@id\":\"https:\/\/semead.com.br\/19\/trabalhos\/sapiens-sessao-de-aprimoramento-de-estudos-cientificos\/#breadcrumb\",\"itemListElement\":[{\"@type\":\"ListItem\",\"position\":1,\"name\":\"In\u00edcio\",\"item\":\"https:\/\/semead.com.br\/19\/\"},{\"@type\":\"ListItem\",\"position\":2,\"name\":\"Trabalhos\",\"item\":\"https:\/\/semead.com.br\/19\/trabalhos\/\"},{\"@type\":\"ListItem\",\"position\":3,\"name\":\"Sapiens \u2013 Sess\u00f5es de Aprimoramento de Estudos Cient\u00edficos\"}]},{\"@type\":\"WebSite\",\"@id\":\"https:\/\/semead.com.br\/19\/#website\",\"url\":\"https:\/\/semead.com.br\/19\/\",\"name\":\"XIX SemeAd\",\"description\":\"Semin\u00e1rios em Administra\u00e7\u00e3o\",\"potentialAction\":[{\"@type\":\"SearchAction\",\"target\":{\"@type\":\"EntryPoint\",\"urlTemplate\":\"https:\/\/semead.com.br\/19\/?s={search_term_string}\"},\"query-input\":{\"@type\":\"PropertyValueSpecification\",\"valueRequired\":true,\"valueName\":\"search_term_string\"}}],\"inLanguage\":\"en-US\"}]}<\/script>\n<!-- \/ Yoast SEO plugin. -->","yoast_head_json":{"title":"Sapiens \u2013 Sess\u00f5es de Aprimoramento de Estudos Cient\u00edficos - XIX SemeAd","robots":{"index":"index","follow":"follow","max-snippet":"max-snippet:-1","max-image-preview":"max-image-preview:large","max-video-preview":"max-video-preview:-1"},"canonical":"https:\/\/semead.com.br\/19\/trabalhos\/sapiens-sessao-de-aprimoramento-de-estudos-cientificos\/","og_locale":"en_US","og_type":"article","og_title":"Sapiens \u2013 Sess\u00f5es de Aprimoramento de Estudos Cient\u00edficos - XIX SemeAd","og_description":"O Sapiens \u00e9 um workshop de aprimoramento de artigos por meio da discuss\u00e3o (mesa redonda) entre estudantes de p\u00f3s-gradua\u00e7\u00e3o e novos doutores (autores dos artigos) com pesquisadores experientes nas \u00c1reas cient\u00edficas do SemeAd. O objetivo do Sapiens \u00e9 proporcionar orienta\u00e7\u00e3o aos jovens pesquisadores para o encaminhamento de seus trabalhos a peri\u00f3dicos nacionais e internacionais de...","og_url":"https:\/\/semead.com.br\/19\/trabalhos\/sapiens-sessao-de-aprimoramento-de-estudos-cientificos\/","og_site_name":"XIX SemeAd","article_modified_time":"2016-06-22T13:38:29+00:00","twitter_card":"summary_large_image","twitter_misc":{"Est. reading time":"1 minute"},"schema":{"@context":"https:\/\/schema.org","@graph":[{"@type":"WebPage","@id":"https:\/\/semead.com.br\/19\/trabalhos\/sapiens-sessao-de-aprimoramento-de-estudos-cientificos\/","url":"https:\/\/semead.com.br\/19\/trabalhos\/sapiens-sessao-de-aprimoramento-de-estudos-cientificos\/","name":"Sapiens \u2013 Sess\u00f5es de Aprimoramento de Estudos Cient\u00edficos - XIX SemeAd","isPartOf":{"@id":"https:\/\/semead.com.br\/19\/#website"},"datePublished":"2015-06-01T22:04:28+00:00","dateModified":"2016-06-22T13:38:29+00:00","breadcrumb":{"@id":"https:\/\/semead.com.br\/19\/trabalhos\/sapiens-sessao-de-aprimoramento-de-estudos-cientificos\/#breadcrumb"},"inLanguage":"en-US","potentialAction":[{"@type":"ReadAction","target":["https:\/\/semead.com.br\/19\/trabalhos\/sapiens-sessao-de-aprimoramento-de-estudos-cientificos\/"]}]},{"@type":"BreadcrumbList","@id":"https:\/\/semead.com.br\/19\/trabalhos\/sapiens-sessao-de-aprimoramento-de-estudos-cientificos\/#breadcrumb","itemListElement":[{"@type":"ListItem","position":1,"name":"In\u00edcio","item":"https:\/\/semead.com.br\/19\/"},{"@type":"ListItem","position":2,"name":"Trabalhos","item":"https:\/\/semead.com.br\/19\/trabalhos\/"},{"@type":"ListItem","position":3,"name":"Sapiens \u2013 Sess\u00f5es de Aprimoramento de Estudos Cient\u00edficos"}]},{"@type":"WebSite","@id":"https:\/\/semead.com.br\/19\/#website","url":"https:\/\/semead.com.br\/19\/","name":"XIX SemeAd","description":"Semin\u00e1rios em Administra\u00e7\u00e3o","potentialAction":[{"@type":"SearchAction","target":{"@type":"EntryPoint","urlTemplate":"https:\/\/semead.com.br\/19\/?s={search_term_string}"},"query-input":{"@type":"PropertyValueSpecification","valueRequired":true,"valueName":"search_term_string"}}],"inLanguage":"en-US"}]}},"_links":{"self":[{"href":"https:\/\/semead.com.br\/19\/wp-json\/wp\/v2\/pages\/11727","targetHints":{"allow":["GET"]}}],"collection":[{"href":"https:\/\/semead.com.br\/19\/wp-json\/wp\/v2\/pages"}],"about":[{"href":"https:\/\/semead.com.br\/19\/wp-json\/wp\/v2\/types\/page"}],"author":[{"embeddable":true,"href":"https:\/\/semead.com.br\/19\/wp-json\/wp\/v2\/users\/1"}],"replies":[{"embeddable":true,"href":"https:\/\/semead.com.br\/19\/wp-json\/wp\/v2\/comments?post=11727"}],"version-history":[{"count":0,"href":"https:\/\/semead.com.br\/19\/wp-json\/wp\/v2\/pages\/11727\/revisions"}],"up":[{"embeddable":true,"href":"https:\/\/semead.com.br\/19\/wp-json\/wp\/v2\/pages\/22"}],"wp:attachment":[{"href":"https:\/\/semead.com.br\/19\/wp-json\/wp\/v2\/media?parent=11727"}],"curies":[{"name":"wp","href":"https:\/\/api.w.org\/{rel}","templated":true}]}}