{"id":12645,"date":"2016-05-16T19:21:57","date_gmt":"2016-05-16T22:21:57","guid":{"rendered":"https:\/\/semead.com.br\/19\/?page_id=12645"},"modified":"2016-05-17T08:25:24","modified_gmt":"2016-05-17T11:25:24","slug":"turismo-e-hospitalidade","status":"publish","type":"page","link":"https:\/\/semead.com.br\/19\/areas\/cientificas\/turismo-e-hospitalidade\/","title":{"rendered":"Turismo e Hospitalidade"},"content":{"rendered":"<p><span style=\"font-size: medium;\"><strong>Coordenadora: Elizabeth Kyoko Wada &#8211; UAM<\/strong><\/span><\/p>\n<p><b>Temas e L\u00edderes:<\/b><\/p>\n<p><strong>1.\u00a0Dimens\u00f5es e Contextos da Hospitalidade<\/strong><\/p>\n<p style=\"padding-left: 30px;\">Estudos sobre as dimens\u00f5es da Hospitalidade em contextos tur\u00edsticos e n\u00e3o tur\u00edsticos, ou seja, no \u00e2mbito dos eventos, da fam\u00edlia, da gastronomia, da hotelaria, da imigra\u00e7\u00e3o, do lazer, da religi\u00e3o, do turismo e da urbanidade. Este corpo de conhecimento se traduz em abordagens do acolhimento, da sociabilidade, da comensalidade, da educa\u00e7\u00e3o e da produ\u00e7\u00e3o cientifica, podendo integrar mais de uma destas ou novas abordagens. Nesta \u00f3tica, s\u00e3o abordados aspectos antropol\u00f3gicos, comunicacionais, culturais, hist\u00f3ricos, sociol\u00f3gicos e educacionais, ao lado de fatores estimulantes e limitantes dos processos e pr\u00e1ticas da Hospitalidade em qualquer ambiente, seja urbano ou rural.<\/p>\n<p style=\"padding-left: 30px;\">Ementa: Constru\u00e7\u00f5es te\u00f3ricas. Modelos metodol\u00f3gicos. Produ\u00e7\u00e3o cient\u00edfica. Ensino superior.<\/p>\n<p style=\"padding-left: 30px;\"><em>Profa. Dra. Senia Bastos &#8211; UAM<\/em><\/p>\n<p><strong>2. Hospitalidade na Competitividade em Servi\u00e7os<\/strong><\/p>\n<p style=\"padding-left: 30px;\">Estudos sobre a Hospitalidade na perspectiva da gest\u00e3o dos neg\u00f3cios em organiza\u00e7\u00f5es tur\u00edsticas e n\u00e3o tur\u00edsticas, notadamente naquelas focadas em servi\u00e7os em geral e nos setores de turismo, meios de hospedagem, de alimenta\u00e7\u00e3o, hospitalar e de eventos. Este corpo de conhecimento contribui para aperfei\u00e7oar e\/ou ampliar a intera\u00e7\u00e3o entre anfitri\u00e3o e cliente, fator estrat\u00e9gico e decisivo para as organiza\u00e7\u00f5es criarem vantagens competitivas. Nesta \u00f3tica s\u00e3o abordados aspectos mercadol\u00f3gicos, comunicacionais, de qualidade e de compet\u00eancias, ao lado de fatores estimulantes e limitantes dos processos e pr\u00e1ticas da Hospitalidade em servi\u00e7os e organiza\u00e7\u00f5es, sejam p\u00fablicos, privados e\/ou do terceiro setor.<\/p>\n<p style=\"padding-left: 30px;\">Ementa: Gest\u00e3o dos neg\u00f3cios em Servi\u00e7os de Hospitalidade. O papel da Hospitalidade na Intera\u00e7\u00e3o entre provedor e cliente. Competitividade e Servi\u00e7os. Ambiente de Servi\u00e7os.<\/p>\n<p style=\"padding-left: 30px;\"><em>Prof. Dr.\u00a0Sergio Moretti &#8211; UAM<\/em><\/p>\n<p><strong>3. Planejamento e Gest\u00e3o em Turismo<\/strong><\/p>\n<p style=\"padding-left: 30px;\">Estudos sobre o Turismo, com impactos e transforma\u00e7\u00f5es nos locais e comunidades onde ocorra a atividade tur\u00edstica. Este corpo de conhecimento \u00e9 analisado a partir de aspectos culturais, ambientais, s\u00f3cio espaciais, econ\u00f4micos, \u00e0 luz de potencialidades e limita\u00e7\u00f5es para o aproveitamento tur\u00edstico.<\/p>\n<p style=\"padding-left: 30px;\">Ementa: Gest\u00e3o de destinos tur\u00edsticos. Gest\u00e3o de empresas tur\u00edsticas. Produtos tur\u00edsticos. Servi\u00e7os tur\u00edsticos. Organiza\u00e7\u00f5es tur\u00edsticas.<\/p>\n<p style=\"padding-left: 30px;\"><em>Prof. Dr. M\u00e1rio Carlos Beni &#8211; USP e UnB<\/em><\/p>\n","protected":false},"excerpt":{"rendered":"<p>Coordenadora: Elizabeth Kyoko Wada &#8211; UAM Temas e L\u00edderes: 1.\u00a0Dimens\u00f5es e Contextos da Hospitalidade Estudos sobre as dimens\u00f5es da Hospitalidade em contextos tur\u00edsticos e n\u00e3o tur\u00edsticos, ou seja, no \u00e2mbito dos eventos, da fam\u00edlia, da gastronomia, da hotelaria, da imigra\u00e7\u00e3o, do lazer, da religi\u00e3o, do turismo e da urbanidade. Este corpo de conhecimento se traduz&#8230;<\/p>\n","protected":false},"author":1,"featured_media":0,"parent":9,"menu_order":0,"comment_status":"closed","ping_status":"closed","template":"","meta":{"_acf_changed":false,"_monsterinsights_skip_tracking":false,"_monsterinsights_sitenote_active":false,"_monsterinsights_sitenote_note":"","_monsterinsights_sitenote_category":0,"footnotes":""},"class_list":["post-12645","page","type-page","status-publish","hentry"],"acf":[],"yoast_head":"<!-- This site is optimized with the Yoast SEO plugin v27.1.1 - https:\/\/yoast.com\/product\/yoast-seo-wordpress\/ -->\n<title>Turismo e Hospitalidade - XIX SemeAd<\/title>\n<meta name=\"robots\" content=\"index, follow, max-snippet:-1, max-image-preview:large, max-video-preview:-1\" \/>\n<link rel=\"canonical\" href=\"https:\/\/semead.com.br\/19\/areas\/cientificas\/turismo-e-hospitalidade\/\" \/>\n<meta property=\"og:locale\" content=\"en_US\" \/>\n<meta property=\"og:type\" content=\"article\" \/>\n<meta property=\"og:title\" content=\"Turismo e Hospitalidade - XIX SemeAd\" \/>\n<meta property=\"og:description\" content=\"Coordenadora: Elizabeth Kyoko Wada &#8211; UAM Temas e L\u00edderes: 1.\u00a0Dimens\u00f5es e Contextos da Hospitalidade Estudos sobre as dimens\u00f5es da Hospitalidade em contextos tur\u00edsticos e n\u00e3o tur\u00edsticos, ou seja, no \u00e2mbito dos eventos, da fam\u00edlia, da gastronomia, da hotelaria, da imigra\u00e7\u00e3o, do lazer, da religi\u00e3o, do turismo e da urbanidade. Este corpo de conhecimento se traduz...\" \/>\n<meta property=\"og:url\" content=\"https:\/\/semead.com.br\/19\/areas\/cientificas\/turismo-e-hospitalidade\/\" \/>\n<meta property=\"og:site_name\" content=\"XIX SemeAd\" \/>\n<meta property=\"article:modified_time\" content=\"2016-05-17T11:25:24+00:00\" \/>\n<meta name=\"twitter:card\" content=\"summary_large_image\" \/>\n<meta name=\"twitter:label1\" content=\"Est. reading time\" \/>\n\t<meta name=\"twitter:data1\" content=\"2 minutes\" \/>\n<script type=\"application\/ld+json\" class=\"yoast-schema-graph\">{\"@context\":\"https:\/\/schema.org\",\"@graph\":[{\"@type\":\"WebPage\",\"@id\":\"https:\/\/semead.com.br\/19\/areas\/cientificas\/turismo-e-hospitalidade\/\",\"url\":\"https:\/\/semead.com.br\/19\/areas\/cientificas\/turismo-e-hospitalidade\/\",\"name\":\"Turismo e Hospitalidade - XIX SemeAd\",\"isPartOf\":{\"@id\":\"https:\/\/semead.com.br\/19\/#website\"},\"datePublished\":\"2016-05-16T22:21:57+00:00\",\"dateModified\":\"2016-05-17T11:25:24+00:00\",\"breadcrumb\":{\"@id\":\"https:\/\/semead.com.br\/19\/areas\/cientificas\/turismo-e-hospitalidade\/#breadcrumb\"},\"inLanguage\":\"en-US\",\"potentialAction\":[{\"@type\":\"ReadAction\",\"target\":[\"https:\/\/semead.com.br\/19\/areas\/cientificas\/turismo-e-hospitalidade\/\"]}]},{\"@type\":\"BreadcrumbList\",\"@id\":\"https:\/\/semead.com.br\/19\/areas\/cientificas\/turismo-e-hospitalidade\/#breadcrumb\",\"itemListElement\":[{\"@type\":\"ListItem\",\"position\":1,\"name\":\"In\u00edcio\",\"item\":\"https:\/\/semead.com.br\/19\/\"},{\"@type\":\"ListItem\",\"position\":2,\"name\":\"\u00c1reas\",\"item\":\"https:\/\/semead.com.br\/19\/areas\/\"},{\"@type\":\"ListItem\",\"position\":3,\"name\":\"Cient\u00edficas\",\"item\":\"https:\/\/semead.com.br\/19\/areas\/cientificas\/\"},{\"@type\":\"ListItem\",\"position\":4,\"name\":\"Turismo e Hospitalidade\"}]},{\"@type\":\"WebSite\",\"@id\":\"https:\/\/semead.com.br\/19\/#website\",\"url\":\"https:\/\/semead.com.br\/19\/\",\"name\":\"XIX SemeAd\",\"description\":\"Semin\u00e1rios em Administra\u00e7\u00e3o\",\"potentialAction\":[{\"@type\":\"SearchAction\",\"target\":{\"@type\":\"EntryPoint\",\"urlTemplate\":\"https:\/\/semead.com.br\/19\/?s={search_term_string}\"},\"query-input\":{\"@type\":\"PropertyValueSpecification\",\"valueRequired\":true,\"valueName\":\"search_term_string\"}}],\"inLanguage\":\"en-US\"}]}<\/script>\n<!-- \/ Yoast SEO plugin. -->","yoast_head_json":{"title":"Turismo e Hospitalidade - XIX SemeAd","robots":{"index":"index","follow":"follow","max-snippet":"max-snippet:-1","max-image-preview":"max-image-preview:large","max-video-preview":"max-video-preview:-1"},"canonical":"https:\/\/semead.com.br\/19\/areas\/cientificas\/turismo-e-hospitalidade\/","og_locale":"en_US","og_type":"article","og_title":"Turismo e Hospitalidade - XIX SemeAd","og_description":"Coordenadora: Elizabeth Kyoko Wada &#8211; UAM Temas e L\u00edderes: 1.\u00a0Dimens\u00f5es e Contextos da Hospitalidade Estudos sobre as dimens\u00f5es da Hospitalidade em contextos tur\u00edsticos e n\u00e3o tur\u00edsticos, ou seja, no \u00e2mbito dos eventos, da fam\u00edlia, da gastronomia, da hotelaria, da imigra\u00e7\u00e3o, do lazer, da religi\u00e3o, do turismo e da urbanidade. Este corpo de conhecimento se traduz...","og_url":"https:\/\/semead.com.br\/19\/areas\/cientificas\/turismo-e-hospitalidade\/","og_site_name":"XIX SemeAd","article_modified_time":"2016-05-17T11:25:24+00:00","twitter_card":"summary_large_image","twitter_misc":{"Est. reading time":"2 minutes"},"schema":{"@context":"https:\/\/schema.org","@graph":[{"@type":"WebPage","@id":"https:\/\/semead.com.br\/19\/areas\/cientificas\/turismo-e-hospitalidade\/","url":"https:\/\/semead.com.br\/19\/areas\/cientificas\/turismo-e-hospitalidade\/","name":"Turismo e Hospitalidade - XIX SemeAd","isPartOf":{"@id":"https:\/\/semead.com.br\/19\/#website"},"datePublished":"2016-05-16T22:21:57+00:00","dateModified":"2016-05-17T11:25:24+00:00","breadcrumb":{"@id":"https:\/\/semead.com.br\/19\/areas\/cientificas\/turismo-e-hospitalidade\/#breadcrumb"},"inLanguage":"en-US","potentialAction":[{"@type":"ReadAction","target":["https:\/\/semead.com.br\/19\/areas\/cientificas\/turismo-e-hospitalidade\/"]}]},{"@type":"BreadcrumbList","@id":"https:\/\/semead.com.br\/19\/areas\/cientificas\/turismo-e-hospitalidade\/#breadcrumb","itemListElement":[{"@type":"ListItem","position":1,"name":"In\u00edcio","item":"https:\/\/semead.com.br\/19\/"},{"@type":"ListItem","position":2,"name":"\u00c1reas","item":"https:\/\/semead.com.br\/19\/areas\/"},{"@type":"ListItem","position":3,"name":"Cient\u00edficas","item":"https:\/\/semead.com.br\/19\/areas\/cientificas\/"},{"@type":"ListItem","position":4,"name":"Turismo e Hospitalidade"}]},{"@type":"WebSite","@id":"https:\/\/semead.com.br\/19\/#website","url":"https:\/\/semead.com.br\/19\/","name":"XIX SemeAd","description":"Semin\u00e1rios em Administra\u00e7\u00e3o","potentialAction":[{"@type":"SearchAction","target":{"@type":"EntryPoint","urlTemplate":"https:\/\/semead.com.br\/19\/?s={search_term_string}"},"query-input":{"@type":"PropertyValueSpecification","valueRequired":true,"valueName":"search_term_string"}}],"inLanguage":"en-US"}]}},"_links":{"self":[{"href":"https:\/\/semead.com.br\/19\/wp-json\/wp\/v2\/pages\/12645","targetHints":{"allow":["GET"]}}],"collection":[{"href":"https:\/\/semead.com.br\/19\/wp-json\/wp\/v2\/pages"}],"about":[{"href":"https:\/\/semead.com.br\/19\/wp-json\/wp\/v2\/types\/page"}],"author":[{"embeddable":true,"href":"https:\/\/semead.com.br\/19\/wp-json\/wp\/v2\/users\/1"}],"replies":[{"embeddable":true,"href":"https:\/\/semead.com.br\/19\/wp-json\/wp\/v2\/comments?post=12645"}],"version-history":[{"count":0,"href":"https:\/\/semead.com.br\/19\/wp-json\/wp\/v2\/pages\/12645\/revisions"}],"up":[{"embeddable":true,"href":"https:\/\/semead.com.br\/19\/wp-json\/wp\/v2\/pages\/9"}],"wp:attachment":[{"href":"https:\/\/semead.com.br\/19\/wp-json\/wp\/v2\/media?parent=12645"}],"curies":[{"name":"wp","href":"https:\/\/api.w.org\/{rel}","templated":true}]}}