{"id":12679,"date":"2016-05-17T19:39:02","date_gmt":"2016-05-17T22:39:02","guid":{"rendered":"https:\/\/semead.com.br\/19\/?page_id=12679"},"modified":"2016-07-01T14:23:57","modified_gmt":"2016-07-01T17:23:57","slug":"tecnologicas","status":"publish","type":"page","link":"https:\/\/semead.com.br\/19\/areas\/tecnologicas\/","title":{"rendered":"Tecnol\u00f3gica"},"content":{"rendered":"<p>Os trabalhos submetidos a \u00e1rea Tecnol\u00f3gica s\u00e3o considerados o produto final de um trabalho (pesquisa aplicada ou produ\u00e7\u00e3o t\u00e9cnica) e t\u00eam como intuito priorizar a descri\u00e7\u00e3o do aprendizado no formato de resultados pr\u00e1ticos, proveniente de experi\u00eancias vivenciadas nas organiza\u00e7\u00f5es e oriundos de uso e socializa\u00e7\u00e3o do conhecimento simbolizado por pr\u00e1ticas.<\/p>\n<p>Confira <a href=\"https:\/\/semead.com.br\/19\/regras-para-submissao\/\">aqui <\/a>as regras para submiss\u00e3o.<\/p>\n<p><strong>Coordenador: Prof. Dr. Jo\u00e3o Maur\u00edcio Gama Boaventura &#8211; FEA USP<\/strong><\/p>\n<p><strong>1.\u00a0Administra\u00e7\u00e3o P\u00fablica<\/strong><\/p>\n<p style=\"padding-left: 30px;\">Desenvolvimento e sistematiza\u00e7\u00e3o de conhecimentos aplicados \u00e0 gest\u00e3o no \u00e2mbito das organiza\u00e7\u00f5es p\u00fablicas, de sa\u00fade e do terceiro setor.<\/p>\n<p style=\"padding-left: 30px;\"><em>Prof. Dr. Ricardo Luis Pereira Bueno &#8211;\u00a0UNIFESP\u00a0<\/em><\/p>\n<p><strong>2.\u00a0Estrat\u00e9gia<\/strong><\/p>\n<p style=\"padding-left: 30px;\">Aplica\u00e7\u00e3o de diferentes ferramentas de gest\u00e3o com o prop\u00f3sito de aumentar o desempenho em organiza\u00e7\u00f5es.<\/p>\n<p style=\"padding-left: 30px;\"><em>Prof. Dr. Eduardo Armando &#8211;\u00a0\u00a0FIA\u00a0<\/em><\/p>\n<p><strong>3.\u00a0Finan\u00e7as<\/strong><\/p>\n<p style=\"padding-left: 30px;\">Modelos e ferramentas voltados a solu\u00e7\u00e3o de problemas financeiros no mercado de capitais, nas institui\u00e7\u00f5es financeiras e em empresas.<\/p>\n<p style=\"padding-left: 30px;\"><em>Prof. Dr.\u00a0Eduardo Augusto do Ros\u00e1rio Contani &#8211; FECAP<\/em><\/p>\n<p><strong>4.\u00a0Gest\u00e3o de Pessoas<\/strong><\/p>\n<p style=\"padding-left: 30px;\">Modelos e pr\u00e1ticas que aprimorem a gest\u00e3o de pessoas em organiza\u00e7\u00f5es.<\/p>\n<p style=\"padding-left: 30px;\"><em>Profa. Dra.\u00a0Patricia Martins Fagundes Cabral &#8211; UNISINOS<\/em><\/p>\n<p><strong>5.\u00a0Gest\u00e3o Socioambiental<\/strong><\/p>\n<p style=\"padding-left: 30px;\">Pr\u00e1ticas relacionadas aos processos de concep\u00e7\u00e3o, implementa\u00e7\u00e3o e avalia\u00e7\u00e3o da sustentabilidade em organiza\u00e7\u00f5es.<\/p>\n<p style=\"padding-left: 30px;\"><em>Prof. Dr.\u00a0Jo\u00e3o Alexandre Paschoalin Filho &#8211; UNINOVE<\/em><\/p>\n<p><strong>6.\u00a0Marketing<\/strong><\/p>\n<p style=\"padding-left: 30px;\">Ferramentas para a solu\u00e7\u00e3o de problemas de planejamento e implementa\u00e7\u00e3o de a\u00e7\u00f5es voltadas \u00e0 satisfa\u00e7\u00e3o das necessidades dos clientes.<\/p>\n<p style=\"padding-left: 30px;\"><em>Prof. Dr.\u00a0Mauricio Juc\u00e1 de Queiroz &#8211; FACAMP<\/em><\/p>\n<p><strong>7.\u00a0Opera\u00e7\u00f5es<\/strong><\/p>\n<p style=\"padding-left: 30px;\">Pr\u00e1ticas de gest\u00e3o de opera\u00e7\u00f5es relacionadas a produtos, processos e servi\u00e7os.<\/p>\n<p style=\"padding-left: 30px;\"><em>Prof. Dr. Leandro Jos\u00e9 Morilhas &#8211; FIA<\/em><\/p>\n<p><strong>8. Tecnologia e Inova\u00e7\u00e3o<br \/>\n<\/strong><\/p>\n<p style=\"padding-left: 30px;\">Solu\u00e7\u00f5es de problemas de gest\u00e3o de inova\u00e7\u00e3o e de tecnologia da informa\u00e7\u00e3o.<\/p>\n<p style=\"padding-left: 30px;\"><em>Prof. Dr. Marcos Alberto Castelhano Bruno &#8211;\u00a0FIA<\/em><\/p>\n","protected":false},"excerpt":{"rendered":"<p>Os trabalhos submetidos a \u00e1rea Tecnol\u00f3gica s\u00e3o considerados o produto final de um trabalho (pesquisa aplicada ou produ\u00e7\u00e3o t\u00e9cnica) e t\u00eam como intuito priorizar a descri\u00e7\u00e3o do aprendizado no formato de resultados pr\u00e1ticos, proveniente de experi\u00eancias vivenciadas nas organiza\u00e7\u00f5es e oriundos de uso e socializa\u00e7\u00e3o do conhecimento simbolizado por pr\u00e1ticas. Confira aqui as regras para&#8230;<\/p>\n","protected":false},"author":1,"featured_media":0,"parent":12676,"menu_order":0,"comment_status":"closed","ping_status":"closed","template":"","meta":{"_acf_changed":false,"_monsterinsights_skip_tracking":false,"_monsterinsights_sitenote_active":false,"_monsterinsights_sitenote_note":"","_monsterinsights_sitenote_category":0,"footnotes":""},"class_list":["post-12679","page","type-page","status-publish","hentry"],"acf":[],"yoast_head":"<!-- This site is optimized with the Yoast SEO plugin v27.1.1 - https:\/\/yoast.com\/product\/yoast-seo-wordpress\/ -->\n<title>Tecnol\u00f3gica - XIX SemeAd<\/title>\n<meta name=\"robots\" content=\"index, follow, max-snippet:-1, max-image-preview:large, max-video-preview:-1\" \/>\n<link rel=\"canonical\" href=\"https:\/\/semead.com.br\/19\/areas\/tecnologicas\/\" \/>\n<meta property=\"og:locale\" content=\"en_US\" \/>\n<meta property=\"og:type\" content=\"article\" \/>\n<meta property=\"og:title\" content=\"Tecnol\u00f3gica - XIX SemeAd\" \/>\n<meta property=\"og:description\" content=\"Os trabalhos submetidos a \u00e1rea Tecnol\u00f3gica s\u00e3o considerados o produto final de um trabalho (pesquisa aplicada ou produ\u00e7\u00e3o t\u00e9cnica) e t\u00eam como intuito priorizar a descri\u00e7\u00e3o do aprendizado no formato de resultados pr\u00e1ticos, proveniente de experi\u00eancias vivenciadas nas organiza\u00e7\u00f5es e oriundos de uso e socializa\u00e7\u00e3o do conhecimento simbolizado por pr\u00e1ticas. Confira aqui as regras para...\" \/>\n<meta property=\"og:url\" content=\"https:\/\/semead.com.br\/19\/areas\/tecnologicas\/\" \/>\n<meta property=\"og:site_name\" content=\"XIX SemeAd\" \/>\n<meta property=\"article:modified_time\" content=\"2016-07-01T17:23:57+00:00\" \/>\n<meta name=\"twitter:card\" content=\"summary_large_image\" \/>\n<meta name=\"twitter:label1\" content=\"Est. reading time\" \/>\n\t<meta name=\"twitter:data1\" content=\"2 minutes\" \/>\n<script type=\"application\/ld+json\" class=\"yoast-schema-graph\">{\"@context\":\"https:\/\/schema.org\",\"@graph\":[{\"@type\":\"WebPage\",\"@id\":\"https:\/\/semead.com.br\/19\/areas\/tecnologicas\/\",\"url\":\"https:\/\/semead.com.br\/19\/areas\/tecnologicas\/\",\"name\":\"Tecnol\u00f3gica - XIX SemeAd\",\"isPartOf\":{\"@id\":\"https:\/\/semead.com.br\/19\/#website\"},\"datePublished\":\"2016-05-17T22:39:02+00:00\",\"dateModified\":\"2016-07-01T17:23:57+00:00\",\"breadcrumb\":{\"@id\":\"https:\/\/semead.com.br\/19\/areas\/tecnologicas\/#breadcrumb\"},\"inLanguage\":\"en-US\",\"potentialAction\":[{\"@type\":\"ReadAction\",\"target\":[\"https:\/\/semead.com.br\/19\/areas\/tecnologicas\/\"]}]},{\"@type\":\"BreadcrumbList\",\"@id\":\"https:\/\/semead.com.br\/19\/areas\/tecnologicas\/#breadcrumb\",\"itemListElement\":[{\"@type\":\"ListItem\",\"position\":1,\"name\":\"In\u00edcio\",\"item\":\"https:\/\/semead.com.br\/19\/\"},{\"@type\":\"ListItem\",\"position\":2,\"name\":\"\u00c1reas\",\"item\":\"https:\/\/semead.com.br\/19\/areas\/\"},{\"@type\":\"ListItem\",\"position\":3,\"name\":\"Tecnol\u00f3gica\"}]},{\"@type\":\"WebSite\",\"@id\":\"https:\/\/semead.com.br\/19\/#website\",\"url\":\"https:\/\/semead.com.br\/19\/\",\"name\":\"XIX SemeAd\",\"description\":\"Semin\u00e1rios em Administra\u00e7\u00e3o\",\"potentialAction\":[{\"@type\":\"SearchAction\",\"target\":{\"@type\":\"EntryPoint\",\"urlTemplate\":\"https:\/\/semead.com.br\/19\/?s={search_term_string}\"},\"query-input\":{\"@type\":\"PropertyValueSpecification\",\"valueRequired\":true,\"valueName\":\"search_term_string\"}}],\"inLanguage\":\"en-US\"}]}<\/script>\n<!-- \/ Yoast SEO plugin. -->","yoast_head_json":{"title":"Tecnol\u00f3gica - XIX SemeAd","robots":{"index":"index","follow":"follow","max-snippet":"max-snippet:-1","max-image-preview":"max-image-preview:large","max-video-preview":"max-video-preview:-1"},"canonical":"https:\/\/semead.com.br\/19\/areas\/tecnologicas\/","og_locale":"en_US","og_type":"article","og_title":"Tecnol\u00f3gica - XIX SemeAd","og_description":"Os trabalhos submetidos a \u00e1rea Tecnol\u00f3gica s\u00e3o considerados o produto final de um trabalho (pesquisa aplicada ou produ\u00e7\u00e3o t\u00e9cnica) e t\u00eam como intuito priorizar a descri\u00e7\u00e3o do aprendizado no formato de resultados pr\u00e1ticos, proveniente de experi\u00eancias vivenciadas nas organiza\u00e7\u00f5es e oriundos de uso e socializa\u00e7\u00e3o do conhecimento simbolizado por pr\u00e1ticas. Confira aqui as regras para...","og_url":"https:\/\/semead.com.br\/19\/areas\/tecnologicas\/","og_site_name":"XIX SemeAd","article_modified_time":"2016-07-01T17:23:57+00:00","twitter_card":"summary_large_image","twitter_misc":{"Est. reading time":"2 minutes"},"schema":{"@context":"https:\/\/schema.org","@graph":[{"@type":"WebPage","@id":"https:\/\/semead.com.br\/19\/areas\/tecnologicas\/","url":"https:\/\/semead.com.br\/19\/areas\/tecnologicas\/","name":"Tecnol\u00f3gica - XIX SemeAd","isPartOf":{"@id":"https:\/\/semead.com.br\/19\/#website"},"datePublished":"2016-05-17T22:39:02+00:00","dateModified":"2016-07-01T17:23:57+00:00","breadcrumb":{"@id":"https:\/\/semead.com.br\/19\/areas\/tecnologicas\/#breadcrumb"},"inLanguage":"en-US","potentialAction":[{"@type":"ReadAction","target":["https:\/\/semead.com.br\/19\/areas\/tecnologicas\/"]}]},{"@type":"BreadcrumbList","@id":"https:\/\/semead.com.br\/19\/areas\/tecnologicas\/#breadcrumb","itemListElement":[{"@type":"ListItem","position":1,"name":"In\u00edcio","item":"https:\/\/semead.com.br\/19\/"},{"@type":"ListItem","position":2,"name":"\u00c1reas","item":"https:\/\/semead.com.br\/19\/areas\/"},{"@type":"ListItem","position":3,"name":"Tecnol\u00f3gica"}]},{"@type":"WebSite","@id":"https:\/\/semead.com.br\/19\/#website","url":"https:\/\/semead.com.br\/19\/","name":"XIX SemeAd","description":"Semin\u00e1rios em Administra\u00e7\u00e3o","potentialAction":[{"@type":"SearchAction","target":{"@type":"EntryPoint","urlTemplate":"https:\/\/semead.com.br\/19\/?s={search_term_string}"},"query-input":{"@type":"PropertyValueSpecification","valueRequired":true,"valueName":"search_term_string"}}],"inLanguage":"en-US"}]}},"_links":{"self":[{"href":"https:\/\/semead.com.br\/19\/wp-json\/wp\/v2\/pages\/12679","targetHints":{"allow":["GET"]}}],"collection":[{"href":"https:\/\/semead.com.br\/19\/wp-json\/wp\/v2\/pages"}],"about":[{"href":"https:\/\/semead.com.br\/19\/wp-json\/wp\/v2\/types\/page"}],"author":[{"embeddable":true,"href":"https:\/\/semead.com.br\/19\/wp-json\/wp\/v2\/users\/1"}],"replies":[{"embeddable":true,"href":"https:\/\/semead.com.br\/19\/wp-json\/wp\/v2\/comments?post=12679"}],"version-history":[{"count":0,"href":"https:\/\/semead.com.br\/19\/wp-json\/wp\/v2\/pages\/12679\/revisions"}],"up":[{"embeddable":true,"href":"https:\/\/semead.com.br\/19\/wp-json\/wp\/v2\/pages\/12676"}],"wp:attachment":[{"href":"https:\/\/semead.com.br\/19\/wp-json\/wp\/v2\/media?parent=12679"}],"curies":[{"name":"wp","href":"https:\/\/api.w.org\/{rel}","templated":true}]}}