{"id":13,"date":"2013-04-26T00:10:07","date_gmt":"2013-04-26T00:10:07","guid":{"rendered":"http:\/\/semead.com.br\/?page_id=13"},"modified":"2016-05-16T19:15:36","modified_gmt":"2016-05-16T22:15:36","slug":"financas","status":"publish","type":"page","link":"https:\/\/semead.com.br\/19\/areas\/cientificas\/financas\/","title":{"rendered":"Finan\u00e7as"},"content":{"rendered":"<p><span style=\"font-size: medium;\"><strong>Coordenadora: Profa. Rosana Tavares \u2013 FEA USP<br \/>\n<\/strong><\/span><\/p>\n<p><strong><b>Temas e L\u00edderes:<\/b><\/strong><\/p>\n<p><strong>1. Apre\u00e7amento de ativos<\/strong><\/p>\n<p style=\"padding-left: 30px;\">Apre\u00e7amento de ativos, apre\u00e7amento de derivativos, efici\u00eancia de mercado, anomalias de mercado.<\/p>\n<p style=\"padding-left: 30px;\"><em>Prof. Dr. Herbert Kimura &#8211; UNB<\/em><\/p>\n<p><strong>2. Contabilidade\u00a0<\/strong><\/p>\n<p style=\"padding-left: 30px;\">Contabilidade financeira e gerencial, Contabilidade internacional, IFRS, evidencia\u00e7\u00e3o, tend\u00eancias da informa\u00e7\u00e3o financeira.<\/p>\n<p style=\"padding-left: 30px;\"><em>Profa. Dra. Mara Jane Contrera Malacrida &#8211; FEA\/USP<\/em><\/p>\n<p><strong>3. Cr\u00e9dito e An\u00e1lise Setorial<\/strong><\/p>\n<p style=\"padding-left: 30px;\">Capital de giro, fontes de recurso de terceiros, securitiza\u00e7\u00e3o, an\u00e1lise de cr\u00e9dito, an\u00e1lise setorial de demonstrativos financeiros, seguro e previd\u00eancia, demonstra\u00e7\u00f5es financeiras de Ifs, gest\u00e3o de risco em Ifs.<\/p>\n<p style=\"padding-left: 30px;\"><em>Prof. Dr. Andr\u00e9 Taue Saito &#8211; UNIFESP<\/em><\/p>\n<p><strong>4. Estrutura de Capital e Valor<\/strong><\/p>\n<p style=\"padding-left: 30px;\">Estrutura de capital, custo de capital, an\u00e1lise de projetos de investimento, intang\u00edveis, gera\u00e7\u00e3o de valor, avalia\u00e7\u00e3o de empresas.<\/p>\n<p style=\"padding-left: 30px;\"><em>Prof. Dr. Bol\u00edvar Godinho &#8211; UNIFESP<\/em><\/p>\n<p><strong>5. Estrutura de Propriedade e Reestrutura\u00e7\u00f5es<\/strong><\/p>\n<p style=\"padding-left: 30px; text-align: justify;\">Estrutura de propriedade; reestrutura\u00e7\u00e3o financeira; fundos de private equity e venture capital; fus\u00f5es e aquisi\u00e7\u00f5es; emiss\u00f5es de a\u00e7\u00f5es; Finan\u00e7as comportamentais; finan\u00e7as pessoais.<\/p>\n<p style=\"padding-left: 30px;\"><em><span style=\"color: #222222;\">Prof. Dr. Wilson Toshiro Nakamura &#8211; Universidade Presbiteriana Mackenzie<\/span><\/em><\/p>\n<p><strong>6. Governan\u00e7a, Risco e Compliance<\/strong><\/p>\n<p style=\"padding-left: 30px; text-align: justify;\">Governan\u00e7a corporativa, teoria da ag\u00eancia, direitos de minorit\u00e1rios, rela\u00e7\u00f5es com investidores, pol\u00edticas de dividendos, auditoria, gerenciamento de resultados, gest\u00e3o de risco, compliance, sustentabilidade.<\/p>\n<p style=\"padding-left: 30px; text-align: justify;\"><em>Profa. Dra. Elizabeth Krauter &#8211; FEARP USP<\/em><\/p>\n<p><strong>7. Planejamento e Controle Financeiro<\/strong><\/p>\n<p style=\"padding-left: 30px;\">Planejamento empresarial e financeiro, or\u00e7amento, gerenciamento de resultados, planejamento tribut\u00e1rio, indicadores gerenciais e financeiros, controle financeiro, gest\u00e3o de risco corporativo, custos e pricing, macrofinan\u00e7as, crises.<\/p>\n<p style=\"padding-left: 30px;\"><em>Prof. Dr. M\u00e1rcio Luiz Borinelli &#8211; FEA\/USP<br \/>\n<\/em><\/p>\n<p><strong>8. T\u00e9cnicas de investimento<\/strong><\/p>\n<p style=\"padding-left: 30px;\">Pol\u00edticas de investimento no mercado de capitais, an\u00e1lise fundamentalista, an\u00e1lise t\u00e9cnica, gest\u00e3o de fundos, performance de carteiras.<\/p>\n<p style=\"padding-left: 30px;\"><em>Prof. Dr. Ricardo Goulart Serra &#8211; FECAP<\/em><\/p>\n","protected":false},"excerpt":{"rendered":"<p>Coordenadora: Profa. Rosana Tavares \u2013 FEA USP Temas e L\u00edderes: 1. Apre\u00e7amento de ativos Apre\u00e7amento de ativos, apre\u00e7amento de derivativos, efici\u00eancia de mercado, anomalias de mercado. Prof. Dr. Herbert Kimura &#8211; UNB 2. Contabilidade\u00a0 Contabilidade financeira e gerencial, Contabilidade internacional, IFRS, evidencia\u00e7\u00e3o, tend\u00eancias da informa\u00e7\u00e3o financeira. Profa. Dra. Mara Jane Contrera Malacrida &#8211; FEA\/USP 3&#8230;.<\/p>\n","protected":false},"author":1,"featured_media":0,"parent":9,"menu_order":4,"comment_status":"open","ping_status":"closed","template":"","meta":{"_acf_changed":false,"_monsterinsights_skip_tracking":false,"_monsterinsights_sitenote_active":false,"_monsterinsights_sitenote_note":"","_monsterinsights_sitenote_category":0,"footnotes":""},"class_list":["post-13","page","type-page","status-publish","hentry"],"acf":[],"yoast_head":"<!-- This site is optimized with the Yoast SEO plugin v27.1.1 - https:\/\/yoast.com\/product\/yoast-seo-wordpress\/ -->\n<title>Finan\u00e7as - XIX SemeAd<\/title>\n<meta name=\"robots\" content=\"index, follow, max-snippet:-1, max-image-preview:large, max-video-preview:-1\" \/>\n<link rel=\"canonical\" href=\"https:\/\/semead.com.br\/19\/areas\/cientificas\/financas\/\" \/>\n<meta property=\"og:locale\" content=\"en_US\" \/>\n<meta property=\"og:type\" content=\"article\" \/>\n<meta property=\"og:title\" content=\"Finan\u00e7as - XIX SemeAd\" \/>\n<meta property=\"og:description\" content=\"Coordenadora: Profa. Rosana Tavares \u2013 FEA USP Temas e L\u00edderes: 1. Apre\u00e7amento de ativos Apre\u00e7amento de ativos, apre\u00e7amento de derivativos, efici\u00eancia de mercado, anomalias de mercado. Prof. Dr. Herbert Kimura &#8211; UNB 2. Contabilidade\u00a0 Contabilidade financeira e gerencial, Contabilidade internacional, IFRS, evidencia\u00e7\u00e3o, tend\u00eancias da informa\u00e7\u00e3o financeira. Profa. Dra. Mara Jane Contrera Malacrida &#8211; FEA\/USP 3....\" \/>\n<meta property=\"og:url\" content=\"https:\/\/semead.com.br\/19\/areas\/cientificas\/financas\/\" \/>\n<meta property=\"og:site_name\" content=\"XIX SemeAd\" \/>\n<meta property=\"article:modified_time\" content=\"2016-05-16T22:15:36+00:00\" \/>\n<meta name=\"twitter:card\" content=\"summary_large_image\" \/>\n<meta name=\"twitter:label1\" content=\"Est. reading time\" \/>\n\t<meta name=\"twitter:data1\" content=\"2 minutes\" \/>\n<script type=\"application\/ld+json\" class=\"yoast-schema-graph\">{\"@context\":\"https:\/\/schema.org\",\"@graph\":[{\"@type\":\"WebPage\",\"@id\":\"https:\/\/semead.com.br\/19\/areas\/cientificas\/financas\/\",\"url\":\"https:\/\/semead.com.br\/19\/areas\/cientificas\/financas\/\",\"name\":\"Finan\u00e7as - XIX SemeAd\",\"isPartOf\":{\"@id\":\"https:\/\/semead.com.br\/19\/#website\"},\"datePublished\":\"2013-04-26T00:10:07+00:00\",\"dateModified\":\"2016-05-16T22:15:36+00:00\",\"breadcrumb\":{\"@id\":\"https:\/\/semead.com.br\/19\/areas\/cientificas\/financas\/#breadcrumb\"},\"inLanguage\":\"en-US\",\"potentialAction\":[{\"@type\":\"ReadAction\",\"target\":[\"https:\/\/semead.com.br\/19\/areas\/cientificas\/financas\/\"]}]},{\"@type\":\"BreadcrumbList\",\"@id\":\"https:\/\/semead.com.br\/19\/areas\/cientificas\/financas\/#breadcrumb\",\"itemListElement\":[{\"@type\":\"ListItem\",\"position\":1,\"name\":\"In\u00edcio\",\"item\":\"https:\/\/semead.com.br\/19\/\"},{\"@type\":\"ListItem\",\"position\":2,\"name\":\"\u00c1reas\",\"item\":\"https:\/\/semead.com.br\/19\/areas\/\"},{\"@type\":\"ListItem\",\"position\":3,\"name\":\"Cient\u00edficas\",\"item\":\"https:\/\/semead.com.br\/19\/areas\/cientificas\/\"},{\"@type\":\"ListItem\",\"position\":4,\"name\":\"Finan\u00e7as\"}]},{\"@type\":\"WebSite\",\"@id\":\"https:\/\/semead.com.br\/19\/#website\",\"url\":\"https:\/\/semead.com.br\/19\/\",\"name\":\"XIX SemeAd\",\"description\":\"Semin\u00e1rios em Administra\u00e7\u00e3o\",\"potentialAction\":[{\"@type\":\"SearchAction\",\"target\":{\"@type\":\"EntryPoint\",\"urlTemplate\":\"https:\/\/semead.com.br\/19\/?s={search_term_string}\"},\"query-input\":{\"@type\":\"PropertyValueSpecification\",\"valueRequired\":true,\"valueName\":\"search_term_string\"}}],\"inLanguage\":\"en-US\"}]}<\/script>\n<!-- \/ Yoast SEO plugin. -->","yoast_head_json":{"title":"Finan\u00e7as - XIX SemeAd","robots":{"index":"index","follow":"follow","max-snippet":"max-snippet:-1","max-image-preview":"max-image-preview:large","max-video-preview":"max-video-preview:-1"},"canonical":"https:\/\/semead.com.br\/19\/areas\/cientificas\/financas\/","og_locale":"en_US","og_type":"article","og_title":"Finan\u00e7as - XIX SemeAd","og_description":"Coordenadora: Profa. Rosana Tavares \u2013 FEA USP Temas e L\u00edderes: 1. Apre\u00e7amento de ativos Apre\u00e7amento de ativos, apre\u00e7amento de derivativos, efici\u00eancia de mercado, anomalias de mercado. Prof. Dr. Herbert Kimura &#8211; UNB 2. Contabilidade\u00a0 Contabilidade financeira e gerencial, Contabilidade internacional, IFRS, evidencia\u00e7\u00e3o, tend\u00eancias da informa\u00e7\u00e3o financeira. Profa. Dra. Mara Jane Contrera Malacrida &#8211; FEA\/USP 3....","og_url":"https:\/\/semead.com.br\/19\/areas\/cientificas\/financas\/","og_site_name":"XIX SemeAd","article_modified_time":"2016-05-16T22:15:36+00:00","twitter_card":"summary_large_image","twitter_misc":{"Est. reading time":"2 minutes"},"schema":{"@context":"https:\/\/schema.org","@graph":[{"@type":"WebPage","@id":"https:\/\/semead.com.br\/19\/areas\/cientificas\/financas\/","url":"https:\/\/semead.com.br\/19\/areas\/cientificas\/financas\/","name":"Finan\u00e7as - XIX SemeAd","isPartOf":{"@id":"https:\/\/semead.com.br\/19\/#website"},"datePublished":"2013-04-26T00:10:07+00:00","dateModified":"2016-05-16T22:15:36+00:00","breadcrumb":{"@id":"https:\/\/semead.com.br\/19\/areas\/cientificas\/financas\/#breadcrumb"},"inLanguage":"en-US","potentialAction":[{"@type":"ReadAction","target":["https:\/\/semead.com.br\/19\/areas\/cientificas\/financas\/"]}]},{"@type":"BreadcrumbList","@id":"https:\/\/semead.com.br\/19\/areas\/cientificas\/financas\/#breadcrumb","itemListElement":[{"@type":"ListItem","position":1,"name":"In\u00edcio","item":"https:\/\/semead.com.br\/19\/"},{"@type":"ListItem","position":2,"name":"\u00c1reas","item":"https:\/\/semead.com.br\/19\/areas\/"},{"@type":"ListItem","position":3,"name":"Cient\u00edficas","item":"https:\/\/semead.com.br\/19\/areas\/cientificas\/"},{"@type":"ListItem","position":4,"name":"Finan\u00e7as"}]},{"@type":"WebSite","@id":"https:\/\/semead.com.br\/19\/#website","url":"https:\/\/semead.com.br\/19\/","name":"XIX SemeAd","description":"Semin\u00e1rios em Administra\u00e7\u00e3o","potentialAction":[{"@type":"SearchAction","target":{"@type":"EntryPoint","urlTemplate":"https:\/\/semead.com.br\/19\/?s={search_term_string}"},"query-input":{"@type":"PropertyValueSpecification","valueRequired":true,"valueName":"search_term_string"}}],"inLanguage":"en-US"}]}},"_links":{"self":[{"href":"https:\/\/semead.com.br\/19\/wp-json\/wp\/v2\/pages\/13","targetHints":{"allow":["GET"]}}],"collection":[{"href":"https:\/\/semead.com.br\/19\/wp-json\/wp\/v2\/pages"}],"about":[{"href":"https:\/\/semead.com.br\/19\/wp-json\/wp\/v2\/types\/page"}],"author":[{"embeddable":true,"href":"https:\/\/semead.com.br\/19\/wp-json\/wp\/v2\/users\/1"}],"replies":[{"embeddable":true,"href":"https:\/\/semead.com.br\/19\/wp-json\/wp\/v2\/comments?post=13"}],"version-history":[{"count":0,"href":"https:\/\/semead.com.br\/19\/wp-json\/wp\/v2\/pages\/13\/revisions"}],"up":[{"embeddable":true,"href":"https:\/\/semead.com.br\/19\/wp-json\/wp\/v2\/pages\/9"}],"wp:attachment":[{"href":"https:\/\/semead.com.br\/19\/wp-json\/wp\/v2\/media?parent=13"}],"curies":[{"name":"wp","href":"https:\/\/api.w.org\/{rel}","templated":true}]}}