{"id":13019,"date":"2016-07-15T22:47:40","date_gmt":"2016-07-16T01:47:40","guid":{"rendered":"https:\/\/semead.com.br\/19\/?page_id=13019"},"modified":"2016-11-01T15:58:49","modified_gmt":"2016-11-01T17:58:49","slug":"painelistas-internacionais","status":"publish","type":"page","link":"https:\/\/semead.com.br\/19\/painelistas-internacionais\/","title":{"rendered":"Painelistas Internacionais"},"content":{"rendered":"<p>[symple_heading style=&#8221;&#8221; title=&#8221;Abaixo os Painelistas Internacionais\u00a0confirmados at\u00e9 o momento. Novos painelistas\u00a0ser\u00e3o adicionados em breve.&#8221; type=&#8221;h1&#8243; font_size=&#8221;&#8221; text_align=&#8221;left&#8221; margin_top=&#8221;30&#8243; margin_bottom=&#8221;30&#8243; color=&#8221;undefined&#8221; icon_left=&#8221;&#8221; icon_right=&#8221;&#8221;]<\/p>\n<p>[symple_toggle title=&#8221;Susana Costa e Silva&#8221; state=&#8221;closed&#8221;]<\/p>\n<p>[symple_column size=&#8221;one-half&#8221; position=&#8221;first&#8221; fade_in=&#8221;false&#8221;]<\/p>\n<p><img loading=\"lazy\" decoding=\"async\" class=\"wp-image-13020 size-thumbnail alignnone\" src=\"https:\/\/semead.com.br\/19\/wp-content\/uploads\/sites\/4\/2016\/07\/porto-150x150.png\" alt=\"porto\" width=\"150\" height=\"150\" srcset=\"https:\/\/semead.com.br\/19\/wp-content\/uploads\/sites\/4\/2016\/07\/porto-150x150.png 150w, https:\/\/semead.com.br\/19\/wp-content\/uploads\/sites\/4\/2016\/07\/porto.png 160w\" sizes=\"auto, (max-width: 150px) 100vw, 150px\" \/>\u00a0<img loading=\"lazy\" decoding=\"async\" class=\"size-full wp-image-13040 alignnone\" src=\"https:\/\/semead.com.br\/19\/wp-content\/uploads\/sites\/4\/2016\/07\/universidade-catolica-portuguesa.jpeg\" alt=\"universidade catolica portuguesa\" width=\"176\" height=\"91\" \/><\/p>\n<p><img loading=\"lazy\" decoding=\"async\" class=\"wp-image-13021 size-medium aligncenter\" src=\"https:\/\/semead.com.br\/19\/wp-content\/uploads\/sites\/4\/2016\/07\/susana-costa-e-silva-e1468633498679-240x300.jpg\" alt=\"susana costa e silva\" width=\"240\" height=\"300\" srcset=\"https:\/\/semead.com.br\/19\/wp-content\/uploads\/sites\/4\/2016\/07\/susana-costa-e-silva-e1468633498679-240x300.jpg 240w, https:\/\/semead.com.br\/19\/wp-content\/uploads\/sites\/4\/2016\/07\/susana-costa-e-silva-e1468633498679.jpg 488w\" sizes=\"auto, (max-width: 240px) 100vw, 240px\" \/><\/p>\n<p>&nbsp;<\/p>\n<p>[\/symple_column][symple_column size=&#8221;one-half&#8221; position=&#8221;last&#8221; fade_in=&#8221;false&#8221;]<\/p>\n<h2>Susana Costa e Silva<br \/>\n<small>Painelista Internacional<\/small><\/h2>\n<h3>Professora da Faculdade de Economia e Gest\u00e3o da Universidade Cat\u00f3lica Portuguesa \u2013 Porto<\/h3>\n<p><strong>Doutorada em Marketing na Michael Smurfit School of Business \u2013 University College Dublin \u2013 Irlanda: 2007<br \/>\nMestre em Economia pela Faculdade de Economia do Porto: 2002<br \/>\nLicenciada em Administra\u00e7\u00e3o e Gest\u00e3o de Empresas pela Universidade Cat\u00f3lica Portuguesa: 1996<\/strong><\/p>\n<p>[\/symple_column]<\/p>\n<p>Susana Costa e Silva \u00e9 doutorada em Marketing pela University College Dublin (Irlanda) e tem um Mestrado em Economia pela Faculdade de Economia da Universidade do Porto. \u00c9 licenciada em Gest\u00e3o de Empresas pela Universidade Cat\u00f3lica Portuguesa. \u00c9 professora na UCP desde 1997, onde leciona nas \u00e1reas do Marketing, Neg\u00f3cio Internacional, Marketing Social e Marketing Digital. \u00c9 professora visitante na University of Saint Joseph (Macau\/China), na University of Wroclaw (Pol\u00f3nia) e na Escola Superior de Propaganda e Marketing (S\u00e3o Paulo). \u00c9 desde 2007 respons\u00e1vel pela dire\u00e7\u00e3o do programa de Mestrado em Marketing da Cat\u00f3lica Porto Business School.<br \/>\nSusana \u00e9 autora e co-autora de v\u00e1rios livros e cap\u00edtulos de livros nas \u00e1reas do marketing internacional, internacionaliza\u00e7\u00e3o, coopera\u00e7\u00e3o e expatria\u00e7\u00e3o, publicados em Portugal, Reino Unido, Brasil e Estados Unidos. Tem tamb\u00e9m v\u00e1rias publica\u00e7\u00f5es em revistas cient\u00edficas internacionais nas mesmas \u00e1reas. \u00c9 membro do Centro de Estudos de Gest\u00e3o e Economia da CPBS. \u00c9 desde 2013 representante nacional na European International Business Academy (EIBA). Susana \u00e9 revisora de v\u00e1rias revistas cient\u00edficas internacionais e \u00e9 editora na Revista Brasileira de Gest\u00e3o de Neg\u00f3cio.<br \/>\nPara al\u00e9m da atividade letiva e de investiga\u00e7\u00e3o, Susana atua ainda, nas mesmas \u00e1reas, na realiza\u00e7\u00e3o de projetos de consultoria de marketing. \u00c9 consultora do CEGEA da UCP desde 1997.<\/p>\n<p>Publica\u00e7\u00f5es recentes:<\/p>\n<ul>\n<li>Santos, D. Silva, S. C. and Machado, J. C. (forthcoming), &#8220;Como avaliar estrat\u00e9gias de co-branding \u2013 estudo de caso EDP Continente&#8221;, European Journal of Applied Business and Management.<\/li>\n<li>Silva, S. C. e Duarte, P. (2014), &#8220;Suggestions for international research using electronic surveys&#8221;, The Marketing Review, Vol. 14, n\u00ba 3, pp. 297-310.<\/li>\n<li>Yamazaki, V. Ponchio, M., Silva, S. C. e Rocha, T., (2013) &#8220;O consumo de cirurgia est\u00e9tica: a influ\u00eancia da auto-estima e do materialismo&#8221;, Revista de Gest\u00e3o em Sistemas de Sa\u00fade, no prelo.<\/li>\n<li>Rodrigues, T. e Silva, S. (2013), &#8220;O &#8220;need for touch&#8221; no retalho online&#8221;, Revista Portuguesa de Marketing, N\u00ba 30, pp. 70-90.<\/li>\n<li>Silva, S.C., Pacheco, E. Meneses, R., e Brito, C. (2012), &#8220;The importance of second-hand knowledge in the revised Uppsala Model: Can European Textiles Producers Export to China?&#8221;, Journal of Global Marketing, Vol. 24, N\u00ba 3, pp. 141-160.<\/li>\n<\/ul>\n<p>Confira outras publica\u00e7\u00f5es: <a href=\"http:\/\/www.porto.ucp.pt\/feg\/docentes\/ssilva.htm?lang=1\" target=\"_blank\">http:\/\/www.porto.ucp.pt\/feg\/docentes\/ssilva.htm?lang=1<\/a><\/p>\n<p>[\/symple_toggle]<\/p>\n<p>[symple_toggle title=&#8221;Maria Baltar&#8221; state=&#8221;closed&#8221;]<\/p>\n<p>[symple_column size=&#8221;one-half&#8221; position=&#8221;first&#8221; fade_in=&#8221;false&#8221;]<\/p>\n<p><img loading=\"lazy\" decoding=\"async\" class=\"wp-image-13032 alignnone\" src=\"https:\/\/semead.com.br\/19\/wp-content\/uploads\/sites\/4\/2016\/07\/aacsb-300x84.png\" alt=\"aacsb\" width=\"270\" height=\"75\" srcset=\"https:\/\/semead.com.br\/19\/wp-content\/uploads\/sites\/4\/2016\/07\/aacsb-300x84.png 300w, https:\/\/semead.com.br\/19\/wp-content\/uploads\/sites\/4\/2016\/07\/aacsb.png 408w\" sizes=\"auto, (max-width: 270px) 100vw, 270px\" \/><img loading=\"lazy\" decoding=\"async\" class=\"wp-image-13031 alignnone\" src=\"https:\/\/semead.com.br\/19\/wp-content\/uploads\/sites\/4\/2016\/07\/100-years-192x300.jpg\" alt=\"100 years\" width=\"50\" height=\"78\" srcset=\"https:\/\/semead.com.br\/19\/wp-content\/uploads\/sites\/4\/2016\/07\/100-years-192x300.jpg 192w, https:\/\/semead.com.br\/19\/wp-content\/uploads\/sites\/4\/2016\/07\/100-years.jpg 480w\" sizes=\"auto, (max-width: 50px) 100vw, 50px\" \/><\/p>\n<p><img loading=\"lazy\" decoding=\"async\" class=\"alignnone wp-image-13030 aligncenter\" src=\"https:\/\/semead.com.br\/19\/wp-content\/uploads\/sites\/4\/2016\/07\/maria-baltar.jpg\" alt=\"maria baltar\" width=\"220\" height=\"220\" \/><\/p>\n<p>&nbsp;<\/p>\n<p>[\/symple_column][symple_column size=&#8221;one-half&#8221; position=&#8221;last&#8221; fade_in=&#8221;false&#8221;]<\/p>\n<h2>Maria Baltar<br \/>\n<small>Painelista Internacional<\/small><\/h2>\n<h3>Director, Accreditation Services<br \/>\nLatin America and the Caribbean, USA Southern and Southwestern Regions<\/h3>\n<p><strong>MBA, University of Tampa: 2003<br \/>\nBachelor of Science, University of South Florida: Finance<\/strong><\/p>\n<p>[\/symple_column]<\/p>\n<p>AACSB International\u2014The Association to Advance Collegiate Schools of Business is the world\u2019s largest business education network connecting students, academia, and business to advance business education worldwide. A nonprofit membership organization run by dedicated volunteers and staff, AACSB International provides quality assurance of business school programs, the latest in business education intelligence, thought leadership, and professional development services.<\/p>\n<p>Founded in 1916, AACSB is a global association of more than 1,500 member organizations in over 90 countries and territories, with headquarters in North America, Asia Pacific, and Europe. With more than 760 business schools accredited worldwide, AACSB ensures the highest quality standard in business education to prepare the next generation of business leaders.<\/p>\n<p>Para mais informa\u00e7\u00f5es acesse: <a href=\"http:\/\/www.aacsb.edu\/accreditation\/contact\" target=\"_blank\">http:\/\/www.aacsb.edu\/accreditation\/contact<\/a><\/p>\n<p>&nbsp;<\/p>\n<p>[\/symple_toggle]<\/p>\n","protected":false},"excerpt":{"rendered":"<p>[symple_heading style=&#8221;&#8221; title=&#8221;Abaixo os Painelistas Internacionais\u00a0confirmados at\u00e9 o momento. Novos painelistas\u00a0ser\u00e3o adicionados em breve.&#8221; type=&#8221;h1&#8243; font_size=&#8221;&#8221; text_align=&#8221;left&#8221; margin_top=&#8221;30&#8243; margin_bottom=&#8221;30&#8243; color=&#8221;undefined&#8221; icon_left=&#8221;&#8221; icon_right=&#8221;&#8221;] [symple_toggle title=&#8221;Susana Costa e Silva&#8221; state=&#8221;closed&#8221;] [symple_column size=&#8221;one-half&#8221; position=&#8221;first&#8221; fade_in=&#8221;false&#8221;] \u00a0 &nbsp; [\/symple_column][symple_column size=&#8221;one-half&#8221; position=&#8221;last&#8221; fade_in=&#8221;false&#8221;] Susana Costa e Silva Painelista Internacional Professora da Faculdade de Economia e Gest\u00e3o da Universidade Cat\u00f3lica Portuguesa&#8230;<\/p>\n","protected":false},"author":1,"featured_media":0,"parent":0,"menu_order":0,"comment_status":"closed","ping_status":"closed","template":"","meta":{"_acf_changed":false,"_monsterinsights_skip_tracking":false,"_monsterinsights_sitenote_active":false,"_monsterinsights_sitenote_note":"","_monsterinsights_sitenote_category":0,"footnotes":""},"class_list":["post-13019","page","type-page","status-publish","hentry"],"acf":[],"yoast_head":"<!-- This site is optimized with the Yoast SEO plugin v27.1.1 - https:\/\/yoast.com\/product\/yoast-seo-wordpress\/ -->\n<title>Painelistas Internacionais - XIX SemeAd<\/title>\n<meta name=\"robots\" content=\"index, follow, max-snippet:-1, max-image-preview:large, max-video-preview:-1\" \/>\n<link rel=\"canonical\" href=\"https:\/\/semead.com.br\/19\/painelistas-internacionais\/\" \/>\n<meta property=\"og:locale\" content=\"en_US\" \/>\n<meta property=\"og:type\" content=\"article\" \/>\n<meta property=\"og:title\" content=\"Painelistas Internacionais - XIX SemeAd\" \/>\n<meta property=\"og:description\" content=\"[symple_heading style=&#8221;&#8221; title=&#8221;Abaixo os Painelistas Internacionais\u00a0confirmados at\u00e9 o momento. Novos painelistas\u00a0ser\u00e3o adicionados em breve.&#8221; type=&#8221;h1&#8243; font_size=&#8221;&#8221; text_align=&#8221;left&#8221; margin_top=&#8221;30&#8243; margin_bottom=&#8221;30&#8243; color=&#8221;undefined&#8221; icon_left=&#8221;&#8221; icon_right=&#8221;&#8221;] [symple_toggle title=&#8221;Susana Costa e Silva&#8221; state=&#8221;closed&#8221;] [symple_column size=&#8221;one-half&#8221; position=&#8221;first&#8221; fade_in=&#8221;false&#8221;] \u00a0 &nbsp; [\/symple_column][symple_column size=&#8221;one-half&#8221; position=&#8221;last&#8221; fade_in=&#8221;false&#8221;] Susana Costa e Silva Painelista Internacional Professora da Faculdade de Economia e Gest\u00e3o da Universidade Cat\u00f3lica Portuguesa...\" \/>\n<meta property=\"og:url\" content=\"https:\/\/semead.com.br\/19\/painelistas-internacionais\/\" \/>\n<meta property=\"og:site_name\" content=\"XIX SemeAd\" \/>\n<meta property=\"article:modified_time\" content=\"2016-11-01T17:58:49+00:00\" \/>\n<meta property=\"og:image\" content=\"https:\/\/semead.com.br\/19\/wp-content\/uploads\/sites\/4\/2016\/07\/porto.png\" \/>\n\t<meta property=\"og:image:width\" content=\"160\" \/>\n\t<meta property=\"og:image:height\" content=\"160\" \/>\n\t<meta property=\"og:image:type\" content=\"image\/png\" \/>\n<meta name=\"twitter:card\" content=\"summary_large_image\" \/>\n<meta name=\"twitter:label1\" content=\"Est. reading time\" \/>\n\t<meta name=\"twitter:data1\" content=\"3 minutes\" \/>\n<script type=\"application\/ld+json\" class=\"yoast-schema-graph\">{\"@context\":\"https:\/\/schema.org\",\"@graph\":[{\"@type\":\"WebPage\",\"@id\":\"https:\/\/semead.com.br\/19\/painelistas-internacionais\/\",\"url\":\"https:\/\/semead.com.br\/19\/painelistas-internacionais\/\",\"name\":\"Painelistas Internacionais - XIX SemeAd\",\"isPartOf\":{\"@id\":\"https:\/\/semead.com.br\/19\/#website\"},\"primaryImageOfPage\":{\"@id\":\"https:\/\/semead.com.br\/19\/painelistas-internacionais\/#primaryimage\"},\"image\":{\"@id\":\"https:\/\/semead.com.br\/19\/painelistas-internacionais\/#primaryimage\"},\"thumbnailUrl\":\"https:\/\/semead.com.br\/19\/wp-content\/uploads\/sites\/4\/2016\/07\/porto-150x150.png\",\"datePublished\":\"2016-07-16T01:47:40+00:00\",\"dateModified\":\"2016-11-01T17:58:49+00:00\",\"breadcrumb\":{\"@id\":\"https:\/\/semead.com.br\/19\/painelistas-internacionais\/#breadcrumb\"},\"inLanguage\":\"en-US\",\"potentialAction\":[{\"@type\":\"ReadAction\",\"target\":[\"https:\/\/semead.com.br\/19\/painelistas-internacionais\/\"]}]},{\"@type\":\"ImageObject\",\"inLanguage\":\"en-US\",\"@id\":\"https:\/\/semead.com.br\/19\/painelistas-internacionais\/#primaryimage\",\"url\":\"https:\/\/semead.com.br\/19\/wp-content\/uploads\/sites\/4\/2016\/07\/porto.png\",\"contentUrl\":\"https:\/\/semead.com.br\/19\/wp-content\/uploads\/sites\/4\/2016\/07\/porto.png\",\"width\":160,\"height\":160},{\"@type\":\"BreadcrumbList\",\"@id\":\"https:\/\/semead.com.br\/19\/painelistas-internacionais\/#breadcrumb\",\"itemListElement\":[{\"@type\":\"ListItem\",\"position\":1,\"name\":\"In\u00edcio\",\"item\":\"https:\/\/semead.com.br\/19\/\"},{\"@type\":\"ListItem\",\"position\":2,\"name\":\"Painelistas Internacionais\"}]},{\"@type\":\"WebSite\",\"@id\":\"https:\/\/semead.com.br\/19\/#website\",\"url\":\"https:\/\/semead.com.br\/19\/\",\"name\":\"XIX SemeAd\",\"description\":\"Semin\u00e1rios em Administra\u00e7\u00e3o\",\"potentialAction\":[{\"@type\":\"SearchAction\",\"target\":{\"@type\":\"EntryPoint\",\"urlTemplate\":\"https:\/\/semead.com.br\/19\/?s={search_term_string}\"},\"query-input\":{\"@type\":\"PropertyValueSpecification\",\"valueRequired\":true,\"valueName\":\"search_term_string\"}}],\"inLanguage\":\"en-US\"}]}<\/script>\n<!-- \/ Yoast SEO plugin. -->","yoast_head_json":{"title":"Painelistas Internacionais - XIX SemeAd","robots":{"index":"index","follow":"follow","max-snippet":"max-snippet:-1","max-image-preview":"max-image-preview:large","max-video-preview":"max-video-preview:-1"},"canonical":"https:\/\/semead.com.br\/19\/painelistas-internacionais\/","og_locale":"en_US","og_type":"article","og_title":"Painelistas Internacionais - XIX SemeAd","og_description":"[symple_heading style=&#8221;&#8221; title=&#8221;Abaixo os Painelistas Internacionais\u00a0confirmados at\u00e9 o momento. Novos painelistas\u00a0ser\u00e3o adicionados em breve.&#8221; type=&#8221;h1&#8243; font_size=&#8221;&#8221; text_align=&#8221;left&#8221; margin_top=&#8221;30&#8243; margin_bottom=&#8221;30&#8243; color=&#8221;undefined&#8221; icon_left=&#8221;&#8221; icon_right=&#8221;&#8221;] [symple_toggle title=&#8221;Susana Costa e Silva&#8221; state=&#8221;closed&#8221;] [symple_column size=&#8221;one-half&#8221; position=&#8221;first&#8221; fade_in=&#8221;false&#8221;] \u00a0 &nbsp; [\/symple_column][symple_column size=&#8221;one-half&#8221; position=&#8221;last&#8221; fade_in=&#8221;false&#8221;] Susana Costa e Silva Painelista Internacional Professora da Faculdade de Economia e Gest\u00e3o da Universidade Cat\u00f3lica Portuguesa...","og_url":"https:\/\/semead.com.br\/19\/painelistas-internacionais\/","og_site_name":"XIX SemeAd","article_modified_time":"2016-11-01T17:58:49+00:00","og_image":[{"width":160,"height":160,"url":"https:\/\/semead.com.br\/19\/wp-content\/uploads\/sites\/4\/2016\/07\/porto.png","type":"image\/png"}],"twitter_card":"summary_large_image","twitter_misc":{"Est. reading time":"3 minutes"},"schema":{"@context":"https:\/\/schema.org","@graph":[{"@type":"WebPage","@id":"https:\/\/semead.com.br\/19\/painelistas-internacionais\/","url":"https:\/\/semead.com.br\/19\/painelistas-internacionais\/","name":"Painelistas Internacionais - XIX SemeAd","isPartOf":{"@id":"https:\/\/semead.com.br\/19\/#website"},"primaryImageOfPage":{"@id":"https:\/\/semead.com.br\/19\/painelistas-internacionais\/#primaryimage"},"image":{"@id":"https:\/\/semead.com.br\/19\/painelistas-internacionais\/#primaryimage"},"thumbnailUrl":"https:\/\/semead.com.br\/19\/wp-content\/uploads\/sites\/4\/2016\/07\/porto-150x150.png","datePublished":"2016-07-16T01:47:40+00:00","dateModified":"2016-11-01T17:58:49+00:00","breadcrumb":{"@id":"https:\/\/semead.com.br\/19\/painelistas-internacionais\/#breadcrumb"},"inLanguage":"en-US","potentialAction":[{"@type":"ReadAction","target":["https:\/\/semead.com.br\/19\/painelistas-internacionais\/"]}]},{"@type":"ImageObject","inLanguage":"en-US","@id":"https:\/\/semead.com.br\/19\/painelistas-internacionais\/#primaryimage","url":"https:\/\/semead.com.br\/19\/wp-content\/uploads\/sites\/4\/2016\/07\/porto.png","contentUrl":"https:\/\/semead.com.br\/19\/wp-content\/uploads\/sites\/4\/2016\/07\/porto.png","width":160,"height":160},{"@type":"BreadcrumbList","@id":"https:\/\/semead.com.br\/19\/painelistas-internacionais\/#breadcrumb","itemListElement":[{"@type":"ListItem","position":1,"name":"In\u00edcio","item":"https:\/\/semead.com.br\/19\/"},{"@type":"ListItem","position":2,"name":"Painelistas Internacionais"}]},{"@type":"WebSite","@id":"https:\/\/semead.com.br\/19\/#website","url":"https:\/\/semead.com.br\/19\/","name":"XIX SemeAd","description":"Semin\u00e1rios em Administra\u00e7\u00e3o","potentialAction":[{"@type":"SearchAction","target":{"@type":"EntryPoint","urlTemplate":"https:\/\/semead.com.br\/19\/?s={search_term_string}"},"query-input":{"@type":"PropertyValueSpecification","valueRequired":true,"valueName":"search_term_string"}}],"inLanguage":"en-US"}]}},"_links":{"self":[{"href":"https:\/\/semead.com.br\/19\/wp-json\/wp\/v2\/pages\/13019","targetHints":{"allow":["GET"]}}],"collection":[{"href":"https:\/\/semead.com.br\/19\/wp-json\/wp\/v2\/pages"}],"about":[{"href":"https:\/\/semead.com.br\/19\/wp-json\/wp\/v2\/types\/page"}],"author":[{"embeddable":true,"href":"https:\/\/semead.com.br\/19\/wp-json\/wp\/v2\/users\/1"}],"replies":[{"embeddable":true,"href":"https:\/\/semead.com.br\/19\/wp-json\/wp\/v2\/comments?post=13019"}],"version-history":[{"count":0,"href":"https:\/\/semead.com.br\/19\/wp-json\/wp\/v2\/pages\/13019\/revisions"}],"wp:attachment":[{"href":"https:\/\/semead.com.br\/19\/wp-json\/wp\/v2\/media?parent=13019"}],"curies":[{"name":"wp","href":"https:\/\/api.w.org\/{rel}","templated":true}]}}