{"id":13249,"date":"2016-11-11T11:15:18","date_gmt":"2016-11-11T13:15:18","guid":{"rendered":"https:\/\/semead.com.br\/19\/?page_id=13249"},"modified":"2016-11-11T11:15:41","modified_gmt":"2016-11-11T13:15:41","slug":"trabalhos-aprovados-para-fast-track","status":"publish","type":"page","link":"https:\/\/semead.com.br\/19\/trabalhos-aprovados-para-fast-track\/","title":{"rendered":"Trabalhos aprovados para Fast Track"},"content":{"rendered":"<p>Orienta\u00e7\u00e3o aos Autores<\/p>\n<ol>\n<li>\u00a0Os trabalhos do Fast-Track dever\u00e3o ser submetidos \u00e0s revistas at\u00e9 16\/12\/2016 (exce\u00e7\u00e3o \u00e0 revista EJM&amp;BE o qual deve ser submetido at\u00e9 08\/12).Ap\u00f3s esta data as revistas estar\u00e3o desobrigadas de aceitar os artigos em Fast-Track.<\/li>\n<li>Especificamente para as revistas estrangeiras (EJM&amp;BE e European Research on Management and Business Economics) devem ser submetidos os artigos j\u00e1 traduzidos para o Ingl\u00eas.<\/li>\n<li>Para a submiss\u00e3o aos peri\u00f3dicos, os autores dever\u00e3o seguir as respectivas normas de cada peri\u00f3dico.<\/li>\n<li>Conclu\u00edda a submiss\u00e3o o autor dever\u00e1 enviar um email ao editor (vide abaixo o nome e email de cada editor) comunicando que a submiss\u00e3o foi efetuada e informando o respectivo n\u00famero de registro de submiss\u00e3o e que tal submiss\u00e3o refere-se ao processo de Fast-Track do Semead.<\/li>\n<li>O artigo submetido em Fast-Track \u00e9 considerado aprovado na etapa de Desk-Review e seguir\u00e1 imediatamente para o tr\u00e2mite normal do Blind-Review.<\/li>\n<\/ol>\n<p>[symple_button url=&#8221;https:\/\/semead.com.br\/19\/wp-content\/uploads\/sites\/4\/2016\/11\/XIX-SemeAd-FastTrack.pdf&#8221; color=&#8221;green&#8221; size=&#8221;default&#8221; border_radius=&#8221;3px&#8221; target=&#8221;self&#8221; rel=&#8221;&#8221; icon_left=&#8221;&#8221; icon_right=&#8221;&#8221;]Ver resultado do fast-track[\/symple_button]<\/p>\n","protected":false},"excerpt":{"rendered":"<p>Orienta\u00e7\u00e3o aos Autores \u00a0Os trabalhos do Fast-Track dever\u00e3o ser submetidos \u00e0s revistas at\u00e9 16\/12\/2016 (exce\u00e7\u00e3o \u00e0 revista EJM&amp;BE o qual deve ser submetido at\u00e9 08\/12).Ap\u00f3s esta data as revistas estar\u00e3o desobrigadas de aceitar os artigos em Fast-Track. Especificamente para as revistas estrangeiras (EJM&amp;BE e European Research on Management and Business Economics) devem ser submetidos os&#8230;<\/p>\n","protected":false},"author":4,"featured_media":0,"parent":0,"menu_order":0,"comment_status":"closed","ping_status":"closed","template":"","meta":{"_acf_changed":false,"_monsterinsights_skip_tracking":false,"_monsterinsights_sitenote_active":false,"_monsterinsights_sitenote_note":"","_monsterinsights_sitenote_category":0,"footnotes":""},"class_list":["post-13249","page","type-page","status-publish","hentry"],"acf":[],"yoast_head":"<!-- This site is optimized with the Yoast SEO plugin v27.1.1 - https:\/\/yoast.com\/product\/yoast-seo-wordpress\/ -->\n<title>Trabalhos aprovados para Fast Track - XIX SemeAd<\/title>\n<meta name=\"robots\" content=\"index, follow, max-snippet:-1, max-image-preview:large, max-video-preview:-1\" \/>\n<link rel=\"canonical\" href=\"https:\/\/semead.com.br\/19\/trabalhos-aprovados-para-fast-track\/\" \/>\n<meta property=\"og:locale\" content=\"en_US\" \/>\n<meta property=\"og:type\" content=\"article\" \/>\n<meta property=\"og:title\" content=\"Trabalhos aprovados para Fast Track - XIX SemeAd\" \/>\n<meta property=\"og:description\" content=\"Orienta\u00e7\u00e3o aos Autores \u00a0Os trabalhos do Fast-Track dever\u00e3o ser submetidos \u00e0s revistas at\u00e9 16\/12\/2016 (exce\u00e7\u00e3o \u00e0 revista EJM&amp;BE o qual deve ser submetido at\u00e9 08\/12).Ap\u00f3s esta data as revistas estar\u00e3o desobrigadas de aceitar os artigos em Fast-Track. Especificamente para as revistas estrangeiras (EJM&amp;BE e European Research on Management and Business Economics) devem ser submetidos os...\" \/>\n<meta property=\"og:url\" content=\"https:\/\/semead.com.br\/19\/trabalhos-aprovados-para-fast-track\/\" \/>\n<meta property=\"og:site_name\" content=\"XIX SemeAd\" \/>\n<meta property=\"article:modified_time\" content=\"2016-11-11T13:15:41+00:00\" \/>\n<meta name=\"twitter:card\" content=\"summary_large_image\" \/>\n<meta name=\"twitter:label1\" content=\"Est. reading time\" \/>\n\t<meta name=\"twitter:data1\" content=\"1 minute\" \/>\n<script type=\"application\/ld+json\" class=\"yoast-schema-graph\">{\"@context\":\"https:\/\/schema.org\",\"@graph\":[{\"@type\":\"WebPage\",\"@id\":\"https:\/\/semead.com.br\/19\/trabalhos-aprovados-para-fast-track\/\",\"url\":\"https:\/\/semead.com.br\/19\/trabalhos-aprovados-para-fast-track\/\",\"name\":\"Trabalhos aprovados para Fast Track - XIX SemeAd\",\"isPartOf\":{\"@id\":\"https:\/\/semead.com.br\/19\/#website\"},\"datePublished\":\"2016-11-11T13:15:18+00:00\",\"dateModified\":\"2016-11-11T13:15:41+00:00\",\"breadcrumb\":{\"@id\":\"https:\/\/semead.com.br\/19\/trabalhos-aprovados-para-fast-track\/#breadcrumb\"},\"inLanguage\":\"en-US\",\"potentialAction\":[{\"@type\":\"ReadAction\",\"target\":[\"https:\/\/semead.com.br\/19\/trabalhos-aprovados-para-fast-track\/\"]}]},{\"@type\":\"BreadcrumbList\",\"@id\":\"https:\/\/semead.com.br\/19\/trabalhos-aprovados-para-fast-track\/#breadcrumb\",\"itemListElement\":[{\"@type\":\"ListItem\",\"position\":1,\"name\":\"In\u00edcio\",\"item\":\"https:\/\/semead.com.br\/19\/\"},{\"@type\":\"ListItem\",\"position\":2,\"name\":\"Trabalhos aprovados para Fast Track\"}]},{\"@type\":\"WebSite\",\"@id\":\"https:\/\/semead.com.br\/19\/#website\",\"url\":\"https:\/\/semead.com.br\/19\/\",\"name\":\"XIX SemeAd\",\"description\":\"Semin\u00e1rios em Administra\u00e7\u00e3o\",\"potentialAction\":[{\"@type\":\"SearchAction\",\"target\":{\"@type\":\"EntryPoint\",\"urlTemplate\":\"https:\/\/semead.com.br\/19\/?s={search_term_string}\"},\"query-input\":{\"@type\":\"PropertyValueSpecification\",\"valueRequired\":true,\"valueName\":\"search_term_string\"}}],\"inLanguage\":\"en-US\"}]}<\/script>\n<!-- \/ Yoast SEO plugin. -->","yoast_head_json":{"title":"Trabalhos aprovados para Fast Track - XIX SemeAd","robots":{"index":"index","follow":"follow","max-snippet":"max-snippet:-1","max-image-preview":"max-image-preview:large","max-video-preview":"max-video-preview:-1"},"canonical":"https:\/\/semead.com.br\/19\/trabalhos-aprovados-para-fast-track\/","og_locale":"en_US","og_type":"article","og_title":"Trabalhos aprovados para Fast Track - XIX SemeAd","og_description":"Orienta\u00e7\u00e3o aos Autores \u00a0Os trabalhos do Fast-Track dever\u00e3o ser submetidos \u00e0s revistas at\u00e9 16\/12\/2016 (exce\u00e7\u00e3o \u00e0 revista EJM&amp;BE o qual deve ser submetido at\u00e9 08\/12).Ap\u00f3s esta data as revistas estar\u00e3o desobrigadas de aceitar os artigos em Fast-Track. Especificamente para as revistas estrangeiras (EJM&amp;BE e European Research on Management and Business Economics) devem ser submetidos os...","og_url":"https:\/\/semead.com.br\/19\/trabalhos-aprovados-para-fast-track\/","og_site_name":"XIX SemeAd","article_modified_time":"2016-11-11T13:15:41+00:00","twitter_card":"summary_large_image","twitter_misc":{"Est. reading time":"1 minute"},"schema":{"@context":"https:\/\/schema.org","@graph":[{"@type":"WebPage","@id":"https:\/\/semead.com.br\/19\/trabalhos-aprovados-para-fast-track\/","url":"https:\/\/semead.com.br\/19\/trabalhos-aprovados-para-fast-track\/","name":"Trabalhos aprovados para Fast Track - XIX SemeAd","isPartOf":{"@id":"https:\/\/semead.com.br\/19\/#website"},"datePublished":"2016-11-11T13:15:18+00:00","dateModified":"2016-11-11T13:15:41+00:00","breadcrumb":{"@id":"https:\/\/semead.com.br\/19\/trabalhos-aprovados-para-fast-track\/#breadcrumb"},"inLanguage":"en-US","potentialAction":[{"@type":"ReadAction","target":["https:\/\/semead.com.br\/19\/trabalhos-aprovados-para-fast-track\/"]}]},{"@type":"BreadcrumbList","@id":"https:\/\/semead.com.br\/19\/trabalhos-aprovados-para-fast-track\/#breadcrumb","itemListElement":[{"@type":"ListItem","position":1,"name":"In\u00edcio","item":"https:\/\/semead.com.br\/19\/"},{"@type":"ListItem","position":2,"name":"Trabalhos aprovados para Fast Track"}]},{"@type":"WebSite","@id":"https:\/\/semead.com.br\/19\/#website","url":"https:\/\/semead.com.br\/19\/","name":"XIX SemeAd","description":"Semin\u00e1rios em Administra\u00e7\u00e3o","potentialAction":[{"@type":"SearchAction","target":{"@type":"EntryPoint","urlTemplate":"https:\/\/semead.com.br\/19\/?s={search_term_string}"},"query-input":{"@type":"PropertyValueSpecification","valueRequired":true,"valueName":"search_term_string"}}],"inLanguage":"en-US"}]}},"_links":{"self":[{"href":"https:\/\/semead.com.br\/19\/wp-json\/wp\/v2\/pages\/13249","targetHints":{"allow":["GET"]}}],"collection":[{"href":"https:\/\/semead.com.br\/19\/wp-json\/wp\/v2\/pages"}],"about":[{"href":"https:\/\/semead.com.br\/19\/wp-json\/wp\/v2\/types\/page"}],"author":[{"embeddable":true,"href":"https:\/\/semead.com.br\/19\/wp-json\/wp\/v2\/users\/4"}],"replies":[{"embeddable":true,"href":"https:\/\/semead.com.br\/19\/wp-json\/wp\/v2\/comments?post=13249"}],"version-history":[{"count":0,"href":"https:\/\/semead.com.br\/19\/wp-json\/wp\/v2\/pages\/13249\/revisions"}],"wp:attachment":[{"href":"https:\/\/semead.com.br\/19\/wp-json\/wp\/v2\/media?parent=13249"}],"curies":[{"name":"wp","href":"https:\/\/api.w.org\/{rel}","templated":true}]}}