{"id":13271,"date":"2017-05-23T10:07:28","date_gmt":"2017-05-23T13:07:28","guid":{"rendered":"https:\/\/semead.com.br\/19\/?page_id=13271"},"modified":"2017-05-23T10:07:53","modified_gmt":"2017-05-23T13:07:53","slug":"home_","status":"publish","type":"page","link":"https:\/\/semead.com.br\/19\/","title":{"rendered":"Home_"},"content":{"rendered":"<p>[symple_callout fade_in=&#8221;false&#8221; button_text=&#8221;Acessar Sistema&#8221; button_url=&#8221;http:\/\/login.semead.com.br&#8221; button_color=&#8221;black&#8221; button_size=&#8221;default&#8221; button_border_radius=&#8221;3px&#8221; button_target=&#8221;self&#8221; button_rel=&#8221;&#8221; button_icon_left=&#8221;&#8221; button_icon_right=&#8221;&#8221;]Para consultar o hor\u00e1rio do seu trabalho, acesse o sistema com seu login e senha e clique em &#8220;Programa\u00e7\u00e3o&#8221; ou se preferir acesse a\u00a0<a href=\"http:\/\/login.semead.com.br\/19semead\/programacao.php\">Programa\u00e7\u00e3o detalhada<\/a>\u00a0 [\/symple_callout]<\/p>\n<p>[symple_column size=&#8221;one-third&#8221; position=&#8221;first&#8221; fade_in=&#8221;false&#8221;]<\/p>\n<p>[symple_heading type=&#8221;h2&#8243; title=&#8221;Realiza\u00e7\u00e3o&#8221;]<\/p>\n<p><a href=\"http:\/\/www.fea.usp.br\/\"><img loading=\"lazy\" decoding=\"async\" class=\"wp-image-10394 size-full aligncenter\" src=\"https:\/\/semead.com.br\/19\/wp-content\/uploads\/sites\/4\/2012\/12\/logo-fea-1-e1464654486336.jpg\" alt=\"logo-fea\" width=\"260\" height=\"98\" \/><\/a><\/p>\n<p>[\/symple_column]<\/p>\n<p>[symple_column size=&#8221;one-third&#8221; position=&#8221;middle&#8221; fade_in=&#8221;false&#8221;]<\/p>\n<p>[symple_heading type=&#8221;h2&#8243; title=&#8221;Fomento&#8221;]<\/p>\n<p>&nbsp;<\/p>\n<p><a href=\"http:\/\/www.fapesp.br\/\"><img loading=\"lazy\" decoding=\"async\" class=\"size-full wp-image-11440 aligncenter\" src=\"https:\/\/semead.com.br\/19\/wp-content\/uploads\/sites\/4\/2012\/12\/fapesp_logo-1.png\" alt=\"fapesp_logo\" width=\"150\" height=\"32\" \/><\/a><\/p>\n<p><a href=\"http:\/\/www.capes.gov.br\/\"><img loading=\"lazy\" decoding=\"async\" class=\"size-full wp-image-9861 aligncenter\" src=\"https:\/\/semead.com.br\/19\/wp-content\/uploads\/sites\/4\/2013\/04\/logo_capes-1.jpg\" alt=\"logo_capes\" width=\"131\" height=\"105\" \/><\/a><\/p>\n<p><a href=\"http:\/\/cnpq.br\/\"><img loading=\"lazy\" decoding=\"async\" class=\"size-full wp-image-11444 aligncenter\" src=\"https:\/\/semead.com.br\/19\/wp-content\/uploads\/sites\/4\/2012\/12\/cnpq-1-e1464654625106.png\" alt=\"cnpq\" width=\"150\" height=\"67\" \/><\/a>[\/symple_column]<\/p>\n<p>[symple_column size=&#8221;one-third&#8221; position=&#8221;last&#8221; fade_in=&#8221;false&#8221;]<\/p>\n<p>[symple_heading type=&#8221;h2&#8243; title=&#8221;Conv\u00eanio Internacional&#8221;]<\/p>\n<p><a href=\"http:\/\/www.aedem-virtual.com\/\"><img loading=\"lazy\" decoding=\"async\" class=\"aligncenter wp-image-12754\" src=\"https:\/\/semead.com.br\/19\/wp-content\/uploads\/sites\/4\/2012\/12\/european.png\" alt=\"european\" width=\"150\" height=\"135\" \/><\/a><\/p>\n<p>[\/symple_column]<\/p>\n<p>[symple_heading type=&#8221;h2&#8243; title=&#8221;Participa\u00e7\u00e3o&#8221;]<\/p>\n<p>[symple_column size=&#8221;one-fourth&#8221; position=&#8221;first&#8221; fade_in=&#8221;false&#8221;]<a href=\"http:\/\/portal.anhembi.br\/\" target=\"_blank\"><img loading=\"lazy\" decoding=\"async\" class=\"alignnone size-full wp-image-12585\" src=\"https:\/\/semead.com.br\/19\/wp-content\/uploads\/sites\/4\/2012\/12\/logo-anhembi-morumbi.png\" alt=\"logo-anhembi-morumbi\" width=\"200\" height=\"180\" \/><\/a>[\/symple_column]<\/p>\n<p>[symple_column size=&#8221;one-fourth&#8221; position=&#8221;middle&#8221; fade_in=&#8221;false&#8221;]<a href=\"https:\/\/www.fearp.usp.br\/pt-br\/\"><img loading=\"lazy\" decoding=\"async\" class=\"alignnone size-full wp-image-12593\" src=\"https:\/\/semead.com.br\/19\/wp-content\/uploads\/sites\/4\/2012\/12\/logo-fearp-1.png\" alt=\"logo-fearp\" width=\"200\" height=\"180\" \/><\/a>[\/symple_column]<\/p>\n<p>[symple_column size=&#8221;one-fourth&#8221; position=&#8221;middle&#8221; fade_in=&#8221;false&#8221;]<a href=\"http:\/\/www.fecap.br\/\"><img loading=\"lazy\" decoding=\"async\" class=\"alignnone size-full wp-image-12591\" src=\"https:\/\/semead.com.br\/19\/wp-content\/uploads\/sites\/4\/2012\/12\/logo-fecap-1.png\" alt=\"logo-fecap\" width=\"200\" height=\"180\" \/><\/a>[\/symple_column]<\/p>\n<p>[symple_column size=&#8221;one-fourth&#8221; position=&#8221;last&#8221; fade_in=&#8221;false&#8221;]<a href=\"http:\/\/www.fia.com.br\/\"><img loading=\"lazy\" decoding=\"async\" class=\"alignnone size-full wp-image-10373\" src=\"https:\/\/semead.com.br\/19\/wp-content\/uploads\/sites\/4\/2012\/12\/logo-fia-1.gif\" alt=\"\" width=\"200\" height=\"180\" \/><\/a>[\/symple_column]<\/p>\n<p>&nbsp;<\/p>\n<p>[symple_column size=&#8221;one-fifth&#8221; position=&#8221;first&#8221; fade_in=&#8221;false&#8221;]<a href=\"http:\/\/www2.espm.br\/\"><img loading=\"lazy\" decoding=\"async\" class=\"alignnone size-full wp-image-11984\" src=\"https:\/\/semead.com.br\/19\/wp-content\/uploads\/sites\/4\/2012\/12\/Logo-ESPM-1.jpg\" alt=\"Logo ESPM\" width=\"200\" height=\"180\" \/><\/a>[\/symple_column]<\/p>\n<p>[symple_column size=&#8221;one-fifth&#8221; position=&#8221;middle&#8221; fade_in=&#8221;false&#8221;]<a href=\"http:\/\/portal.mackenzie.br\/\"><img loading=\"lazy\" decoding=\"async\" class=\"alignnone size-full wp-image-11756\" src=\"https:\/\/semead.com.br\/19\/wp-content\/uploads\/sites\/4\/2012\/12\/mackenzie-1.png\" alt=\"mackenzie\" width=\"200\" height=\"180\" \/><\/a>[\/symple_column]<\/p>\n<p>[symple_column size=&#8221;one-fifth&#8221; position=&#8221;middle&#8221; fade_in=&#8221;false&#8221;]<a href=\"http:\/\/uninove.br\/\"><img loading=\"lazy\" decoding=\"async\" class=\"alignnone size-full wp-image-10379\" src=\"https:\/\/semead.com.br\/19\/wp-content\/uploads\/sites\/4\/2012\/12\/logo-uninove-1.gif\" alt=\"logo-uninove\" width=\"200\" height=\"180\" \/><\/a>[\/symple_column]<\/p>\n<p>[symple_column size=&#8221;one-fifth&#8221; position=&#8221;middle&#8221; fade_in=&#8221;false&#8221;]<a href=\"http:\/\/www.unip.br\/\"><img loading=\"lazy\" decoding=\"async\" class=\"alignnone size-full wp-image-11758\" src=\"https:\/\/semead.com.br\/19\/wp-content\/uploads\/sites\/4\/2012\/12\/unip-1.png\" alt=\"unip\" width=\"200\" height=\"180\" \/><\/a>[\/symple_column]<\/p>\n<p>[symple_column size=&#8221;one-fifth&#8221; position=&#8221;last&#8221; fade_in=&#8221;false&#8221;]<a href=\"http:\/\/www.uscs.edu.br\/\"><img loading=\"lazy\" decoding=\"async\" class=\"alignnone size-full wp-image-11759\" src=\"https:\/\/semead.com.br\/19\/wp-content\/uploads\/sites\/4\/2012\/12\/uscs-1.png\" alt=\"uscs\" width=\"200\" height=\"180\" \/><\/a>[\/symple_column]<\/p>\n<p>[symple_heading type=&#8221;h2&#8243; title=&#8221;Apoio&#8221;]<\/p>\n<p>[symple_column size=&#8221;one-fourth&#8221; position=&#8221;first&#8221; fade_in=&#8221;false&#8221;]<a href=\"http:\/\/site.ufsm.br\/\"><img loading=\"lazy\" decoding=\"async\" class=\"alignnone size-full wp-image-10091\" src=\"https:\/\/semead.com.br\/19\/wp-content\/uploads\/sites\/4\/2012\/12\/logo-santa-maria-1.png\" alt=\"logo-santa-maria\" width=\"260\" height=\"180\" \/><\/a>[\/symple_column]<\/p>\n<p>[symple_column size=&#8221;one-fourth&#8221; position=&#8221;middle&#8221; fade_in=&#8221;false&#8221;][\/symple_column]<\/p>\n<p>[symple_column size=&#8221;one-fourth&#8221; position=&#8221;middle&#8221; fade_in=&#8221;false&#8221;][\/symple_column]<\/p>\n<p>[symple_column size=&#8221;one-fourth&#8221; position=&#8221;last&#8221; fade_in=&#8221;false&#8221;][\/symple_column]<\/p>\n","protected":false},"excerpt":{"rendered":"<p>[symple_callout fade_in=&#8221;false&#8221; button_text=&#8221;Acessar Sistema&#8221; button_url=&#8221;http:\/\/login.semead.com.br&#8221; button_color=&#8221;black&#8221; button_size=&#8221;default&#8221; button_border_radius=&#8221;3px&#8221; button_target=&#8221;self&#8221; button_rel=&#8221;&#8221; button_icon_left=&#8221;&#8221; button_icon_right=&#8221;&#8221;]Para consultar o hor\u00e1rio do seu trabalho, acesse o sistema com seu login e senha e clique em &#8220;Programa\u00e7\u00e3o&#8221; ou se preferir acesse a\u00a0Programa\u00e7\u00e3o detalhada\u00a0 [\/symple_callout] [symple_column size=&#8221;one-third&#8221; position=&#8221;first&#8221; fade_in=&#8221;false&#8221;] [symple_heading type=&#8221;h2&#8243; title=&#8221;Realiza\u00e7\u00e3o&#8221;] [\/symple_column] [symple_column size=&#8221;one-third&#8221; position=&#8221;middle&#8221; fade_in=&#8221;false&#8221;] [symple_heading type=&#8221;h2&#8243; title=&#8221;Fomento&#8221;] &nbsp; [\/symple_column] [symple_column&#8230;<\/p>\n","protected":false},"author":4,"featured_media":0,"parent":0,"menu_order":0,"comment_status":"closed","ping_status":"closed","template":"","meta":{"_acf_changed":false,"_monsterinsights_skip_tracking":false,"_monsterinsights_sitenote_active":false,"_monsterinsights_sitenote_note":"","_monsterinsights_sitenote_category":0,"footnotes":""},"class_list":["post-13271","page","type-page","status-publish","hentry"],"acf":[],"yoast_head":"<!-- This site is optimized with the Yoast SEO plugin v27.1.1 - https:\/\/yoast.com\/product\/yoast-seo-wordpress\/ -->\n<title>Home_ - XIX SemeAd<\/title>\n<meta name=\"robots\" content=\"index, follow, max-snippet:-1, max-image-preview:large, max-video-preview:-1\" \/>\n<link rel=\"canonical\" href=\"https:\/\/semead.com.br\/19\/\" \/>\n<meta property=\"og:locale\" content=\"en_US\" \/>\n<meta property=\"og:type\" content=\"article\" \/>\n<meta property=\"og:title\" content=\"Home_ - XIX SemeAd\" \/>\n<meta property=\"og:description\" content=\"[symple_callout fade_in=&#8221;false&#8221; button_text=&#8221;Acessar Sistema&#8221; button_url=&#8221;http:\/\/login.semead.com.br&#8221; button_color=&#8221;black&#8221; button_size=&#8221;default&#8221; button_border_radius=&#8221;3px&#8221; button_target=&#8221;self&#8221; button_rel=&#8221;&#8221; button_icon_left=&#8221;&#8221; button_icon_right=&#8221;&#8221;]Para consultar o hor\u00e1rio do seu trabalho, acesse o sistema com seu login e senha e clique em &#8220;Programa\u00e7\u00e3o&#8221; ou se preferir acesse a\u00a0Programa\u00e7\u00e3o detalhada\u00a0 [\/symple_callout] [symple_column size=&#8221;one-third&#8221; position=&#8221;first&#8221; fade_in=&#8221;false&#8221;] [symple_heading type=&#8221;h2&#8243; title=&#8221;Realiza\u00e7\u00e3o&#8221;] [\/symple_column] [symple_column size=&#8221;one-third&#8221; position=&#8221;middle&#8221; fade_in=&#8221;false&#8221;] [symple_heading type=&#8221;h2&#8243; title=&#8221;Fomento&#8221;] &nbsp; [\/symple_column] [symple_column...\" \/>\n<meta property=\"og:url\" content=\"https:\/\/semead.com.br\/19\/\" \/>\n<meta property=\"og:site_name\" content=\"XIX SemeAd\" \/>\n<meta property=\"article:modified_time\" content=\"2017-05-23T13:07:53+00:00\" \/>\n<meta property=\"og:image\" content=\"https:\/\/semead.com.br\/19\/wp-content\/uploads\/sites\/4\/2012\/12\/logo-fea-1-e1464654486336.jpg\" \/>\n\t<meta property=\"og:image:width\" content=\"260\" \/>\n\t<meta property=\"og:image:height\" content=\"98\" \/>\n\t<meta property=\"og:image:type\" content=\"image\/jpeg\" \/>\n<meta name=\"twitter:card\" content=\"summary_large_image\" \/>\n<meta name=\"twitter:label1\" content=\"Est. reading time\" \/>\n\t<meta name=\"twitter:data1\" content=\"1 minute\" \/>\n<script type=\"application\/ld+json\" class=\"yoast-schema-graph\">{\"@context\":\"https:\/\/schema.org\",\"@graph\":[{\"@type\":\"WebPage\",\"@id\":\"https:\/\/semead.com.br\/19\/\",\"url\":\"https:\/\/semead.com.br\/19\/\",\"name\":\"Home_ - XIX SemeAd\",\"isPartOf\":{\"@id\":\"https:\/\/semead.com.br\/19\/#website\"},\"primaryImageOfPage\":{\"@id\":\"https:\/\/semead.com.br\/19\/#primaryimage\"},\"image\":{\"@id\":\"https:\/\/semead.com.br\/19\/#primaryimage\"},\"thumbnailUrl\":\"https:\/\/semead.com.br\/19\/wp-content\/uploads\/sites\/4\/2012\/12\/logo-fea-1-e1464654486336.jpg\",\"datePublished\":\"2017-05-23T13:07:28+00:00\",\"dateModified\":\"2017-05-23T13:07:53+00:00\",\"breadcrumb\":{\"@id\":\"https:\/\/semead.com.br\/19\/#breadcrumb\"},\"inLanguage\":\"en-US\",\"potentialAction\":[{\"@type\":\"ReadAction\",\"target\":[\"https:\/\/semead.com.br\/19\/\"]}]},{\"@type\":\"ImageObject\",\"inLanguage\":\"en-US\",\"@id\":\"https:\/\/semead.com.br\/19\/#primaryimage\",\"url\":\"https:\/\/semead.com.br\/19\/wp-content\/uploads\/sites\/4\/2012\/12\/logo-fea-1-e1464654486336.jpg\",\"contentUrl\":\"https:\/\/semead.com.br\/19\/wp-content\/uploads\/sites\/4\/2012\/12\/logo-fea-1-e1464654486336.jpg\",\"width\":260,\"height\":98},{\"@type\":\"BreadcrumbList\",\"@id\":\"https:\/\/semead.com.br\/19\/#breadcrumb\",\"itemListElement\":[{\"@type\":\"ListItem\",\"position\":1,\"name\":\"In\u00edcio\",\"item\":\"https:\/\/semead.com.br\/19\/\"},{\"@type\":\"ListItem\",\"position\":2,\"name\":\"Home_\"}]},{\"@type\":\"WebSite\",\"@id\":\"https:\/\/semead.com.br\/19\/#website\",\"url\":\"https:\/\/semead.com.br\/19\/\",\"name\":\"XIX SemeAd\",\"description\":\"Semin\u00e1rios em Administra\u00e7\u00e3o\",\"potentialAction\":[{\"@type\":\"SearchAction\",\"target\":{\"@type\":\"EntryPoint\",\"urlTemplate\":\"https:\/\/semead.com.br\/19\/?s={search_term_string}\"},\"query-input\":{\"@type\":\"PropertyValueSpecification\",\"valueRequired\":true,\"valueName\":\"search_term_string\"}}],\"inLanguage\":\"en-US\"}]}<\/script>\n<!-- \/ Yoast SEO plugin. -->","yoast_head_json":{"title":"Home_ - XIX SemeAd","robots":{"index":"index","follow":"follow","max-snippet":"max-snippet:-1","max-image-preview":"max-image-preview:large","max-video-preview":"max-video-preview:-1"},"canonical":"https:\/\/semead.com.br\/19\/","og_locale":"en_US","og_type":"article","og_title":"Home_ - XIX SemeAd","og_description":"[symple_callout fade_in=&#8221;false&#8221; button_text=&#8221;Acessar Sistema&#8221; button_url=&#8221;http:\/\/login.semead.com.br&#8221; button_color=&#8221;black&#8221; button_size=&#8221;default&#8221; button_border_radius=&#8221;3px&#8221; button_target=&#8221;self&#8221; button_rel=&#8221;&#8221; button_icon_left=&#8221;&#8221; button_icon_right=&#8221;&#8221;]Para consultar o hor\u00e1rio do seu trabalho, acesse o sistema com seu login e senha e clique em &#8220;Programa\u00e7\u00e3o&#8221; ou se preferir acesse a\u00a0Programa\u00e7\u00e3o detalhada\u00a0 [\/symple_callout] [symple_column size=&#8221;one-third&#8221; position=&#8221;first&#8221; fade_in=&#8221;false&#8221;] [symple_heading type=&#8221;h2&#8243; title=&#8221;Realiza\u00e7\u00e3o&#8221;] [\/symple_column] [symple_column size=&#8221;one-third&#8221; position=&#8221;middle&#8221; fade_in=&#8221;false&#8221;] [symple_heading type=&#8221;h2&#8243; title=&#8221;Fomento&#8221;] &nbsp; [\/symple_column] [symple_column...","og_url":"https:\/\/semead.com.br\/19\/","og_site_name":"XIX SemeAd","article_modified_time":"2017-05-23T13:07:53+00:00","og_image":[{"width":260,"height":98,"url":"https:\/\/semead.com.br\/19\/wp-content\/uploads\/sites\/4\/2012\/12\/logo-fea-1-e1464654486336.jpg","type":"image\/jpeg"}],"twitter_card":"summary_large_image","twitter_misc":{"Est. reading time":"1 minute"},"schema":{"@context":"https:\/\/schema.org","@graph":[{"@type":"WebPage","@id":"https:\/\/semead.com.br\/19\/","url":"https:\/\/semead.com.br\/19\/","name":"Home_ - XIX SemeAd","isPartOf":{"@id":"https:\/\/semead.com.br\/19\/#website"},"primaryImageOfPage":{"@id":"https:\/\/semead.com.br\/19\/#primaryimage"},"image":{"@id":"https:\/\/semead.com.br\/19\/#primaryimage"},"thumbnailUrl":"https:\/\/semead.com.br\/19\/wp-content\/uploads\/sites\/4\/2012\/12\/logo-fea-1-e1464654486336.jpg","datePublished":"2017-05-23T13:07:28+00:00","dateModified":"2017-05-23T13:07:53+00:00","breadcrumb":{"@id":"https:\/\/semead.com.br\/19\/#breadcrumb"},"inLanguage":"en-US","potentialAction":[{"@type":"ReadAction","target":["https:\/\/semead.com.br\/19\/"]}]},{"@type":"ImageObject","inLanguage":"en-US","@id":"https:\/\/semead.com.br\/19\/#primaryimage","url":"https:\/\/semead.com.br\/19\/wp-content\/uploads\/sites\/4\/2012\/12\/logo-fea-1-e1464654486336.jpg","contentUrl":"https:\/\/semead.com.br\/19\/wp-content\/uploads\/sites\/4\/2012\/12\/logo-fea-1-e1464654486336.jpg","width":260,"height":98},{"@type":"BreadcrumbList","@id":"https:\/\/semead.com.br\/19\/#breadcrumb","itemListElement":[{"@type":"ListItem","position":1,"name":"In\u00edcio","item":"https:\/\/semead.com.br\/19\/"},{"@type":"ListItem","position":2,"name":"Home_"}]},{"@type":"WebSite","@id":"https:\/\/semead.com.br\/19\/#website","url":"https:\/\/semead.com.br\/19\/","name":"XIX SemeAd","description":"Semin\u00e1rios em Administra\u00e7\u00e3o","potentialAction":[{"@type":"SearchAction","target":{"@type":"EntryPoint","urlTemplate":"https:\/\/semead.com.br\/19\/?s={search_term_string}"},"query-input":{"@type":"PropertyValueSpecification","valueRequired":true,"valueName":"search_term_string"}}],"inLanguage":"en-US"}]}},"_links":{"self":[{"href":"https:\/\/semead.com.br\/19\/wp-json\/wp\/v2\/pages\/13271","targetHints":{"allow":["GET"]}}],"collection":[{"href":"https:\/\/semead.com.br\/19\/wp-json\/wp\/v2\/pages"}],"about":[{"href":"https:\/\/semead.com.br\/19\/wp-json\/wp\/v2\/types\/page"}],"author":[{"embeddable":true,"href":"https:\/\/semead.com.br\/19\/wp-json\/wp\/v2\/users\/4"}],"replies":[{"embeddable":true,"href":"https:\/\/semead.com.br\/19\/wp-json\/wp\/v2\/comments?post=13271"}],"version-history":[{"count":0,"href":"https:\/\/semead.com.br\/19\/wp-json\/wp\/v2\/pages\/13271\/revisions"}],"wp:attachment":[{"href":"https:\/\/semead.com.br\/19\/wp-json\/wp\/v2\/media?parent=13271"}],"curies":[{"name":"wp","href":"https:\/\/api.w.org\/{rel}","templated":true}]}}