{"id":14,"date":"2013-04-26T00:11:27","date_gmt":"2013-04-26T00:11:27","guid":{"rendered":"http:\/\/semead.com.br\/?page_id=14"},"modified":"2016-06-23T17:05:38","modified_gmt":"2016-06-23T20:05:38","slug":"gestao-de-pessoas","status":"publish","type":"page","link":"https:\/\/semead.com.br\/19\/areas\/cientificas\/gestao-de-pessoas\/","title":{"rendered":"Gest\u00e3o de Pessoas"},"content":{"rendered":"<p><span style=\"font-size: 12pt;\"><strong>Coordenador:\u00a0Andre Luiz Fischer &#8211; FEA-USP<\/strong><\/span><\/p>\n<p><span style=\"font-size: 12pt;\"><strong>Coordenador adjunto:\u00a0Wilson Aparecido Costa de Amorim &#8211; FEA-USP<\/strong><\/span><\/p>\n<p>&nbsp;<\/p>\n<p><strong><b>Temas e L\u00edderes:<\/b><\/strong><\/p>\n<p><span style=\"font-size: 12pt;\"><strong>\u00a0<span style=\"font-size: 10pt;\">1. Carreiras e Compet\u00eancias<\/span><\/strong><\/span><\/p>\n<p style=\"padding-left: 30px;\">Tipos e Tend\u00eancias de carreiras. Gest\u00e3o de Carreiras e Sucess\u00e3o. Expatria\u00e7\u00e3o. Coaching e Mentoring. As gera\u00e7\u00f5es dos profissionais. Gest\u00e3o por Compet\u00eancias. Compet\u00eancias individuas. Compet\u00eancias Coletivas e ou\/ organizacionais demandadas pelas empresas em uma perspectiva nacional ou internacional.<\/p>\n<p style=\"padding-left: 30px;\"><em>Prof. Dr.\u00a0Silvio Roberto Stefano &#8211; UNICENTRO<\/em><\/p>\n<p><strong>2. Gest\u00e3o de Pessoas e de Equipes<\/strong><\/p>\n<p style=\"padding-left: 30px;\">O desenvolvimento de pessoas e de equipes por meio da interface com pares e lideran\u00e7a, em que se destacam fen\u00f4menos psicossociais como aprendizagem, diversidade, processos comunicacionais, qualidade de vida, identidade, contrato psicol\u00f3gico, rela\u00e7\u00f5es sindicais, entre outros presentes na intera\u00e7\u00e3o humana em ambiente organizacional.<\/p>\n<p style=\"padding-left: 30px;\"><em>Prof. Dr.\u00a0Victor de la Paz Richarte Martinez &#8211; ESPM<\/em><\/p>\n<p><strong>3. Pol\u00edticas, Modelos e Pr\u00e1ticas<\/strong><\/p>\n<p style=\"padding-left: 30px;\">Converg\u00eancias e diverg\u00eancias entre os quadros te\u00f3ricos e as pol\u00edticas, modelos e pr\u00e1ticas de gest\u00e3o de pessoas institucionalizadas no contexto das organiza\u00e7\u00f5es. Pol\u00edticas, modelos e pr\u00e1ticas para aprimorar a gest\u00e3o de pessoas e suas fun\u00e7\u00f5es, tais como recrutamento, sele\u00e7\u00e3o, gest\u00e3o do desempenho, higiene e seguran\u00e7a no trabalho, avalia\u00e7\u00e3o de resultados, assim como a reformula\u00e7\u00e3o da \u00e1rea de gest\u00e3o de pessoas nas organiza\u00e7\u00f5es.<\/p>\n<p style=\"padding-left: 30px;\"><em>Profa. Dra.\u00a0Eliane Maria Pires Giavina Bianchi &#8211; FACCAMP<\/em><\/p>\n<p><strong>4.\u00a0Significado do Trabalho, Satisfa\u00e7\u00e3o e Mecanismos de Recompensa<br \/>\n<\/strong><\/p>\n<p style=\"padding-left: 30px;\">O trabalho, seu significado (ou aus\u00eancia dele) e as formas como as organiza\u00e7\u00f5es est\u00e3o buscando qualidade de vida, satisfa\u00e7\u00e3o, formas de reconhecimento e recompensa. S\u00e3o bem vindas abordagens cr\u00edticas e reflex\u00f5es sobre a rela\u00e7\u00e3o ind\u00edviduo &#8211; organiza\u00e7\u00e3o e individuo &#8211; trabalho.<\/p>\n<p style=\"padding-left: 30px;\"><em>Profa. Dra.\u00a0Beatriz Maria Braga &#8211; FGV<\/em><\/p>\n<p><strong>5. Temas Emergentes e Modismos em Gest\u00e3o de Pessoas<br \/>\n<\/strong><\/p>\n<p style=\"padding-left: 30px; text-align: justify;\">Novas tend\u00eancias em Gest\u00e3o de Pessoas, abordado com uma perspectiva cr\u00edtica dos discursos e modismos que envolvem o tema.<\/p>\n<p style=\"padding-left: 30px; text-align: justify;\"><em>Prof. Dr.\u00a0Marcelo Antonio Treff &#8211;\u00a0<span style=\"font-family: 'times new roman', 'new york', times, serif;\">PUC-SP<\/span><\/em><\/p>\n<p>&nbsp;<\/p>\n<p>&nbsp;<\/p>\n<p>&nbsp;<\/p>\n<p>&nbsp;<\/p>\n","protected":false},"excerpt":{"rendered":"<p>Coordenador:\u00a0Andre Luiz Fischer &#8211; FEA-USP Coordenador adjunto:\u00a0Wilson Aparecido Costa de Amorim &#8211; FEA-USP &nbsp; Temas e L\u00edderes: \u00a01. Carreiras e Compet\u00eancias Tipos e Tend\u00eancias de carreiras. Gest\u00e3o de Carreiras e Sucess\u00e3o. Expatria\u00e7\u00e3o. Coaching e Mentoring. As gera\u00e7\u00f5es dos profissionais. Gest\u00e3o por Compet\u00eancias. Compet\u00eancias individuas. Compet\u00eancias Coletivas e ou\/ organizacionais demandadas pelas empresas em uma perspectiva&#8230;<\/p>\n","protected":false},"author":1,"featured_media":0,"parent":9,"menu_order":5,"comment_status":"open","ping_status":"closed","template":"","meta":{"_acf_changed":false,"_monsterinsights_skip_tracking":false,"_monsterinsights_sitenote_active":false,"_monsterinsights_sitenote_note":"","_monsterinsights_sitenote_category":0,"footnotes":""},"class_list":["post-14","page","type-page","status-publish","hentry"],"acf":[],"yoast_head":"<!-- This site is optimized with the Yoast SEO plugin v27.1.1 - https:\/\/yoast.com\/product\/yoast-seo-wordpress\/ -->\n<title>Gest\u00e3o de Pessoas - XIX SemeAd<\/title>\n<meta name=\"robots\" content=\"index, follow, max-snippet:-1, max-image-preview:large, max-video-preview:-1\" \/>\n<link rel=\"canonical\" href=\"https:\/\/semead.com.br\/19\/areas\/cientificas\/gestao-de-pessoas\/\" \/>\n<meta property=\"og:locale\" content=\"en_US\" \/>\n<meta property=\"og:type\" content=\"article\" \/>\n<meta property=\"og:title\" content=\"Gest\u00e3o de Pessoas - XIX SemeAd\" \/>\n<meta property=\"og:description\" content=\"Coordenador:\u00a0Andre Luiz Fischer &#8211; FEA-USP Coordenador adjunto:\u00a0Wilson Aparecido Costa de Amorim &#8211; FEA-USP &nbsp; Temas e L\u00edderes: \u00a01. Carreiras e Compet\u00eancias Tipos e Tend\u00eancias de carreiras. Gest\u00e3o de Carreiras e Sucess\u00e3o. Expatria\u00e7\u00e3o. Coaching e Mentoring. As gera\u00e7\u00f5es dos profissionais. Gest\u00e3o por Compet\u00eancias. Compet\u00eancias individuas. Compet\u00eancias Coletivas e ou\/ organizacionais demandadas pelas empresas em uma perspectiva...\" \/>\n<meta property=\"og:url\" content=\"https:\/\/semead.com.br\/19\/areas\/cientificas\/gestao-de-pessoas\/\" \/>\n<meta property=\"og:site_name\" content=\"XIX SemeAd\" \/>\n<meta property=\"article:modified_time\" content=\"2016-06-23T20:05:38+00:00\" \/>\n<meta name=\"twitter:card\" content=\"summary_large_image\" \/>\n<meta name=\"twitter:label1\" content=\"Est. reading time\" \/>\n\t<meta name=\"twitter:data1\" content=\"2 minutes\" \/>\n<script type=\"application\/ld+json\" class=\"yoast-schema-graph\">{\"@context\":\"https:\/\/schema.org\",\"@graph\":[{\"@type\":\"WebPage\",\"@id\":\"https:\/\/semead.com.br\/19\/areas\/cientificas\/gestao-de-pessoas\/\",\"url\":\"https:\/\/semead.com.br\/19\/areas\/cientificas\/gestao-de-pessoas\/\",\"name\":\"Gest\u00e3o de Pessoas - XIX SemeAd\",\"isPartOf\":{\"@id\":\"https:\/\/semead.com.br\/19\/#website\"},\"datePublished\":\"2013-04-26T00:11:27+00:00\",\"dateModified\":\"2016-06-23T20:05:38+00:00\",\"breadcrumb\":{\"@id\":\"https:\/\/semead.com.br\/19\/areas\/cientificas\/gestao-de-pessoas\/#breadcrumb\"},\"inLanguage\":\"en-US\",\"potentialAction\":[{\"@type\":\"ReadAction\",\"target\":[\"https:\/\/semead.com.br\/19\/areas\/cientificas\/gestao-de-pessoas\/\"]}]},{\"@type\":\"BreadcrumbList\",\"@id\":\"https:\/\/semead.com.br\/19\/areas\/cientificas\/gestao-de-pessoas\/#breadcrumb\",\"itemListElement\":[{\"@type\":\"ListItem\",\"position\":1,\"name\":\"In\u00edcio\",\"item\":\"https:\/\/semead.com.br\/19\/\"},{\"@type\":\"ListItem\",\"position\":2,\"name\":\"\u00c1reas\",\"item\":\"https:\/\/semead.com.br\/19\/areas\/\"},{\"@type\":\"ListItem\",\"position\":3,\"name\":\"Cient\u00edficas\",\"item\":\"https:\/\/semead.com.br\/19\/areas\/cientificas\/\"},{\"@type\":\"ListItem\",\"position\":4,\"name\":\"Gest\u00e3o de Pessoas\"}]},{\"@type\":\"WebSite\",\"@id\":\"https:\/\/semead.com.br\/19\/#website\",\"url\":\"https:\/\/semead.com.br\/19\/\",\"name\":\"XIX SemeAd\",\"description\":\"Semin\u00e1rios em Administra\u00e7\u00e3o\",\"potentialAction\":[{\"@type\":\"SearchAction\",\"target\":{\"@type\":\"EntryPoint\",\"urlTemplate\":\"https:\/\/semead.com.br\/19\/?s={search_term_string}\"},\"query-input\":{\"@type\":\"PropertyValueSpecification\",\"valueRequired\":true,\"valueName\":\"search_term_string\"}}],\"inLanguage\":\"en-US\"}]}<\/script>\n<!-- \/ Yoast SEO plugin. -->","yoast_head_json":{"title":"Gest\u00e3o de Pessoas - XIX SemeAd","robots":{"index":"index","follow":"follow","max-snippet":"max-snippet:-1","max-image-preview":"max-image-preview:large","max-video-preview":"max-video-preview:-1"},"canonical":"https:\/\/semead.com.br\/19\/areas\/cientificas\/gestao-de-pessoas\/","og_locale":"en_US","og_type":"article","og_title":"Gest\u00e3o de Pessoas - XIX SemeAd","og_description":"Coordenador:\u00a0Andre Luiz Fischer &#8211; FEA-USP Coordenador adjunto:\u00a0Wilson Aparecido Costa de Amorim &#8211; FEA-USP &nbsp; Temas e L\u00edderes: \u00a01. Carreiras e Compet\u00eancias Tipos e Tend\u00eancias de carreiras. Gest\u00e3o de Carreiras e Sucess\u00e3o. Expatria\u00e7\u00e3o. Coaching e Mentoring. As gera\u00e7\u00f5es dos profissionais. Gest\u00e3o por Compet\u00eancias. Compet\u00eancias individuas. Compet\u00eancias Coletivas e ou\/ organizacionais demandadas pelas empresas em uma perspectiva...","og_url":"https:\/\/semead.com.br\/19\/areas\/cientificas\/gestao-de-pessoas\/","og_site_name":"XIX SemeAd","article_modified_time":"2016-06-23T20:05:38+00:00","twitter_card":"summary_large_image","twitter_misc":{"Est. reading time":"2 minutes"},"schema":{"@context":"https:\/\/schema.org","@graph":[{"@type":"WebPage","@id":"https:\/\/semead.com.br\/19\/areas\/cientificas\/gestao-de-pessoas\/","url":"https:\/\/semead.com.br\/19\/areas\/cientificas\/gestao-de-pessoas\/","name":"Gest\u00e3o de Pessoas - XIX SemeAd","isPartOf":{"@id":"https:\/\/semead.com.br\/19\/#website"},"datePublished":"2013-04-26T00:11:27+00:00","dateModified":"2016-06-23T20:05:38+00:00","breadcrumb":{"@id":"https:\/\/semead.com.br\/19\/areas\/cientificas\/gestao-de-pessoas\/#breadcrumb"},"inLanguage":"en-US","potentialAction":[{"@type":"ReadAction","target":["https:\/\/semead.com.br\/19\/areas\/cientificas\/gestao-de-pessoas\/"]}]},{"@type":"BreadcrumbList","@id":"https:\/\/semead.com.br\/19\/areas\/cientificas\/gestao-de-pessoas\/#breadcrumb","itemListElement":[{"@type":"ListItem","position":1,"name":"In\u00edcio","item":"https:\/\/semead.com.br\/19\/"},{"@type":"ListItem","position":2,"name":"\u00c1reas","item":"https:\/\/semead.com.br\/19\/areas\/"},{"@type":"ListItem","position":3,"name":"Cient\u00edficas","item":"https:\/\/semead.com.br\/19\/areas\/cientificas\/"},{"@type":"ListItem","position":4,"name":"Gest\u00e3o de Pessoas"}]},{"@type":"WebSite","@id":"https:\/\/semead.com.br\/19\/#website","url":"https:\/\/semead.com.br\/19\/","name":"XIX SemeAd","description":"Semin\u00e1rios em Administra\u00e7\u00e3o","potentialAction":[{"@type":"SearchAction","target":{"@type":"EntryPoint","urlTemplate":"https:\/\/semead.com.br\/19\/?s={search_term_string}"},"query-input":{"@type":"PropertyValueSpecification","valueRequired":true,"valueName":"search_term_string"}}],"inLanguage":"en-US"}]}},"_links":{"self":[{"href":"https:\/\/semead.com.br\/19\/wp-json\/wp\/v2\/pages\/14","targetHints":{"allow":["GET"]}}],"collection":[{"href":"https:\/\/semead.com.br\/19\/wp-json\/wp\/v2\/pages"}],"about":[{"href":"https:\/\/semead.com.br\/19\/wp-json\/wp\/v2\/types\/page"}],"author":[{"embeddable":true,"href":"https:\/\/semead.com.br\/19\/wp-json\/wp\/v2\/users\/1"}],"replies":[{"embeddable":true,"href":"https:\/\/semead.com.br\/19\/wp-json\/wp\/v2\/comments?post=14"}],"version-history":[{"count":0,"href":"https:\/\/semead.com.br\/19\/wp-json\/wp\/v2\/pages\/14\/revisions"}],"up":[{"embeddable":true,"href":"https:\/\/semead.com.br\/19\/wp-json\/wp\/v2\/pages\/9"}],"wp:attachment":[{"href":"https:\/\/semead.com.br\/19\/wp-json\/wp\/v2\/media?parent=14"}],"curies":[{"name":"wp","href":"https:\/\/api.w.org\/{rel}","templated":true}]}}