{"id":15,"date":"2013-04-26T00:11:58","date_gmt":"2013-04-26T00:11:58","guid":{"rendered":"http:\/\/semead.com.br\/?page_id=15"},"modified":"2016-05-25T15:50:04","modified_gmt":"2016-05-25T18:50:04","slug":"gestao-socioambiental","status":"publish","type":"page","link":"https:\/\/semead.com.br\/19\/areas\/cientificas\/gestao-socioambiental\/","title":{"rendered":"Gest\u00e3o Socioambiental"},"content":{"rendered":"<p><span style=\"font-size: medium;\"><strong>Coordenadores: Flavio Hourneaux Junior &#8211; FEA\/USP<\/strong><\/span><\/p>\n<p><span style=\"font-size: medium;\"><strong>Coordenadora adjunta: Clandia Maffini Gomes &#8211; UFSM<br \/>\n<\/strong><\/span><\/p>\n<p><strong><b>Temas e L\u00edderes:<\/b><\/strong><\/p>\n<p><strong>1. Desempenho Social Corporativo (CSP)<\/strong><\/p>\n<p style=\"text-align: justify; padding-left: 30px;\">O tema trata de teorias, conceitos e pr\u00e1ticas relacionadas aos processos de mensura\u00e7\u00e3o, controle e gest\u00e3o do desempenho das organiza\u00e7\u00f5es, em uma vis\u00e3o ampliada \u00e0quela descrita pela teoria da firma. Inclui t\u00f3picos como: Indicadores de Sustentabilidade; \u00cdndices de Sustentabilidade; Modelos de Mensura\u00e7\u00e3o da Sustentabilidade e do Desempenho Socioambiental; Balanced Scorecard Sustent\u00e1vel; Abordagem Triple Bottom Line; Abordagens Te\u00f3ricas do Desempenho Sustent\u00e1vel da Firma; Finan\u00e7as Sustent\u00e1veis; Contabilidade Socioambiental; Relat\u00f3rios de Sustentabilidade; Relato Integrado.<\/p>\n<p style=\"text-align: justify; padding-left: 30px;\"><em>Profa. Dra. M\u00f4nica Cavalcanti S\u00e1 de Abreu\u00a0&#8211; UFC<\/em><\/p>\n<p><strong>2. Estrat\u00e9gia e Sustentabilidade<\/strong><\/p>\n<p style=\"padding-left: 30px; text-align: justify;\">O tema trata de teorias, conceitos e pr\u00e1ticas relacionadas aos processos de concep\u00e7\u00e3o, implementa\u00e7\u00e3o e avalia\u00e7\u00e3o da estrat\u00e9gia com vistas \u00e0 sustentabilidade. Abrange temas como: Estrat\u00e9gias Sustent\u00e1veis; Projetos Estrat\u00e9gicos Sustent\u00e1veis; Sustentabilidade como Vantagem Competitiva; Impacto dos Aspectos do Macroambiente relativos \u00e0 Sustentabilidade; Gest\u00e3o Estrat\u00e9gica de Crises e Riscos Socioambientais; Novos Modelos de Neg\u00f3cios Sustent\u00e1veis; Cria\u00e7\u00e3o de Valor Sustent\u00e1vel; Estrat\u00e9gias Funcionais Voltadas \u00c0 Sustentabilidade; Estrat\u00e9gias Setoriais e P\u00fablicas para Sustentabilidade; Gest\u00e3o da Sustentabilidade na Cadeia de Valor; Aplica\u00e7\u00f5es das Abordagens Estrat\u00e9gicas Tradicionais Orientadas \u00e0 Sustentabilidade.<\/p>\n<p style=\"padding-left: 30px;\"><em><span style=\"color: #222222;\">Profa. Dra. Adriana Cristina Ferreira Caldana &#8211; FEA-RP<\/span><\/em><\/p>\n<p><strong>\u00a03. Gest\u00e3o Ambiental<\/strong><\/p>\n<p style=\"padding-left: 30px; text-align: justify;\">Este tema contempla estudos sobre elementos que visam mitigar problemas ambientais e buscar o uso mais eficiente dos recursos dispon\u00edveis, al\u00e9m da avalia\u00e7\u00e3o dos impactos e externalidades resultantes da produ\u00e7\u00e3o de bens ou servi\u00e7os, causados pelas atividades das organiza\u00e7\u00f5es. Abrange t\u00f3picos como: Sistemas de Gest\u00e3o Ambiental; Normas de Gest\u00e3o Ambiental; Ecoefici\u00eancia; Ecologia industrial; Auditoria ambiental; Produ\u00e7\u00e3o Mais Limpa; Ciclo de Vida do Produto; Cadeias de Suprimentos Sustent\u00e1veis; Log\u00edstica Reversa; Projetos de Gases de Efeito Estufa; Licenciamento Ambiental; Gerenciamento de Passivos Ambientais; Gest\u00e3o de Res\u00edduos S\u00f3lidos.<\/p>\n<p style=\"padding-left: 30px;\"><em><span style=\"color: #222222;\">Profa. Dra. Sonia\u00a0Valle Walter Borges de Oliveira &#8211; FEA-RP<br \/>\n<\/span><\/em><\/p>\n<p><strong>4. Responsabilidade Social Corporativa (RSC)<\/strong><\/p>\n<p style=\"padding-left: 30px; text-align: justify;\">O tema trata da Responsabilidade Social Corporativa e suas teorias, conceitos e pr\u00e1ticas, discutindo os efeitos das a\u00e7\u00f5es das organiza\u00e7\u00f5es nos diversos stakeholders com quem se relaciona. Compreende temas como: Responsabilidade Social; Responsabilidade Ambiental; \u00c9tica nas Organiza\u00e7\u00f5es; Com\u00e9rcio Justo; Teoria dos Stakeholders; Neg\u00f3cios para Base da Pir\u00e2mide; Neg\u00f3cios Sociais; Economia Inclusiva; Acordos e Princ\u00edpios Internacionais de Sustentabilidade e seus Impactos para as Organiza\u00e7\u00f5es.<\/p>\n<p style=\"padding-left: 30px; text-align: justify;\"><em>Profa. Dra. Raquel da Silva Pereira &#8211; Programa de P\u00f3s-gradua\u00e7\u00e3o em Administra\u00e7\u00e3o &#8211; USCS &#8211; Universidade Municipal de S\u00e3o Caetano do Sul<\/em><\/p>\n<p>&nbsp;<\/p>\n","protected":false},"excerpt":{"rendered":"<p>Coordenadores: Flavio Hourneaux Junior &#8211; FEA\/USP Coordenadora adjunta: Clandia Maffini Gomes &#8211; UFSM Temas e L\u00edderes: 1. Desempenho Social Corporativo (CSP) O tema trata de teorias, conceitos e pr\u00e1ticas relacionadas aos processos de mensura\u00e7\u00e3o, controle e gest\u00e3o do desempenho das organiza\u00e7\u00f5es, em uma vis\u00e3o ampliada \u00e0quela descrita pela teoria da firma. Inclui t\u00f3picos como: Indicadores&#8230;<\/p>\n","protected":false},"author":1,"featured_media":0,"parent":9,"menu_order":6,"comment_status":"open","ping_status":"closed","template":"","meta":{"_acf_changed":false,"_monsterinsights_skip_tracking":false,"_monsterinsights_sitenote_active":false,"_monsterinsights_sitenote_note":"","_monsterinsights_sitenote_category":0,"footnotes":""},"class_list":["post-15","page","type-page","status-publish","hentry"],"acf":[],"yoast_head":"<!-- This site is optimized with the Yoast SEO plugin v27.1.1 - https:\/\/yoast.com\/product\/yoast-seo-wordpress\/ -->\n<title>Gest\u00e3o Socioambiental - XIX SemeAd<\/title>\n<meta name=\"robots\" content=\"index, follow, max-snippet:-1, max-image-preview:large, max-video-preview:-1\" \/>\n<link rel=\"canonical\" href=\"https:\/\/semead.com.br\/19\/areas\/cientificas\/gestao-socioambiental\/\" \/>\n<meta property=\"og:locale\" content=\"en_US\" \/>\n<meta property=\"og:type\" content=\"article\" \/>\n<meta property=\"og:title\" content=\"Gest\u00e3o Socioambiental - XIX SemeAd\" \/>\n<meta property=\"og:description\" content=\"Coordenadores: Flavio Hourneaux Junior &#8211; FEA\/USP Coordenadora adjunta: Clandia Maffini Gomes &#8211; UFSM Temas e L\u00edderes: 1. Desempenho Social Corporativo (CSP) O tema trata de teorias, conceitos e pr\u00e1ticas relacionadas aos processos de mensura\u00e7\u00e3o, controle e gest\u00e3o do desempenho das organiza\u00e7\u00f5es, em uma vis\u00e3o ampliada \u00e0quela descrita pela teoria da firma. Inclui t\u00f3picos como: Indicadores...\" \/>\n<meta property=\"og:url\" content=\"https:\/\/semead.com.br\/19\/areas\/cientificas\/gestao-socioambiental\/\" \/>\n<meta property=\"og:site_name\" content=\"XIX SemeAd\" \/>\n<meta property=\"article:modified_time\" content=\"2016-05-25T18:50:04+00:00\" \/>\n<meta name=\"twitter:card\" content=\"summary_large_image\" \/>\n<meta name=\"twitter:label1\" content=\"Est. reading time\" \/>\n\t<meta name=\"twitter:data1\" content=\"2 minutes\" \/>\n<script type=\"application\/ld+json\" class=\"yoast-schema-graph\">{\"@context\":\"https:\/\/schema.org\",\"@graph\":[{\"@type\":\"WebPage\",\"@id\":\"https:\/\/semead.com.br\/19\/areas\/cientificas\/gestao-socioambiental\/\",\"url\":\"https:\/\/semead.com.br\/19\/areas\/cientificas\/gestao-socioambiental\/\",\"name\":\"Gest\u00e3o Socioambiental - XIX SemeAd\",\"isPartOf\":{\"@id\":\"https:\/\/semead.com.br\/19\/#website\"},\"datePublished\":\"2013-04-26T00:11:58+00:00\",\"dateModified\":\"2016-05-25T18:50:04+00:00\",\"breadcrumb\":{\"@id\":\"https:\/\/semead.com.br\/19\/areas\/cientificas\/gestao-socioambiental\/#breadcrumb\"},\"inLanguage\":\"en-US\",\"potentialAction\":[{\"@type\":\"ReadAction\",\"target\":[\"https:\/\/semead.com.br\/19\/areas\/cientificas\/gestao-socioambiental\/\"]}]},{\"@type\":\"BreadcrumbList\",\"@id\":\"https:\/\/semead.com.br\/19\/areas\/cientificas\/gestao-socioambiental\/#breadcrumb\",\"itemListElement\":[{\"@type\":\"ListItem\",\"position\":1,\"name\":\"In\u00edcio\",\"item\":\"https:\/\/semead.com.br\/19\/\"},{\"@type\":\"ListItem\",\"position\":2,\"name\":\"\u00c1reas\",\"item\":\"https:\/\/semead.com.br\/19\/areas\/\"},{\"@type\":\"ListItem\",\"position\":3,\"name\":\"Cient\u00edficas\",\"item\":\"https:\/\/semead.com.br\/19\/areas\/cientificas\/\"},{\"@type\":\"ListItem\",\"position\":4,\"name\":\"Gest\u00e3o Socioambiental\"}]},{\"@type\":\"WebSite\",\"@id\":\"https:\/\/semead.com.br\/19\/#website\",\"url\":\"https:\/\/semead.com.br\/19\/\",\"name\":\"XIX SemeAd\",\"description\":\"Semin\u00e1rios em Administra\u00e7\u00e3o\",\"potentialAction\":[{\"@type\":\"SearchAction\",\"target\":{\"@type\":\"EntryPoint\",\"urlTemplate\":\"https:\/\/semead.com.br\/19\/?s={search_term_string}\"},\"query-input\":{\"@type\":\"PropertyValueSpecification\",\"valueRequired\":true,\"valueName\":\"search_term_string\"}}],\"inLanguage\":\"en-US\"}]}<\/script>\n<!-- \/ Yoast SEO plugin. -->","yoast_head_json":{"title":"Gest\u00e3o Socioambiental - XIX SemeAd","robots":{"index":"index","follow":"follow","max-snippet":"max-snippet:-1","max-image-preview":"max-image-preview:large","max-video-preview":"max-video-preview:-1"},"canonical":"https:\/\/semead.com.br\/19\/areas\/cientificas\/gestao-socioambiental\/","og_locale":"en_US","og_type":"article","og_title":"Gest\u00e3o Socioambiental - XIX SemeAd","og_description":"Coordenadores: Flavio Hourneaux Junior &#8211; FEA\/USP Coordenadora adjunta: Clandia Maffini Gomes &#8211; UFSM Temas e L\u00edderes: 1. Desempenho Social Corporativo (CSP) O tema trata de teorias, conceitos e pr\u00e1ticas relacionadas aos processos de mensura\u00e7\u00e3o, controle e gest\u00e3o do desempenho das organiza\u00e7\u00f5es, em uma vis\u00e3o ampliada \u00e0quela descrita pela teoria da firma. Inclui t\u00f3picos como: Indicadores...","og_url":"https:\/\/semead.com.br\/19\/areas\/cientificas\/gestao-socioambiental\/","og_site_name":"XIX SemeAd","article_modified_time":"2016-05-25T18:50:04+00:00","twitter_card":"summary_large_image","twitter_misc":{"Est. reading time":"2 minutes"},"schema":{"@context":"https:\/\/schema.org","@graph":[{"@type":"WebPage","@id":"https:\/\/semead.com.br\/19\/areas\/cientificas\/gestao-socioambiental\/","url":"https:\/\/semead.com.br\/19\/areas\/cientificas\/gestao-socioambiental\/","name":"Gest\u00e3o Socioambiental - XIX SemeAd","isPartOf":{"@id":"https:\/\/semead.com.br\/19\/#website"},"datePublished":"2013-04-26T00:11:58+00:00","dateModified":"2016-05-25T18:50:04+00:00","breadcrumb":{"@id":"https:\/\/semead.com.br\/19\/areas\/cientificas\/gestao-socioambiental\/#breadcrumb"},"inLanguage":"en-US","potentialAction":[{"@type":"ReadAction","target":["https:\/\/semead.com.br\/19\/areas\/cientificas\/gestao-socioambiental\/"]}]},{"@type":"BreadcrumbList","@id":"https:\/\/semead.com.br\/19\/areas\/cientificas\/gestao-socioambiental\/#breadcrumb","itemListElement":[{"@type":"ListItem","position":1,"name":"In\u00edcio","item":"https:\/\/semead.com.br\/19\/"},{"@type":"ListItem","position":2,"name":"\u00c1reas","item":"https:\/\/semead.com.br\/19\/areas\/"},{"@type":"ListItem","position":3,"name":"Cient\u00edficas","item":"https:\/\/semead.com.br\/19\/areas\/cientificas\/"},{"@type":"ListItem","position":4,"name":"Gest\u00e3o Socioambiental"}]},{"@type":"WebSite","@id":"https:\/\/semead.com.br\/19\/#website","url":"https:\/\/semead.com.br\/19\/","name":"XIX SemeAd","description":"Semin\u00e1rios em Administra\u00e7\u00e3o","potentialAction":[{"@type":"SearchAction","target":{"@type":"EntryPoint","urlTemplate":"https:\/\/semead.com.br\/19\/?s={search_term_string}"},"query-input":{"@type":"PropertyValueSpecification","valueRequired":true,"valueName":"search_term_string"}}],"inLanguage":"en-US"}]}},"_links":{"self":[{"href":"https:\/\/semead.com.br\/19\/wp-json\/wp\/v2\/pages\/15","targetHints":{"allow":["GET"]}}],"collection":[{"href":"https:\/\/semead.com.br\/19\/wp-json\/wp\/v2\/pages"}],"about":[{"href":"https:\/\/semead.com.br\/19\/wp-json\/wp\/v2\/types\/page"}],"author":[{"embeddable":true,"href":"https:\/\/semead.com.br\/19\/wp-json\/wp\/v2\/users\/1"}],"replies":[{"embeddable":true,"href":"https:\/\/semead.com.br\/19\/wp-json\/wp\/v2\/comments?post=15"}],"version-history":[{"count":0,"href":"https:\/\/semead.com.br\/19\/wp-json\/wp\/v2\/pages\/15\/revisions"}],"up":[{"embeddable":true,"href":"https:\/\/semead.com.br\/19\/wp-json\/wp\/v2\/pages\/9"}],"wp:attachment":[{"href":"https:\/\/semead.com.br\/19\/wp-json\/wp\/v2\/media?parent=15"}],"curies":[{"name":"wp","href":"https:\/\/api.w.org\/{rel}","templated":true}]}}