{"id":16,"date":"2013-04-26T00:12:21","date_gmt":"2013-04-26T00:12:21","guid":{"rendered":"http:\/\/semead.com.br\/?page_id=16"},"modified":"2016-05-16T18:19:09","modified_gmt":"2016-05-16T21:19:09","slug":"gestao-da-tecnologia-da-informacao","status":"publish","type":"page","link":"https:\/\/semead.com.br\/19\/areas\/cientificas\/gestao-da-tecnologia-da-informacao\/","title":{"rendered":"Tecnologia da Informa\u00e7\u00e3o"},"content":{"rendered":"<p><strong>Coordenador:\u00a0Prof. Dr.\u00a0Cesar Alexandre Souza \u2013 FEA\/USP<\/strong><\/p>\n<p><strong><b>Temas e L\u00edderes:<\/b><\/strong><\/p>\n<p><strong>1. Gest\u00e3o Estrat\u00e9gica de TI e Governan\u00e7a de TI<\/strong><\/p>\n<p style=\"padding-left: 30px; text-align: justify;\">Governan\u00e7a de TI; Gest\u00e3o de TI; alinhamento estrat\u00e9gico de TI; planejamento de TI, Terceiriza\u00e7\u00e3o; An\u00e1lise do Valor de TI; Riscos e seguran\u00e7a em TI; Auditoria de Sistemas; Avalia\u00e7\u00e3o da Ado\u00e7\u00e3o de Frameworks ITIL \/ COBIT; Arquitetura e Infraestrutura em TI&#8221;<\/p>\n<p style=\"padding-left: 30px;\"><em>Prof. Dr. Rodrigo Baroni de Carvalho &#8211; PUC Minas<\/em><\/p>\n<p><strong>2. Governo Eletr\u00f4nico e Tecnologias da Informa\u00e7\u00e3o e da Comunica\u00e7\u00e3o (TICs) para o Desenvolvimento<br \/>\n<\/strong><\/p>\n<p style=\"padding-left: 30px;\">Ado\u00e7\u00e3o e uso da TI pela sociedade, organiza\u00e7\u00f5es e indiv\u00edduos no \u00e2mbito do setor p\u00fablico, e suas contribui\u00e7\u00f5es para a pr\u00e1tica democr\u00e1tica, a participa\u00e7\u00e3o e a transpar\u00eancia; Uso de TI na presta\u00e7\u00e3o de servi\u00e7os ao cidad\u00e3o, no suporte da gest\u00e3o e das pol\u00edticas p\u00fablicas, e suas implica\u00e7\u00f5es; Rela\u00e7\u00f5es entre uso de TI e desenvolvimento: TI verde, lixo eletr\u00f4nico, inclus\u00e3o\/exclus\u00e3o digital; Usos da TI na educa\u00e7\u00e3o, na sa\u00fade, e na inova\u00e7\u00e3o.<\/p>\n<p style=\"padding-left: 30px;\"><em>Prof. Ernani marques dos Santos &#8211; Universidade Federal da Bahia<\/em><\/p>\n<p><strong>3. Inova\u00e7\u00f5es em TIC e Neg\u00f3cios Digitais<\/strong><\/p>\n<p style=\"padding-left: 30px; text-align: justify;\">Estudos que envolvam a Inova\u00e7\u00e3o em Produtos, Processos, Servi\u00e7os e Gest\u00e3o, pela Ado\u00e7\u00e3o e Uso de TIC e tamb\u00e9m novos Modelos de Neg\u00f3cio permitidos\/possibilitados pela TIC (redes sociais, aplicativos m\u00f3veis, internet das coisas, Big Data, etc).<\/p>\n<p style=\"padding-left: 30px;\"><em>Prof. Dr. Gilberto Perez &#8211; Universidade Presbiteriana Mackenzie<\/em><\/p>\n<p><strong>4. Sistemas de Informa\u00e7\u00f5es e Impactos Organizacionais da TI<\/strong><\/p>\n<p style=\"padding-left: 30px; text-align: justify;\">Ado\u00e7\u00e3o, uso e impactos organizacionais de: Sistemas Empresariais &#8211; Sistemas ERP (Enterprise Resource Planning), CRM (Customer Relationship Management), SCM (Supply Chain Management), BI (Business Intelligence); sistemas interorganizacionais para cadeias colaborativas; computa\u00e7\u00e3o m\u00f3vel; neg\u00f3cios eletr\u00f4nicos; internet banking; ou que abordem a automatiza\u00e7\u00e3o e redesenho de processos administrativos, de neg\u00f3cios e industriais.<\/p>\n<p style=\"padding-left: 30px;\"><em>Profa. Dra.\u00a0Anat\u00e1lia Saraiva Martins Ramoss &#8211; Universidade Federal do Rio Grande do Norte (UFRN)<br \/>\n<\/em><\/p>\n<p>&nbsp;<\/p>\n","protected":false},"excerpt":{"rendered":"<p>Coordenador:\u00a0Prof. Dr.\u00a0Cesar Alexandre Souza \u2013 FEA\/USP Temas e L\u00edderes: 1. Gest\u00e3o Estrat\u00e9gica de TI e Governan\u00e7a de TI Governan\u00e7a de TI; Gest\u00e3o de TI; alinhamento estrat\u00e9gico de TI; planejamento de TI, Terceiriza\u00e7\u00e3o; An\u00e1lise do Valor de TI; Riscos e seguran\u00e7a em TI; Auditoria de Sistemas; Avalia\u00e7\u00e3o da Ado\u00e7\u00e3o de Frameworks ITIL \/ COBIT; Arquitetura e&#8230;<\/p>\n","protected":false},"author":1,"featured_media":0,"parent":9,"menu_order":70,"comment_status":"open","ping_status":"closed","template":"","meta":{"_acf_changed":false,"_monsterinsights_skip_tracking":false,"_monsterinsights_sitenote_active":false,"_monsterinsights_sitenote_note":"","_monsterinsights_sitenote_category":0,"footnotes":""},"class_list":["post-16","page","type-page","status-publish","hentry"],"acf":[],"yoast_head":"<!-- This site is optimized with the Yoast SEO plugin v27.1.1 - https:\/\/yoast.com\/product\/yoast-seo-wordpress\/ -->\n<title>Tecnologia da Informa\u00e7\u00e3o - XIX SemeAd<\/title>\n<meta name=\"robots\" content=\"index, follow, max-snippet:-1, max-image-preview:large, max-video-preview:-1\" \/>\n<link rel=\"canonical\" href=\"https:\/\/semead.com.br\/19\/areas\/cientificas\/gestao-da-tecnologia-da-informacao\/\" \/>\n<meta property=\"og:locale\" content=\"en_US\" \/>\n<meta property=\"og:type\" content=\"article\" \/>\n<meta property=\"og:title\" content=\"Tecnologia da Informa\u00e7\u00e3o - XIX SemeAd\" \/>\n<meta property=\"og:description\" content=\"Coordenador:\u00a0Prof. Dr.\u00a0Cesar Alexandre Souza \u2013 FEA\/USP Temas e L\u00edderes: 1. Gest\u00e3o Estrat\u00e9gica de TI e Governan\u00e7a de TI Governan\u00e7a de TI; Gest\u00e3o de TI; alinhamento estrat\u00e9gico de TI; planejamento de TI, Terceiriza\u00e7\u00e3o; An\u00e1lise do Valor de TI; Riscos e seguran\u00e7a em TI; Auditoria de Sistemas; Avalia\u00e7\u00e3o da Ado\u00e7\u00e3o de Frameworks ITIL \/ COBIT; Arquitetura e...\" \/>\n<meta property=\"og:url\" content=\"https:\/\/semead.com.br\/19\/areas\/cientificas\/gestao-da-tecnologia-da-informacao\/\" \/>\n<meta property=\"og:site_name\" content=\"XIX SemeAd\" \/>\n<meta property=\"article:modified_time\" content=\"2016-05-16T21:19:09+00:00\" \/>\n<meta name=\"twitter:card\" content=\"summary_large_image\" \/>\n<meta name=\"twitter:label1\" content=\"Est. reading time\" \/>\n\t<meta name=\"twitter:data1\" content=\"2 minutes\" \/>\n<script type=\"application\/ld+json\" class=\"yoast-schema-graph\">{\"@context\":\"https:\/\/schema.org\",\"@graph\":[{\"@type\":\"WebPage\",\"@id\":\"https:\/\/semead.com.br\/19\/areas\/cientificas\/gestao-da-tecnologia-da-informacao\/\",\"url\":\"https:\/\/semead.com.br\/19\/areas\/cientificas\/gestao-da-tecnologia-da-informacao\/\",\"name\":\"Tecnologia da Informa\u00e7\u00e3o - XIX SemeAd\",\"isPartOf\":{\"@id\":\"https:\/\/semead.com.br\/19\/#website\"},\"datePublished\":\"2013-04-26T00:12:21+00:00\",\"dateModified\":\"2016-05-16T21:19:09+00:00\",\"breadcrumb\":{\"@id\":\"https:\/\/semead.com.br\/19\/areas\/cientificas\/gestao-da-tecnologia-da-informacao\/#breadcrumb\"},\"inLanguage\":\"en-US\",\"potentialAction\":[{\"@type\":\"ReadAction\",\"target\":[\"https:\/\/semead.com.br\/19\/areas\/cientificas\/gestao-da-tecnologia-da-informacao\/\"]}]},{\"@type\":\"BreadcrumbList\",\"@id\":\"https:\/\/semead.com.br\/19\/areas\/cientificas\/gestao-da-tecnologia-da-informacao\/#breadcrumb\",\"itemListElement\":[{\"@type\":\"ListItem\",\"position\":1,\"name\":\"In\u00edcio\",\"item\":\"https:\/\/semead.com.br\/19\/\"},{\"@type\":\"ListItem\",\"position\":2,\"name\":\"\u00c1reas\",\"item\":\"https:\/\/semead.com.br\/19\/areas\/\"},{\"@type\":\"ListItem\",\"position\":3,\"name\":\"Cient\u00edficas\",\"item\":\"https:\/\/semead.com.br\/19\/areas\/cientificas\/\"},{\"@type\":\"ListItem\",\"position\":4,\"name\":\"Tecnologia da Informa\u00e7\u00e3o\"}]},{\"@type\":\"WebSite\",\"@id\":\"https:\/\/semead.com.br\/19\/#website\",\"url\":\"https:\/\/semead.com.br\/19\/\",\"name\":\"XIX SemeAd\",\"description\":\"Semin\u00e1rios em Administra\u00e7\u00e3o\",\"potentialAction\":[{\"@type\":\"SearchAction\",\"target\":{\"@type\":\"EntryPoint\",\"urlTemplate\":\"https:\/\/semead.com.br\/19\/?s={search_term_string}\"},\"query-input\":{\"@type\":\"PropertyValueSpecification\",\"valueRequired\":true,\"valueName\":\"search_term_string\"}}],\"inLanguage\":\"en-US\"}]}<\/script>\n<!-- \/ Yoast SEO plugin. -->","yoast_head_json":{"title":"Tecnologia da Informa\u00e7\u00e3o - XIX SemeAd","robots":{"index":"index","follow":"follow","max-snippet":"max-snippet:-1","max-image-preview":"max-image-preview:large","max-video-preview":"max-video-preview:-1"},"canonical":"https:\/\/semead.com.br\/19\/areas\/cientificas\/gestao-da-tecnologia-da-informacao\/","og_locale":"en_US","og_type":"article","og_title":"Tecnologia da Informa\u00e7\u00e3o - XIX SemeAd","og_description":"Coordenador:\u00a0Prof. Dr.\u00a0Cesar Alexandre Souza \u2013 FEA\/USP Temas e L\u00edderes: 1. Gest\u00e3o Estrat\u00e9gica de TI e Governan\u00e7a de TI Governan\u00e7a de TI; Gest\u00e3o de TI; alinhamento estrat\u00e9gico de TI; planejamento de TI, Terceiriza\u00e7\u00e3o; An\u00e1lise do Valor de TI; Riscos e seguran\u00e7a em TI; Auditoria de Sistemas; Avalia\u00e7\u00e3o da Ado\u00e7\u00e3o de Frameworks ITIL \/ COBIT; Arquitetura e...","og_url":"https:\/\/semead.com.br\/19\/areas\/cientificas\/gestao-da-tecnologia-da-informacao\/","og_site_name":"XIX SemeAd","article_modified_time":"2016-05-16T21:19:09+00:00","twitter_card":"summary_large_image","twitter_misc":{"Est. reading time":"2 minutes"},"schema":{"@context":"https:\/\/schema.org","@graph":[{"@type":"WebPage","@id":"https:\/\/semead.com.br\/19\/areas\/cientificas\/gestao-da-tecnologia-da-informacao\/","url":"https:\/\/semead.com.br\/19\/areas\/cientificas\/gestao-da-tecnologia-da-informacao\/","name":"Tecnologia da Informa\u00e7\u00e3o - XIX SemeAd","isPartOf":{"@id":"https:\/\/semead.com.br\/19\/#website"},"datePublished":"2013-04-26T00:12:21+00:00","dateModified":"2016-05-16T21:19:09+00:00","breadcrumb":{"@id":"https:\/\/semead.com.br\/19\/areas\/cientificas\/gestao-da-tecnologia-da-informacao\/#breadcrumb"},"inLanguage":"en-US","potentialAction":[{"@type":"ReadAction","target":["https:\/\/semead.com.br\/19\/areas\/cientificas\/gestao-da-tecnologia-da-informacao\/"]}]},{"@type":"BreadcrumbList","@id":"https:\/\/semead.com.br\/19\/areas\/cientificas\/gestao-da-tecnologia-da-informacao\/#breadcrumb","itemListElement":[{"@type":"ListItem","position":1,"name":"In\u00edcio","item":"https:\/\/semead.com.br\/19\/"},{"@type":"ListItem","position":2,"name":"\u00c1reas","item":"https:\/\/semead.com.br\/19\/areas\/"},{"@type":"ListItem","position":3,"name":"Cient\u00edficas","item":"https:\/\/semead.com.br\/19\/areas\/cientificas\/"},{"@type":"ListItem","position":4,"name":"Tecnologia da Informa\u00e7\u00e3o"}]},{"@type":"WebSite","@id":"https:\/\/semead.com.br\/19\/#website","url":"https:\/\/semead.com.br\/19\/","name":"XIX SemeAd","description":"Semin\u00e1rios em Administra\u00e7\u00e3o","potentialAction":[{"@type":"SearchAction","target":{"@type":"EntryPoint","urlTemplate":"https:\/\/semead.com.br\/19\/?s={search_term_string}"},"query-input":{"@type":"PropertyValueSpecification","valueRequired":true,"valueName":"search_term_string"}}],"inLanguage":"en-US"}]}},"_links":{"self":[{"href":"https:\/\/semead.com.br\/19\/wp-json\/wp\/v2\/pages\/16","targetHints":{"allow":["GET"]}}],"collection":[{"href":"https:\/\/semead.com.br\/19\/wp-json\/wp\/v2\/pages"}],"about":[{"href":"https:\/\/semead.com.br\/19\/wp-json\/wp\/v2\/types\/page"}],"author":[{"embeddable":true,"href":"https:\/\/semead.com.br\/19\/wp-json\/wp\/v2\/users\/1"}],"replies":[{"embeddable":true,"href":"https:\/\/semead.com.br\/19\/wp-json\/wp\/v2\/comments?post=16"}],"version-history":[{"count":0,"href":"https:\/\/semead.com.br\/19\/wp-json\/wp\/v2\/pages\/16\/revisions"}],"up":[{"embeddable":true,"href":"https:\/\/semead.com.br\/19\/wp-json\/wp\/v2\/pages\/9"}],"wp:attachment":[{"href":"https:\/\/semead.com.br\/19\/wp-json\/wp\/v2\/media?parent=16"}],"curies":[{"name":"wp","href":"https:\/\/api.w.org\/{rel}","templated":true}]}}