{"id":18,"date":"2013-04-26T00:13:44","date_gmt":"2013-04-26T00:13:44","guid":{"rendered":"http:\/\/semead.com.br\/?page_id=18"},"modified":"2016-06-08T11:54:55","modified_gmt":"2016-06-08T14:54:55","slug":"administracao-publica","status":"publish","type":"page","link":"https:\/\/semead.com.br\/19\/areas\/cientificas\/administracao-publica\/","title":{"rendered":"Administra\u00e7\u00e3o P\u00fablica"},"content":{"rendered":"<h3><strong>Coordenador: Prof. Dr. Jos\u00e9 Carlos Vaz &#8211; EACH-USP<\/strong><\/h3>\n<h3><strong>Coordenadora adjunta:\u00a0Profa. Dra.\u00a0Gabriela de Br\u00e8laz &#8211; UNIFESP<\/strong><\/h3>\n<h4><strong>Temas e L\u00edderes:<\/strong><\/h4>\n<p><strong>1. Atendimento ao Cidad\u00e3o, Presta\u00e7\u00e3o de Servi\u00e7os e Inova\u00e7\u00e3o em Gest\u00e3o P\u00fablica<\/strong><\/p>\n<p style=\"padding-left: 30px;\">Os esfor\u00e7os da Administra\u00e7\u00e3o P\u00fablica para a amplia\u00e7\u00e3o da oferta de servi\u00e7os aos cidad\u00e3os, tanto em termos de maior abrang\u00eancia, quanto de aprofundamento da qualidade ofertada s\u00e3o o objeto deste tema. Incluem-se aqui trabalhos que estudem impactos, condi\u00e7\u00f5es de oferta e consumo e aspectos metodol\u00f3gicos, organizacionais e tecnol\u00f3gicos de pol\u00edticas e servi\u00e7os\u00a0 relacionados ao atendimento ao cidad\u00e3o, tanto em termos presenciais quanto por meio de recursos de governo eletr\u00f4nico. Neste tema incluem-se tamb\u00e9m pr\u00e1ticas de produ\u00e7\u00e3o de inova\u00e7\u00e3o no \u00e2mbito das organiza\u00e7\u00f5es p\u00fablicas e das redes de produ\u00e7\u00e3o de servi\u00e7os p\u00fablicos, envolvendo, inclusive, parceiros privados.<\/p>\n<p style=\"padding-left: 30px;\"><em>Profa. Dra. Maria Alexandra V. C. Cunha (EAESP-FGV)<\/em><\/p>\n<p><strong>2. Promo\u00e7\u00e3o da Efici\u00eancia, Otimiza\u00e7\u00e3o de Processos e de Recursos P\u00fablicos<\/strong><\/p>\n<p style=\"padding-left: 30px;\">O tema acolhe estudos te\u00f3ricos e an\u00e1lises emp\u00edricas no campo da gest\u00e3o de recursos p\u00fablicos, do ponto de vista econ\u00f4mico, financeiro e or\u00e7ament\u00e1rio. O foco desejado \u00e9 a otimiza\u00e7\u00e3o do uso dos recursos, a partir da perspectiva de que este objetivo permanente da Administra\u00e7\u00e3o P\u00fablica pode ser atingido por meio de m\u00faltiplas estrat\u00e9gias, que v\u00e3o desde a melhoria de processos at\u00e9 a inova\u00e7\u00e3o na gest\u00e3o financeira e or\u00e7ament\u00e1ria.<\/p>\n<p style=\"padding-left: 30px;\"><em>Prof. Dr. Valdemir Pires (FCL-UNESP)<\/em><\/p>\n<p><strong>3. Gest\u00e3o Organizacional: Governan\u00e7a, Planejamento, Recursos Humanos e Capacidades.<\/strong><\/p>\n<p style=\"padding-left: 30px;\">A gest\u00e3o das organiza\u00e7\u00f5es p\u00fablicas \u00e9 o objeto central deste tema, tanto do ponto de vista te\u00f3rico quanto emp\u00edrico. Entram neste campo os estudos sobre governan\u00e7a do setor p\u00fablico, recursos humanos em organiza\u00e7\u00f5es p\u00fablicas,\u00a0 desenho organizacional, arranjos institucionais para a produ\u00e7\u00e3o de servi\u00e7os e pol\u00edticas p\u00fablicas. Tamb\u00e9m abarca trabalhos sobre capacidades institucionais e de governo e trabalhos sobre abordagens, m\u00e9todos e casos sobre planejamento estrat\u00e9gico em organiza\u00e7\u00f5es p\u00fablicas.<\/p>\n<p style=\"padding-left: 30px;\"><em>Prof. Dr. Jo\u00e3o Luiz Passador (FEARP-USP)<\/em><br \/>\n<em>Profa. Dra. Cl\u00e1udia Souza Passador (FEARP-USP)<\/em><\/p>\n<p><strong>4. Rela\u00e7\u00e3o Governo-Sociedade: Transpar\u00eancia, Accountability e Participa\u00e7\u00e3o<\/strong><\/p>\n<p style=\"padding-left: 30px;\">A Administra\u00e7\u00e3o P\u00fablica brasileira enfrenta demandas e dilemas em termos de governan\u00e7a, transpar\u00eancia, accountability e participa\u00e7\u00e3o social nos processos decis\u00f3rios. Em uma sociedade complexa, o Estado cada vez mais precisa relacionar-se com organiza\u00e7\u00f5es da sociedade civil e com os cidad\u00e3os. Neste tema ser\u00e3o aceitos trabalhos que abordem esta rela\u00e7\u00e3o do ponto de vista da Administra\u00e7\u00e3o P\u00fablica, versando sobre os impactos das pr\u00e1ticas e experi\u00eancias e as din\u00e2micas sociopol\u00edticas estabelecidas entre os atores envolvidos.<\/p>\n<p style=\"padding-left: 30px;\"><em>Prof. Dr. Oswaldo Gon\u00e7alves Junior (Unicamp)<br \/>\n<em>Profa. Dra. Gabriela de Br\u00e8laz (UNIFESP)<\/em><\/em><\/p>\n<p><strong>5. Gest\u00e3o em Sa\u00fade<\/strong><\/p>\n<p style=\"padding-left: 30px;\">A gest\u00e3o em sa\u00fade abarca iniciativas nos setores p\u00fablico e privado. Esse tema considera pol\u00edticas de sa\u00fade, e tamb\u00e9m iniciativas no \u00e2mbito organizacional, particularmente na esfera da presta\u00e7\u00e3o de servi\u00e7os de sa\u00fade e na oferta de produtos de sa\u00fade (no contexto do denominado complexo industrial da sa\u00fade). Nesse sentido, os trabalhos abordam diversos elementos de gest\u00e3o aplicados ao setor de sa\u00fade, considerados segundo diferentes aspectos de an\u00e1lise, tais como as dimens\u00f5es econ\u00f4mica, social e tecnol\u00f3gica.<\/p>\n<p style=\"padding-left: 30px;\"><em>Prof. Dr. Marcelo Caldeira Pedroso (FEA-USP)<\/em><\/p>\n<p><strong>6. Organiza\u00e7\u00f5es do Terceiro Setor<\/strong><\/p>\n<p style=\"padding-left: 30px;\">As organiza\u00e7\u00f5es do Terceiro Setor podem ser entendidas como objeto de investiga\u00e7\u00e3o espec\u00edfica, por conta de suas caracter\u00edsticas particulares. Neste tema, acolhem-se trabalhos sobre tais organiza\u00e7\u00f5es que tratem de modelos de gest\u00e3o e de capacita\u00e7\u00e3o, qualidade de servi\u00e7o, gest\u00e3o e transmiss\u00e3o do conhecimento, \u00a0redes das organiza\u00e7\u00f5es da sociedade civil \u00a0e \u00e9tica no Terceiro Setor. As rela\u00e7\u00f5es entre o Terceiro setor e o desenvolvimento social s\u00e3o de interesse do tema, em assuntos como avalia\u00e7\u00e3o de projetos sociais, neg\u00f3cios sociais, e rela\u00e7\u00f5es intersetoriais (Estado, setor privado e organiza\u00e7\u00f5es do terceiro setor). Tamb\u00e9m s\u00e3o estimulados artigos que articulam temas dos Estudos Organizacionais em organiza\u00e7\u00f5es do Terceiro Setor.<\/p>\n<p style=\"padding-left: 30px;\"><em>Prof. Luciano A. Prates Junqueira (PUC-SP)<\/em><\/p>\n","protected":false},"excerpt":{"rendered":"<p>Coordenador: Prof. Dr. Jos\u00e9 Carlos Vaz &#8211; EACH-USP Coordenadora adjunta:\u00a0Profa. Dra.\u00a0Gabriela de Br\u00e8laz &#8211; UNIFESP Temas e L\u00edderes: 1. Atendimento ao Cidad\u00e3o, Presta\u00e7\u00e3o de Servi\u00e7os e Inova\u00e7\u00e3o em Gest\u00e3o P\u00fablica Os esfor\u00e7os da Administra\u00e7\u00e3o P\u00fablica para a amplia\u00e7\u00e3o da oferta de servi\u00e7os aos cidad\u00e3os, tanto em termos de maior abrang\u00eancia, quanto de aprofundamento da qualidade&#8230;<\/p>\n","protected":false},"author":1,"featured_media":0,"parent":9,"menu_order":90,"comment_status":"open","ping_status":"closed","template":"","meta":{"_acf_changed":false,"_monsterinsights_skip_tracking":false,"_monsterinsights_sitenote_active":false,"_monsterinsights_sitenote_note":"","_monsterinsights_sitenote_category":0,"footnotes":""},"class_list":["post-18","page","type-page","status-publish","hentry"],"acf":[],"yoast_head":"<!-- This site is optimized with the Yoast SEO plugin v27.1.1 - https:\/\/yoast.com\/product\/yoast-seo-wordpress\/ -->\n<title>Administra\u00e7\u00e3o P\u00fablica - XIX SemeAd<\/title>\n<meta name=\"robots\" content=\"index, follow, max-snippet:-1, max-image-preview:large, max-video-preview:-1\" \/>\n<link rel=\"canonical\" href=\"https:\/\/semead.com.br\/19\/areas\/cientificas\/administracao-publica\/\" \/>\n<meta property=\"og:locale\" content=\"en_US\" \/>\n<meta property=\"og:type\" content=\"article\" \/>\n<meta property=\"og:title\" content=\"Administra\u00e7\u00e3o P\u00fablica - XIX SemeAd\" \/>\n<meta property=\"og:description\" content=\"Coordenador: Prof. Dr. Jos\u00e9 Carlos Vaz &#8211; EACH-USP Coordenadora adjunta:\u00a0Profa. Dra.\u00a0Gabriela de Br\u00e8laz &#8211; UNIFESP Temas e L\u00edderes: 1. Atendimento ao Cidad\u00e3o, Presta\u00e7\u00e3o de Servi\u00e7os e Inova\u00e7\u00e3o em Gest\u00e3o P\u00fablica Os esfor\u00e7os da Administra\u00e7\u00e3o P\u00fablica para a amplia\u00e7\u00e3o da oferta de servi\u00e7os aos cidad\u00e3os, tanto em termos de maior abrang\u00eancia, quanto de aprofundamento da qualidade...\" \/>\n<meta property=\"og:url\" content=\"https:\/\/semead.com.br\/19\/areas\/cientificas\/administracao-publica\/\" \/>\n<meta property=\"og:site_name\" content=\"XIX SemeAd\" \/>\n<meta property=\"article:modified_time\" content=\"2016-06-08T14:54:55+00:00\" \/>\n<meta name=\"twitter:card\" content=\"summary_large_image\" \/>\n<meta name=\"twitter:label1\" content=\"Est. reading time\" \/>\n\t<meta name=\"twitter:data1\" content=\"4 minutes\" \/>\n<script type=\"application\/ld+json\" class=\"yoast-schema-graph\">{\"@context\":\"https:\/\/schema.org\",\"@graph\":[{\"@type\":\"WebPage\",\"@id\":\"https:\/\/semead.com.br\/19\/areas\/cientificas\/administracao-publica\/\",\"url\":\"https:\/\/semead.com.br\/19\/areas\/cientificas\/administracao-publica\/\",\"name\":\"Administra\u00e7\u00e3o P\u00fablica - XIX SemeAd\",\"isPartOf\":{\"@id\":\"https:\/\/semead.com.br\/19\/#website\"},\"datePublished\":\"2013-04-26T00:13:44+00:00\",\"dateModified\":\"2016-06-08T14:54:55+00:00\",\"breadcrumb\":{\"@id\":\"https:\/\/semead.com.br\/19\/areas\/cientificas\/administracao-publica\/#breadcrumb\"},\"inLanguage\":\"en-US\",\"potentialAction\":[{\"@type\":\"ReadAction\",\"target\":[\"https:\/\/semead.com.br\/19\/areas\/cientificas\/administracao-publica\/\"]}]},{\"@type\":\"BreadcrumbList\",\"@id\":\"https:\/\/semead.com.br\/19\/areas\/cientificas\/administracao-publica\/#breadcrumb\",\"itemListElement\":[{\"@type\":\"ListItem\",\"position\":1,\"name\":\"In\u00edcio\",\"item\":\"https:\/\/semead.com.br\/19\/\"},{\"@type\":\"ListItem\",\"position\":2,\"name\":\"\u00c1reas\",\"item\":\"https:\/\/semead.com.br\/19\/areas\/\"},{\"@type\":\"ListItem\",\"position\":3,\"name\":\"Cient\u00edficas\",\"item\":\"https:\/\/semead.com.br\/19\/areas\/cientificas\/\"},{\"@type\":\"ListItem\",\"position\":4,\"name\":\"Administra\u00e7\u00e3o P\u00fablica\"}]},{\"@type\":\"WebSite\",\"@id\":\"https:\/\/semead.com.br\/19\/#website\",\"url\":\"https:\/\/semead.com.br\/19\/\",\"name\":\"XIX SemeAd\",\"description\":\"Semin\u00e1rios em Administra\u00e7\u00e3o\",\"potentialAction\":[{\"@type\":\"SearchAction\",\"target\":{\"@type\":\"EntryPoint\",\"urlTemplate\":\"https:\/\/semead.com.br\/19\/?s={search_term_string}\"},\"query-input\":{\"@type\":\"PropertyValueSpecification\",\"valueRequired\":true,\"valueName\":\"search_term_string\"}}],\"inLanguage\":\"en-US\"}]}<\/script>\n<!-- \/ Yoast SEO plugin. -->","yoast_head_json":{"title":"Administra\u00e7\u00e3o P\u00fablica - XIX SemeAd","robots":{"index":"index","follow":"follow","max-snippet":"max-snippet:-1","max-image-preview":"max-image-preview:large","max-video-preview":"max-video-preview:-1"},"canonical":"https:\/\/semead.com.br\/19\/areas\/cientificas\/administracao-publica\/","og_locale":"en_US","og_type":"article","og_title":"Administra\u00e7\u00e3o P\u00fablica - XIX SemeAd","og_description":"Coordenador: Prof. Dr. Jos\u00e9 Carlos Vaz &#8211; EACH-USP Coordenadora adjunta:\u00a0Profa. Dra.\u00a0Gabriela de Br\u00e8laz &#8211; UNIFESP Temas e L\u00edderes: 1. Atendimento ao Cidad\u00e3o, Presta\u00e7\u00e3o de Servi\u00e7os e Inova\u00e7\u00e3o em Gest\u00e3o P\u00fablica Os esfor\u00e7os da Administra\u00e7\u00e3o P\u00fablica para a amplia\u00e7\u00e3o da oferta de servi\u00e7os aos cidad\u00e3os, tanto em termos de maior abrang\u00eancia, quanto de aprofundamento da qualidade...","og_url":"https:\/\/semead.com.br\/19\/areas\/cientificas\/administracao-publica\/","og_site_name":"XIX SemeAd","article_modified_time":"2016-06-08T14:54:55+00:00","twitter_card":"summary_large_image","twitter_misc":{"Est. reading time":"4 minutes"},"schema":{"@context":"https:\/\/schema.org","@graph":[{"@type":"WebPage","@id":"https:\/\/semead.com.br\/19\/areas\/cientificas\/administracao-publica\/","url":"https:\/\/semead.com.br\/19\/areas\/cientificas\/administracao-publica\/","name":"Administra\u00e7\u00e3o P\u00fablica - XIX SemeAd","isPartOf":{"@id":"https:\/\/semead.com.br\/19\/#website"},"datePublished":"2013-04-26T00:13:44+00:00","dateModified":"2016-06-08T14:54:55+00:00","breadcrumb":{"@id":"https:\/\/semead.com.br\/19\/areas\/cientificas\/administracao-publica\/#breadcrumb"},"inLanguage":"en-US","potentialAction":[{"@type":"ReadAction","target":["https:\/\/semead.com.br\/19\/areas\/cientificas\/administracao-publica\/"]}]},{"@type":"BreadcrumbList","@id":"https:\/\/semead.com.br\/19\/areas\/cientificas\/administracao-publica\/#breadcrumb","itemListElement":[{"@type":"ListItem","position":1,"name":"In\u00edcio","item":"https:\/\/semead.com.br\/19\/"},{"@type":"ListItem","position":2,"name":"\u00c1reas","item":"https:\/\/semead.com.br\/19\/areas\/"},{"@type":"ListItem","position":3,"name":"Cient\u00edficas","item":"https:\/\/semead.com.br\/19\/areas\/cientificas\/"},{"@type":"ListItem","position":4,"name":"Administra\u00e7\u00e3o P\u00fablica"}]},{"@type":"WebSite","@id":"https:\/\/semead.com.br\/19\/#website","url":"https:\/\/semead.com.br\/19\/","name":"XIX SemeAd","description":"Semin\u00e1rios em Administra\u00e7\u00e3o","potentialAction":[{"@type":"SearchAction","target":{"@type":"EntryPoint","urlTemplate":"https:\/\/semead.com.br\/19\/?s={search_term_string}"},"query-input":{"@type":"PropertyValueSpecification","valueRequired":true,"valueName":"search_term_string"}}],"inLanguage":"en-US"}]}},"_links":{"self":[{"href":"https:\/\/semead.com.br\/19\/wp-json\/wp\/v2\/pages\/18","targetHints":{"allow":["GET"]}}],"collection":[{"href":"https:\/\/semead.com.br\/19\/wp-json\/wp\/v2\/pages"}],"about":[{"href":"https:\/\/semead.com.br\/19\/wp-json\/wp\/v2\/types\/page"}],"author":[{"embeddable":true,"href":"https:\/\/semead.com.br\/19\/wp-json\/wp\/v2\/users\/1"}],"replies":[{"embeddable":true,"href":"https:\/\/semead.com.br\/19\/wp-json\/wp\/v2\/comments?post=18"}],"version-history":[{"count":0,"href":"https:\/\/semead.com.br\/19\/wp-json\/wp\/v2\/pages\/18\/revisions"}],"up":[{"embeddable":true,"href":"https:\/\/semead.com.br\/19\/wp-json\/wp\/v2\/pages\/9"}],"wp:attachment":[{"href":"https:\/\/semead.com.br\/19\/wp-json\/wp\/v2\/media?parent=18"}],"curies":[{"name":"wp","href":"https:\/\/api.w.org\/{rel}","templated":true}]}}