{"id":21,"date":"2013-04-26T00:14:58","date_gmt":"2013-04-26T00:14:58","guid":{"rendered":"http:\/\/semead.com.br\/?page_id=21"},"modified":"2016-05-25T15:49:28","modified_gmt":"2016-05-25T18:49:28","slug":"gestao-da-inovacao","status":"publish","type":"page","link":"https:\/\/semead.com.br\/19\/areas\/cientificas\/gestao-da-inovacao\/","title":{"rendered":"Gest\u00e3o da Inova\u00e7\u00e3o"},"content":{"rendered":"<h3><strong>Coordenador: Guilherme Ary Plonski &#8211; FEA-USP<\/strong><\/h3>\n<h4><strong>Temas e L\u00edderes<\/strong><\/h4>\n<p><strong>1. Pol\u00edtica e Estrat\u00e9gia Tecnol\u00f3gica e de Inova\u00e7\u00e3o<\/strong><\/p>\n<p style=\"padding-left: 30px;\">O tema abrange um amplo leque de quest\u00f5es, agregadas a seguir em dois subtemas:<br \/>\n1.1 Pol\u00edtica Tecnol\u00f3gica e de Inova\u00e7\u00e3o, que inclui, sem a isso se limitar:<br \/>\na) O contexto e o ambiente pol\u00edtico-institucional de Ci\u00eancia, Tecnologia e Inova\u00e7\u00e3o (CT&amp;I), assim como o marco regulat\u00f3rio pertinente; merece destaque a recente promulga\u00e7\u00e3o da Emenda Constitucional 85, que em 2015 introduziu a inova\u00e7\u00e3o na Constitui\u00e7\u00e3o Federal, assim como a Lei 13.243 de 2016, que atualiza substancialmente a Lei da Inova\u00e7\u00e3o de 2004;<br \/>\nb) As pol\u00edticas p\u00fablicas para promo\u00e7\u00e3o da inova\u00e7\u00e3o, tanto no n\u00edvel nacional como no subnacional e os sistemas de fomento, incentivo e financiamento de CT&amp;I; e<br \/>\nc) A avalia\u00e7\u00e3o e mensura\u00e7\u00e3o de impactos de pol\u00edticas nacionais, regionais e setoriais de CT&amp;I.<br \/>\n1.2 Estrat\u00e9gia Tecnol\u00f3gica e de Inova\u00e7\u00e3o, que contempla, entre outros:<br \/>\na) O car\u00e1ter estrat\u00e9gico de CT&amp;I e a articula\u00e7\u00e3o entre inova\u00e7\u00e3o e neg\u00f3cios de uma organiza\u00e7\u00e3o;<br \/>\nb) As estrat\u00e9gias do setor p\u00fablico e privado na forma\u00e7\u00e3o de centros de pesquisa e desenvolvimento;<br \/>\nc) Observat\u00f3rios de tecnologia e inova\u00e7\u00e3o; e<br \/>\nd) Tecnologia Industrial B\u00e1sica.<\/p>\n<p style=\"padding-left: 30px;\"><em>Prof. Dr\u00a0Moacir de Miranda Oliveira Junior &#8211; FEA\/USP<\/em><\/p>\n<p><strong>2. A Dimens\u00e3o Internacional de Ci\u00eancia, Tecnologia e Inova\u00e7\u00e3o (CT&amp;I)<\/strong><\/p>\n<p style=\"padding-left: 30px;\">Este tema, ainda pouco explorado em nosso meio, \u00e9 introduzido pela primeira vez na programa\u00e7\u00e3o do Semead, ressaltando o car\u00e1ter internacional da Gest\u00e3o da Inova\u00e7\u00e3o contempor\u00e2nea. Inclui, sem a isso se limitar, os assuntos seguintes:<br \/>\na) Influ\u00eancias de CT&amp;I na agenda global e CT&amp;I como fonte de poder nas rela\u00e7\u00f5es internacionais;<br \/>\nb) Coopera\u00e7\u00e3o internacional bilateral e multilateral em \u00e1reas de CT&amp;I;<br \/>\nc) Diplomacia cient\u00edfica e tecnol\u00f3gica e pol\u00edtica externa e estrat\u00e9gia de coopera\u00e7\u00e3o internacional em CT&amp;I;<br \/>\nd) Papel da CT&amp;I nos acordos de internacionaliza\u00e7\u00e3o de neg\u00f3cios<br \/>\ne) Pr\u00e1ticas\/casos de exporta\u00e7\u00e3o\/importa\u00e7\u00e3o envolvendo CT&amp;I; e<br \/>\nf) CT&amp;I na internacionaliza\u00e7\u00e3o de empresas.<\/p>\n<p style=\"padding-left: 30px;\"><em>Prof. Dr Alberto Pfeifer &#8211; USP<\/em><\/p>\n<p><strong>3. Redes, Coopera\u00e7\u00e3o Tecnol\u00f3gica e Inova\u00e7\u00e3o Aberta<\/strong><\/p>\n<p style=\"padding-left: 30px;\">O tema contempla formas de inova\u00e7\u00e3o provenientes de contextos abertos e colaborativos, assim como articula\u00e7\u00f5es em redes de neg\u00f3cios ou redes de ci\u00eancia, tecnologia e inova\u00e7\u00e3o. Inclui, entre outros:<br \/>\na) Casos de inova\u00e7\u00e3o cuja \u00eanfase est\u00e1 na constitui\u00e7\u00e3o e opera\u00e7\u00e3o de arranjos envolvendo diversos entes; estes podem ser de mesma natureza (por exemplo, empresas relacionadas) ou de natureza e caracter\u00edsticas diferentes (tais como outras empresas, universidades, institutos e centros de pesquisa e ag\u00eancias de fomento);<br \/>\nb) Redes que agregam novas tecnologias gerenciais de coopera\u00e7\u00e3o no contexto de aglomera\u00e7\u00f5es territoriais, arranjos produtivos locais e ambientes de inova\u00e7\u00e3o especializados (incubadoras e aceleradoras de empresas, parques tecnol\u00f3gicos, distritos e polos tecnol\u00f3gicos, fablabs e outros);<br \/>\nc) Modelos de implementa\u00e7\u00e3o e gest\u00e3o da inova\u00e7\u00e3o aberta (open innovation), tais como coopera\u00e7\u00e3o, coprodu\u00e7\u00e3o, sistemas de colabora\u00e7\u00e3o online, codesign, cocria\u00e7\u00e3o e, de forma geral, projetos colaborativos de pesqiuisa, desenvolvimento e engenharia envolvendo grupos multifuncionais e interdisciplinares; e<br \/>\nd) An\u00e1lises de redes cooperativas para desenvolvimento tecnol\u00f3gico e inova\u00e7\u00e3o, utilizando-se, por exemplo, da metodologia de An\u00e1lise de Redes Sociais (ARS).<\/p>\n<p style=\"padding-left: 30px;\"><em>Profa. Dra. Geciane Silveira Porto &#8211;\u00a0FEA-RP\/USP<\/em><\/p>\n<p><strong>4. Organiza\u00e7\u00e3o e Processos para Inova\u00e7\u00e3o<\/strong><\/p>\n<p style=\"padding-left: 30px;\">O tema engloba quest\u00f5es relacionadas aos desafios para transformar o desejo organizacional de inovar em modelos de atua\u00e7\u00e3o que ensejem um fluxo sistem\u00e1tico de inova\u00e7\u00f5es, que fa\u00e7am sentido no contexto espec\u00edfico. Abrange uma variedade de temas, envolvendo, sem a eles se limitar:<br \/>\na) As configura\u00e7\u00f5es organizacionais para inova\u00e7\u00e3o;<br \/>\nb) Os sistemas decis\u00f3rios que permitam melhor lidar com os riscos e mecanismos de difus\u00e3o de inova\u00e7\u00f5es; e<br \/>\nc) Os tipos de estruturas organizacionais como n\u00edvel de formaliza\u00e7\u00e3o, utiliza\u00e7\u00e3o de formas avan\u00e7adas de departamentaliza\u00e7\u00e3o, multiplicidade de comando, diversifica\u00e7\u00e3o elevada e comunica\u00e7\u00e3o horizontal e diagonal, entre outros.<\/p>\n<p style=\"padding-left: 30px;\"><em>Prof. Dr. Eduardo Pinheiro Gondim de Vasconcellos &#8211; FEA\/USP<\/em><\/p>\n<p><strong>5. Gest\u00e3o da Propriedade Intelectual, Comercializa\u00e7\u00e3o e Transfer\u00eancia de Tecnologia<\/strong><\/p>\n<p style=\"padding-left: 30px;\">A tem\u00e1tica, cuja import\u00e2ncia contempor\u00e2nea justifica a sua introdu\u00e7\u00e3o com destaque na presente edi\u00e7\u00e3o do Semead, aborda quest\u00f5es como as seguintes:<br \/>\na) Gest\u00e3o da propriedade intelectual nas universidades p\u00fablicas e privadas, assim como nos institutos e centros de pesquisa;<br \/>\nb) Estudo das diretrizes legais espec\u00edficas acerca da propriedade intelectual, da coopera\u00e7\u00e3o t\u00e9cnica e da transfer\u00eancia de tecnologia;<br \/>\nc) Estudos e pr\u00e1ticas de licenciamento e comercializa\u00e7\u00e3o de tecnologias desenvolvidas em universidades e institutos de pesquisa,<br \/>\nd) Aspectos contratuais na intera\u00e7\u00e3o e coopera\u00e7\u00e3o entre empresas e institui\u00e7\u00f5es cient\u00edfico-tecnol\u00f3gicas;<br \/>\ne) A experi\u00eancia dos n\u00facleos de inova\u00e7\u00e3o tecnol\u00f3gica e escrit\u00f3rios de transfer\u00eancia de tecnologia; e<br \/>\nf) Pr\u00e1ticas de gest\u00e3o da propriedade intelectual e apropria\u00e7\u00e3o de resultados em ambientes de inova\u00e7\u00e3o voltados a empresas nascentes e startups, tais como incubadoras e aceleradoras de empresas.<\/p>\n<p style=\"padding-left: 30px;\"><em>Profa. Dra. Marli Elizabeth Ritter dos Santos &#8211; PUC RS<\/em><\/p>\n<p><strong>6. Gest\u00e3o de Programas e Projetos<\/strong><\/p>\n<p style=\"padding-left: 30px;\">O tema enfatiza:<br \/>\na) Estudos que abordam novas solu\u00e7\u00f5es e ferramentas, pr\u00e1ticas organizacionais ou casos relevantes de ado\u00e7\u00e3o de conhecimentos de Gest\u00e3o de Projetos e Programas, preferencialmente objetivando melhor lidar com desafios que envolvem inova\u00e7\u00e3o;<br \/>\nb) Estudos de projetos de acordo com a sua dimens\u00e3o, como inova\u00e7\u00e3o, tecnologia, complexidade, ritmo (urg\u00eancia), dentre outros; e<br \/>\nc) Trabalhos sobre metodologias de gerenciamento de projetos, incluindo conceitos, ferramentas e t\u00e9cnicas utilizados na gest\u00e3o de programas e projetos.<\/p>\n<p style=\"padding-left: 30px;\"><em>Profa. Dra. Claudia Terezinha Kniess &#8211; UNINOVE<\/em><\/p>\n<p><strong>7. Dimens\u00f5es Humanas, Culturais e Sociais da Inova\u00e7\u00e3o<\/strong><\/p>\n<p style=\"padding-left: 30px;\">Este tema est\u00e1 ligado \u00e0 ampla gama de aspectos soft dos processos de inova\u00e7\u00e3o, entendidos como fen\u00f4menos sociot\u00e9cnicos. Propostas de trabalho, de car\u00e1ter anal\u00edtico ou propositivo, podem contemplam, entre outros:<br \/>\na) Quest\u00f5es intraorganizacionais, tais como as associadas ao ambiente para inova\u00e7\u00e3o;<br \/>\nb) Estudos sobre as caracter\u00edsticas culturais das organiza\u00e7\u00f5es, intera\u00e7\u00f5es e coopera\u00e7\u00e3o em redes sociais;<br \/>\nc) A capacidade de equipes gerarem novidades, novos conhecimentos, solu\u00e7\u00f5es de problemas n\u00e3o rotineiros, novos insights ou ideias;<br \/>\nd) As formas pelas quais organiza\u00e7\u00f5es procuram lidar com os riscos associados \u00e0 inova\u00e7\u00e3o; e<br \/>\ne) As tens\u00f5es geradas na conviv\u00eancia entre os esfor\u00e7os de transforma\u00e7\u00e3o e as for\u00e7as conservadoras.<\/p>\n<p style=\"padding-left: 30px;\"><em>Profa. Dra. Ivete Rodrigues FIA<\/em><\/p>\n<p><strong>8. Inova\u00e7\u00e3o Sustent\u00e1vel e Impacto Social<\/strong><\/p>\n<p style=\"padding-left: 30px;\">Este tema, de import\u00e2ncia ascendente est\u00e1 na interface entre os conceitos estruturadores de Inova\u00e7\u00e3o e Sustentabilidade. Inclui, sem a isso se limitar:<br \/>\na) Solu\u00e7\u00f5es inovadoras e formas de potencializar a inova\u00e7\u00e3o sustent\u00e1vel, envolvendo as principais dimens\u00f5es da sustentabilidade: econ\u00f4mica, social e ambiental (Triple Bottom Line);<br \/>\nb) Pr\u00e1ticas e estrat\u00e9gias sustent\u00e1veis para a inova\u00e7\u00e3o tecnol\u00f3gica;<br \/>\nc) Eco-inova\u00e7\u00e3o;<br \/>\nd) Inova\u00e7\u00e3o sustent\u00e1vel na base da pir\u00e2mide;<br \/>\ne) M\u00e9tricas adequadas \u00e0 inova\u00e7\u00e3o sustent\u00e1vel;<br \/>\nf) Inova\u00e7\u00e3o como estrat\u00e9gia para alcan\u00e7ar os Objetivos de Desenvolvimento Sustent\u00e1vel, pactuados em 2015 pela Organiza\u00e7\u00e3o das Na\u00e7\u00f5es Unidas; e<br \/>\ng) Articula\u00e7\u00e3o entre organiza\u00e7\u00f5es e sociedade por meio de inova\u00e7\u00f5es e tecnologias sociais.<\/p>\n<p style=\"padding-left: 30px;\"><em>Prof. Dr.\u00a0Isak Kruglianskas &#8211; FEA\/USP<\/em><\/p>\n","protected":false},"excerpt":{"rendered":"<p>Coordenador: Guilherme Ary Plonski &#8211; FEA-USP Temas e L\u00edderes 1. Pol\u00edtica e Estrat\u00e9gia Tecnol\u00f3gica e de Inova\u00e7\u00e3o O tema abrange um amplo leque de quest\u00f5es, agregadas a seguir em dois subtemas: 1.1 Pol\u00edtica Tecnol\u00f3gica e de Inova\u00e7\u00e3o, que inclui, sem a isso se limitar: a) O contexto e o ambiente pol\u00edtico-institucional de Ci\u00eancia, Tecnologia e&#8230;<\/p>\n","protected":false},"author":1,"featured_media":0,"parent":9,"menu_order":120,"comment_status":"open","ping_status":"closed","template":"","meta":{"_acf_changed":false,"_monsterinsights_skip_tracking":false,"_monsterinsights_sitenote_active":false,"_monsterinsights_sitenote_note":"","_monsterinsights_sitenote_category":0,"footnotes":""},"class_list":["post-21","page","type-page","status-publish","hentry"],"acf":[],"yoast_head":"<!-- This site is optimized with the Yoast SEO plugin v27.1.1 - https:\/\/yoast.com\/product\/yoast-seo-wordpress\/ -->\n<title>Gest\u00e3o da Inova\u00e7\u00e3o - XIX SemeAd<\/title>\n<meta name=\"robots\" content=\"index, follow, max-snippet:-1, max-image-preview:large, max-video-preview:-1\" \/>\n<link rel=\"canonical\" href=\"https:\/\/semead.com.br\/19\/areas\/cientificas\/gestao-da-inovacao\/\" \/>\n<meta property=\"og:locale\" content=\"en_US\" \/>\n<meta property=\"og:type\" content=\"article\" \/>\n<meta property=\"og:title\" content=\"Gest\u00e3o da Inova\u00e7\u00e3o - XIX SemeAd\" \/>\n<meta property=\"og:description\" content=\"Coordenador: Guilherme Ary Plonski &#8211; FEA-USP Temas e L\u00edderes 1. Pol\u00edtica e Estrat\u00e9gia Tecnol\u00f3gica e de Inova\u00e7\u00e3o O tema abrange um amplo leque de quest\u00f5es, agregadas a seguir em dois subtemas: 1.1 Pol\u00edtica Tecnol\u00f3gica e de Inova\u00e7\u00e3o, que inclui, sem a isso se limitar: a) O contexto e o ambiente pol\u00edtico-institucional de Ci\u00eancia, Tecnologia e...\" \/>\n<meta property=\"og:url\" content=\"https:\/\/semead.com.br\/19\/areas\/cientificas\/gestao-da-inovacao\/\" \/>\n<meta property=\"og:site_name\" content=\"XIX SemeAd\" \/>\n<meta property=\"article:modified_time\" content=\"2016-05-25T18:49:28+00:00\" \/>\n<meta name=\"twitter:card\" content=\"summary_large_image\" \/>\n<meta name=\"twitter:label1\" content=\"Est. reading time\" \/>\n\t<meta name=\"twitter:data1\" content=\"6 minutes\" \/>\n<script type=\"application\/ld+json\" class=\"yoast-schema-graph\">{\"@context\":\"https:\/\/schema.org\",\"@graph\":[{\"@type\":\"WebPage\",\"@id\":\"https:\/\/semead.com.br\/19\/areas\/cientificas\/gestao-da-inovacao\/\",\"url\":\"https:\/\/semead.com.br\/19\/areas\/cientificas\/gestao-da-inovacao\/\",\"name\":\"Gest\u00e3o da Inova\u00e7\u00e3o - XIX SemeAd\",\"isPartOf\":{\"@id\":\"https:\/\/semead.com.br\/19\/#website\"},\"datePublished\":\"2013-04-26T00:14:58+00:00\",\"dateModified\":\"2016-05-25T18:49:28+00:00\",\"breadcrumb\":{\"@id\":\"https:\/\/semead.com.br\/19\/areas\/cientificas\/gestao-da-inovacao\/#breadcrumb\"},\"inLanguage\":\"en-US\",\"potentialAction\":[{\"@type\":\"ReadAction\",\"target\":[\"https:\/\/semead.com.br\/19\/areas\/cientificas\/gestao-da-inovacao\/\"]}]},{\"@type\":\"BreadcrumbList\",\"@id\":\"https:\/\/semead.com.br\/19\/areas\/cientificas\/gestao-da-inovacao\/#breadcrumb\",\"itemListElement\":[{\"@type\":\"ListItem\",\"position\":1,\"name\":\"In\u00edcio\",\"item\":\"https:\/\/semead.com.br\/19\/\"},{\"@type\":\"ListItem\",\"position\":2,\"name\":\"\u00c1reas\",\"item\":\"https:\/\/semead.com.br\/19\/areas\/\"},{\"@type\":\"ListItem\",\"position\":3,\"name\":\"Cient\u00edficas\",\"item\":\"https:\/\/semead.com.br\/19\/areas\/cientificas\/\"},{\"@type\":\"ListItem\",\"position\":4,\"name\":\"Gest\u00e3o da Inova\u00e7\u00e3o\"}]},{\"@type\":\"WebSite\",\"@id\":\"https:\/\/semead.com.br\/19\/#website\",\"url\":\"https:\/\/semead.com.br\/19\/\",\"name\":\"XIX SemeAd\",\"description\":\"Semin\u00e1rios em Administra\u00e7\u00e3o\",\"potentialAction\":[{\"@type\":\"SearchAction\",\"target\":{\"@type\":\"EntryPoint\",\"urlTemplate\":\"https:\/\/semead.com.br\/19\/?s={search_term_string}\"},\"query-input\":{\"@type\":\"PropertyValueSpecification\",\"valueRequired\":true,\"valueName\":\"search_term_string\"}}],\"inLanguage\":\"en-US\"}]}<\/script>\n<!-- \/ Yoast SEO plugin. -->","yoast_head_json":{"title":"Gest\u00e3o da Inova\u00e7\u00e3o - XIX SemeAd","robots":{"index":"index","follow":"follow","max-snippet":"max-snippet:-1","max-image-preview":"max-image-preview:large","max-video-preview":"max-video-preview:-1"},"canonical":"https:\/\/semead.com.br\/19\/areas\/cientificas\/gestao-da-inovacao\/","og_locale":"en_US","og_type":"article","og_title":"Gest\u00e3o da Inova\u00e7\u00e3o - XIX SemeAd","og_description":"Coordenador: Guilherme Ary Plonski &#8211; FEA-USP Temas e L\u00edderes 1. Pol\u00edtica e Estrat\u00e9gia Tecnol\u00f3gica e de Inova\u00e7\u00e3o O tema abrange um amplo leque de quest\u00f5es, agregadas a seguir em dois subtemas: 1.1 Pol\u00edtica Tecnol\u00f3gica e de Inova\u00e7\u00e3o, que inclui, sem a isso se limitar: a) O contexto e o ambiente pol\u00edtico-institucional de Ci\u00eancia, Tecnologia e...","og_url":"https:\/\/semead.com.br\/19\/areas\/cientificas\/gestao-da-inovacao\/","og_site_name":"XIX SemeAd","article_modified_time":"2016-05-25T18:49:28+00:00","twitter_card":"summary_large_image","twitter_misc":{"Est. reading time":"6 minutes"},"schema":{"@context":"https:\/\/schema.org","@graph":[{"@type":"WebPage","@id":"https:\/\/semead.com.br\/19\/areas\/cientificas\/gestao-da-inovacao\/","url":"https:\/\/semead.com.br\/19\/areas\/cientificas\/gestao-da-inovacao\/","name":"Gest\u00e3o da Inova\u00e7\u00e3o - XIX SemeAd","isPartOf":{"@id":"https:\/\/semead.com.br\/19\/#website"},"datePublished":"2013-04-26T00:14:58+00:00","dateModified":"2016-05-25T18:49:28+00:00","breadcrumb":{"@id":"https:\/\/semead.com.br\/19\/areas\/cientificas\/gestao-da-inovacao\/#breadcrumb"},"inLanguage":"en-US","potentialAction":[{"@type":"ReadAction","target":["https:\/\/semead.com.br\/19\/areas\/cientificas\/gestao-da-inovacao\/"]}]},{"@type":"BreadcrumbList","@id":"https:\/\/semead.com.br\/19\/areas\/cientificas\/gestao-da-inovacao\/#breadcrumb","itemListElement":[{"@type":"ListItem","position":1,"name":"In\u00edcio","item":"https:\/\/semead.com.br\/19\/"},{"@type":"ListItem","position":2,"name":"\u00c1reas","item":"https:\/\/semead.com.br\/19\/areas\/"},{"@type":"ListItem","position":3,"name":"Cient\u00edficas","item":"https:\/\/semead.com.br\/19\/areas\/cientificas\/"},{"@type":"ListItem","position":4,"name":"Gest\u00e3o da Inova\u00e7\u00e3o"}]},{"@type":"WebSite","@id":"https:\/\/semead.com.br\/19\/#website","url":"https:\/\/semead.com.br\/19\/","name":"XIX SemeAd","description":"Semin\u00e1rios em Administra\u00e7\u00e3o","potentialAction":[{"@type":"SearchAction","target":{"@type":"EntryPoint","urlTemplate":"https:\/\/semead.com.br\/19\/?s={search_term_string}"},"query-input":{"@type":"PropertyValueSpecification","valueRequired":true,"valueName":"search_term_string"}}],"inLanguage":"en-US"}]}},"_links":{"self":[{"href":"https:\/\/semead.com.br\/19\/wp-json\/wp\/v2\/pages\/21","targetHints":{"allow":["GET"]}}],"collection":[{"href":"https:\/\/semead.com.br\/19\/wp-json\/wp\/v2\/pages"}],"about":[{"href":"https:\/\/semead.com.br\/19\/wp-json\/wp\/v2\/types\/page"}],"author":[{"embeddable":true,"href":"https:\/\/semead.com.br\/19\/wp-json\/wp\/v2\/users\/1"}],"replies":[{"embeddable":true,"href":"https:\/\/semead.com.br\/19\/wp-json\/wp\/v2\/comments?post=21"}],"version-history":[{"count":0,"href":"https:\/\/semead.com.br\/19\/wp-json\/wp\/v2\/pages\/21\/revisions"}],"up":[{"embeddable":true,"href":"https:\/\/semead.com.br\/19\/wp-json\/wp\/v2\/pages\/9"}],"wp:attachment":[{"href":"https:\/\/semead.com.br\/19\/wp-json\/wp\/v2\/media?parent=21"}],"curies":[{"name":"wp","href":"https:\/\/api.w.org\/{rel}","templated":true}]}}