{"id":23,"date":"2013-04-26T00:16:38","date_gmt":"2013-04-26T00:16:38","guid":{"rendered":"http:\/\/semead.com.br\/?page_id=23"},"modified":"2016-07-13T16:35:25","modified_gmt":"2016-07-13T19:35:25","slug":"regras-para-submissao","status":"publish","type":"page","link":"https:\/\/semead.com.br\/19\/regras-para-submissao\/","title":{"rendered":"Regras para Submiss\u00e3o"},"content":{"rendered":"<p>\u2013 A submiss\u00e3o de trabalhos ser\u00e1 exclusivamente pela Internet.<br \/>\n\u2013 O trabalho deve ser in\u00e9dito, contudo, ser\u00e3o aceitos trabalhos apresentados em congressos no exterior e n\u00e3o submetidos a peri\u00f3dicos acad\u00eamicos.<br \/>\n\u2013 Ser\u00e3o aceitos trabalhos submetidos em portugu\u00eas, ingl\u00eas ou espanhol.<br \/>\n\u2013 Cada trabalho poder\u00e1\u00a0ter\u00a0no m\u00e1ximo cinco (5) autores.<br \/>\n\u2013 Ser\u00e1 permitido at\u00e9 tr\u00eas (3) submiss\u00f5es de trabalhos (Artigos cient\u00edficos, Relatos tecnol\u00f3gicos e Casos de ensino) por autor e mais um projeto de tese no Cons\u00f3rcio Doutoral.<br \/>\n\u2013 O trabalho n\u00e3o pode conter qualquer identifica\u00e7\u00e3o ou indica\u00e7\u00e3o de autoria no campo \u201cpropriedade\u201d e no corpo do trabalho.<br \/>\n\u2013 Dever\u00e3o ser submetidos arquivos em formato PDF.<br \/>\n\u2013 A vers\u00e3o enviada ser\u00e1 definitiva.<br \/>\n\u2013 Para submiss\u00e3o de trabalhos, os autores devem estar cadastrados no sistema. \u00c0 exce\u00e7\u00e3o do autor que efetua a submiss\u00e3o, ser\u00e1 requerida a confirma\u00e7\u00e3o de autoria dos demais autores no sistema.\u00a0Os autores que n\u00e3o confirmarem sua coautoria no sistema n\u00e3o ser\u00e3o relacionados nos anais.<br \/>\n\u2013 Para o cadastro, os autores devem\u00a0ter\u00a0em m\u00e3os o n\u00famero do CPF de cada um dos autores brasileiros. Para os autores estrangeiros,\u00a0ter\u00a0o n\u00famero do passaporte.<br \/>\n\u2013 Altera\u00e7\u00f5es nos dados dos autores (inclus\u00e3o, exclus\u00e3o e mudan\u00e7a na ordem de autoria) somente poder\u00e3o ser efetuadas at\u00e9 a data limite de submiss\u00e3o.<\/p>\n<p>Categorias de Trabalhos:<br \/>\n[symple_toggle title=&#8221;<strong>Artigos Cient\u00edficos<\/strong> &#8211; Esta modalidade de trabalho destina-se exclusivamente \u00e0s \u00c1reas Cient\u00edficas do Congresso&#8221; state=&#8221;closed&#8221;]<\/p>\n<p><strong>Formata\u00e7\u00e3o do trabalho:\u00a0<\/strong><br \/>\n\u2013 Formato do papel: A4;<br \/>\n\u2013 Fonte: Times New Roman\/ tamanho 12;<br \/>\n\u2013 Espa\u00e7amento: simples, texto disposto em uma coluna;<br \/>\n\u2013 Alinhamento: justificado;<br \/>\n\u2013 Margens: Superior: 3 cm; inferior: 2 cm; esquerda: 3 cm; direita: 2 cm.<br \/>\n\u2013 Pagina\u00e7\u00e3o: inserir n\u00famero de p\u00e1ginas no rodap\u00e9 com alinhamento ao lado direito;<br \/>\n\u2013 T\u00edtulos em letras mai\u00fasculas e subt\u00edtulos em letras min\u00fasculas;<br \/>\n\u2013 Formato do arquivo: PDF;<br \/>\n\u2013 O trabalho pode ter no m\u00e1ximo 16 p\u00e1ginas, incluindo o texto propriamente dito, ilustra\u00e7\u00f5es e refer\u00eancias bibliogr\u00e1ficas.<br \/>\n\u2013 O texto deve come\u00e7ar pelo t\u00edtulo seguido pela introdu\u00e7\u00e3o. Sugerimos aos autores que preparem o resumo expandido em um documento separado e copiem e colem cada item no campo espec\u00edfico no ato da submiss\u00e3o.<br \/>\n\u2013 As refer\u00eancias bibliogr\u00e1ficas dever\u00e3o ser citadas ao longo do texto de acordo com o sistema (autor-data), e apresentadas em ordem alfab\u00e9tica no final do trabalho, de acordo com as normas APA ou ABNT\/NBR-6023.<\/p>\n<p><strong>Estrutura sugerida do trabalho:<\/strong><br \/>\n\u2013 Introdu\u00e7\u00e3o<br \/>\n\u2013 Problema de Pesquisa e Objetivo<br \/>\n\u2013 Fundamenta\u00e7\u00e3o Te\u00f3rica<br \/>\n\u2013 Metodologia<br \/>\n\u2013 An\u00e1lise dos Resultados<br \/>\n\u2013 Conclus\u00e3o<br \/>\n\u2013 Refer\u00eancias Bibliogr\u00e1ficas<\/p>\n<p><strong>Resumo Estruturado:<\/strong><br \/>\nAo submeter o artigo,\u00a0na pr\u00f3pria p\u00e1gina de envio de trabalho (etapa 1), dever\u00e1 ser preenchido o Resumo Estruturado em que consta:<br \/>\n\u2013 T\u00edtulo (no m\u00e1ximo 190 caracteres);<br \/>\n\u2013 Palavras-chave (3 palavras);<br \/>\n\u2013 Introdu\u00e7\u00e3o\u00a0(no m\u00e1ximo 500 caracteres);<br \/>\n\u2013 Problema de Pesquisa e Objetivo (no m\u00e1ximo 500 caracteres);<br \/>\n\u2013 Fundamenta\u00e7\u00e3o Te\u00f3rica (no m\u00e1ximo 500 caracteres);<br \/>\n\u2013 Metodologia\u00a0(no m\u00e1ximo 500 caracteres);<br \/>\n\u2013 An\u00e1lise dos Resultados\u00a0(no m\u00e1ximo 500 caracteres);<br \/>\n\u2013 Conclus\u00e3o (no m\u00e1ximo 500 caracteres);<br \/>\n\u2013 Refer\u00eancias Bibliogr\u00e1ficas (no m\u00e1ximo 500 caracteres).<\/p>\n<p><strong>O trabalho poder\u00e1 ser paralelamente submetido ao\u00a0Sapiens \u2013 <a href=\"https:\/\/semead.com.br\/19\/trabalhos\/sapiens-sessao-de-aprimoramento-de-estudos-cientificos\/\">Sess\u00f5es de Aprimoramento de Estudos Cient\u00edficos.<\/a><\/strong><\/p>\n<p><strong>Trabalhos que n\u00e3o estejam no formato especificado n\u00e3o ser\u00e3o aceitos.<\/strong><\/p>\n<p>[\/symple_toggle]<\/p>\n<p>[symple_toggle title=&#8221;<strong>Relatos Tecnol\u00f3gicos<\/strong> &#8211; Esta modalidade de trabalho destina-se exclusivamente \u00e0 \u00c1rea Tecnol\u00f3gica do Congresso&#8221; state=&#8221;closed&#8221;]<\/p>\n<p><strong>Formata\u00e7\u00e3o do trabalho:\u00a0<\/strong><br \/>\n\u2013 Formato do papel: A4;<br \/>\n\u2013 Fonte: Times New Roman\/ tamanho 12;<br \/>\n\u2013 Espa\u00e7amento: simples, texto disposto em uma coluna;<br \/>\n\u2013 Alinhamento: justificado;<br \/>\n\u2013 Margens: Superior: 3 cm; inferior: 2 cm; esquerda: 3 cm; direita: 2 cm.<br \/>\n\u2013 Pagina\u00e7\u00e3o: inserir n\u00famero de p\u00e1ginas no rodap\u00e9 com alinhamento ao lado direito;<br \/>\n\u2013 T\u00edtulos em letras mai\u00fasculas e subt\u00edtulos em letras min\u00fasculas;<br \/>\n\u2013 Formato do arquivo: PDF;<br \/>\n\u2013 O trabalho pode ter no m\u00e1ximo 15 p\u00e1ginas, incluindo o texto propriamente dito, ilustra\u00e7\u00f5es e refer\u00eancias bibliogr\u00e1ficas.<br \/>\n\u2013 O texto deve come\u00e7ar pelo t\u00edtulo seguido pela introdu\u00e7\u00e3o. Sugerimos aos autores que preparem o resumo expandido em um documento separado e copiem e colem cada item no campo espec\u00edfico no ato da submiss\u00e3o.<br \/>\n\u2013 As refer\u00eancias bibliogr\u00e1ficas dever\u00e3o ser citadas ao longo do texto de acordo com o sistema (autor-data), e apresentadas em ordem alfab\u00e9tica no final do trabalho, de acordo com as normas APA ou ABNT\/NBR-6023.<\/p>\n<p><strong>Estrutura sugerida do trabalho:<\/strong><br \/>\n\u2013 Introdu\u00e7\u00e3o;<br \/>\n\u2013 Contexto Investigado;<br \/>\n\u2013 Diagn\u00f3stico da Situa\u00e7\u00e3o-Problema;<br \/>\n\u2013 Interven\u00e7\u00e3o Proposta: mecanismos adotados para solucionar o problema;<br \/>\n\u2013 Resultados Obtidos: descri\u00e7\u00e3o de maneira objetiva dos resultados obtidos na organiza\u00e7\u00e3o, destacando tamb\u00e9m os fatores conjunturais que podem ter afetado esse resultado al\u00e9m da interven\u00e7\u00e3o.<br \/>\n\u2013 Contribui\u00e7\u00e3o Tecnol\u00f3gica-Social.<br \/>\n\u2013 Mais informa\u00e7\u00f5es\u00a0(Artigo: Protocolo para Elabora\u00e7\u00e3o de Relatos de Produ\u00e7\u00e3o T\u00e9cnica).<\/p>\n<p><strong>Resumo Estruturado:<\/strong><br \/>\nAo submeter o artigo,\u00a0na pr\u00f3pria p\u00e1gina de envio de trabalho (etapa 1), dever\u00e1 ser preenchido o Resumo Estruturado em que consta:<br \/>\n\u2013 T\u00edtulo (no m\u00e1ximo 190 caracteres);<br \/>\n\u2013 Palavras chave (3 palavras);<br \/>\n\u2013 Introdu\u00e7\u00e3o (no m\u00e1ximo 500 caracteres);<br \/>\n\u2013 Contexto Investigado (no m\u00e1ximo 500 caracteres);<br \/>\n\u2013 Diagn\u00f3stico da Situa\u00e7\u00e3o-Problema (no m\u00e1ximo 500 caracteres);<br \/>\n\u2013 Interven\u00e7\u00e3o Proposta (no m\u00e1ximo 500 caracteres);<br \/>\n\u2013 Resultados Obtidos (no m\u00e1ximo 500 caracteres);<br \/>\n\u2013 Contribui\u00e7\u00e3o Tecnol\u00f3gica-Social (no m\u00e1ximo 500 caracteres).<\/p>\n<p><a href=\"http:\/\/www.revistagep.org\/ojs\/index.php\/gep\/article\/view\/121\" target=\"_blank\">Mais informa\u00e7\u00f5es<\/a> (Artigo: Protocolo para Elabora\u00e7\u00e3o de Relatos de Produ\u00e7\u00e3o T\u00e9cnica).<\/p>\n<p><strong>Trabalhos que n\u00e3o estejam no formato especificado n\u00e3o ser\u00e3o aceitos.<\/strong><\/p>\n<p>[\/symple_toggle]<\/p>\n<p>[symple_toggle title=&#8221;<strong>Casos de Ensino (novo)<\/strong> &#8211; Esta modalidade de trabalho destina-se exclusivamente \u00e0 \u00c1rea Casos de Ensino&#8221; state=&#8221;closed&#8221;]<\/p>\n<p><strong>Formata\u00e7\u00e3o do trabalho:\u00a0<\/strong><br \/>\n\u2013 Formato do papel: A4;<br \/>\n\u2013 Fonte: Times New Roman\/ tamanho 12;<br \/>\n\u2013 Espa\u00e7amento: simples, texto disposto em uma coluna;<br \/>\n\u2013 Alinhamento: justificado;<br \/>\n\u2013 Margens: Superior: 3 cm; inferior: 2 cm; esquerda: 3 cm; direita: 2 cm.<br \/>\n\u2013 Pagina\u00e7\u00e3o: inserir n\u00famero de p\u00e1ginas no rodap\u00e9 com alinhamento ao lado direito;<br \/>\n\u2013 T\u00edtulos em letras mai\u00fasculas e subt\u00edtulos em letras min\u00fasculas;<br \/>\n\u2013 Formato do arquivo: PDF;<br \/>\n\u2013 O trabalho pode ter no m\u00e1ximo 16 p\u00e1ginas, incluindo o texto propriamente dito, ilustra\u00e7\u00f5es e refer\u00eancias bibliogr\u00e1ficas.<br \/>\n\u2013 O texto deve come\u00e7ar pelo t\u00edtulo seguido pela introdu\u00e7\u00e3o. Sugerimos aos autores que preparem o resumo expandido em um documento separado e copiem e colem cada item no campo espec\u00edfico no ato da submiss\u00e3o.<br \/>\n\u2013 As refer\u00eancias bibliogr\u00e1ficas dever\u00e3o ser citadas ao longo do texto de acordo com o sistema (autor-data), e apresentadas em ordem alfab\u00e9tica no final do trabalho, de acordo com as normas APA ou ABNT\/NBR-6023.<\/p>\n<p><strong>Estrutura sugerida do trabalho:\u00a0<\/strong><br \/>\nOs casos de ensino dever\u00e3o ser constitu\u00eddos por\u00a0duas partes: o caso em si; e as notas de ensino.<br \/>\n1. O caso em si<br \/>\n\u2013\u00a0Introdu\u00e7\u00e3o<br \/>\n\u2013\u00a0O caso: retratar a hist\u00f3ria real<br \/>\n&#8211; Refer\u00eancias<br \/>\n2. Notas de ensino<br \/>\n\u2013\u00a0Objetivo de ensino<br \/>\n\u2013\u00a0Fontes e M\u00e9todos de coleta<br \/>\n\u2013\u00a0Rela\u00e7\u00f5es com os objetivos de um curso ou disciplina<br \/>\n\u2013\u00a0Disciplinas sugeridas para uso do caso<br \/>\n\u2013\u00a0Poss\u00edveis tarefas a propor aos alunos<br \/>\n\u2013\u00a0Poss\u00edvel organiza\u00e7\u00e3o da aula para uso do caso<br \/>\n\u2013\u00a0Sugest\u00f5es de bibliografia<\/p>\n<p><strong>Resumo Estruturado:<\/strong><br \/>\n\u2013 T\u00edtulo (no m\u00e1ximo 190 caracteres);<br \/>\n\u2013 Palavras chave (3 palavras);<br \/>\n\u2013\u00a0O caso (no m\u00e1ximo 500 caracteres);<br \/>\n\u2013\u00a0Objetivo de ensino (no m\u00e1ximo 500 caracteres);<br \/>\n\u2013\u00a0Fontes e M\u00e9todos de coleta (no m\u00e1ximo 500 caracteres);<br \/>\n\u2013\u00a0Disciplinas sugeridas para uso do caso (no m\u00e1ximo 500 caracteres);<br \/>\n\u2013\u00a0Sugest\u00f5es de bibliografia (no m\u00e1ximo 500 caracteres).<\/p>\n<p><a href=\"https:\/\/semead.com.br\/19\/wp-content\/uploads\/sites\/4\/2013\/04\/Exemplo-de-Caso-de-Ensino.pdf\" target=\"_blank\">Mais informa\u00e7\u00f5es<\/a> (Exemplo de Caso de Ensino).<\/p>\n<p><strong>Trabalhos que n\u00e3o estejam no formato especificado n\u00e3o ser\u00e3o aceitos.<\/strong><\/p>\n<p>[\/symple_toggle]<\/p>\n<p>[symple_toggle title=&#8221;<strong>Projetos de Cons\u00f3rcio Doutoral <\/strong>&#8211;\u00a0Esta modalidade de trabalho destina-se exclusivamente aos doutorandos que desejam participar do\u00a0Cons\u00f3rcio Doutoral<strong>\u00a0<\/strong>&#8221; \u00a0state=&#8221;closed&#8221;] <a href=\"https:\/\/semead.com.br\/19\/programacao\/consorcio-doutoral\/\">A submiss\u00e3o deve ser feita na p\u00e1gina Cons\u00f3rcio Doutoral<\/a> [\/symple_toggle]<\/p>\n<p>&nbsp;<\/p>\n","protected":false},"excerpt":{"rendered":"<p>\u2013 A submiss\u00e3o de trabalhos ser\u00e1 exclusivamente pela Internet. \u2013 O trabalho deve ser in\u00e9dito, contudo, ser\u00e3o aceitos trabalhos apresentados em congressos no exterior e n\u00e3o submetidos a peri\u00f3dicos acad\u00eamicos. \u2013 Ser\u00e3o aceitos trabalhos submetidos em portugu\u00eas, ingl\u00eas ou espanhol. \u2013 Cada trabalho poder\u00e1\u00a0ter\u00a0no m\u00e1ximo cinco (5) autores. \u2013 Ser\u00e1 permitido at\u00e9 tr\u00eas (3) submiss\u00f5es&#8230;<\/p>\n","protected":false},"author":1,"featured_media":0,"parent":0,"menu_order":0,"comment_status":"open","ping_status":"open","template":"","meta":{"_acf_changed":false,"_monsterinsights_skip_tracking":false,"_monsterinsights_sitenote_active":false,"_monsterinsights_sitenote_note":"","_monsterinsights_sitenote_category":0,"footnotes":""},"class_list":["post-23","page","type-page","status-publish","hentry"],"acf":[],"yoast_head":"<!-- This site is optimized with the Yoast SEO plugin v27.1.1 - https:\/\/yoast.com\/product\/yoast-seo-wordpress\/ -->\n<title>Regras para Submiss\u00e3o - XIX SemeAd<\/title>\n<meta name=\"robots\" content=\"index, follow, max-snippet:-1, max-image-preview:large, max-video-preview:-1\" \/>\n<link rel=\"canonical\" href=\"https:\/\/semead.com.br\/19\/regras-para-submissao\/\" \/>\n<meta property=\"og:locale\" content=\"en_US\" \/>\n<meta property=\"og:type\" content=\"article\" \/>\n<meta property=\"og:title\" content=\"Regras para Submiss\u00e3o - XIX SemeAd\" \/>\n<meta property=\"og:description\" content=\"\u2013 A submiss\u00e3o de trabalhos ser\u00e1 exclusivamente pela Internet. \u2013 O trabalho deve ser in\u00e9dito, contudo, ser\u00e3o aceitos trabalhos apresentados em congressos no exterior e n\u00e3o submetidos a peri\u00f3dicos acad\u00eamicos. \u2013 Ser\u00e3o aceitos trabalhos submetidos em portugu\u00eas, ingl\u00eas ou espanhol. \u2013 Cada trabalho poder\u00e1\u00a0ter\u00a0no m\u00e1ximo cinco (5) autores. \u2013 Ser\u00e1 permitido at\u00e9 tr\u00eas (3) submiss\u00f5es...\" \/>\n<meta property=\"og:url\" content=\"https:\/\/semead.com.br\/19\/regras-para-submissao\/\" \/>\n<meta property=\"og:site_name\" content=\"XIX SemeAd\" \/>\n<meta property=\"article:modified_time\" content=\"2016-07-13T19:35:25+00:00\" \/>\n<meta name=\"twitter:card\" content=\"summary_large_image\" \/>\n<meta name=\"twitter:label1\" content=\"Est. reading time\" \/>\n\t<meta name=\"twitter:data1\" content=\"7 minutes\" \/>\n<script type=\"application\/ld+json\" class=\"yoast-schema-graph\">{\"@context\":\"https:\/\/schema.org\",\"@graph\":[{\"@type\":\"WebPage\",\"@id\":\"https:\/\/semead.com.br\/19\/regras-para-submissao\/\",\"url\":\"https:\/\/semead.com.br\/19\/regras-para-submissao\/\",\"name\":\"Regras para Submiss\u00e3o - XIX SemeAd\",\"isPartOf\":{\"@id\":\"https:\/\/semead.com.br\/19\/#website\"},\"datePublished\":\"2013-04-26T00:16:38+00:00\",\"dateModified\":\"2016-07-13T19:35:25+00:00\",\"breadcrumb\":{\"@id\":\"https:\/\/semead.com.br\/19\/regras-para-submissao\/#breadcrumb\"},\"inLanguage\":\"en-US\",\"potentialAction\":[{\"@type\":\"ReadAction\",\"target\":[\"https:\/\/semead.com.br\/19\/regras-para-submissao\/\"]}]},{\"@type\":\"BreadcrumbList\",\"@id\":\"https:\/\/semead.com.br\/19\/regras-para-submissao\/#breadcrumb\",\"itemListElement\":[{\"@type\":\"ListItem\",\"position\":1,\"name\":\"In\u00edcio\",\"item\":\"https:\/\/semead.com.br\/19\/\"},{\"@type\":\"ListItem\",\"position\":2,\"name\":\"Regras para Submiss\u00e3o\"}]},{\"@type\":\"WebSite\",\"@id\":\"https:\/\/semead.com.br\/19\/#website\",\"url\":\"https:\/\/semead.com.br\/19\/\",\"name\":\"XIX SemeAd\",\"description\":\"Semin\u00e1rios em Administra\u00e7\u00e3o\",\"potentialAction\":[{\"@type\":\"SearchAction\",\"target\":{\"@type\":\"EntryPoint\",\"urlTemplate\":\"https:\/\/semead.com.br\/19\/?s={search_term_string}\"},\"query-input\":{\"@type\":\"PropertyValueSpecification\",\"valueRequired\":true,\"valueName\":\"search_term_string\"}}],\"inLanguage\":\"en-US\"}]}<\/script>\n<!-- \/ Yoast SEO plugin. -->","yoast_head_json":{"title":"Regras para Submiss\u00e3o - XIX SemeAd","robots":{"index":"index","follow":"follow","max-snippet":"max-snippet:-1","max-image-preview":"max-image-preview:large","max-video-preview":"max-video-preview:-1"},"canonical":"https:\/\/semead.com.br\/19\/regras-para-submissao\/","og_locale":"en_US","og_type":"article","og_title":"Regras para Submiss\u00e3o - XIX SemeAd","og_description":"\u2013 A submiss\u00e3o de trabalhos ser\u00e1 exclusivamente pela Internet. \u2013 O trabalho deve ser in\u00e9dito, contudo, ser\u00e3o aceitos trabalhos apresentados em congressos no exterior e n\u00e3o submetidos a peri\u00f3dicos acad\u00eamicos. \u2013 Ser\u00e3o aceitos trabalhos submetidos em portugu\u00eas, ingl\u00eas ou espanhol. \u2013 Cada trabalho poder\u00e1\u00a0ter\u00a0no m\u00e1ximo cinco (5) autores. \u2013 Ser\u00e1 permitido at\u00e9 tr\u00eas (3) submiss\u00f5es...","og_url":"https:\/\/semead.com.br\/19\/regras-para-submissao\/","og_site_name":"XIX SemeAd","article_modified_time":"2016-07-13T19:35:25+00:00","twitter_card":"summary_large_image","twitter_misc":{"Est. reading time":"7 minutes"},"schema":{"@context":"https:\/\/schema.org","@graph":[{"@type":"WebPage","@id":"https:\/\/semead.com.br\/19\/regras-para-submissao\/","url":"https:\/\/semead.com.br\/19\/regras-para-submissao\/","name":"Regras para Submiss\u00e3o - XIX SemeAd","isPartOf":{"@id":"https:\/\/semead.com.br\/19\/#website"},"datePublished":"2013-04-26T00:16:38+00:00","dateModified":"2016-07-13T19:35:25+00:00","breadcrumb":{"@id":"https:\/\/semead.com.br\/19\/regras-para-submissao\/#breadcrumb"},"inLanguage":"en-US","potentialAction":[{"@type":"ReadAction","target":["https:\/\/semead.com.br\/19\/regras-para-submissao\/"]}]},{"@type":"BreadcrumbList","@id":"https:\/\/semead.com.br\/19\/regras-para-submissao\/#breadcrumb","itemListElement":[{"@type":"ListItem","position":1,"name":"In\u00edcio","item":"https:\/\/semead.com.br\/19\/"},{"@type":"ListItem","position":2,"name":"Regras para Submiss\u00e3o"}]},{"@type":"WebSite","@id":"https:\/\/semead.com.br\/19\/#website","url":"https:\/\/semead.com.br\/19\/","name":"XIX SemeAd","description":"Semin\u00e1rios em Administra\u00e7\u00e3o","potentialAction":[{"@type":"SearchAction","target":{"@type":"EntryPoint","urlTemplate":"https:\/\/semead.com.br\/19\/?s={search_term_string}"},"query-input":{"@type":"PropertyValueSpecification","valueRequired":true,"valueName":"search_term_string"}}],"inLanguage":"en-US"}]}},"_links":{"self":[{"href":"https:\/\/semead.com.br\/19\/wp-json\/wp\/v2\/pages\/23","targetHints":{"allow":["GET"]}}],"collection":[{"href":"https:\/\/semead.com.br\/19\/wp-json\/wp\/v2\/pages"}],"about":[{"href":"https:\/\/semead.com.br\/19\/wp-json\/wp\/v2\/types\/page"}],"author":[{"embeddable":true,"href":"https:\/\/semead.com.br\/19\/wp-json\/wp\/v2\/users\/1"}],"replies":[{"embeddable":true,"href":"https:\/\/semead.com.br\/19\/wp-json\/wp\/v2\/comments?post=23"}],"version-history":[{"count":0,"href":"https:\/\/semead.com.br\/19\/wp-json\/wp\/v2\/pages\/23\/revisions"}],"wp:attachment":[{"href":"https:\/\/semead.com.br\/19\/wp-json\/wp\/v2\/media?parent=23"}],"curies":[{"name":"wp","href":"https:\/\/api.w.org\/{rel}","templated":true}]}}