{"id":24,"date":"2013-04-26T00:16:54","date_gmt":"2013-04-26T00:16:54","guid":{"rendered":"http:\/\/semead.com.br\/?page_id=24"},"modified":"2013-04-26T00:16:54","modified_gmt":"2013-04-26T00:16:54","slug":"avaliacao","status":"publish","type":"page","link":"https:\/\/semead.com.br\/19\/avaliacao\/","title":{"rendered":"Avalia\u00e7\u00e3o"},"content":{"rendered":"<p>Os artigos s\u00e3o avaliados por dois pareceristas, sendo ao menos um deles Doutor no sistema <em>double review<\/em>. A sele\u00e7\u00e3o e orienta\u00e7\u00e3o dos avaliadores \u00e9 coordenada pelos coordenadores de \u00e1rea e l\u00edderes de tema.\u00a0 Para os artigos acad\u00eamicos s\u00e3o considerados os seguintes aspectos na avalia\u00e7\u00e3o: contexto no qual a pesquisa est\u00e1 inserida, descri\u00e7\u00e3o do \u201cestado-da-arte\u201d da literatura tem\u00e1tica, m\u00e9todos e t\u00e9cnicas aplicados, resultados adequados, mecanismos de discuss\u00e3o de resultados e conclus\u00e3o correta &#8211; de acordo com os objetivos propostos no artigo.<\/p>\n<p>Para os relatos t\u00e9cnicos, os seguintes pontos s\u00e3o considerados na avalia\u00e7\u00e3o: estrutura, conte\u00fado, objetividade e clareza e ader\u00eancia \u00e0 norma de formata\u00e7\u00e3o escolhida.<\/p>\n","protected":false},"excerpt":{"rendered":"<p>Os artigos s\u00e3o avaliados por dois pareceristas, sendo ao menos um deles Doutor no sistema double review. A sele\u00e7\u00e3o e orienta\u00e7\u00e3o dos avaliadores \u00e9 coordenada pelos coordenadores de \u00e1rea e l\u00edderes de tema.\u00a0 Para os artigos acad\u00eamicos s\u00e3o considerados os seguintes aspectos na avalia\u00e7\u00e3o: contexto no qual a pesquisa est\u00e1 inserida, descri\u00e7\u00e3o do \u201cestado-da-arte\u201d da&#8230;<\/p>\n","protected":false},"author":1,"featured_media":0,"parent":0,"menu_order":0,"comment_status":"open","ping_status":"open","template":"","meta":{"_acf_changed":false,"_monsterinsights_skip_tracking":false,"_monsterinsights_sitenote_active":false,"_monsterinsights_sitenote_note":"","_monsterinsights_sitenote_category":0,"footnotes":""},"class_list":["post-24","page","type-page","status-publish","hentry"],"acf":[],"yoast_head":"<!-- This site is optimized with the Yoast SEO plugin v27.1.1 - https:\/\/yoast.com\/product\/yoast-seo-wordpress\/ -->\n<title>Avalia\u00e7\u00e3o - XIX SemeAd<\/title>\n<meta name=\"robots\" content=\"index, follow, max-snippet:-1, max-image-preview:large, max-video-preview:-1\" \/>\n<link rel=\"canonical\" href=\"https:\/\/semead.com.br\/19\/avaliacao\/\" \/>\n<meta property=\"og:locale\" content=\"en_US\" \/>\n<meta property=\"og:type\" content=\"article\" \/>\n<meta property=\"og:title\" content=\"Avalia\u00e7\u00e3o - XIX SemeAd\" \/>\n<meta property=\"og:description\" content=\"Os artigos s\u00e3o avaliados por dois pareceristas, sendo ao menos um deles Doutor no sistema double review. A sele\u00e7\u00e3o e orienta\u00e7\u00e3o dos avaliadores \u00e9 coordenada pelos coordenadores de \u00e1rea e l\u00edderes de tema.\u00a0 Para os artigos acad\u00eamicos s\u00e3o considerados os seguintes aspectos na avalia\u00e7\u00e3o: contexto no qual a pesquisa est\u00e1 inserida, descri\u00e7\u00e3o do \u201cestado-da-arte\u201d da...\" \/>\n<meta property=\"og:url\" content=\"https:\/\/semead.com.br\/19\/avaliacao\/\" \/>\n<meta property=\"og:site_name\" content=\"XIX SemeAd\" \/>\n<meta name=\"twitter:card\" content=\"summary_large_image\" \/>\n<meta name=\"twitter:label1\" content=\"Est. reading time\" \/>\n\t<meta name=\"twitter:data1\" content=\"1 minute\" \/>\n<script type=\"application\/ld+json\" class=\"yoast-schema-graph\">{\"@context\":\"https:\/\/schema.org\",\"@graph\":[{\"@type\":\"WebPage\",\"@id\":\"https:\/\/semead.com.br\/19\/avaliacao\/\",\"url\":\"https:\/\/semead.com.br\/19\/avaliacao\/\",\"name\":\"Avalia\u00e7\u00e3o - XIX SemeAd\",\"isPartOf\":{\"@id\":\"https:\/\/semead.com.br\/19\/#website\"},\"datePublished\":\"2013-04-26T00:16:54+00:00\",\"breadcrumb\":{\"@id\":\"https:\/\/semead.com.br\/19\/avaliacao\/#breadcrumb\"},\"inLanguage\":\"en-US\",\"potentialAction\":[{\"@type\":\"ReadAction\",\"target\":[\"https:\/\/semead.com.br\/19\/avaliacao\/\"]}]},{\"@type\":\"BreadcrumbList\",\"@id\":\"https:\/\/semead.com.br\/19\/avaliacao\/#breadcrumb\",\"itemListElement\":[{\"@type\":\"ListItem\",\"position\":1,\"name\":\"In\u00edcio\",\"item\":\"https:\/\/semead.com.br\/19\/\"},{\"@type\":\"ListItem\",\"position\":2,\"name\":\"Avalia\u00e7\u00e3o\"}]},{\"@type\":\"WebSite\",\"@id\":\"https:\/\/semead.com.br\/19\/#website\",\"url\":\"https:\/\/semead.com.br\/19\/\",\"name\":\"XIX SemeAd\",\"description\":\"Semin\u00e1rios em Administra\u00e7\u00e3o\",\"potentialAction\":[{\"@type\":\"SearchAction\",\"target\":{\"@type\":\"EntryPoint\",\"urlTemplate\":\"https:\/\/semead.com.br\/19\/?s={search_term_string}\"},\"query-input\":{\"@type\":\"PropertyValueSpecification\",\"valueRequired\":true,\"valueName\":\"search_term_string\"}}],\"inLanguage\":\"en-US\"}]}<\/script>\n<!-- \/ Yoast SEO plugin. -->","yoast_head_json":{"title":"Avalia\u00e7\u00e3o - XIX SemeAd","robots":{"index":"index","follow":"follow","max-snippet":"max-snippet:-1","max-image-preview":"max-image-preview:large","max-video-preview":"max-video-preview:-1"},"canonical":"https:\/\/semead.com.br\/19\/avaliacao\/","og_locale":"en_US","og_type":"article","og_title":"Avalia\u00e7\u00e3o - XIX SemeAd","og_description":"Os artigos s\u00e3o avaliados por dois pareceristas, sendo ao menos um deles Doutor no sistema double review. A sele\u00e7\u00e3o e orienta\u00e7\u00e3o dos avaliadores \u00e9 coordenada pelos coordenadores de \u00e1rea e l\u00edderes de tema.\u00a0 Para os artigos acad\u00eamicos s\u00e3o considerados os seguintes aspectos na avalia\u00e7\u00e3o: contexto no qual a pesquisa est\u00e1 inserida, descri\u00e7\u00e3o do \u201cestado-da-arte\u201d da...","og_url":"https:\/\/semead.com.br\/19\/avaliacao\/","og_site_name":"XIX SemeAd","twitter_card":"summary_large_image","twitter_misc":{"Est. reading time":"1 minute"},"schema":{"@context":"https:\/\/schema.org","@graph":[{"@type":"WebPage","@id":"https:\/\/semead.com.br\/19\/avaliacao\/","url":"https:\/\/semead.com.br\/19\/avaliacao\/","name":"Avalia\u00e7\u00e3o - XIX SemeAd","isPartOf":{"@id":"https:\/\/semead.com.br\/19\/#website"},"datePublished":"2013-04-26T00:16:54+00:00","breadcrumb":{"@id":"https:\/\/semead.com.br\/19\/avaliacao\/#breadcrumb"},"inLanguage":"en-US","potentialAction":[{"@type":"ReadAction","target":["https:\/\/semead.com.br\/19\/avaliacao\/"]}]},{"@type":"BreadcrumbList","@id":"https:\/\/semead.com.br\/19\/avaliacao\/#breadcrumb","itemListElement":[{"@type":"ListItem","position":1,"name":"In\u00edcio","item":"https:\/\/semead.com.br\/19\/"},{"@type":"ListItem","position":2,"name":"Avalia\u00e7\u00e3o"}]},{"@type":"WebSite","@id":"https:\/\/semead.com.br\/19\/#website","url":"https:\/\/semead.com.br\/19\/","name":"XIX SemeAd","description":"Semin\u00e1rios em Administra\u00e7\u00e3o","potentialAction":[{"@type":"SearchAction","target":{"@type":"EntryPoint","urlTemplate":"https:\/\/semead.com.br\/19\/?s={search_term_string}"},"query-input":{"@type":"PropertyValueSpecification","valueRequired":true,"valueName":"search_term_string"}}],"inLanguage":"en-US"}]}},"_links":{"self":[{"href":"https:\/\/semead.com.br\/19\/wp-json\/wp\/v2\/pages\/24","targetHints":{"allow":["GET"]}}],"collection":[{"href":"https:\/\/semead.com.br\/19\/wp-json\/wp\/v2\/pages"}],"about":[{"href":"https:\/\/semead.com.br\/19\/wp-json\/wp\/v2\/types\/page"}],"author":[{"embeddable":true,"href":"https:\/\/semead.com.br\/19\/wp-json\/wp\/v2\/users\/1"}],"replies":[{"embeddable":true,"href":"https:\/\/semead.com.br\/19\/wp-json\/wp\/v2\/comments?post=24"}],"version-history":[{"count":0,"href":"https:\/\/semead.com.br\/19\/wp-json\/wp\/v2\/pages\/24\/revisions"}],"wp:attachment":[{"href":"https:\/\/semead.com.br\/19\/wp-json\/wp\/v2\/media?parent=24"}],"curies":[{"name":"wp","href":"https:\/\/api.w.org\/{rel}","templated":true}]}}