{"id":25,"date":"2013-04-26T00:17:14","date_gmt":"2013-04-26T00:17:14","guid":{"rendered":"http:\/\/semead.com.br\/?page_id=25"},"modified":"2025-05-29T17:22:47","modified_gmt":"2025-05-29T20:22:47","slug":"indicacao-para-periodicos","status":"publish","type":"page","link":"https:\/\/semead.com.br\/19\/indicacao-para-periodicos\/","title":{"rendered":"Indica\u00e7\u00e3o para Peri\u00f3dicos: Fast-track"},"content":{"rendered":"<p><span lang=\"PT-BR\">No processo de <em>fast-track<\/em> do SemeAd os autores, no momento de submiss\u00e3o dos trabalhos, poder\u00e3o optar\u00a0entre os peri\u00f3dicos cuja cobertura editorial se encaixe na \u00e1rea que escolheu. No caso de artigos cient\u00edficos os autores poder\u00e3o escolher at\u00e9 um peri\u00f3dico em cada extrato do sistema Qualis. Relatos tecnol\u00f3gicos e Casos de ensino poder\u00e3o optar entre os peri\u00f3dicos cujo escopo inclui este tipo de publica\u00e7\u00e3o.<u><\/u><\/span><\/p>\n<p>Os trabalhos s\u00e3o selecionados para o <em>fast-track<\/em> em fun\u00e7\u00e3o do processo de avalia\u00e7\u00e3o e a ordem de atendimento das prefer\u00eancias dos autores por peri\u00f3dicos respeita a ordem da classifica\u00e7\u00e3o na avalia\u00e7\u00e3o.<\/p>\n<p><span lang=\"PT-BR\">Ao selecionar um determinado peri\u00f3dico os autores concordam que seu trabalho seja, se selecionado, encaminhado \u00e0 aprecia\u00e7\u00e3o do respectivo editor. Observa-se que os trabalhos aprovados no processo <em>fast-track<\/em> do SemeAd foram devidamente apreciados pelos editores e que estes o aprovaram na etapa de <em>desk-review<\/em> de seu peri\u00f3dico.<u><\/u><u><\/u><\/span><\/p>\n<p><span lang=\"PT-BR\">Os autores de artigos aprovados no <em>fast-track<\/em> dever\u00e3o ent\u00e3o efetuar a submiss\u00e3o do trabalho no respectivo peri\u00f3dico, informando ao editor que tal submiss\u00e3o \u00e9 decorrente deste processo no SemeAd. Naturalmente os autores dever\u00e3o observar as regras de submiss\u00e3o do peri\u00f3dico nesta fase*. O artigo ent\u00e3o ser\u00e1 encaminhado diretamente para a etapa de <em>blind-review<\/em> do peri\u00f3dico e seguir\u00e1 o curso normal de avalia\u00e7\u00e3o, podendo da\u00ed resultar em aprova\u00e7\u00e3o para publica\u00e7\u00e3o ou n\u00e3o.<\/span><\/p>\n<p>*Os artigos aprovados\u00a0em\u00a0<em>fast-track <\/em>de Revistas internacionais dever\u00e3o ser traduzidas para o ingl\u00eas antes da submiss\u00e3o do trabalho no respectivo peri\u00f3dico.<\/p>\n","protected":false},"excerpt":{"rendered":"<p>No processo de fast-track do SemeAd os autores, no momento de submiss\u00e3o dos trabalhos, poder\u00e3o optar\u00a0entre os peri\u00f3dicos cuja cobertura editorial se encaixe na \u00e1rea que escolheu. No caso de artigos cient\u00edficos os autores poder\u00e3o escolher at\u00e9 um peri\u00f3dico em cada extrato do sistema Qualis. Relatos tecnol\u00f3gicos e Casos de ensino poder\u00e3o optar entre os&#8230;<\/p>\n","protected":false},"author":1,"featured_media":0,"parent":0,"menu_order":0,"comment_status":"open","ping_status":"open","template":"","meta":{"_acf_changed":false,"_monsterinsights_skip_tracking":false,"_monsterinsights_sitenote_active":false,"_monsterinsights_sitenote_note":"","_monsterinsights_sitenote_category":0,"footnotes":""},"class_list":["post-25","page","type-page","status-publish","hentry"],"acf":[],"yoast_head":"<!-- This site is optimized with the Yoast SEO plugin v27.1.1 - https:\/\/yoast.com\/product\/yoast-seo-wordpress\/ -->\n<title>Indica\u00e7\u00e3o para Peri\u00f3dicos: Fast-track - XIX SemeAd<\/title>\n<meta name=\"robots\" content=\"index, follow, max-snippet:-1, max-image-preview:large, max-video-preview:-1\" \/>\n<link rel=\"canonical\" href=\"https:\/\/semead.com.br\/19\/indicacao-para-periodicos\/\" \/>\n<meta property=\"og:locale\" content=\"en_US\" \/>\n<meta property=\"og:type\" content=\"article\" \/>\n<meta property=\"og:title\" content=\"Indica\u00e7\u00e3o para Peri\u00f3dicos: Fast-track - XIX SemeAd\" \/>\n<meta property=\"og:description\" content=\"No processo de fast-track do SemeAd os autores, no momento de submiss\u00e3o dos trabalhos, poder\u00e3o optar\u00a0entre os peri\u00f3dicos cuja cobertura editorial se encaixe na \u00e1rea que escolheu. No caso de artigos cient\u00edficos os autores poder\u00e3o escolher at\u00e9 um peri\u00f3dico em cada extrato do sistema Qualis. Relatos tecnol\u00f3gicos e Casos de ensino poder\u00e3o optar entre os...\" \/>\n<meta property=\"og:url\" content=\"https:\/\/semead.com.br\/19\/indicacao-para-periodicos\/\" \/>\n<meta property=\"og:site_name\" content=\"XIX SemeAd\" \/>\n<meta property=\"article:modified_time\" content=\"2025-05-29T20:22:47+00:00\" \/>\n<meta name=\"twitter:card\" content=\"summary_large_image\" \/>\n<meta name=\"twitter:label1\" content=\"Est. reading time\" \/>\n\t<meta name=\"twitter:data1\" content=\"1 minute\" \/>\n<script type=\"application\/ld+json\" class=\"yoast-schema-graph\">{\"@context\":\"https:\/\/schema.org\",\"@graph\":[{\"@type\":\"WebPage\",\"@id\":\"https:\/\/semead.com.br\/19\/indicacao-para-periodicos\/\",\"url\":\"https:\/\/semead.com.br\/19\/indicacao-para-periodicos\/\",\"name\":\"Indica\u00e7\u00e3o para Peri\u00f3dicos: Fast-track - XIX SemeAd\",\"isPartOf\":{\"@id\":\"https:\/\/semead.com.br\/19\/#website\"},\"datePublished\":\"2013-04-26T00:17:14+00:00\",\"dateModified\":\"2025-05-29T20:22:47+00:00\",\"breadcrumb\":{\"@id\":\"https:\/\/semead.com.br\/19\/indicacao-para-periodicos\/#breadcrumb\"},\"inLanguage\":\"en-US\",\"potentialAction\":[{\"@type\":\"ReadAction\",\"target\":[\"https:\/\/semead.com.br\/19\/indicacao-para-periodicos\/\"]}]},{\"@type\":\"BreadcrumbList\",\"@id\":\"https:\/\/semead.com.br\/19\/indicacao-para-periodicos\/#breadcrumb\",\"itemListElement\":[{\"@type\":\"ListItem\",\"position\":1,\"name\":\"In\u00edcio\",\"item\":\"https:\/\/semead.com.br\/19\/\"},{\"@type\":\"ListItem\",\"position\":2,\"name\":\"Indica\u00e7\u00e3o para Peri\u00f3dicos: Fast-track\"}]},{\"@type\":\"WebSite\",\"@id\":\"https:\/\/semead.com.br\/19\/#website\",\"url\":\"https:\/\/semead.com.br\/19\/\",\"name\":\"XIX SemeAd\",\"description\":\"Semin\u00e1rios em Administra\u00e7\u00e3o\",\"potentialAction\":[{\"@type\":\"SearchAction\",\"target\":{\"@type\":\"EntryPoint\",\"urlTemplate\":\"https:\/\/semead.com.br\/19\/?s={search_term_string}\"},\"query-input\":{\"@type\":\"PropertyValueSpecification\",\"valueRequired\":true,\"valueName\":\"search_term_string\"}}],\"inLanguage\":\"en-US\"}]}<\/script>\n<!-- \/ Yoast SEO plugin. -->","yoast_head_json":{"title":"Indica\u00e7\u00e3o para Peri\u00f3dicos: Fast-track - XIX SemeAd","robots":{"index":"index","follow":"follow","max-snippet":"max-snippet:-1","max-image-preview":"max-image-preview:large","max-video-preview":"max-video-preview:-1"},"canonical":"https:\/\/semead.com.br\/19\/indicacao-para-periodicos\/","og_locale":"en_US","og_type":"article","og_title":"Indica\u00e7\u00e3o para Peri\u00f3dicos: Fast-track - XIX SemeAd","og_description":"No processo de fast-track do SemeAd os autores, no momento de submiss\u00e3o dos trabalhos, poder\u00e3o optar\u00a0entre os peri\u00f3dicos cuja cobertura editorial se encaixe na \u00e1rea que escolheu. No caso de artigos cient\u00edficos os autores poder\u00e3o escolher at\u00e9 um peri\u00f3dico em cada extrato do sistema Qualis. Relatos tecnol\u00f3gicos e Casos de ensino poder\u00e3o optar entre os...","og_url":"https:\/\/semead.com.br\/19\/indicacao-para-periodicos\/","og_site_name":"XIX SemeAd","article_modified_time":"2025-05-29T20:22:47+00:00","twitter_card":"summary_large_image","twitter_misc":{"Est. reading time":"1 minute"},"schema":{"@context":"https:\/\/schema.org","@graph":[{"@type":"WebPage","@id":"https:\/\/semead.com.br\/19\/indicacao-para-periodicos\/","url":"https:\/\/semead.com.br\/19\/indicacao-para-periodicos\/","name":"Indica\u00e7\u00e3o para Peri\u00f3dicos: Fast-track - XIX SemeAd","isPartOf":{"@id":"https:\/\/semead.com.br\/19\/#website"},"datePublished":"2013-04-26T00:17:14+00:00","dateModified":"2025-05-29T20:22:47+00:00","breadcrumb":{"@id":"https:\/\/semead.com.br\/19\/indicacao-para-periodicos\/#breadcrumb"},"inLanguage":"en-US","potentialAction":[{"@type":"ReadAction","target":["https:\/\/semead.com.br\/19\/indicacao-para-periodicos\/"]}]},{"@type":"BreadcrumbList","@id":"https:\/\/semead.com.br\/19\/indicacao-para-periodicos\/#breadcrumb","itemListElement":[{"@type":"ListItem","position":1,"name":"In\u00edcio","item":"https:\/\/semead.com.br\/19\/"},{"@type":"ListItem","position":2,"name":"Indica\u00e7\u00e3o para Peri\u00f3dicos: Fast-track"}]},{"@type":"WebSite","@id":"https:\/\/semead.com.br\/19\/#website","url":"https:\/\/semead.com.br\/19\/","name":"XIX SemeAd","description":"Semin\u00e1rios em Administra\u00e7\u00e3o","potentialAction":[{"@type":"SearchAction","target":{"@type":"EntryPoint","urlTemplate":"https:\/\/semead.com.br\/19\/?s={search_term_string}"},"query-input":{"@type":"PropertyValueSpecification","valueRequired":true,"valueName":"search_term_string"}}],"inLanguage":"en-US"}]}},"_links":{"self":[{"href":"https:\/\/semead.com.br\/19\/wp-json\/wp\/v2\/pages\/25","targetHints":{"allow":["GET"]}}],"collection":[{"href":"https:\/\/semead.com.br\/19\/wp-json\/wp\/v2\/pages"}],"about":[{"href":"https:\/\/semead.com.br\/19\/wp-json\/wp\/v2\/types\/page"}],"author":[{"embeddable":true,"href":"https:\/\/semead.com.br\/19\/wp-json\/wp\/v2\/users\/1"}],"replies":[{"embeddable":true,"href":"https:\/\/semead.com.br\/19\/wp-json\/wp\/v2\/comments?post=25"}],"version-history":[{"count":1,"href":"https:\/\/semead.com.br\/19\/wp-json\/wp\/v2\/pages\/25\/revisions"}],"predecessor-version":[{"id":13276,"href":"https:\/\/semead.com.br\/19\/wp-json\/wp\/v2\/pages\/25\/revisions\/13276"}],"wp:attachment":[{"href":"https:\/\/semead.com.br\/19\/wp-json\/wp\/v2\/media?parent=25"}],"curies":[{"name":"wp","href":"https:\/\/api.w.org\/{rel}","templated":true}]}}