{"id":26,"date":"2013-04-26T00:19:37","date_gmt":"2013-04-26T00:19:37","guid":{"rendered":"http:\/\/semead.com.br\/?page_id=26"},"modified":"2016-10-19T20:26:37","modified_gmt":"2016-10-19T22:26:37","slug":"programacao","status":"publish","type":"page","link":"https:\/\/semead.com.br\/19\/programacao\/","title":{"rendered":"Programa\u00e7\u00e3o"},"content":{"rendered":"<h2 style=\"text-align: center;\">Programa\u00e7\u00e3o Sint\u00e9tica do XIX SemeAd<\/h2>\n<p style=\"text-align: center;\">(Sujeita a altera\u00e7\u00f5es)<\/p>\n<p>[symple_heading style=&#8221;double-line&#8221; title=&#8221; 09\/11\/2016&#8243; type=&#8221;h2&#8243; font_size=&#8221;&#8221; text_align=&#8221;left&#8221; margin_top=&#8221;30&#8243; margin_bottom=&#8221;0&#8243; color=&#8221;undefined&#8221; icon_left=&#8221;fa-calendar&#8221; icon_right=&#8221;&#8221;]\n<table id=\"tablepress-2\" class=\"tablepress tablepress-id-2\">\n<tbody class=\"row-striping row-hover\">\n<tr class=\"row-1\">\n\t<td class=\"column-1\">08:30 \u2013 19:00<\/td><td class=\"column-2\">Credenciamento<\/td>\n<\/tr>\n<tr class=\"row-2\">\n\t<td class=\"column-1\">09:00 \u2013 09:30<\/td><td class=\"column-2\">Abertura do Cons\u00f3rcio Doutoral e Coffee Break<\/td>\n<\/tr>\n<tr class=\"row-3\">\n\t<td class=\"column-1\">09:30 \u2013 10:30<\/td><td class=\"column-2\"><a href=\"http:\/\/login.semead.com.br\/19semead\/programacao.php?id=31\" target=\"_blank\">Cons\u00f3rcio Doutoral 1<\/a><\/td>\n<\/tr>\n<tr class=\"row-4\">\n\t<td class=\"column-1\">10:30 \u2013 11:30<\/td><td class=\"column-2\"><a href=\"http:\/\/login.semead.com.br\/19semead\/programacao.php?id=32\" target=\"_blank\">Cons\u00f3rcio Doutoral 2<\/a><\/td>\n<\/tr>\n<tr class=\"row-5\">\n\t<td class=\"column-1\">13:00 \u2013 14:30<\/td><td class=\"column-2\"><a href=\"http:\/\/login.semead.com.br\/19semead\/programacao.php?id=3\" target=\"_blank\">Sess\u00f5es de Apresenta\u00e7\u00f5es de Trabalhos (1)<\/a> e <a href=\"http:\/\/login.semead.com.br\/19semead\/programacao.php?id=11\" target=\"_blank\">Sess\u00e3o Sapiens (1)<\/a><\/td>\n<\/tr>\n<tr class=\"row-6\">\n\t<td class=\"column-1\">14:35 \u2013 16:05<\/td><td class=\"column-2\"><a href=\"http:\/\/login.semead.com.br\/19semead\/programacao.php?id=4\" target=\"_blank\">Sess\u00f5es de Apresenta\u00e7\u00f5es de Trabalhos (2)<\/a> e <a href=\"http:\/\/login.semead.com.br\/19semead\/programacao.php?id=12\" target=\"_blank\">Sess\u00e3o Sapiens (2)<\/a><\/td>\n<\/tr>\n<tr class=\"row-7\">\n\t<td class=\"column-1\">16:05 \u2013 16:30<\/td><td class=\"column-2\">Coffee-break<\/td>\n<\/tr>\n<tr class=\"row-8\">\n\t<td class=\"column-1\">16:30 \u2013 17:30<\/td><td class=\"column-2\"><a href=\"http:\/\/login.semead.com.br\/19semead\/programacao.php?id=26\" target=\"_blank\">Keynote Speaker<\/a><\/td>\n<\/tr>\n<tr class=\"row-9\">\n\t<td class=\"column-1\">17:35 \u2013 19:05<\/td><td class=\"column-2\"><a href=\"http:\/\/login.semead.com.br\/19semead\/programacao.php?id=5\" target=\"_blank\">Sess\u00f5es de Apresenta\u00e7\u00f5es de Trabalhos (3)<\/a> e <a href=\"http:\/\/login.semead.com.br\/19semead\/programacao.php?id=13\" target=\"_blank\">Sess\u00e3o Sapiens (3)<\/a><\/td>\n<\/tr>\n<tr class=\"row-10\">\n\t<td class=\"column-1\">19:10 \u2013 19:40<\/td><td class=\"column-2\">Abertura e apresenta\u00e7\u00e3o da <br>Orquestra Sinf\u00f4nica da Universidade de S\u00e3o Paulo <br> Forma\u00e7\u00e3o de Cordas \u2013 Audit\u00f3rio Safra<\/td>\n<\/tr>\n<tr class=\"row-11\">\n\t<td class=\"column-1\">19:40 \u2013 20:20<\/td><td class=\"column-2\">Abertura <\/td>\n<\/tr>\n<tr class=\"row-12\">\n\t<td class=\"column-1\">20:20 \u2013 22:00<\/td><td class=\"column-2\">Coquetel (Sem \u00e1lcool)<\/td>\n<\/tr>\n<tr class=\"row-13\">\n\t<td class=\"column-1\">13:00 \u2013 16:00<\/td><td class=\"column-2\"><a href=\"http:\/\/login.semead.com.br\/19semead\/programacao.php?id=33\" target=\"_blank\">ELABORANDO A TESE: aspectos te\u00f3ricos e pr\u00e1ticos das pesquisas qualitativa e quantitativa.  - Congrega\u00e7\u00e3o<\/a><\/td>\n<\/tr>\n<\/tbody>\n<\/table>\n<!-- #tablepress-2 from cache --><\/p>\n<p>[symple_heading style=&#8221;double-line&#8221; title=&#8221; 10\/11\/2016&#8243; type=&#8221;h2&#8243; font_size=&#8221;&#8221; text_align=&#8221;left&#8221; margin_top=&#8221;30&#8243; margin_bottom=&#8221;0&#8243; color=&#8221;undefined&#8221; icon_left=&#8221;fa-calendar&#8221; icon_right=&#8221;&#8221;]\n<table id=\"tablepress-3\" class=\"tablepress tablepress-id-3\">\n<tbody class=\"row-striping row-hover\">\n<tr class=\"row-1\">\n\t<td class=\"column-1\">08:00 \u2013 09:30<\/td><td class=\"column-2\"><a href=\"http:\/\/login.semead.com.br\/19semead\/programacao.php?id=6\" target=\"_blank\">Sess\u00f5es de Apresenta\u00e7\u00f5es de Trabalhos (4)<\/a><\/td>\n<\/tr>\n<tr class=\"row-2\">\n\t<td class=\"column-1\">09:30 \u2013 10:00<\/td><td class=\"column-2\">Coffee-break<\/td>\n<\/tr>\n<tr class=\"row-3\">\n\t<td class=\"column-1\">10:00 \u2013 11:30<\/td><td class=\"column-2\"><a href=\"http:\/\/login.semead.com.br\/19semead\/programacao.php?id=29\" target=\"_blank\">Academia &amp; Neg\u00f3cios<\/a><\/td>\n<\/tr>\n<tr class=\"row-4\">\n\t<td class=\"column-1\">11:35 \u2013 12:35<\/td><td class=\"column-2\"><a href=\"http:\/\/login.semead.com.br\/19semead\/programacao.php?id=27\" target=\"_blank\">Keynote Speaker<\/a><\/td>\n<\/tr>\n<tr class=\"row-5\">\n\t<td class=\"column-1\">12:35 \u2013 13:30<\/td><td class=\"column-2\">Almo\u00e7o <\/td>\n<\/tr>\n<tr class=\"row-6\">\n\t<td class=\"column-1\">13:30 \u2013 15:00<\/td><td class=\"column-2\"><a href=\"http:\/\/login.semead.com.br\/19semead\/programacao.php?id=25\" target=\"_blank\">Pain\u00e9is Tem\u00e1ticos<\/a><\/td>\n<\/tr>\n<tr class=\"row-7\">\n\t<td class=\"column-1\">15:05 \u2013 16:35<\/td><td class=\"column-2\"><a href=\"http:\/\/login.semead.com.br\/19semead\/programacao.php?id=30\" target=\"_blank\">Academia &amp; Neg\u00f3cios <\/a><\/td>\n<\/tr>\n<tr class=\"row-8\">\n\t<td class=\"column-1\">16:35 \u2013 17:00<\/td><td class=\"column-2\">Coffee-break<\/td>\n<\/tr>\n<tr class=\"row-9\">\n\t<td class=\"column-1\">17:30 \u2013 19:00<\/td><td class=\"column-2\"><a href=\"http:\/\/login.semead.com.br\/19semead\/programacao.php?id=7\" target=\"_blank\">Sess\u00f5es de Apresenta\u00e7\u00f5es de Trabalhos (5)<\/a> e <a href=\"http:\/\/login.semead.com.br\/19semead\/programacao.php?id=15\" target=\"_blank\">Sess\u00e3o Sapiens (5)<\/a><\/td>\n<\/tr>\n<tr class=\"row-10\">\n\t<td class=\"column-1\">19:05 \u2013 20:00<\/td><td class=\"column-2\">Premia\u00e7\u00e3o e Fast-track <\/td>\n<\/tr>\n<tr class=\"row-11\">\n\t<td class=\"column-1\">20:00 \u2013 20:30<\/td><td class=\"column-2\">Traslado para o Jantar<\/td>\n<\/tr>\n<tr class=\"row-12\">\n\t<td class=\"column-1\">20:30<\/td><td class=\"column-2\">Jantar<\/td>\n<\/tr>\n<\/tbody>\n<\/table>\n<!-- #tablepress-3 from cache --><\/p>\n<p>[symple_heading style=&#8221;double-line&#8221; title=&#8221; 11\/11\/2016&#8243; type=&#8221;h2&#8243; font_size=&#8221;&#8221; text_align=&#8221;left&#8221; margin_top=&#8221;30&#8243; margin_bottom=&#8221;0&#8243; color=&#8221;undefined&#8221; icon_left=&#8221;fa-calendar&#8221; icon_right=&#8221;&#8221;]\n<table id=\"tablepress-10\" class=\"tablepress tablepress-id-10\">\n<tbody class=\"row-striping row-hover\">\n<tr class=\"row-1\">\n\t<td class=\"column-1\">08:30 \u2013 10:00<\/td><td class=\"column-2\"><a href=\"http:\/\/login.semead.com.br\/19semead\/programacao.php?id=8\" target=\"_blank\">Sess\u00f5es de Apresenta\u00e7\u00f5es de Trabalhos (6)<\/a> e <a href=\"http:\/\/login.semead.com.br\/19semead\/programacao.php?id=16\" target=\"_blank\">Sess\u00e3o Sapiens (6)<\/a><\/td>\n<\/tr>\n<tr class=\"row-2\">\n\t<td class=\"column-1\">10:00 \u2013 10:30<\/td><td class=\"column-2\">Coffee-break<\/td>\n<\/tr>\n<tr class=\"row-3\">\n\t<td class=\"column-1\">10:30 \u2013 11:30<\/td><td class=\"column-2\"><a href=\"http:\/\/login.semead.com.br\/19semead\/programacao.php?id=28\" target=\"_blank\">Keynote Speaker<\/a><\/td>\n<\/tr>\n<tr class=\"row-4\">\n\t<td class=\"column-1\">11:35 \u2013 13:05<\/td><td class=\"column-2\"><a href=\"http:\/\/login.semead.com.br\/19semead\/programacao.php?id=17\" target=\"_blank\">Sess\u00f5es de Apresenta\u00e7\u00f5es de Trabalhos (7)<\/a> e <a href=\"http:\/\/login.semead.com.br\/19semead\/programacao.php?id=9\" target=\"_blank\">Sess\u00e3o Sapiens (7)<\/a><\/td>\n<\/tr>\n<tr class=\"row-5\">\n\t<td class=\"column-1\">13h05 \u2013 14h00<\/td><td class=\"column-2\">Coffee-break<\/td>\n<\/tr>\n<\/tbody>\n<\/table>\n<!-- #tablepress-10 from cache --><\/p>\n<p>&nbsp;<\/p>\n","protected":false},"excerpt":{"rendered":"<p>Programa\u00e7\u00e3o Sint\u00e9tica do XIX SemeAd (Sujeita a altera\u00e7\u00f5es) [symple_heading style=&#8221;double-line&#8221; title=&#8221; 09\/11\/2016&#8243; type=&#8221;h2&#8243; font_size=&#8221;&#8221; text_align=&#8221;left&#8221; margin_top=&#8221;30&#8243; margin_bottom=&#8221;0&#8243; color=&#8221;undefined&#8221; icon_left=&#8221;fa-calendar&#8221; icon_right=&#8221;&#8221;] [symple_heading style=&#8221;double-line&#8221; title=&#8221; 10\/11\/2016&#8243; type=&#8221;h2&#8243; font_size=&#8221;&#8221; text_align=&#8221;left&#8221; margin_top=&#8221;30&#8243; margin_bottom=&#8221;0&#8243; color=&#8221;undefined&#8221; icon_left=&#8221;fa-calendar&#8221; icon_right=&#8221;&#8221;] [symple_heading style=&#8221;double-line&#8221; title=&#8221; 11\/11\/2016&#8243; type=&#8221;h2&#8243; font_size=&#8221;&#8221; text_align=&#8221;left&#8221; margin_top=&#8221;30&#8243; margin_bottom=&#8221;0&#8243; color=&#8221;undefined&#8221; icon_left=&#8221;fa-calendar&#8221; icon_right=&#8221;&#8221;] &nbsp;<\/p>\n","protected":false},"author":1,"featured_media":0,"parent":0,"menu_order":0,"comment_status":"open","ping_status":"open","template":"","meta":{"_acf_changed":false,"_monsterinsights_skip_tracking":false,"_monsterinsights_sitenote_active":false,"_monsterinsights_sitenote_note":"","_monsterinsights_sitenote_category":0,"footnotes":""},"class_list":["post-26","page","type-page","status-publish","hentry"],"acf":[],"yoast_head":"<!-- This site is optimized with the Yoast SEO plugin v27.1.1 - https:\/\/yoast.com\/product\/yoast-seo-wordpress\/ -->\n<title>Programa\u00e7\u00e3o - XIX SemeAd<\/title>\n<meta name=\"robots\" content=\"index, follow, max-snippet:-1, max-image-preview:large, max-video-preview:-1\" \/>\n<link rel=\"canonical\" href=\"https:\/\/semead.com.br\/19\/programacao\/\" \/>\n<meta property=\"og:locale\" content=\"en_US\" \/>\n<meta property=\"og:type\" content=\"article\" \/>\n<meta property=\"og:title\" content=\"Programa\u00e7\u00e3o - XIX SemeAd\" \/>\n<meta property=\"og:description\" content=\"Programa\u00e7\u00e3o Sint\u00e9tica do XIX SemeAd (Sujeita a altera\u00e7\u00f5es) [symple_heading style=&#8221;double-line&#8221; title=&#8221; 09\/11\/2016&#8243; type=&#8221;h2&#8243; font_size=&#8221;&#8221; text_align=&#8221;left&#8221; margin_top=&#8221;30&#8243; margin_bottom=&#8221;0&#8243; color=&#8221;undefined&#8221; icon_left=&#8221;fa-calendar&#8221; icon_right=&#8221;&#8221;] [symple_heading style=&#8221;double-line&#8221; title=&#8221; 10\/11\/2016&#8243; type=&#8221;h2&#8243; font_size=&#8221;&#8221; text_align=&#8221;left&#8221; margin_top=&#8221;30&#8243; margin_bottom=&#8221;0&#8243; color=&#8221;undefined&#8221; icon_left=&#8221;fa-calendar&#8221; icon_right=&#8221;&#8221;] [symple_heading style=&#8221;double-line&#8221; title=&#8221; 11\/11\/2016&#8243; type=&#8221;h2&#8243; font_size=&#8221;&#8221; text_align=&#8221;left&#8221; margin_top=&#8221;30&#8243; margin_bottom=&#8221;0&#8243; color=&#8221;undefined&#8221; icon_left=&#8221;fa-calendar&#8221; icon_right=&#8221;&#8221;] &nbsp;\" \/>\n<meta property=\"og:url\" content=\"https:\/\/semead.com.br\/19\/programacao\/\" \/>\n<meta property=\"og:site_name\" content=\"XIX SemeAd\" \/>\n<meta property=\"article:modified_time\" content=\"2016-10-19T22:26:37+00:00\" \/>\n<meta name=\"twitter:card\" content=\"summary_large_image\" \/>\n<script type=\"application\/ld+json\" class=\"yoast-schema-graph\">{\"@context\":\"https:\/\/schema.org\",\"@graph\":[{\"@type\":\"WebPage\",\"@id\":\"https:\/\/semead.com.br\/19\/programacao\/\",\"url\":\"https:\/\/semead.com.br\/19\/programacao\/\",\"name\":\"Programa\u00e7\u00e3o - XIX SemeAd\",\"isPartOf\":{\"@id\":\"https:\/\/semead.com.br\/19\/#website\"},\"datePublished\":\"2013-04-26T00:19:37+00:00\",\"dateModified\":\"2016-10-19T22:26:37+00:00\",\"breadcrumb\":{\"@id\":\"https:\/\/semead.com.br\/19\/programacao\/#breadcrumb\"},\"inLanguage\":\"en-US\",\"potentialAction\":[{\"@type\":\"ReadAction\",\"target\":[\"https:\/\/semead.com.br\/19\/programacao\/\"]}]},{\"@type\":\"BreadcrumbList\",\"@id\":\"https:\/\/semead.com.br\/19\/programacao\/#breadcrumb\",\"itemListElement\":[{\"@type\":\"ListItem\",\"position\":1,\"name\":\"In\u00edcio\",\"item\":\"https:\/\/semead.com.br\/19\/\"},{\"@type\":\"ListItem\",\"position\":2,\"name\":\"Programa\u00e7\u00e3o\"}]},{\"@type\":\"WebSite\",\"@id\":\"https:\/\/semead.com.br\/19\/#website\",\"url\":\"https:\/\/semead.com.br\/19\/\",\"name\":\"XIX SemeAd\",\"description\":\"Semin\u00e1rios em Administra\u00e7\u00e3o\",\"potentialAction\":[{\"@type\":\"SearchAction\",\"target\":{\"@type\":\"EntryPoint\",\"urlTemplate\":\"https:\/\/semead.com.br\/19\/?s={search_term_string}\"},\"query-input\":{\"@type\":\"PropertyValueSpecification\",\"valueRequired\":true,\"valueName\":\"search_term_string\"}}],\"inLanguage\":\"en-US\"}]}<\/script>\n<!-- \/ Yoast SEO plugin. -->","yoast_head_json":{"title":"Programa\u00e7\u00e3o - XIX SemeAd","robots":{"index":"index","follow":"follow","max-snippet":"max-snippet:-1","max-image-preview":"max-image-preview:large","max-video-preview":"max-video-preview:-1"},"canonical":"https:\/\/semead.com.br\/19\/programacao\/","og_locale":"en_US","og_type":"article","og_title":"Programa\u00e7\u00e3o - XIX SemeAd","og_description":"Programa\u00e7\u00e3o Sint\u00e9tica do XIX SemeAd (Sujeita a altera\u00e7\u00f5es) [symple_heading style=&#8221;double-line&#8221; title=&#8221; 09\/11\/2016&#8243; type=&#8221;h2&#8243; font_size=&#8221;&#8221; text_align=&#8221;left&#8221; margin_top=&#8221;30&#8243; margin_bottom=&#8221;0&#8243; color=&#8221;undefined&#8221; icon_left=&#8221;fa-calendar&#8221; icon_right=&#8221;&#8221;] [symple_heading style=&#8221;double-line&#8221; title=&#8221; 10\/11\/2016&#8243; type=&#8221;h2&#8243; font_size=&#8221;&#8221; text_align=&#8221;left&#8221; margin_top=&#8221;30&#8243; margin_bottom=&#8221;0&#8243; color=&#8221;undefined&#8221; icon_left=&#8221;fa-calendar&#8221; icon_right=&#8221;&#8221;] [symple_heading style=&#8221;double-line&#8221; title=&#8221; 11\/11\/2016&#8243; type=&#8221;h2&#8243; font_size=&#8221;&#8221; text_align=&#8221;left&#8221; margin_top=&#8221;30&#8243; margin_bottom=&#8221;0&#8243; color=&#8221;undefined&#8221; icon_left=&#8221;fa-calendar&#8221; icon_right=&#8221;&#8221;] &nbsp;","og_url":"https:\/\/semead.com.br\/19\/programacao\/","og_site_name":"XIX SemeAd","article_modified_time":"2016-10-19T22:26:37+00:00","twitter_card":"summary_large_image","schema":{"@context":"https:\/\/schema.org","@graph":[{"@type":"WebPage","@id":"https:\/\/semead.com.br\/19\/programacao\/","url":"https:\/\/semead.com.br\/19\/programacao\/","name":"Programa\u00e7\u00e3o - XIX SemeAd","isPartOf":{"@id":"https:\/\/semead.com.br\/19\/#website"},"datePublished":"2013-04-26T00:19:37+00:00","dateModified":"2016-10-19T22:26:37+00:00","breadcrumb":{"@id":"https:\/\/semead.com.br\/19\/programacao\/#breadcrumb"},"inLanguage":"en-US","potentialAction":[{"@type":"ReadAction","target":["https:\/\/semead.com.br\/19\/programacao\/"]}]},{"@type":"BreadcrumbList","@id":"https:\/\/semead.com.br\/19\/programacao\/#breadcrumb","itemListElement":[{"@type":"ListItem","position":1,"name":"In\u00edcio","item":"https:\/\/semead.com.br\/19\/"},{"@type":"ListItem","position":2,"name":"Programa\u00e7\u00e3o"}]},{"@type":"WebSite","@id":"https:\/\/semead.com.br\/19\/#website","url":"https:\/\/semead.com.br\/19\/","name":"XIX SemeAd","description":"Semin\u00e1rios em Administra\u00e7\u00e3o","potentialAction":[{"@type":"SearchAction","target":{"@type":"EntryPoint","urlTemplate":"https:\/\/semead.com.br\/19\/?s={search_term_string}"},"query-input":{"@type":"PropertyValueSpecification","valueRequired":true,"valueName":"search_term_string"}}],"inLanguage":"en-US"}]}},"_links":{"self":[{"href":"https:\/\/semead.com.br\/19\/wp-json\/wp\/v2\/pages\/26","targetHints":{"allow":["GET"]}}],"collection":[{"href":"https:\/\/semead.com.br\/19\/wp-json\/wp\/v2\/pages"}],"about":[{"href":"https:\/\/semead.com.br\/19\/wp-json\/wp\/v2\/types\/page"}],"author":[{"embeddable":true,"href":"https:\/\/semead.com.br\/19\/wp-json\/wp\/v2\/users\/1"}],"replies":[{"embeddable":true,"href":"https:\/\/semead.com.br\/19\/wp-json\/wp\/v2\/comments?post=26"}],"version-history":[{"count":0,"href":"https:\/\/semead.com.br\/19\/wp-json\/wp\/v2\/pages\/26\/revisions"}],"wp:attachment":[{"href":"https:\/\/semead.com.br\/19\/wp-json\/wp\/v2\/media?parent=26"}],"curies":[{"name":"wp","href":"https:\/\/api.w.org\/{rel}","templated":true}]}}