{"id":31,"date":"2013-04-26T00:21:48","date_gmt":"2013-04-26T00:21:48","guid":{"rendered":"http:\/\/semead.com.br\/?page_id=31"},"modified":"2017-02-21T19:35:07","modified_gmt":"2017-02-21T22:35:07","slug":"edicoes-anteriores","status":"publish","type":"page","link":"https:\/\/semead.com.br\/19\/edicoes-anteriores\/","title":{"rendered":"Edi\u00e7\u00f5es Anteriores"},"content":{"rendered":"<h2>XVIII SemeAd<\/h2>\n<p>[symple_button color=&#8221;navy&#8221; url=&#8221;https:\/\/semead.com.br\/18&#8243; title=&#8221;18 SemeAd&#8221; \u00a0target=&#8221;blank&#8221; border_radius=&#8221;10px&#8221;]Site[\/symple_button]<\/p>\n<p>[symple_button color=&#8221;navy&#8221; url=&#8221;https:\/\/semead.com.br\/18\/resultado-xviii-semead\/&#8221; target=&#8221;blank&#8221; title=&#8221;17 SemeAd &#8211; Anais&#8221; \u00a0border_radius=&#8221;10px&#8221;]Anais[\/symple_button]<\/p>\n<p>&nbsp;<\/p>\n<hr \/>\n<h2>XVII SemeAd<\/h2>\n<p>[symple_button color=&#8221;navy&#8221; url=&#8221;https:\/\/semead.com.br\/17&#8243; title=&#8221;17 SemeAd&#8221; \u00a0target=&#8221;blank&#8221; border_radius=&#8221;10px&#8221;]Site[\/symple_button]<\/p>\n<p>[symple_button color=&#8221;navy&#8221; url=&#8221;https:\/\/semead.com.br\/17\/resultado-17-semead\/&#8221; target=&#8221;blank&#8221; title=&#8221;17 SemeAd &#8211; Anais&#8221; \u00a0border_radius=&#8221;10px&#8221;]Anais[\/symple_button]<\/p>\n<hr \/>\n<h2>XVI SemeAd<\/h2>\n<p>[symple_button color=&#8221;navy&#8221; url=&#8221;https:\/\/semead.com.br\/16\/&#8221;\u00a0target=&#8221;blank&#8221; title=&#8221;16 SemeAd&#8221; \u00a0border_radius=&#8221;10px&#8221;]Site[\/symple_button]<\/p>\n<p>[symple_button color=&#8221;navy&#8221; url=&#8221;http:\/\/sistema.semead.com.br\/16semead\/resultado\/&#8221;\u00a0target=&#8221;blank&#8221; title=&#8221;17 SemeAd &#8211; Anais&#8221; \u00a0border_radius=&#8221;10px&#8221;]Anais[\/symple_button]<\/p>\n<hr \/>\n<h2>XV SemeAd<\/h2>\n<p>[symple_button color=&#8221;navy&#8221; url=&#8221;http:\/\/sistema.semead.com.br\/15semead\/&#8221;\u00a0target=&#8221;blank&#8221; title=&#8221;15 SemeAd&#8221; \u00a0border_radius=&#8221;10px&#8221;]Site[\/symple_button]<\/p>\n<p>[symple_button color=&#8221;navy&#8221; url=&#8221;http:\/\/sistema.semead.com.br\/15semead\/resultado\/&#8221;\u00a0target=&#8221;blank&#8221; title=&#8221;15 SemeAd &#8211; Anais&#8221; \u00a0border_radius=&#8221;10px&#8221;]Anais[\/symple_button]<\/p>\n<hr \/>\n<h2>XIV SemeAd<\/h2>\n<p>[symple_button color=&#8221;navy&#8221; url=&#8221;http:\/\/sistema.semead.com.br\/14semead\/&#8221;\u00a0target=&#8221;blank&#8221; title=&#8221;14 SemeAd&#8221; \u00a0border_radius=&#8221;10px&#8221;]Site[\/symple_button]<\/p>\n<p>[symple_button color=&#8221;navy&#8221; url=&#8221;http:\/\/sistema.semead.com.br\/14semead\/resultado\/&#8221;\u00a0target=&#8221;blank&#8221; title=&#8221;14 SemeAd &#8211; Anais&#8221; \u00a0border_radius=&#8221;10px&#8221;]Anais[\/symple_button]<\/p>\n<hr \/>\n<h2>XIII SemeAd<\/h2>\n<p>[symple_button color=&#8221;navy&#8221; url=&#8221;http:\/\/sistema.semead.com.br\/13semead\/&#8221;\u00a0target=&#8221;blank&#8221; title=&#8221;13 SemeAd&#8221; border_radius=&#8221;10px&#8221;]Site[\/symple_button]<\/p>\n<p>[symple_button color=&#8221;navy&#8221; url=&#8221;http:\/\/sistema.semead.com.br\/13semead\/resultado\/&#8221;\u00a0target=&#8221;blank&#8221; title=&#8221;13 SemeAd &#8211; Anais&#8221; border_radius=&#8221;10px&#8221;]Anais[\/symple_button]<\/p>\n<hr \/>\n<h2>XII SemeAd<\/h2>\n<p>[symple_button color=&#8221;navy&#8221; url=&#8221;http:\/\/sistema.semead.com.br\/12semead\/&#8221;\u00a0target=&#8221;blank&#8221; title=&#8221;12 SemeAd&#8221; border_radius=&#8221;10px&#8221;]Site[\/symple_button]<\/p>\n<p>[symple_button color=&#8221;navy&#8221; url=&#8221;http:\/\/sistema.semead.com.br\/12semead\/resultado\/&#8221;\u00a0target=&#8221;blank&#8221; title=&#8221;12 SemeAd &#8211; Anais&#8221; border_radius=&#8221;10px&#8221;]Anais[\/symple_button]<\/p>\n<hr \/>\n<h2>XI SemeAd<\/h2>\n<p>[symple_button color=&#8221;navy&#8221; url=&#8221;http:\/\/sistema.semead.com.br\/11semead\/&#8221;\u00a0target=&#8221;blank&#8221; title=&#8221;11 SemeAd&#8221; border_radius=&#8221;10px&#8221;]Site[\/symple_button]<\/p>\n<p>[symple_button color=&#8221;navy&#8221; url=&#8221;http:\/\/sistema.semead.com.br\/11semead\/resultado\/&#8221;\u00a0target=&#8221;blank&#8221; title=&#8221;11 SemeAd &#8211; Anais&#8221; border_radius=&#8221;10px&#8221;]Anais[\/symple_button]<\/p>\n<hr \/>\n<h2>X SemeAd<\/h2>\n<p>[symple_button color=&#8221;navy&#8221; url=&#8221;http:\/\/sistema.semead.com.br\/10semead\/&#8221;\u00a0target=&#8221;blank&#8221; title=&#8221;10 SemeAd&#8221; border_radius=&#8221;10px&#8221;]Site[\/symple_button]<\/p>\n<p>[symple_button color=&#8221;navy&#8221; url=&#8221;http:\/\/sistema.semead.com.br\/10semead\/sistema\/resultado\/&#8221;\u00a0target=&#8221;blank&#8221; title=&#8221;10 SemeAd &#8211; Anais&#8221; border_radius=&#8221;10px&#8221;]Anais[\/symple_button]<\/p>\n<hr \/>\n<h2>IX SemeAd<\/h2>\n<p>[symple_button color=&#8221;navy&#8221; url=&#8221;http:\/\/sistema.semead.com.br\/9semead\/&#8221;\u00a0target=&#8221;blank&#8221; title=&#8221;9 SemeAd&#8221; border_radius=&#8221;10px&#8221;]Site[\/symple_button]<\/p>\n<p>[symple_button color=&#8221;navy&#8221; url=&#8221;http:\/\/sistema.semead.com.br\/9semead\/resultado_semead\/&#8221;\u00a0target=&#8221;blank&#8221; title=&#8221;9 SemeAd &#8211; Anais&#8221; border_radius=&#8221;10px&#8221;]Anais[\/symple_button]<\/p>\n<hr \/>\n<h2>VIII SemeAd<\/h2>\n<p>[symple_button color=&#8221;navy&#8221; url=&#8221;http:\/\/sistema.semead.com.br\/8semead\/&#8221;\u00a0target=&#8221;blank&#8221; title=&#8221;8 SemeAd&#8221; border_radius=&#8221;10px&#8221;]Site[\/symple_button]<\/p>\n<p>[symple_button color=&#8221;navy&#8221; url=&#8221;http:\/\/sistema.semead.com.br\/8semead\/resultado\/default.asp&#8221;\u00a0target=&#8221;blank&#8221; title=&#8221;8 SemeAd &#8211; Anais&#8221; border_radius=&#8221;10px&#8221;]Anais[\/symple_button]<\/p>\n<hr \/>\n<h2>VII SemeAd<\/h2>\n<p>[symple_button color=&#8221;navy&#8221; url=&#8221;http:\/\/sistema.semead.com.br\/7semead\/&#8221;\u00a0target=&#8221;blank&#8221; title=&#8221;7 SemeAd&#8221; border_radius=&#8221;10px&#8221;]Site[\/symple_button]<\/p>\n<p>[symple_button color=&#8221;navy&#8221; url=&#8221;http:\/\/sistema.semead.com.br\/7semead\/&#8221;\u00a0target=&#8221;blank&#8221; title=&#8221;7 SemeAd &#8211; Anais&#8221; border_radius=&#8221;10px&#8221;]Anais[\/symple_button]<\/p>\n<hr \/>\n<h2>VI SemeAd<\/h2>\n<p>[symple_button color=&#8221;navy&#8221; url=&#8221;http:\/\/sistema.semead.com.br\/6semead\/&#8221;\u00a0target=&#8221;blank&#8221; title=&#8221;6 SemeAd&#8221; border_radius=&#8221;10px&#8221;]Site[\/symple_button]<\/p>\n<p>[symple_button color=&#8221;navy&#8221; url=&#8221;http:\/\/sistema.semead.com.br\/6semead\/&#8221;\u00a0target=&#8221;blank&#8221; title=&#8221;6 SemeAd &#8211; Anais&#8221; border_radius=&#8221;10px&#8221;]Anais[\/symple_button]<\/p>\n<hr \/>\n<h2>V SemeAd<\/h2>\n<p>[symple_button color=&#8221;navy&#8221; url=&#8221;http:\/\/sistema.semead.com.br\/5semead\/&#8221;\u00a0target=&#8221;blank&#8221; title=&#8221;5 SemeAd&#8221; border_radius=&#8221;10px&#8221;]Site[\/symple_button]<\/p>\n<p>[symple_button color=&#8221;navy&#8221; url=&#8221;http:\/\/sistema.semead.com.br\/5semead\/&#8221;\u00a0target=&#8221;blank&#8221; title=&#8221;5 SemeAd &#8211; Anais&#8221; border_radius=&#8221;10px&#8221;]Anais[\/symple_button]<\/p>\n<hr \/>\n<h2>IV SemeAd<\/h2>\n<p>[symple_button color=&#8221;navy&#8221; url=&#8221;http:\/\/sistema.semead.com.br\/4semead\/index.html&#8221;\u00a0target=&#8221;blank&#8221; title=&#8221;4 SemeAd&#8221; border_radius=&#8221;10px&#8221;]Site[\/symple_button]<\/p>\n<p>[symple_button color=&#8221;navy&#8221; url=&#8221;http:\/\/sistema.semead.com.br\/4semead\/index.html&#8221;\u00a0target=&#8221;blank&#8221; title=&#8221;4 SemeAd &#8211; Anais&#8221; border_radius=&#8221;10px&#8221;]Anais[\/symple_button]<\/p>\n<hr \/>\n<h2>III SemeAd<\/h2>\n<p>[symple_button color=&#8221;navy&#8221; url=&#8221;http:\/\/sistema.semead.com.br\/3semead\/index.html&#8221;\u00a0target=&#8221;blank&#8221; title=&#8221;3 SemeAd&#8221; border_radius=&#8221;10px&#8221;]Site[\/symple_button]<\/p>\n<p>[symple_button color=&#8221;navy&#8221; url=&#8221;http:\/\/sistema.semead.com.br\/3semead\/Areas_tematicas.html&#8221;\u00a0target=&#8221;blank&#8221; title=&#8221;3 SemeAd &#8211; Anais&#8221; border_radius=&#8221;10px&#8221;]Anais[\/symple_button]<\/p>\n","protected":false},"excerpt":{"rendered":"<p>XVIII SemeAd [symple_button color=&#8221;navy&#8221; url=&#8221;https:\/\/semead.com.br\/18&#8243; title=&#8221;18 SemeAd&#8221; \u00a0target=&#8221;blank&#8221; border_radius=&#8221;10px&#8221;]Site[\/symple_button] [symple_button color=&#8221;navy&#8221; url=&#8221;https:\/\/semead.com.br\/18\/resultado-xviii-semead\/&#8221; target=&#8221;blank&#8221; title=&#8221;17 SemeAd &#8211; Anais&#8221; \u00a0border_radius=&#8221;10px&#8221;]Anais[\/symple_button] &nbsp; XVII SemeAd [symple_button color=&#8221;navy&#8221; url=&#8221;https:\/\/semead.com.br\/17&#8243; title=&#8221;17 SemeAd&#8221; \u00a0target=&#8221;blank&#8221; border_radius=&#8221;10px&#8221;]Site[\/symple_button] [symple_button color=&#8221;navy&#8221; url=&#8221;https:\/\/semead.com.br\/17\/resultado-17-semead\/&#8221; target=&#8221;blank&#8221; title=&#8221;17 SemeAd &#8211; Anais&#8221; \u00a0border_radius=&#8221;10px&#8221;]Anais[\/symple_button] XVI SemeAd [symple_button color=&#8221;navy&#8221; url=&#8221;https:\/\/semead.com.br\/16\/&#8221;\u00a0target=&#8221;blank&#8221; title=&#8221;16 SemeAd&#8221; \u00a0border_radius=&#8221;10px&#8221;]Site[\/symple_button] [symple_button color=&#8221;navy&#8221; url=&#8221;http:\/\/sistema.semead.com.br\/16semead\/resultado\/&#8221;\u00a0target=&#8221;blank&#8221; title=&#8221;17 SemeAd &#8211; Anais&#8221; \u00a0border_radius=&#8221;10px&#8221;]Anais[\/symple_button] XV SemeAd&#8230;<\/p>\n","protected":false},"author":1,"featured_media":0,"parent":0,"menu_order":0,"comment_status":"open","ping_status":"open","template":"","meta":{"_acf_changed":false,"_monsterinsights_skip_tracking":false,"_monsterinsights_sitenote_active":false,"_monsterinsights_sitenote_note":"","_monsterinsights_sitenote_category":0,"footnotes":""},"class_list":["post-31","page","type-page","status-publish","hentry"],"acf":[],"yoast_head":"<!-- This site is optimized with the Yoast SEO plugin v27.1.1 - https:\/\/yoast.com\/product\/yoast-seo-wordpress\/ -->\n<title>Edi\u00e7\u00f5es Anteriores - XIX SemeAd<\/title>\n<meta name=\"robots\" content=\"index, follow, max-snippet:-1, max-image-preview:large, max-video-preview:-1\" \/>\n<link rel=\"canonical\" href=\"https:\/\/semead.com.br\/19\/edicoes-anteriores\/\" \/>\n<meta property=\"og:locale\" content=\"en_US\" \/>\n<meta property=\"og:type\" content=\"article\" \/>\n<meta property=\"og:title\" content=\"Edi\u00e7\u00f5es Anteriores - XIX SemeAd\" \/>\n<meta property=\"og:description\" content=\"XVIII SemeAd [symple_button color=&#8221;navy&#8221; url=&#8221;https:\/\/semead.com.br\/18&#8243; title=&#8221;18 SemeAd&#8221; \u00a0target=&#8221;blank&#8221; border_radius=&#8221;10px&#8221;]Site[\/symple_button] [symple_button color=&#8221;navy&#8221; url=&#8221;https:\/\/semead.com.br\/18\/resultado-xviii-semead\/&#8221; target=&#8221;blank&#8221; title=&#8221;17 SemeAd &#8211; Anais&#8221; \u00a0border_radius=&#8221;10px&#8221;]Anais[\/symple_button] &nbsp; XVII SemeAd [symple_button color=&#8221;navy&#8221; url=&#8221;https:\/\/semead.com.br\/17&#8243; title=&#8221;17 SemeAd&#8221; \u00a0target=&#8221;blank&#8221; border_radius=&#8221;10px&#8221;]Site[\/symple_button] [symple_button color=&#8221;navy&#8221; url=&#8221;https:\/\/semead.com.br\/17\/resultado-17-semead\/&#8221; target=&#8221;blank&#8221; title=&#8221;17 SemeAd &#8211; Anais&#8221; \u00a0border_radius=&#8221;10px&#8221;]Anais[\/symple_button] XVI SemeAd [symple_button color=&#8221;navy&#8221; url=&#8221;https:\/\/semead.com.br\/16\/&#8221;\u00a0target=&#8221;blank&#8221; title=&#8221;16 SemeAd&#8221; \u00a0border_radius=&#8221;10px&#8221;]Site[\/symple_button] [symple_button color=&#8221;navy&#8221; url=&#8221;http:\/\/sistema.semead.com.br\/16semead\/resultado\/&#8221;\u00a0target=&#8221;blank&#8221; title=&#8221;17 SemeAd &#8211; Anais&#8221; \u00a0border_radius=&#8221;10px&#8221;]Anais[\/symple_button] XV SemeAd...\" \/>\n<meta property=\"og:url\" content=\"https:\/\/semead.com.br\/19\/edicoes-anteriores\/\" \/>\n<meta property=\"og:site_name\" content=\"XIX SemeAd\" \/>\n<meta property=\"article:modified_time\" content=\"2017-02-21T22:35:07+00:00\" \/>\n<meta name=\"twitter:card\" content=\"summary_large_image\" \/>\n<meta name=\"twitter:label1\" content=\"Est. reading time\" \/>\n\t<meta name=\"twitter:data1\" content=\"4 minutes\" \/>\n<script type=\"application\/ld+json\" class=\"yoast-schema-graph\">{\"@context\":\"https:\/\/schema.org\",\"@graph\":[{\"@type\":\"WebPage\",\"@id\":\"https:\/\/semead.com.br\/19\/edicoes-anteriores\/\",\"url\":\"https:\/\/semead.com.br\/19\/edicoes-anteriores\/\",\"name\":\"Edi\u00e7\u00f5es Anteriores - XIX SemeAd\",\"isPartOf\":{\"@id\":\"https:\/\/semead.com.br\/19\/#website\"},\"datePublished\":\"2013-04-26T00:21:48+00:00\",\"dateModified\":\"2017-02-21T22:35:07+00:00\",\"breadcrumb\":{\"@id\":\"https:\/\/semead.com.br\/19\/edicoes-anteriores\/#breadcrumb\"},\"inLanguage\":\"en-US\",\"potentialAction\":[{\"@type\":\"ReadAction\",\"target\":[\"https:\/\/semead.com.br\/19\/edicoes-anteriores\/\"]}]},{\"@type\":\"BreadcrumbList\",\"@id\":\"https:\/\/semead.com.br\/19\/edicoes-anteriores\/#breadcrumb\",\"itemListElement\":[{\"@type\":\"ListItem\",\"position\":1,\"name\":\"In\u00edcio\",\"item\":\"https:\/\/semead.com.br\/19\/\"},{\"@type\":\"ListItem\",\"position\":2,\"name\":\"Edi\u00e7\u00f5es Anteriores\"}]},{\"@type\":\"WebSite\",\"@id\":\"https:\/\/semead.com.br\/19\/#website\",\"url\":\"https:\/\/semead.com.br\/19\/\",\"name\":\"XIX SemeAd\",\"description\":\"Semin\u00e1rios em Administra\u00e7\u00e3o\",\"potentialAction\":[{\"@type\":\"SearchAction\",\"target\":{\"@type\":\"EntryPoint\",\"urlTemplate\":\"https:\/\/semead.com.br\/19\/?s={search_term_string}\"},\"query-input\":{\"@type\":\"PropertyValueSpecification\",\"valueRequired\":true,\"valueName\":\"search_term_string\"}}],\"inLanguage\":\"en-US\"}]}<\/script>\n<!-- \/ Yoast SEO plugin. -->","yoast_head_json":{"title":"Edi\u00e7\u00f5es Anteriores - XIX SemeAd","robots":{"index":"index","follow":"follow","max-snippet":"max-snippet:-1","max-image-preview":"max-image-preview:large","max-video-preview":"max-video-preview:-1"},"canonical":"https:\/\/semead.com.br\/19\/edicoes-anteriores\/","og_locale":"en_US","og_type":"article","og_title":"Edi\u00e7\u00f5es Anteriores - XIX SemeAd","og_description":"XVIII SemeAd [symple_button color=&#8221;navy&#8221; url=&#8221;https:\/\/semead.com.br\/18&#8243; title=&#8221;18 SemeAd&#8221; \u00a0target=&#8221;blank&#8221; border_radius=&#8221;10px&#8221;]Site[\/symple_button] [symple_button color=&#8221;navy&#8221; url=&#8221;https:\/\/semead.com.br\/18\/resultado-xviii-semead\/&#8221; target=&#8221;blank&#8221; title=&#8221;17 SemeAd &#8211; Anais&#8221; \u00a0border_radius=&#8221;10px&#8221;]Anais[\/symple_button] &nbsp; XVII SemeAd [symple_button color=&#8221;navy&#8221; url=&#8221;https:\/\/semead.com.br\/17&#8243; title=&#8221;17 SemeAd&#8221; \u00a0target=&#8221;blank&#8221; border_radius=&#8221;10px&#8221;]Site[\/symple_button] [symple_button color=&#8221;navy&#8221; url=&#8221;https:\/\/semead.com.br\/17\/resultado-17-semead\/&#8221; target=&#8221;blank&#8221; title=&#8221;17 SemeAd &#8211; Anais&#8221; \u00a0border_radius=&#8221;10px&#8221;]Anais[\/symple_button] XVI SemeAd [symple_button color=&#8221;navy&#8221; url=&#8221;https:\/\/semead.com.br\/16\/&#8221;\u00a0target=&#8221;blank&#8221; title=&#8221;16 SemeAd&#8221; \u00a0border_radius=&#8221;10px&#8221;]Site[\/symple_button] [symple_button color=&#8221;navy&#8221; url=&#8221;http:\/\/sistema.semead.com.br\/16semead\/resultado\/&#8221;\u00a0target=&#8221;blank&#8221; title=&#8221;17 SemeAd &#8211; Anais&#8221; \u00a0border_radius=&#8221;10px&#8221;]Anais[\/symple_button] XV SemeAd...","og_url":"https:\/\/semead.com.br\/19\/edicoes-anteriores\/","og_site_name":"XIX SemeAd","article_modified_time":"2017-02-21T22:35:07+00:00","twitter_card":"summary_large_image","twitter_misc":{"Est. reading time":"4 minutes"},"schema":{"@context":"https:\/\/schema.org","@graph":[{"@type":"WebPage","@id":"https:\/\/semead.com.br\/19\/edicoes-anteriores\/","url":"https:\/\/semead.com.br\/19\/edicoes-anteriores\/","name":"Edi\u00e7\u00f5es Anteriores - XIX SemeAd","isPartOf":{"@id":"https:\/\/semead.com.br\/19\/#website"},"datePublished":"2013-04-26T00:21:48+00:00","dateModified":"2017-02-21T22:35:07+00:00","breadcrumb":{"@id":"https:\/\/semead.com.br\/19\/edicoes-anteriores\/#breadcrumb"},"inLanguage":"en-US","potentialAction":[{"@type":"ReadAction","target":["https:\/\/semead.com.br\/19\/edicoes-anteriores\/"]}]},{"@type":"BreadcrumbList","@id":"https:\/\/semead.com.br\/19\/edicoes-anteriores\/#breadcrumb","itemListElement":[{"@type":"ListItem","position":1,"name":"In\u00edcio","item":"https:\/\/semead.com.br\/19\/"},{"@type":"ListItem","position":2,"name":"Edi\u00e7\u00f5es Anteriores"}]},{"@type":"WebSite","@id":"https:\/\/semead.com.br\/19\/#website","url":"https:\/\/semead.com.br\/19\/","name":"XIX SemeAd","description":"Semin\u00e1rios em Administra\u00e7\u00e3o","potentialAction":[{"@type":"SearchAction","target":{"@type":"EntryPoint","urlTemplate":"https:\/\/semead.com.br\/19\/?s={search_term_string}"},"query-input":{"@type":"PropertyValueSpecification","valueRequired":true,"valueName":"search_term_string"}}],"inLanguage":"en-US"}]}},"_links":{"self":[{"href":"https:\/\/semead.com.br\/19\/wp-json\/wp\/v2\/pages\/31","targetHints":{"allow":["GET"]}}],"collection":[{"href":"https:\/\/semead.com.br\/19\/wp-json\/wp\/v2\/pages"}],"about":[{"href":"https:\/\/semead.com.br\/19\/wp-json\/wp\/v2\/types\/page"}],"author":[{"embeddable":true,"href":"https:\/\/semead.com.br\/19\/wp-json\/wp\/v2\/users\/1"}],"replies":[{"embeddable":true,"href":"https:\/\/semead.com.br\/19\/wp-json\/wp\/v2\/comments?post=31"}],"version-history":[{"count":0,"href":"https:\/\/semead.com.br\/19\/wp-json\/wp\/v2\/pages\/31\/revisions"}],"wp:attachment":[{"href":"https:\/\/semead.com.br\/19\/wp-json\/wp\/v2\/media?parent=31"}],"curies":[{"name":"wp","href":"https:\/\/api.w.org\/{rel}","templated":true}]}}