{"id":33,"date":"2013-04-26T00:22:40","date_gmt":"2013-04-26T00:22:40","guid":{"rendered":"http:\/\/semead.com.br\/?page_id=33"},"modified":"2013-04-26T00:22:40","modified_gmt":"2013-04-26T00:22:40","slug":"informacoes-uteis","status":"publish","type":"page","link":"https:\/\/semead.com.br\/19\/informacoes-uteis\/","title":{"rendered":"Informa\u00e7\u00f5es \u00fateis"},"content":{"rendered":"<div align=\"justify\">\n<p><strong>TRANSPORTES<\/strong><br \/>\n-Metr\u00f4 \u2013 0800-7707722 &#8211;\u00a0<span style=\"text-decoration: underline\"><a href=\"http:\/\/www.metro.sp.gov.br\" target=\"_blank\">www.metro.sp.gov.br<\/a><\/span><br \/>\n-\u00d4nibus municipais \u2013 156<br \/>\n-Aeroportos \u2013 S\u00e3o Paulo Guarulhos (11) 2445-2945; Congonhas (11) 5090-9000; Campo de Marte (11) 2221-2699<br \/>\n-Airport Bus Service \u2013 0800-2853047 ou (11) 3775-3850 &#8211; <a href=\"http:\/\/www.airportbusservice.com.br\" target=\"_blank\"><span style=\"text-decoration: underline\">www.airportbusservice.com.br<\/span><\/a><br \/>\n-Terminais Rodovi\u00e1rios: Tiet\u00ea, Barra Funda e Jabaquara \u2013 (11) 3866-1100 &#8211;\u00a0<span style=\"text-decoration: underline\"><a href=\"http:\/\/www.socicam.com.br\" target=\"_blank\">www.socicam.com.br<\/a><\/span><br \/>\n-Companhia Paulista de Trens Metropolitanos \u2013 0800-0550121 &#8211;\u00a0<span style=\"text-decoration: underline\"><a href=\"http:\/\/www.cptm.sp.gov.br\" target=\"_blank\">www.cptm.sp.gov.br<\/a><\/span><br \/>\n-ADETAX &#8211; Associa\u00e7\u00e3o das Empresas de T\u00e1xi de Frota do Munic\u00edpio de S\u00e3o Paulo &#8211;\u00a0<span style=\"text-decoration: underline\"><a href=\"http:\/\/www.adetax.com.br\/precos.asp\" target=\"_blank\">www.adetax.com.br\/precos.asp<\/a><\/span><br \/>\n-SINDITAXI &#8211; Sindicato dos Taxistas Aut\u00f4nomos de S\u00e3o Paulo &#8211; (11) 5573-5200- <a href=\"http:\/\/www.sinditaxisp.og.br\" target=\"_blank\"><span style=\"text-decoration: underline\">www.sinditaxisp.og.br<\/span><\/a><\/p>\n<p><strong>O QUE FAZER NA CAPITAL<\/strong><br \/>\n-S\u00e3o Paulo Turismo \u2013 <span style=\"text-decoration: underline\"><a href=\"http:\/\/www.spturis.com\" target=\"_blank\">www.spturis.com<\/a><\/span> \/ <span style=\"text-decoration: underline\"><a href=\"http:\/\/www.cidadedesaopaulo.com\" target=\"_blank\">www.cidadedesaopaulo.com<\/a><\/span><br \/>\n-S\u00e3o Paulo Convention &amp; Visitors Bureau \u2013 <span style=\"text-decoration: underline\"><a href=\"http:\/\/www.visitesaopaulo.com\" target=\"_blank\">www.visitesaopaulo.com<\/a><\/span><br \/>\n-Dicas de Passeios \u2013 <span style=\"text-decoration: underline\"><a href=\"http:\/\/www.cidadedesaopaulo.com\/fiquemaisumdia\" target=\"_blank\">www.cidadedesaopaulo.com\/fiquemaisumdia<\/a><\/span><br \/>\n-Catraca Livre &#8211; <span style=\"text-decoration: underline\"><a href=\"http:\/\/www.catracalivre.com.br\" target=\"_blank\">www.catracalivre.com.br<\/a><\/span><br \/>\n-Guia da Semana &#8211; <span style=\"text-decoration: underline\"><a href=\"http:\/\/www.guiadasemana.com.br\/sao-paulo\" target=\"_blank\">www.guiadasemana.com.br\/sao-paulo<\/a><\/span><\/p>\n<p><strong>EMERG\u00caNCIAS<\/strong><br \/>\n-Emerg\u00eancia de tr\u00e2nsito \u2013 1188<br \/>\n-Emerg\u00eancia de sa\u00fade \u2013 192<br \/>\n-Pol\u00edcia Civil \u2013 147<br \/>\n-Pol\u00edcia Militar \u2013 190<br \/>\n-Bombeiros \u2013 193<\/p>\n<p>&nbsp;<\/p>\n<\/div>\n","protected":false},"excerpt":{"rendered":"<p>TRANSPORTES -Metr\u00f4 \u2013 0800-7707722 &#8211;\u00a0www.metro.sp.gov.br -\u00d4nibus municipais \u2013 156 -Aeroportos \u2013 S\u00e3o Paulo Guarulhos (11) 2445-2945; Congonhas (11) 5090-9000; Campo de Marte (11) 2221-2699 -Airport Bus Service \u2013 0800-2853047 ou (11) 3775-3850 &#8211; www.airportbusservice.com.br -Terminais Rodovi\u00e1rios: Tiet\u00ea, Barra Funda e Jabaquara \u2013 (11) 3866-1100 &#8211;\u00a0www.socicam.com.br -Companhia Paulista de Trens Metropolitanos \u2013 0800-0550121 &#8211;\u00a0www.cptm.sp.gov.br -ADETAX &#8211;&#8230;<\/p>\n","protected":false},"author":1,"featured_media":0,"parent":0,"menu_order":0,"comment_status":"open","ping_status":"open","template":"","meta":{"_acf_changed":false,"_monsterinsights_skip_tracking":false,"_monsterinsights_sitenote_active":false,"_monsterinsights_sitenote_note":"","_monsterinsights_sitenote_category":0,"footnotes":""},"class_list":["post-33","page","type-page","status-publish","hentry"],"acf":[],"yoast_head":"<!-- This site is optimized with the Yoast SEO plugin v27.1.1 - https:\/\/yoast.com\/product\/yoast-seo-wordpress\/ -->\n<title>Informa\u00e7\u00f5es \u00fateis - XIX SemeAd<\/title>\n<meta name=\"robots\" content=\"index, follow, max-snippet:-1, max-image-preview:large, max-video-preview:-1\" \/>\n<link rel=\"canonical\" href=\"https:\/\/semead.com.br\/19\/informacoes-uteis\/\" \/>\n<meta property=\"og:locale\" content=\"en_US\" \/>\n<meta property=\"og:type\" content=\"article\" \/>\n<meta property=\"og:title\" content=\"Informa\u00e7\u00f5es \u00fateis - XIX SemeAd\" \/>\n<meta property=\"og:description\" content=\"TRANSPORTES -Metr\u00f4 \u2013 0800-7707722 &#8211;\u00a0www.metro.sp.gov.br -\u00d4nibus municipais \u2013 156 -Aeroportos \u2013 S\u00e3o Paulo Guarulhos (11) 2445-2945; Congonhas (11) 5090-9000; Campo de Marte (11) 2221-2699 -Airport Bus Service \u2013 0800-2853047 ou (11) 3775-3850 &#8211; www.airportbusservice.com.br -Terminais Rodovi\u00e1rios: Tiet\u00ea, Barra Funda e Jabaquara \u2013 (11) 3866-1100 &#8211;\u00a0www.socicam.com.br -Companhia Paulista de Trens Metropolitanos \u2013 0800-0550121 &#8211;\u00a0www.cptm.sp.gov.br -ADETAX &#8211;...\" \/>\n<meta property=\"og:url\" content=\"https:\/\/semead.com.br\/19\/informacoes-uteis\/\" \/>\n<meta property=\"og:site_name\" content=\"XIX SemeAd\" \/>\n<meta name=\"twitter:card\" content=\"summary_large_image\" \/>\n<meta name=\"twitter:label1\" content=\"Est. reading time\" \/>\n\t<meta name=\"twitter:data1\" content=\"1 minute\" \/>\n<script type=\"application\/ld+json\" class=\"yoast-schema-graph\">{\"@context\":\"https:\/\/schema.org\",\"@graph\":[{\"@type\":\"WebPage\",\"@id\":\"https:\/\/semead.com.br\/19\/informacoes-uteis\/\",\"url\":\"https:\/\/semead.com.br\/19\/informacoes-uteis\/\",\"name\":\"Informa\u00e7\u00f5es \u00fateis - XIX SemeAd\",\"isPartOf\":{\"@id\":\"https:\/\/semead.com.br\/19\/#website\"},\"datePublished\":\"2013-04-26T00:22:40+00:00\",\"breadcrumb\":{\"@id\":\"https:\/\/semead.com.br\/19\/informacoes-uteis\/#breadcrumb\"},\"inLanguage\":\"en-US\",\"potentialAction\":[{\"@type\":\"ReadAction\",\"target\":[\"https:\/\/semead.com.br\/19\/informacoes-uteis\/\"]}]},{\"@type\":\"BreadcrumbList\",\"@id\":\"https:\/\/semead.com.br\/19\/informacoes-uteis\/#breadcrumb\",\"itemListElement\":[{\"@type\":\"ListItem\",\"position\":1,\"name\":\"In\u00edcio\",\"item\":\"https:\/\/semead.com.br\/19\/\"},{\"@type\":\"ListItem\",\"position\":2,\"name\":\"Informa\u00e7\u00f5es \u00fateis\"}]},{\"@type\":\"WebSite\",\"@id\":\"https:\/\/semead.com.br\/19\/#website\",\"url\":\"https:\/\/semead.com.br\/19\/\",\"name\":\"XIX SemeAd\",\"description\":\"Semin\u00e1rios em Administra\u00e7\u00e3o\",\"potentialAction\":[{\"@type\":\"SearchAction\",\"target\":{\"@type\":\"EntryPoint\",\"urlTemplate\":\"https:\/\/semead.com.br\/19\/?s={search_term_string}\"},\"query-input\":{\"@type\":\"PropertyValueSpecification\",\"valueRequired\":true,\"valueName\":\"search_term_string\"}}],\"inLanguage\":\"en-US\"}]}<\/script>\n<!-- \/ Yoast SEO plugin. -->","yoast_head_json":{"title":"Informa\u00e7\u00f5es \u00fateis - XIX SemeAd","robots":{"index":"index","follow":"follow","max-snippet":"max-snippet:-1","max-image-preview":"max-image-preview:large","max-video-preview":"max-video-preview:-1"},"canonical":"https:\/\/semead.com.br\/19\/informacoes-uteis\/","og_locale":"en_US","og_type":"article","og_title":"Informa\u00e7\u00f5es \u00fateis - XIX SemeAd","og_description":"TRANSPORTES -Metr\u00f4 \u2013 0800-7707722 &#8211;\u00a0www.metro.sp.gov.br -\u00d4nibus municipais \u2013 156 -Aeroportos \u2013 S\u00e3o Paulo Guarulhos (11) 2445-2945; Congonhas (11) 5090-9000; Campo de Marte (11) 2221-2699 -Airport Bus Service \u2013 0800-2853047 ou (11) 3775-3850 &#8211; www.airportbusservice.com.br -Terminais Rodovi\u00e1rios: Tiet\u00ea, Barra Funda e Jabaquara \u2013 (11) 3866-1100 &#8211;\u00a0www.socicam.com.br -Companhia Paulista de Trens Metropolitanos \u2013 0800-0550121 &#8211;\u00a0www.cptm.sp.gov.br -ADETAX &#8211;...","og_url":"https:\/\/semead.com.br\/19\/informacoes-uteis\/","og_site_name":"XIX SemeAd","twitter_card":"summary_large_image","twitter_misc":{"Est. reading time":"1 minute"},"schema":{"@context":"https:\/\/schema.org","@graph":[{"@type":"WebPage","@id":"https:\/\/semead.com.br\/19\/informacoes-uteis\/","url":"https:\/\/semead.com.br\/19\/informacoes-uteis\/","name":"Informa\u00e7\u00f5es \u00fateis - XIX SemeAd","isPartOf":{"@id":"https:\/\/semead.com.br\/19\/#website"},"datePublished":"2013-04-26T00:22:40+00:00","breadcrumb":{"@id":"https:\/\/semead.com.br\/19\/informacoes-uteis\/#breadcrumb"},"inLanguage":"en-US","potentialAction":[{"@type":"ReadAction","target":["https:\/\/semead.com.br\/19\/informacoes-uteis\/"]}]},{"@type":"BreadcrumbList","@id":"https:\/\/semead.com.br\/19\/informacoes-uteis\/#breadcrumb","itemListElement":[{"@type":"ListItem","position":1,"name":"In\u00edcio","item":"https:\/\/semead.com.br\/19\/"},{"@type":"ListItem","position":2,"name":"Informa\u00e7\u00f5es \u00fateis"}]},{"@type":"WebSite","@id":"https:\/\/semead.com.br\/19\/#website","url":"https:\/\/semead.com.br\/19\/","name":"XIX SemeAd","description":"Semin\u00e1rios em Administra\u00e7\u00e3o","potentialAction":[{"@type":"SearchAction","target":{"@type":"EntryPoint","urlTemplate":"https:\/\/semead.com.br\/19\/?s={search_term_string}"},"query-input":{"@type":"PropertyValueSpecification","valueRequired":true,"valueName":"search_term_string"}}],"inLanguage":"en-US"}]}},"_links":{"self":[{"href":"https:\/\/semead.com.br\/19\/wp-json\/wp\/v2\/pages\/33","targetHints":{"allow":["GET"]}}],"collection":[{"href":"https:\/\/semead.com.br\/19\/wp-json\/wp\/v2\/pages"}],"about":[{"href":"https:\/\/semead.com.br\/19\/wp-json\/wp\/v2\/types\/page"}],"author":[{"embeddable":true,"href":"https:\/\/semead.com.br\/19\/wp-json\/wp\/v2\/users\/1"}],"replies":[{"embeddable":true,"href":"https:\/\/semead.com.br\/19\/wp-json\/wp\/v2\/comments?post=33"}],"version-history":[{"count":0,"href":"https:\/\/semead.com.br\/19\/wp-json\/wp\/v2\/pages\/33\/revisions"}],"wp:attachment":[{"href":"https:\/\/semead.com.br\/19\/wp-json\/wp\/v2\/media?parent=33"}],"curies":[{"name":"wp","href":"https:\/\/api.w.org\/{rel}","templated":true}]}}