{"id":11547,"date":"2014-10-24T12:08:12","date_gmt":"2014-10-24T14:08:12","guid":{"rendered":"http:\/\/semead.com.br\/?page_id=11547"},"modified":"2018-07-14T12:05:25","modified_gmt":"2018-07-14T15:05:25","slug":"consorcio-doutoral","status":"publish","type":"page","link":"https:\/\/semead.com.br\/21\/trabalhos\/consorcio-doutoral\/","title":{"rendered":"Cons\u00f3rcio Doutoral"},"content":{"rendered":"<p>[symple_column size=&#8221;one-fourth&#8221; position=&#8221;first&#8221; fade_in=&#8221;false&#8221;]<img loading=\"lazy\" decoding=\"async\" class=\"alignnone size-medium\" src=\"https:\/\/semead.com.br\/20\/wp-content\/uploads\/sites\/7\/2017\/06\/Felipe-Borini-e1497300033376.png\" width=\"150\" height=\"150\" \/><img loading=\"lazy\" decoding=\"async\" class=\"alignnone wp-image-13733 size-full\" src=\"https:\/\/semead.com.br\/21\/wp-content\/uploads\/sites\/8\/2017\/06\/Felipe-Borini-e1497300033376.png\" alt=\"\" width=\"150\" height=\"150\" \/>[\/symple_column]<\/p>\n<p>[symple_column size=&#8221;three-fourth&#8221; position=&#8221;last&#8221; fade_in=&#8221;false&#8221;]<\/p>\n<h3>Respons\u00e1vel:\u00a0Prof.\u00a0Dr. Felipe Mendes Borini<\/h3>\n<p>FEA-USP\/ESPM<\/p>\n<p>[\/symple_column]<\/p>\n<p><iframe loading=\"lazy\" title=\"XXI SemeAd - Cons\u00f3rcio Doutoral\" width=\"500\" height=\"281\" src=\"https:\/\/www.youtube.com\/embed\/0nMCx9YsJY0?feature=oembed\" frameborder=\"0\" allow=\"accelerometer; autoplay; clipboard-write; encrypted-media; gyroscope; picture-in-picture; web-share\" referrerpolicy=\"strict-origin-when-cross-origin\" allowfullscreen><\/iframe><\/p>\n<p>O projeto de tese dever\u00e1 ser submetido no formato de artigo cient\u00edfico de acordo com as instru\u00e7\u00f5es a seguir.<\/p>\n<p><strong>Formata\u00e7\u00e3o do trabalho:<\/strong><\/p>\n<p>\u2013 Formato do papel: A4;<\/p>\n<p>\u2013 Fonte: Times New Roman\/ tamanho 12;<\/p>\n<p>\u2013 Espa\u00e7amento: simples, texto disposto em uma coluna;<\/p>\n<p>\u2013 Alinhamento: justificado;<\/p>\n<p>\u2013 Margens: Superior: 3 cm; inferior: 2 cm; esquerda: 3 cm; direita: 2 cm.<\/p>\n<p>\u2013 Pagina\u00e7\u00e3o: inserir n\u00famero de p\u00e1ginas no rodap\u00e9 com alinhamento ao lado direito;<\/p>\n<p>\u2013 T\u00edtulos em letras mai\u00fasculas e subt\u00edtulos em letras min\u00fasculas;<\/p>\n<p>\u2013 Formato do arquivo: PDF;<\/p>\n<p>\u2013 O trabalho pode ter no m\u00e1ximo 10 paginas incluindo o texto propriamente dito, ilustra\u00e7\u00f5es e refer\u00eancias bibliogr\u00e1ficas;<\/p>\n<p>\u2013 O texto deve come\u00e7ar pelo t\u00edtulo seguido pela introdu\u00e7\u00e3o. Sugerimos aos autores que preparem o resumo expandido em um documento separado e copiem e colem cada item no campo espec\u00edfico no ato da submiss\u00e3o;<\/p>\n<p>\u2013 As refer\u00eancias bibliogr\u00e1ficas dever\u00e3o ser citadas ao longo do texto de acordo com o sistema (autor-data), e apresentadas em ordem alfab\u00e9tica no final do trabalho, de acordo com as normas APA ou ABNT\/NBR-6023.<\/p>\n<p><strong>\u00a0<\/strong><\/p>\n<p><strong>Estrutura obrigat\u00f3ria do trabalho (propostas que n\u00e3o seguirem essa estrutura ser\u00e3o rejeitados no processo de desk review):<\/strong><\/p>\n<p>\u2013 Titulo e \u00c1rea de Pesquisa (siga o descritivo das \u00e1reas tem\u00e1ticas do Semead)<\/p>\n<p>\u2013 Introdu\u00e7\u00e3o (Problema e Objetivo de Pesquisa):<\/p>\n<ol>\n<li>Descrever o estado da arte da tem\u00e1tica em quest\u00e3o.<\/li>\n<li>Apresentar de forma argumentativa a problem\u00e1tica de pesquisa.<\/li>\n<li>Apresentar o principal objetivo de pesquisa (a tese a ser defendida) e eventuais objetivos espec\u00edficos.<\/li>\n<\/ol>\n<p>\u2013 Justificativa:<\/p>\n<ol>\n<li>Apresentar de forma fundamentada a(s) contribui\u00e7\u00e3o(\u00f5es) acad\u00eamica(s) esperada(s).<\/li>\n<li>Apresentar eventual contribui\u00e7\u00e3o gerencial ou para pol\u00edticas p\u00fablicas (fortemente recomendado, mas n\u00e3o obrigat\u00f3rio)<\/li>\n<li>Apresentar eventual contribui\u00e7\u00e3o metodol\u00f3gica (n\u00e3o obrigat\u00f3rio)<\/li>\n<li>Apresentar o esperado impacto social do seu projeto (fortemente recomendado, mas n\u00e3o obrigat\u00f3rio)<\/li>\n<\/ol>\n<p>\u2013 Fundamenta\u00e7\u00e3o Te\u00f3rica:<\/p>\n<ol>\n<li>Apresentar o(s) principal(is)\u00a0argumento(s) te\u00f3rico(s)<\/li>\n<li>Fundamenta\u00e7\u00e3o e defini\u00e7\u00e3o dos constructos chave do projeto<\/li>\n<li>Proposi\u00e7\u00f5es e\/ou hip\u00f3teses;<\/li>\n<\/ol>\n<p>\u2013 Metodologia: descrever o\u00a0desenho de pesquisa<\/p>\n<ol>\n<li>Abordagem (exemplo: qualitativa, quantitativa),<\/li>\n<li>M\u00e9todo ou Estrat\u00e9gia de Pesquisa (exemplo: Levantamento de dados prim\u00e1rios, Estudo de Caso, Grounded Theory, etc.)<\/li>\n<li>T\u00e9cnica de coleta (exemplo: Survey, Entrevista em Profundidade, Observa\u00e7\u00e3o, etc.)<\/li>\n<li>T\u00e9cnica de an\u00e1lise de dados (exemplo: An\u00e1lise Multivariada, An\u00e1lise de Conte\u00fado, An\u00e1lise de Discursso, etc.)<\/li>\n<\/ol>\n<p>\u2013 Refer\u00eancias Bibliogr\u00e1ficas.<\/p>\n<p><strong>\u00a0<\/strong><\/p>\n<p><strong>Resumo Estruturado\u00a0<\/strong><em>(p\u00e1gina de submiss\u00e3o)<\/em><strong>:<\/strong><br \/>\n\u2013 T\u00edtulo (no m\u00e1ximo 190 caracteres);<br \/>\n&#8211;\u00a0\u00a0Resumo de 200 palavras<\/p>\n<p><strong>\u00a0<\/strong><\/p>\n<p><strong>Trabalhos que n\u00e3o estejam no formato especificado n\u00e3o ser\u00e3o aceitos.<\/strong><\/p>\n<p>O formato do artigo completo deve seguir a estrutura de artigo te\u00f3rico-emp\u00edrico do XXI SemeAd, ressalvando-se que as se\u00e7\u00f5es sobre an\u00e1lise de resultados e conclus\u00f5es devem se ater aos eventuais resultados e conclus\u00f5es iniciais.<\/p>\n<p>O\u00a0projeto de tese deve focar em sua contribui\u00e7\u00e3o e n\u00e3o no que a literatura existente relata. Ao revisar a literatura, algumas linhas sobre a teoria existente s\u00e3o \u00fateis, mas somente para localizar a contribui\u00e7\u00e3o do trabalho no contexto da mesma.<\/p>\n<p>A submiss\u00e3o do resumo e do artigo d\u00e1 aos organizadores a permiss\u00e3o de enviar para os avaliadores que v\u00e3o compor a banca. Por sua vez, para a comunidade cientifica apenas os resumos ser\u00e3o divulgados nos Anais do Semead.<\/p>\n<p>A inscri\u00e7\u00e3o e a apresenta\u00e7\u00e3o de trabalhos no Cons\u00f3rcio Doutoral permitir\u00e3o o acesso do doutorando \u00e0s sess\u00f5es de apresenta\u00e7\u00e3o de artigos.<\/p>\n<p>Os trabalhos oriundos do Cons\u00f3rcio Doutoral n\u00e3o far\u00e3o parte dos Anais do Evento.<\/p>\n<p><strong>Prazo de Submiss\u00e3o para o Cons\u00f3rcio Doutoral \u2013 at\u00e9 16\/07.<\/strong><\/p>\n<p>&nbsp;<\/p>\n","protected":false},"excerpt":{"rendered":"<p>[symple_column size=&#8221;one-fourth&#8221; position=&#8221;first&#8221; fade_in=&#8221;false&#8221;][\/symple_column] [symple_column size=&#8221;three-fourth&#8221; position=&#8221;last&#8221; fade_in=&#8221;false&#8221;] Respons\u00e1vel:\u00a0Prof.\u00a0Dr. Felipe Mendes Borini FEA-USP\/ESPM [\/symple_column] O projeto de tese dever\u00e1 ser submetido no formato de artigo cient\u00edfico de acordo com as instru\u00e7\u00f5es a seguir. Formata\u00e7\u00e3o do trabalho: \u2013 Formato do papel: A4; \u2013 Fonte: Times New Roman\/ tamanho 12; \u2013 Espa\u00e7amento: simples, texto disposto em uma&#8230;<\/p>\n","protected":false},"author":1,"featured_media":0,"parent":22,"menu_order":0,"comment_status":"open","ping_status":"open","template":"","meta":{"_acf_changed":false,"_monsterinsights_skip_tracking":false,"_monsterinsights_sitenote_active":false,"_monsterinsights_sitenote_note":"","_monsterinsights_sitenote_category":0,"footnotes":""},"class_list":["post-11547","page","type-page","status-publish","hentry"],"acf":[],"yoast_head":"<!-- This site is optimized with the Yoast SEO plugin v27.5 - https:\/\/yoast.com\/product\/yoast-seo-wordpress\/ -->\n<title>Cons\u00f3rcio Doutoral - XXI SemeAd<\/title>\n<meta name=\"robots\" content=\"index, follow, max-snippet:-1, max-image-preview:large, max-video-preview:-1\" \/>\n<link rel=\"canonical\" href=\"https:\/\/semead.com.br\/21\/trabalhos\/consorcio-doutoral\/\" \/>\n<meta property=\"og:locale\" content=\"pt_BR\" \/>\n<meta property=\"og:type\" content=\"article\" \/>\n<meta property=\"og:title\" content=\"Cons\u00f3rcio Doutoral - XXI SemeAd\" \/>\n<meta property=\"og:description\" content=\"[symple_column size=&#8221;one-fourth&#8221; position=&#8221;first&#8221; fade_in=&#8221;false&#8221;][\/symple_column] [symple_column size=&#8221;three-fourth&#8221; position=&#8221;last&#8221; fade_in=&#8221;false&#8221;] Respons\u00e1vel:\u00a0Prof.\u00a0Dr. Felipe Mendes Borini FEA-USP\/ESPM [\/symple_column] O projeto de tese dever\u00e1 ser submetido no formato de artigo cient\u00edfico de acordo com as instru\u00e7\u00f5es a seguir. Formata\u00e7\u00e3o do trabalho: \u2013 Formato do papel: A4; \u2013 Fonte: Times New Roman\/ tamanho 12; \u2013 Espa\u00e7amento: simples, texto disposto em uma...\" \/>\n<meta property=\"og:url\" content=\"https:\/\/semead.com.br\/21\/trabalhos\/consorcio-doutoral\/\" \/>\n<meta property=\"og:site_name\" content=\"XXI SemeAd\" \/>\n<meta property=\"article:modified_time\" content=\"2018-07-14T15:05:25+00:00\" \/>\n<meta property=\"og:image\" content=\"https:\/\/semead.com.br\/20\/wp-content\/uploads\/sites\/7\/2017\/06\/Felipe-Borini-e1497300033376.png\" \/>\n<meta name=\"twitter:card\" content=\"summary_large_image\" \/>\n<meta name=\"twitter:label1\" content=\"Est. tempo de leitura\" \/>\n\t<meta name=\"twitter:data1\" content=\"3 minutos\" \/>\n<script type=\"application\/ld+json\" class=\"yoast-schema-graph\">{\"@context\":\"https:\\\/\\\/schema.org\",\"@graph\":[{\"@type\":\"WebPage\",\"@id\":\"https:\\\/\\\/semead.com.br\\\/21\\\/trabalhos\\\/consorcio-doutoral\\\/\",\"url\":\"https:\\\/\\\/semead.com.br\\\/21\\\/trabalhos\\\/consorcio-doutoral\\\/\",\"name\":\"Cons\u00f3rcio Doutoral - XXI SemeAd\",\"isPartOf\":{\"@id\":\"https:\\\/\\\/semead.com.br\\\/21\\\/#website\"},\"primaryImageOfPage\":{\"@id\":\"https:\\\/\\\/semead.com.br\\\/21\\\/trabalhos\\\/consorcio-doutoral\\\/#primaryimage\"},\"image\":{\"@id\":\"https:\\\/\\\/semead.com.br\\\/21\\\/trabalhos\\\/consorcio-doutoral\\\/#primaryimage\"},\"thumbnailUrl\":\"https:\\\/\\\/semead.com.br\\\/20\\\/wp-content\\\/uploads\\\/sites\\\/7\\\/2017\\\/06\\\/Felipe-Borini-e1497300033376.png\",\"datePublished\":\"2014-10-24T14:08:12+00:00\",\"dateModified\":\"2018-07-14T15:05:25+00:00\",\"breadcrumb\":{\"@id\":\"https:\\\/\\\/semead.com.br\\\/21\\\/trabalhos\\\/consorcio-doutoral\\\/#breadcrumb\"},\"inLanguage\":\"pt-BR\",\"potentialAction\":[{\"@type\":\"ReadAction\",\"target\":[\"https:\\\/\\\/semead.com.br\\\/21\\\/trabalhos\\\/consorcio-doutoral\\\/\"]}]},{\"@type\":\"ImageObject\",\"inLanguage\":\"pt-BR\",\"@id\":\"https:\\\/\\\/semead.com.br\\\/21\\\/trabalhos\\\/consorcio-doutoral\\\/#primaryimage\",\"url\":\"https:\\\/\\\/semead.com.br\\\/20\\\/wp-content\\\/uploads\\\/sites\\\/7\\\/2017\\\/06\\\/Felipe-Borini-e1497300033376.png\",\"contentUrl\":\"https:\\\/\\\/semead.com.br\\\/20\\\/wp-content\\\/uploads\\\/sites\\\/7\\\/2017\\\/06\\\/Felipe-Borini-e1497300033376.png\"},{\"@type\":\"BreadcrumbList\",\"@id\":\"https:\\\/\\\/semead.com.br\\\/21\\\/trabalhos\\\/consorcio-doutoral\\\/#breadcrumb\",\"itemListElement\":[{\"@type\":\"ListItem\",\"position\":1,\"name\":\"In\u00edcio\",\"item\":\"https:\\\/\\\/semead.com.br\\\/21\\\/\"},{\"@type\":\"ListItem\",\"position\":2,\"name\":\"Trabalhos\",\"item\":\"https:\\\/\\\/semead.com.br\\\/21\\\/trabalhos\\\/\"},{\"@type\":\"ListItem\",\"position\":3,\"name\":\"Cons\u00f3rcio Doutoral\"}]},{\"@type\":\"WebSite\",\"@id\":\"https:\\\/\\\/semead.com.br\\\/21\\\/#website\",\"url\":\"https:\\\/\\\/semead.com.br\\\/21\\\/\",\"name\":\"XXI SemeAd\",\"description\":\"Semin\u00e1rios em Administra\u00e7\u00e3o\",\"potentialAction\":[{\"@type\":\"SearchAction\",\"target\":{\"@type\":\"EntryPoint\",\"urlTemplate\":\"https:\\\/\\\/semead.com.br\\\/21\\\/?s={search_term_string}\"},\"query-input\":{\"@type\":\"PropertyValueSpecification\",\"valueRequired\":true,\"valueName\":\"search_term_string\"}}],\"inLanguage\":\"pt-BR\"}]}<\/script>\n<!-- \/ Yoast SEO plugin. -->","yoast_head_json":{"title":"Cons\u00f3rcio Doutoral - XXI SemeAd","robots":{"index":"index","follow":"follow","max-snippet":"max-snippet:-1","max-image-preview":"max-image-preview:large","max-video-preview":"max-video-preview:-1"},"canonical":"https:\/\/semead.com.br\/21\/trabalhos\/consorcio-doutoral\/","og_locale":"pt_BR","og_type":"article","og_title":"Cons\u00f3rcio Doutoral - XXI SemeAd","og_description":"[symple_column size=&#8221;one-fourth&#8221; position=&#8221;first&#8221; fade_in=&#8221;false&#8221;][\/symple_column] [symple_column size=&#8221;three-fourth&#8221; position=&#8221;last&#8221; fade_in=&#8221;false&#8221;] Respons\u00e1vel:\u00a0Prof.\u00a0Dr. Felipe Mendes Borini FEA-USP\/ESPM [\/symple_column] O projeto de tese dever\u00e1 ser submetido no formato de artigo cient\u00edfico de acordo com as instru\u00e7\u00f5es a seguir. Formata\u00e7\u00e3o do trabalho: \u2013 Formato do papel: A4; \u2013 Fonte: Times New Roman\/ tamanho 12; \u2013 Espa\u00e7amento: simples, texto disposto em uma...","og_url":"https:\/\/semead.com.br\/21\/trabalhos\/consorcio-doutoral\/","og_site_name":"XXI SemeAd","article_modified_time":"2018-07-14T15:05:25+00:00","og_image":[{"url":"https:\/\/semead.com.br\/20\/wp-content\/uploads\/sites\/7\/2017\/06\/Felipe-Borini-e1497300033376.png","type":"","width":"","height":""}],"twitter_card":"summary_large_image","twitter_misc":{"Est. tempo de leitura":"3 minutos"},"schema":{"@context":"https:\/\/schema.org","@graph":[{"@type":"WebPage","@id":"https:\/\/semead.com.br\/21\/trabalhos\/consorcio-doutoral\/","url":"https:\/\/semead.com.br\/21\/trabalhos\/consorcio-doutoral\/","name":"Cons\u00f3rcio Doutoral - XXI SemeAd","isPartOf":{"@id":"https:\/\/semead.com.br\/21\/#website"},"primaryImageOfPage":{"@id":"https:\/\/semead.com.br\/21\/trabalhos\/consorcio-doutoral\/#primaryimage"},"image":{"@id":"https:\/\/semead.com.br\/21\/trabalhos\/consorcio-doutoral\/#primaryimage"},"thumbnailUrl":"https:\/\/semead.com.br\/20\/wp-content\/uploads\/sites\/7\/2017\/06\/Felipe-Borini-e1497300033376.png","datePublished":"2014-10-24T14:08:12+00:00","dateModified":"2018-07-14T15:05:25+00:00","breadcrumb":{"@id":"https:\/\/semead.com.br\/21\/trabalhos\/consorcio-doutoral\/#breadcrumb"},"inLanguage":"pt-BR","potentialAction":[{"@type":"ReadAction","target":["https:\/\/semead.com.br\/21\/trabalhos\/consorcio-doutoral\/"]}]},{"@type":"ImageObject","inLanguage":"pt-BR","@id":"https:\/\/semead.com.br\/21\/trabalhos\/consorcio-doutoral\/#primaryimage","url":"https:\/\/semead.com.br\/20\/wp-content\/uploads\/sites\/7\/2017\/06\/Felipe-Borini-e1497300033376.png","contentUrl":"https:\/\/semead.com.br\/20\/wp-content\/uploads\/sites\/7\/2017\/06\/Felipe-Borini-e1497300033376.png"},{"@type":"BreadcrumbList","@id":"https:\/\/semead.com.br\/21\/trabalhos\/consorcio-doutoral\/#breadcrumb","itemListElement":[{"@type":"ListItem","position":1,"name":"In\u00edcio","item":"https:\/\/semead.com.br\/21\/"},{"@type":"ListItem","position":2,"name":"Trabalhos","item":"https:\/\/semead.com.br\/21\/trabalhos\/"},{"@type":"ListItem","position":3,"name":"Cons\u00f3rcio Doutoral"}]},{"@type":"WebSite","@id":"https:\/\/semead.com.br\/21\/#website","url":"https:\/\/semead.com.br\/21\/","name":"XXI SemeAd","description":"Semin\u00e1rios em Administra\u00e7\u00e3o","potentialAction":[{"@type":"SearchAction","target":{"@type":"EntryPoint","urlTemplate":"https:\/\/semead.com.br\/21\/?s={search_term_string}"},"query-input":{"@type":"PropertyValueSpecification","valueRequired":true,"valueName":"search_term_string"}}],"inLanguage":"pt-BR"}]}},"_links":{"self":[{"href":"https:\/\/semead.com.br\/21\/wp-json\/wp\/v2\/pages\/11547","targetHints":{"allow":["GET"]}}],"collection":[{"href":"https:\/\/semead.com.br\/21\/wp-json\/wp\/v2\/pages"}],"about":[{"href":"https:\/\/semead.com.br\/21\/wp-json\/wp\/v2\/types\/page"}],"author":[{"embeddable":true,"href":"https:\/\/semead.com.br\/21\/wp-json\/wp\/v2\/users\/1"}],"replies":[{"embeddable":true,"href":"https:\/\/semead.com.br\/21\/wp-json\/wp\/v2\/comments?post=11547"}],"version-history":[{"count":0,"href":"https:\/\/semead.com.br\/21\/wp-json\/wp\/v2\/pages\/11547\/revisions"}],"up":[{"embeddable":true,"href":"https:\/\/semead.com.br\/21\/wp-json\/wp\/v2\/pages\/22"}],"wp:attachment":[{"href":"https:\/\/semead.com.br\/21\/wp-json\/wp\/v2\/media?parent=11547"}],"curies":[{"name":"wp","href":"https:\/\/api.w.org\/{rel}","templated":true}]}}