{"id":12987,"date":"2016-07-14T09:34:36","date_gmt":"2016-07-14T12:34:36","guid":{"rendered":"https:\/\/semead.com.br\/21\/?page_id=12987"},"modified":"2018-11-01T11:47:24","modified_gmt":"2018-11-01T14:47:24","slug":"keynote-speakers","status":"publish","type":"page","link":"https:\/\/semead.com.br\/21\/keynote-speakers\/","title":{"rendered":"Keynote Speakers"},"content":{"rendered":"<h3>Confira abaixo, os&nbsp;Keynote Speakers presentes nos \u00faltimos anos no SemeAd.<\/h3>\n<h3><img loading=\"lazy\" decoding=\"async\" class=\"alignnone wp-image-14116 size-full\" src=\"https:\/\/semead.com.br\/21\/wp-content\/uploads\/sites\/8\/2018\/05\/keynote-2017.png\" alt=\"\" width=\"1024\" height=\"957\"><\/h3>\n<h3><img loading=\"lazy\" decoding=\"async\" class=\"alignnone wp-image-13509 size-large\" src=\"https:\/\/semead.com.br\/20\/wp-content\/uploads\/sites\/7\/2016\/07\/KEYNOTES-2016-1024x642.jpg\" alt=\"\" width=\"1024\" height=\"642\">&nbsp;<img loading=\"lazy\" decoding=\"async\" class=\"alignnone wp-image-13508 size-large\" src=\"https:\/\/semead.com.br\/20\/wp-content\/uploads\/sites\/7\/2016\/07\/KEYNOTES-2015-1024x662.jpg\" alt=\"\" width=\"1024\" height=\"662\">&nbsp;<img loading=\"lazy\" decoding=\"async\" class=\"alignnone wp-image-13507 size-large\" src=\"https:\/\/semead.com.br\/20\/wp-content\/uploads\/sites\/7\/2016\/07\/KEYNOTES-2014-1024x646.jpg\" alt=\"\" width=\"1024\" height=\"646\"><\/h3>\n","protected":false},"excerpt":{"rendered":"<p>Confira abaixo, os&nbsp;Keynote Speakers presentes nos \u00faltimos anos no SemeAd. &nbsp;&nbsp;<\/p>\n","protected":false},"author":2,"featured_media":0,"parent":0,"menu_order":0,"comment_status":"closed","ping_status":"closed","template":"templates\/keynote.php","meta":{"_acf_changed":false,"_monsterinsights_skip_tracking":false,"_monsterinsights_sitenote_active":false,"_monsterinsights_sitenote_note":"","_monsterinsights_sitenote_category":0,"footnotes":""},"class_list":["post-12987","page","type-page","status-publish","hentry"],"acf":[],"yoast_head":"<!-- This site is optimized with the Yoast SEO plugin v27.5 - https:\/\/yoast.com\/product\/yoast-seo-wordpress\/ -->\n<title>Keynote Speakers - XXI SemeAd<\/title>\n<meta name=\"robots\" content=\"index, follow, max-snippet:-1, max-image-preview:large, max-video-preview:-1\" \/>\n<link rel=\"canonical\" href=\"https:\/\/semead.com.br\/21\/keynote-speakers\/\" \/>\n<meta property=\"og:locale\" content=\"pt_BR\" \/>\n<meta property=\"og:type\" content=\"article\" \/>\n<meta property=\"og:title\" content=\"Keynote Speakers - XXI SemeAd\" \/>\n<meta property=\"og:description\" content=\"Confira abaixo, os&nbsp;Keynote Speakers presentes nos \u00faltimos anos no SemeAd. &nbsp;&nbsp;\" \/>\n<meta property=\"og:url\" content=\"https:\/\/semead.com.br\/21\/keynote-speakers\/\" \/>\n<meta property=\"og:site_name\" content=\"XXI SemeAd\" \/>\n<meta property=\"article:modified_time\" content=\"2018-11-01T14:47:24+00:00\" \/>\n<meta property=\"og:image\" content=\"https:\/\/semead.com.br\/21\/wp-content\/uploads\/sites\/8\/2018\/05\/keynote-2017.png\" \/>\n<meta name=\"twitter:card\" content=\"summary_large_image\" \/>\n<script type=\"application\/ld+json\" class=\"yoast-schema-graph\">{\"@context\":\"https:\\\/\\\/schema.org\",\"@graph\":[{\"@type\":\"WebPage\",\"@id\":\"https:\\\/\\\/semead.com.br\\\/21\\\/keynote-speakers\\\/\",\"url\":\"https:\\\/\\\/semead.com.br\\\/21\\\/keynote-speakers\\\/\",\"name\":\"Keynote Speakers - XXI SemeAd\",\"isPartOf\":{\"@id\":\"https:\\\/\\\/semead.com.br\\\/21\\\/#website\"},\"primaryImageOfPage\":{\"@id\":\"https:\\\/\\\/semead.com.br\\\/21\\\/keynote-speakers\\\/#primaryimage\"},\"image\":{\"@id\":\"https:\\\/\\\/semead.com.br\\\/21\\\/keynote-speakers\\\/#primaryimage\"},\"thumbnailUrl\":\"https:\\\/\\\/semead.com.br\\\/21\\\/wp-content\\\/uploads\\\/sites\\\/8\\\/2018\\\/05\\\/keynote-2017.png\",\"datePublished\":\"2016-07-14T12:34:36+00:00\",\"dateModified\":\"2018-11-01T14:47:24+00:00\",\"breadcrumb\":{\"@id\":\"https:\\\/\\\/semead.com.br\\\/21\\\/keynote-speakers\\\/#breadcrumb\"},\"inLanguage\":\"pt-BR\",\"potentialAction\":[{\"@type\":\"ReadAction\",\"target\":[\"https:\\\/\\\/semead.com.br\\\/21\\\/keynote-speakers\\\/\"]}]},{\"@type\":\"ImageObject\",\"inLanguage\":\"pt-BR\",\"@id\":\"https:\\\/\\\/semead.com.br\\\/21\\\/keynote-speakers\\\/#primaryimage\",\"url\":\"https:\\\/\\\/semead.com.br\\\/21\\\/wp-content\\\/uploads\\\/sites\\\/8\\\/2018\\\/05\\\/keynote-2017.png\",\"contentUrl\":\"https:\\\/\\\/semead.com.br\\\/21\\\/wp-content\\\/uploads\\\/sites\\\/8\\\/2018\\\/05\\\/keynote-2017.png\",\"width\":1452,\"height\":812},{\"@type\":\"BreadcrumbList\",\"@id\":\"https:\\\/\\\/semead.com.br\\\/21\\\/keynote-speakers\\\/#breadcrumb\",\"itemListElement\":[{\"@type\":\"ListItem\",\"position\":1,\"name\":\"In\u00edcio\",\"item\":\"https:\\\/\\\/semead.com.br\\\/21\\\/\"},{\"@type\":\"ListItem\",\"position\":2,\"name\":\"Keynote Speakers\"}]},{\"@type\":\"WebSite\",\"@id\":\"https:\\\/\\\/semead.com.br\\\/21\\\/#website\",\"url\":\"https:\\\/\\\/semead.com.br\\\/21\\\/\",\"name\":\"XXI SemeAd\",\"description\":\"Semin\u00e1rios em Administra\u00e7\u00e3o\",\"potentialAction\":[{\"@type\":\"SearchAction\",\"target\":{\"@type\":\"EntryPoint\",\"urlTemplate\":\"https:\\\/\\\/semead.com.br\\\/21\\\/?s={search_term_string}\"},\"query-input\":{\"@type\":\"PropertyValueSpecification\",\"valueRequired\":true,\"valueName\":\"search_term_string\"}}],\"inLanguage\":\"pt-BR\"}]}<\/script>\n<!-- \/ Yoast SEO plugin. -->","yoast_head_json":{"title":"Keynote Speakers - XXI SemeAd","robots":{"index":"index","follow":"follow","max-snippet":"max-snippet:-1","max-image-preview":"max-image-preview:large","max-video-preview":"max-video-preview:-1"},"canonical":"https:\/\/semead.com.br\/21\/keynote-speakers\/","og_locale":"pt_BR","og_type":"article","og_title":"Keynote Speakers - XXI SemeAd","og_description":"Confira abaixo, os&nbsp;Keynote Speakers presentes nos \u00faltimos anos no SemeAd. &nbsp;&nbsp;","og_url":"https:\/\/semead.com.br\/21\/keynote-speakers\/","og_site_name":"XXI SemeAd","article_modified_time":"2018-11-01T14:47:24+00:00","og_image":[{"url":"https:\/\/semead.com.br\/21\/wp-content\/uploads\/sites\/8\/2018\/05\/keynote-2017.png","type":"","width":"","height":""}],"twitter_card":"summary_large_image","schema":{"@context":"https:\/\/schema.org","@graph":[{"@type":"WebPage","@id":"https:\/\/semead.com.br\/21\/keynote-speakers\/","url":"https:\/\/semead.com.br\/21\/keynote-speakers\/","name":"Keynote Speakers - XXI SemeAd","isPartOf":{"@id":"https:\/\/semead.com.br\/21\/#website"},"primaryImageOfPage":{"@id":"https:\/\/semead.com.br\/21\/keynote-speakers\/#primaryimage"},"image":{"@id":"https:\/\/semead.com.br\/21\/keynote-speakers\/#primaryimage"},"thumbnailUrl":"https:\/\/semead.com.br\/21\/wp-content\/uploads\/sites\/8\/2018\/05\/keynote-2017.png","datePublished":"2016-07-14T12:34:36+00:00","dateModified":"2018-11-01T14:47:24+00:00","breadcrumb":{"@id":"https:\/\/semead.com.br\/21\/keynote-speakers\/#breadcrumb"},"inLanguage":"pt-BR","potentialAction":[{"@type":"ReadAction","target":["https:\/\/semead.com.br\/21\/keynote-speakers\/"]}]},{"@type":"ImageObject","inLanguage":"pt-BR","@id":"https:\/\/semead.com.br\/21\/keynote-speakers\/#primaryimage","url":"https:\/\/semead.com.br\/21\/wp-content\/uploads\/sites\/8\/2018\/05\/keynote-2017.png","contentUrl":"https:\/\/semead.com.br\/21\/wp-content\/uploads\/sites\/8\/2018\/05\/keynote-2017.png","width":1452,"height":812},{"@type":"BreadcrumbList","@id":"https:\/\/semead.com.br\/21\/keynote-speakers\/#breadcrumb","itemListElement":[{"@type":"ListItem","position":1,"name":"In\u00edcio","item":"https:\/\/semead.com.br\/21\/"},{"@type":"ListItem","position":2,"name":"Keynote Speakers"}]},{"@type":"WebSite","@id":"https:\/\/semead.com.br\/21\/#website","url":"https:\/\/semead.com.br\/21\/","name":"XXI SemeAd","description":"Semin\u00e1rios em Administra\u00e7\u00e3o","potentialAction":[{"@type":"SearchAction","target":{"@type":"EntryPoint","urlTemplate":"https:\/\/semead.com.br\/21\/?s={search_term_string}"},"query-input":{"@type":"PropertyValueSpecification","valueRequired":true,"valueName":"search_term_string"}}],"inLanguage":"pt-BR"}]}},"_links":{"self":[{"href":"https:\/\/semead.com.br\/21\/wp-json\/wp\/v2\/pages\/12987","targetHints":{"allow":["GET"]}}],"collection":[{"href":"https:\/\/semead.com.br\/21\/wp-json\/wp\/v2\/pages"}],"about":[{"href":"https:\/\/semead.com.br\/21\/wp-json\/wp\/v2\/types\/page"}],"author":[{"embeddable":true,"href":"https:\/\/semead.com.br\/21\/wp-json\/wp\/v2\/users\/2"}],"replies":[{"embeddable":true,"href":"https:\/\/semead.com.br\/21\/wp-json\/wp\/v2\/comments?post=12987"}],"version-history":[{"count":0,"href":"https:\/\/semead.com.br\/21\/wp-json\/wp\/v2\/pages\/12987\/revisions"}],"wp:attachment":[{"href":"https:\/\/semead.com.br\/21\/wp-json\/wp\/v2\/media?parent=12987"}],"curies":[{"name":"wp","href":"https:\/\/api.w.org\/{rel}","templated":true}]}}