{"id":14431,"date":"2018-05-29T14:06:34","date_gmt":"2018-05-29T17:06:34","guid":{"rendered":"https:\/\/semead.com.br\/21\/?page_id=14431"},"modified":"2018-05-29T14:06:34","modified_gmt":"2018-05-29T17:06:34","slug":"xiii-research-workshop-on-institutions-and-organizations-rwio","status":"publish","type":"page","link":"https:\/\/semead.com.br\/21\/xiii-research-workshop-on-institutions-and-organizations-rwio\/","title":{"rendered":"XIII RESEARCH WORKSHOP ON INSTITUTIONS AND ORGANIZATIONS (RWIO)"},"content":{"rendered":"<p><strong><em>When<\/em><\/strong><\/p>\n<p>November, 06th \u2013 07th 2018.<\/p>\n<p><strong><em>\u00a0<\/em><\/strong><\/p>\n<p><strong><em>Local<\/em><\/strong><\/p>\n<p>FEA \/ USP<\/p>\n<p>Av. Prof Luciano Gualberto, 908 \u2013 Cidade Universit\u00e1ria \u2013 S\u00e3o Paulo \u2013 SP<\/p>\n<p><strong>\u00a0<\/strong><\/p>\n<p><strong><em>Objective<\/em><\/strong><\/p>\n<p>The <strong>Research Workshop on Institutions and Organizations (RWIO)<\/strong> is a joint endeavor led by five research-oriented schools in Brazil (Insper, Federal University of Bahia \u2013 UFBA, Federal University of Rio de Janeiro \u2013 UFRJ, University of S\u00e3o Paulo \u2013 USP and Federal University of S\u00e3o Carlos \u2013 UFSCar). The aim of the workshop is to bring together researchers from distinct academic traditions to discuss relevant issues of institutions and organizations. Although the Workshop is jointly organized by five schools in Brazil, the organizers encourage the participation of scholars from all over the country, as well as from abroad.<\/p>\n<p><strong>\u00a0<\/strong><\/p>\n<p><strong>In its thirteenth edition, the RWIO has a new partnership<\/strong><strong>:<\/strong><\/p>\n<p>This year the XIII RWIO is jointly organized with XXI SemeAd 2018 that will also take place at FEA\/USP, on November 07th \u2013 09th 2018.<\/p>\n<p>The registration enables access in both conferences.<\/p>\n<p>&nbsp;<\/p>\n<p>* Find more information on the conference\u2019s website: <a href=\"http:\/\/cors.usp.br\/rwio\/13\/\" target=\"_blank\" rel=\"noopener\">cors.usp.br\/rwio\/13\/<\/a><\/p>\n","protected":false},"excerpt":{"rendered":"<p>When November, 06th \u2013 07th 2018. \u00a0 Local FEA \/ USP Av. Prof Luciano Gualberto, 908 \u2013 Cidade Universit\u00e1ria \u2013 S\u00e3o Paulo \u2013 SP \u00a0 Objective The Research Workshop on Institutions and Organizations (RWIO) is a joint endeavor led by five research-oriented schools in Brazil (Insper, Federal University of Bahia \u2013 UFBA, Federal University of&#8230;<\/p>\n","protected":false},"author":4,"featured_media":0,"parent":0,"menu_order":0,"comment_status":"closed","ping_status":"closed","template":"","meta":{"_acf_changed":false,"_monsterinsights_skip_tracking":false,"_monsterinsights_sitenote_active":false,"_monsterinsights_sitenote_note":"","_monsterinsights_sitenote_category":0,"footnotes":""},"class_list":["post-14431","page","type-page","status-publish","hentry"],"acf":[],"yoast_head":"<!-- This site is optimized with the Yoast SEO plugin v27.5 - https:\/\/yoast.com\/product\/yoast-seo-wordpress\/ -->\n<title>XIII RESEARCH WORKSHOP ON INSTITUTIONS AND ORGANIZATIONS (RWIO) - XXI SemeAd<\/title>\n<meta name=\"robots\" content=\"index, follow, max-snippet:-1, max-image-preview:large, max-video-preview:-1\" \/>\n<link rel=\"canonical\" href=\"https:\/\/semead.com.br\/21\/xiii-research-workshop-on-institutions-and-organizations-rwio\/\" \/>\n<meta property=\"og:locale\" content=\"pt_BR\" \/>\n<meta property=\"og:type\" content=\"article\" \/>\n<meta property=\"og:title\" content=\"XIII RESEARCH WORKSHOP ON INSTITUTIONS AND ORGANIZATIONS (RWIO) - XXI SemeAd\" \/>\n<meta property=\"og:description\" content=\"When November, 06th \u2013 07th 2018. \u00a0 Local FEA \/ USP Av. Prof Luciano Gualberto, 908 \u2013 Cidade Universit\u00e1ria \u2013 S\u00e3o Paulo \u2013 SP \u00a0 Objective The Research Workshop on Institutions and Organizations (RWIO) is a joint endeavor led by five research-oriented schools in Brazil (Insper, Federal University of Bahia \u2013 UFBA, Federal University of...\" \/>\n<meta property=\"og:url\" content=\"https:\/\/semead.com.br\/21\/xiii-research-workshop-on-institutions-and-organizations-rwio\/\" \/>\n<meta property=\"og:site_name\" content=\"XXI SemeAd\" \/>\n<meta name=\"twitter:card\" content=\"summary_large_image\" \/>\n<meta name=\"twitter:label1\" content=\"Est. tempo de leitura\" \/>\n\t<meta name=\"twitter:data1\" content=\"1 minuto\" \/>\n<script type=\"application\/ld+json\" class=\"yoast-schema-graph\">{\"@context\":\"https:\\\/\\\/schema.org\",\"@graph\":[{\"@type\":\"WebPage\",\"@id\":\"https:\\\/\\\/semead.com.br\\\/21\\\/xiii-research-workshop-on-institutions-and-organizations-rwio\\\/\",\"url\":\"https:\\\/\\\/semead.com.br\\\/21\\\/xiii-research-workshop-on-institutions-and-organizations-rwio\\\/\",\"name\":\"XIII RESEARCH WORKSHOP ON INSTITUTIONS AND ORGANIZATIONS (RWIO) - XXI SemeAd\",\"isPartOf\":{\"@id\":\"https:\\\/\\\/semead.com.br\\\/21\\\/#website\"},\"datePublished\":\"2018-05-29T17:06:34+00:00\",\"breadcrumb\":{\"@id\":\"https:\\\/\\\/semead.com.br\\\/21\\\/xiii-research-workshop-on-institutions-and-organizations-rwio\\\/#breadcrumb\"},\"inLanguage\":\"pt-BR\",\"potentialAction\":[{\"@type\":\"ReadAction\",\"target\":[\"https:\\\/\\\/semead.com.br\\\/21\\\/xiii-research-workshop-on-institutions-and-organizations-rwio\\\/\"]}]},{\"@type\":\"BreadcrumbList\",\"@id\":\"https:\\\/\\\/semead.com.br\\\/21\\\/xiii-research-workshop-on-institutions-and-organizations-rwio\\\/#breadcrumb\",\"itemListElement\":[{\"@type\":\"ListItem\",\"position\":1,\"name\":\"In\u00edcio\",\"item\":\"https:\\\/\\\/semead.com.br\\\/21\\\/\"},{\"@type\":\"ListItem\",\"position\":2,\"name\":\"XIII RESEARCH WORKSHOP ON INSTITUTIONS AND ORGANIZATIONS (RWIO)\"}]},{\"@type\":\"WebSite\",\"@id\":\"https:\\\/\\\/semead.com.br\\\/21\\\/#website\",\"url\":\"https:\\\/\\\/semead.com.br\\\/21\\\/\",\"name\":\"XXI SemeAd\",\"description\":\"Semin\u00e1rios em Administra\u00e7\u00e3o\",\"potentialAction\":[{\"@type\":\"SearchAction\",\"target\":{\"@type\":\"EntryPoint\",\"urlTemplate\":\"https:\\\/\\\/semead.com.br\\\/21\\\/?s={search_term_string}\"},\"query-input\":{\"@type\":\"PropertyValueSpecification\",\"valueRequired\":true,\"valueName\":\"search_term_string\"}}],\"inLanguage\":\"pt-BR\"}]}<\/script>\n<!-- \/ Yoast SEO plugin. -->","yoast_head_json":{"title":"XIII RESEARCH WORKSHOP ON INSTITUTIONS AND ORGANIZATIONS (RWIO) - XXI SemeAd","robots":{"index":"index","follow":"follow","max-snippet":"max-snippet:-1","max-image-preview":"max-image-preview:large","max-video-preview":"max-video-preview:-1"},"canonical":"https:\/\/semead.com.br\/21\/xiii-research-workshop-on-institutions-and-organizations-rwio\/","og_locale":"pt_BR","og_type":"article","og_title":"XIII RESEARCH WORKSHOP ON INSTITUTIONS AND ORGANIZATIONS (RWIO) - XXI SemeAd","og_description":"When November, 06th \u2013 07th 2018. \u00a0 Local FEA \/ USP Av. Prof Luciano Gualberto, 908 \u2013 Cidade Universit\u00e1ria \u2013 S\u00e3o Paulo \u2013 SP \u00a0 Objective The Research Workshop on Institutions and Organizations (RWIO) is a joint endeavor led by five research-oriented schools in Brazil (Insper, Federal University of Bahia \u2013 UFBA, Federal University of...","og_url":"https:\/\/semead.com.br\/21\/xiii-research-workshop-on-institutions-and-organizations-rwio\/","og_site_name":"XXI SemeAd","twitter_card":"summary_large_image","twitter_misc":{"Est. tempo de leitura":"1 minuto"},"schema":{"@context":"https:\/\/schema.org","@graph":[{"@type":"WebPage","@id":"https:\/\/semead.com.br\/21\/xiii-research-workshop-on-institutions-and-organizations-rwio\/","url":"https:\/\/semead.com.br\/21\/xiii-research-workshop-on-institutions-and-organizations-rwio\/","name":"XIII RESEARCH WORKSHOP ON INSTITUTIONS AND ORGANIZATIONS (RWIO) - XXI SemeAd","isPartOf":{"@id":"https:\/\/semead.com.br\/21\/#website"},"datePublished":"2018-05-29T17:06:34+00:00","breadcrumb":{"@id":"https:\/\/semead.com.br\/21\/xiii-research-workshop-on-institutions-and-organizations-rwio\/#breadcrumb"},"inLanguage":"pt-BR","potentialAction":[{"@type":"ReadAction","target":["https:\/\/semead.com.br\/21\/xiii-research-workshop-on-institutions-and-organizations-rwio\/"]}]},{"@type":"BreadcrumbList","@id":"https:\/\/semead.com.br\/21\/xiii-research-workshop-on-institutions-and-organizations-rwio\/#breadcrumb","itemListElement":[{"@type":"ListItem","position":1,"name":"In\u00edcio","item":"https:\/\/semead.com.br\/21\/"},{"@type":"ListItem","position":2,"name":"XIII RESEARCH WORKSHOP ON INSTITUTIONS AND ORGANIZATIONS (RWIO)"}]},{"@type":"WebSite","@id":"https:\/\/semead.com.br\/21\/#website","url":"https:\/\/semead.com.br\/21\/","name":"XXI SemeAd","description":"Semin\u00e1rios em Administra\u00e7\u00e3o","potentialAction":[{"@type":"SearchAction","target":{"@type":"EntryPoint","urlTemplate":"https:\/\/semead.com.br\/21\/?s={search_term_string}"},"query-input":{"@type":"PropertyValueSpecification","valueRequired":true,"valueName":"search_term_string"}}],"inLanguage":"pt-BR"}]}},"_links":{"self":[{"href":"https:\/\/semead.com.br\/21\/wp-json\/wp\/v2\/pages\/14431","targetHints":{"allow":["GET"]}}],"collection":[{"href":"https:\/\/semead.com.br\/21\/wp-json\/wp\/v2\/pages"}],"about":[{"href":"https:\/\/semead.com.br\/21\/wp-json\/wp\/v2\/types\/page"}],"author":[{"embeddable":true,"href":"https:\/\/semead.com.br\/21\/wp-json\/wp\/v2\/users\/4"}],"replies":[{"embeddable":true,"href":"https:\/\/semead.com.br\/21\/wp-json\/wp\/v2\/comments?post=14431"}],"version-history":[{"count":0,"href":"https:\/\/semead.com.br\/21\/wp-json\/wp\/v2\/pages\/14431\/revisions"}],"wp:attachment":[{"href":"https:\/\/semead.com.br\/21\/wp-json\/wp\/v2\/media?parent=14431"}],"curies":[{"name":"wp","href":"https:\/\/api.w.org\/{rel}","templated":true}]}}