{"id":14443,"date":"2018-05-30T17:14:42","date_gmt":"2018-05-30T20:14:42","guid":{"rendered":"https:\/\/semead.com.br\/21\/?page_id=14443"},"modified":"2018-05-30T17:14:42","modified_gmt":"2018-05-30T20:14:42","slug":"hospedagem","status":"publish","type":"page","link":"https:\/\/semead.com.br\/21\/informacoes-uteis\/hospedagem\/","title":{"rendered":"Hospedagem"},"content":{"rendered":"<p>Essas s\u00e3o algumas indica\u00e7\u00f5es de hot\u00e9is localizados pr\u00f3ximos \u00e0 Cidade Universit\u00e1ria ou a esta\u00e7\u00f5es do Metr\u00f4.\u00a0<strong>Os hot\u00e9is indicados n\u00e3o est\u00e3o conveniados com o evento.<\/strong><\/p>\n<p><strong>\u00a0<\/strong><strong>HOTEL BLUE TREE PREMIUM FARIA LIMA<\/strong><br \/>\nAv. Brg. Faria Lima, 3989 \u2013 Itaim Bibi, S\u00e3o Paulo \u2013 SP, 04538-133<br \/>\n(11) 3896-7544<\/p>\n<hr \/>\n<p><strong>IBIS STYLES SP FARIA LIMA<\/strong><br \/>\nRua Tavares Cabral, 61 \u2013 Pinheiros<br \/>\n(11) 3093-7200<br \/>\nSite:\u00a0<a href=\"http:\/\/www.ibis.com\/\">www.ibis.com<\/a><\/p>\n<hr \/>\n<p><strong>GO INN JAGUAR\u00c9<\/strong><br \/>\nAvenida Jaguar\u00e9 , 1664 \u2013 Jaguar\u00e9<br \/>\n(11) 3716-2656<br \/>\nSite:\u00a0<a href=\"http:\/\/www.atlanticahotels.com.br\/\">www.atlanticahotels.com.br<\/a><\/p>\n<hr \/>\n<p><strong>TRANSAMERICA CLASSIC VICTORIA PLACE<\/strong><br \/>\nRua Pedroso Alvarenga, 1088 \u2013 Itaim Bibi<br \/>\n(11) 3167-8000<br \/>\nSite:\u00a0<a href=\"http:\/\/www.transamericagroup.com.br\/\">www.transamericagroup.com.br<\/a><\/p>\n<hr \/>\n<p><strong>HOTEL MELI\u00c1 PAULISTA<\/strong><br \/>\nAvenida Paulista, 2181 \u2013 Consola\u00e7\u00e3o<br \/>\n(11) 2184-1600<br \/>\nSite:\u00a0<a href=\"http:\/\/www.melia.com\/\">www.melia.com<\/a><\/p>\n<p>&nbsp;<\/p>\n<p><strong>Para conferir outras op\u00e7\u00f5es de hot\u00e9is e pre\u00e7os, favor acessar a lista de hot\u00e9is da capital em:\u00a0<\/strong><strong><u><a href=\"http:\/\/www.saopaulo.tur.br\/sao-paulo\">http:\/\/www.saopaulo.tur.br\/sao-paulo<\/a><\/u><\/strong><\/p>\n<p>&nbsp;<\/p>\n","protected":false},"excerpt":{"rendered":"<p>Essas s\u00e3o algumas indica\u00e7\u00f5es de hot\u00e9is localizados pr\u00f3ximos \u00e0 Cidade Universit\u00e1ria ou a esta\u00e7\u00f5es do Metr\u00f4.\u00a0Os hot\u00e9is indicados n\u00e3o est\u00e3o conveniados com o evento. \u00a0HOTEL BLUE TREE PREMIUM FARIA LIMA Av. Brg. Faria Lima, 3989 \u2013 Itaim Bibi, S\u00e3o Paulo \u2013 SP, 04538-133 (11) 3896-7544 IBIS STYLES SP FARIA LIMA Rua Tavares Cabral, 61 \u2013&#8230;<\/p>\n","protected":false},"author":4,"featured_media":0,"parent":33,"menu_order":0,"comment_status":"closed","ping_status":"closed","template":"","meta":{"_acf_changed":false,"_monsterinsights_skip_tracking":false,"_monsterinsights_sitenote_active":false,"_monsterinsights_sitenote_note":"","_monsterinsights_sitenote_category":0,"footnotes":""},"class_list":["post-14443","page","type-page","status-publish","hentry"],"acf":[],"yoast_head":"<!-- This site is optimized with the Yoast SEO plugin v27.5 - https:\/\/yoast.com\/product\/yoast-seo-wordpress\/ -->\n<title>Hospedagem - XXI SemeAd<\/title>\n<meta name=\"robots\" content=\"index, follow, max-snippet:-1, max-image-preview:large, max-video-preview:-1\" \/>\n<link rel=\"canonical\" href=\"https:\/\/semead.com.br\/21\/informacoes-uteis\/hospedagem\/\" \/>\n<meta property=\"og:locale\" content=\"pt_BR\" \/>\n<meta property=\"og:type\" content=\"article\" \/>\n<meta property=\"og:title\" content=\"Hospedagem - XXI SemeAd\" \/>\n<meta property=\"og:description\" content=\"Essas s\u00e3o algumas indica\u00e7\u00f5es de hot\u00e9is localizados pr\u00f3ximos \u00e0 Cidade Universit\u00e1ria ou a esta\u00e7\u00f5es do Metr\u00f4.\u00a0Os hot\u00e9is indicados n\u00e3o est\u00e3o conveniados com o evento. \u00a0HOTEL BLUE TREE PREMIUM FARIA LIMA Av. Brg. Faria Lima, 3989 \u2013 Itaim Bibi, S\u00e3o Paulo \u2013 SP, 04538-133 (11) 3896-7544 IBIS STYLES SP FARIA LIMA Rua Tavares Cabral, 61 \u2013...\" \/>\n<meta property=\"og:url\" content=\"https:\/\/semead.com.br\/21\/informacoes-uteis\/hospedagem\/\" \/>\n<meta property=\"og:site_name\" content=\"XXI SemeAd\" \/>\n<meta name=\"twitter:card\" content=\"summary_large_image\" \/>\n<meta name=\"twitter:label1\" content=\"Est. tempo de leitura\" \/>\n\t<meta name=\"twitter:data1\" content=\"1 minuto\" \/>\n<script type=\"application\/ld+json\" class=\"yoast-schema-graph\">{\"@context\":\"https:\\\/\\\/schema.org\",\"@graph\":[{\"@type\":\"WebPage\",\"@id\":\"https:\\\/\\\/semead.com.br\\\/21\\\/informacoes-uteis\\\/hospedagem\\\/\",\"url\":\"https:\\\/\\\/semead.com.br\\\/21\\\/informacoes-uteis\\\/hospedagem\\\/\",\"name\":\"Hospedagem - XXI SemeAd\",\"isPartOf\":{\"@id\":\"https:\\\/\\\/semead.com.br\\\/21\\\/#website\"},\"datePublished\":\"2018-05-30T20:14:42+00:00\",\"breadcrumb\":{\"@id\":\"https:\\\/\\\/semead.com.br\\\/21\\\/informacoes-uteis\\\/hospedagem\\\/#breadcrumb\"},\"inLanguage\":\"pt-BR\",\"potentialAction\":[{\"@type\":\"ReadAction\",\"target\":[\"https:\\\/\\\/semead.com.br\\\/21\\\/informacoes-uteis\\\/hospedagem\\\/\"]}]},{\"@type\":\"BreadcrumbList\",\"@id\":\"https:\\\/\\\/semead.com.br\\\/21\\\/informacoes-uteis\\\/hospedagem\\\/#breadcrumb\",\"itemListElement\":[{\"@type\":\"ListItem\",\"position\":1,\"name\":\"In\u00edcio\",\"item\":\"https:\\\/\\\/semead.com.br\\\/21\\\/\"},{\"@type\":\"ListItem\",\"position\":2,\"name\":\"Informa\u00e7\u00f5es \u00fateis\",\"item\":\"https:\\\/\\\/semead.com.br\\\/21\\\/informacoes-uteis\\\/\"},{\"@type\":\"ListItem\",\"position\":3,\"name\":\"Hospedagem\"}]},{\"@type\":\"WebSite\",\"@id\":\"https:\\\/\\\/semead.com.br\\\/21\\\/#website\",\"url\":\"https:\\\/\\\/semead.com.br\\\/21\\\/\",\"name\":\"XXI SemeAd\",\"description\":\"Semin\u00e1rios em Administra\u00e7\u00e3o\",\"potentialAction\":[{\"@type\":\"SearchAction\",\"target\":{\"@type\":\"EntryPoint\",\"urlTemplate\":\"https:\\\/\\\/semead.com.br\\\/21\\\/?s={search_term_string}\"},\"query-input\":{\"@type\":\"PropertyValueSpecification\",\"valueRequired\":true,\"valueName\":\"search_term_string\"}}],\"inLanguage\":\"pt-BR\"}]}<\/script>\n<!-- \/ Yoast SEO plugin. -->","yoast_head_json":{"title":"Hospedagem - XXI SemeAd","robots":{"index":"index","follow":"follow","max-snippet":"max-snippet:-1","max-image-preview":"max-image-preview:large","max-video-preview":"max-video-preview:-1"},"canonical":"https:\/\/semead.com.br\/21\/informacoes-uteis\/hospedagem\/","og_locale":"pt_BR","og_type":"article","og_title":"Hospedagem - XXI SemeAd","og_description":"Essas s\u00e3o algumas indica\u00e7\u00f5es de hot\u00e9is localizados pr\u00f3ximos \u00e0 Cidade Universit\u00e1ria ou a esta\u00e7\u00f5es do Metr\u00f4.\u00a0Os hot\u00e9is indicados n\u00e3o est\u00e3o conveniados com o evento. \u00a0HOTEL BLUE TREE PREMIUM FARIA LIMA Av. Brg. Faria Lima, 3989 \u2013 Itaim Bibi, S\u00e3o Paulo \u2013 SP, 04538-133 (11) 3896-7544 IBIS STYLES SP FARIA LIMA Rua Tavares Cabral, 61 \u2013...","og_url":"https:\/\/semead.com.br\/21\/informacoes-uteis\/hospedagem\/","og_site_name":"XXI SemeAd","twitter_card":"summary_large_image","twitter_misc":{"Est. tempo de leitura":"1 minuto"},"schema":{"@context":"https:\/\/schema.org","@graph":[{"@type":"WebPage","@id":"https:\/\/semead.com.br\/21\/informacoes-uteis\/hospedagem\/","url":"https:\/\/semead.com.br\/21\/informacoes-uteis\/hospedagem\/","name":"Hospedagem - XXI SemeAd","isPartOf":{"@id":"https:\/\/semead.com.br\/21\/#website"},"datePublished":"2018-05-30T20:14:42+00:00","breadcrumb":{"@id":"https:\/\/semead.com.br\/21\/informacoes-uteis\/hospedagem\/#breadcrumb"},"inLanguage":"pt-BR","potentialAction":[{"@type":"ReadAction","target":["https:\/\/semead.com.br\/21\/informacoes-uteis\/hospedagem\/"]}]},{"@type":"BreadcrumbList","@id":"https:\/\/semead.com.br\/21\/informacoes-uteis\/hospedagem\/#breadcrumb","itemListElement":[{"@type":"ListItem","position":1,"name":"In\u00edcio","item":"https:\/\/semead.com.br\/21\/"},{"@type":"ListItem","position":2,"name":"Informa\u00e7\u00f5es \u00fateis","item":"https:\/\/semead.com.br\/21\/informacoes-uteis\/"},{"@type":"ListItem","position":3,"name":"Hospedagem"}]},{"@type":"WebSite","@id":"https:\/\/semead.com.br\/21\/#website","url":"https:\/\/semead.com.br\/21\/","name":"XXI SemeAd","description":"Semin\u00e1rios em Administra\u00e7\u00e3o","potentialAction":[{"@type":"SearchAction","target":{"@type":"EntryPoint","urlTemplate":"https:\/\/semead.com.br\/21\/?s={search_term_string}"},"query-input":{"@type":"PropertyValueSpecification","valueRequired":true,"valueName":"search_term_string"}}],"inLanguage":"pt-BR"}]}},"_links":{"self":[{"href":"https:\/\/semead.com.br\/21\/wp-json\/wp\/v2\/pages\/14443","targetHints":{"allow":["GET"]}}],"collection":[{"href":"https:\/\/semead.com.br\/21\/wp-json\/wp\/v2\/pages"}],"about":[{"href":"https:\/\/semead.com.br\/21\/wp-json\/wp\/v2\/types\/page"}],"author":[{"embeddable":true,"href":"https:\/\/semead.com.br\/21\/wp-json\/wp\/v2\/users\/4"}],"replies":[{"embeddable":true,"href":"https:\/\/semead.com.br\/21\/wp-json\/wp\/v2\/comments?post=14443"}],"version-history":[{"count":0,"href":"https:\/\/semead.com.br\/21\/wp-json\/wp\/v2\/pages\/14443\/revisions"}],"up":[{"embeddable":true,"href":"https:\/\/semead.com.br\/21\/wp-json\/wp\/v2\/pages\/33"}],"wp:attachment":[{"href":"https:\/\/semead.com.br\/21\/wp-json\/wp\/v2\/media?parent=14443"}],"curies":[{"name":"wp","href":"https:\/\/api.w.org\/{rel}","templated":true}]}}