{"id":14485,"date":"2018-07-02T01:40:04","date_gmt":"2018-07-02T04:40:04","guid":{"rendered":"https:\/\/semead.com.br\/21\/?page_id=14485"},"modified":"2018-11-06T11:51:07","modified_gmt":"2018-11-06T13:51:07","slug":"consorcio-doutoral","status":"publish","type":"page","link":"https:\/\/semead.com.br\/21\/programacao\/consorcio-doutoral\/","title":{"rendered":"Cons\u00f3rcio Doutoral"},"content":{"rendered":"\n<iframe loading=\"lazy\" width=\"560\" height=\"315\" src=\"https:\/\/www.youtube.com\/embed\/0nMCx9YsJY0?ecver=1\" frameborder=\"0\" allow=\"autoplay; encrypted-media\" allowfullscreen><\/iframe>\n\n\n\n<h2 class=\"wp-block-heading\">Sess\u00e3o 1 &#8211; Tarde 06\/11 (ter\u00e7a-feira)<\/h2>\n\n\n\n<p><strong>13h<\/strong>\u00a0\u2013 Credenciamento e Boas-Vindas<strong><\/strong><\/p>\n\n\n\n<p><strong>13h30 as 14h30<\/strong>\u00a0\u2013 Caminhos para Carreira de Professor\u00a0no Brasil e no Exterior<\/p>\n\n\n\n<ul class=\"wp-block-list\"><li>conversa com\u00a0rec\u00e9m doutores atuando em\u00a0Programas de P\u00f3s-Gradua\u00e7\u00e3o no Brasil ou em\u00a0carreira no exterior.<\/li><\/ul>\n\n\n\n<p><strong>14h30 as 16h00<\/strong>\u00a0\u2013 Desafios da Publica\u00e7\u00e3o no Doutorado<\/p>\n\n\n\n<ul class=\"wp-block-list\"><li><em>mesa de debate sobre a\u00a0<\/em><em>import\u00e2ncia<\/em><em>\u00a0da\u00a0<\/em><em>publica\u00e7\u00e3o<\/em><em>\u00a0discente, os desafios e dicas para\u00a0<\/em><em>publica\u00e7\u00e3o<\/em><em>. Professores de PPGAs e Jovens Pesquisadores.\u00a0<\/em><\/li><\/ul>\n\n\n\n<p><strong>16h00 as 16h30<\/strong>\u00a0\u2013 Coffee-Break<\/p>\n\n\n\n<p><strong>16h30 as 17h30\u00a0<\/strong>\u00a0\u2013 Job Session &#8211; Direcionando\u00a0para carreira acad\u00eamica<\/p>\n\n\n\n<ul class=\"wp-block-list\"><li>os doutorandos dever\u00e3o apresentar o &#8220;Job Application&#8221;* e participar das mesas de mentoria com os professores e coordenadores de PPGAs sobre dicas e orienta\u00e7\u00f5es\u00a0para vagas de professores\u00a0nos programas de Stricto Sensu.<\/li><\/ul>\n\n\n\n<p><strong>17h30 as 18h30<\/strong>\u00a0\u2013 Sobrevivendo ao Doutorado (discuss\u00e3o sobre\u00a0Sa\u00fade e\u00a0Vida na p\u00f3s-gradua\u00e7\u00e3o)<\/p>\n\n\n\n<ul class=\"wp-block-list\"><li>conversa guiada sobre\u00a0como lidar com\u00a0a\u00a0press\u00e3o, conflitos e a qualidade de vida durante o doutorado.<\/li><\/ul>\n\n\n\n<h2 class=\"wp-block-heading\">Sess\u00e3o 2 &#8211; Manh\u00e3 07\/11 (quarta-feira)<\/h2>\n\n\n\n<p><strong>9h00 as 11h45<\/strong>\u00a0\u2013 Bancas Paralelas do Cons\u00f3rcio Doutoral<\/p>\n\n\n\n<p><strong>Nota importante<\/strong>: Para viabilizar a participa\u00e7\u00e3o do doutorando nos dois dias do Consorcio Doutoral do Semead, todos os doutorandos residentes fora da cidade de S\u00e3o Paulo e com projetos aceitos no Consorcio Doutoral do Semead ser\u00e3o agraciados com uma di\u00e1ria (entrada 06\/11 \u2013 sa\u00edda 07\/11) para a estadia no hotel conveniado ao Consorcio Doutoral.<strong>*Job Application:\u00a0<\/strong>os doutorandos dever\u00e3o providenciar um documento com at\u00e9 5 p\u00e1ginas com os seguintes t\u00f3picos: I) mini-curr\u00edculo; II) resumo da proposta de tese III) trabalhos\/projetos cient\u00edficos em desenvolvimento &#8220;working papers&#8221; IV) trabalhos publicados mais relevantes V) informa\u00e7\u00f5es adicionais (pr\u00eamios, destaques, congressos, atividades relevantes).<\/p>\n","protected":false},"excerpt":{"rendered":"<p>Sess\u00e3o 1 &#8211; Tarde 06\/11 (ter\u00e7a-feira) 13h\u00a0\u2013 Credenciamento e Boas-Vindas 13h30 as 14h30\u00a0\u2013 Caminhos para Carreira de Professor\u00a0no Brasil e no Exterior conversa com\u00a0rec\u00e9m doutores atuando em\u00a0Programas de P\u00f3s-Gradua\u00e7\u00e3o no Brasil ou em\u00a0carreira no exterior. 14h30 as 16h00\u00a0\u2013 Desafios da Publica\u00e7\u00e3o no Doutorado mesa de debate sobre a\u00a0import\u00e2ncia\u00a0da\u00a0publica\u00e7\u00e3o\u00a0discente, os desafios e dicas para\u00a0publica\u00e7\u00e3o. Professores de&#8230;<\/p>\n","protected":false},"author":4,"featured_media":0,"parent":26,"menu_order":0,"comment_status":"closed","ping_status":"closed","template":"","meta":{"_acf_changed":false,"_monsterinsights_skip_tracking":false,"_monsterinsights_sitenote_active":false,"_monsterinsights_sitenote_note":"","_monsterinsights_sitenote_category":0,"footnotes":""},"class_list":["post-14485","page","type-page","status-publish","hentry"],"acf":[],"yoast_head":"<!-- This site is optimized with the Yoast SEO plugin v27.5 - https:\/\/yoast.com\/product\/yoast-seo-wordpress\/ -->\n<title>Cons\u00f3rcio Doutoral - XXI SemeAd<\/title>\n<meta name=\"robots\" content=\"index, follow, max-snippet:-1, max-image-preview:large, max-video-preview:-1\" \/>\n<link rel=\"canonical\" href=\"https:\/\/semead.com.br\/21\/programacao\/consorcio-doutoral\/\" \/>\n<meta property=\"og:locale\" content=\"pt_BR\" \/>\n<meta property=\"og:type\" content=\"article\" \/>\n<meta property=\"og:title\" content=\"Cons\u00f3rcio Doutoral - XXI SemeAd\" \/>\n<meta property=\"og:description\" content=\"Sess\u00e3o 1 &#8211; Tarde 06\/11 (ter\u00e7a-feira) 13h\u00a0\u2013 Credenciamento e Boas-Vindas 13h30 as 14h30\u00a0\u2013 Caminhos para Carreira de Professor\u00a0no Brasil e no Exterior conversa com\u00a0rec\u00e9m doutores atuando em\u00a0Programas de P\u00f3s-Gradua\u00e7\u00e3o no Brasil ou em\u00a0carreira no exterior. 14h30 as 16h00\u00a0\u2013 Desafios da Publica\u00e7\u00e3o no Doutorado mesa de debate sobre a\u00a0import\u00e2ncia\u00a0da\u00a0publica\u00e7\u00e3o\u00a0discente, os desafios e dicas para\u00a0publica\u00e7\u00e3o. Professores de...\" \/>\n<meta property=\"og:url\" content=\"https:\/\/semead.com.br\/21\/programacao\/consorcio-doutoral\/\" \/>\n<meta property=\"og:site_name\" content=\"XXI SemeAd\" \/>\n<meta property=\"article:modified_time\" content=\"2018-11-06T13:51:07+00:00\" \/>\n<meta name=\"twitter:card\" content=\"summary_large_image\" \/>\n<meta name=\"twitter:label1\" content=\"Est. tempo de leitura\" \/>\n\t<meta name=\"twitter:data1\" content=\"1 minuto\" \/>\n<script type=\"application\/ld+json\" class=\"yoast-schema-graph\">{\"@context\":\"https:\\\/\\\/schema.org\",\"@graph\":[{\"@type\":\"WebPage\",\"@id\":\"https:\\\/\\\/semead.com.br\\\/21\\\/programacao\\\/consorcio-doutoral\\\/\",\"url\":\"https:\\\/\\\/semead.com.br\\\/21\\\/programacao\\\/consorcio-doutoral\\\/\",\"name\":\"Cons\u00f3rcio Doutoral - XXI SemeAd\",\"isPartOf\":{\"@id\":\"https:\\\/\\\/semead.com.br\\\/21\\\/#website\"},\"datePublished\":\"2018-07-02T04:40:04+00:00\",\"dateModified\":\"2018-11-06T13:51:07+00:00\",\"breadcrumb\":{\"@id\":\"https:\\\/\\\/semead.com.br\\\/21\\\/programacao\\\/consorcio-doutoral\\\/#breadcrumb\"},\"inLanguage\":\"pt-BR\",\"potentialAction\":[{\"@type\":\"ReadAction\",\"target\":[\"https:\\\/\\\/semead.com.br\\\/21\\\/programacao\\\/consorcio-doutoral\\\/\"]}]},{\"@type\":\"BreadcrumbList\",\"@id\":\"https:\\\/\\\/semead.com.br\\\/21\\\/programacao\\\/consorcio-doutoral\\\/#breadcrumb\",\"itemListElement\":[{\"@type\":\"ListItem\",\"position\":1,\"name\":\"In\u00edcio\",\"item\":\"https:\\\/\\\/semead.com.br\\\/21\\\/\"},{\"@type\":\"ListItem\",\"position\":2,\"name\":\"Programa\u00e7\u00e3o\",\"item\":\"https:\\\/\\\/semead.com.br\\\/21\\\/programacao\\\/\"},{\"@type\":\"ListItem\",\"position\":3,\"name\":\"Cons\u00f3rcio Doutoral\"}]},{\"@type\":\"WebSite\",\"@id\":\"https:\\\/\\\/semead.com.br\\\/21\\\/#website\",\"url\":\"https:\\\/\\\/semead.com.br\\\/21\\\/\",\"name\":\"XXI SemeAd\",\"description\":\"Semin\u00e1rios em Administra\u00e7\u00e3o\",\"potentialAction\":[{\"@type\":\"SearchAction\",\"target\":{\"@type\":\"EntryPoint\",\"urlTemplate\":\"https:\\\/\\\/semead.com.br\\\/21\\\/?s={search_term_string}\"},\"query-input\":{\"@type\":\"PropertyValueSpecification\",\"valueRequired\":true,\"valueName\":\"search_term_string\"}}],\"inLanguage\":\"pt-BR\"}]}<\/script>\n<!-- \/ Yoast SEO plugin. -->","yoast_head_json":{"title":"Cons\u00f3rcio Doutoral - XXI SemeAd","robots":{"index":"index","follow":"follow","max-snippet":"max-snippet:-1","max-image-preview":"max-image-preview:large","max-video-preview":"max-video-preview:-1"},"canonical":"https:\/\/semead.com.br\/21\/programacao\/consorcio-doutoral\/","og_locale":"pt_BR","og_type":"article","og_title":"Cons\u00f3rcio Doutoral - XXI SemeAd","og_description":"Sess\u00e3o 1 &#8211; Tarde 06\/11 (ter\u00e7a-feira) 13h\u00a0\u2013 Credenciamento e Boas-Vindas 13h30 as 14h30\u00a0\u2013 Caminhos para Carreira de Professor\u00a0no Brasil e no Exterior conversa com\u00a0rec\u00e9m doutores atuando em\u00a0Programas de P\u00f3s-Gradua\u00e7\u00e3o no Brasil ou em\u00a0carreira no exterior. 14h30 as 16h00\u00a0\u2013 Desafios da Publica\u00e7\u00e3o no Doutorado mesa de debate sobre a\u00a0import\u00e2ncia\u00a0da\u00a0publica\u00e7\u00e3o\u00a0discente, os desafios e dicas para\u00a0publica\u00e7\u00e3o. Professores de...","og_url":"https:\/\/semead.com.br\/21\/programacao\/consorcio-doutoral\/","og_site_name":"XXI SemeAd","article_modified_time":"2018-11-06T13:51:07+00:00","twitter_card":"summary_large_image","twitter_misc":{"Est. tempo de leitura":"1 minuto"},"schema":{"@context":"https:\/\/schema.org","@graph":[{"@type":"WebPage","@id":"https:\/\/semead.com.br\/21\/programacao\/consorcio-doutoral\/","url":"https:\/\/semead.com.br\/21\/programacao\/consorcio-doutoral\/","name":"Cons\u00f3rcio Doutoral - XXI SemeAd","isPartOf":{"@id":"https:\/\/semead.com.br\/21\/#website"},"datePublished":"2018-07-02T04:40:04+00:00","dateModified":"2018-11-06T13:51:07+00:00","breadcrumb":{"@id":"https:\/\/semead.com.br\/21\/programacao\/consorcio-doutoral\/#breadcrumb"},"inLanguage":"pt-BR","potentialAction":[{"@type":"ReadAction","target":["https:\/\/semead.com.br\/21\/programacao\/consorcio-doutoral\/"]}]},{"@type":"BreadcrumbList","@id":"https:\/\/semead.com.br\/21\/programacao\/consorcio-doutoral\/#breadcrumb","itemListElement":[{"@type":"ListItem","position":1,"name":"In\u00edcio","item":"https:\/\/semead.com.br\/21\/"},{"@type":"ListItem","position":2,"name":"Programa\u00e7\u00e3o","item":"https:\/\/semead.com.br\/21\/programacao\/"},{"@type":"ListItem","position":3,"name":"Cons\u00f3rcio Doutoral"}]},{"@type":"WebSite","@id":"https:\/\/semead.com.br\/21\/#website","url":"https:\/\/semead.com.br\/21\/","name":"XXI SemeAd","description":"Semin\u00e1rios em Administra\u00e7\u00e3o","potentialAction":[{"@type":"SearchAction","target":{"@type":"EntryPoint","urlTemplate":"https:\/\/semead.com.br\/21\/?s={search_term_string}"},"query-input":{"@type":"PropertyValueSpecification","valueRequired":true,"valueName":"search_term_string"}}],"inLanguage":"pt-BR"}]}},"_links":{"self":[{"href":"https:\/\/semead.com.br\/21\/wp-json\/wp\/v2\/pages\/14485","targetHints":{"allow":["GET"]}}],"collection":[{"href":"https:\/\/semead.com.br\/21\/wp-json\/wp\/v2\/pages"}],"about":[{"href":"https:\/\/semead.com.br\/21\/wp-json\/wp\/v2\/types\/page"}],"author":[{"embeddable":true,"href":"https:\/\/semead.com.br\/21\/wp-json\/wp\/v2\/users\/4"}],"replies":[{"embeddable":true,"href":"https:\/\/semead.com.br\/21\/wp-json\/wp\/v2\/comments?post=14485"}],"version-history":[{"count":0,"href":"https:\/\/semead.com.br\/21\/wp-json\/wp\/v2\/pages\/14485\/revisions"}],"up":[{"embeddable":true,"href":"https:\/\/semead.com.br\/21\/wp-json\/wp\/v2\/pages\/26"}],"wp:attachment":[{"href":"https:\/\/semead.com.br\/21\/wp-json\/wp\/v2\/media?parent=14485"}],"curies":[{"name":"wp","href":"https:\/\/api.w.org\/{rel}","templated":true}]}}