{"id":14587,"date":"2018-09-04T12:25:11","date_gmt":"2018-09-04T15:25:11","guid":{"rendered":"https:\/\/semead.com.br\/21\/?page_id=14587"},"modified":"2019-01-11T15:50:39","modified_gmt":"2019-01-11T17:50:39","slug":"pre-semead","status":"publish","type":"page","link":"https:\/\/semead.com.br\/21\/programacao\/pre-semead\/","title":{"rendered":"Pr\u00e9 SemeAd"},"content":{"rendered":"\n<h2 class=\"wp-block-heading\">PROGRAMA\u00c7\u00c3O SINT\u00c9TICA PR\u00c9-SEMEAD 06\/11<\/h2>\n\n\n\n<table id=\"tablepress-12\" class=\"tablepress tablepress-id-12\">\n<tbody class=\"row-striping row-hover\">\n<tr class=\"row-1\">\n\t<td class=\"column-1\">09:00 \u2013 10:00<\/td><td class=\"column-2\"><b>Challenges in Institutional and Organizational Analysis<\/b><br \/>\nSpeakers: Claude M\u00e9nard (University of Paris (Pantheon Sorbonne) <br \/>\nDiscussant: Paulo F Azevedo (Insper )<\/td>\n<\/tr>\n<tr class=\"row-2\">\n\t<td class=\"column-1\">10:30 \u2013 11:30<\/td><td class=\"column-2\"><b>Empirical studies in meso institutions: Canada, Italy and Brazil<\/b><br \/>\nSpeakers: Gaetano Martino (University of Perugia), Annie Royer (Universit\u00e9 Laval) &amp; Paula S B Schnaider (EAESP-FGV) <br \/>\nDiscussant: Hildo Meirelles Souza Filho (UFSCar)<\/td>\n<\/tr>\n<tr class=\"row-3\">\n\t<td class=\"column-1\">13:00 \u2013 14:30<\/td><td class=\"column-2\"><b>Institutions\u2019 effects on innovation: the role of deep transitions<\/b><br \/>\nSpeakers: Caetano Christophe Rosado Penna (SPRU\/University of Sussex &amp; Federal University of Rio de Janeiro \u2013 IE\/UFRJ) &amp; Renato J. Orsato (Funda\u00e7\u00e3o Get\u00falio Vargas - EAESP-FGV) <br \/>\nDiscussant: Adriana M. de Mello (FEA-USP)<\/td>\n<\/tr>\n<tr class=\"row-4\">\n\t<td class=\"column-1\">15:00 \u2013 16:30<\/td><td class=\"column-2\"><b>Institutional and Contextual impacts in human resource management<\/b><br \/>\nSpeakers: Michael Morley (Kemmy Business School University of Limerick) &amp; Wilson Amorim (FEA-USP) <br \/>\nDiscussant: Sandro Cabral (Insper)<\/td>\n<\/tr>\n<\/tbody>\n<\/table>\n<!-- #tablepress-12 from cache -->\n","protected":false},"excerpt":{"rendered":"<p>PROGRAMA\u00c7\u00c3O SINT\u00c9TICA PR\u00c9-SEMEAD 06\/11<\/p>\n","protected":false},"author":4,"featured_media":0,"parent":26,"menu_order":0,"comment_status":"closed","ping_status":"closed","template":"","meta":{"_acf_changed":false,"_monsterinsights_skip_tracking":false,"_monsterinsights_sitenote_active":false,"_monsterinsights_sitenote_note":"","_monsterinsights_sitenote_category":0,"footnotes":""},"class_list":["post-14587","page","type-page","status-publish","hentry"],"acf":[],"yoast_head":"<!-- This site is optimized with the Yoast SEO plugin v27.5 - https:\/\/yoast.com\/product\/yoast-seo-wordpress\/ -->\n<title>Pr\u00e9 SemeAd - XXI SemeAd<\/title>\n<meta name=\"robots\" content=\"index, follow, max-snippet:-1, max-image-preview:large, max-video-preview:-1\" \/>\n<link rel=\"canonical\" href=\"https:\/\/semead.com.br\/21\/programacao\/pre-semead\/\" \/>\n<meta property=\"og:locale\" content=\"pt_BR\" \/>\n<meta property=\"og:type\" content=\"article\" \/>\n<meta property=\"og:title\" content=\"Pr\u00e9 SemeAd - XXI SemeAd\" \/>\n<meta property=\"og:description\" content=\"PROGRAMA\u00c7\u00c3O SINT\u00c9TICA PR\u00c9-SEMEAD 06\/11\" \/>\n<meta property=\"og:url\" content=\"https:\/\/semead.com.br\/21\/programacao\/pre-semead\/\" \/>\n<meta property=\"og:site_name\" content=\"XXI SemeAd\" \/>\n<meta property=\"article:modified_time\" content=\"2019-01-11T17:50:39+00:00\" \/>\n<meta name=\"twitter:card\" content=\"summary_large_image\" \/>\n<script type=\"application\/ld+json\" class=\"yoast-schema-graph\">{\"@context\":\"https:\\\/\\\/schema.org\",\"@graph\":[{\"@type\":\"WebPage\",\"@id\":\"https:\\\/\\\/semead.com.br\\\/21\\\/programacao\\\/pre-semead\\\/\",\"url\":\"https:\\\/\\\/semead.com.br\\\/21\\\/programacao\\\/pre-semead\\\/\",\"name\":\"Pr\u00e9 SemeAd - XXI SemeAd\",\"isPartOf\":{\"@id\":\"https:\\\/\\\/semead.com.br\\\/21\\\/#website\"},\"datePublished\":\"2018-09-04T15:25:11+00:00\",\"dateModified\":\"2019-01-11T17:50:39+00:00\",\"breadcrumb\":{\"@id\":\"https:\\\/\\\/semead.com.br\\\/21\\\/programacao\\\/pre-semead\\\/#breadcrumb\"},\"inLanguage\":\"pt-BR\",\"potentialAction\":[{\"@type\":\"ReadAction\",\"target\":[\"https:\\\/\\\/semead.com.br\\\/21\\\/programacao\\\/pre-semead\\\/\"]}]},{\"@type\":\"BreadcrumbList\",\"@id\":\"https:\\\/\\\/semead.com.br\\\/21\\\/programacao\\\/pre-semead\\\/#breadcrumb\",\"itemListElement\":[{\"@type\":\"ListItem\",\"position\":1,\"name\":\"In\u00edcio\",\"item\":\"https:\\\/\\\/semead.com.br\\\/21\\\/\"},{\"@type\":\"ListItem\",\"position\":2,\"name\":\"Programa\u00e7\u00e3o\",\"item\":\"https:\\\/\\\/semead.com.br\\\/21\\\/programacao\\\/\"},{\"@type\":\"ListItem\",\"position\":3,\"name\":\"Pr\u00e9 SemeAd\"}]},{\"@type\":\"WebSite\",\"@id\":\"https:\\\/\\\/semead.com.br\\\/21\\\/#website\",\"url\":\"https:\\\/\\\/semead.com.br\\\/21\\\/\",\"name\":\"XXI SemeAd\",\"description\":\"Semin\u00e1rios em Administra\u00e7\u00e3o\",\"potentialAction\":[{\"@type\":\"SearchAction\",\"target\":{\"@type\":\"EntryPoint\",\"urlTemplate\":\"https:\\\/\\\/semead.com.br\\\/21\\\/?s={search_term_string}\"},\"query-input\":{\"@type\":\"PropertyValueSpecification\",\"valueRequired\":true,\"valueName\":\"search_term_string\"}}],\"inLanguage\":\"pt-BR\"}]}<\/script>\n<!-- \/ Yoast SEO plugin. -->","yoast_head_json":{"title":"Pr\u00e9 SemeAd - XXI SemeAd","robots":{"index":"index","follow":"follow","max-snippet":"max-snippet:-1","max-image-preview":"max-image-preview:large","max-video-preview":"max-video-preview:-1"},"canonical":"https:\/\/semead.com.br\/21\/programacao\/pre-semead\/","og_locale":"pt_BR","og_type":"article","og_title":"Pr\u00e9 SemeAd - XXI SemeAd","og_description":"PROGRAMA\u00c7\u00c3O SINT\u00c9TICA PR\u00c9-SEMEAD 06\/11","og_url":"https:\/\/semead.com.br\/21\/programacao\/pre-semead\/","og_site_name":"XXI SemeAd","article_modified_time":"2019-01-11T17:50:39+00:00","twitter_card":"summary_large_image","schema":{"@context":"https:\/\/schema.org","@graph":[{"@type":"WebPage","@id":"https:\/\/semead.com.br\/21\/programacao\/pre-semead\/","url":"https:\/\/semead.com.br\/21\/programacao\/pre-semead\/","name":"Pr\u00e9 SemeAd - XXI SemeAd","isPartOf":{"@id":"https:\/\/semead.com.br\/21\/#website"},"datePublished":"2018-09-04T15:25:11+00:00","dateModified":"2019-01-11T17:50:39+00:00","breadcrumb":{"@id":"https:\/\/semead.com.br\/21\/programacao\/pre-semead\/#breadcrumb"},"inLanguage":"pt-BR","potentialAction":[{"@type":"ReadAction","target":["https:\/\/semead.com.br\/21\/programacao\/pre-semead\/"]}]},{"@type":"BreadcrumbList","@id":"https:\/\/semead.com.br\/21\/programacao\/pre-semead\/#breadcrumb","itemListElement":[{"@type":"ListItem","position":1,"name":"In\u00edcio","item":"https:\/\/semead.com.br\/21\/"},{"@type":"ListItem","position":2,"name":"Programa\u00e7\u00e3o","item":"https:\/\/semead.com.br\/21\/programacao\/"},{"@type":"ListItem","position":3,"name":"Pr\u00e9 SemeAd"}]},{"@type":"WebSite","@id":"https:\/\/semead.com.br\/21\/#website","url":"https:\/\/semead.com.br\/21\/","name":"XXI SemeAd","description":"Semin\u00e1rios em Administra\u00e7\u00e3o","potentialAction":[{"@type":"SearchAction","target":{"@type":"EntryPoint","urlTemplate":"https:\/\/semead.com.br\/21\/?s={search_term_string}"},"query-input":{"@type":"PropertyValueSpecification","valueRequired":true,"valueName":"search_term_string"}}],"inLanguage":"pt-BR"}]}},"_links":{"self":[{"href":"https:\/\/semead.com.br\/21\/wp-json\/wp\/v2\/pages\/14587","targetHints":{"allow":["GET"]}}],"collection":[{"href":"https:\/\/semead.com.br\/21\/wp-json\/wp\/v2\/pages"}],"about":[{"href":"https:\/\/semead.com.br\/21\/wp-json\/wp\/v2\/types\/page"}],"author":[{"embeddable":true,"href":"https:\/\/semead.com.br\/21\/wp-json\/wp\/v2\/users\/4"}],"replies":[{"embeddable":true,"href":"https:\/\/semead.com.br\/21\/wp-json\/wp\/v2\/comments?post=14587"}],"version-history":[{"count":0,"href":"https:\/\/semead.com.br\/21\/wp-json\/wp\/v2\/pages\/14587\/revisions"}],"up":[{"embeddable":true,"href":"https:\/\/semead.com.br\/21\/wp-json\/wp\/v2\/pages\/26"}],"wp:attachment":[{"href":"https:\/\/semead.com.br\/21\/wp-json\/wp\/v2\/media?parent=14587"}],"curies":[{"name":"wp","href":"https:\/\/api.w.org\/{rel}","templated":true}]}}