{"id":4937,"date":"2012-12-01T12:13:47","date_gmt":"2012-12-01T12:13:47","guid":{"rendered":"http:\/\/localhost\/zeta\/?page_id=4937"},"modified":"2018-12-14T17:51:38","modified_gmt":"2018-12-14T19:51:38","slug":"home","status":"publish","type":"page","link":"https:\/\/semead.com.br\/21\/","title":{"rendered":"Home"},"content":{"rendered":"<p>[symple_column size=&#8221;two-third&#8221; position=&#8221;first&#8221; fade_in=&#8221;false&#8221;]<br \/>\n<div id=\"rev_slider_3_1_wrapper\" class=\"rev_slider_wrapper fullwidthbanner-container\" data-source=\"gallery\" style=\"margin:0px auto;background:transparent;padding:0px;margin-top:0px;margin-bottom:0px;\">\n<!-- START REVOLUTION SLIDER 5.4.7.3 auto mode -->\n\t<div id=\"rev_slider_3_1\" class=\"rev_slider fullwidthabanner\" style=\"display:none;\" data-version=\"5.4.7.3\">\n<ul>\t<!-- SLIDE  -->\n\t<li data-index=\"rs-33\" data-transition=\"fade\" data-slotamount=\"default\" data-hideafterloop=\"0\" data-hideslideonmobile=\"off\"  data-easein=\"default\" data-easeout=\"default\" data-masterspeed=\"300\"  data-link=\"http:\/\/login.semead.com.br\/21semead\/login.php\"   data-thumb=\"https:\/\/semead.com.br\/21\/wp-content\/uploads\/sites\/8\/2018\/11\/certificado-100x50.jpg\"  data-rotate=\"0\"  data-saveperformance=\"off\"  data-title=\"Slide\" data-param1=\"\" data-param2=\"\" data-param3=\"\" data-param4=\"\" data-param5=\"\" data-param6=\"\" data-param7=\"\" data-param8=\"\" data-param9=\"\" data-param10=\"\" data-description=\"\">\n\t\t<!-- MAIN IMAGE -->\n\t\t<img loading=\"lazy\" decoding=\"async\" src=\"https:\/\/semead.com.br\/21\/wp-content\/uploads\/sites\/8\/2018\/11\/certificado.jpg\"  alt=\"\" title=\"certificado\"  width=\"1280\" height=\"720\" data-bgposition=\"center center\" data-bgfit=\"contain\" data-bgrepeat=\"no-repeat\" class=\"rev-slidebg\" data-no-retina>\n\t\t<!-- LAYERS -->\n\t<\/li>\n\t<!-- SLIDE  -->\n\t<li data-index=\"rs-42\" data-transition=\"fade\" data-slotamount=\"default\" data-hideafterloop=\"0\" data-hideslideonmobile=\"off\"  data-easein=\"default\" data-easeout=\"default\" data-masterspeed=\"300\"  data-link=\"http:\/\/semead.com.br\/21\/premiacao-artigos-indicados\/\"   data-thumb=\"https:\/\/semead.com.br\/21\/wp-content\/uploads\/sites\/8\/2018\/11\/premiacao-100x50.jpeg\"  data-rotate=\"0\"  data-saveperformance=\"off\"  data-title=\"Slide\" data-param1=\"\" data-param2=\"\" data-param3=\"\" data-param4=\"\" data-param5=\"\" data-param6=\"\" data-param7=\"\" data-param8=\"\" data-param9=\"\" data-param10=\"\" data-description=\"\">\n\t\t<!-- MAIN IMAGE -->\n\t\t<img loading=\"lazy\" decoding=\"async\" src=\"https:\/\/semead.com.br\/21\/wp-content\/uploads\/sites\/8\/2018\/11\/premiacao.jpeg\"  alt=\"\" title=\"premiacao\"  width=\"1280\" height=\"719\" data-bgposition=\"center center\" data-bgfit=\"contain\" data-bgrepeat=\"no-repeat\" class=\"rev-slidebg\" data-no-retina>\n\t\t<!-- LAYERS -->\n\t<\/li>\n<\/ul>\n<script>var htmlDiv = document.getElementById(\"rs-plugin-settings-inline-css\"); var htmlDivCss=\"\";\n\t\t\t\t\t\tif(htmlDiv) {\n\t\t\t\t\t\t\thtmlDiv.innerHTML = htmlDiv.innerHTML + htmlDivCss;\n\t\t\t\t\t\t}else{\n\t\t\t\t\t\t\tvar htmlDiv = document.createElement(\"div\");\n\t\t\t\t\t\t\thtmlDiv.innerHTML = \"<style>\" + htmlDivCss + \"<\/style>\";\n\t\t\t\t\t\t\tdocument.getElementsByTagName(\"head\")[0].appendChild(htmlDiv.childNodes[0]);\n\t\t\t\t\t\t}\n\t\t\t\t\t<\/script>\n<div class=\"tp-bannertimer tp-bottom\" style=\"visibility: hidden !important;\"><\/div>\t<\/div>\n<script>var htmlDiv = document.getElementById(\"rs-plugin-settings-inline-css\"); var htmlDivCss=\"\";\n\t\t\t\tif(htmlDiv) {\n\t\t\t\t\thtmlDiv.innerHTML = htmlDiv.innerHTML + htmlDivCss;\n\t\t\t\t}else{\n\t\t\t\t\tvar htmlDiv = document.createElement(\"div\");\n\t\t\t\t\thtmlDiv.innerHTML = \"<style>\" + htmlDivCss + \"<\/style>\";\n\t\t\t\t\tdocument.getElementsByTagName(\"head\")[0].appendChild(htmlDiv.childNodes[0]);\n\t\t\t\t}\n\t\t\t<\/script>\n\t\t<script type=\"text\/javascript\">\nif (setREVStartSize!==undefined) setREVStartSize(\n\t{c: '#rev_slider_3_1', gridwidth: [1240], gridheight: [700], sliderLayout: 'auto'});\n\t\t\t\nvar revapi3,\n\ttpj;\t\n(function() {\t\t\t\n\tif (!\/loaded|interactive|complete\/.test(document.readyState)) document.addEventListener(\"DOMContentLoaded\",onLoad); else onLoad();\t\n\tfunction onLoad() {\t\t\t\t\n\t\tif (tpj===undefined) { tpj = jQuery; if(\"off\" == \"on\") tpj.noConflict();}\n\tif(tpj(\"#rev_slider_3_1\").revolution == undefined){\n\t\trevslider_showDoubleJqueryError(\"#rev_slider_3_1\");\n\t}else{\n\t\trevapi3 = tpj(\"#rev_slider_3_1\").show().revolution({\n\t\t\tsliderType:\"standard\",\n\t\t\tjsFileLocation:\"\/\/semead.com.br\/21\/wp-content\/plugins\/revslider\/public\/assets\/js\/\",\n\t\t\tsliderLayout:\"auto\",\n\t\t\tdottedOverlay:\"none\",\n\t\t\tdelay:9000,\n\t\t\tnavigation: {\n\t\t\t\tkeyboardNavigation:\"off\",\n\t\t\t\tkeyboard_direction: \"horizontal\",\n\t\t\t\tmouseScrollNavigation:\"off\",\n \t\t\t\t\t\t\tmouseScrollReverse:\"default\",\n\t\t\t\tonHoverStop:\"off\",\n\t\t\t\tarrows: {\n\t\t\t\t\tstyle:\"gyges\",\n\t\t\t\t\tenable:true,\n\t\t\t\t\thide_onmobile:false,\n\t\t\t\t\thide_onleave:false,\n\t\t\t\t\ttmp:'',\n\t\t\t\t\tleft: {\n\t\t\t\t\t\th_align:\"right\",\n\t\t\t\t\t\tv_align:\"bottom\",\n\t\t\t\t\t\th_offset:60,\n\t\t\t\t\t\tv_offset:0\n\t\t\t\t\t},\n\t\t\t\t\tright: {\n\t\t\t\t\t\th_align:\"right\",\n\t\t\t\t\t\tv_align:\"bottom\",\n\t\t\t\t\t\th_offset:20,\n\t\t\t\t\t\tv_offset:0\n\t\t\t\t\t}\n\t\t\t\t}\n\t\t\t},\n\t\t\tvisibilityLevels:[1240,1024,778,480],\n\t\t\tgridwidth:1240,\n\t\t\tgridheight:700,\n\t\t\tlazyType:\"none\",\n\t\t\tshadow:0,\n\t\t\tspinner:\"spinner0\",\n\t\t\tstopLoop:\"off\",\n\t\t\tstopAfterLoops:-1,\n\t\t\tstopAtSlide:-1,\n\t\t\tshuffle:\"off\",\n\t\t\tautoHeight:\"off\",\n\t\t\tdisableProgressBar:\"on\",\n\t\t\thideThumbsOnMobile:\"off\",\n\t\t\thideSliderAtLimit:0,\n\t\t\thideCaptionAtLimit:0,\n\t\t\thideAllCaptionAtLilmit:0,\n\t\t\tdebugMode:false,\n\t\t\tfallbacks: {\n\t\t\t\tsimplifyAll:\"off\",\n\t\t\t\tnextSlideOnWindowFocus:\"off\",\n\t\t\t\tdisableFocusListener:false,\n\t\t\t}\n\t\t});\n\t}; \/* END OF revapi call *\/\n\t\n }; \/* END OF ON LOAD FUNCTION *\/\n}()); \/* END OF WRAPPING FUNCTION *\/\n<\/script>\n\t\t<\/div><!-- END REVOLUTION SLIDER -->[\/symple_column]<br \/>[symple_column size=&#8221;one-third&#8221; position=&#8221;last&#8221; fade_in=&#8221;false&#8221;]<\/p>\n<p>[symple_callout fade_in=&#8221;false&#8221; button_text=&#8221;CERTIFICADOS&#8221; button_url=&#8221;http:\/\/login.semead.com.br\/21semead\/login.php&#8221; button_color=&#8221;orange&#8221; button_size=&#8221;medium&#8221; button_border_radius=&#8221;3px&#8221; button_target=&#8221;self&#8221; button_rel=&#8221;&#8221; button_icon_left=&#8221;&#8221; button_icon_right=&#8221;&#8221;]Certificados dispon\u00edveis[\/symple_callout]<\/p>\n<p>[symple_callout fade_in=&#8221;false&#8221; button_text=&#8221;ACESSE&#8221; button_url=&#8221;http:\/\/login.semead.com.br\/21semead\/anais\/&#8221; button_color=&#8221;green&#8221; button_size=&#8221;medium&#8221; button_border_radius=&#8221;3px&#8221; button_target=&#8221;self&#8221; button_rel=&#8221;&#8221; button_icon_left=&#8221;&#8221; button_icon_right=&#8221;&#8221;]Anais do XXI SemeAd[\/symple_callout]<\/p>\n<p>[symple_callout fade_in=&#8221;false&#8221; button_text=&#8221;RESULTADO&#8221; button_url=&#8221;https:\/\/semead.com.br\/21\/premiacao-artigos-indicados\/&#8221; button_color=&#8221;blue&#8221; button_size=&#8221;medium&#8221; button_border_radius=&#8221;3px&#8221; button_target=&#8221;self&#8221; button_rel=&#8221;&#8221; button_icon_left=&#8221;&#8221; button_icon_right=&#8221;&#8221;]Slide com o resultado da premia\u00e7\u00e3o e Fast Track[\/symple_callout]<\/p>\n<p>[\/symple_column]<\/p>\n<p>[symple_column size=&#8221;one-half&#8221; position=&#8221;first&#8221; fade_in=&#8221;false&#8221;]<\/p>\n<p>[symple_heading type=&#8221;h2&#8243; title=&#8221;Fomento&#8221;]<br \/><a href=\"http:\/\/www.fapesp.br\/\" target=\"_blank\" rel=\"noopener\"><img loading=\"lazy\" decoding=\"async\" class=\"size-full wp-image-11440 alignleft\" src=\"https:\/\/semead.com.br\/19\/wp-content\/uploads\/sites\/4\/2012\/12\/fapesp_logo-1.png\" alt=\"fapesp_logo\" width=\"150\" height=\"32\" \/><\/a><a href=\"http:\/\/www.capes.gov.br\/\" target=\"_blank\" rel=\"noopener\"><img loading=\"lazy\" decoding=\"async\" class=\"size-full wp-image-9861 alignnone\" src=\"https:\/\/semead.com.br\/19\/wp-content\/uploads\/sites\/4\/2013\/04\/logo_capes-1.jpg\" alt=\"logo_capes\" width=\"131\" height=\"105\" \/><\/a><a href=\"http:\/\/cnpq.br\/\" target=\"_blank\" rel=\"noopener\"><img loading=\"lazy\" decoding=\"async\" class=\"size-full wp-image-11444 alignnone\" src=\"https:\/\/semead.com.br\/19\/wp-content\/uploads\/sites\/4\/2012\/12\/cnpq-1-e1464654625106.png\" alt=\"cnpq\" width=\"150\" height=\"67\" \/><\/a><\/p>\n<p>[\/symple_column]<\/p>\n<p>[symple_column size=&#8221;one-half&#8221; position=&#8221;last&#8221; fade_in=&#8221;false&#8221;]<\/p>\n<p>[symple_heading type=&#8221;h2&#8243; title=&#8221;Conv\u00eanios&#8221;]<br \/><a href=\"http:\/\/www.aedem-virtual.com\/\" target=\"_blank\" rel=\"noopener\"><img loading=\"lazy\" decoding=\"async\" class=\"wp-image-12754 alignleft\" src=\"https:\/\/semead.com.br\/19\/wp-content\/uploads\/sites\/4\/2012\/12\/european.png\" alt=\"european\" width=\"150\" height=\"135\" \/><\/a><a href=\"https:\/\/www.cladea.org\/es\/eventos\/asamblea\/2018\/\" target=\"_blank\" rel=\"noopener\"><img loading=\"lazy\" decoding=\"async\" class=\"wp-image-13960 alignleft\" src=\"https:\/\/semead.com.br\/20\/wp-content\/uploads\/sites\/7\/2012\/12\/CLADEA_logo-1-150x150.jpg\" alt=\"\" width=\"130\" height=\"130\" \/><\/a><\/p>\n<p><a href=\"http:\/\/www.angrad.org.br\/\" target=\"_blank\" rel=\"noopener\"><img loading=\"lazy\" decoding=\"async\" class=\"alignnone wp-image-14283 size-full\" src=\"https:\/\/semead.com.br\/21\/wp-content\/uploads\/sites\/8\/2018\/05\/angrad-2.png\" alt=\"\" width=\"130\" height=\"130\" \/><\/a>[\/symple_column]<\/p>\n<p>[symple_heading type=&#8221;h2&#8243; title=&#8221;Participa\u00e7\u00e3o&#8221;]<\/p>\n<p>[symple_column size=&#8221;one-fifth&#8221; position=&#8221;first&#8221; fade_in=&#8221;false&#8221;]<a href=\"http:\/\/portal.anhembi.br\/\" target=\"_blank\" rel=\"noopener noreferrer\"><img loading=\"lazy\" decoding=\"async\" class=\"alignnone size-full wp-image-12585\" src=\"https:\/\/semead.com.br\/19\/wp-content\/uploads\/sites\/4\/2012\/12\/logo-anhembi-morumbi.png\" alt=\"logo-anhembi-morumbi\" width=\"200\" height=\"180\" \/><\/a>[\/symple_column]<\/p>\n<p>[symple_column size=&#8221;one-fifth&#8221; position=&#8221;middle&#8221; fade_in=&#8221;false&#8221;]<a href=\"https:\/\/www.fearp.usp.br\/pt-br\/\" target=\"_blank\" rel=\"noopener\"><img loading=\"lazy\" decoding=\"async\" class=\"alignnone size-full wp-image-12593\" src=\"https:\/\/semead.com.br\/19\/wp-content\/uploads\/sites\/4\/2012\/12\/logo-fearp-1.png\" alt=\"logo-fearp\" width=\"200\" height=\"180\" \/><\/a>[\/symple_column]<\/p>\n<p>[symple_column size=&#8221;one-fifth&#8221; position=&#8221;middle&#8221; fade_in=&#8221;false&#8221;]<a href=\"http:\/\/www.fecap.br\/\" target=\"_blank\" rel=\"noopener\"><img loading=\"lazy\" decoding=\"async\" class=\"alignnone size-full wp-image-12591\" src=\"https:\/\/semead.com.br\/19\/wp-content\/uploads\/sites\/4\/2012\/12\/logo-fecap-1.png\" alt=\"logo-fecap\" width=\"200\" height=\"180\" \/><\/a>[\/symple_column][symple_column size=&#8221;one-fifth&#8221; position=&#8221;middle&#8221; fade_in=&#8221;false&#8221;]<a href=\"http:\/\/www.fia.com.br\/\" target=\"_blank\" rel=\"noopener\"><img loading=\"lazy\" decoding=\"async\" class=\"alignnone size-full wp-image-10373\" src=\"https:\/\/semead.com.br\/19\/wp-content\/uploads\/sites\/4\/2012\/12\/logo-fia-1.gif\" alt=\"\" width=\"200\" height=\"180\" \/><\/a>[\/symple_column]<\/p>\n<p>[symple_column size=&#8221;one-fifth&#8221; position=&#8221;last&#8221; fade_in=&#8221;false&#8221;]<a href=\"http:\/\/fucape.br\/\" target=\"_blank\" rel=\"noopener\"><img loading=\"lazy\" decoding=\"async\" class=\"alignnone size-full wp-image-14405\" src=\"https:\/\/semead.com.br\/21\/wp-content\/uploads\/sites\/8\/2018\/05\/fucape.png\" alt=\"\" width=\"200\" height=\"180\" \/><\/a>[\/symple_column]<\/p>\n<p>[symple_column size=&#8221;one-fifth&#8221; position=&#8221;first&#8221; fade_in=&#8221;false&#8221;]<a href=\"http:\/\/www2.espm.br\/\" target=\"_blank\" rel=\"noopener\"><img loading=\"lazy\" decoding=\"async\" class=\"alignnone size-full wp-image-11984\" src=\"https:\/\/semead.com.br\/19\/wp-content\/uploads\/sites\/4\/2012\/12\/Logo-ESPM-1.jpg\" alt=\"Logo ESPM\" width=\"200\" height=\"180\" \/><\/a>[\/symple_column]<\/p>\n<p>[symple_column size=&#8221;one-fifth&#8221; position=&#8221;middle&#8221; fade_in=&#8221;false&#8221;]<a href=\"http:\/\/portal.mackenzie.br\/\" target=\"_blank\" rel=\"noopener\"><img loading=\"lazy\" decoding=\"async\" class=\"alignnone size-full wp-image-11756\" src=\"https:\/\/semead.com.br\/19\/wp-content\/uploads\/sites\/4\/2012\/12\/mackenzie-1.png\" alt=\"mackenzie\" width=\"200\" height=\"180\" \/><\/a>[\/symple_column]<\/p>\n<p>[symple_column size=&#8221;one-fifth&#8221; position=&#8221;middle&#8221; fade_in=&#8221;false&#8221;]<a href=\"http:\/\/uninove.br\/\" target=\"_blank\" rel=\"noopener\"><img loading=\"lazy\" decoding=\"async\" class=\"alignnone size-full wp-image-10379\" src=\"https:\/\/semead.com.br\/19\/wp-content\/uploads\/sites\/4\/2012\/12\/logo-uninove-1.gif\" alt=\"logo-uninove\" width=\"200\" height=\"180\" \/><\/a>[\/symple_column]<\/p>\n<p>[symple_column size=&#8221;one-fifth&#8221; position=&#8221;middle&#8221; fade_in=&#8221;false&#8221;]<a href=\"http:\/\/www.unip.br\/\" target=\"_blank\" rel=\"noopener\"><img loading=\"lazy\" decoding=\"async\" class=\"alignnone size-full wp-image-11758\" src=\"https:\/\/semead.com.br\/19\/wp-content\/uploads\/sites\/4\/2012\/12\/unip-1.png\" alt=\"unip\" width=\"200\" height=\"180\" \/><\/a>[\/symple_column]<\/p>\n<p>[symple_column size=&#8221;one-fifth&#8221; position=&#8221;last&#8221; fade_in=&#8221;false&#8221;]<a href=\"http:\/\/www.uscs.edu.br\/\" target=\"_blank\" rel=\"noopener\"><img loading=\"lazy\" decoding=\"async\" class=\"alignnone wp-image-13876\" src=\"https:\/\/semead.com.br\/20\/wp-content\/uploads\/sites\/7\/2017\/07\/Logo-USCS-e1501178723643.png\" alt=\"\" width=\"140\" height=\"128\" \/><\/a>[\/symple_column]<\/p>\n<p>\u00a0<\/p>\n<p>[symple_column size=&#8221;one-half&#8221; position=&#8221;first&#8221; fade_in=&#8221;false&#8221;][symple_heading type=&#8221;h2&#8243; title=&#8221;Patroc\u00ednio&#8221;]<\/p>\n<p><img loading=\"lazy\" decoding=\"async\" class=\"\" src=\"https:\/\/semead.com.br\/20\/wp-content\/uploads\/sites\/7\/2012\/12\/Logo-GPA-300x167.jpg\" width=\"219\" height=\"122\" \/><\/p>\n<p>[\/symple_column]<\/p>\n<p>[symple_column size=&#8221;one-half&#8221; position=&#8221;last&#8221; fade_in=&#8221;false&#8221;]<\/p>\n<p>[symple_heading type=&#8221;h2&#8243; title=&#8221;Apoio&#8221;]<a href=\"http:\/\/site.ufsm.br\/\" target=\"_blank\" rel=\"noopener\"><img loading=\"lazy\" decoding=\"async\" class=\"alignnone size-full wp-image-13836\" src=\"https:\/\/semead.com.br\/20\/wp-content\/uploads\/sites\/7\/2012\/12\/santa-maria.jpg\" alt=\"\" width=\"144\" height=\"110\" \/><\/a> <a href=\"http:\/\/www.uea.edu.br\/\" target=\"_blank\" rel=\"noopener\"><img loading=\"lazy\" decoding=\"async\" class=\"alignnone size-full wp-image-13836\" src=\"https:\/\/semead.com.br\/21\/wp-content\/uploads\/sites\/8\/2018\/09\/uea-1.png\" alt=\"\" width=\"117\" height=\"110\" \/><\/a>[\/symple_column]<\/p>\n\n","protected":false},"excerpt":{"rendered":"<p>[symple_column size=&#8221;two-third&#8221; position=&#8221;first&#8221; fade_in=&#8221;false&#8221;][\/symple_column][symple_column size=&#8221;one-third&#8221; position=&#8221;last&#8221; fade_in=&#8221;false&#8221;] [symple_callout fade_in=&#8221;false&#8221; button_text=&#8221;CERTIFICADOS&#8221; button_url=&#8221;http:\/\/login.semead.com.br\/21semead\/login.php&#8221; button_color=&#8221;orange&#8221; button_size=&#8221;medium&#8221; button_border_radius=&#8221;3px&#8221; button_target=&#8221;self&#8221; button_rel=&#8221;&#8221; button_icon_left=&#8221;&#8221; button_icon_right=&#8221;&#8221;]Certificados dispon\u00edveis[\/symple_callout] [symple_callout fade_in=&#8221;false&#8221; button_text=&#8221;ACESSE&#8221; button_url=&#8221;http:\/\/login.semead.com.br\/21semead\/anais\/&#8221; button_color=&#8221;green&#8221; button_size=&#8221;medium&#8221; button_border_radius=&#8221;3px&#8221; button_target=&#8221;self&#8221; button_rel=&#8221;&#8221; button_icon_left=&#8221;&#8221; button_icon_right=&#8221;&#8221;]Anais do XXI SemeAd[\/symple_callout] [symple_callout fade_in=&#8221;false&#8221; button_text=&#8221;RESULTADO&#8221; button_url=&#8221;https:\/\/semead.com.br\/21\/premiacao-artigos-indicados\/&#8221; button_color=&#8221;blue&#8221; button_size=&#8221;medium&#8221; button_border_radius=&#8221;3px&#8221; button_target=&#8221;self&#8221; button_rel=&#8221;&#8221; button_icon_left=&#8221;&#8221; button_icon_right=&#8221;&#8221;]Slide com o resultado da premia\u00e7\u00e3o e Fast Track[\/symple_callout] [\/symple_column] [symple_column size=&#8221;one-half&#8221;&#8230;<\/p>\n","protected":false},"author":1,"featured_media":0,"parent":0,"menu_order":0,"comment_status":"open","ping_status":"closed","template":"","meta":{"_acf_changed":false,"_monsterinsights_skip_tracking":false,"_monsterinsights_sitenote_active":false,"_monsterinsights_sitenote_note":"","_monsterinsights_sitenote_category":0,"footnotes":""},"class_list":["post-4937","page","type-page","status-publish","hentry"],"acf":[],"yoast_head":"<!-- This site is optimized with the Yoast SEO plugin v27.5 - https:\/\/yoast.com\/product\/yoast-seo-wordpress\/ -->\n<title>XXI SemeAd - Semin\u00e1rios em Administra\u00e7\u00e3o da Universidade de S\u00e3o Paulo<\/title>\n<meta name=\"description\" content=\"Evento cient\u00edfico que tem como objetivo contribuir para o aprimoramento da produ\u00e7\u00e3o e difus\u00e3o do conhecimento \u00e0 comunidade acad\u00eamica e profissional de ADM\" \/>\n<meta name=\"robots\" content=\"index, follow, max-snippet:-1, max-image-preview:large, max-video-preview:-1\" \/>\n<link rel=\"canonical\" href=\"https:\/\/semead.com.br\/21\/\" \/>\n<meta property=\"og:locale\" content=\"pt_BR\" \/>\n<meta property=\"og:type\" content=\"article\" \/>\n<meta property=\"og:title\" content=\"XXI SemeAd - Semin\u00e1rios em Administra\u00e7\u00e3o da Universidade de S\u00e3o Paulo\" \/>\n<meta property=\"og:description\" content=\"Evento cient\u00edfico que tem como objetivo contribuir para o aprimoramento da produ\u00e7\u00e3o e difus\u00e3o do conhecimento \u00e0 comunidade acad\u00eamica e profissional de ADM\" \/>\n<meta property=\"og:url\" content=\"https:\/\/semead.com.br\/21\/\" \/>\n<meta property=\"og:site_name\" content=\"XXI SemeAd\" \/>\n<meta property=\"article:modified_time\" content=\"2018-12-14T19:51:38+00:00\" \/>\n<meta property=\"og:image\" content=\"https:\/\/semead.com.br\/19\/wp-content\/uploads\/sites\/4\/2012\/12\/fapesp_logo-1.png\" \/>\n<meta name=\"twitter:card\" content=\"summary_large_image\" \/>\n<meta name=\"twitter:label1\" content=\"Est. tempo de leitura\" \/>\n\t<meta name=\"twitter:data1\" content=\"2 minutos\" \/>\n<script type=\"application\/ld+json\" class=\"yoast-schema-graph\">{\"@context\":\"https:\\\/\\\/schema.org\",\"@graph\":[{\"@type\":\"WebPage\",\"@id\":\"https:\\\/\\\/semead.com.br\\\/21\\\/\",\"url\":\"https:\\\/\\\/semead.com.br\\\/21\\\/\",\"name\":\"XXI SemeAd - Semin\u00e1rios em Administra\u00e7\u00e3o da Universidade de S\u00e3o Paulo\",\"isPartOf\":{\"@id\":\"https:\\\/\\\/semead.com.br\\\/21\\\/#website\"},\"primaryImageOfPage\":{\"@id\":\"https:\\\/\\\/semead.com.br\\\/21\\\/#primaryimage\"},\"image\":{\"@id\":\"https:\\\/\\\/semead.com.br\\\/21\\\/#primaryimage\"},\"thumbnailUrl\":\"https:\\\/\\\/semead.com.br\\\/19\\\/wp-content\\\/uploads\\\/sites\\\/4\\\/2012\\\/12\\\/fapesp_logo-1.png\",\"datePublished\":\"2012-12-01T12:13:47+00:00\",\"dateModified\":\"2018-12-14T19:51:38+00:00\",\"description\":\"Evento cient\u00edfico que tem como objetivo contribuir para o aprimoramento da produ\u00e7\u00e3o e difus\u00e3o do conhecimento \u00e0 comunidade acad\u00eamica e profissional de ADM\",\"breadcrumb\":{\"@id\":\"https:\\\/\\\/semead.com.br\\\/21\\\/#breadcrumb\"},\"inLanguage\":\"pt-BR\",\"potentialAction\":[{\"@type\":\"ReadAction\",\"target\":[\"https:\\\/\\\/semead.com.br\\\/21\\\/\"]}]},{\"@type\":\"ImageObject\",\"inLanguage\":\"pt-BR\",\"@id\":\"https:\\\/\\\/semead.com.br\\\/21\\\/#primaryimage\",\"url\":\"https:\\\/\\\/semead.com.br\\\/19\\\/wp-content\\\/uploads\\\/sites\\\/4\\\/2012\\\/12\\\/fapesp_logo-1.png\",\"contentUrl\":\"https:\\\/\\\/semead.com.br\\\/19\\\/wp-content\\\/uploads\\\/sites\\\/4\\\/2012\\\/12\\\/fapesp_logo-1.png\"},{\"@type\":\"BreadcrumbList\",\"@id\":\"https:\\\/\\\/semead.com.br\\\/21\\\/#breadcrumb\",\"itemListElement\":[{\"@type\":\"ListItem\",\"position\":1,\"name\":\"In\u00edcio\",\"item\":\"https:\\\/\\\/semead.com.br\\\/21\\\/\"},{\"@type\":\"ListItem\",\"position\":2,\"name\":\"Home\"}]},{\"@type\":\"WebSite\",\"@id\":\"https:\\\/\\\/semead.com.br\\\/21\\\/#website\",\"url\":\"https:\\\/\\\/semead.com.br\\\/21\\\/\",\"name\":\"XXI SemeAd\",\"description\":\"Semin\u00e1rios em Administra\u00e7\u00e3o\",\"potentialAction\":[{\"@type\":\"SearchAction\",\"target\":{\"@type\":\"EntryPoint\",\"urlTemplate\":\"https:\\\/\\\/semead.com.br\\\/21\\\/?s={search_term_string}\"},\"query-input\":{\"@type\":\"PropertyValueSpecification\",\"valueRequired\":true,\"valueName\":\"search_term_string\"}}],\"inLanguage\":\"pt-BR\"}]}<\/script>\n<!-- \/ Yoast SEO plugin. -->","yoast_head_json":{"title":"XXI SemeAd - Semin\u00e1rios em Administra\u00e7\u00e3o da Universidade de S\u00e3o Paulo","description":"Evento cient\u00edfico que tem como objetivo contribuir para o aprimoramento da produ\u00e7\u00e3o e difus\u00e3o do conhecimento \u00e0 comunidade acad\u00eamica e profissional de ADM","robots":{"index":"index","follow":"follow","max-snippet":"max-snippet:-1","max-image-preview":"max-image-preview:large","max-video-preview":"max-video-preview:-1"},"canonical":"https:\/\/semead.com.br\/21\/","og_locale":"pt_BR","og_type":"article","og_title":"XXI SemeAd - Semin\u00e1rios em Administra\u00e7\u00e3o da Universidade de S\u00e3o Paulo","og_description":"Evento cient\u00edfico que tem como objetivo contribuir para o aprimoramento da produ\u00e7\u00e3o e difus\u00e3o do conhecimento \u00e0 comunidade acad\u00eamica e profissional de ADM","og_url":"https:\/\/semead.com.br\/21\/","og_site_name":"XXI SemeAd","article_modified_time":"2018-12-14T19:51:38+00:00","og_image":[{"url":"https:\/\/semead.com.br\/19\/wp-content\/uploads\/sites\/4\/2012\/12\/fapesp_logo-1.png","type":"","width":"","height":""}],"twitter_card":"summary_large_image","twitter_misc":{"Est. tempo de leitura":"2 minutos"},"schema":{"@context":"https:\/\/schema.org","@graph":[{"@type":"WebPage","@id":"https:\/\/semead.com.br\/21\/","url":"https:\/\/semead.com.br\/21\/","name":"XXI SemeAd - Semin\u00e1rios em Administra\u00e7\u00e3o da Universidade de S\u00e3o Paulo","isPartOf":{"@id":"https:\/\/semead.com.br\/21\/#website"},"primaryImageOfPage":{"@id":"https:\/\/semead.com.br\/21\/#primaryimage"},"image":{"@id":"https:\/\/semead.com.br\/21\/#primaryimage"},"thumbnailUrl":"https:\/\/semead.com.br\/19\/wp-content\/uploads\/sites\/4\/2012\/12\/fapesp_logo-1.png","datePublished":"2012-12-01T12:13:47+00:00","dateModified":"2018-12-14T19:51:38+00:00","description":"Evento cient\u00edfico que tem como objetivo contribuir para o aprimoramento da produ\u00e7\u00e3o e difus\u00e3o do conhecimento \u00e0 comunidade acad\u00eamica e profissional de ADM","breadcrumb":{"@id":"https:\/\/semead.com.br\/21\/#breadcrumb"},"inLanguage":"pt-BR","potentialAction":[{"@type":"ReadAction","target":["https:\/\/semead.com.br\/21\/"]}]},{"@type":"ImageObject","inLanguage":"pt-BR","@id":"https:\/\/semead.com.br\/21\/#primaryimage","url":"https:\/\/semead.com.br\/19\/wp-content\/uploads\/sites\/4\/2012\/12\/fapesp_logo-1.png","contentUrl":"https:\/\/semead.com.br\/19\/wp-content\/uploads\/sites\/4\/2012\/12\/fapesp_logo-1.png"},{"@type":"BreadcrumbList","@id":"https:\/\/semead.com.br\/21\/#breadcrumb","itemListElement":[{"@type":"ListItem","position":1,"name":"In\u00edcio","item":"https:\/\/semead.com.br\/21\/"},{"@type":"ListItem","position":2,"name":"Home"}]},{"@type":"WebSite","@id":"https:\/\/semead.com.br\/21\/#website","url":"https:\/\/semead.com.br\/21\/","name":"XXI SemeAd","description":"Semin\u00e1rios em Administra\u00e7\u00e3o","potentialAction":[{"@type":"SearchAction","target":{"@type":"EntryPoint","urlTemplate":"https:\/\/semead.com.br\/21\/?s={search_term_string}"},"query-input":{"@type":"PropertyValueSpecification","valueRequired":true,"valueName":"search_term_string"}}],"inLanguage":"pt-BR"}]}},"_links":{"self":[{"href":"https:\/\/semead.com.br\/21\/wp-json\/wp\/v2\/pages\/4937","targetHints":{"allow":["GET"]}}],"collection":[{"href":"https:\/\/semead.com.br\/21\/wp-json\/wp\/v2\/pages"}],"about":[{"href":"https:\/\/semead.com.br\/21\/wp-json\/wp\/v2\/types\/page"}],"author":[{"embeddable":true,"href":"https:\/\/semead.com.br\/21\/wp-json\/wp\/v2\/users\/1"}],"replies":[{"embeddable":true,"href":"https:\/\/semead.com.br\/21\/wp-json\/wp\/v2\/comments?post=4937"}],"version-history":[{"count":0,"href":"https:\/\/semead.com.br\/21\/wp-json\/wp\/v2\/pages\/4937\/revisions"}],"wp:attachment":[{"href":"https:\/\/semead.com.br\/21\/wp-json\/wp\/v2\/media?parent=4937"}],"curies":[{"name":"wp","href":"https:\/\/api.w.org\/{rel}","templated":true}]}}