{"id":10402,"date":"2013-05-13T13:02:53","date_gmt":"2013-05-13T13:02:53","guid":{"rendered":"http:\/\/semead.com.br\/?page_id=10402"},"modified":"2019-09-10T22:27:11","modified_gmt":"2019-09-11T01:27:11","slug":"datas-importantes","status":"publish","type":"page","link":"https:\/\/semead.com.br\/22\/datas-importantes\/","title":{"rendered":"Datas importantes"},"content":{"rendered":"\n<h3 class=\"wp-block-heading\"><strong>O evento ocorrer\u00e1 nos dias 06, 07 e 08 de novembro de 2019.<\/strong><\/h3>\n\n\n\n<p><strong>Datas importantes:<\/strong><\/p>\n\n\n\n<ul class=\"wp-block-list\"><li>20\/05\/2019 \u2013 Abertura das submiss\u00f5es de trabalhos<\/li><li>15\/07\/2019 \u2013 Data limite para submiss\u00f5es de trabalhos<br><\/li><li>11\/09\/2019 \u2013 Divulga\u00e7\u00e3o dos resultados<br><\/li><li>16\/09\/2019 \u2013 Abertura das inscri\u00e7\u00f5es online<br><\/li><li>01\/10\/2019 \u2013 Data limite para inscri\u00e7\u00f5es dos trabalhos aprovados*<br><\/li><li>21\/10\/2019 \u2013 Divulga\u00e7\u00e3o da programa\u00e7\u00e3o no site<br><\/li><li>30\/10\/2019 \u2013 Data limite das inscri\u00e7\u00f5es on-line<br><\/li><li>06\/11\/2019 \u2013 Credenciamento e Inicio do evento  <\/li><\/ul>\n","protected":false},"excerpt":{"rendered":"<p>O evento ocorrer\u00e1 nos dias 06, 07 e 08 de novembro de 2019. Datas importantes: 20\/05\/2019 \u2013 Abertura das submiss\u00f5es de trabalhos 15\/07\/2019 \u2013 Data limite para submiss\u00f5es de trabalhos 11\/09\/2019 \u2013 Divulga\u00e7\u00e3o dos resultados 16\/09\/2019 \u2013 Abertura das inscri\u00e7\u00f5es online 01\/10\/2019 \u2013 Data limite para inscri\u00e7\u00f5es dos trabalhos aprovados* 21\/10\/2019 \u2013 Divulga\u00e7\u00e3o da programa\u00e7\u00e3o&#8230;<\/p>\n","protected":false},"author":1,"featured_media":0,"parent":0,"menu_order":0,"comment_status":"closed","ping_status":"open","template":"","meta":{"_acf_changed":false,"_monsterinsights_skip_tracking":false,"_monsterinsights_sitenote_active":false,"_monsterinsights_sitenote_note":"","_monsterinsights_sitenote_category":0,"footnotes":""},"class_list":["post-10402","page","type-page","status-publish","hentry"],"acf":[],"yoast_head":"<!-- This site is optimized with the Yoast SEO plugin v27.1.1 - https:\/\/yoast.com\/product\/yoast-seo-wordpress\/ -->\n<title>Datas importantes - XXII SemeAd<\/title>\n<meta name=\"robots\" content=\"index, follow, max-snippet:-1, max-image-preview:large, max-video-preview:-1\" \/>\n<link rel=\"canonical\" href=\"https:\/\/semead.com.br\/22\/datas-importantes\/\" \/>\n<meta property=\"og:locale\" content=\"pt_BR\" \/>\n<meta property=\"og:type\" content=\"article\" \/>\n<meta property=\"og:title\" content=\"Datas importantes - XXII SemeAd\" \/>\n<meta property=\"og:description\" content=\"O evento ocorrer\u00e1 nos dias 06, 07 e 08 de novembro de 2019. Datas importantes: 20\/05\/2019 \u2013 Abertura das submiss\u00f5es de trabalhos 15\/07\/2019 \u2013 Data limite para submiss\u00f5es de trabalhos 11\/09\/2019 \u2013 Divulga\u00e7\u00e3o dos resultados 16\/09\/2019 \u2013 Abertura das inscri\u00e7\u00f5es online 01\/10\/2019 \u2013 Data limite para inscri\u00e7\u00f5es dos trabalhos aprovados* 21\/10\/2019 \u2013 Divulga\u00e7\u00e3o da programa\u00e7\u00e3o...\" \/>\n<meta property=\"og:url\" content=\"https:\/\/semead.com.br\/22\/datas-importantes\/\" \/>\n<meta property=\"og:site_name\" content=\"XXII SemeAd\" \/>\n<meta property=\"article:modified_time\" content=\"2019-09-11T01:27:11+00:00\" \/>\n<meta name=\"twitter:card\" content=\"summary_large_image\" \/>\n<script type=\"application\/ld+json\" class=\"yoast-schema-graph\">{\"@context\":\"https:\/\/schema.org\",\"@graph\":[{\"@type\":\"WebPage\",\"@id\":\"https:\/\/semead.com.br\/22\/datas-importantes\/\",\"url\":\"https:\/\/semead.com.br\/22\/datas-importantes\/\",\"name\":\"Datas importantes - XXII SemeAd\",\"isPartOf\":{\"@id\":\"https:\/\/semead.com.br\/22\/#website\"},\"datePublished\":\"2013-05-13T13:02:53+00:00\",\"dateModified\":\"2019-09-11T01:27:11+00:00\",\"breadcrumb\":{\"@id\":\"https:\/\/semead.com.br\/22\/datas-importantes\/#breadcrumb\"},\"inLanguage\":\"pt-BR\",\"potentialAction\":[{\"@type\":\"ReadAction\",\"target\":[\"https:\/\/semead.com.br\/22\/datas-importantes\/\"]}]},{\"@type\":\"BreadcrumbList\",\"@id\":\"https:\/\/semead.com.br\/22\/datas-importantes\/#breadcrumb\",\"itemListElement\":[{\"@type\":\"ListItem\",\"position\":1,\"name\":\"In\u00edcio\",\"item\":\"https:\/\/semead.com.br\/22\/\"},{\"@type\":\"ListItem\",\"position\":2,\"name\":\"Datas importantes\"}]},{\"@type\":\"WebSite\",\"@id\":\"https:\/\/semead.com.br\/22\/#website\",\"url\":\"https:\/\/semead.com.br\/22\/\",\"name\":\"XXII SemeAd\",\"description\":\"Semin\u00e1rios em Administra\u00e7\u00e3o\",\"potentialAction\":[{\"@type\":\"SearchAction\",\"target\":{\"@type\":\"EntryPoint\",\"urlTemplate\":\"https:\/\/semead.com.br\/22\/?s={search_term_string}\"},\"query-input\":{\"@type\":\"PropertyValueSpecification\",\"valueRequired\":true,\"valueName\":\"search_term_string\"}}],\"inLanguage\":\"pt-BR\"}]}<\/script>\n<!-- \/ Yoast SEO plugin. -->","yoast_head_json":{"title":"Datas importantes - XXII SemeAd","robots":{"index":"index","follow":"follow","max-snippet":"max-snippet:-1","max-image-preview":"max-image-preview:large","max-video-preview":"max-video-preview:-1"},"canonical":"https:\/\/semead.com.br\/22\/datas-importantes\/","og_locale":"pt_BR","og_type":"article","og_title":"Datas importantes - XXII SemeAd","og_description":"O evento ocorrer\u00e1 nos dias 06, 07 e 08 de novembro de 2019. Datas importantes: 20\/05\/2019 \u2013 Abertura das submiss\u00f5es de trabalhos 15\/07\/2019 \u2013 Data limite para submiss\u00f5es de trabalhos 11\/09\/2019 \u2013 Divulga\u00e7\u00e3o dos resultados 16\/09\/2019 \u2013 Abertura das inscri\u00e7\u00f5es online 01\/10\/2019 \u2013 Data limite para inscri\u00e7\u00f5es dos trabalhos aprovados* 21\/10\/2019 \u2013 Divulga\u00e7\u00e3o da programa\u00e7\u00e3o...","og_url":"https:\/\/semead.com.br\/22\/datas-importantes\/","og_site_name":"XXII SemeAd","article_modified_time":"2019-09-11T01:27:11+00:00","twitter_card":"summary_large_image","schema":{"@context":"https:\/\/schema.org","@graph":[{"@type":"WebPage","@id":"https:\/\/semead.com.br\/22\/datas-importantes\/","url":"https:\/\/semead.com.br\/22\/datas-importantes\/","name":"Datas importantes - XXII SemeAd","isPartOf":{"@id":"https:\/\/semead.com.br\/22\/#website"},"datePublished":"2013-05-13T13:02:53+00:00","dateModified":"2019-09-11T01:27:11+00:00","breadcrumb":{"@id":"https:\/\/semead.com.br\/22\/datas-importantes\/#breadcrumb"},"inLanguage":"pt-BR","potentialAction":[{"@type":"ReadAction","target":["https:\/\/semead.com.br\/22\/datas-importantes\/"]}]},{"@type":"BreadcrumbList","@id":"https:\/\/semead.com.br\/22\/datas-importantes\/#breadcrumb","itemListElement":[{"@type":"ListItem","position":1,"name":"In\u00edcio","item":"https:\/\/semead.com.br\/22\/"},{"@type":"ListItem","position":2,"name":"Datas importantes"}]},{"@type":"WebSite","@id":"https:\/\/semead.com.br\/22\/#website","url":"https:\/\/semead.com.br\/22\/","name":"XXII SemeAd","description":"Semin\u00e1rios em Administra\u00e7\u00e3o","potentialAction":[{"@type":"SearchAction","target":{"@type":"EntryPoint","urlTemplate":"https:\/\/semead.com.br\/22\/?s={search_term_string}"},"query-input":{"@type":"PropertyValueSpecification","valueRequired":true,"valueName":"search_term_string"}}],"inLanguage":"pt-BR"}]}},"_links":{"self":[{"href":"https:\/\/semead.com.br\/22\/wp-json\/wp\/v2\/pages\/10402","targetHints":{"allow":["GET"]}}],"collection":[{"href":"https:\/\/semead.com.br\/22\/wp-json\/wp\/v2\/pages"}],"about":[{"href":"https:\/\/semead.com.br\/22\/wp-json\/wp\/v2\/types\/page"}],"author":[{"embeddable":true,"href":"https:\/\/semead.com.br\/22\/wp-json\/wp\/v2\/users\/1"}],"replies":[{"embeddable":true,"href":"https:\/\/semead.com.br\/22\/wp-json\/wp\/v2\/comments?post=10402"}],"version-history":[{"count":0,"href":"https:\/\/semead.com.br\/22\/wp-json\/wp\/v2\/pages\/10402\/revisions"}],"wp:attachment":[{"href":"https:\/\/semead.com.br\/22\/wp-json\/wp\/v2\/media?parent=10402"}],"curies":[{"name":"wp","href":"https:\/\/api.w.org\/{rel}","templated":true}]}}