{"id":12682,"date":"2016-05-17T19:39:33","date_gmt":"2016-05-17T22:39:33","guid":{"rendered":"https:\/\/semead.com.br\/22\/?page_id=12682"},"modified":"2019-05-20T13:21:48","modified_gmt":"2019-05-20T16:21:48","slug":"casos-de-ensino","status":"publish","type":"page","link":"https:\/\/semead.com.br\/22\/areas\/casos-de-ensino\/","title":{"rendered":"Casos de Ensino"},"content":{"rendered":"<p>Caso de ensino\u00a0que retrata ou simula uma situa\u00e7\u00e3o real vivenciada no \u00e2mbito dos temas de administra\u00e7\u00e3o\u00a0(marketing, inova\u00e7\u00e3o,\u00a0estrat\u00e9gia,\u00a0sistemas de informa\u00e7\u00e3o, recursos humanos, etc.). O caso dever\u00e1 tratar de um ou mais temas significativos em administra\u00e7\u00e3o. Deve representar a realidade vivida por organiza\u00e7\u00f5es, transmitir a situa\u00e7\u00e3o problema em detalhes.\u00a0O caso poder\u00e1 ser utilizado em sala de aula para ilustrar uma teoria previamente estudada ou servir de motiva\u00e7\u00e3o para a introdu\u00e7\u00e3o de um novo conhecimento.\u00a0O caso dever\u00e1 despertar nos praticantes reflex\u00f5es sobre temas atuais de gest\u00e3o.<\/p>\n<p>Confira <a href=\"https:\/\/semead.com.br\/22\/regras-para-submissao\/\">aqui <\/a>as regras para submiss\u00e3o.<\/p>\n<p>&nbsp;<\/p>\n","protected":false},"excerpt":{"rendered":"<p>Caso de ensino\u00a0que retrata ou simula uma situa\u00e7\u00e3o real vivenciada no \u00e2mbito dos temas de administra\u00e7\u00e3o\u00a0(marketing, inova\u00e7\u00e3o,\u00a0estrat\u00e9gia,\u00a0sistemas de informa\u00e7\u00e3o, recursos humanos, etc.). O caso dever\u00e1 tratar de um ou mais temas significativos em administra\u00e7\u00e3o. Deve representar a realidade vivida por organiza\u00e7\u00f5es, transmitir a situa\u00e7\u00e3o problema em detalhes.\u00a0O caso poder\u00e1 ser utilizado em sala de aula&#8230;<\/p>\n","protected":false},"author":1,"featured_media":0,"parent":12676,"menu_order":0,"comment_status":"closed","ping_status":"closed","template":"","meta":{"_acf_changed":false,"_monsterinsights_skip_tracking":false,"_monsterinsights_sitenote_active":false,"_monsterinsights_sitenote_note":"","_monsterinsights_sitenote_category":0,"footnotes":""},"class_list":["post-12682","page","type-page","status-publish","hentry"],"acf":[],"yoast_head":"<!-- This site is optimized with the Yoast SEO plugin v27.1.1 - https:\/\/yoast.com\/product\/yoast-seo-wordpress\/ -->\n<title>Casos de Ensino - XXII SemeAd<\/title>\n<meta name=\"robots\" content=\"index, follow, max-snippet:-1, max-image-preview:large, max-video-preview:-1\" \/>\n<link rel=\"canonical\" href=\"https:\/\/semead.com.br\/22\/areas\/casos-de-ensino\/\" \/>\n<meta property=\"og:locale\" content=\"pt_BR\" \/>\n<meta property=\"og:type\" content=\"article\" \/>\n<meta property=\"og:title\" content=\"Casos de Ensino - XXII SemeAd\" \/>\n<meta property=\"og:description\" content=\"Caso de ensino\u00a0que retrata ou simula uma situa\u00e7\u00e3o real vivenciada no \u00e2mbito dos temas de administra\u00e7\u00e3o\u00a0(marketing, inova\u00e7\u00e3o,\u00a0estrat\u00e9gia,\u00a0sistemas de informa\u00e7\u00e3o, recursos humanos, etc.). O caso dever\u00e1 tratar de um ou mais temas significativos em administra\u00e7\u00e3o. Deve representar a realidade vivida por organiza\u00e7\u00f5es, transmitir a situa\u00e7\u00e3o problema em detalhes.\u00a0O caso poder\u00e1 ser utilizado em sala de aula...\" \/>\n<meta property=\"og:url\" content=\"https:\/\/semead.com.br\/22\/areas\/casos-de-ensino\/\" \/>\n<meta property=\"og:site_name\" content=\"XXII SemeAd\" \/>\n<meta property=\"article:modified_time\" content=\"2019-05-20T16:21:48+00:00\" \/>\n<meta name=\"twitter:card\" content=\"summary_large_image\" \/>\n<meta name=\"twitter:label1\" content=\"Est. tempo de leitura\" \/>\n\t<meta name=\"twitter:data1\" content=\"1 minuto\" \/>\n<script type=\"application\/ld+json\" class=\"yoast-schema-graph\">{\"@context\":\"https:\/\/schema.org\",\"@graph\":[{\"@type\":\"WebPage\",\"@id\":\"https:\/\/semead.com.br\/22\/areas\/casos-de-ensino\/\",\"url\":\"https:\/\/semead.com.br\/22\/areas\/casos-de-ensino\/\",\"name\":\"Casos de Ensino - XXII SemeAd\",\"isPartOf\":{\"@id\":\"https:\/\/semead.com.br\/22\/#website\"},\"datePublished\":\"2016-05-17T22:39:33+00:00\",\"dateModified\":\"2019-05-20T16:21:48+00:00\",\"breadcrumb\":{\"@id\":\"https:\/\/semead.com.br\/22\/areas\/casos-de-ensino\/#breadcrumb\"},\"inLanguage\":\"pt-BR\",\"potentialAction\":[{\"@type\":\"ReadAction\",\"target\":[\"https:\/\/semead.com.br\/22\/areas\/casos-de-ensino\/\"]}]},{\"@type\":\"BreadcrumbList\",\"@id\":\"https:\/\/semead.com.br\/22\/areas\/casos-de-ensino\/#breadcrumb\",\"itemListElement\":[{\"@type\":\"ListItem\",\"position\":1,\"name\":\"In\u00edcio\",\"item\":\"https:\/\/semead.com.br\/22\/\"},{\"@type\":\"ListItem\",\"position\":2,\"name\":\"\u00c1reas\",\"item\":\"https:\/\/semead.com.br\/22\/areas\/\"},{\"@type\":\"ListItem\",\"position\":3,\"name\":\"Casos de Ensino\"}]},{\"@type\":\"WebSite\",\"@id\":\"https:\/\/semead.com.br\/22\/#website\",\"url\":\"https:\/\/semead.com.br\/22\/\",\"name\":\"XXII SemeAd\",\"description\":\"Semin\u00e1rios em Administra\u00e7\u00e3o\",\"potentialAction\":[{\"@type\":\"SearchAction\",\"target\":{\"@type\":\"EntryPoint\",\"urlTemplate\":\"https:\/\/semead.com.br\/22\/?s={search_term_string}\"},\"query-input\":{\"@type\":\"PropertyValueSpecification\",\"valueRequired\":true,\"valueName\":\"search_term_string\"}}],\"inLanguage\":\"pt-BR\"}]}<\/script>\n<!-- \/ Yoast SEO plugin. -->","yoast_head_json":{"title":"Casos de Ensino - XXII SemeAd","robots":{"index":"index","follow":"follow","max-snippet":"max-snippet:-1","max-image-preview":"max-image-preview:large","max-video-preview":"max-video-preview:-1"},"canonical":"https:\/\/semead.com.br\/22\/areas\/casos-de-ensino\/","og_locale":"pt_BR","og_type":"article","og_title":"Casos de Ensino - XXII SemeAd","og_description":"Caso de ensino\u00a0que retrata ou simula uma situa\u00e7\u00e3o real vivenciada no \u00e2mbito dos temas de administra\u00e7\u00e3o\u00a0(marketing, inova\u00e7\u00e3o,\u00a0estrat\u00e9gia,\u00a0sistemas de informa\u00e7\u00e3o, recursos humanos, etc.). O caso dever\u00e1 tratar de um ou mais temas significativos em administra\u00e7\u00e3o. Deve representar a realidade vivida por organiza\u00e7\u00f5es, transmitir a situa\u00e7\u00e3o problema em detalhes.\u00a0O caso poder\u00e1 ser utilizado em sala de aula...","og_url":"https:\/\/semead.com.br\/22\/areas\/casos-de-ensino\/","og_site_name":"XXII SemeAd","article_modified_time":"2019-05-20T16:21:48+00:00","twitter_card":"summary_large_image","twitter_misc":{"Est. tempo de leitura":"1 minuto"},"schema":{"@context":"https:\/\/schema.org","@graph":[{"@type":"WebPage","@id":"https:\/\/semead.com.br\/22\/areas\/casos-de-ensino\/","url":"https:\/\/semead.com.br\/22\/areas\/casos-de-ensino\/","name":"Casos de Ensino - XXII SemeAd","isPartOf":{"@id":"https:\/\/semead.com.br\/22\/#website"},"datePublished":"2016-05-17T22:39:33+00:00","dateModified":"2019-05-20T16:21:48+00:00","breadcrumb":{"@id":"https:\/\/semead.com.br\/22\/areas\/casos-de-ensino\/#breadcrumb"},"inLanguage":"pt-BR","potentialAction":[{"@type":"ReadAction","target":["https:\/\/semead.com.br\/22\/areas\/casos-de-ensino\/"]}]},{"@type":"BreadcrumbList","@id":"https:\/\/semead.com.br\/22\/areas\/casos-de-ensino\/#breadcrumb","itemListElement":[{"@type":"ListItem","position":1,"name":"In\u00edcio","item":"https:\/\/semead.com.br\/22\/"},{"@type":"ListItem","position":2,"name":"\u00c1reas","item":"https:\/\/semead.com.br\/22\/areas\/"},{"@type":"ListItem","position":3,"name":"Casos de Ensino"}]},{"@type":"WebSite","@id":"https:\/\/semead.com.br\/22\/#website","url":"https:\/\/semead.com.br\/22\/","name":"XXII SemeAd","description":"Semin\u00e1rios em Administra\u00e7\u00e3o","potentialAction":[{"@type":"SearchAction","target":{"@type":"EntryPoint","urlTemplate":"https:\/\/semead.com.br\/22\/?s={search_term_string}"},"query-input":{"@type":"PropertyValueSpecification","valueRequired":true,"valueName":"search_term_string"}}],"inLanguage":"pt-BR"}]}},"_links":{"self":[{"href":"https:\/\/semead.com.br\/22\/wp-json\/wp\/v2\/pages\/12682","targetHints":{"allow":["GET"]}}],"collection":[{"href":"https:\/\/semead.com.br\/22\/wp-json\/wp\/v2\/pages"}],"about":[{"href":"https:\/\/semead.com.br\/22\/wp-json\/wp\/v2\/types\/page"}],"author":[{"embeddable":true,"href":"https:\/\/semead.com.br\/22\/wp-json\/wp\/v2\/users\/1"}],"replies":[{"embeddable":true,"href":"https:\/\/semead.com.br\/22\/wp-json\/wp\/v2\/comments?post=12682"}],"version-history":[{"count":0,"href":"https:\/\/semead.com.br\/22\/wp-json\/wp\/v2\/pages\/12682\/revisions"}],"up":[{"embeddable":true,"href":"https:\/\/semead.com.br\/22\/wp-json\/wp\/v2\/pages\/12676"}],"wp:attachment":[{"href":"https:\/\/semead.com.br\/22\/wp-json\/wp\/v2\/media?parent=12682"}],"curies":[{"name":"wp","href":"https:\/\/api.w.org\/{rel}","templated":true}]}}