{"id":14494,"date":"2018-07-02T15:59:31","date_gmt":"2018-07-02T18:59:31","guid":{"rendered":"https:\/\/semead.com.br\/22\/?page_id=14494"},"modified":"2019-07-23T16:20:51","modified_gmt":"2019-07-23T19:20:51","slug":"seminario-de-preparacao-para-processos-seletivos-de-doutorado","status":"publish","type":"page","link":"https:\/\/semead.com.br\/22\/trabalhos\/seminario-de-preparacao-para-processos-seletivos-de-doutorado\/","title":{"rendered":"Semin\u00e1rio de Prepara\u00e7\u00e3o para Processos Seletivos de Doutorado"},"content":{"rendered":"\n<figure class=\"wp-block-embed-youtube wp-block-embed is-type-video is-provider-youtube wp-embed-aspect-16-9 wp-has-aspect-ratio\"><div class=\"wp-block-embed__wrapper\">\n<iframe title=\"Semin\u00e1rio de Prepara\u00e7\u00e3o para Processos Seletivos de Doutorado - Profa  Daielly Mantovani Ribeiro\" width=\"1200\" height=\"675\" src=\"https:\/\/www.youtube.com\/embed\/gtp7aQ9yzgg?feature=oembed\" frameborder=\"0\" allow=\"accelerometer; autoplay; encrypted-media; gyroscope; picture-in-picture\" allowfullscreen><\/iframe>\n<\/div><\/figure>\n\n\n<div class=\"symple-callout symple-clearfix  \"><div class=\"symple-callout-caption\">Acesse o sistema do SemeAd para realizar a submiss\u00e3o<\/div><div class=\"symple-callout-button\"><a href=\"http:\/\/login.semead.com.br\" class=\"symple-button default orange\" title=\"Visit Site\" style=\"border-radius:3px\"><span class=\"symple-button-inner\" style=\"border-radius:3px\">Realizar submiss\u00e3o<\/span><\/a><\/div><\/div>\n\n\n\n<div style=\"height:51px\" aria-hidden=\"true\" class=\"wp-block-spacer\"><\/div>\n\n\n\n<p><em>Os mestrandos no \u00faltimo ano de curso ou mestres que desejam fazer doutorado em alguma das institui\u00e7\u00f5es parceiras do SemeAd, poder\u00e3o submeter de\u00a0<strong>22\/07<\/strong>\u00a0a\u00a0<strong>08\/09<\/strong>\u00a0um resumo do seu projeto (at\u00e9 4000 palavras). Esses projetos ser\u00e3o mandados para as institui\u00e7\u00f5es parceiras e aqueles escolhidos ter\u00e3o uma conversa de 10min com um professor do PPGA da IES para receber um feedback da proposta. Al\u00e9m disso, ap\u00f3s ou antes da conversa, no referido per\u00edodo, o proponente ter\u00e1 a sua disposi\u00e7\u00e3o a possibilidade de conversar com todos PPGAs parceiros do SemeAd para se apresentar, discutir o projeto e verificar a possibilidade de realizar o doutorado em algum dos PPGAs.<\/em><br> <\/p>\n\n\n\n<p> &#8211; As atividades do Semin\u00e1rio de Prepara\u00e7\u00e3o para Processos Seletivos de Doutorado ocorrer\u00e3o na tarde do dia\u00a0<strong>06\/11<\/strong>\u00a0em concomit\u00e2ncia com as atividades do Cons\u00f3rcio Doutoral.<br><\/p>\n\n\n\n<h2 class=\"wp-block-heading\">Direcionamentos de submiss\u00e3o<\/h2>\n\n\n\n<h3 class=\"wp-block-heading\"><strong>&nbsp;Formata\u00e7\u00e3o do projeto:<\/strong><\/h3>\n\n\n\n<p>\u2013 Formato do papel: A4;<br>\n\u2013 Fonte: Times New Roman\/ tamanho 12;<br>\n\u2013 Espa\u00e7amento: simples, texto disposto em uma coluna;<br>\n\u2013 Alinhamento: justificado;<br>\n\u2013 Margens: Superior: 3 cm; inferior: 2 cm; esquerda: 3 cm; direita: 2 cm.<br>\n\u2013 Pagina\u00e7\u00e3o: inserir n\u00famero de p\u00e1ginas no rodap\u00e9 com alinhamento ao lado direito;<br>\n\u2013 T\u00edtulos em letras mai\u00fasculas e subt\u00edtulos em letras min\u00fasculas;<br>\n\u2013 Formato do arquivo: <strong>PDF<\/strong>;<br>\n\u2013 O projeto pode ter no <strong>m\u00e1ximo 4000 palavras<\/strong>, incluindo o texto propriamente dito, ilustra\u00e7\u00f5es e refer\u00eancias bibliogr\u00e1ficas.<br>\n\u2013 O texto deve come\u00e7ar pelo t\u00edtulo seguido pela introdu\u00e7\u00e3o.<br>\n\u2013 Notas: n\u00e3o devem ser colocadas no rodap\u00e9, mas inseridas como notas de final de texto.<br>\n\u2013 As refer\u00eancias bibliogr\u00e1ficas dever\u00e3o ser citadas ao longo do texto de acordo com o sistema (autor-data), e apresentadas em ordem alfab\u00e9tica no final do trabalho, de acordo com as normas APA ou ABNT\/NBR-6023.<\/p>\n\n\n\n<h3 class=\"wp-block-heading\"><strong>Estrutura sugerida do projeto:<\/strong><\/h3>\n\n\n\n<p>\u2013 Introdu\u00e7\u00e3o (com justificativa)<br>\n\u2013 Problema de Pesquisa e Objetivo<br>\n\u2013 Fundamenta\u00e7\u00e3o Te\u00f3rica<br>\n\u2013 Metodologia<br>\n\u2013 Refer\u00eancias Bibliogr\u00e1ficas<\/p>\n\n\n\n<h3 class=\"wp-block-heading\"><strong>Resumo na p\u00e1gina de submiss\u00e3o<\/strong><\/h3>\n\n\n\n<p>(n\u00e3o \u00e9 necess\u00e1rio colocar resumo no arquivo em PDF enviado):<\/p>\n\n\n\n<p>\u2013 Resumo contendo o m\u00e1ximo de 500 palavras<br>\n\u2013 Palavras-Chave<\/p>\n\n\n<div class=\"symple-callout symple-clearfix  \"><div class=\"symple-callout-caption\">Acesse o sistema do SemeAd para realizar a submiss\u00e3o<\/div><div class=\"symple-callout-button\"><a href=\"http:\/\/login.semead.com.br\" class=\"symple-button default orange\" title=\"Visit Site\" style=\"border-radius:3px\"><span class=\"symple-button-inner\" style=\"border-radius:3px\">Realizar submiss\u00e3o<\/span><\/a><\/div><\/div>\n","protected":false},"excerpt":{"rendered":"<p>Os mestrandos no \u00faltimo ano de curso ou mestres que desejam fazer doutorado em alguma das institui\u00e7\u00f5es parceiras do SemeAd, poder\u00e3o submeter de\u00a022\/07\u00a0a\u00a008\/09\u00a0um resumo do seu projeto (at\u00e9 4000 palavras). Esses projetos ser\u00e3o mandados para as institui\u00e7\u00f5es parceiras e aqueles escolhidos ter\u00e3o uma conversa de 10min com um professor do PPGA da IES para receber&#8230;<\/p>\n","protected":false},"author":4,"featured_media":0,"parent":22,"menu_order":0,"comment_status":"closed","ping_status":"closed","template":"","meta":{"_acf_changed":false,"_monsterinsights_skip_tracking":false,"_monsterinsights_sitenote_active":false,"_monsterinsights_sitenote_note":"","_monsterinsights_sitenote_category":0,"footnotes":""},"class_list":["post-14494","page","type-page","status-publish","hentry"],"acf":[],"yoast_head":"<!-- This site is optimized with the Yoast SEO plugin v27.1.1 - https:\/\/yoast.com\/product\/yoast-seo-wordpress\/ -->\n<title>Semin\u00e1rio de Prepara\u00e7\u00e3o para Processos Seletivos de Doutorado - XXII SemeAd<\/title>\n<meta name=\"robots\" content=\"index, follow, max-snippet:-1, max-image-preview:large, max-video-preview:-1\" \/>\n<link rel=\"canonical\" href=\"https:\/\/semead.com.br\/22\/trabalhos\/seminario-de-preparacao-para-processos-seletivos-de-doutorado\/\" \/>\n<meta property=\"og:locale\" content=\"pt_BR\" \/>\n<meta property=\"og:type\" content=\"article\" \/>\n<meta property=\"og:title\" content=\"Semin\u00e1rio de Prepara\u00e7\u00e3o para Processos Seletivos de Doutorado - XXII SemeAd\" \/>\n<meta property=\"og:description\" content=\"Os mestrandos no \u00faltimo ano de curso ou mestres que desejam fazer doutorado em alguma das institui\u00e7\u00f5es parceiras do SemeAd, poder\u00e3o submeter de\u00a022\/07\u00a0a\u00a008\/09\u00a0um resumo do seu projeto (at\u00e9 4000 palavras). Esses projetos ser\u00e3o mandados para as institui\u00e7\u00f5es parceiras e aqueles escolhidos ter\u00e3o uma conversa de 10min com um professor do PPGA da IES para receber...\" \/>\n<meta property=\"og:url\" content=\"https:\/\/semead.com.br\/22\/trabalhos\/seminario-de-preparacao-para-processos-seletivos-de-doutorado\/\" \/>\n<meta property=\"og:site_name\" content=\"XXII SemeAd\" \/>\n<meta property=\"article:modified_time\" content=\"2019-07-23T19:20:51+00:00\" \/>\n<meta name=\"twitter:card\" content=\"summary_large_image\" \/>\n<meta name=\"twitter:label1\" content=\"Est. tempo de leitura\" \/>\n\t<meta name=\"twitter:data1\" content=\"2 minutos\" \/>\n<script type=\"application\/ld+json\" class=\"yoast-schema-graph\">{\"@context\":\"https:\/\/schema.org\",\"@graph\":[{\"@type\":\"WebPage\",\"@id\":\"https:\/\/semead.com.br\/22\/trabalhos\/seminario-de-preparacao-para-processos-seletivos-de-doutorado\/\",\"url\":\"https:\/\/semead.com.br\/22\/trabalhos\/seminario-de-preparacao-para-processos-seletivos-de-doutorado\/\",\"name\":\"Semin\u00e1rio de Prepara\u00e7\u00e3o para Processos Seletivos de Doutorado - XXII SemeAd\",\"isPartOf\":{\"@id\":\"https:\/\/semead.com.br\/22\/#website\"},\"datePublished\":\"2018-07-02T18:59:31+00:00\",\"dateModified\":\"2019-07-23T19:20:51+00:00\",\"breadcrumb\":{\"@id\":\"https:\/\/semead.com.br\/22\/trabalhos\/seminario-de-preparacao-para-processos-seletivos-de-doutorado\/#breadcrumb\"},\"inLanguage\":\"pt-BR\",\"potentialAction\":[{\"@type\":\"ReadAction\",\"target\":[\"https:\/\/semead.com.br\/22\/trabalhos\/seminario-de-preparacao-para-processos-seletivos-de-doutorado\/\"]}]},{\"@type\":\"BreadcrumbList\",\"@id\":\"https:\/\/semead.com.br\/22\/trabalhos\/seminario-de-preparacao-para-processos-seletivos-de-doutorado\/#breadcrumb\",\"itemListElement\":[{\"@type\":\"ListItem\",\"position\":1,\"name\":\"In\u00edcio\",\"item\":\"https:\/\/semead.com.br\/22\/\"},{\"@type\":\"ListItem\",\"position\":2,\"name\":\"Trabalhos\",\"item\":\"https:\/\/semead.com.br\/22\/trabalhos\/\"},{\"@type\":\"ListItem\",\"position\":3,\"name\":\"Semin\u00e1rio de Prepara\u00e7\u00e3o para Processos Seletivos de Doutorado\"}]},{\"@type\":\"WebSite\",\"@id\":\"https:\/\/semead.com.br\/22\/#website\",\"url\":\"https:\/\/semead.com.br\/22\/\",\"name\":\"XXII SemeAd\",\"description\":\"Semin\u00e1rios em Administra\u00e7\u00e3o\",\"potentialAction\":[{\"@type\":\"SearchAction\",\"target\":{\"@type\":\"EntryPoint\",\"urlTemplate\":\"https:\/\/semead.com.br\/22\/?s={search_term_string}\"},\"query-input\":{\"@type\":\"PropertyValueSpecification\",\"valueRequired\":true,\"valueName\":\"search_term_string\"}}],\"inLanguage\":\"pt-BR\"}]}<\/script>\n<!-- \/ Yoast SEO plugin. -->","yoast_head_json":{"title":"Semin\u00e1rio de Prepara\u00e7\u00e3o para Processos Seletivos de Doutorado - XXII SemeAd","robots":{"index":"index","follow":"follow","max-snippet":"max-snippet:-1","max-image-preview":"max-image-preview:large","max-video-preview":"max-video-preview:-1"},"canonical":"https:\/\/semead.com.br\/22\/trabalhos\/seminario-de-preparacao-para-processos-seletivos-de-doutorado\/","og_locale":"pt_BR","og_type":"article","og_title":"Semin\u00e1rio de Prepara\u00e7\u00e3o para Processos Seletivos de Doutorado - XXII SemeAd","og_description":"Os mestrandos no \u00faltimo ano de curso ou mestres que desejam fazer doutorado em alguma das institui\u00e7\u00f5es parceiras do SemeAd, poder\u00e3o submeter de\u00a022\/07\u00a0a\u00a008\/09\u00a0um resumo do seu projeto (at\u00e9 4000 palavras). Esses projetos ser\u00e3o mandados para as institui\u00e7\u00f5es parceiras e aqueles escolhidos ter\u00e3o uma conversa de 10min com um professor do PPGA da IES para receber...","og_url":"https:\/\/semead.com.br\/22\/trabalhos\/seminario-de-preparacao-para-processos-seletivos-de-doutorado\/","og_site_name":"XXII SemeAd","article_modified_time":"2019-07-23T19:20:51+00:00","twitter_card":"summary_large_image","twitter_misc":{"Est. tempo de leitura":"2 minutos"},"schema":{"@context":"https:\/\/schema.org","@graph":[{"@type":"WebPage","@id":"https:\/\/semead.com.br\/22\/trabalhos\/seminario-de-preparacao-para-processos-seletivos-de-doutorado\/","url":"https:\/\/semead.com.br\/22\/trabalhos\/seminario-de-preparacao-para-processos-seletivos-de-doutorado\/","name":"Semin\u00e1rio de Prepara\u00e7\u00e3o para Processos Seletivos de Doutorado - XXII SemeAd","isPartOf":{"@id":"https:\/\/semead.com.br\/22\/#website"},"datePublished":"2018-07-02T18:59:31+00:00","dateModified":"2019-07-23T19:20:51+00:00","breadcrumb":{"@id":"https:\/\/semead.com.br\/22\/trabalhos\/seminario-de-preparacao-para-processos-seletivos-de-doutorado\/#breadcrumb"},"inLanguage":"pt-BR","potentialAction":[{"@type":"ReadAction","target":["https:\/\/semead.com.br\/22\/trabalhos\/seminario-de-preparacao-para-processos-seletivos-de-doutorado\/"]}]},{"@type":"BreadcrumbList","@id":"https:\/\/semead.com.br\/22\/trabalhos\/seminario-de-preparacao-para-processos-seletivos-de-doutorado\/#breadcrumb","itemListElement":[{"@type":"ListItem","position":1,"name":"In\u00edcio","item":"https:\/\/semead.com.br\/22\/"},{"@type":"ListItem","position":2,"name":"Trabalhos","item":"https:\/\/semead.com.br\/22\/trabalhos\/"},{"@type":"ListItem","position":3,"name":"Semin\u00e1rio de Prepara\u00e7\u00e3o para Processos Seletivos de Doutorado"}]},{"@type":"WebSite","@id":"https:\/\/semead.com.br\/22\/#website","url":"https:\/\/semead.com.br\/22\/","name":"XXII SemeAd","description":"Semin\u00e1rios em Administra\u00e7\u00e3o","potentialAction":[{"@type":"SearchAction","target":{"@type":"EntryPoint","urlTemplate":"https:\/\/semead.com.br\/22\/?s={search_term_string}"},"query-input":{"@type":"PropertyValueSpecification","valueRequired":true,"valueName":"search_term_string"}}],"inLanguage":"pt-BR"}]}},"_links":{"self":[{"href":"https:\/\/semead.com.br\/22\/wp-json\/wp\/v2\/pages\/14494","targetHints":{"allow":["GET"]}}],"collection":[{"href":"https:\/\/semead.com.br\/22\/wp-json\/wp\/v2\/pages"}],"about":[{"href":"https:\/\/semead.com.br\/22\/wp-json\/wp\/v2\/types\/page"}],"author":[{"embeddable":true,"href":"https:\/\/semead.com.br\/22\/wp-json\/wp\/v2\/users\/4"}],"replies":[{"embeddable":true,"href":"https:\/\/semead.com.br\/22\/wp-json\/wp\/v2\/comments?post=14494"}],"version-history":[{"count":0,"href":"https:\/\/semead.com.br\/22\/wp-json\/wp\/v2\/pages\/14494\/revisions"}],"up":[{"embeddable":true,"href":"https:\/\/semead.com.br\/22\/wp-json\/wp\/v2\/pages\/22"}],"wp:attachment":[{"href":"https:\/\/semead.com.br\/22\/wp-json\/wp\/v2\/media?parent=14494"}],"curies":[{"name":"wp","href":"https:\/\/api.w.org\/{rel}","templated":true}]}}