{"id":15461,"date":"2019-09-20T16:17:01","date_gmt":"2019-09-20T19:17:01","guid":{"rendered":"https:\/\/semead.com.br\/22\/?page_id=15461"},"modified":"2019-09-20T16:22:05","modified_gmt":"2019-09-20T19:22:05","slug":"pre-conferencias","status":"publish","type":"page","link":"https:\/\/semead.com.br\/22\/pre-conferencias\/","title":{"rendered":"Pr\u00e9-Confer\u00eancias"},"content":{"rendered":"\t\t<div data-elementor-type=\"wp-post\" data-elementor-id=\"15461\" class=\"elementor elementor-15461\">\n\t\t\t\t\t\t<section class=\"elementor-section elementor-top-section elementor-element elementor-element-8b54920 elementor-section-boxed elementor-section-height-default elementor-section-height-default\" data-id=\"8b54920\" data-element_type=\"section\" data-e-type=\"section\">\n\t\t\t\t\t\t<div class=\"elementor-container elementor-column-gap-default\">\n\t\t\t\t\t<div class=\"elementor-column elementor-col-33 elementor-top-column elementor-element elementor-element-c99476e\" data-id=\"c99476e\" data-element_type=\"column\" data-e-type=\"column\">\n\t\t\t<div class=\"elementor-widget-wrap elementor-element-populated\">\n\t\t\t\t\t\t<div class=\"elementor-element elementor-element-d8bfa78 elementor-widget elementor-widget-image\" data-id=\"d8bfa78\" data-element_type=\"widget\" data-e-type=\"widget\" data-widget_type=\"image.default\">\n\t\t\t\t<div class=\"elementor-widget-container\">\n\t\t\t\t\t\t\t\t\t\t\t\t\t\t\t\t<a href=\"https:\/\/mba.executivo.fia.com.br\/future-day-2019\">\n\t\t\t\t\t\t\t<img fetchpriority=\"high\" decoding=\"async\" width=\"1024\" height=\"1024\" src=\"https:\/\/semead.com.br\/22\/wp-content\/uploads\/sites\/9\/2019\/09\/Post_Instagram_60.4-1024x1024.png\" class=\"attachment-large size-large wp-image-15466\" alt=\"\" srcset=\"https:\/\/semead.com.br\/22\/wp-content\/uploads\/sites\/9\/2019\/09\/Post_Instagram_60.4-1024x1024.png 1024w, https:\/\/semead.com.br\/22\/wp-content\/uploads\/sites\/9\/2019\/09\/Post_Instagram_60.4-150x150.png 150w, https:\/\/semead.com.br\/22\/wp-content\/uploads\/sites\/9\/2019\/09\/Post_Instagram_60.4-300x300.png 300w, https:\/\/semead.com.br\/22\/wp-content\/uploads\/sites\/9\/2019\/09\/Post_Instagram_60.4-768x769.png 768w, https:\/\/semead.com.br\/22\/wp-content\/uploads\/sites\/9\/2019\/09\/Post_Instagram_60.4-400x400.png 400w, https:\/\/semead.com.br\/22\/wp-content\/uploads\/sites\/9\/2019\/09\/Post_Instagram_60.4.png 1079w\" sizes=\"(max-width: 1024px) 100vw, 1024px\" \/>\t\t\t\t\t\t\t\t<\/a>\n\t\t\t\t\t\t\t\t\t\t\t\t\t\t\t<\/div>\n\t\t\t\t<\/div>\n\t\t\t\t\t<\/div>\n\t\t<\/div>\n\t\t\t\t<div class=\"elementor-column elementor-col-33 elementor-top-column elementor-element elementor-element-1ad4248\" data-id=\"1ad4248\" data-element_type=\"column\" data-e-type=\"column\">\n\t\t\t<div class=\"elementor-widget-wrap elementor-element-populated\">\n\t\t\t\t\t\t<div class=\"elementor-element elementor-element-b8945f9 elementor-widget elementor-widget-image\" data-id=\"b8945f9\" data-element_type=\"widget\" data-e-type=\"widget\" data-widget_type=\"image.default\">\n\t\t\t\t<div class=\"elementor-widget-container\">\n\t\t\t\t\t\t\t\t\t\t\t\t\t\t\t\t<a href=\"http:\/\/semead.com.br\/22\/2o-encontro-internacional-de-estudos-comparados-sobre-contextos-e-instituicoes-em-gestao-de-recursos-humanos\/\">\n\t\t\t\t\t\t\t<img decoding=\"async\" width=\"400\" height=\"400\" src=\"https:\/\/semead.com.br\/22\/wp-content\/uploads\/sites\/9\/2019\/09\/Post_Instagram_60.2-400x400.png\" class=\"attachment-eventalk-size4 size-eventalk-size4 wp-image-15465\" alt=\"\" srcset=\"https:\/\/semead.com.br\/22\/wp-content\/uploads\/sites\/9\/2019\/09\/Post_Instagram_60.2-400x400.png 400w, https:\/\/semead.com.br\/22\/wp-content\/uploads\/sites\/9\/2019\/09\/Post_Instagram_60.2-150x150.png 150w, https:\/\/semead.com.br\/22\/wp-content\/uploads\/sites\/9\/2019\/09\/Post_Instagram_60.2-300x300.png 300w, https:\/\/semead.com.br\/22\/wp-content\/uploads\/sites\/9\/2019\/09\/Post_Instagram_60.2-768x768.png 768w, https:\/\/semead.com.br\/22\/wp-content\/uploads\/sites\/9\/2019\/09\/Post_Instagram_60.2-1024x1024.png 1024w, https:\/\/semead.com.br\/22\/wp-content\/uploads\/sites\/9\/2019\/09\/Post_Instagram_60.2.png 1081w\" sizes=\"(max-width: 400px) 100vw, 400px\" \/>\t\t\t\t\t\t\t\t<\/a>\n\t\t\t\t\t\t\t\t\t\t\t\t\t\t\t<\/div>\n\t\t\t\t<\/div>\n\t\t\t\t\t<\/div>\n\t\t<\/div>\n\t\t\t\t<div class=\"elementor-column elementor-col-33 elementor-top-column elementor-element elementor-element-91ac548\" data-id=\"91ac548\" data-element_type=\"column\" data-e-type=\"column\">\n\t\t\t<div class=\"elementor-widget-wrap elementor-element-populated\">\n\t\t\t\t\t\t<div class=\"elementor-element elementor-element-70be332 elementor-widget elementor-widget-image\" data-id=\"70be332\" data-element_type=\"widget\" data-e-type=\"widget\" data-widget_type=\"image.default\">\n\t\t\t\t<div class=\"elementor-widget-container\">\n\t\t\t\t\t\t\t\t\t\t\t\t\t\t\t\t<a href=\"http:\/\/cors.usp.br\/rwio\/14\/\">\n\t\t\t\t\t\t\t<img decoding=\"async\" width=\"400\" height=\"400\" src=\"https:\/\/semead.com.br\/22\/wp-content\/uploads\/sites\/9\/2019\/09\/Post_Instagram_60.3-400x400.png\" class=\"attachment-eventalk-size4 size-eventalk-size4 wp-image-15464\" alt=\"\" srcset=\"https:\/\/semead.com.br\/22\/wp-content\/uploads\/sites\/9\/2019\/09\/Post_Instagram_60.3-400x400.png 400w, https:\/\/semead.com.br\/22\/wp-content\/uploads\/sites\/9\/2019\/09\/Post_Instagram_60.3-150x150.png 150w, https:\/\/semead.com.br\/22\/wp-content\/uploads\/sites\/9\/2019\/09\/Post_Instagram_60.3-300x300.png 300w, https:\/\/semead.com.br\/22\/wp-content\/uploads\/sites\/9\/2019\/09\/Post_Instagram_60.3-768x768.png 768w, https:\/\/semead.com.br\/22\/wp-content\/uploads\/sites\/9\/2019\/09\/Post_Instagram_60.3-1024x1024.png 1024w, https:\/\/semead.com.br\/22\/wp-content\/uploads\/sites\/9\/2019\/09\/Post_Instagram_60.3.png 1081w\" sizes=\"(max-width: 400px) 100vw, 400px\" \/>\t\t\t\t\t\t\t\t<\/a>\n\t\t\t\t\t\t\t\t\t\t\t\t\t\t\t<\/div>\n\t\t\t\t<\/div>\n\t\t\t\t\t<\/div>\n\t\t<\/div>\n\t\t\t\t\t<\/div>\n\t\t<\/section>\n\t\t\t\t<\/div>\n\t\t","protected":false},"excerpt":{"rendered":"","protected":false},"author":4,"featured_media":0,"parent":0,"menu_order":0,"comment_status":"closed","ping_status":"closed","template":"","meta":{"_acf_changed":false,"_monsterinsights_skip_tracking":false,"_monsterinsights_sitenote_active":false,"_monsterinsights_sitenote_note":"","_monsterinsights_sitenote_category":0,"footnotes":""},"class_list":["post-15461","page","type-page","status-publish","hentry"],"acf":[],"yoast_head":"<!-- This site is optimized with the Yoast SEO plugin v27.1.1 - https:\/\/yoast.com\/product\/yoast-seo-wordpress\/ -->\n<title>Pr\u00e9-Confer\u00eancias - XXII SemeAd<\/title>\n<meta name=\"robots\" content=\"index, follow, max-snippet:-1, max-image-preview:large, max-video-preview:-1\" \/>\n<link rel=\"canonical\" href=\"https:\/\/semead.com.br\/22\/pre-conferencias\/\" \/>\n<meta property=\"og:locale\" content=\"pt_BR\" \/>\n<meta property=\"og:type\" content=\"article\" \/>\n<meta property=\"og:title\" content=\"Pr\u00e9-Confer\u00eancias - XXII SemeAd\" \/>\n<meta property=\"og:url\" content=\"https:\/\/semead.com.br\/22\/pre-conferencias\/\" \/>\n<meta property=\"og:site_name\" content=\"XXII SemeAd\" \/>\n<meta property=\"article:modified_time\" content=\"2019-09-20T19:22:05+00:00\" \/>\n<meta property=\"og:image\" content=\"https:\/\/semead.com.br\/22\/wp-content\/uploads\/sites\/9\/2019\/09\/Post_Instagram_60.4-1024x1024.png\" \/>\n<meta name=\"twitter:card\" content=\"summary_large_image\" \/>\n<script type=\"application\/ld+json\" class=\"yoast-schema-graph\">{\"@context\":\"https:\/\/schema.org\",\"@graph\":[{\"@type\":\"WebPage\",\"@id\":\"https:\/\/semead.com.br\/22\/pre-conferencias\/\",\"url\":\"https:\/\/semead.com.br\/22\/pre-conferencias\/\",\"name\":\"Pr\u00e9-Confer\u00eancias - XXII SemeAd\",\"isPartOf\":{\"@id\":\"https:\/\/semead.com.br\/22\/#website\"},\"primaryImageOfPage\":{\"@id\":\"https:\/\/semead.com.br\/22\/pre-conferencias\/#primaryimage\"},\"image\":{\"@id\":\"https:\/\/semead.com.br\/22\/pre-conferencias\/#primaryimage\"},\"thumbnailUrl\":\"https:\/\/semead.com.br\/22\/wp-content\/uploads\/sites\/9\/2019\/09\/Post_Instagram_60.4-1024x1024.png\",\"datePublished\":\"2019-09-20T19:17:01+00:00\",\"dateModified\":\"2019-09-20T19:22:05+00:00\",\"breadcrumb\":{\"@id\":\"https:\/\/semead.com.br\/22\/pre-conferencias\/#breadcrumb\"},\"inLanguage\":\"pt-BR\",\"potentialAction\":[{\"@type\":\"ReadAction\",\"target\":[\"https:\/\/semead.com.br\/22\/pre-conferencias\/\"]}]},{\"@type\":\"ImageObject\",\"inLanguage\":\"pt-BR\",\"@id\":\"https:\/\/semead.com.br\/22\/pre-conferencias\/#primaryimage\",\"url\":\"https:\/\/semead.com.br\/22\/wp-content\/uploads\/sites\/9\/2019\/09\/Post_Instagram_60.4.png\",\"contentUrl\":\"https:\/\/semead.com.br\/22\/wp-content\/uploads\/sites\/9\/2019\/09\/Post_Instagram_60.4.png\",\"width\":1079,\"height\":1080},{\"@type\":\"BreadcrumbList\",\"@id\":\"https:\/\/semead.com.br\/22\/pre-conferencias\/#breadcrumb\",\"itemListElement\":[{\"@type\":\"ListItem\",\"position\":1,\"name\":\"In\u00edcio\",\"item\":\"https:\/\/semead.com.br\/22\/\"},{\"@type\":\"ListItem\",\"position\":2,\"name\":\"Pr\u00e9-Confer\u00eancias\"}]},{\"@type\":\"WebSite\",\"@id\":\"https:\/\/semead.com.br\/22\/#website\",\"url\":\"https:\/\/semead.com.br\/22\/\",\"name\":\"XXII SemeAd\",\"description\":\"Semin\u00e1rios em Administra\u00e7\u00e3o\",\"potentialAction\":[{\"@type\":\"SearchAction\",\"target\":{\"@type\":\"EntryPoint\",\"urlTemplate\":\"https:\/\/semead.com.br\/22\/?s={search_term_string}\"},\"query-input\":{\"@type\":\"PropertyValueSpecification\",\"valueRequired\":true,\"valueName\":\"search_term_string\"}}],\"inLanguage\":\"pt-BR\"}]}<\/script>\n<!-- \/ Yoast SEO plugin. -->","yoast_head_json":{"title":"Pr\u00e9-Confer\u00eancias - XXII SemeAd","robots":{"index":"index","follow":"follow","max-snippet":"max-snippet:-1","max-image-preview":"max-image-preview:large","max-video-preview":"max-video-preview:-1"},"canonical":"https:\/\/semead.com.br\/22\/pre-conferencias\/","og_locale":"pt_BR","og_type":"article","og_title":"Pr\u00e9-Confer\u00eancias - XXII SemeAd","og_url":"https:\/\/semead.com.br\/22\/pre-conferencias\/","og_site_name":"XXII SemeAd","article_modified_time":"2019-09-20T19:22:05+00:00","og_image":[{"url":"https:\/\/semead.com.br\/22\/wp-content\/uploads\/sites\/9\/2019\/09\/Post_Instagram_60.4-1024x1024.png","type":"","width":"","height":""}],"twitter_card":"summary_large_image","schema":{"@context":"https:\/\/schema.org","@graph":[{"@type":"WebPage","@id":"https:\/\/semead.com.br\/22\/pre-conferencias\/","url":"https:\/\/semead.com.br\/22\/pre-conferencias\/","name":"Pr\u00e9-Confer\u00eancias - XXII SemeAd","isPartOf":{"@id":"https:\/\/semead.com.br\/22\/#website"},"primaryImageOfPage":{"@id":"https:\/\/semead.com.br\/22\/pre-conferencias\/#primaryimage"},"image":{"@id":"https:\/\/semead.com.br\/22\/pre-conferencias\/#primaryimage"},"thumbnailUrl":"https:\/\/semead.com.br\/22\/wp-content\/uploads\/sites\/9\/2019\/09\/Post_Instagram_60.4-1024x1024.png","datePublished":"2019-09-20T19:17:01+00:00","dateModified":"2019-09-20T19:22:05+00:00","breadcrumb":{"@id":"https:\/\/semead.com.br\/22\/pre-conferencias\/#breadcrumb"},"inLanguage":"pt-BR","potentialAction":[{"@type":"ReadAction","target":["https:\/\/semead.com.br\/22\/pre-conferencias\/"]}]},{"@type":"ImageObject","inLanguage":"pt-BR","@id":"https:\/\/semead.com.br\/22\/pre-conferencias\/#primaryimage","url":"https:\/\/semead.com.br\/22\/wp-content\/uploads\/sites\/9\/2019\/09\/Post_Instagram_60.4.png","contentUrl":"https:\/\/semead.com.br\/22\/wp-content\/uploads\/sites\/9\/2019\/09\/Post_Instagram_60.4.png","width":1079,"height":1080},{"@type":"BreadcrumbList","@id":"https:\/\/semead.com.br\/22\/pre-conferencias\/#breadcrumb","itemListElement":[{"@type":"ListItem","position":1,"name":"In\u00edcio","item":"https:\/\/semead.com.br\/22\/"},{"@type":"ListItem","position":2,"name":"Pr\u00e9-Confer\u00eancias"}]},{"@type":"WebSite","@id":"https:\/\/semead.com.br\/22\/#website","url":"https:\/\/semead.com.br\/22\/","name":"XXII SemeAd","description":"Semin\u00e1rios em Administra\u00e7\u00e3o","potentialAction":[{"@type":"SearchAction","target":{"@type":"EntryPoint","urlTemplate":"https:\/\/semead.com.br\/22\/?s={search_term_string}"},"query-input":{"@type":"PropertyValueSpecification","valueRequired":true,"valueName":"search_term_string"}}],"inLanguage":"pt-BR"}]}},"_links":{"self":[{"href":"https:\/\/semead.com.br\/22\/wp-json\/wp\/v2\/pages\/15461","targetHints":{"allow":["GET"]}}],"collection":[{"href":"https:\/\/semead.com.br\/22\/wp-json\/wp\/v2\/pages"}],"about":[{"href":"https:\/\/semead.com.br\/22\/wp-json\/wp\/v2\/types\/page"}],"author":[{"embeddable":true,"href":"https:\/\/semead.com.br\/22\/wp-json\/wp\/v2\/users\/4"}],"replies":[{"embeddable":true,"href":"https:\/\/semead.com.br\/22\/wp-json\/wp\/v2\/comments?post=15461"}],"version-history":[{"count":0,"href":"https:\/\/semead.com.br\/22\/wp-json\/wp\/v2\/pages\/15461\/revisions"}],"wp:attachment":[{"href":"https:\/\/semead.com.br\/22\/wp-json\/wp\/v2\/media?parent=15461"}],"curies":[{"name":"wp","href":"https:\/\/api.w.org\/{rel}","templated":true}]}}