{"id":15518,"date":"2019-10-01T23:24:08","date_gmt":"2019-10-02T02:24:08","guid":{"rendered":"https:\/\/semead.com.br\/22\/?page_id=15518"},"modified":"2019-10-27T11:27:14","modified_gmt":"2019-10-27T14:27:14","slug":"business-speakers","status":"publish","type":"page","link":"https:\/\/semead.com.br\/22\/business-speakers\/","title":{"rendered":"Business Speakers"},"content":{"rendered":"\t\t<div data-elementor-type=\"wp-post\" data-elementor-id=\"15518\" class=\"elementor elementor-15518\">\n\t\t\t\t\t\t<section class=\"elementor-section elementor-top-section elementor-element elementor-element-4135b02 elementor-section-boxed elementor-section-height-default elementor-section-height-default\" data-id=\"4135b02\" data-element_type=\"section\" data-e-type=\"section\">\n\t\t\t\t\t\t<div class=\"elementor-container elementor-column-gap-default\">\n\t\t\t\t\t<div class=\"elementor-column elementor-col-100 elementor-top-column elementor-element elementor-element-3827192\" data-id=\"3827192\" data-element_type=\"column\" data-e-type=\"column\">\n\t\t\t<div class=\"elementor-widget-wrap elementor-element-populated\">\n\t\t\t\t\t\t<div class=\"elementor-element elementor-element-cec98f6 elementor-position-left elementor-vertical-align-top elementor-widget elementor-widget-image-box\" data-id=\"cec98f6\" data-element_type=\"widget\" data-e-type=\"widget\" data-widget_type=\"image-box.default\">\n\t\t\t\t<div class=\"elementor-widget-container\">\n\t\t\t\t\t<div class=\"elementor-image-box-wrapper\"><figure class=\"elementor-image-box-img\"><img fetchpriority=\"high\" decoding=\"async\" width=\"546\" height=\"702\" src=\"https:\/\/semead.com.br\/22\/wp-content\/uploads\/sites\/9\/2019\/10\/JeromeCardier.png\" class=\"attachment-full size-full wp-image-15522\" alt=\"\" srcset=\"https:\/\/semead.com.br\/22\/wp-content\/uploads\/sites\/9\/2019\/10\/JeromeCardier.png 546w, https:\/\/semead.com.br\/22\/wp-content\/uploads\/sites\/9\/2019\/10\/JeromeCardier-233x300.png 233w\" sizes=\"(max-width: 546px) 100vw, 546px\" \/><\/figure><div class=\"elementor-image-box-content\"><h3 class=\"elementor-image-box-title\">Jerome Cardier \u2013 CEO LATAM<\/h3><p class=\"elementor-image-box-description\">Jerome Cadier \u00e9 o CEO da companhia \u00e1rea Latam no Brasil. O empres\u00e1rio ocupa o cargo desde o in\u00edcio de 2017, sendo que desde 2013 faz parte do grupo. Sob sua gest\u00e3o o grupo voltou a ter um trimestre de crescimento, ap\u00f3s 10 per\u00edodos seguidos de perda. O que, embora seja uma conquista, n\u00e3o salva a Latam de per\u00edodos dif\u00edceis no mercado. Cadier \u00e9 formado em <br>engenharia industrial. Ele tamb\u00e9m possui especializa\u00e7\u00e3o em administra\u00e7\u00e3o, t\u00edtulo que conseguiu nos Estados Unidos.<br>\n<br><b>Tema:<\/b> Case LATAM no setor de avia\u00e7\u00e3o<br><br><b>Sua palestra acontece no dia 07\/11 das 11:35 \u00e0s 12:35\n<\/b><div><br><\/div><\/p><\/div><\/div>\t\t\t\t<\/div>\n\t\t\t\t<\/div>\n\t\t\t\t<div class=\"elementor-element elementor-element-ab7648b elementor-widget-divider--view-line elementor-widget elementor-widget-divider\" data-id=\"ab7648b\" data-element_type=\"widget\" data-e-type=\"widget\" data-widget_type=\"divider.default\">\n\t\t\t\t<div class=\"elementor-widget-container\">\n\t\t\t\t\t\t\t<div class=\"elementor-divider\">\n\t\t\t<span class=\"elementor-divider-separator\">\n\t\t\t\t\t\t<\/span>\n\t\t<\/div>\n\t\t\t\t\t\t<\/div>\n\t\t\t\t<\/div>\n\t\t\t\t\t<\/div>\n\t\t<\/div>\n\t\t\t\t\t<\/div>\n\t\t<\/section>\n\t\t\t\t<section class=\"elementor-section elementor-top-section elementor-element elementor-element-be8b4fe elementor-section-boxed elementor-section-height-default elementor-section-height-default\" data-id=\"be8b4fe\" data-element_type=\"section\" data-e-type=\"section\">\n\t\t\t\t\t\t<div class=\"elementor-container elementor-column-gap-default\">\n\t\t\t\t\t<div class=\"elementor-column elementor-col-100 elementor-top-column elementor-element elementor-element-92476ce\" data-id=\"92476ce\" data-element_type=\"column\" data-e-type=\"column\">\n\t\t\t<div class=\"elementor-widget-wrap elementor-element-populated\">\n\t\t\t\t\t\t<div class=\"elementor-element elementor-element-e53dc39 elementor-position-left elementor-vertical-align-top elementor-widget elementor-widget-image-box\" data-id=\"e53dc39\" data-element_type=\"widget\" data-e-type=\"widget\" data-widget_type=\"image-box.default\">\n\t\t\t\t<div class=\"elementor-widget-container\">\n\t\t\t\t\t<div class=\"elementor-image-box-wrapper\"><figure class=\"elementor-image-box-img\"><img decoding=\"async\" width=\"545\" height=\"704\" src=\"https:\/\/semead.com.br\/22\/wp-content\/uploads\/sites\/9\/2019\/10\/AntonioSerrano.png\" class=\"attachment-full size-full wp-image-15520\" alt=\"\" srcset=\"https:\/\/semead.com.br\/22\/wp-content\/uploads\/sites\/9\/2019\/10\/AntonioSerrano.png 545w, https:\/\/semead.com.br\/22\/wp-content\/uploads\/sites\/9\/2019\/10\/AntonioSerrano-232x300.png 232w\" sizes=\"(max-width: 545px) 100vw, 545px\" \/><\/figure><div class=\"elementor-image-box-content\"><h3 class=\"elementor-image-box-title\">Ant\u00f4nio Serrano \u2013 CEO Juntos Somos + Fideliza\u00e7\u00e3o<\/h3><p class=\"elementor-image-box-description\">Ant\u00f4nio Serrano \u00e9 Founder e CEO da Juntos Somos Mais Fideliza\u00e7\u00e3o, o maior programa de fidelidade do varejo de material de constru\u00e7\u00e3o levando qualifica\u00e7\u00e3o e benef\u00edcios para lojistas, vendedores e profissionais da obra. Ant\u00f4nio Serrano tem uma hist\u00f3ria comprovada de trabalho nas ind\u00fastrias de Manufatura e Consultoria. Qualificado em Planejamento e Execu\u00e7\u00e3o de Neg\u00f3cios, Empreendedorismo, Marketing, Finan\u00e7as, Estrat\u00e9gia e Gest\u00e3o. \u00c9 membro do Conselho e Mentor da Endeavor.<br>\n<br><b>Tema: <\/b>Criando startups em empresas centen\u00e1rias\n<br><br><b>Sua palestra acontece no dia no dia 07\/11 das 11:35 \u00e0s 12:35.<\/b><br><\/p><\/div><\/div>\t\t\t\t<\/div>\n\t\t\t\t<\/div>\n\t\t\t\t<div class=\"elementor-element elementor-element-b935bd9 elementor-widget-divider--view-line elementor-widget elementor-widget-divider\" data-id=\"b935bd9\" data-element_type=\"widget\" data-e-type=\"widget\" data-widget_type=\"divider.default\">\n\t\t\t\t<div class=\"elementor-widget-container\">\n\t\t\t\t\t\t\t<div class=\"elementor-divider\">\n\t\t\t<span class=\"elementor-divider-separator\">\n\t\t\t\t\t\t<\/span>\n\t\t<\/div>\n\t\t\t\t\t\t<\/div>\n\t\t\t\t<\/div>\n\t\t\t\t\t<\/div>\n\t\t<\/div>\n\t\t\t\t\t<\/div>\n\t\t<\/section>\n\t\t\t\t<section class=\"elementor-section elementor-top-section elementor-element elementor-element-f325d2d elementor-section-boxed elementor-section-height-default elementor-section-height-default\" data-id=\"f325d2d\" data-element_type=\"section\" data-e-type=\"section\">\n\t\t\t\t\t\t<div class=\"elementor-container elementor-column-gap-default\">\n\t\t\t\t\t<div class=\"elementor-column elementor-col-100 elementor-top-column elementor-element elementor-element-b6e82ae\" data-id=\"b6e82ae\" data-element_type=\"column\" data-e-type=\"column\">\n\t\t\t<div class=\"elementor-widget-wrap elementor-element-populated\">\n\t\t\t\t\t\t<div class=\"elementor-element elementor-element-43338c0 elementor-position-left elementor-vertical-align-top elementor-widget elementor-widget-image-box\" data-id=\"43338c0\" data-element_type=\"widget\" data-e-type=\"widget\" data-widget_type=\"image-box.default\">\n\t\t\t\t<div class=\"elementor-widget-container\">\n\t\t\t\t\t<div class=\"elementor-image-box-wrapper\"><figure class=\"elementor-image-box-img\"><img decoding=\"async\" width=\"545\" height=\"702\" src=\"https:\/\/semead.com.br\/22\/wp-content\/uploads\/sites\/9\/2019\/10\/LuizFernando.png\" class=\"attachment-full size-full wp-image-15523\" alt=\"\" srcset=\"https:\/\/semead.com.br\/22\/wp-content\/uploads\/sites\/9\/2019\/10\/LuizFernando.png 545w, https:\/\/semead.com.br\/22\/wp-content\/uploads\/sites\/9\/2019\/10\/LuizFernando-233x300.png 233w\" sizes=\"(max-width: 545px) 100vw, 545px\" \/><\/figure><div class=\"elementor-image-box-content\"><h3 class=\"elementor-image-box-title\">Luiz Fernando Figueiredo \u2013 CEO Mau\u00e1 Capital<\/h3><p class=\"elementor-image-box-description\">Luiz Fernando Figueiredo \u00e9 s\u00f3cio fundador e CEO da gestora de recursos Mau\u00e1 Capital, empresa de gest\u00e3o de recursos independentes que tem cerca de 6,5 bilh\u00f5es de reais sob sua tutela. Luiz tamb\u00e9m foi diretor do Banco Central do Brasil e um dos fundadores da G\u00e1vea Investimentos. Luiz Fernando Figueiredo \u00e9 considerado um dos grandes nomes do mercado financeiro brasileiro. Sua trajet\u00f3ria profissional e suas a\u00e7\u00f5es de sucesso na bolsa de valores o colocaram no posto, segundo a Infomoney, de ser um dos 10 empres\u00e1rios \u201cfora da curva\u201d do Brasil. Figueiredo \u00e9 formado em administra\u00e7\u00e3o de empresas pela Funda\u00e7\u00e3o Armando Alvares Penteado \u2013 FAAP.<br>\n<br><b>Tema:<\/b> Oportunidades e desafios de inova\u00e7\u00e3o em servi\u00e7os financeiros e perspectivas para o mercado de capitais brasileiro<br><br><b>Sua palestra acontece no dia no dia 08\/11 das 11:35 \u00e0s 12:35\n<\/b><br><\/p><\/div><\/div>\t\t\t\t<\/div>\n\t\t\t\t<\/div>\n\t\t\t\t<div class=\"elementor-element elementor-element-b58f528 elementor-widget-divider--view-line elementor-widget elementor-widget-divider\" data-id=\"b58f528\" data-element_type=\"widget\" data-e-type=\"widget\" data-widget_type=\"divider.default\">\n\t\t\t\t<div class=\"elementor-widget-container\">\n\t\t\t\t\t\t\t<div class=\"elementor-divider\">\n\t\t\t<span class=\"elementor-divider-separator\">\n\t\t\t\t\t\t<\/span>\n\t\t<\/div>\n\t\t\t\t\t\t<\/div>\n\t\t\t\t<\/div>\n\t\t\t\t\t<\/div>\n\t\t<\/div>\n\t\t\t\t\t<\/div>\n\t\t<\/section>\n\t\t\t\t<section class=\"elementor-section elementor-top-section elementor-element elementor-element-f58a132 elementor-section-boxed elementor-section-height-default elementor-section-height-default\" data-id=\"f58a132\" data-element_type=\"section\" data-e-type=\"section\">\n\t\t\t\t\t\t<div class=\"elementor-container elementor-column-gap-default\">\n\t\t\t\t\t<div class=\"elementor-column elementor-col-100 elementor-top-column elementor-element elementor-element-3f2eecb\" data-id=\"3f2eecb\" data-element_type=\"column\" data-e-type=\"column\">\n\t\t\t<div class=\"elementor-widget-wrap elementor-element-populated\">\n\t\t\t\t\t\t<div class=\"elementor-element elementor-element-bec3fee elementor-position-left elementor-vertical-align-top elementor-widget elementor-widget-image-box\" data-id=\"bec3fee\" data-element_type=\"widget\" data-e-type=\"widget\" data-widget_type=\"image-box.default\">\n\t\t\t\t<div class=\"elementor-widget-container\">\n\t\t\t\t\t<div class=\"elementor-image-box-wrapper\"><figure class=\"elementor-image-box-img\"><img loading=\"lazy\" decoding=\"async\" width=\"548\" height=\"711\" src=\"https:\/\/semead.com.br\/22\/wp-content\/uploads\/sites\/9\/2019\/10\/sust-yoshimura.jpeg\" class=\"attachment-full size-full wp-image-15707\" alt=\"\" srcset=\"https:\/\/semead.com.br\/22\/wp-content\/uploads\/sites\/9\/2019\/10\/sust-yoshimura.jpeg 548w, https:\/\/semead.com.br\/22\/wp-content\/uploads\/sites\/9\/2019\/10\/sust-yoshimura-231x300.jpeg 231w\" sizes=\"(max-width: 548px) 100vw, 548px\" \/><\/figure><div class=\"elementor-image-box-content\"><h3 class=\"elementor-image-box-title\">Susy Yoshimura - Diretora de Sustentabilidade, Investimento Social e Ouvidoria do GPA<\/h3><p class=\"elementor-image-box-description\">Susy \u00e9 a atual diretora de Sustentabilidade, Investimento Social e Ouvidoria do GPA. Trilhou sua carreira no engajamento de projetos voltados \u00e0 sustentabilidade e \u00e0 a\u00e7\u00e3o social, passando por empresas como a Via Varejo, Ashoka e Natura.\n<br><br><b>Tema:<\/b> Diversidade &amp; Inclus\u00e3o \u2013 Como um dos maiores varejistas do Brasil trabalha o tema em sua estrat\u00e9gia de neg\u00f3cios\n<br><br><b>Sua palestra acontece no dia no dia 08\/11 das 11:35 \u00e0s 12:35<\/b><br><\/p><\/div><\/div>\t\t\t\t<\/div>\n\t\t\t\t<\/div>\n\t\t\t\t<div class=\"elementor-element elementor-element-b2f3326 elementor-widget-divider--view-line elementor-widget elementor-widget-divider\" data-id=\"b2f3326\" data-element_type=\"widget\" data-e-type=\"widget\" data-widget_type=\"divider.default\">\n\t\t\t\t<div class=\"elementor-widget-container\">\n\t\t\t\t\t\t\t<div class=\"elementor-divider\">\n\t\t\t<span class=\"elementor-divider-separator\">\n\t\t\t\t\t\t<\/span>\n\t\t<\/div>\n\t\t\t\t\t\t<\/div>\n\t\t\t\t<\/div>\n\t\t\t\t\t<\/div>\n\t\t<\/div>\n\t\t\t\t\t<\/div>\n\t\t<\/section>\n\t\t\t\t<\/div>\n\t\t","protected":false},"excerpt":{"rendered":"<p>Jerome Cardier \u2013 CEO LATAM Jerome Cadier \u00e9 o CEO da companhia \u00e1rea Latam no Brasil. O empres\u00e1rio ocupa o cargo desde o in\u00edcio de 2017, sendo que desde 2013 faz parte do grupo. Sob sua gest\u00e3o o grupo voltou a ter um trimestre de crescimento, ap\u00f3s 10 per\u00edodos seguidos de perda. O que, embora&#8230;<\/p>\n","protected":false},"author":4,"featured_media":0,"parent":0,"menu_order":0,"comment_status":"closed","ping_status":"closed","template":"","meta":{"_acf_changed":false,"_monsterinsights_skip_tracking":false,"_monsterinsights_sitenote_active":false,"_monsterinsights_sitenote_note":"","_monsterinsights_sitenote_category":0,"footnotes":""},"class_list":["post-15518","page","type-page","status-publish","hentry"],"acf":[],"yoast_head":"<!-- This site is optimized with the Yoast SEO plugin v27.1.1 - https:\/\/yoast.com\/product\/yoast-seo-wordpress\/ -->\n<title>Business Speakers - XXII SemeAd<\/title>\n<meta name=\"robots\" content=\"index, follow, max-snippet:-1, max-image-preview:large, max-video-preview:-1\" \/>\n<link rel=\"canonical\" href=\"https:\/\/semead.com.br\/22\/business-speakers\/\" \/>\n<meta property=\"og:locale\" content=\"pt_BR\" \/>\n<meta property=\"og:type\" content=\"article\" \/>\n<meta property=\"og:title\" content=\"Business Speakers - XXII SemeAd\" \/>\n<meta property=\"og:description\" content=\"Jerome Cardier \u2013 CEO LATAM Jerome Cadier \u00e9 o CEO da companhia \u00e1rea Latam no Brasil. O empres\u00e1rio ocupa o cargo desde o in\u00edcio de 2017, sendo que desde 2013 faz parte do grupo. Sob sua gest\u00e3o o grupo voltou a ter um trimestre de crescimento, ap\u00f3s 10 per\u00edodos seguidos de perda. O que, embora...\" \/>\n<meta property=\"og:url\" content=\"https:\/\/semead.com.br\/22\/business-speakers\/\" \/>\n<meta property=\"og:site_name\" content=\"XXII SemeAd\" \/>\n<meta property=\"article:modified_time\" content=\"2019-10-27T14:27:14+00:00\" \/>\n<meta property=\"og:image\" content=\"https:\/\/semead.com.br\/22\/wp-content\/uploads\/sites\/9\/2019\/10\/JeromeCardier.png\" \/>\n<meta name=\"twitter:card\" content=\"summary_large_image\" \/>\n<meta name=\"twitter:label1\" content=\"Est. tempo de leitura\" \/>\n\t<meta name=\"twitter:data1\" content=\"2 minutos\" \/>\n<script type=\"application\/ld+json\" class=\"yoast-schema-graph\">{\"@context\":\"https:\/\/schema.org\",\"@graph\":[{\"@type\":\"WebPage\",\"@id\":\"https:\/\/semead.com.br\/22\/business-speakers\/\",\"url\":\"https:\/\/semead.com.br\/22\/business-speakers\/\",\"name\":\"Business Speakers - XXII SemeAd\",\"isPartOf\":{\"@id\":\"https:\/\/semead.com.br\/22\/#website\"},\"primaryImageOfPage\":{\"@id\":\"https:\/\/semead.com.br\/22\/business-speakers\/#primaryimage\"},\"image\":{\"@id\":\"https:\/\/semead.com.br\/22\/business-speakers\/#primaryimage\"},\"thumbnailUrl\":\"https:\/\/semead.com.br\/22\/wp-content\/uploads\/sites\/9\/2019\/10\/JeromeCardier.png\",\"datePublished\":\"2019-10-02T02:24:08+00:00\",\"dateModified\":\"2019-10-27T14:27:14+00:00\",\"breadcrumb\":{\"@id\":\"https:\/\/semead.com.br\/22\/business-speakers\/#breadcrumb\"},\"inLanguage\":\"pt-BR\",\"potentialAction\":[{\"@type\":\"ReadAction\",\"target\":[\"https:\/\/semead.com.br\/22\/business-speakers\/\"]}]},{\"@type\":\"ImageObject\",\"inLanguage\":\"pt-BR\",\"@id\":\"https:\/\/semead.com.br\/22\/business-speakers\/#primaryimage\",\"url\":\"https:\/\/semead.com.br\/22\/wp-content\/uploads\/sites\/9\/2019\/10\/JeromeCardier.png\",\"contentUrl\":\"https:\/\/semead.com.br\/22\/wp-content\/uploads\/sites\/9\/2019\/10\/JeromeCardier.png\",\"width\":546,\"height\":702},{\"@type\":\"BreadcrumbList\",\"@id\":\"https:\/\/semead.com.br\/22\/business-speakers\/#breadcrumb\",\"itemListElement\":[{\"@type\":\"ListItem\",\"position\":1,\"name\":\"In\u00edcio\",\"item\":\"https:\/\/semead.com.br\/22\/\"},{\"@type\":\"ListItem\",\"position\":2,\"name\":\"Business Speakers\"}]},{\"@type\":\"WebSite\",\"@id\":\"https:\/\/semead.com.br\/22\/#website\",\"url\":\"https:\/\/semead.com.br\/22\/\",\"name\":\"XXII SemeAd\",\"description\":\"Semin\u00e1rios em Administra\u00e7\u00e3o\",\"potentialAction\":[{\"@type\":\"SearchAction\",\"target\":{\"@type\":\"EntryPoint\",\"urlTemplate\":\"https:\/\/semead.com.br\/22\/?s={search_term_string}\"},\"query-input\":{\"@type\":\"PropertyValueSpecification\",\"valueRequired\":true,\"valueName\":\"search_term_string\"}}],\"inLanguage\":\"pt-BR\"}]}<\/script>\n<!-- \/ Yoast SEO plugin. -->","yoast_head_json":{"title":"Business Speakers - XXII SemeAd","robots":{"index":"index","follow":"follow","max-snippet":"max-snippet:-1","max-image-preview":"max-image-preview:large","max-video-preview":"max-video-preview:-1"},"canonical":"https:\/\/semead.com.br\/22\/business-speakers\/","og_locale":"pt_BR","og_type":"article","og_title":"Business Speakers - XXII SemeAd","og_description":"Jerome Cardier \u2013 CEO LATAM Jerome Cadier \u00e9 o CEO da companhia \u00e1rea Latam no Brasil. O empres\u00e1rio ocupa o cargo desde o in\u00edcio de 2017, sendo que desde 2013 faz parte do grupo. Sob sua gest\u00e3o o grupo voltou a ter um trimestre de crescimento, ap\u00f3s 10 per\u00edodos seguidos de perda. O que, embora...","og_url":"https:\/\/semead.com.br\/22\/business-speakers\/","og_site_name":"XXII SemeAd","article_modified_time":"2019-10-27T14:27:14+00:00","og_image":[{"url":"https:\/\/semead.com.br\/22\/wp-content\/uploads\/sites\/9\/2019\/10\/JeromeCardier.png","type":"","width":"","height":""}],"twitter_card":"summary_large_image","twitter_misc":{"Est. tempo de leitura":"2 minutos"},"schema":{"@context":"https:\/\/schema.org","@graph":[{"@type":"WebPage","@id":"https:\/\/semead.com.br\/22\/business-speakers\/","url":"https:\/\/semead.com.br\/22\/business-speakers\/","name":"Business Speakers - XXII SemeAd","isPartOf":{"@id":"https:\/\/semead.com.br\/22\/#website"},"primaryImageOfPage":{"@id":"https:\/\/semead.com.br\/22\/business-speakers\/#primaryimage"},"image":{"@id":"https:\/\/semead.com.br\/22\/business-speakers\/#primaryimage"},"thumbnailUrl":"https:\/\/semead.com.br\/22\/wp-content\/uploads\/sites\/9\/2019\/10\/JeromeCardier.png","datePublished":"2019-10-02T02:24:08+00:00","dateModified":"2019-10-27T14:27:14+00:00","breadcrumb":{"@id":"https:\/\/semead.com.br\/22\/business-speakers\/#breadcrumb"},"inLanguage":"pt-BR","potentialAction":[{"@type":"ReadAction","target":["https:\/\/semead.com.br\/22\/business-speakers\/"]}]},{"@type":"ImageObject","inLanguage":"pt-BR","@id":"https:\/\/semead.com.br\/22\/business-speakers\/#primaryimage","url":"https:\/\/semead.com.br\/22\/wp-content\/uploads\/sites\/9\/2019\/10\/JeromeCardier.png","contentUrl":"https:\/\/semead.com.br\/22\/wp-content\/uploads\/sites\/9\/2019\/10\/JeromeCardier.png","width":546,"height":702},{"@type":"BreadcrumbList","@id":"https:\/\/semead.com.br\/22\/business-speakers\/#breadcrumb","itemListElement":[{"@type":"ListItem","position":1,"name":"In\u00edcio","item":"https:\/\/semead.com.br\/22\/"},{"@type":"ListItem","position":2,"name":"Business Speakers"}]},{"@type":"WebSite","@id":"https:\/\/semead.com.br\/22\/#website","url":"https:\/\/semead.com.br\/22\/","name":"XXII SemeAd","description":"Semin\u00e1rios em Administra\u00e7\u00e3o","potentialAction":[{"@type":"SearchAction","target":{"@type":"EntryPoint","urlTemplate":"https:\/\/semead.com.br\/22\/?s={search_term_string}"},"query-input":{"@type":"PropertyValueSpecification","valueRequired":true,"valueName":"search_term_string"}}],"inLanguage":"pt-BR"}]}},"_links":{"self":[{"href":"https:\/\/semead.com.br\/22\/wp-json\/wp\/v2\/pages\/15518","targetHints":{"allow":["GET"]}}],"collection":[{"href":"https:\/\/semead.com.br\/22\/wp-json\/wp\/v2\/pages"}],"about":[{"href":"https:\/\/semead.com.br\/22\/wp-json\/wp\/v2\/types\/page"}],"author":[{"embeddable":true,"href":"https:\/\/semead.com.br\/22\/wp-json\/wp\/v2\/users\/4"}],"replies":[{"embeddable":true,"href":"https:\/\/semead.com.br\/22\/wp-json\/wp\/v2\/comments?post=15518"}],"version-history":[{"count":0,"href":"https:\/\/semead.com.br\/22\/wp-json\/wp\/v2\/pages\/15518\/revisions"}],"wp:attachment":[{"href":"https:\/\/semead.com.br\/22\/wp-json\/wp\/v2\/media?parent=15518"}],"curies":[{"name":"wp","href":"https:\/\/api.w.org\/{rel}","templated":true}]}}