{"id":15640,"date":"2019-10-23T17:56:23","date_gmt":"2019-10-23T20:56:23","guid":{"rendered":"https:\/\/semead.com.br\/22\/?page_id=15640"},"modified":"2019-11-02T14:56:02","modified_gmt":"2019-11-02T17:56:02","slug":"minicurso-qualitativo%e2%80%8b","status":"publish","type":"page","link":"https:\/\/semead.com.br\/22\/minicursos\/minicurso-qualitativo%e2%80%8b\/","title":{"rendered":"Minicurso &#8211; Qualitativo\u200b"},"content":{"rendered":"\t\t<div data-elementor-type=\"wp-post\" data-elementor-id=\"15640\" class=\"elementor elementor-15640\">\n\t\t\t\t\t\t<section class=\"elementor-section elementor-top-section elementor-element elementor-element-32c2efa elementor-section-boxed elementor-section-height-default elementor-section-height-default\" data-id=\"32c2efa\" data-element_type=\"section\" data-e-type=\"section\">\n\t\t\t\t\t\t<div class=\"elementor-container elementor-column-gap-default\">\n\t\t\t\t\t<div class=\"elementor-column elementor-col-100 elementor-top-column elementor-element elementor-element-d0d2247\" data-id=\"d0d2247\" data-element_type=\"column\" data-e-type=\"column\">\n\t\t\t<div class=\"elementor-widget-wrap elementor-element-populated\">\n\t\t\t\t\t\t<div class=\"elementor-element elementor-element-b4401aa elementor-widget-divider--view-line elementor-widget elementor-widget-divider\" data-id=\"b4401aa\" data-element_type=\"widget\" data-e-type=\"widget\" data-widget_type=\"divider.default\">\n\t\t\t\t<div class=\"elementor-widget-container\">\n\t\t\t\t\t\t\t<div class=\"elementor-divider\">\n\t\t\t<span class=\"elementor-divider-separator\">\n\t\t\t\t\t\t<\/span>\n\t\t<\/div>\n\t\t\t\t\t\t<\/div>\n\t\t\t\t<\/div>\n\t\t\t\t<div class=\"elementor-element elementor-element-cbd7ed5 elementor-widget elementor-widget-rt-title\" data-id=\"cbd7ed5\" data-element_type=\"widget\" data-e-type=\"widget\" data-widget_type=\"rt-title.default\">\n\t\t\t\t<div class=\"elementor-widget-container\">\n\t\t\t\t\t<div class=\"rt-el-title section-heading title-black color-light text-center style3\">\n\t<h2 class=\"rtin-title\"><\/h2>\n\t<div class=\"rtin-subtitle\"><p>A Hora da An\u00e1lise na Pesquisa Qualitativa: desafios na coleta, tratamento e teoriza\u00e7\u00e3o<\/p><\/div>\n<\/div>\n\t\t\t\t<\/div>\n\t\t\t\t<\/div>\n\t\t\t\t<section class=\"elementor-section elementor-inner-section elementor-element elementor-element-1f6276c elementor-section-boxed elementor-section-height-default elementor-section-height-default\" data-id=\"1f6276c\" data-element_type=\"section\" data-e-type=\"section\">\n\t\t\t\t\t\t<div class=\"elementor-container elementor-column-gap-default\">\n\t\t\t\t\t<div class=\"elementor-column elementor-col-50 elementor-inner-column elementor-element elementor-element-86c4d0a\" data-id=\"86c4d0a\" data-element_type=\"column\" data-e-type=\"column\">\n\t\t\t<div class=\"elementor-widget-wrap elementor-element-populated\">\n\t\t\t\t\t\t<div class=\"elementor-element elementor-element-f79f0ad elementor-widget elementor-widget-image\" data-id=\"f79f0ad\" data-element_type=\"widget\" data-e-type=\"widget\" data-widget_type=\"image.default\">\n\t\t\t\t<div class=\"elementor-widget-container\">\n\t\t\t\t\t\t\t\t\t\t\t\t\t\t\t<img decoding=\"async\" src=\"https:\/\/semead.com.br\/22\/wp-content\/uploads\/sites\/9\/elementor\/thumbs\/andrea-leite-rf42fbq7db71w1w5gfki9ah1ozicpufbfukteww5fs.png\" title=\"andrea-leite\" alt=\"andrea-leite\" loading=\"lazy\" \/>\t\t\t\t\t\t\t\t\t\t\t\t\t\t\t<\/div>\n\t\t\t\t<\/div>\n\t\t\t\t\t<\/div>\n\t\t<\/div>\n\t\t\t\t<div class=\"elementor-column elementor-col-50 elementor-inner-column elementor-element elementor-element-2eb7f8b\" data-id=\"2eb7f8b\" data-element_type=\"column\" data-e-type=\"column\">\n\t\t\t<div class=\"elementor-widget-wrap elementor-element-populated\">\n\t\t\t\t\t\t<div class=\"elementor-element elementor-element-abafe4e elementor-widget elementor-widget-image\" data-id=\"abafe4e\" data-element_type=\"widget\" data-e-type=\"widget\" data-widget_type=\"image.default\">\n\t\t\t\t<div class=\"elementor-widget-container\">\n\t\t\t\t\t\t\t\t\t\t\t\t\t\t\t<img decoding=\"async\" src=\"https:\/\/semead.com.br\/22\/wp-content\/uploads\/sites\/9\/elementor\/thumbs\/george-rf42fbq7db71w1w5gfki9ah1ozicpufbfukteww5g2.png\" title=\"george\" alt=\"george\" loading=\"lazy\" \/>\t\t\t\t\t\t\t\t\t\t\t\t\t\t\t<\/div>\n\t\t\t\t<\/div>\n\t\t\t\t\t<\/div>\n\t\t<\/div>\n\t\t\t\t\t<\/div>\n\t\t<\/section>\n\t\t\t\t<div class=\"elementor-element elementor-element-10053d2 elementor-widget elementor-widget-text-editor\" data-id=\"10053d2\" data-element_type=\"widget\" data-e-type=\"widget\" data-widget_type=\"text-editor.default\">\n\t\t\t\t<div class=\"elementor-widget-container\">\n\t\t\t\t\t\t\t\t\t<p>M\u00e9todos qualitativos de pesquisa exigem coragem! N\u00e3o h\u00e1 como optar por esse caminho sem se expor, se mostrar em suas cren\u00e7as, valores, vis\u00e3o de mundo. Mas \u00e9 preciso tomar cuidado: h\u00e1 algo de capcioso quando se trabalha com interpreta\u00e7\u00e3o, sentido e subjetividade. Pode parecer f\u00e1cil coletar evid\u00eancias com entrevistas, observa\u00e7\u00f5es, textos e imagens. Por\u00e9m, o maior desafio vem na sequ\u00eancia: como obter, analisar e desenvolver teoria a partir das coletas? Como fazer o di\u00e1logo entre achados e o quadro te\u00f3rico escolhido? Como evitar tomar as falas de forma solta e descontextualizada, gerando interpreta\u00e7\u00f5es de fr\u00e1gil sustenta\u00e7\u00e3o?<\/p><p>A proposta desse minicurso \u00e9 concentrar esfor\u00e7os de aprendizagem na fase p\u00f3s realiza\u00e7\u00e3o de entrevistas, documentos e observa\u00e7\u00f5es. Aquele momento crucial em que d\u00e1 vontade de s\u00f3 catar as falas que concordam com nossas ideias iniciais. Ou ent\u00e3o, separar s\u00f3 os trechos que confirmam nossos pressupostos. Como diz a g\u00edria: s\u00f3 que n\u00e3o! Teremos 4 encontros para falar disso. Sejam todxs bem vindxs, sigamos aprendendo.<\/p>\t\t\t\t\t\t\t\t<\/div>\n\t\t\t\t<\/div>\n\t\t\t\t<div class=\"elementor-element elementor-element-4f6b7de elementor-widget elementor-widget-text-editor\" data-id=\"4f6b7de\" data-element_type=\"widget\" data-e-type=\"widget\" data-widget_type=\"text-editor.default\">\n\t\t\t\t<div class=\"elementor-widget-container\">\n\t\t\t\t\t\t\t\t\t<table border=\"2\" width=\"100%\"><tbody><tr><td width=\"16%\">Data<\/td><td width=\"12%\">Hor\u00e1rio<\/td><td width=\"9%\">Sala<\/td><td width=\"42%\">Conte\u00fado<\/td><td width=\"19%\">Professores<\/td><\/tr><tr><td width=\"16%\">\u00a006\/11\/2019<br \/>(quarta-feira)<\/td><td width=\"12%\">\u00a014:35 \u00e0s 16:05<\/td><td width=\"9%\">Audit\u00f3rio FUNCADI<\/td><td rowspan=\"2\" width=\"42%\">Nos dois primeiros encontros ser\u00e3o trabalhadas a base para coleta em pesquisa qualitativa, e apresentadas as diferentes propostas de an\u00e1lise, al\u00e9m de uma breve estrat\u00e9gia de teoriza\u00e7\u00e3o. Sem esquecer cuidados com validade e \u00e9tica; afinal, pesquisa qualitativa n\u00e3o \u00e9 licen\u00e7a para matar (para os mais jovens, refer\u00eancia ao filme 007 Licen\u00e7a para Matar, 1989).<\/td><td rowspan=\"2\" width=\"19%\">Dra. Andrea Leite Rodrigues<\/td><\/tr><tr><td width=\"16%\">07\/11\/2019<br \/>(quinta-feira)<\/td><td width=\"12%\">10:00 \u00e0s 11:30<\/td><td width=\"9%\">Audit\u00f3rio FUNCADI<\/td><\/tr><tr><td width=\"16%\"><p>07\/11\/2019<br \/>(quinta-feira)<\/p><\/td><td width=\"12%\"><p>15:05 \u00e0s 16:35<\/p><\/td><td width=\"9%\">Audit\u00f3rio FUNCADI<\/td><td rowspan=\"2\" width=\"42%\">Com uso do software NVivo, haver\u00e1 uma oficina com An\u00e1lise de Conte\u00fado por meio de abordagem quantitativa. Ser\u00e3o abordados: objetivos ou quest\u00e3o de pesquisa, localiza\u00e7\u00e3o das fontes de comunica\u00e7\u00e3o relevantes, desenvolvimento das categorias de conte\u00fados, identifica\u00e7\u00e3o das unidades de an\u00e1lise, prepara\u00e7\u00e3o do esquema de codifica\u00e7\u00e3o, testes de confiabilidade (Chadwick et al, 1984; Holsti, 1963) e a an\u00e1lise dos dados (Prasad, 2008; Palmquist et al., 1997). Por fim, apresentar o resultado da an\u00e1lise de conte\u00fado por meio de \u201cFramework\u201d ou um modelo conceitual.<\/td><td rowspan=\"2\" width=\"19%\">Dr. George Rossi<\/td><\/tr><tr><td width=\"16%\">08\/11\/2019<br \/>(sexta-feira)<\/td><td width=\"12%\">10:00 \u00e0s 11:30<\/td><td width=\"9%\">Audit\u00f3rio FUNCADI<\/td><\/tr><\/tbody><\/table>\t\t\t\t\t\t\t\t<\/div>\n\t\t\t\t<\/div>\n\t\t\t\t\t<\/div>\n\t\t<\/div>\n\t\t\t\t\t<\/div>\n\t\t<\/section>\n\t\t\t\t<\/div>\n\t\t","protected":false},"excerpt":{"rendered":"<p>A Hora da An\u00e1lise na Pesquisa Qualitativa: desafios na coleta, tratamento e teoriza\u00e7\u00e3o M\u00e9todos qualitativos de pesquisa exigem coragem! N\u00e3o h\u00e1 como optar por esse caminho sem se expor, se mostrar em suas cren\u00e7as, valores, vis\u00e3o de mundo. Mas \u00e9 preciso tomar cuidado: h\u00e1 algo de capcioso quando se trabalha com interpreta\u00e7\u00e3o, sentido e subjetividade&#8230;.<\/p>\n","protected":false},"author":4,"featured_media":0,"parent":15605,"menu_order":0,"comment_status":"closed","ping_status":"closed","template":"","meta":{"_acf_changed":false,"_monsterinsights_skip_tracking":false,"_monsterinsights_sitenote_active":false,"_monsterinsights_sitenote_note":"","_monsterinsights_sitenote_category":0,"footnotes":""},"class_list":["post-15640","page","type-page","status-publish","hentry"],"acf":[],"yoast_head":"<!-- This site is optimized with the Yoast SEO plugin v27.1.1 - https:\/\/yoast.com\/product\/yoast-seo-wordpress\/ -->\n<title>Minicurso - Qualitativo\u200b - XXII SemeAd<\/title>\n<meta name=\"robots\" content=\"index, follow, max-snippet:-1, max-image-preview:large, max-video-preview:-1\" \/>\n<link rel=\"canonical\" href=\"https:\/\/semead.com.br\/22\/minicursos\/minicurso-qualitativo\u200b\/\" \/>\n<meta property=\"og:locale\" content=\"pt_BR\" \/>\n<meta property=\"og:type\" content=\"article\" \/>\n<meta property=\"og:title\" content=\"Minicurso - Qualitativo\u200b - XXII SemeAd\" \/>\n<meta property=\"og:description\" content=\"A Hora da An\u00e1lise na Pesquisa Qualitativa: desafios na coleta, tratamento e teoriza\u00e7\u00e3o M\u00e9todos qualitativos de pesquisa exigem coragem! N\u00e3o h\u00e1 como optar por esse caminho sem se expor, se mostrar em suas cren\u00e7as, valores, vis\u00e3o de mundo. Mas \u00e9 preciso tomar cuidado: h\u00e1 algo de capcioso quando se trabalha com interpreta\u00e7\u00e3o, sentido e subjetividade....\" \/>\n<meta property=\"og:url\" content=\"https:\/\/semead.com.br\/22\/minicursos\/minicurso-qualitativo\u200b\/\" \/>\n<meta property=\"og:site_name\" content=\"XXII SemeAd\" \/>\n<meta property=\"article:modified_time\" content=\"2019-11-02T17:56:02+00:00\" \/>\n<meta property=\"og:image\" content=\"https:\/\/semead.com.br\/22\/wp-content\/uploads\/sites\/9\/elementor\/thumbs\/andrea-leite-ofgq2trwxrb3eaqzs5zfknyykt5vy3worm37gpexsi.png\" \/>\n<meta name=\"twitter:card\" content=\"summary_large_image\" \/>\n<meta name=\"twitter:label1\" content=\"Est. tempo de leitura\" \/>\n\t<meta name=\"twitter:data1\" content=\"2 minutos\" \/>\n<script type=\"application\/ld+json\" class=\"yoast-schema-graph\">{\"@context\":\"https:\/\/schema.org\",\"@graph\":[{\"@type\":\"WebPage\",\"@id\":\"https:\/\/semead.com.br\/22\/minicursos\/minicurso-qualitativo%e2%80%8b\/\",\"url\":\"https:\/\/semead.com.br\/22\/minicursos\/minicurso-qualitativo%e2%80%8b\/\",\"name\":\"Minicurso - Qualitativo\u200b - XXII SemeAd\",\"isPartOf\":{\"@id\":\"https:\/\/semead.com.br\/22\/#website\"},\"primaryImageOfPage\":{\"@id\":\"https:\/\/semead.com.br\/22\/minicursos\/minicurso-qualitativo%e2%80%8b\/#primaryimage\"},\"image\":{\"@id\":\"https:\/\/semead.com.br\/22\/minicursos\/minicurso-qualitativo%e2%80%8b\/#primaryimage\"},\"thumbnailUrl\":\"https:\/\/semead.com.br\/22\/wp-content\/uploads\/sites\/9\/elementor\/thumbs\/andrea-leite-ofgq2trwxrb3eaqzs5zfknyykt5vy3worm37gpexsi.png\",\"datePublished\":\"2019-10-23T20:56:23+00:00\",\"dateModified\":\"2019-11-02T17:56:02+00:00\",\"breadcrumb\":{\"@id\":\"https:\/\/semead.com.br\/22\/minicursos\/minicurso-qualitativo%e2%80%8b\/#breadcrumb\"},\"inLanguage\":\"pt-BR\",\"potentialAction\":[{\"@type\":\"ReadAction\",\"target\":[\"https:\/\/semead.com.br\/22\/minicursos\/minicurso-qualitativo%e2%80%8b\/\"]}]},{\"@type\":\"ImageObject\",\"inLanguage\":\"pt-BR\",\"@id\":\"https:\/\/semead.com.br\/22\/minicursos\/minicurso-qualitativo%e2%80%8b\/#primaryimage\",\"url\":\"https:\/\/semead.com.br\/22\/wp-content\/uploads\/sites\/9\/elementor\/thumbs\/andrea-leite-ofgq2trwxrb3eaqzs5zfknyykt5vy3worm37gpexsi.png\",\"contentUrl\":\"https:\/\/semead.com.br\/22\/wp-content\/uploads\/sites\/9\/elementor\/thumbs\/andrea-leite-ofgq2trwxrb3eaqzs5zfknyykt5vy3worm37gpexsi.png\"},{\"@type\":\"BreadcrumbList\",\"@id\":\"https:\/\/semead.com.br\/22\/minicursos\/minicurso-qualitativo%e2%80%8b\/#breadcrumb\",\"itemListElement\":[{\"@type\":\"ListItem\",\"position\":1,\"name\":\"In\u00edcio\",\"item\":\"https:\/\/semead.com.br\/22\/\"},{\"@type\":\"ListItem\",\"position\":2,\"name\":\"Minicursos\",\"item\":\"https:\/\/semead.com.br\/22\/minicursos\/\"},{\"@type\":\"ListItem\",\"position\":3,\"name\":\"Minicurso &#8211; Qualitativo\u200b\"}]},{\"@type\":\"WebSite\",\"@id\":\"https:\/\/semead.com.br\/22\/#website\",\"url\":\"https:\/\/semead.com.br\/22\/\",\"name\":\"XXII SemeAd\",\"description\":\"Semin\u00e1rios em Administra\u00e7\u00e3o\",\"potentialAction\":[{\"@type\":\"SearchAction\",\"target\":{\"@type\":\"EntryPoint\",\"urlTemplate\":\"https:\/\/semead.com.br\/22\/?s={search_term_string}\"},\"query-input\":{\"@type\":\"PropertyValueSpecification\",\"valueRequired\":true,\"valueName\":\"search_term_string\"}}],\"inLanguage\":\"pt-BR\"}]}<\/script>\n<!-- \/ Yoast SEO plugin. -->","yoast_head_json":{"title":"Minicurso - Qualitativo\u200b - XXII SemeAd","robots":{"index":"index","follow":"follow","max-snippet":"max-snippet:-1","max-image-preview":"max-image-preview:large","max-video-preview":"max-video-preview:-1"},"canonical":"https:\/\/semead.com.br\/22\/minicursos\/minicurso-qualitativo\u200b\/","og_locale":"pt_BR","og_type":"article","og_title":"Minicurso - Qualitativo\u200b - XXII SemeAd","og_description":"A Hora da An\u00e1lise na Pesquisa Qualitativa: desafios na coleta, tratamento e teoriza\u00e7\u00e3o M\u00e9todos qualitativos de pesquisa exigem coragem! N\u00e3o h\u00e1 como optar por esse caminho sem se expor, se mostrar em suas cren\u00e7as, valores, vis\u00e3o de mundo. Mas \u00e9 preciso tomar cuidado: h\u00e1 algo de capcioso quando se trabalha com interpreta\u00e7\u00e3o, sentido e subjetividade....","og_url":"https:\/\/semead.com.br\/22\/minicursos\/minicurso-qualitativo\u200b\/","og_site_name":"XXII SemeAd","article_modified_time":"2019-11-02T17:56:02+00:00","og_image":[{"url":"https:\/\/semead.com.br\/22\/wp-content\/uploads\/sites\/9\/elementor\/thumbs\/andrea-leite-ofgq2trwxrb3eaqzs5zfknyykt5vy3worm37gpexsi.png","type":"","width":"","height":""}],"twitter_card":"summary_large_image","twitter_misc":{"Est. tempo de leitura":"2 minutos"},"schema":{"@context":"https:\/\/schema.org","@graph":[{"@type":"WebPage","@id":"https:\/\/semead.com.br\/22\/minicursos\/minicurso-qualitativo%e2%80%8b\/","url":"https:\/\/semead.com.br\/22\/minicursos\/minicurso-qualitativo%e2%80%8b\/","name":"Minicurso - Qualitativo\u200b - XXII SemeAd","isPartOf":{"@id":"https:\/\/semead.com.br\/22\/#website"},"primaryImageOfPage":{"@id":"https:\/\/semead.com.br\/22\/minicursos\/minicurso-qualitativo%e2%80%8b\/#primaryimage"},"image":{"@id":"https:\/\/semead.com.br\/22\/minicursos\/minicurso-qualitativo%e2%80%8b\/#primaryimage"},"thumbnailUrl":"https:\/\/semead.com.br\/22\/wp-content\/uploads\/sites\/9\/elementor\/thumbs\/andrea-leite-ofgq2trwxrb3eaqzs5zfknyykt5vy3worm37gpexsi.png","datePublished":"2019-10-23T20:56:23+00:00","dateModified":"2019-11-02T17:56:02+00:00","breadcrumb":{"@id":"https:\/\/semead.com.br\/22\/minicursos\/minicurso-qualitativo%e2%80%8b\/#breadcrumb"},"inLanguage":"pt-BR","potentialAction":[{"@type":"ReadAction","target":["https:\/\/semead.com.br\/22\/minicursos\/minicurso-qualitativo%e2%80%8b\/"]}]},{"@type":"ImageObject","inLanguage":"pt-BR","@id":"https:\/\/semead.com.br\/22\/minicursos\/minicurso-qualitativo%e2%80%8b\/#primaryimage","url":"https:\/\/semead.com.br\/22\/wp-content\/uploads\/sites\/9\/elementor\/thumbs\/andrea-leite-ofgq2trwxrb3eaqzs5zfknyykt5vy3worm37gpexsi.png","contentUrl":"https:\/\/semead.com.br\/22\/wp-content\/uploads\/sites\/9\/elementor\/thumbs\/andrea-leite-ofgq2trwxrb3eaqzs5zfknyykt5vy3worm37gpexsi.png"},{"@type":"BreadcrumbList","@id":"https:\/\/semead.com.br\/22\/minicursos\/minicurso-qualitativo%e2%80%8b\/#breadcrumb","itemListElement":[{"@type":"ListItem","position":1,"name":"In\u00edcio","item":"https:\/\/semead.com.br\/22\/"},{"@type":"ListItem","position":2,"name":"Minicursos","item":"https:\/\/semead.com.br\/22\/minicursos\/"},{"@type":"ListItem","position":3,"name":"Minicurso &#8211; Qualitativo\u200b"}]},{"@type":"WebSite","@id":"https:\/\/semead.com.br\/22\/#website","url":"https:\/\/semead.com.br\/22\/","name":"XXII SemeAd","description":"Semin\u00e1rios em Administra\u00e7\u00e3o","potentialAction":[{"@type":"SearchAction","target":{"@type":"EntryPoint","urlTemplate":"https:\/\/semead.com.br\/22\/?s={search_term_string}"},"query-input":{"@type":"PropertyValueSpecification","valueRequired":true,"valueName":"search_term_string"}}],"inLanguage":"pt-BR"}]}},"_links":{"self":[{"href":"https:\/\/semead.com.br\/22\/wp-json\/wp\/v2\/pages\/15640","targetHints":{"allow":["GET"]}}],"collection":[{"href":"https:\/\/semead.com.br\/22\/wp-json\/wp\/v2\/pages"}],"about":[{"href":"https:\/\/semead.com.br\/22\/wp-json\/wp\/v2\/types\/page"}],"author":[{"embeddable":true,"href":"https:\/\/semead.com.br\/22\/wp-json\/wp\/v2\/users\/4"}],"replies":[{"embeddable":true,"href":"https:\/\/semead.com.br\/22\/wp-json\/wp\/v2\/comments?post=15640"}],"version-history":[{"count":0,"href":"https:\/\/semead.com.br\/22\/wp-json\/wp\/v2\/pages\/15640\/revisions"}],"up":[{"embeddable":true,"href":"https:\/\/semead.com.br\/22\/wp-json\/wp\/v2\/pages\/15605"}],"wp:attachment":[{"href":"https:\/\/semead.com.br\/22\/wp-json\/wp\/v2\/media?parent=15640"}],"curies":[{"name":"wp","href":"https:\/\/api.w.org\/{rel}","templated":true}]}}