{"id":15666,"date":"2019-10-23T18:08:45","date_gmt":"2019-10-23T21:08:45","guid":{"rendered":"https:\/\/semead.com.br\/22\/?page_id=15666"},"modified":"2019-11-02T12:59:01","modified_gmt":"2019-11-02T15:59:01","slug":"impacto-no-fomento-as-pesquisas","status":"publish","type":"page","link":"https:\/\/semead.com.br\/22\/impacto-3\/impacto-no-fomento-as-pesquisas\/","title":{"rendered":"Impacto no fomento \u00e0s pesquisas"},"content":{"rendered":"\n<div class=\"wp-block-image\"><figure class=\"aligncenter is-resized\"><img fetchpriority=\"high\" decoding=\"async\" src=\"https:\/\/semead.com.br\/22\/wp-content\/uploads\/sites\/9\/2019\/10\/Professores_Pesquisa-1024x578.png\" alt=\"\" class=\"wp-image-15653\" width=\"400\" height=\"289\"\/><\/figure><\/div>\n\n\n\n<p>Voc\u00ea pesquisador que submeteu ou pretende submeter seu projeto buscando aux\u00edlio das ag\u00eancias de pesquisa, poder\u00e1 compartilhar da experi\u00eancia do Prof. Hudson Fernandes Amaral (professor\u00a0 titular da UFMG e membro do Comit\u00ea de Assessoramento de Administra\u00e7\u00e3o, Contabilidade e Economia do CNPq) e do Prof. Richard Saito (professor titular da FGV-EAESP e ex-coordenador da \u00e1rea de &#8220;Economia e Administra\u00e7\u00e3o&#8221; da FAPESP). Ambos explanar\u00e3o com base em suas experi\u00eancias, o que as ag\u00eancias de fomento costumam buscar e considerar ao avaliarem o impacto dos projetos de pesquisa selecionados para receberem financiamento.<\/p>\n\n\n\n<p><strong>Esse f\u00f3rum acontece no dia 07\/11, no Audit\u00f3rio &#8211; Congrega\u00e7\u00e3o, das 11:30 \u00e0s 13:00<\/strong><\/p>\n","protected":false},"excerpt":{"rendered":"<p>Voc\u00ea pesquisador que submeteu ou pretende submeter seu projeto buscando aux\u00edlio das ag\u00eancias de pesquisa, poder\u00e1 compartilhar da experi\u00eancia do Prof. Hudson Fernandes Amaral (professor\u00a0 titular da UFMG e membro do Comit\u00ea de Assessoramento de Administra\u00e7\u00e3o, Contabilidade e Economia do CNPq) e do Prof. Richard Saito (professor titular da FGV-EAESP e ex-coordenador da \u00e1rea de&#8230;<\/p>\n","protected":false},"author":4,"featured_media":0,"parent":15647,"menu_order":0,"comment_status":"closed","ping_status":"closed","template":"","meta":{"_acf_changed":false,"_monsterinsights_skip_tracking":false,"_monsterinsights_sitenote_active":false,"_monsterinsights_sitenote_note":"","_monsterinsights_sitenote_category":0,"footnotes":""},"class_list":["post-15666","page","type-page","status-publish","hentry"],"acf":[],"yoast_head":"<!-- This site is optimized with the Yoast SEO plugin v27.1.1 - https:\/\/yoast.com\/product\/yoast-seo-wordpress\/ -->\n<title>Impacto no fomento \u00e0s pesquisas - XXII SemeAd<\/title>\n<meta name=\"robots\" content=\"index, follow, max-snippet:-1, max-image-preview:large, max-video-preview:-1\" \/>\n<link rel=\"canonical\" href=\"https:\/\/semead.com.br\/22\/impacto-3\/impacto-no-fomento-as-pesquisas\/\" \/>\n<meta property=\"og:locale\" content=\"pt_BR\" \/>\n<meta property=\"og:type\" content=\"article\" \/>\n<meta property=\"og:title\" content=\"Impacto no fomento \u00e0s pesquisas - XXII SemeAd\" \/>\n<meta property=\"og:description\" content=\"Voc\u00ea pesquisador que submeteu ou pretende submeter seu projeto buscando aux\u00edlio das ag\u00eancias de pesquisa, poder\u00e1 compartilhar da experi\u00eancia do Prof. Hudson Fernandes Amaral (professor\u00a0 titular da UFMG e membro do Comit\u00ea de Assessoramento de Administra\u00e7\u00e3o, Contabilidade e Economia do CNPq) e do Prof. Richard Saito (professor titular da FGV-EAESP e ex-coordenador da \u00e1rea de...\" \/>\n<meta property=\"og:url\" content=\"https:\/\/semead.com.br\/22\/impacto-3\/impacto-no-fomento-as-pesquisas\/\" \/>\n<meta property=\"og:site_name\" content=\"XXII SemeAd\" \/>\n<meta property=\"article:modified_time\" content=\"2019-11-02T15:59:01+00:00\" \/>\n<meta property=\"og:image\" content=\"https:\/\/semead.com.br\/22\/wp-content\/uploads\/sites\/9\/2019\/10\/Professores_Pesquisa-1024x578.png\" \/>\n<meta name=\"twitter:card\" content=\"summary_large_image\" \/>\n<meta name=\"twitter:label1\" content=\"Est. tempo de leitura\" \/>\n\t<meta name=\"twitter:data1\" content=\"1 minuto\" \/>\n<script type=\"application\/ld+json\" class=\"yoast-schema-graph\">{\"@context\":\"https:\/\/schema.org\",\"@graph\":[{\"@type\":\"WebPage\",\"@id\":\"https:\/\/semead.com.br\/22\/impacto-3\/impacto-no-fomento-as-pesquisas\/\",\"url\":\"https:\/\/semead.com.br\/22\/impacto-3\/impacto-no-fomento-as-pesquisas\/\",\"name\":\"Impacto no fomento \u00e0s pesquisas - XXII SemeAd\",\"isPartOf\":{\"@id\":\"https:\/\/semead.com.br\/22\/#website\"},\"primaryImageOfPage\":{\"@id\":\"https:\/\/semead.com.br\/22\/impacto-3\/impacto-no-fomento-as-pesquisas\/#primaryimage\"},\"image\":{\"@id\":\"https:\/\/semead.com.br\/22\/impacto-3\/impacto-no-fomento-as-pesquisas\/#primaryimage\"},\"thumbnailUrl\":\"https:\/\/semead.com.br\/22\/wp-content\/uploads\/sites\/9\/2019\/10\/Professores_Pesquisa-1024x578.png\",\"datePublished\":\"2019-10-23T21:08:45+00:00\",\"dateModified\":\"2019-11-02T15:59:01+00:00\",\"breadcrumb\":{\"@id\":\"https:\/\/semead.com.br\/22\/impacto-3\/impacto-no-fomento-as-pesquisas\/#breadcrumb\"},\"inLanguage\":\"pt-BR\",\"potentialAction\":[{\"@type\":\"ReadAction\",\"target\":[\"https:\/\/semead.com.br\/22\/impacto-3\/impacto-no-fomento-as-pesquisas\/\"]}]},{\"@type\":\"ImageObject\",\"inLanguage\":\"pt-BR\",\"@id\":\"https:\/\/semead.com.br\/22\/impacto-3\/impacto-no-fomento-as-pesquisas\/#primaryimage\",\"url\":\"https:\/\/semead.com.br\/22\/wp-content\/uploads\/sites\/9\/2019\/10\/Professores_Pesquisa.png\",\"contentUrl\":\"https:\/\/semead.com.br\/22\/wp-content\/uploads\/sites\/9\/2019\/10\/Professores_Pesquisa.png\",\"width\":1262,\"height\":712},{\"@type\":\"BreadcrumbList\",\"@id\":\"https:\/\/semead.com.br\/22\/impacto-3\/impacto-no-fomento-as-pesquisas\/#breadcrumb\",\"itemListElement\":[{\"@type\":\"ListItem\",\"position\":1,\"name\":\"In\u00edcio\",\"item\":\"https:\/\/semead.com.br\/22\/\"},{\"@type\":\"ListItem\",\"position\":2,\"name\":\"IMPACTO\",\"item\":\"https:\/\/semead.com.br\/22\/impacto-3\/\"},{\"@type\":\"ListItem\",\"position\":3,\"name\":\"Impacto no fomento \u00e0s pesquisas\"}]},{\"@type\":\"WebSite\",\"@id\":\"https:\/\/semead.com.br\/22\/#website\",\"url\":\"https:\/\/semead.com.br\/22\/\",\"name\":\"XXII SemeAd\",\"description\":\"Semin\u00e1rios em Administra\u00e7\u00e3o\",\"potentialAction\":[{\"@type\":\"SearchAction\",\"target\":{\"@type\":\"EntryPoint\",\"urlTemplate\":\"https:\/\/semead.com.br\/22\/?s={search_term_string}\"},\"query-input\":{\"@type\":\"PropertyValueSpecification\",\"valueRequired\":true,\"valueName\":\"search_term_string\"}}],\"inLanguage\":\"pt-BR\"}]}<\/script>\n<!-- \/ Yoast SEO plugin. -->","yoast_head_json":{"title":"Impacto no fomento \u00e0s pesquisas - XXII SemeAd","robots":{"index":"index","follow":"follow","max-snippet":"max-snippet:-1","max-image-preview":"max-image-preview:large","max-video-preview":"max-video-preview:-1"},"canonical":"https:\/\/semead.com.br\/22\/impacto-3\/impacto-no-fomento-as-pesquisas\/","og_locale":"pt_BR","og_type":"article","og_title":"Impacto no fomento \u00e0s pesquisas - XXII SemeAd","og_description":"Voc\u00ea pesquisador que submeteu ou pretende submeter seu projeto buscando aux\u00edlio das ag\u00eancias de pesquisa, poder\u00e1 compartilhar da experi\u00eancia do Prof. Hudson Fernandes Amaral (professor\u00a0 titular da UFMG e membro do Comit\u00ea de Assessoramento de Administra\u00e7\u00e3o, Contabilidade e Economia do CNPq) e do Prof. Richard Saito (professor titular da FGV-EAESP e ex-coordenador da \u00e1rea de...","og_url":"https:\/\/semead.com.br\/22\/impacto-3\/impacto-no-fomento-as-pesquisas\/","og_site_name":"XXII SemeAd","article_modified_time":"2019-11-02T15:59:01+00:00","og_image":[{"url":"https:\/\/semead.com.br\/22\/wp-content\/uploads\/sites\/9\/2019\/10\/Professores_Pesquisa-1024x578.png","type":"","width":"","height":""}],"twitter_card":"summary_large_image","twitter_misc":{"Est. tempo de leitura":"1 minuto"},"schema":{"@context":"https:\/\/schema.org","@graph":[{"@type":"WebPage","@id":"https:\/\/semead.com.br\/22\/impacto-3\/impacto-no-fomento-as-pesquisas\/","url":"https:\/\/semead.com.br\/22\/impacto-3\/impacto-no-fomento-as-pesquisas\/","name":"Impacto no fomento \u00e0s pesquisas - XXII SemeAd","isPartOf":{"@id":"https:\/\/semead.com.br\/22\/#website"},"primaryImageOfPage":{"@id":"https:\/\/semead.com.br\/22\/impacto-3\/impacto-no-fomento-as-pesquisas\/#primaryimage"},"image":{"@id":"https:\/\/semead.com.br\/22\/impacto-3\/impacto-no-fomento-as-pesquisas\/#primaryimage"},"thumbnailUrl":"https:\/\/semead.com.br\/22\/wp-content\/uploads\/sites\/9\/2019\/10\/Professores_Pesquisa-1024x578.png","datePublished":"2019-10-23T21:08:45+00:00","dateModified":"2019-11-02T15:59:01+00:00","breadcrumb":{"@id":"https:\/\/semead.com.br\/22\/impacto-3\/impacto-no-fomento-as-pesquisas\/#breadcrumb"},"inLanguage":"pt-BR","potentialAction":[{"@type":"ReadAction","target":["https:\/\/semead.com.br\/22\/impacto-3\/impacto-no-fomento-as-pesquisas\/"]}]},{"@type":"ImageObject","inLanguage":"pt-BR","@id":"https:\/\/semead.com.br\/22\/impacto-3\/impacto-no-fomento-as-pesquisas\/#primaryimage","url":"https:\/\/semead.com.br\/22\/wp-content\/uploads\/sites\/9\/2019\/10\/Professores_Pesquisa.png","contentUrl":"https:\/\/semead.com.br\/22\/wp-content\/uploads\/sites\/9\/2019\/10\/Professores_Pesquisa.png","width":1262,"height":712},{"@type":"BreadcrumbList","@id":"https:\/\/semead.com.br\/22\/impacto-3\/impacto-no-fomento-as-pesquisas\/#breadcrumb","itemListElement":[{"@type":"ListItem","position":1,"name":"In\u00edcio","item":"https:\/\/semead.com.br\/22\/"},{"@type":"ListItem","position":2,"name":"IMPACTO","item":"https:\/\/semead.com.br\/22\/impacto-3\/"},{"@type":"ListItem","position":3,"name":"Impacto no fomento \u00e0s pesquisas"}]},{"@type":"WebSite","@id":"https:\/\/semead.com.br\/22\/#website","url":"https:\/\/semead.com.br\/22\/","name":"XXII SemeAd","description":"Semin\u00e1rios em Administra\u00e7\u00e3o","potentialAction":[{"@type":"SearchAction","target":{"@type":"EntryPoint","urlTemplate":"https:\/\/semead.com.br\/22\/?s={search_term_string}"},"query-input":{"@type":"PropertyValueSpecification","valueRequired":true,"valueName":"search_term_string"}}],"inLanguage":"pt-BR"}]}},"_links":{"self":[{"href":"https:\/\/semead.com.br\/22\/wp-json\/wp\/v2\/pages\/15666","targetHints":{"allow":["GET"]}}],"collection":[{"href":"https:\/\/semead.com.br\/22\/wp-json\/wp\/v2\/pages"}],"about":[{"href":"https:\/\/semead.com.br\/22\/wp-json\/wp\/v2\/types\/page"}],"author":[{"embeddable":true,"href":"https:\/\/semead.com.br\/22\/wp-json\/wp\/v2\/users\/4"}],"replies":[{"embeddable":true,"href":"https:\/\/semead.com.br\/22\/wp-json\/wp\/v2\/comments?post=15666"}],"version-history":[{"count":0,"href":"https:\/\/semead.com.br\/22\/wp-json\/wp\/v2\/pages\/15666\/revisions"}],"up":[{"embeddable":true,"href":"https:\/\/semead.com.br\/22\/wp-json\/wp\/v2\/pages\/15647"}],"wp:attachment":[{"href":"https:\/\/semead.com.br\/22\/wp-json\/wp\/v2\/media?parent=15666"}],"curies":[{"name":"wp","href":"https:\/\/api.w.org\/{rel}","templated":true}]}}