{"id":15668,"date":"2019-10-23T18:09:29","date_gmt":"2019-10-23T21:09:29","guid":{"rendered":"https:\/\/semead.com.br\/22\/?page_id=15668"},"modified":"2019-11-02T12:59:51","modified_gmt":"2019-11-02T15:59:51","slug":"impacto-em-business-schools","status":"publish","type":"page","link":"https:\/\/semead.com.br\/22\/impacto-3\/impacto-em-business-schools\/","title":{"rendered":"Impacto em <i>Business Schools<\/i>"},"content":{"rendered":"\n<div class=\"wp-block-image\"><figure class=\"aligncenter is-resized\"><img decoding=\"async\" src=\"https:\/\/semead.com.br\/22\/wp-content\/uploads\/sites\/9\/2019\/10\/Professores_Business-Scholl-1024x591.png\" alt=\"\" class=\"wp-image-15654\" width=\"400\" srcset=\"https:\/\/semead.com.br\/22\/wp-content\/uploads\/sites\/9\/2019\/10\/Professores_Business-Scholl-1024x591.png 1024w, https:\/\/semead.com.br\/22\/wp-content\/uploads\/sites\/9\/2019\/10\/Professores_Business-Scholl-300x173.png 300w, https:\/\/semead.com.br\/22\/wp-content\/uploads\/sites\/9\/2019\/10\/Professores_Business-Scholl-768x443.png 768w, https:\/\/semead.com.br\/22\/wp-content\/uploads\/sites\/9\/2019\/10\/Professores_Business-Scholl.png 1262w\" sizes=\"(max-width: 1024px) 100vw, 1024px\" \/><\/figure><\/div>\n\n\n\n<p>Para os coordenadores e gestores de\n<em>Business Schools<\/em> que querem conhecer os crit\u00e9rios para adquirir o\nreconhecimento internacional das entidades de acredita\u00e7\u00e3o (AACSB, AMBA e\nEFMD-EQUIS) e sobretudo como o impacto \u00e9 avaliado pelas mesmas, teremos a\nparticipa\u00e7\u00e3o de Debra Leighton e Michael Wiemer.<\/p>\n\n\n\n<p>Wiemer \u00e9 vice-presidente s\u00eanior e diretor das Am\u00e9ricas da AACSB International. E Leighton \u00e9 diretora da University of Bedfordshire Business School, com ampla experi\u00eancia em lideran\u00e7a e gerenciamento de acredita\u00e7\u00f5es externas (AACSB, EPAS, PRME, Small Business Charter, AMBA). Recentemente participou do processo de reconhecimento \u201cBusiness School Impact System (BSIS)\u201d da University of Bedfordshire Business School, certifica\u00e7\u00e3o de impacto concedida pela Funda\u00e7\u00e3o Europeia para o Desenvolvimento Gerencial (EFMD).<\/p>\n\n\n\n<p><strong>Esse f\u00f3rum acontece no dia 08\/11, no Audit\u00f3rio &#8211; Congrega\u00e7\u00e3o, das 10:00 \u00e0s 11:30<\/strong><\/p>\n","protected":false},"excerpt":{"rendered":"<p>Para os coordenadores e gestores de Business Schools que querem conhecer os crit\u00e9rios para adquirir o reconhecimento internacional das entidades de acredita\u00e7\u00e3o (AACSB, AMBA e EFMD-EQUIS) e sobretudo como o impacto \u00e9 avaliado pelas mesmas, teremos a participa\u00e7\u00e3o de Debra Leighton e Michael Wiemer. Wiemer \u00e9 vice-presidente s\u00eanior e diretor das Am\u00e9ricas da AACSB International&#8230;.<\/p>\n","protected":false},"author":4,"featured_media":0,"parent":15647,"menu_order":0,"comment_status":"closed","ping_status":"closed","template":"","meta":{"_acf_changed":false,"_monsterinsights_skip_tracking":false,"_monsterinsights_sitenote_active":false,"_monsterinsights_sitenote_note":"","_monsterinsights_sitenote_category":0,"footnotes":""},"class_list":["post-15668","page","type-page","status-publish","hentry"],"acf":[],"yoast_head":"<!-- This site is optimized with the Yoast SEO plugin v27.1.1 - https:\/\/yoast.com\/product\/yoast-seo-wordpress\/ -->\n<title>Impacto em Business Schools - XXII SemeAd<\/title>\n<meta name=\"robots\" content=\"index, follow, max-snippet:-1, max-image-preview:large, max-video-preview:-1\" \/>\n<link rel=\"canonical\" href=\"https:\/\/semead.com.br\/22\/impacto-3\/impacto-em-business-schools\/\" \/>\n<meta property=\"og:locale\" content=\"pt_BR\" \/>\n<meta property=\"og:type\" content=\"article\" \/>\n<meta property=\"og:title\" content=\"Impacto em Business Schools - XXII SemeAd\" \/>\n<meta property=\"og:description\" content=\"Para os coordenadores e gestores de Business Schools que querem conhecer os crit\u00e9rios para adquirir o reconhecimento internacional das entidades de acredita\u00e7\u00e3o (AACSB, AMBA e EFMD-EQUIS) e sobretudo como o impacto \u00e9 avaliado pelas mesmas, teremos a participa\u00e7\u00e3o de Debra Leighton e Michael Wiemer. Wiemer \u00e9 vice-presidente s\u00eanior e diretor das Am\u00e9ricas da AACSB International....\" \/>\n<meta property=\"og:url\" content=\"https:\/\/semead.com.br\/22\/impacto-3\/impacto-em-business-schools\/\" \/>\n<meta property=\"og:site_name\" content=\"XXII SemeAd\" \/>\n<meta property=\"article:modified_time\" content=\"2019-11-02T15:59:51+00:00\" \/>\n<meta property=\"og:image\" content=\"https:\/\/semead.com.br\/22\/wp-content\/uploads\/sites\/9\/2019\/10\/Professores_Business-Scholl-1024x591.png\" \/>\n<meta name=\"twitter:card\" content=\"summary_large_image\" \/>\n<meta name=\"twitter:label1\" content=\"Est. tempo de leitura\" \/>\n\t<meta name=\"twitter:data1\" content=\"1 minuto\" \/>\n<script type=\"application\/ld+json\" class=\"yoast-schema-graph\">{\"@context\":\"https:\/\/schema.org\",\"@graph\":[{\"@type\":\"WebPage\",\"@id\":\"https:\/\/semead.com.br\/22\/impacto-3\/impacto-em-business-schools\/\",\"url\":\"https:\/\/semead.com.br\/22\/impacto-3\/impacto-em-business-schools\/\",\"name\":\"Impacto em Business Schools - XXII SemeAd\",\"isPartOf\":{\"@id\":\"https:\/\/semead.com.br\/22\/#website\"},\"primaryImageOfPage\":{\"@id\":\"https:\/\/semead.com.br\/22\/impacto-3\/impacto-em-business-schools\/#primaryimage\"},\"image\":{\"@id\":\"https:\/\/semead.com.br\/22\/impacto-3\/impacto-em-business-schools\/#primaryimage\"},\"thumbnailUrl\":\"https:\/\/semead.com.br\/22\/wp-content\/uploads\/sites\/9\/2019\/10\/Professores_Business-Scholl-1024x591.png\",\"datePublished\":\"2019-10-23T21:09:29+00:00\",\"dateModified\":\"2019-11-02T15:59:51+00:00\",\"breadcrumb\":{\"@id\":\"https:\/\/semead.com.br\/22\/impacto-3\/impacto-em-business-schools\/#breadcrumb\"},\"inLanguage\":\"pt-BR\",\"potentialAction\":[{\"@type\":\"ReadAction\",\"target\":[\"https:\/\/semead.com.br\/22\/impacto-3\/impacto-em-business-schools\/\"]}]},{\"@type\":\"ImageObject\",\"inLanguage\":\"pt-BR\",\"@id\":\"https:\/\/semead.com.br\/22\/impacto-3\/impacto-em-business-schools\/#primaryimage\",\"url\":\"https:\/\/semead.com.br\/22\/wp-content\/uploads\/sites\/9\/2019\/10\/Professores_Business-Scholl.png\",\"contentUrl\":\"https:\/\/semead.com.br\/22\/wp-content\/uploads\/sites\/9\/2019\/10\/Professores_Business-Scholl.png\",\"width\":1262,\"height\":728},{\"@type\":\"BreadcrumbList\",\"@id\":\"https:\/\/semead.com.br\/22\/impacto-3\/impacto-em-business-schools\/#breadcrumb\",\"itemListElement\":[{\"@type\":\"ListItem\",\"position\":1,\"name\":\"In\u00edcio\",\"item\":\"https:\/\/semead.com.br\/22\/\"},{\"@type\":\"ListItem\",\"position\":2,\"name\":\"IMPACTO\",\"item\":\"https:\/\/semead.com.br\/22\/impacto-3\/\"},{\"@type\":\"ListItem\",\"position\":3,\"name\":\"Impacto em Business Schools\"}]},{\"@type\":\"WebSite\",\"@id\":\"https:\/\/semead.com.br\/22\/#website\",\"url\":\"https:\/\/semead.com.br\/22\/\",\"name\":\"XXII SemeAd\",\"description\":\"Semin\u00e1rios em Administra\u00e7\u00e3o\",\"potentialAction\":[{\"@type\":\"SearchAction\",\"target\":{\"@type\":\"EntryPoint\",\"urlTemplate\":\"https:\/\/semead.com.br\/22\/?s={search_term_string}\"},\"query-input\":{\"@type\":\"PropertyValueSpecification\",\"valueRequired\":true,\"valueName\":\"search_term_string\"}}],\"inLanguage\":\"pt-BR\"}]}<\/script>\n<!-- \/ Yoast SEO plugin. -->","yoast_head_json":{"title":"Impacto em Business Schools - XXII SemeAd","robots":{"index":"index","follow":"follow","max-snippet":"max-snippet:-1","max-image-preview":"max-image-preview:large","max-video-preview":"max-video-preview:-1"},"canonical":"https:\/\/semead.com.br\/22\/impacto-3\/impacto-em-business-schools\/","og_locale":"pt_BR","og_type":"article","og_title":"Impacto em Business Schools - XXII SemeAd","og_description":"Para os coordenadores e gestores de Business Schools que querem conhecer os crit\u00e9rios para adquirir o reconhecimento internacional das entidades de acredita\u00e7\u00e3o (AACSB, AMBA e EFMD-EQUIS) e sobretudo como o impacto \u00e9 avaliado pelas mesmas, teremos a participa\u00e7\u00e3o de Debra Leighton e Michael Wiemer. Wiemer \u00e9 vice-presidente s\u00eanior e diretor das Am\u00e9ricas da AACSB International....","og_url":"https:\/\/semead.com.br\/22\/impacto-3\/impacto-em-business-schools\/","og_site_name":"XXII SemeAd","article_modified_time":"2019-11-02T15:59:51+00:00","og_image":[{"url":"https:\/\/semead.com.br\/22\/wp-content\/uploads\/sites\/9\/2019\/10\/Professores_Business-Scholl-1024x591.png","type":"","width":"","height":""}],"twitter_card":"summary_large_image","twitter_misc":{"Est. tempo de leitura":"1 minuto"},"schema":{"@context":"https:\/\/schema.org","@graph":[{"@type":"WebPage","@id":"https:\/\/semead.com.br\/22\/impacto-3\/impacto-em-business-schools\/","url":"https:\/\/semead.com.br\/22\/impacto-3\/impacto-em-business-schools\/","name":"Impacto em Business Schools - XXII SemeAd","isPartOf":{"@id":"https:\/\/semead.com.br\/22\/#website"},"primaryImageOfPage":{"@id":"https:\/\/semead.com.br\/22\/impacto-3\/impacto-em-business-schools\/#primaryimage"},"image":{"@id":"https:\/\/semead.com.br\/22\/impacto-3\/impacto-em-business-schools\/#primaryimage"},"thumbnailUrl":"https:\/\/semead.com.br\/22\/wp-content\/uploads\/sites\/9\/2019\/10\/Professores_Business-Scholl-1024x591.png","datePublished":"2019-10-23T21:09:29+00:00","dateModified":"2019-11-02T15:59:51+00:00","breadcrumb":{"@id":"https:\/\/semead.com.br\/22\/impacto-3\/impacto-em-business-schools\/#breadcrumb"},"inLanguage":"pt-BR","potentialAction":[{"@type":"ReadAction","target":["https:\/\/semead.com.br\/22\/impacto-3\/impacto-em-business-schools\/"]}]},{"@type":"ImageObject","inLanguage":"pt-BR","@id":"https:\/\/semead.com.br\/22\/impacto-3\/impacto-em-business-schools\/#primaryimage","url":"https:\/\/semead.com.br\/22\/wp-content\/uploads\/sites\/9\/2019\/10\/Professores_Business-Scholl.png","contentUrl":"https:\/\/semead.com.br\/22\/wp-content\/uploads\/sites\/9\/2019\/10\/Professores_Business-Scholl.png","width":1262,"height":728},{"@type":"BreadcrumbList","@id":"https:\/\/semead.com.br\/22\/impacto-3\/impacto-em-business-schools\/#breadcrumb","itemListElement":[{"@type":"ListItem","position":1,"name":"In\u00edcio","item":"https:\/\/semead.com.br\/22\/"},{"@type":"ListItem","position":2,"name":"IMPACTO","item":"https:\/\/semead.com.br\/22\/impacto-3\/"},{"@type":"ListItem","position":3,"name":"Impacto em Business Schools"}]},{"@type":"WebSite","@id":"https:\/\/semead.com.br\/22\/#website","url":"https:\/\/semead.com.br\/22\/","name":"XXII SemeAd","description":"Semin\u00e1rios em Administra\u00e7\u00e3o","potentialAction":[{"@type":"SearchAction","target":{"@type":"EntryPoint","urlTemplate":"https:\/\/semead.com.br\/22\/?s={search_term_string}"},"query-input":{"@type":"PropertyValueSpecification","valueRequired":true,"valueName":"search_term_string"}}],"inLanguage":"pt-BR"}]}},"_links":{"self":[{"href":"https:\/\/semead.com.br\/22\/wp-json\/wp\/v2\/pages\/15668","targetHints":{"allow":["GET"]}}],"collection":[{"href":"https:\/\/semead.com.br\/22\/wp-json\/wp\/v2\/pages"}],"about":[{"href":"https:\/\/semead.com.br\/22\/wp-json\/wp\/v2\/types\/page"}],"author":[{"embeddable":true,"href":"https:\/\/semead.com.br\/22\/wp-json\/wp\/v2\/users\/4"}],"replies":[{"embeddable":true,"href":"https:\/\/semead.com.br\/22\/wp-json\/wp\/v2\/comments?post=15668"}],"version-history":[{"count":0,"href":"https:\/\/semead.com.br\/22\/wp-json\/wp\/v2\/pages\/15668\/revisions"}],"up":[{"embeddable":true,"href":"https:\/\/semead.com.br\/22\/wp-json\/wp\/v2\/pages\/15647"}],"wp:attachment":[{"href":"https:\/\/semead.com.br\/22\/wp-json\/wp\/v2\/media?parent=15668"}],"curies":[{"name":"wp","href":"https:\/\/api.w.org\/{rel}","templated":true}]}}