{"id":23,"date":"2013-04-26T00:16:38","date_gmt":"2013-04-26T00:16:38","guid":{"rendered":"http:\/\/semead.com.br\/?page_id=23"},"modified":"2023-07-14T13:55:25","modified_gmt":"2023-07-14T16:55:25","slug":"regras-para-submissao","status":"publish","type":"page","link":"https:\/\/semead.com.br\/22\/regras-para-submissao\/","title":{"rendered":"Regras para Submiss\u00e3o"},"content":{"rendered":"\t\t<div data-elementor-type=\"wp-page\" data-elementor-id=\"23\" class=\"elementor elementor-23\">\n\t\t\t\t\t\t<section class=\"elementor-section elementor-top-section elementor-element elementor-element-7934225d elementor-section-boxed elementor-section-height-default elementor-section-height-default\" data-id=\"7934225d\" data-element_type=\"section\" data-e-type=\"section\">\n\t\t\t\t\t\t<div class=\"elementor-container elementor-column-gap-default\">\n\t\t\t\t\t<div class=\"elementor-column elementor-col-100 elementor-top-column elementor-element elementor-element-5d9f928e\" data-id=\"5d9f928e\" data-element_type=\"column\" data-e-type=\"column\">\n\t\t\t<div class=\"elementor-widget-wrap elementor-element-populated\">\n\t\t\t\t\t\t<div class=\"elementor-element elementor-element-5a5c5d4d elementor-widget elementor-widget-text-editor\" data-id=\"5a5c5d4d\" data-element_type=\"widget\" data-e-type=\"widget\" data-widget_type=\"text-editor.default\">\n\t\t\t\t<div class=\"elementor-widget-container\">\n\t\t\t\t\t\t\t\t\t<p>\u2013 A submiss\u00e3o de trabalhos ser\u00e1 exclusivamente pela Internet.<\/p><p><span style=\"text-decoration: underline;\">\u2013 O trabalho deve ser in\u00e9dito, contudo, ser\u00e3o aceitos trabalhos em desenvolvimento, mesmo j\u00e1 apresentados em outros congressos que<strong> n\u00e3o o SemeAd<\/strong> e que n\u00e3o tenham j\u00e1 sido submetidos e\/ou publicados em peri\u00f3dicos cient\u00edficos.<\/span><\/p><p>\u2013 Ser\u00e3o aceitos artigos te\u00f3rico-emp\u00edricos: baseados em dados prim\u00e1rios e\/ou secund\u00e1rios (qualitativos e\/ou quantitativos) e tamb\u00e9m ensaios te\u00f3ricos: baseados em fundamenta\u00e7\u00e3o te\u00f3rica aprofundada sobre um determinado tema.<\/p><p>\u2013 Os trabalhos poder\u00e3o ser submetidos em portugu\u00eas, ingl\u00eas ou espanhol.<\/p><p>\u2013 Cada trabalho poder\u00e1 ter no m\u00e1ximo cinco (5) autores.<\/p><p>\u2013 Ser\u00e1 permitido at\u00e9 tr\u00eas (3) submiss\u00f5es de trabalhos (Artigos cient\u00edficos, Relatos tecnol\u00f3gicos e Casos de ensino) por autor e mais um projeto de tese no Cons\u00f3rcio Doutoral.<\/p><p>\u2013 O trabalho n\u00e3o pode conter qualquer identifica\u00e7\u00e3o ou indica\u00e7\u00e3o de autoria no campo \u201cpropriedade\u201d e no corpo do trabalho.<\/p><p>\u2013 Dever\u00e3o ser submetidos arquivos em formato PDF.<\/p><p>\u2013 A vers\u00e3o enviada ser\u00e1 definitiva.<\/p><p>\u2013 Para submiss\u00e3o de trabalhos, os autores devem estar cadastrados no sistema. \u00c0 exce\u00e7\u00e3o do autor que efetua a submiss\u00e3o, ser\u00e1 requerida a confirma\u00e7\u00e3o de autoria dos demais autores no sistema. Os autores que n\u00e3o confirmarem sua coautoria no sistema n\u00e3o ser\u00e3o relacionados nos anais.<\/p><p>\u2013 Para o cadastro, os autores devem ter em m\u00e3os o n\u00famero do CPF de cada um dos autores brasileiros. Para os autores estrangeiros, ter o n\u00famero do passaporte.<\/p><p>\u2013 Altera\u00e7\u00f5es nos dados dos autores (inclus\u00e3o, exclus\u00e3o e mudan\u00e7a na ordem de autoria) somente poder\u00e3o ser efetuadas at\u00e9 a data limite de submiss\u00e3o.<\/p><p>Categorias de Trabalhos:<br \/><div class=\"symple-toggle state-closed \"><h3 class=\"symple-toggle-trigger \">Artigo Te\u00f3rico (Ensaio Te\u00f3rico): Trabalho voltado \u00e0 revis\u00e3o, discuss\u00e3o e desenvolvimento de teorias, fruto ou n\u00e3o de revis\u00e3o sistem\u00e1tica da literatura<\/h3><div class=\"symple-toggle-container symple-clearfix\"><\/p><p><strong>Formata\u00e7\u00e3o do trabalho:\u00a0<\/strong><br \/>\u2013 Formato do papel: A4;<br \/>\u2013 Fonte: Times New Roman\/ tamanho 12;<br \/>\u2013 Espa\u00e7amento: simples, texto disposto em uma coluna;<br \/>\u2013 Alinhamento: justificado;<br \/>\u2013 Margens: Superior: 3 cm; inferior: 2 cm; esquerda: 3 cm; direita: 2 cm.<br \/>\u2013 Pagina\u00e7\u00e3o: inserir n\u00famero de p\u00e1ginas no rodap\u00e9 com alinhamento ao lado direito;<br \/>\u2013 T\u00edtulos em letras mai\u00fasculas e subt\u00edtulos em letras min\u00fasculas;<br \/>\u2013 Formato do arquivo: PDF;<br \/>\u2013 O trabalho pode ter no m\u00e1ximo 16 p\u00e1ginas, incluindo o texto propriamente dito, ilustra\u00e7\u00f5es e refer\u00eancias bibliogr\u00e1ficas.<br \/>\u2013 O texto deve come\u00e7ar pelo t\u00edtulo seguido pela introdu\u00e7\u00e3o. Sugerimos aos autores que preparem o resumo expandido em um documento separado e copiem e colem cada item no campo espec\u00edfico no ato da submiss\u00e3o.<br \/>\u2013 Notas: n\u00e3o devem ser colocadas no rodap\u00e9, mas inseridas como notas de final de texto.<br \/>\u2013 As refer\u00eancias bibliogr\u00e1ficas dever\u00e3o ser citadas ao longo do texto de acordo com o sistema (autor-data), e apresentadas em ordem alfab\u00e9tica no final do trabalho, de acordo com as normas APA ou ABNT\/NBR-6023.<\/p><p><strong>Estrutura sugerida do trabalho:<\/strong><br \/>\u2013 Introdu\u00e7\u00e3o<br \/>\u2013 Problema de Pesquisa e Objetivo<br \/>\u2013 Fundamenta\u00e7\u00e3o Te\u00f3rica<br \/>\u2013 Discuss\u00e3o<br \/>\u2013 Conclus\u00e3o \/ Contribui\u00e7\u00e3o<br \/>\u2013 Refer\u00eancias Bibliogr\u00e1ficas<\/p><p><strong>Resumo Estruturado <\/strong><em>(p\u00e1gina de submiss\u00e3o)<\/em><strong>:<\/strong><br \/>Ao submeter o artigo,\u00a0na pr\u00f3pria p\u00e1gina de envio de trabalho (etapa 1), dever\u00e1 ser preenchido o Resumo Estruturado em que consta:<br \/>\u2013 T\u00edtulo (no m\u00e1ximo 190 caracteres);<br \/>\u2013 Palavras-chave (3 palavras);<br \/>\u2013 Introdu\u00e7\u00e3o\u00a0(no m\u00e1ximo 600 caracteres);<br \/>\u2013 Problema de Pesquisa e Objetivo (no m\u00e1ximo 600 caracteres);<br \/>\u2013 Fundamenta\u00e7\u00e3o Te\u00f3rica (no m\u00e1ximo 600 caracteres);<br \/>\u2013 Discuss\u00e3o\u00a0(no m\u00e1ximo 600 caracteres);<br \/>\u2013 Conclus\u00e3o (no m\u00e1ximo 600 caracteres);<br \/>\u2013 Contribui\u00e7\u00e3o \/ Impacto (no m\u00e1ximo 600 caracteres);<br \/>\u2013 Refer\u00eancias Bibliogr\u00e1ficas (no m\u00e1ximo 600 caracteres).<\/p><p><strong>O trabalho poder\u00e1 ser paralelamente submetido ao\u00a0Sapiens \u2013 <a href=\"https:\/\/semead.com.br\/22\/trabalhos\/sapiens-sessao-de-aprimoramento-de-estudos-cientificos\/\">Sess\u00f5es de Aprimoramento de Estudos Cient\u00edficos.<\/a><\/strong><\/p><p><strong>Trabalhos que n\u00e3o estejam no formato especificado n\u00e3o ser\u00e3o aceitos.<\/strong><\/p><p><\/div><\/div><\/p><p><div class=\"symple-toggle state-closed \"><h3 class=\"symple-toggle-trigger \">Artigo Te\u00f3rico-Emp\u00edrico: Ancora-se em um problema te\u00f3rico (lacuna ou contradi\u00e7\u00e3o da teoria) e a partir deste, empregando l\u00f3gica indutiva (proposi\u00e7\u00f5es) ou dedutiva (hip\u00f3teses), realiza pesquisa emp\u00edrica aplicando m\u00e9todos qualitativos ou quantitativos. Prop\u00f5e um avan\u00e7o na teoria<\/h3><div class=\"symple-toggle-container symple-clearfix\"><\/p><p><strong>Formata\u00e7\u00e3o do trabalho:\u00a0<\/strong><br \/>\u2013 Formato do papel: A4;<br \/>\u2013 Fonte: Times New Roman\/ tamanho 12;<br \/>\u2013 Espa\u00e7amento: simples, texto disposto em uma coluna;<br \/>\u2013 Alinhamento: justificado;<br \/>\u2013 Margens: Superior: 3 cm; inferior: 2 cm; esquerda: 3 cm; direita: 2 cm.<br \/>\u2013 Pagina\u00e7\u00e3o: inserir n\u00famero de p\u00e1ginas no rodap\u00e9 com alinhamento ao lado direito;<br \/>\u2013 T\u00edtulos em letras mai\u00fasculas e subt\u00edtulos em letras min\u00fasculas;<br \/>\u2013 Formato do arquivo: PDF;<br \/>\u2013 O trabalho pode ter no m\u00e1ximo 16 p\u00e1ginas, incluindo o texto propriamente dito, ilustra\u00e7\u00f5es e refer\u00eancias bibliogr\u00e1ficas.<br \/>\u2013 O texto deve come\u00e7ar pelo t\u00edtulo seguido pela introdu\u00e7\u00e3o. Sugerimos aos autores que preparem o resumo expandido em um documento separado e copiem e colem cada item no campo espec\u00edfico no ato da submiss\u00e3o.<br \/>\u2013 Notas: n\u00e3o devem ser colocadas no rodap\u00e9, mas inseridas como notas de final de texto.<br \/>\u2013 As refer\u00eancias bibliogr\u00e1ficas dever\u00e3o ser citadas ao longo do texto de acordo com o sistema (autor-data), e apresentadas em ordem alfab\u00e9tica no final do trabalho, de acordo com as normas APA ou ABNT\/NBR-6023.<\/p><p><strong>Estrutura sugerida do trabalho:<\/strong><br \/>\u2013 Introdu\u00e7\u00e3o<br \/>\u2013 Problema de Pesquisa e Objetivo<br \/>\u2013 Fundamenta\u00e7\u00e3o Te\u00f3rica<br \/>\u2013 Metodologia<br \/>\u2013 An\u00e1lise dos Resultados<br \/>\u2013 Conclus\u00e3o \/ Contribui\u00e7\u00e3o<br \/>\u2013 Refer\u00eancias Bibliogr\u00e1ficas<\/p><p><strong>Resumo Estruturado <\/strong><em>(p\u00e1gina de submiss\u00e3o)<\/em><strong>:<\/strong><br \/>Ao submeter o artigo,\u00a0na pr\u00f3pria p\u00e1gina de envio de trabalho (etapa 1), dever\u00e1 ser preenchido o Resumo Estruturado em que consta:<br \/>\u2013 T\u00edtulo (no m\u00e1ximo 190 caracteres);<br \/>\u2013 Palavras-chave (3 palavras);<br \/>\u2013 Introdu\u00e7\u00e3o\u00a0(no m\u00e1ximo 600 caracteres);<br \/>\u2013 Problema de Pesquisa e Objetivo (no m\u00e1ximo 600 caracteres);<br \/>\u2013 Fundamenta\u00e7\u00e3o Te\u00f3rica (no m\u00e1ximo 600 caracteres);<br \/>\u2013 Metodologia\u00a0(no m\u00e1ximo 600 caracteres);<br \/>\u2013 An\u00e1lise dos Resultados\u00a0(no m\u00e1ximo 600 caracteres);<br \/>\u2013 Conclus\u00e3o (no m\u00e1ximo 600 caracteres);<br \/>\u2013 Contribui\u00e7\u00e3o \/ Impacto (no m\u00e1ximo 600 caracteres);<br \/>\u2013 Refer\u00eancias Bibliogr\u00e1ficas (no m\u00e1ximo 600 caracteres).<\/p><p><strong>O trabalho poder\u00e1 ser paralelamente submetido ao\u00a0Sapiens \u2013 <a href=\"https:\/\/semead.com.br\/22\/trabalhos\/sapiens-sessao-de-aprimoramento-de-estudos-cientificos\/\">Sess\u00f5es de Aprimoramento de Estudos Cient\u00edficos.<\/a><\/strong><\/p><p><strong>Trabalhos que n\u00e3o estejam no formato especificado n\u00e3o ser\u00e3o aceitos.<\/strong><\/p><p><\/div><\/div><\/p><p><div class=\"symple-toggle state-closed \"><h3 class=\"symple-toggle-trigger \">Artigo Aplicado: Emprega modelos te\u00f3ricos para revelar conhecimentos a respeito de organiza\u00e7\u00f5es ou grupo de organiza\u00e7\u00f5es (setores ou redes) ou desenvolve e\/ou testa modelos gerenciais para organiza\u00e7\u00f5es.<\/h3><div class=\"symple-toggle-container symple-clearfix\"><\/p><p><strong>Formata\u00e7\u00e3o do trabalho:\u00a0<\/strong><br \/>\u2013 Formato do papel: A4;<br \/>\u2013 Fonte: Times New Roman\/ tamanho 12;<br \/>\u2013 Espa\u00e7amento: simples, texto disposto em uma coluna;<br \/>\u2013 Alinhamento: justificado;<br \/>\u2013 Margens: Superior: 3 cm; inferior: 2 cm; esquerda: 3 cm; direita: 2 cm.<br \/>\u2013 Pagina\u00e7\u00e3o: inserir n\u00famero de p\u00e1ginas no rodap\u00e9 com alinhamento ao lado direito;<br \/>\u2013 T\u00edtulos em letras mai\u00fasculas e subt\u00edtulos em letras min\u00fasculas;<br \/>\u2013 Formato do arquivo: PDF;<br \/>\u2013 O trabalho pode ter no m\u00e1ximo 15 p\u00e1ginas, incluindo o texto propriamente dito, ilustra\u00e7\u00f5es e refer\u00eancias bibliogr\u00e1ficas.<br \/>\u2013 O texto deve come\u00e7ar pelo t\u00edtulo seguido pela introdu\u00e7\u00e3o. Sugerimos aos autores que preparem o resumo expandido em um documento separado e copiem e colem cada item no campo espec\u00edfico no ato da submiss\u00e3o.<\/p><p>\u2013 Notas: n\u00e3o devem ser colocadas no rodap\u00e9, mas inseridas como notas de final de texto.<br \/>\u2013 As refer\u00eancias bibliogr\u00e1ficas dever\u00e3o ser citadas ao longo do texto de acordo com o sistema (autor-data), e apresentadas em ordem alfab\u00e9tica no final do trabalho, de acordo com as normas APA ou ABNT\/NBR-6023.<\/p><p><strong>Estrutura sugerida do trabalho:<\/strong><br \/>\u2013 Introdu\u00e7\u00e3o;<br \/>\u2013 Contexto Investigado;<br \/>\u2013 Diagn\u00f3stico da Situa\u00e7\u00e3o-Problema;<br \/>\u2013 Interven\u00e7\u00e3o Proposta: mecanismos adotados para solucionar o problema;<br \/>\u2013 Resultados Obtidos: descri\u00e7\u00e3o de maneira objetiva dos resultados obtidos na organiza\u00e7\u00e3o, destacando tamb\u00e9m os fatores conjunturais que podem ter afetado esse resultado al\u00e9m da interven\u00e7\u00e3o.<br \/>\u2013 Contribui\u00e7\u00e3o Tecnol\u00f3gica-Social.<\/p><p><strong>Resumo Estruturado <\/strong><em>(p\u00e1gina de submiss\u00e3o)<\/em><strong>:<\/strong><br \/>Ao submeter o artigo,\u00a0na pr\u00f3pria p\u00e1gina de envio de trabalho (etapa 1), dever\u00e1 ser preenchido o Resumo Estruturado em que consta:<br \/>\u2013 T\u00edtulo (no m\u00e1ximo 190 caracteres);<br \/>\u2013 Palavras chave (3 palavras);<br \/>\u2013 Introdu\u00e7\u00e3o (no m\u00e1ximo 600 caracteres);<br \/>\u2013 Contexto Investigado (no m\u00e1ximo 600 caracteres);<br \/>\u2013 Diagn\u00f3stico da Situa\u00e7\u00e3o-Problema (no m\u00e1ximo 600 caracteres);<br \/>\u2013 Interven\u00e7\u00e3o Proposta (no m\u00e1ximo 600 caracteres);<br \/>\u2013 Resultados Obtidos (no m\u00e1ximo 600 caracteres);<br \/>\u2013 Contribui\u00e7\u00e3o Tecnol\u00f3gica-Social (no m\u00e1ximo 600 caracteres).<\/p><p><a href=\"https:\/\/periodicos.uninove.br\/gep\/article\/view\/9467\" target=\"_blank\" rel=\"noopener noreferrer\">Mais informa\u00e7\u00f5es<\/a> (Artigo: Protocolo para Elabora\u00e7\u00e3o de Relatos de Produ\u00e7\u00e3o T\u00e9cnica).<\/p><p><strong>Trabalhos que n\u00e3o estejam no formato especificado n\u00e3o ser\u00e3o aceitos.<\/strong><\/p><p><\/div><\/div><\/p><p><div class=\"symple-toggle state-closed \"><h3 class=\"symple-toggle-trigger \">Casos de Ensino &#8211; Esta modalidade de trabalho destina-se exclusivamente \u00e0 \u00c1rea Casos de Ensino<\/h3><div class=\"symple-toggle-container symple-clearfix\"><\/p><p><strong>Formata\u00e7\u00e3o do trabalho:\u00a0<\/strong><br \/>\u2013 Formato do papel: A4;<br \/>\u2013 Fonte: Times New Roman\/ tamanho 12;<br \/>\u2013 Espa\u00e7amento: simples, texto disposto em uma coluna;<br \/>\u2013 Alinhamento: justificado;<br \/>\u2013 Margens: Superior: 3 cm; inferior: 2 cm; esquerda: 3 cm; direita: 2 cm.<br \/>\u2013 Pagina\u00e7\u00e3o: inserir n\u00famero de p\u00e1ginas no rodap\u00e9 com alinhamento ao lado direito;<br \/>\u2013 T\u00edtulos em letras mai\u00fasculas e subt\u00edtulos em letras min\u00fasculas;<br \/>\u2013 Formato do arquivo: PDF;<br \/>\u2013 O trabalho pode ter no m\u00e1ximo 16 p\u00e1ginas, incluindo o texto propriamente dito, ilustra\u00e7\u00f5es e refer\u00eancias bibliogr\u00e1ficas.<br \/>\u2013 O texto deve come\u00e7ar pelo t\u00edtulo seguido pela introdu\u00e7\u00e3o. Sugerimos aos autores que preparem o resumo expandido em um documento separado e copiem e colem cada item no campo espec\u00edfico no ato da submiss\u00e3o.<br \/>\u2013 As refer\u00eancias bibliogr\u00e1ficas dever\u00e3o ser citadas ao longo do texto de acordo com o sistema (autor-data), e apresentadas em ordem alfab\u00e9tica no final do trabalho, de acordo com as normas APA ou ABNT\/NBR-6023.<\/p><p><strong>Estrutura sugerida do trabalho:\u00a0<\/strong><br \/>Os casos de ensino dever\u00e3o ser constitu\u00eddos por\u00a0duas partes: o caso em si; e as notas de ensino.<br \/>1. O caso em si<br \/>\u2013\u00a0Introdu\u00e7\u00e3o<br \/>\u2013\u00a0O caso: retratar a hist\u00f3ria real<br \/>&#8211; Refer\u00eancias<br \/>2. Notas de ensino<br \/>\u2013\u00a0Objetivo de ensino<br \/>\u2013\u00a0Fontes e M\u00e9todos de coleta<br \/>\u2013\u00a0Rela\u00e7\u00f5es com os objetivos de um curso ou disciplina<br \/>\u2013\u00a0Disciplinas sugeridas para uso do caso<br \/>\u2013\u00a0Poss\u00edveis tarefas a propor aos alunos<br \/>\u2013\u00a0Poss\u00edvel organiza\u00e7\u00e3o da aula para uso do caso<br \/>\u2013\u00a0Sugest\u00f5es de bibliografia<\/p><p><strong>Resumo Estruturado <\/strong><em>(p\u00e1gina de submiss\u00e3o)<\/em><br \/>\u2013 T\u00edtulo (no m\u00e1ximo 190 caracteres);<br \/>\u2013 Palavras chave (3 palavras);<br \/>\u2013\u00a0O caso (no m\u00e1ximo 600 caracteres);<br \/>\u2013\u00a0Objetivo de ensino (no m\u00e1ximo 600 caracteres);<br \/>\u2013\u00a0Fontes e M\u00e9todos de coleta (no m\u00e1ximo 600 caracteres);<br \/>\u2013\u00a0Disciplinas sugeridas para uso do caso (no m\u00e1ximo 600 caracteres);<br \/>\u2013\u00a0Sugest\u00f5es de bibliografia (no m\u00e1ximo 600 caracteres).<\/p><p><a href=\"https:\/\/semead.com.br\/19\/wp-content\/uploads\/sites\/4\/2013\/04\/Exemplo-de-Caso-de-Ensino.pdf\" target=\"_blank\" rel=\"noopener noreferrer\">Mais informa\u00e7\u00f5es<\/a> (Exemplo de Caso de Ensino).<\/p><p><strong>Trabalhos que n\u00e3o estejam no formato especificado n\u00e3o ser\u00e3o aceitos.<\/strong><\/p><p><\/div><\/div><\/p><p><div class=\"symple-toggle state-closed \"><h3 class=\"symple-toggle-trigger \">Projetos de Cons\u00f3rcio Doutoral &#8211; Esta modalidade de trabalho destina-se exclusivamente aos doutorandos que desejam participar do Cons\u00f3rcio Doutoral<\/h3><div class=\"symple-toggle-container symple-clearfix\"> <a href=\"https:\/\/semead.com.br\/22\/trabalhos\/consorcio-doutoral\/\">A submiss\u00e3o deve ser feita na p\u00e1gina Cons\u00f3rcio Doutoral<\/a> <\/div><\/div><\/p>\t\t\t\t\t\t\t\t<\/div>\n\t\t\t\t<\/div>\n\t\t\t\t\t<\/div>\n\t\t<\/div>\n\t\t\t\t\t<\/div>\n\t\t<\/section>\n\t\t\t\t<\/div>\n\t\t","protected":false},"excerpt":{"rendered":"<p>\u2013 A submiss\u00e3o de trabalhos ser\u00e1 exclusivamente pela Internet. \u2013 O trabalho deve ser in\u00e9dito, contudo, ser\u00e3o aceitos trabalhos em desenvolvimento, mesmo j\u00e1 apresentados em outros congressos que n\u00e3o o SemeAd e que n\u00e3o tenham j\u00e1 sido submetidos e\/ou publicados em peri\u00f3dicos cient\u00edficos. \u2013 Ser\u00e3o aceitos artigos te\u00f3rico-emp\u00edricos: baseados em dados prim\u00e1rios e\/ou secund\u00e1rios (qualitativos&#8230;<\/p>\n","protected":false},"author":1,"featured_media":0,"parent":0,"menu_order":0,"comment_status":"open","ping_status":"open","template":"","meta":{"_acf_changed":false,"_monsterinsights_skip_tracking":false,"_monsterinsights_sitenote_active":false,"_monsterinsights_sitenote_note":"","_monsterinsights_sitenote_category":0,"footnotes":""},"class_list":["post-23","page","type-page","status-publish","hentry"],"acf":[],"yoast_head":"<!-- This site is optimized with the Yoast SEO plugin v27.5 - https:\/\/yoast.com\/product\/yoast-seo-wordpress\/ -->\n<title>Regras para Submiss\u00e3o - XXII SemeAd<\/title>\n<meta name=\"robots\" content=\"index, follow, max-snippet:-1, max-image-preview:large, max-video-preview:-1\" \/>\n<link rel=\"canonical\" href=\"https:\/\/semead.com.br\/22\/regras-para-submissao\/\" \/>\n<meta property=\"og:locale\" content=\"pt_BR\" \/>\n<meta property=\"og:type\" content=\"article\" \/>\n<meta property=\"og:title\" content=\"Regras para Submiss\u00e3o - XXII SemeAd\" \/>\n<meta property=\"og:description\" content=\"\u2013 A submiss\u00e3o de trabalhos ser\u00e1 exclusivamente pela Internet. \u2013 O trabalho deve ser in\u00e9dito, contudo, ser\u00e3o aceitos trabalhos em desenvolvimento, mesmo j\u00e1 apresentados em outros congressos que n\u00e3o o SemeAd e que n\u00e3o tenham j\u00e1 sido submetidos e\/ou publicados em peri\u00f3dicos cient\u00edficos. \u2013 Ser\u00e3o aceitos artigos te\u00f3rico-emp\u00edricos: baseados em dados prim\u00e1rios e\/ou secund\u00e1rios (qualitativos...\" \/>\n<meta property=\"og:url\" content=\"https:\/\/semead.com.br\/22\/regras-para-submissao\/\" \/>\n<meta property=\"og:site_name\" content=\"XXII SemeAd\" \/>\n<meta property=\"article:modified_time\" content=\"2023-07-14T16:55:25+00:00\" \/>\n<meta name=\"twitter:card\" content=\"summary_large_image\" \/>\n<meta name=\"twitter:label1\" content=\"Est. tempo de leitura\" \/>\n\t<meta name=\"twitter:data1\" content=\"9 minutos\" \/>\n<script type=\"application\/ld+json\" class=\"yoast-schema-graph\">{\"@context\":\"https:\\\/\\\/schema.org\",\"@graph\":[{\"@type\":\"WebPage\",\"@id\":\"https:\\\/\\\/semead.com.br\\\/22\\\/regras-para-submissao\\\/\",\"url\":\"https:\\\/\\\/semead.com.br\\\/22\\\/regras-para-submissao\\\/\",\"name\":\"Regras para Submiss\u00e3o - XXII SemeAd\",\"isPartOf\":{\"@id\":\"https:\\\/\\\/semead.com.br\\\/22\\\/#website\"},\"datePublished\":\"2013-04-26T00:16:38+00:00\",\"dateModified\":\"2023-07-14T16:55:25+00:00\",\"breadcrumb\":{\"@id\":\"https:\\\/\\\/semead.com.br\\\/22\\\/regras-para-submissao\\\/#breadcrumb\"},\"inLanguage\":\"pt-BR\",\"potentialAction\":[{\"@type\":\"ReadAction\",\"target\":[\"https:\\\/\\\/semead.com.br\\\/22\\\/regras-para-submissao\\\/\"]}]},{\"@type\":\"BreadcrumbList\",\"@id\":\"https:\\\/\\\/semead.com.br\\\/22\\\/regras-para-submissao\\\/#breadcrumb\",\"itemListElement\":[{\"@type\":\"ListItem\",\"position\":1,\"name\":\"In\u00edcio\",\"item\":\"https:\\\/\\\/semead.com.br\\\/22\\\/\"},{\"@type\":\"ListItem\",\"position\":2,\"name\":\"Regras para Submiss\u00e3o\"}]},{\"@type\":\"WebSite\",\"@id\":\"https:\\\/\\\/semead.com.br\\\/22\\\/#website\",\"url\":\"https:\\\/\\\/semead.com.br\\\/22\\\/\",\"name\":\"XXII SemeAd\",\"description\":\"Semin\u00e1rios em Administra\u00e7\u00e3o\",\"potentialAction\":[{\"@type\":\"SearchAction\",\"target\":{\"@type\":\"EntryPoint\",\"urlTemplate\":\"https:\\\/\\\/semead.com.br\\\/22\\\/?s={search_term_string}\"},\"query-input\":{\"@type\":\"PropertyValueSpecification\",\"valueRequired\":true,\"valueName\":\"search_term_string\"}}],\"inLanguage\":\"pt-BR\"}]}<\/script>\n<!-- \/ Yoast SEO plugin. -->","yoast_head_json":{"title":"Regras para Submiss\u00e3o - XXII SemeAd","robots":{"index":"index","follow":"follow","max-snippet":"max-snippet:-1","max-image-preview":"max-image-preview:large","max-video-preview":"max-video-preview:-1"},"canonical":"https:\/\/semead.com.br\/22\/regras-para-submissao\/","og_locale":"pt_BR","og_type":"article","og_title":"Regras para Submiss\u00e3o - XXII SemeAd","og_description":"\u2013 A submiss\u00e3o de trabalhos ser\u00e1 exclusivamente pela Internet. \u2013 O trabalho deve ser in\u00e9dito, contudo, ser\u00e3o aceitos trabalhos em desenvolvimento, mesmo j\u00e1 apresentados em outros congressos que n\u00e3o o SemeAd e que n\u00e3o tenham j\u00e1 sido submetidos e\/ou publicados em peri\u00f3dicos cient\u00edficos. \u2013 Ser\u00e3o aceitos artigos te\u00f3rico-emp\u00edricos: baseados em dados prim\u00e1rios e\/ou secund\u00e1rios (qualitativos...","og_url":"https:\/\/semead.com.br\/22\/regras-para-submissao\/","og_site_name":"XXII SemeAd","article_modified_time":"2023-07-14T16:55:25+00:00","twitter_card":"summary_large_image","twitter_misc":{"Est. tempo de leitura":"9 minutos"},"schema":{"@context":"https:\/\/schema.org","@graph":[{"@type":"WebPage","@id":"https:\/\/semead.com.br\/22\/regras-para-submissao\/","url":"https:\/\/semead.com.br\/22\/regras-para-submissao\/","name":"Regras para Submiss\u00e3o - XXII SemeAd","isPartOf":{"@id":"https:\/\/semead.com.br\/22\/#website"},"datePublished":"2013-04-26T00:16:38+00:00","dateModified":"2023-07-14T16:55:25+00:00","breadcrumb":{"@id":"https:\/\/semead.com.br\/22\/regras-para-submissao\/#breadcrumb"},"inLanguage":"pt-BR","potentialAction":[{"@type":"ReadAction","target":["https:\/\/semead.com.br\/22\/regras-para-submissao\/"]}]},{"@type":"BreadcrumbList","@id":"https:\/\/semead.com.br\/22\/regras-para-submissao\/#breadcrumb","itemListElement":[{"@type":"ListItem","position":1,"name":"In\u00edcio","item":"https:\/\/semead.com.br\/22\/"},{"@type":"ListItem","position":2,"name":"Regras para Submiss\u00e3o"}]},{"@type":"WebSite","@id":"https:\/\/semead.com.br\/22\/#website","url":"https:\/\/semead.com.br\/22\/","name":"XXII SemeAd","description":"Semin\u00e1rios em Administra\u00e7\u00e3o","potentialAction":[{"@type":"SearchAction","target":{"@type":"EntryPoint","urlTemplate":"https:\/\/semead.com.br\/22\/?s={search_term_string}"},"query-input":{"@type":"PropertyValueSpecification","valueRequired":true,"valueName":"search_term_string"}}],"inLanguage":"pt-BR"}]}},"_links":{"self":[{"href":"https:\/\/semead.com.br\/22\/wp-json\/wp\/v2\/pages\/23","targetHints":{"allow":["GET"]}}],"collection":[{"href":"https:\/\/semead.com.br\/22\/wp-json\/wp\/v2\/pages"}],"about":[{"href":"https:\/\/semead.com.br\/22\/wp-json\/wp\/v2\/types\/page"}],"author":[{"embeddable":true,"href":"https:\/\/semead.com.br\/22\/wp-json\/wp\/v2\/users\/1"}],"replies":[{"embeddable":true,"href":"https:\/\/semead.com.br\/22\/wp-json\/wp\/v2\/comments?post=23"}],"version-history":[{"count":0,"href":"https:\/\/semead.com.br\/22\/wp-json\/wp\/v2\/pages\/23\/revisions"}],"wp:attachment":[{"href":"https:\/\/semead.com.br\/22\/wp-json\/wp\/v2\/media?parent=23"}],"curies":[{"name":"wp","href":"https:\/\/api.w.org\/{rel}","templated":true}]}}