{"id":28,"date":"2013-04-26T00:20:36","date_gmt":"2013-04-26T00:20:36","guid":{"rendered":"http:\/\/semead.com.br\/?page_id=28"},"modified":"2019-09-26T17:05:05","modified_gmt":"2019-09-26T20:05:05","slug":"inscricoes","status":"publish","type":"page","link":"https:\/\/semead.com.br\/22\/inscricoes\/","title":{"rendered":"Inscri\u00e7\u00f5es"},"content":{"rendered":"\n<p>Confira os valores para inscri\u00e7\u00e3o on-line ao XXII Semead.<\/p>\n\n\n\n<p><strong>Per\u00edodo de inscri\u00e7\u00e3o dos trabalhos aprovados:<\/strong> 16\/09 a 01\/10<br><strong>Per\u00edodo de inscri\u00e7\u00e3o de congressistas:<\/strong> 16\/09 a 30\/10<\/p>\n\n\n\n<table id=\"tablepress-9\" class=\"tablepress tablepress-id-9\">\n<thead>\n<tr class=\"row-1\">\n\t<th class=\"column-1\">Congressista<\/th><th class=\"column-2\">Inscri\u00e7\u00e3o at\u00e9 01\/10<br \/>\nData limite de confirma\u00e7\u00e3o de artigos\t<\/th><th class=\"column-3\">Inscri\u00e7\u00e3o at\u00e9 30\/10<br \/>\nData limite de inscri\u00e7\u00e3o on-line<\/th>\n<\/tr>\n<\/thead>\n<tbody class=\"row-striping row-hover\">\n<tr class=\"row-2\">\n\t<td class=\"column-1\">Professores<\/td><td class=\"column-2\">600,00<\/td><td class=\"column-3\">720,00<\/td>\n<\/tr>\n<tr class=\"row-3\">\n\t<td class=\"column-1\">Professores USP\/ Parceiro SemeAd<\/td><td class=\"column-2\">360,00<\/td><td class=\"column-3\">430,00<\/td>\n<\/tr>\n<tr class=\"row-4\">\n\t<td class=\"column-1\">Alunos<\/td><td class=\"column-2\">360,00<\/td><td class=\"column-3\">430,00<\/td>\n<\/tr>\n<tr class=\"row-5\">\n\t<td class=\"column-1\">Aluno USP\/Parceiro SemeAd<\/td><td class=\"column-2\">200,00<\/td><td class=\"column-3\">240,00<\/td>\n<\/tr>\n<tr class=\"row-6\">\n\t<td class=\"column-1\">Avaliador SemeAd<\/td><td class=\"column-2\">300,00<\/td><td class=\"column-3\">360,00<\/td>\n<\/tr>\n<tr class=\"row-7\">\n\t<td class=\"column-1\">Cons\u00f3rcio Doutoral<\/td><td class=\"column-2\">200,00<\/td><td class=\"column-3\">--<\/td>\n<\/tr>\n<tr class=\"row-8\">\n\t<td class=\"column-1\">Aluno Colaborador (USP\/Parceiro)<\/td><td class=\"column-2\">50,00<\/td><td class=\"column-3\">--<\/td>\n<\/tr>\n<tr class=\"row-9\">\n\t<td class=\"column-1\">N\u00e3o Acad\u00eamicos<\/td><td class=\"column-2\">700,00<\/td><td class=\"column-3\">800,00<\/td>\n<\/tr>\n<tr class=\"row-10\">\n\t<td class=\"column-1\">Jantar<\/td><td class=\"column-2\">65,00**<\/td><td class=\"column-3\">65,00**<\/td>\n<\/tr>\n<\/tbody>\n<\/table>\n<!-- #tablepress-9 from cache -->\n\n\n\n<p>*Para garantir a participa\u00e7\u00e3o do trabalho aprovado no evento, ao menos um autor deve se inscrever <strong>at\u00e9 dia 01\/10\/2019.\u00a0<\/strong><\/p>\n\n\n\n<p>** As vagas do jantar s\u00e3o limitadas<\/p>\n\n\n\n<div class=\"wp-block-button\"><a class=\"wp-block-button__link\" href=\"http:\/\/login.semead.com.br\">Clique aqui para realizar sua inscri\u00e7\u00e3o<\/a><\/div>\n\n\n\n<hr class=\"wp-block-separator\"\/>\n\n\n\n<h2 class=\"wp-block-heading\">Jantar de Confraterniza\u00e7\u00e3o (por ades\u00e3o)<\/h2>\n\n\n\n<p>Neste ano, uma vez mais, organizaremos o j\u00e1 tradicional&nbsp;<strong>jantar de confraterniza\u00e7\u00e3o (por ades\u00e3o)<\/strong>&nbsp;que ocorrer\u00e1 no dia 06\/11\/2019 (quarta-feira). O jantar acontecer\u00e1 no restaurante Santo Gusto, na FIA Business School (unidade Pinheiros), apoiadora do evento.<\/p>\n\n\n\n<p>O convite poder\u00e1 ser adquirido no momento de sua inscri\u00e7\u00e3o ou posteriormente no site do SemeAd,&nbsp;<strong>mas fique atento pois o n\u00famero de convites \u00e9 limitado.<\/strong>&nbsp;Caso queira levar um acompanhante, poder\u00e1 adquirir mais um convite.<\/p>\n\n\n\n<p>O convite inclui o jantar com card\u00e1pio completo e bebidas (exceto destilados) e ser\u00e1 disponibilizado um translado da FEA\/USP at\u00e9 o local do jantar no dia do evento.<\/p>\n\n\n\n<p><em>Valor do convite R$65,00<\/em><\/p>\n\n\n\n<h3 class=\"wp-block-heading\">INSCRI\u00c7\u00c3O POR EMPENHO<\/h3>\n\n\n\n<p>Realize atrav\u00e9s do sistema, <a href=\"http:\/\/login.semead.com.br\">clique aqui<\/a> para realizar sua inscri\u00e7\u00e3o<\/p>\n","protected":false},"excerpt":{"rendered":"<p>Confira os valores para inscri\u00e7\u00e3o on-line ao XXII Semead. Per\u00edodo de inscri\u00e7\u00e3o dos trabalhos aprovados: 16\/09 a 01\/10Per\u00edodo de inscri\u00e7\u00e3o de congressistas: 16\/09 a 30\/10 *Para garantir a participa\u00e7\u00e3o do trabalho aprovado no evento, ao menos um autor deve se inscrever at\u00e9 dia 01\/10\/2019.\u00a0 ** As vagas do jantar s\u00e3o limitadas Jantar de Confraterniza\u00e7\u00e3o (por&#8230;<\/p>\n","protected":false},"author":1,"featured_media":0,"parent":0,"menu_order":0,"comment_status":"open","ping_status":"open","template":"","meta":{"_acf_changed":false,"_monsterinsights_skip_tracking":false,"_monsterinsights_sitenote_active":false,"_monsterinsights_sitenote_note":"","_monsterinsights_sitenote_category":0,"footnotes":""},"class_list":["post-28","page","type-page","status-publish","hentry"],"acf":[],"yoast_head":"<!-- This site is optimized with the Yoast SEO plugin v27.1.1 - https:\/\/yoast.com\/product\/yoast-seo-wordpress\/ -->\n<title>Inscri\u00e7\u00f5es - XXII SemeAd<\/title>\n<meta name=\"robots\" content=\"index, follow, max-snippet:-1, max-image-preview:large, max-video-preview:-1\" \/>\n<link rel=\"canonical\" href=\"https:\/\/semead.com.br\/22\/inscricoes\/\" \/>\n<meta property=\"og:locale\" content=\"pt_BR\" \/>\n<meta property=\"og:type\" content=\"article\" \/>\n<meta property=\"og:title\" content=\"Inscri\u00e7\u00f5es - XXII SemeAd\" \/>\n<meta property=\"og:description\" content=\"Confira os valores para inscri\u00e7\u00e3o on-line ao XXII Semead. Per\u00edodo de inscri\u00e7\u00e3o dos trabalhos aprovados: 16\/09 a 01\/10Per\u00edodo de inscri\u00e7\u00e3o de congressistas: 16\/09 a 30\/10 *Para garantir a participa\u00e7\u00e3o do trabalho aprovado no evento, ao menos um autor deve se inscrever at\u00e9 dia 01\/10\/2019.\u00a0 ** As vagas do jantar s\u00e3o limitadas Jantar de Confraterniza\u00e7\u00e3o (por...\" \/>\n<meta property=\"og:url\" content=\"https:\/\/semead.com.br\/22\/inscricoes\/\" \/>\n<meta property=\"og:site_name\" content=\"XXII SemeAd\" \/>\n<meta property=\"article:modified_time\" content=\"2019-09-26T20:05:05+00:00\" \/>\n<meta name=\"twitter:card\" content=\"summary_large_image\" \/>\n<meta name=\"twitter:label1\" content=\"Est. tempo de leitura\" \/>\n\t<meta name=\"twitter:data1\" content=\"1 minuto\" \/>\n<script type=\"application\/ld+json\" class=\"yoast-schema-graph\">{\"@context\":\"https:\/\/schema.org\",\"@graph\":[{\"@type\":\"WebPage\",\"@id\":\"https:\/\/semead.com.br\/22\/inscricoes\/\",\"url\":\"https:\/\/semead.com.br\/22\/inscricoes\/\",\"name\":\"Inscri\u00e7\u00f5es - XXII SemeAd\",\"isPartOf\":{\"@id\":\"https:\/\/semead.com.br\/22\/#website\"},\"datePublished\":\"2013-04-26T00:20:36+00:00\",\"dateModified\":\"2019-09-26T20:05:05+00:00\",\"breadcrumb\":{\"@id\":\"https:\/\/semead.com.br\/22\/inscricoes\/#breadcrumb\"},\"inLanguage\":\"pt-BR\",\"potentialAction\":[{\"@type\":\"ReadAction\",\"target\":[\"https:\/\/semead.com.br\/22\/inscricoes\/\"]}]},{\"@type\":\"BreadcrumbList\",\"@id\":\"https:\/\/semead.com.br\/22\/inscricoes\/#breadcrumb\",\"itemListElement\":[{\"@type\":\"ListItem\",\"position\":1,\"name\":\"In\u00edcio\",\"item\":\"https:\/\/semead.com.br\/22\/\"},{\"@type\":\"ListItem\",\"position\":2,\"name\":\"Inscri\u00e7\u00f5es\"}]},{\"@type\":\"WebSite\",\"@id\":\"https:\/\/semead.com.br\/22\/#website\",\"url\":\"https:\/\/semead.com.br\/22\/\",\"name\":\"XXII SemeAd\",\"description\":\"Semin\u00e1rios em Administra\u00e7\u00e3o\",\"potentialAction\":[{\"@type\":\"SearchAction\",\"target\":{\"@type\":\"EntryPoint\",\"urlTemplate\":\"https:\/\/semead.com.br\/22\/?s={search_term_string}\"},\"query-input\":{\"@type\":\"PropertyValueSpecification\",\"valueRequired\":true,\"valueName\":\"search_term_string\"}}],\"inLanguage\":\"pt-BR\"}]}<\/script>\n<!-- \/ Yoast SEO plugin. -->","yoast_head_json":{"title":"Inscri\u00e7\u00f5es - XXII SemeAd","robots":{"index":"index","follow":"follow","max-snippet":"max-snippet:-1","max-image-preview":"max-image-preview:large","max-video-preview":"max-video-preview:-1"},"canonical":"https:\/\/semead.com.br\/22\/inscricoes\/","og_locale":"pt_BR","og_type":"article","og_title":"Inscri\u00e7\u00f5es - XXII SemeAd","og_description":"Confira os valores para inscri\u00e7\u00e3o on-line ao XXII Semead. Per\u00edodo de inscri\u00e7\u00e3o dos trabalhos aprovados: 16\/09 a 01\/10Per\u00edodo de inscri\u00e7\u00e3o de congressistas: 16\/09 a 30\/10 *Para garantir a participa\u00e7\u00e3o do trabalho aprovado no evento, ao menos um autor deve se inscrever at\u00e9 dia 01\/10\/2019.\u00a0 ** As vagas do jantar s\u00e3o limitadas Jantar de Confraterniza\u00e7\u00e3o (por...","og_url":"https:\/\/semead.com.br\/22\/inscricoes\/","og_site_name":"XXII SemeAd","article_modified_time":"2019-09-26T20:05:05+00:00","twitter_card":"summary_large_image","twitter_misc":{"Est. tempo de leitura":"1 minuto"},"schema":{"@context":"https:\/\/schema.org","@graph":[{"@type":"WebPage","@id":"https:\/\/semead.com.br\/22\/inscricoes\/","url":"https:\/\/semead.com.br\/22\/inscricoes\/","name":"Inscri\u00e7\u00f5es - XXII SemeAd","isPartOf":{"@id":"https:\/\/semead.com.br\/22\/#website"},"datePublished":"2013-04-26T00:20:36+00:00","dateModified":"2019-09-26T20:05:05+00:00","breadcrumb":{"@id":"https:\/\/semead.com.br\/22\/inscricoes\/#breadcrumb"},"inLanguage":"pt-BR","potentialAction":[{"@type":"ReadAction","target":["https:\/\/semead.com.br\/22\/inscricoes\/"]}]},{"@type":"BreadcrumbList","@id":"https:\/\/semead.com.br\/22\/inscricoes\/#breadcrumb","itemListElement":[{"@type":"ListItem","position":1,"name":"In\u00edcio","item":"https:\/\/semead.com.br\/22\/"},{"@type":"ListItem","position":2,"name":"Inscri\u00e7\u00f5es"}]},{"@type":"WebSite","@id":"https:\/\/semead.com.br\/22\/#website","url":"https:\/\/semead.com.br\/22\/","name":"XXII SemeAd","description":"Semin\u00e1rios em Administra\u00e7\u00e3o","potentialAction":[{"@type":"SearchAction","target":{"@type":"EntryPoint","urlTemplate":"https:\/\/semead.com.br\/22\/?s={search_term_string}"},"query-input":{"@type":"PropertyValueSpecification","valueRequired":true,"valueName":"search_term_string"}}],"inLanguage":"pt-BR"}]}},"_links":{"self":[{"href":"https:\/\/semead.com.br\/22\/wp-json\/wp\/v2\/pages\/28","targetHints":{"allow":["GET"]}}],"collection":[{"href":"https:\/\/semead.com.br\/22\/wp-json\/wp\/v2\/pages"}],"about":[{"href":"https:\/\/semead.com.br\/22\/wp-json\/wp\/v2\/types\/page"}],"author":[{"embeddable":true,"href":"https:\/\/semead.com.br\/22\/wp-json\/wp\/v2\/users\/1"}],"replies":[{"embeddable":true,"href":"https:\/\/semead.com.br\/22\/wp-json\/wp\/v2\/comments?post=28"}],"version-history":[{"count":0,"href":"https:\/\/semead.com.br\/22\/wp-json\/wp\/v2\/pages\/28\/revisions"}],"wp:attachment":[{"href":"https:\/\/semead.com.br\/22\/wp-json\/wp\/v2\/media?parent=28"}],"curies":[{"name":"wp","href":"https:\/\/api.w.org\/{rel}","templated":true}]}}