{"id":10194,"date":"2013-05-06T15:44:00","date_gmt":"2013-05-06T15:44:00","guid":{"rendered":"http:\/\/semead.com.br\/?page_id=10194"},"modified":"2020-11-23T18:50:21","modified_gmt":"2020-11-23T21:50:21","slug":"comite-cientifico","status":"publish","type":"page","link":"https:\/\/semead.com.br\/23\/comite-cientifico\/","title":{"rendered":"Comit\u00ea Cient\u00edfico"},"content":{"rendered":"<div class=\"symple-column symple-one-half symple-column-first  \">\n<h2>USP<\/h2>\n<p>Prof. Dr. Vahan Agopyan<br \/>\n<em>Reitor da Universidade de S\u00e3o Paulo<\/em><\/p>\n<h2>FEA-USP<\/h2>\n<p>Prof. Dr.\u00a0F\u00e1bio Frezatti<br \/>\n<em>Diretor da Faculdade de Economia, Administra\u00e7\u00e3o e Contabilidade<\/em><\/p>\n<p>Prof.Dr. Moacir de Miranda Oliveira J\u00fanior<br \/>\n<em>Chefe do Departamento de Administra\u00e7\u00e3o<\/em><\/p>\n<p>Prof. Dr. Eduardo Kazuo Kayo<br \/>\n<em>Coordenador do Programa de P\u00f3s-Gradua\u00e7\u00e3o em Administra\u00e7\u00e3o<\/em><\/p>\n<\/div><div class=\"symple-column symple-one-half symple-column-last  \">\n<h2>SemeAd<\/h2>\n<p>Prof. Dr. Jo\u00e3o Maur\u00edcio Gama Boaventura<br \/>\n<em>Coordenador Geral<\/em><\/p>\n<h3><\/h3>\n<p><em>Equipe organizadora<br \/>\n<\/em>Eloisa Martins Alessio \u2013 Secretaria T\u00e9cnica Executiva<br \/>\nLuiz Guilherme Rodrigues Antunes \u2013 Coordena\u00e7\u00e3o Acad\u00eamica<br \/>\nPaula Ria Tosi \u2013 Financeiro e Keynotes<br \/>\nFernando Freire Vasconcelos \u2013 Revistas, Fast-Track e Sapiens<br \/>\nAna Cl\u00e1udia Azevedo \u2013 Cursos e Workshop<br \/>\nJ\u00falio Carneiro da Cunha \u2013 Cursos e Workshop<br \/>\n\u00cdtalo Anderson Taumaturgo \u2013 Connecta<br \/>\nVictor Pessoa \u2013 Moderadores e Volunt\u00e1rios<br \/>\nFelipe Chalita \u2013 Divulga\u00e7\u00e3o<\/p>\n<\/div><div class=\"symple-clear-floats\"><\/div>\n","protected":false},"excerpt":{"rendered":"","protected":false},"author":1,"featured_media":0,"parent":0,"menu_order":0,"comment_status":"closed","ping_status":"open","template":"","meta":{"_acf_changed":false,"_monsterinsights_skip_tracking":false,"_monsterinsights_sitenote_active":false,"_monsterinsights_sitenote_note":"","_monsterinsights_sitenote_category":0,"footnotes":""},"class_list":["post-10194","page","type-page","status-publish","hentry"],"acf":[],"yoast_head":"<!-- This site is optimized with the Yoast SEO plugin v27.1.1 - https:\/\/yoast.com\/product\/yoast-seo-wordpress\/ -->\n<title>Comit\u00ea Cient\u00edfico - XXIII SemeAd<\/title>\n<meta name=\"robots\" content=\"index, follow, max-snippet:-1, max-image-preview:large, max-video-preview:-1\" \/>\n<link rel=\"canonical\" href=\"https:\/\/semead.com.br\/23\/comite-cientifico\/\" \/>\n<meta property=\"og:locale\" content=\"pt_BR\" \/>\n<meta property=\"og:type\" content=\"article\" \/>\n<meta property=\"og:title\" content=\"Comit\u00ea Cient\u00edfico - XXIII SemeAd\" \/>\n<meta property=\"og:url\" content=\"https:\/\/semead.com.br\/23\/comite-cientifico\/\" \/>\n<meta property=\"og:site_name\" content=\"XXIII SemeAd\" \/>\n<meta property=\"article:modified_time\" content=\"2020-11-23T21:50:21+00:00\" \/>\n<meta name=\"twitter:card\" content=\"summary_large_image\" \/>\n<meta name=\"twitter:label1\" content=\"Est. tempo de leitura\" \/>\n\t<meta name=\"twitter:data1\" content=\"1 minuto\" \/>\n<script type=\"application\/ld+json\" class=\"yoast-schema-graph\">{\"@context\":\"https:\/\/schema.org\",\"@graph\":[{\"@type\":\"WebPage\",\"@id\":\"https:\/\/semead.com.br\/23\/comite-cientifico\/\",\"url\":\"https:\/\/semead.com.br\/23\/comite-cientifico\/\",\"name\":\"Comit\u00ea Cient\u00edfico - XXIII SemeAd\",\"isPartOf\":{\"@id\":\"https:\/\/semead.com.br\/23\/#website\"},\"datePublished\":\"2013-05-06T15:44:00+00:00\",\"dateModified\":\"2020-11-23T21:50:21+00:00\",\"breadcrumb\":{\"@id\":\"https:\/\/semead.com.br\/23\/comite-cientifico\/#breadcrumb\"},\"inLanguage\":\"pt-BR\",\"potentialAction\":[{\"@type\":\"ReadAction\",\"target\":[\"https:\/\/semead.com.br\/23\/comite-cientifico\/\"]}]},{\"@type\":\"BreadcrumbList\",\"@id\":\"https:\/\/semead.com.br\/23\/comite-cientifico\/#breadcrumb\",\"itemListElement\":[{\"@type\":\"ListItem\",\"position\":1,\"name\":\"In\u00edcio\",\"item\":\"https:\/\/semead.com.br\/23\/\"},{\"@type\":\"ListItem\",\"position\":2,\"name\":\"Comit\u00ea Cient\u00edfico\"}]},{\"@type\":\"WebSite\",\"@id\":\"https:\/\/semead.com.br\/23\/#website\",\"url\":\"https:\/\/semead.com.br\/23\/\",\"name\":\"XXIII SemeAd\",\"description\":\"Semin\u00e1rios em Administra\u00e7\u00e3o\",\"potentialAction\":[{\"@type\":\"SearchAction\",\"target\":{\"@type\":\"EntryPoint\",\"urlTemplate\":\"https:\/\/semead.com.br\/23\/?s={search_term_string}\"},\"query-input\":{\"@type\":\"PropertyValueSpecification\",\"valueRequired\":true,\"valueName\":\"search_term_string\"}}],\"inLanguage\":\"pt-BR\"}]}<\/script>\n<!-- \/ Yoast SEO plugin. -->","yoast_head_json":{"title":"Comit\u00ea Cient\u00edfico - XXIII SemeAd","robots":{"index":"index","follow":"follow","max-snippet":"max-snippet:-1","max-image-preview":"max-image-preview:large","max-video-preview":"max-video-preview:-1"},"canonical":"https:\/\/semead.com.br\/23\/comite-cientifico\/","og_locale":"pt_BR","og_type":"article","og_title":"Comit\u00ea Cient\u00edfico - XXIII SemeAd","og_url":"https:\/\/semead.com.br\/23\/comite-cientifico\/","og_site_name":"XXIII SemeAd","article_modified_time":"2020-11-23T21:50:21+00:00","twitter_card":"summary_large_image","twitter_misc":{"Est. tempo de leitura":"1 minuto"},"schema":{"@context":"https:\/\/schema.org","@graph":[{"@type":"WebPage","@id":"https:\/\/semead.com.br\/23\/comite-cientifico\/","url":"https:\/\/semead.com.br\/23\/comite-cientifico\/","name":"Comit\u00ea Cient\u00edfico - XXIII SemeAd","isPartOf":{"@id":"https:\/\/semead.com.br\/23\/#website"},"datePublished":"2013-05-06T15:44:00+00:00","dateModified":"2020-11-23T21:50:21+00:00","breadcrumb":{"@id":"https:\/\/semead.com.br\/23\/comite-cientifico\/#breadcrumb"},"inLanguage":"pt-BR","potentialAction":[{"@type":"ReadAction","target":["https:\/\/semead.com.br\/23\/comite-cientifico\/"]}]},{"@type":"BreadcrumbList","@id":"https:\/\/semead.com.br\/23\/comite-cientifico\/#breadcrumb","itemListElement":[{"@type":"ListItem","position":1,"name":"In\u00edcio","item":"https:\/\/semead.com.br\/23\/"},{"@type":"ListItem","position":2,"name":"Comit\u00ea Cient\u00edfico"}]},{"@type":"WebSite","@id":"https:\/\/semead.com.br\/23\/#website","url":"https:\/\/semead.com.br\/23\/","name":"XXIII SemeAd","description":"Semin\u00e1rios em Administra\u00e7\u00e3o","potentialAction":[{"@type":"SearchAction","target":{"@type":"EntryPoint","urlTemplate":"https:\/\/semead.com.br\/23\/?s={search_term_string}"},"query-input":{"@type":"PropertyValueSpecification","valueRequired":true,"valueName":"search_term_string"}}],"inLanguage":"pt-BR"}]}},"_links":{"self":[{"href":"https:\/\/semead.com.br\/23\/wp-json\/wp\/v2\/pages\/10194","targetHints":{"allow":["GET"]}}],"collection":[{"href":"https:\/\/semead.com.br\/23\/wp-json\/wp\/v2\/pages"}],"about":[{"href":"https:\/\/semead.com.br\/23\/wp-json\/wp\/v2\/types\/page"}],"author":[{"embeddable":true,"href":"https:\/\/semead.com.br\/23\/wp-json\/wp\/v2\/users\/1"}],"replies":[{"embeddable":true,"href":"https:\/\/semead.com.br\/23\/wp-json\/wp\/v2\/comments?post=10194"}],"version-history":[{"count":0,"href":"https:\/\/semead.com.br\/23\/wp-json\/wp\/v2\/pages\/10194\/revisions"}],"wp:attachment":[{"href":"https:\/\/semead.com.br\/23\/wp-json\/wp\/v2\/media?parent=10194"}],"curies":[{"name":"wp","href":"https:\/\/api.w.org\/{rel}","templated":true}]}}