{"id":12254,"date":"2013-04-23T14:32:18","date_gmt":"2013-04-23T14:32:18","guid":{"rendered":"http:\/\/semead.com.br\/?page_id=2"},"modified":"2020-08-31T19:56:26","modified_gmt":"2020-08-31T22:56:26","slug":"evento","status":"publish","type":"page","link":"https:\/\/semead.com.br\/23\/evento\/","title":{"rendered":"Evento"},"content":{"rendered":"\n<p>O SemeAd \u2013 Semin\u00e1rios em Administra\u00e7\u00e3o da Faculdade de Economia, Administra\u00e7\u00e3o e Contabilidade da Universidade de S\u00e3o Paulo, \u00e9 um evento cient\u00edfico organizado anualmente que tem um importante papel no interc\u00e2mbio e discuss\u00e3o da produ\u00e7\u00e3o cient\u00edfico-tecnol\u00f3gica desenvolvidas na \u00e1rea de administra\u00e7\u00e3o no Brasil e no Exterior.<\/p>\n\n\n\n<p>Desde a sua cria\u00e7\u00e3o, em 1996, o evento tem passado por um processo de desenvolvimento e amadurecimento, sendo considerado atualmente como um dos mais importantes da \u00e1rea de administra\u00e7\u00e3o. As pesquisas submetidas no evento s\u00e3o avaliadas pelo sistema double blind review e os trabalhos aprovados s\u00e3o publicados nos anais, divulgados pelo website do evento. Os melhores trabalhos s\u00e3o premiados e indicados para participar do fast track em mais de 62 peri\u00f3dicos participantes do SemeAd, sendo quatro internacionais.<\/p>\n\n\n\n<p>Na \u00faltima edi\u00e7\u00e3o, de 2019, o SemeAd atingiu o seu mais novo recorde de submiss\u00f5es, com 2.611 envio de trabalhos, e contou com a participa\u00e7\u00e3o de mais de 1.500 autores e congressistas.<\/p>\n\n\n\n<p>A mais nova edi\u00e7\u00e3o, de 2020, ocorrer\u00e1 em novembro de 2020 e ir\u00e1 ser ainda melhor que o ano anterior. Nessa edi\u00e7\u00e3o, o objetivo ser\u00e1 promover as discuss\u00f5es sobre o COVID-19 e seus impactos aos modelos de gest\u00e3o. Logo, o evento contar\u00e1 com as tradicionais atividades de sess\u00f5es cient\u00edficas de apresenta\u00e7\u00e3o de artigos, relatos tecnol\u00f3gicos e casos de ensino, assim como as sess\u00f5es Sapiens de aprimoramento de estudos cient\u00edficos, Oficinas e Minicursos metodol\u00f3gicos e outras atividades.<\/p>\n\n\n\n<p>Com tudo isso, tem como ficar de fora do SemeAd 2020?<\/p>\n","protected":false},"excerpt":{"rendered":"<p>O SemeAd \u2013 Semin\u00e1rios em Administra\u00e7\u00e3o da Faculdade de Economia, Administra\u00e7\u00e3o e Contabilidade da Universidade de S\u00e3o Paulo, \u00e9 um evento cient\u00edfico organizado anualmente que tem um importante papel no interc\u00e2mbio e discuss\u00e3o da produ\u00e7\u00e3o cient\u00edfico-tecnol\u00f3gica desenvolvidas na \u00e1rea de administra\u00e7\u00e3o no Brasil e no Exterior. Desde a sua cria\u00e7\u00e3o, em 1996, o evento tem&#8230;<\/p>\n","protected":false},"author":1,"featured_media":0,"parent":0,"menu_order":0,"comment_status":"closed","ping_status":"open","template":"","meta":{"_acf_changed":false,"_monsterinsights_skip_tracking":false,"_monsterinsights_sitenote_active":false,"_monsterinsights_sitenote_note":"","_monsterinsights_sitenote_category":0,"footnotes":""},"class_list":["post-12254","page","type-page","status-publish","hentry"],"acf":[],"yoast_head":"<!-- This site is optimized with the Yoast SEO plugin v27.1.1 - https:\/\/yoast.com\/product\/yoast-seo-wordpress\/ -->\n<title>Evento - XXIII SemeAd<\/title>\n<meta name=\"robots\" content=\"index, follow, max-snippet:-1, max-image-preview:large, max-video-preview:-1\" \/>\n<link rel=\"canonical\" href=\"https:\/\/semead.com.br\/23\/evento\/\" \/>\n<meta property=\"og:locale\" content=\"pt_BR\" \/>\n<meta property=\"og:type\" content=\"article\" \/>\n<meta property=\"og:title\" content=\"Evento - XXIII SemeAd\" \/>\n<meta property=\"og:description\" content=\"O SemeAd \u2013 Semin\u00e1rios em Administra\u00e7\u00e3o da Faculdade de Economia, Administra\u00e7\u00e3o e Contabilidade da Universidade de S\u00e3o Paulo, \u00e9 um evento cient\u00edfico organizado anualmente que tem um importante papel no interc\u00e2mbio e discuss\u00e3o da produ\u00e7\u00e3o cient\u00edfico-tecnol\u00f3gica desenvolvidas na \u00e1rea de administra\u00e7\u00e3o no Brasil e no Exterior. Desde a sua cria\u00e7\u00e3o, em 1996, o evento tem...\" \/>\n<meta property=\"og:url\" content=\"https:\/\/semead.com.br\/23\/evento\/\" \/>\n<meta property=\"og:site_name\" content=\"XXIII SemeAd\" \/>\n<meta property=\"article:modified_time\" content=\"2020-08-31T22:56:26+00:00\" \/>\n<meta name=\"twitter:card\" content=\"summary_large_image\" \/>\n<meta name=\"twitter:label1\" content=\"Est. tempo de leitura\" \/>\n\t<meta name=\"twitter:data1\" content=\"1 minuto\" \/>\n<script type=\"application\/ld+json\" class=\"yoast-schema-graph\">{\"@context\":\"https:\/\/schema.org\",\"@graph\":[{\"@type\":\"WebPage\",\"@id\":\"https:\/\/semead.com.br\/23\/evento\/\",\"url\":\"https:\/\/semead.com.br\/23\/evento\/\",\"name\":\"Evento - XXIII SemeAd\",\"isPartOf\":{\"@id\":\"https:\/\/semead.com.br\/23\/#website\"},\"datePublished\":\"2013-04-23T14:32:18+00:00\",\"dateModified\":\"2020-08-31T22:56:26+00:00\",\"breadcrumb\":{\"@id\":\"https:\/\/semead.com.br\/23\/evento\/#breadcrumb\"},\"inLanguage\":\"pt-BR\",\"potentialAction\":[{\"@type\":\"ReadAction\",\"target\":[\"https:\/\/semead.com.br\/23\/evento\/\"]}]},{\"@type\":\"BreadcrumbList\",\"@id\":\"https:\/\/semead.com.br\/23\/evento\/#breadcrumb\",\"itemListElement\":[{\"@type\":\"ListItem\",\"position\":1,\"name\":\"In\u00edcio\",\"item\":\"https:\/\/semead.com.br\/23\/\"},{\"@type\":\"ListItem\",\"position\":2,\"name\":\"Evento\"}]},{\"@type\":\"WebSite\",\"@id\":\"https:\/\/semead.com.br\/23\/#website\",\"url\":\"https:\/\/semead.com.br\/23\/\",\"name\":\"XXIII SemeAd\",\"description\":\"Semin\u00e1rios em Administra\u00e7\u00e3o\",\"potentialAction\":[{\"@type\":\"SearchAction\",\"target\":{\"@type\":\"EntryPoint\",\"urlTemplate\":\"https:\/\/semead.com.br\/23\/?s={search_term_string}\"},\"query-input\":{\"@type\":\"PropertyValueSpecification\",\"valueRequired\":true,\"valueName\":\"search_term_string\"}}],\"inLanguage\":\"pt-BR\"}]}<\/script>\n<!-- \/ Yoast SEO plugin. -->","yoast_head_json":{"title":"Evento - XXIII SemeAd","robots":{"index":"index","follow":"follow","max-snippet":"max-snippet:-1","max-image-preview":"max-image-preview:large","max-video-preview":"max-video-preview:-1"},"canonical":"https:\/\/semead.com.br\/23\/evento\/","og_locale":"pt_BR","og_type":"article","og_title":"Evento - XXIII SemeAd","og_description":"O SemeAd \u2013 Semin\u00e1rios em Administra\u00e7\u00e3o da Faculdade de Economia, Administra\u00e7\u00e3o e Contabilidade da Universidade de S\u00e3o Paulo, \u00e9 um evento cient\u00edfico organizado anualmente que tem um importante papel no interc\u00e2mbio e discuss\u00e3o da produ\u00e7\u00e3o cient\u00edfico-tecnol\u00f3gica desenvolvidas na \u00e1rea de administra\u00e7\u00e3o no Brasil e no Exterior. Desde a sua cria\u00e7\u00e3o, em 1996, o evento tem...","og_url":"https:\/\/semead.com.br\/23\/evento\/","og_site_name":"XXIII SemeAd","article_modified_time":"2020-08-31T22:56:26+00:00","twitter_card":"summary_large_image","twitter_misc":{"Est. tempo de leitura":"1 minuto"},"schema":{"@context":"https:\/\/schema.org","@graph":[{"@type":"WebPage","@id":"https:\/\/semead.com.br\/23\/evento\/","url":"https:\/\/semead.com.br\/23\/evento\/","name":"Evento - XXIII SemeAd","isPartOf":{"@id":"https:\/\/semead.com.br\/23\/#website"},"datePublished":"2013-04-23T14:32:18+00:00","dateModified":"2020-08-31T22:56:26+00:00","breadcrumb":{"@id":"https:\/\/semead.com.br\/23\/evento\/#breadcrumb"},"inLanguage":"pt-BR","potentialAction":[{"@type":"ReadAction","target":["https:\/\/semead.com.br\/23\/evento\/"]}]},{"@type":"BreadcrumbList","@id":"https:\/\/semead.com.br\/23\/evento\/#breadcrumb","itemListElement":[{"@type":"ListItem","position":1,"name":"In\u00edcio","item":"https:\/\/semead.com.br\/23\/"},{"@type":"ListItem","position":2,"name":"Evento"}]},{"@type":"WebSite","@id":"https:\/\/semead.com.br\/23\/#website","url":"https:\/\/semead.com.br\/23\/","name":"XXIII SemeAd","description":"Semin\u00e1rios em Administra\u00e7\u00e3o","potentialAction":[{"@type":"SearchAction","target":{"@type":"EntryPoint","urlTemplate":"https:\/\/semead.com.br\/23\/?s={search_term_string}"},"query-input":{"@type":"PropertyValueSpecification","valueRequired":true,"valueName":"search_term_string"}}],"inLanguage":"pt-BR"}]}},"_links":{"self":[{"href":"https:\/\/semead.com.br\/23\/wp-json\/wp\/v2\/pages\/12254","targetHints":{"allow":["GET"]}}],"collection":[{"href":"https:\/\/semead.com.br\/23\/wp-json\/wp\/v2\/pages"}],"about":[{"href":"https:\/\/semead.com.br\/23\/wp-json\/wp\/v2\/types\/page"}],"author":[{"embeddable":true,"href":"https:\/\/semead.com.br\/23\/wp-json\/wp\/v2\/users\/1"}],"replies":[{"embeddable":true,"href":"https:\/\/semead.com.br\/23\/wp-json\/wp\/v2\/comments?post=12254"}],"version-history":[{"count":0,"href":"https:\/\/semead.com.br\/23\/wp-json\/wp\/v2\/pages\/12254\/revisions"}],"wp:attachment":[{"href":"https:\/\/semead.com.br\/23\/wp-json\/wp\/v2\/media?parent=12254"}],"curies":[{"name":"wp","href":"https:\/\/api.w.org\/{rel}","templated":true}]}}