{"id":14494,"date":"2018-07-02T15:59:31","date_gmt":"2018-07-02T18:59:31","guid":{"rendered":"https:\/\/semead.com.br\/23\/?page_id=14494"},"modified":"2020-08-17T10:25:48","modified_gmt":"2020-08-17T13:25:48","slug":"seminario-de-preparacao-para-processos-seletivos-de-doutorado","status":"publish","type":"page","link":"https:\/\/semead.com.br\/23\/trabalhos\/seminario-de-preparacao-para-processos-seletivos-de-doutorado\/","title":{"rendered":"Semin\u00e1rio de Prepara\u00e7\u00e3o para Processos Seletivos de Doutorado \u2013 Edi\u00e7\u00e3o 2020"},"content":{"rendered":"\n<iframe width=\"900\" height=\"564\" src=\"https:\/\/www.youtube.com\/embed\/yNs_YXckjMc\" frameborder=\"0\" allow=\"accelerometer; autoplay; encrypted-media; gyroscope; picture-in-picture\" allowfullscreen=\"\"><\/iframe>\n\n\n\n<p>Caros participantes,<\/p>\n\n\n\n<p>Neste ano teremos a 3\u00aa. edi\u00e7\u00e3o do Semin\u00e1rio de Prepara\u00e7\u00e3o para Processos Seletivos de Doutorado, pela primeira vez em sua vers\u00e3o online e com novidades!<\/p>\n\n\n\n<p>Mestres e mestrandos em fase de conclus\u00e3o do curso e que estejam planejando realizar doutorado ter\u00e3o a oportunidade de submeter seus pr\u00e9-projetos de tese a fim de receber sugest\u00f5es e contribui\u00e7\u00f5es de docentes de Programas de P\u00f3s-Gradua\u00e7\u00e3o parceiros do SemeAd.<\/p>\n\n\n\n<p>Os autores dos projetos selecionados ter\u00e3o uma sess\u00e3o individual de coaching com o docente que avaliou o projeto, durante a qual receber\u00e1 dicas de aperfei\u00e7oamento do projeto.<\/p>\n\n\n\n<p>Al\u00e9m disso, teremos uma palestra de esclarecimentos sobre os processos seletivos, em que os palestrantes trar\u00e3o informa\u00e7\u00f5es gerais acerca da prepara\u00e7\u00e3o para participa\u00e7\u00e3o nas sele\u00e7\u00f5es.<\/p>\n\n\n\n<p>Este ano temos novidade: nosso semin\u00e1rio se tornou internacional! Em parceria com o SemeAd Conecta, alunos estrangeiros tamb\u00e9m poder\u00e3o submeter seus projetos. Os docentes de institui\u00e7\u00f5es estrangeiras parceiras tamb\u00e9m participar\u00e3o das sess\u00f5es de coaching.<\/p>\n\n\n\n<p>Al\u00e9m disso, teremos mesa redonda na qual docentes brasileiros e estrangeiros discutir\u00e3o oportunidades de internacionaliza\u00e7\u00e3o: interc\u00e2mbio, doutorado sanduiche, doutorado no exterior.<\/p>\n\n\n\n<p>N\u00e3o deixe de submeter seus projetos ao Semin\u00e1rio de Prepara\u00e7\u00e3o para Processos Seletivos de Doutorado \u2013 Edi\u00e7\u00e3o 2020<\/p>\n\n\n\n<h3 class=\"wp-block-heading\">Datas Importantes:<\/h3>\n\n\n\n<p>In\u00edcio das submiss\u00f5es: <strong>07\/08\/2020<\/strong><\/p>\n\n\n\n<p>Final das submiss\u00f5es: <strong>15\/09\/2020<\/strong><\/p>\n\n\n\n<p>Resultados e divulga\u00e7\u00e3o dos aprovados: <strong>21\/09\/2020<\/strong><\/p>\n\n\n\n<div class=\"wp-block-buttons is-layout-flex wp-block-buttons-is-layout-flex\">\n<div class=\"wp-block-button\"><a class=\"wp-block-button__link\" href=\"https:\/\/semead.com.br\/23\/trabalhos\/seminario-de-preparacao-para-processos-seletivos-de-doutorado\/regras-de-submissao\/\">Consulte as regras de submiss\u00e3o<\/a><\/div>\n<\/div>\n\n\n\n<p><br><\/p>\n","protected":false},"excerpt":{"rendered":"<p>Caros participantes, Neste ano teremos a 3\u00aa. edi\u00e7\u00e3o do Semin\u00e1rio de Prepara\u00e7\u00e3o para Processos Seletivos de Doutorado, pela primeira vez em sua vers\u00e3o online e com novidades! Mestres e mestrandos em fase de conclus\u00e3o do curso e que estejam planejando realizar doutorado ter\u00e3o a oportunidade de submeter seus pr\u00e9-projetos de tese a fim de receber&#8230;<\/p>\n","protected":false},"author":4,"featured_media":0,"parent":22,"menu_order":0,"comment_status":"closed","ping_status":"closed","template":"","meta":{"_acf_changed":false,"_monsterinsights_skip_tracking":false,"_monsterinsights_sitenote_active":false,"_monsterinsights_sitenote_note":"","_monsterinsights_sitenote_category":0,"footnotes":""},"class_list":["post-14494","page","type-page","status-publish","hentry"],"acf":[],"yoast_head":"<!-- This site is optimized with the Yoast SEO plugin v27.1.1 - https:\/\/yoast.com\/product\/yoast-seo-wordpress\/ -->\n<title>Semin\u00e1rio de Prepara\u00e7\u00e3o para Processos Seletivos de Doutorado \u2013 Edi\u00e7\u00e3o 2020 - XXIII SemeAd<\/title>\n<meta name=\"robots\" content=\"index, follow, max-snippet:-1, max-image-preview:large, max-video-preview:-1\" \/>\n<link rel=\"canonical\" href=\"https:\/\/semead.com.br\/23\/trabalhos\/seminario-de-preparacao-para-processos-seletivos-de-doutorado\/\" \/>\n<meta property=\"og:locale\" content=\"pt_BR\" \/>\n<meta property=\"og:type\" content=\"article\" \/>\n<meta property=\"og:title\" content=\"Semin\u00e1rio de Prepara\u00e7\u00e3o para Processos Seletivos de Doutorado \u2013 Edi\u00e7\u00e3o 2020 - XXIII SemeAd\" \/>\n<meta property=\"og:description\" content=\"Caros participantes, Neste ano teremos a 3\u00aa. edi\u00e7\u00e3o do Semin\u00e1rio de Prepara\u00e7\u00e3o para Processos Seletivos de Doutorado, pela primeira vez em sua vers\u00e3o online e com novidades! Mestres e mestrandos em fase de conclus\u00e3o do curso e que estejam planejando realizar doutorado ter\u00e3o a oportunidade de submeter seus pr\u00e9-projetos de tese a fim de receber...\" \/>\n<meta property=\"og:url\" content=\"https:\/\/semead.com.br\/23\/trabalhos\/seminario-de-preparacao-para-processos-seletivos-de-doutorado\/\" \/>\n<meta property=\"og:site_name\" content=\"XXIII SemeAd\" \/>\n<meta property=\"article:modified_time\" content=\"2020-08-17T13:25:48+00:00\" \/>\n<meta name=\"twitter:card\" content=\"summary_large_image\" \/>\n<meta name=\"twitter:label1\" content=\"Est. tempo de leitura\" \/>\n\t<meta name=\"twitter:data1\" content=\"1 minuto\" \/>\n<script type=\"application\/ld+json\" class=\"yoast-schema-graph\">{\"@context\":\"https:\/\/schema.org\",\"@graph\":[{\"@type\":\"WebPage\",\"@id\":\"https:\/\/semead.com.br\/23\/trabalhos\/seminario-de-preparacao-para-processos-seletivos-de-doutorado\/\",\"url\":\"https:\/\/semead.com.br\/23\/trabalhos\/seminario-de-preparacao-para-processos-seletivos-de-doutorado\/\",\"name\":\"Semin\u00e1rio de Prepara\u00e7\u00e3o para Processos Seletivos de Doutorado \u2013 Edi\u00e7\u00e3o 2020 - XXIII SemeAd\",\"isPartOf\":{\"@id\":\"https:\/\/semead.com.br\/23\/#website\"},\"datePublished\":\"2018-07-02T18:59:31+00:00\",\"dateModified\":\"2020-08-17T13:25:48+00:00\",\"breadcrumb\":{\"@id\":\"https:\/\/semead.com.br\/23\/trabalhos\/seminario-de-preparacao-para-processos-seletivos-de-doutorado\/#breadcrumb\"},\"inLanguage\":\"pt-BR\",\"potentialAction\":[{\"@type\":\"ReadAction\",\"target\":[\"https:\/\/semead.com.br\/23\/trabalhos\/seminario-de-preparacao-para-processos-seletivos-de-doutorado\/\"]}]},{\"@type\":\"BreadcrumbList\",\"@id\":\"https:\/\/semead.com.br\/23\/trabalhos\/seminario-de-preparacao-para-processos-seletivos-de-doutorado\/#breadcrumb\",\"itemListElement\":[{\"@type\":\"ListItem\",\"position\":1,\"name\":\"In\u00edcio\",\"item\":\"https:\/\/semead.com.br\/23\/\"},{\"@type\":\"ListItem\",\"position\":2,\"name\":\"Trabalhos\",\"item\":\"https:\/\/semead.com.br\/23\/trabalhos\/\"},{\"@type\":\"ListItem\",\"position\":3,\"name\":\"Semin\u00e1rio de Prepara\u00e7\u00e3o para Processos Seletivos de Doutorado \u2013 Edi\u00e7\u00e3o 2020\"}]},{\"@type\":\"WebSite\",\"@id\":\"https:\/\/semead.com.br\/23\/#website\",\"url\":\"https:\/\/semead.com.br\/23\/\",\"name\":\"XXIII SemeAd\",\"description\":\"Semin\u00e1rios em Administra\u00e7\u00e3o\",\"potentialAction\":[{\"@type\":\"SearchAction\",\"target\":{\"@type\":\"EntryPoint\",\"urlTemplate\":\"https:\/\/semead.com.br\/23\/?s={search_term_string}\"},\"query-input\":{\"@type\":\"PropertyValueSpecification\",\"valueRequired\":true,\"valueName\":\"search_term_string\"}}],\"inLanguage\":\"pt-BR\"}]}<\/script>\n<!-- \/ Yoast SEO plugin. -->","yoast_head_json":{"title":"Semin\u00e1rio de Prepara\u00e7\u00e3o para Processos Seletivos de Doutorado \u2013 Edi\u00e7\u00e3o 2020 - XXIII SemeAd","robots":{"index":"index","follow":"follow","max-snippet":"max-snippet:-1","max-image-preview":"max-image-preview:large","max-video-preview":"max-video-preview:-1"},"canonical":"https:\/\/semead.com.br\/23\/trabalhos\/seminario-de-preparacao-para-processos-seletivos-de-doutorado\/","og_locale":"pt_BR","og_type":"article","og_title":"Semin\u00e1rio de Prepara\u00e7\u00e3o para Processos Seletivos de Doutorado \u2013 Edi\u00e7\u00e3o 2020 - XXIII SemeAd","og_description":"Caros participantes, Neste ano teremos a 3\u00aa. edi\u00e7\u00e3o do Semin\u00e1rio de Prepara\u00e7\u00e3o para Processos Seletivos de Doutorado, pela primeira vez em sua vers\u00e3o online e com novidades! Mestres e mestrandos em fase de conclus\u00e3o do curso e que estejam planejando realizar doutorado ter\u00e3o a oportunidade de submeter seus pr\u00e9-projetos de tese a fim de receber...","og_url":"https:\/\/semead.com.br\/23\/trabalhos\/seminario-de-preparacao-para-processos-seletivos-de-doutorado\/","og_site_name":"XXIII SemeAd","article_modified_time":"2020-08-17T13:25:48+00:00","twitter_card":"summary_large_image","twitter_misc":{"Est. tempo de leitura":"1 minuto"},"schema":{"@context":"https:\/\/schema.org","@graph":[{"@type":"WebPage","@id":"https:\/\/semead.com.br\/23\/trabalhos\/seminario-de-preparacao-para-processos-seletivos-de-doutorado\/","url":"https:\/\/semead.com.br\/23\/trabalhos\/seminario-de-preparacao-para-processos-seletivos-de-doutorado\/","name":"Semin\u00e1rio de Prepara\u00e7\u00e3o para Processos Seletivos de Doutorado \u2013 Edi\u00e7\u00e3o 2020 - XXIII SemeAd","isPartOf":{"@id":"https:\/\/semead.com.br\/23\/#website"},"datePublished":"2018-07-02T18:59:31+00:00","dateModified":"2020-08-17T13:25:48+00:00","breadcrumb":{"@id":"https:\/\/semead.com.br\/23\/trabalhos\/seminario-de-preparacao-para-processos-seletivos-de-doutorado\/#breadcrumb"},"inLanguage":"pt-BR","potentialAction":[{"@type":"ReadAction","target":["https:\/\/semead.com.br\/23\/trabalhos\/seminario-de-preparacao-para-processos-seletivos-de-doutorado\/"]}]},{"@type":"BreadcrumbList","@id":"https:\/\/semead.com.br\/23\/trabalhos\/seminario-de-preparacao-para-processos-seletivos-de-doutorado\/#breadcrumb","itemListElement":[{"@type":"ListItem","position":1,"name":"In\u00edcio","item":"https:\/\/semead.com.br\/23\/"},{"@type":"ListItem","position":2,"name":"Trabalhos","item":"https:\/\/semead.com.br\/23\/trabalhos\/"},{"@type":"ListItem","position":3,"name":"Semin\u00e1rio de Prepara\u00e7\u00e3o para Processos Seletivos de Doutorado \u2013 Edi\u00e7\u00e3o 2020"}]},{"@type":"WebSite","@id":"https:\/\/semead.com.br\/23\/#website","url":"https:\/\/semead.com.br\/23\/","name":"XXIII SemeAd","description":"Semin\u00e1rios em Administra\u00e7\u00e3o","potentialAction":[{"@type":"SearchAction","target":{"@type":"EntryPoint","urlTemplate":"https:\/\/semead.com.br\/23\/?s={search_term_string}"},"query-input":{"@type":"PropertyValueSpecification","valueRequired":true,"valueName":"search_term_string"}}],"inLanguage":"pt-BR"}]}},"_links":{"self":[{"href":"https:\/\/semead.com.br\/23\/wp-json\/wp\/v2\/pages\/14494","targetHints":{"allow":["GET"]}}],"collection":[{"href":"https:\/\/semead.com.br\/23\/wp-json\/wp\/v2\/pages"}],"about":[{"href":"https:\/\/semead.com.br\/23\/wp-json\/wp\/v2\/types\/page"}],"author":[{"embeddable":true,"href":"https:\/\/semead.com.br\/23\/wp-json\/wp\/v2\/users\/4"}],"replies":[{"embeddable":true,"href":"https:\/\/semead.com.br\/23\/wp-json\/wp\/v2\/comments?post=14494"}],"version-history":[{"count":0,"href":"https:\/\/semead.com.br\/23\/wp-json\/wp\/v2\/pages\/14494\/revisions"}],"up":[{"embeddable":true,"href":"https:\/\/semead.com.br\/23\/wp-json\/wp\/v2\/pages\/22"}],"wp:attachment":[{"href":"https:\/\/semead.com.br\/23\/wp-json\/wp\/v2\/media?parent=14494"}],"curies":[{"name":"wp","href":"https:\/\/api.w.org\/{rel}","templated":true}]}}