{"id":15211,"date":"2019-07-07T17:06:46","date_gmt":"2019-07-07T20:06:46","guid":{"rendered":"https:\/\/semead.com.br\/23\/?page_id=15211"},"modified":"2019-07-07T17:06:47","modified_gmt":"2019-07-07T20:06:47","slug":"impacto","status":"publish","type":"page","link":"https:\/\/semead.com.br\/23\/impacto\/","title":{"rendered":"Impacto"},"content":{"rendered":"\n<p>H\u00e1 uma palavra recorrente nos\ndiscursos atuais, na m\u00eddia, no mundo virtual, nos artigos cient\u00edficos. Muito se\nfala sobre \u201cIMPACTO\u201d.<\/p>\n\n\n\n<p>As diferentes possibilidades\noferecidas na contemporaneidade, boa parte devido \u00e0 difus\u00e3o da tecnologia e do conhecimento,\nfavorecem ao entendimento social de que nossas a\u00e7\u00f5es, nos mais diversos\n\u00e2mbitos, podem ter maior alcance e maior IMPACTO.<\/p>\n\n\n\n<p>Mas o que significa IMPACTO?<\/p>\n\n\n\n<p>O dicion\u00e1rio refere impacto a uma\nfor\u00e7a f\u00edsica (como uma colis\u00e3o), uma influ\u00eancia ou um efeito significativo. Mas\nessa palavra vers\u00e1til tamb\u00e9m pode ser usada como verbo sin\u00f4nimo de\n&#8220;afetar&#8221;, &#8220;suportar&#8221; ou &#8220;tocar\u201d. <\/p>\n\n\n\n<p>T\u00e3o subjetivo quanto sua\ndefini\u00e7\u00e3o, o entendimento do que \u00e9 IMPACTO \u00e9 plural e multidimensional. Na\nacademia n\u00e3o \u00e9 diferente. Os journals cient\u00edficos, as ag\u00eancias financiadoras e\na pr\u00f3pria comunidade requisitam que as a\u00e7\u00f5es daqueles que atuam nesse universo,\ntenham cada vez mais impacto.<\/p>\n\n\n\n<p>Mas o que podemos entender por\nIMPACTO?<\/p>\n\n\n\n<p>O SemeAd 2019 trar\u00e1 essa\ndiscuss\u00e3o. No evento ser\u00e3o realizados f\u00f3runs e atividades voltadas a entender o\nsignificado de IMPACTO em tr\u00eas dimens\u00f5es:<\/p>\n\n\n\n<p>&#8211; Nos artigos cient\u00edficos;<\/p>\n\n\n\n<p>&#8211; Na gest\u00e3o dos programas de\np\u00f3s-gradua\u00e7\u00e3o e;<\/p>\n\n\n\n<p>&#8211; Nas pesquisas acad\u00eamicas.<\/p>\n\n\n\n<p>N\u00e3o fique de fora do SemeAd 2019.\n<\/p>\n\n\n\n<p>Submiss\u00f5es at\u00e9 15\/07. <\/p>\n","protected":false},"excerpt":{"rendered":"<p>H\u00e1 uma palavra recorrente nos discursos atuais, na m\u00eddia, no mundo virtual, nos artigos cient\u00edficos. Muito se fala sobre \u201cIMPACTO\u201d. As diferentes possibilidades oferecidas na contemporaneidade, boa parte devido \u00e0 difus\u00e3o da tecnologia e do conhecimento, favorecem ao entendimento social de que nossas a\u00e7\u00f5es, nos mais diversos \u00e2mbitos, podem ter maior alcance e maior IMPACTO&#8230;.<\/p>\n","protected":false},"author":1,"featured_media":0,"parent":0,"menu_order":0,"comment_status":"closed","ping_status":"closed","template":"","meta":{"_acf_changed":false,"_monsterinsights_skip_tracking":false,"_monsterinsights_sitenote_active":false,"_monsterinsights_sitenote_note":"","_monsterinsights_sitenote_category":0,"footnotes":""},"class_list":["post-15211","page","type-page","status-publish","hentry"],"acf":[],"yoast_head":"<!-- This site is optimized with the Yoast SEO plugin v27.4 - https:\/\/yoast.com\/product\/yoast-seo-wordpress\/ -->\n<title>Impacto - XXIII SemeAd<\/title>\n<meta name=\"robots\" content=\"index, follow, max-snippet:-1, max-image-preview:large, max-video-preview:-1\" \/>\n<link rel=\"canonical\" href=\"https:\/\/semead.com.br\/23\/impacto\/\" \/>\n<meta property=\"og:locale\" content=\"pt_BR\" \/>\n<meta property=\"og:type\" content=\"article\" \/>\n<meta property=\"og:title\" content=\"Impacto - XXIII SemeAd\" \/>\n<meta property=\"og:description\" content=\"H\u00e1 uma palavra recorrente nos discursos atuais, na m\u00eddia, no mundo virtual, nos artigos cient\u00edficos. Muito se fala sobre \u201cIMPACTO\u201d. As diferentes possibilidades oferecidas na contemporaneidade, boa parte devido \u00e0 difus\u00e3o da tecnologia e do conhecimento, favorecem ao entendimento social de que nossas a\u00e7\u00f5es, nos mais diversos \u00e2mbitos, podem ter maior alcance e maior IMPACTO....\" \/>\n<meta property=\"og:url\" content=\"https:\/\/semead.com.br\/23\/impacto\/\" \/>\n<meta property=\"og:site_name\" content=\"XXIII SemeAd\" \/>\n<meta property=\"article:modified_time\" content=\"2019-07-07T20:06:47+00:00\" \/>\n<meta name=\"twitter:card\" content=\"summary_large_image\" \/>\n<meta name=\"twitter:label1\" content=\"Est. tempo de leitura\" \/>\n\t<meta name=\"twitter:data1\" content=\"1 minuto\" \/>\n<script type=\"application\/ld+json\" class=\"yoast-schema-graph\">{\"@context\":\"https:\\\/\\\/schema.org\",\"@graph\":[{\"@type\":\"WebPage\",\"@id\":\"https:\\\/\\\/semead.com.br\\\/23\\\/impacto\\\/\",\"url\":\"https:\\\/\\\/semead.com.br\\\/23\\\/impacto\\\/\",\"name\":\"Impacto - XXIII SemeAd\",\"isPartOf\":{\"@id\":\"https:\\\/\\\/semead.com.br\\\/23\\\/#website\"},\"datePublished\":\"2019-07-07T20:06:46+00:00\",\"dateModified\":\"2019-07-07T20:06:47+00:00\",\"breadcrumb\":{\"@id\":\"https:\\\/\\\/semead.com.br\\\/23\\\/impacto\\\/#breadcrumb\"},\"inLanguage\":\"pt-BR\",\"potentialAction\":[{\"@type\":\"ReadAction\",\"target\":[\"https:\\\/\\\/semead.com.br\\\/23\\\/impacto\\\/\"]}]},{\"@type\":\"BreadcrumbList\",\"@id\":\"https:\\\/\\\/semead.com.br\\\/23\\\/impacto\\\/#breadcrumb\",\"itemListElement\":[{\"@type\":\"ListItem\",\"position\":1,\"name\":\"In\u00edcio\",\"item\":\"https:\\\/\\\/semead.com.br\\\/23\\\/\"},{\"@type\":\"ListItem\",\"position\":2,\"name\":\"Impacto\"}]},{\"@type\":\"WebSite\",\"@id\":\"https:\\\/\\\/semead.com.br\\\/23\\\/#website\",\"url\":\"https:\\\/\\\/semead.com.br\\\/23\\\/\",\"name\":\"XXIII SemeAd\",\"description\":\"Semin\u00e1rios em Administra\u00e7\u00e3o\",\"potentialAction\":[{\"@type\":\"SearchAction\",\"target\":{\"@type\":\"EntryPoint\",\"urlTemplate\":\"https:\\\/\\\/semead.com.br\\\/23\\\/?s={search_term_string}\"},\"query-input\":{\"@type\":\"PropertyValueSpecification\",\"valueRequired\":true,\"valueName\":\"search_term_string\"}}],\"inLanguage\":\"pt-BR\"}]}<\/script>\n<!-- \/ Yoast SEO plugin. -->","yoast_head_json":{"title":"Impacto - XXIII SemeAd","robots":{"index":"index","follow":"follow","max-snippet":"max-snippet:-1","max-image-preview":"max-image-preview:large","max-video-preview":"max-video-preview:-1"},"canonical":"https:\/\/semead.com.br\/23\/impacto\/","og_locale":"pt_BR","og_type":"article","og_title":"Impacto - XXIII SemeAd","og_description":"H\u00e1 uma palavra recorrente nos discursos atuais, na m\u00eddia, no mundo virtual, nos artigos cient\u00edficos. Muito se fala sobre \u201cIMPACTO\u201d. As diferentes possibilidades oferecidas na contemporaneidade, boa parte devido \u00e0 difus\u00e3o da tecnologia e do conhecimento, favorecem ao entendimento social de que nossas a\u00e7\u00f5es, nos mais diversos \u00e2mbitos, podem ter maior alcance e maior IMPACTO....","og_url":"https:\/\/semead.com.br\/23\/impacto\/","og_site_name":"XXIII SemeAd","article_modified_time":"2019-07-07T20:06:47+00:00","twitter_card":"summary_large_image","twitter_misc":{"Est. tempo de leitura":"1 minuto"},"schema":{"@context":"https:\/\/schema.org","@graph":[{"@type":"WebPage","@id":"https:\/\/semead.com.br\/23\/impacto\/","url":"https:\/\/semead.com.br\/23\/impacto\/","name":"Impacto - XXIII SemeAd","isPartOf":{"@id":"https:\/\/semead.com.br\/23\/#website"},"datePublished":"2019-07-07T20:06:46+00:00","dateModified":"2019-07-07T20:06:47+00:00","breadcrumb":{"@id":"https:\/\/semead.com.br\/23\/impacto\/#breadcrumb"},"inLanguage":"pt-BR","potentialAction":[{"@type":"ReadAction","target":["https:\/\/semead.com.br\/23\/impacto\/"]}]},{"@type":"BreadcrumbList","@id":"https:\/\/semead.com.br\/23\/impacto\/#breadcrumb","itemListElement":[{"@type":"ListItem","position":1,"name":"In\u00edcio","item":"https:\/\/semead.com.br\/23\/"},{"@type":"ListItem","position":2,"name":"Impacto"}]},{"@type":"WebSite","@id":"https:\/\/semead.com.br\/23\/#website","url":"https:\/\/semead.com.br\/23\/","name":"XXIII SemeAd","description":"Semin\u00e1rios em Administra\u00e7\u00e3o","potentialAction":[{"@type":"SearchAction","target":{"@type":"EntryPoint","urlTemplate":"https:\/\/semead.com.br\/23\/?s={search_term_string}"},"query-input":{"@type":"PropertyValueSpecification","valueRequired":true,"valueName":"search_term_string"}}],"inLanguage":"pt-BR"}]}},"_links":{"self":[{"href":"https:\/\/semead.com.br\/23\/wp-json\/wp\/v2\/pages\/15211","targetHints":{"allow":["GET"]}}],"collection":[{"href":"https:\/\/semead.com.br\/23\/wp-json\/wp\/v2\/pages"}],"about":[{"href":"https:\/\/semead.com.br\/23\/wp-json\/wp\/v2\/types\/page"}],"author":[{"embeddable":true,"href":"https:\/\/semead.com.br\/23\/wp-json\/wp\/v2\/users\/1"}],"replies":[{"embeddable":true,"href":"https:\/\/semead.com.br\/23\/wp-json\/wp\/v2\/comments?post=15211"}],"version-history":[{"count":0,"href":"https:\/\/semead.com.br\/23\/wp-json\/wp\/v2\/pages\/15211\/revisions"}],"wp:attachment":[{"href":"https:\/\/semead.com.br\/23\/wp-json\/wp\/v2\/media?parent=15211"}],"curies":[{"name":"wp","href":"https:\/\/api.w.org\/{rel}","templated":true}]}}