{"id":15518,"date":"2019-10-01T23:24:08","date_gmt":"2019-10-02T02:24:08","guid":{"rendered":"https:\/\/semead.com.br\/23\/?page_id=15518"},"modified":"2020-11-22T19:48:38","modified_gmt":"2020-11-22T22:48:38","slug":"business-speakers","status":"publish","type":"page","link":"https:\/\/semead.com.br\/23\/business-speakers\/","title":{"rendered":"Business Speakers"},"content":{"rendered":"\t\t<div data-elementor-type=\"wp-post\" data-elementor-id=\"15518\" class=\"elementor elementor-15518\">\n\t\t\t\t\t\t<section class=\"elementor-section elementor-top-section elementor-element elementor-element-4135b02 elementor-section-boxed elementor-section-height-default elementor-section-height-default\" data-id=\"4135b02\" data-element_type=\"section\" data-e-type=\"section\">\n\t\t\t\t\t\t<div class=\"elementor-container elementor-column-gap-default\">\n\t\t\t\t\t<div class=\"elementor-column elementor-col-100 elementor-top-column elementor-element elementor-element-3827192\" data-id=\"3827192\" data-element_type=\"column\" data-e-type=\"column\">\n\t\t\t<div class=\"elementor-widget-wrap elementor-element-populated\">\n\t\t\t\t\t\t<div class=\"elementor-element elementor-element-4d2511e elementor-widget elementor-widget-heading\" data-id=\"4d2511e\" data-element_type=\"widget\" data-e-type=\"widget\" data-widget_type=\"heading.default\">\n\t\t\t\t<div class=\"elementor-widget-container\">\n\t\t\t\t\t<h2 class=\"elementor-heading-title elementor-size-default\">Business Speakers Confirmados<\/h2>\t\t\t\t<\/div>\n\t\t\t\t<\/div>\n\t\t\t\t<div class=\"elementor-element elementor-element-cec98f6 elementor-position-left elementor-vertical-align-top elementor-widget elementor-widget-image-box\" data-id=\"cec98f6\" data-element_type=\"widget\" data-e-type=\"widget\" data-widget_type=\"image-box.default\">\n\t\t\t\t<div class=\"elementor-widget-container\">\n\t\t\t\t\t<div class=\"elementor-image-box-wrapper\"><figure class=\"elementor-image-box-img\"><img fetchpriority=\"high\" decoding=\"async\" width=\"500\" height=\"500\" src=\"https:\/\/semead.com.br\/23\/wp-content\/uploads\/sites\/12\/2020\/10\/01-Luciano-Abrantes.jpg\" class=\"attachment-full size-full wp-image-17069\" alt=\"\" srcset=\"https:\/\/semead.com.br\/23\/wp-content\/uploads\/sites\/12\/2020\/10\/01-Luciano-Abrantes.jpg 500w, https:\/\/semead.com.br\/23\/wp-content\/uploads\/sites\/12\/2020\/10\/01-Luciano-Abrantes-300x300.jpg 300w, https:\/\/semead.com.br\/23\/wp-content\/uploads\/sites\/12\/2020\/10\/01-Luciano-Abrantes-150x150.jpg 150w, https:\/\/semead.com.br\/23\/wp-content\/uploads\/sites\/12\/2020\/10\/01-Luciano-Abrantes-400x400.jpg 400w\" sizes=\"(max-width: 500px) 100vw, 500px\" \/><\/figure><div class=\"elementor-image-box-content\"><h3 class=\"elementor-image-box-title\">Luciano Abrantes<\/h3><p class=\"elementor-image-box-description\">CTO e Inova\u00e7\u00e3o Digital da Natura &amp; Co Am\u00e9rica Latina<br><br>Luciano Abrantes \u00e9 diretor de Engenharia e Inova\u00e7\u00e3o de Produtos Digitais na Natura &amp; Co Am\u00e9rica Latina desde o in\u00edcio de 2020. Entre suas atribui\u00e7\u00f5es est\u00e3o as estruturas de servi\u00e7os e mecanismos de inova\u00e7\u00e3o aberta, como o Natura Startups. Tamb\u00e9m est\u00e1 sob sua lideran\u00e7a o desenvolvimento de produtos e servi\u00e7os digitais para a Plataforma Digital de Neg\u00f3cios da companhia. Com mais de 20 anos de experi\u00eancia em Tecnologia da Informa\u00e7\u00e3o, sendo 16 em posi\u00e7\u00f5es de lideran\u00e7a, Luciano foi o respons\u00e1vel pela cria\u00e7\u00e3o da \u00e1rea de Inova\u00e7\u00e3o Digital na Natura.\n<br><br><i>Minicurr\u00edculo:<\/i> Formado em Gest\u00e3o de Tecnologia da Informa\u00e7\u00e3o pela Universidade Mogi das Cruzes, Luciano tem MBA pela Funda\u00e7\u00e3o Get\u00falio Vargas (FGV). Em 2019, foi reconhecido como um dos 25 mais influentes \u201cDOers &amp; Shakers\u201d em organiza\u00e7\u00f5es com prop\u00f3sito, pela DO School. Luciano gosta de viajar com a fam\u00edlia, correr e pedalar.<br><br><b>Tema:<\/b> DIGITALIZA\u00c7\u00c3O DA VENDA DIRETA <br><span style=\"color: var( --e-global-color-text );font-family: var( --e-global-typography-text-font-family );font-weight: var( --e-global-typography-text-font-weight )\"><\/span><br><b>Anfitri\u00e3o:<\/b> Dr. Guilherme Ary Plonski (FEA-USP)<br>\n\n<br><b>Data:<\/b> 25\/11 das 13h30 \u00e0s 14h30<\/p><\/div><\/div>\t\t\t\t<\/div>\n\t\t\t\t<\/div>\n\t\t\t\t<div class=\"elementor-element elementor-element-ab7648b elementor-widget-divider--view-line elementor-widget elementor-widget-divider\" data-id=\"ab7648b\" data-element_type=\"widget\" data-e-type=\"widget\" data-widget_type=\"divider.default\">\n\t\t\t\t<div class=\"elementor-widget-container\">\n\t\t\t\t\t\t\t<div class=\"elementor-divider\">\n\t\t\t<span class=\"elementor-divider-separator\">\n\t\t\t\t\t\t<\/span>\n\t\t<\/div>\n\t\t\t\t\t\t<\/div>\n\t\t\t\t<\/div>\n\t\t\t\t\t<\/div>\n\t\t<\/div>\n\t\t\t\t\t<\/div>\n\t\t<\/section>\n\t\t\t\t<section class=\"elementor-section elementor-top-section elementor-element elementor-element-6f4d1c2 elementor-section-boxed elementor-section-height-default elementor-section-height-default\" data-id=\"6f4d1c2\" data-element_type=\"section\" data-e-type=\"section\">\n\t\t\t\t\t\t<div class=\"elementor-container elementor-column-gap-default\">\n\t\t\t\t\t<div class=\"elementor-column elementor-col-100 elementor-top-column elementor-element elementor-element-8cc552f\" data-id=\"8cc552f\" data-element_type=\"column\" data-e-type=\"column\">\n\t\t\t<div class=\"elementor-widget-wrap elementor-element-populated\">\n\t\t\t\t\t\t<div class=\"elementor-element elementor-element-ed827c7 elementor-position-left elementor-vertical-align-top elementor-widget elementor-widget-image-box\" data-id=\"ed827c7\" data-element_type=\"widget\" data-e-type=\"widget\" data-widget_type=\"image-box.default\">\n\t\t\t\t<div class=\"elementor-widget-container\">\n\t\t\t\t\t<div class=\"elementor-image-box-wrapper\"><figure class=\"elementor-image-box-img\"><img decoding=\"async\" width=\"400\" height=\"399\" src=\"https:\/\/semead.com.br\/23\/wp-content\/uploads\/sites\/12\/2020\/11\/02-Joao-Alexandre-1-e1605904392937.png\" class=\"attachment-full size-full wp-image-17404\" alt=\"\" \/><\/figure><div class=\"elementor-image-box-content\"><h3 class=\"elementor-image-box-title\">Jo\u00e3o Alexandre de Carvalho<\/h3><p class=\"elementor-image-box-description\">Digital Strategy &amp; Innovation Latin America<br><br>Estrat\u00e9gia digital, novos produtos digitais comerciais e desenvolvimento de neg\u00f3cios - suporte a todas as unidades de neg\u00f3cio LATAM da Cargill, bem como parceria e relacionamento de ecossistema de startups e inova\u00e7\u00e3o. Experi\u00eancia em lideran\u00e7a digital e estrat\u00e9gia em Startups e nos setores de Tecnologia, Servi\u00e7os, Alimentos e Bebidas, Farmac\u00eautica, Cosm\u00e9ticos e Consultoria.<br><br>\n<b>Tema:<\/b> INOVA\u00c7\u00c3O COLABORATIVA NO ECOSSISTEMA DE ALIMENTOS<br><br>\n<b>Anfitri\u00e3:<\/b> Dra. Vivian Lara Silva (FZEA \u2013 USP)<br><br><b>Data: <\/b>26\/11 das 13h30 \u00e0s 14h30<\/p><\/div><\/div>\t\t\t\t<\/div>\n\t\t\t\t<\/div>\n\t\t\t\t<div class=\"elementor-element elementor-element-463dd1e elementor-widget-divider--view-line elementor-widget elementor-widget-divider\" data-id=\"463dd1e\" data-element_type=\"widget\" data-e-type=\"widget\" data-widget_type=\"divider.default\">\n\t\t\t\t<div class=\"elementor-widget-container\">\n\t\t\t\t\t\t\t<div class=\"elementor-divider\">\n\t\t\t<span class=\"elementor-divider-separator\">\n\t\t\t\t\t\t<\/span>\n\t\t<\/div>\n\t\t\t\t\t\t<\/div>\n\t\t\t\t<\/div>\n\t\t\t\t\t<\/div>\n\t\t<\/div>\n\t\t\t\t\t<\/div>\n\t\t<\/section>\n\t\t\t\t<section class=\"elementor-section elementor-top-section elementor-element elementor-element-7693da2 elementor-section-boxed elementor-section-height-default elementor-section-height-default\" data-id=\"7693da2\" data-element_type=\"section\" data-e-type=\"section\">\n\t\t\t\t\t\t<div class=\"elementor-container elementor-column-gap-default\">\n\t\t\t\t\t<div class=\"elementor-column elementor-col-100 elementor-top-column elementor-element elementor-element-0ac0e4b\" data-id=\"0ac0e4b\" data-element_type=\"column\" data-e-type=\"column\">\n\t\t\t<div class=\"elementor-widget-wrap elementor-element-populated\">\n\t\t\t\t\t\t<div class=\"elementor-element elementor-element-beb05d8 elementor-position-left elementor-vertical-align-top elementor-widget elementor-widget-image-box\" data-id=\"beb05d8\" data-element_type=\"widget\" data-e-type=\"widget\" data-widget_type=\"image-box.default\">\n\t\t\t\t<div class=\"elementor-widget-container\">\n\t\t\t\t\t<div class=\"elementor-image-box-wrapper\"><figure class=\"elementor-image-box-img\"><img decoding=\"async\" width=\"400\" height=\"399\" src=\"https:\/\/semead.com.br\/23\/wp-content\/uploads\/sites\/12\/2020\/11\/03-Thiago.jpg\" class=\"attachment-full size-full wp-image-17139\" alt=\"\" srcset=\"https:\/\/semead.com.br\/23\/wp-content\/uploads\/sites\/12\/2020\/11\/03-Thiago.jpg 400w, https:\/\/semead.com.br\/23\/wp-content\/uploads\/sites\/12\/2020\/11\/03-Thiago-300x300.jpg 300w, https:\/\/semead.com.br\/23\/wp-content\/uploads\/sites\/12\/2020\/11\/03-Thiago-150x150.jpg 150w\" sizes=\"(max-width: 400px) 100vw, 400px\" \/><\/figure><div class=\"elementor-image-box-content\"><h3 class=\"elementor-image-box-title\">Thiago Carvalho Pinto<\/h3><p class=\"elementor-image-box-description\">Founder &amp; CEO<br><br>Thiago Ascencao Carvalho Pinto, Fundador e CEO da New Hope Ecotech, divide suas experi\u00eancias e desafios da concep\u00e7\u00e3o \u00e0 opera\u00e7\u00e3o do Selo eureciclo, a maior certificadora de log\u00edstica reversa do pa\u00eds.<br><br>\n<i>Minicurr\u00edculo:<\/i> \u00c9 fundador e CEO da New Hope Ecotech e do Selo eureciclo. The Boston Consulting Group (BCG). Co-fundador do PedalUSP (tembici) maior empresa de bikesharing. MBA Kellogg School of Management.<br><br>\n\n<b>Tema:<\/b> SUSTENTABILIDADE E EMPREENDEDORISMO TECNOL\u00d3GICO<br><br><b>Anfitri\u00e3:<\/b> Dra. Kavita Hamza (FEA-USP)\n<br><br>\n<b>Data: <\/b>27\/11 das 13h00 \u00e0s 14h00<b>\n<\/b><\/p><\/div><\/div>\t\t\t\t<\/div>\n\t\t\t\t<\/div>\n\t\t\t\t<div class=\"elementor-element elementor-element-583a4dd elementor-widget-divider--view-line elementor-widget elementor-widget-divider\" data-id=\"583a4dd\" data-element_type=\"widget\" data-e-type=\"widget\" data-widget_type=\"divider.default\">\n\t\t\t\t<div class=\"elementor-widget-container\">\n\t\t\t\t\t\t\t<div class=\"elementor-divider\">\n\t\t\t<span class=\"elementor-divider-separator\">\n\t\t\t\t\t\t<\/span>\n\t\t<\/div>\n\t\t\t\t\t\t<\/div>\n\t\t\t\t<\/div>\n\t\t\t\t\t<\/div>\n\t\t<\/div>\n\t\t\t\t\t<\/div>\n\t\t<\/section>\n\t\t\t\t<section class=\"elementor-section elementor-top-section elementor-element elementor-element-e7c37b3 elementor-section-boxed elementor-section-height-default elementor-section-height-default\" data-id=\"e7c37b3\" data-element_type=\"section\" data-e-type=\"section\">\n\t\t\t\t\t\t<div class=\"elementor-container elementor-column-gap-default\">\n\t\t\t\t\t<div class=\"elementor-column elementor-col-100 elementor-top-column elementor-element elementor-element-2fd71ef\" data-id=\"2fd71ef\" data-element_type=\"column\" data-e-type=\"column\">\n\t\t\t<div class=\"elementor-widget-wrap elementor-element-populated\">\n\t\t\t\t\t\t<div class=\"elementor-element elementor-element-c1ee581 elementor-position-left elementor-vertical-align-top elementor-widget elementor-widget-image-box\" data-id=\"c1ee581\" data-element_type=\"widget\" data-e-type=\"widget\" data-widget_type=\"image-box.default\">\n\t\t\t\t<div class=\"elementor-widget-container\">\n\t\t\t\t\t<div class=\"elementor-image-box-wrapper\"><figure class=\"elementor-image-box-img\"><img loading=\"lazy\" decoding=\"async\" width=\"400\" height=\"400\" src=\"https:\/\/semead.com.br\/23\/wp-content\/uploads\/sites\/12\/2020\/11\/04-Camila.png\" class=\"attachment-full size-full wp-image-17416\" alt=\"\" srcset=\"https:\/\/semead.com.br\/23\/wp-content\/uploads\/sites\/12\/2020\/11\/04-Camila.png 400w, https:\/\/semead.com.br\/23\/wp-content\/uploads\/sites\/12\/2020\/11\/04-Camila-300x300.png 300w, https:\/\/semead.com.br\/23\/wp-content\/uploads\/sites\/12\/2020\/11\/04-Camila-150x150.png 150w\" sizes=\"(max-width: 400px) 100vw, 400px\" \/><\/figure><div class=\"elementor-image-box-content\"><h3 class=\"elementor-image-box-title\">Camila Sousa<\/h3><p class=\"elementor-image-box-description\">Media Analytics &amp; Human Insight Director P&amp;G<br>\n<br>\nCom base nos dados coletados e estudos feitos pela P&amp;G, a palestrante Camila Sousa trar\u00e1 insights e tend\u00eancias que a companhia tem mapeado ligados \u00e0s mudan\u00e7as de comportamento do consumidor conforme as fases de evolu\u00e7\u00e3o do COVID-19.<br>\n<br>\n<b>Tema:<\/b> PERSPECTIVAS P\u00d3S COVID-19<br><br>\n<b>Anfitri\u00e3o:<\/b> Andres Rodriguez Veloso (FEA-USP)<br><br>\n<b>Data:<\/b> 27\/11 das 13h30 \u00e0s 14h30<\/p><\/div><\/div>\t\t\t\t<\/div>\n\t\t\t\t<\/div>\n\t\t\t\t<div class=\"elementor-element elementor-element-051eddd elementor-widget-divider--view-line elementor-widget elementor-widget-divider\" data-id=\"051eddd\" data-element_type=\"widget\" data-e-type=\"widget\" data-widget_type=\"divider.default\">\n\t\t\t\t<div class=\"elementor-widget-container\">\n\t\t\t\t\t\t\t<div class=\"elementor-divider\">\n\t\t\t<span class=\"elementor-divider-separator\">\n\t\t\t\t\t\t<\/span>\n\t\t<\/div>\n\t\t\t\t\t\t<\/div>\n\t\t\t\t<\/div>\n\t\t\t\t\t<\/div>\n\t\t<\/div>\n\t\t\t\t\t<\/div>\n\t\t<\/section>\n\t\t\t\t<\/div>\n\t\t","protected":false},"excerpt":{"rendered":"<p>Business Speakers Confirmados Luciano Abrantes CTO e Inova\u00e7\u00e3o Digital da Natura &amp; Co Am\u00e9rica Latina Luciano Abrantes \u00e9 diretor de Engenharia e Inova\u00e7\u00e3o de Produtos Digitais na Natura &amp; Co Am\u00e9rica Latina desde o in\u00edcio de 2020. Entre suas atribui\u00e7\u00f5es est\u00e3o as estruturas de servi\u00e7os e mecanismos de inova\u00e7\u00e3o aberta, como o Natura Startups. Tamb\u00e9m&#8230;<\/p>\n","protected":false},"author":4,"featured_media":0,"parent":0,"menu_order":0,"comment_status":"closed","ping_status":"closed","template":"","meta":{"_acf_changed":false,"_monsterinsights_skip_tracking":false,"_monsterinsights_sitenote_active":false,"_monsterinsights_sitenote_note":"","_monsterinsights_sitenote_category":0,"footnotes":""},"class_list":["post-15518","page","type-page","status-publish","hentry"],"acf":[],"yoast_head":"<!-- This site is optimized with the Yoast SEO plugin v27.1.1 - https:\/\/yoast.com\/product\/yoast-seo-wordpress\/ -->\n<title>Business Speakers - XXIII SemeAd<\/title>\n<meta name=\"robots\" content=\"index, follow, max-snippet:-1, max-image-preview:large, max-video-preview:-1\" \/>\n<link rel=\"canonical\" href=\"https:\/\/semead.com.br\/23\/business-speakers\/\" \/>\n<meta property=\"og:locale\" content=\"pt_BR\" \/>\n<meta property=\"og:type\" content=\"article\" \/>\n<meta property=\"og:title\" content=\"Business Speakers - XXIII SemeAd\" \/>\n<meta property=\"og:description\" content=\"Business Speakers Confirmados Luciano Abrantes CTO e Inova\u00e7\u00e3o Digital da Natura &amp; Co Am\u00e9rica Latina Luciano Abrantes \u00e9 diretor de Engenharia e Inova\u00e7\u00e3o de Produtos Digitais na Natura &amp; Co Am\u00e9rica Latina desde o in\u00edcio de 2020. Entre suas atribui\u00e7\u00f5es est\u00e3o as estruturas de servi\u00e7os e mecanismos de inova\u00e7\u00e3o aberta, como o Natura Startups. Tamb\u00e9m...\" \/>\n<meta property=\"og:url\" content=\"https:\/\/semead.com.br\/23\/business-speakers\/\" \/>\n<meta property=\"og:site_name\" content=\"XXIII SemeAd\" \/>\n<meta property=\"article:modified_time\" content=\"2020-11-22T22:48:38+00:00\" \/>\n<meta property=\"og:image\" content=\"https:\/\/semead.com.br\/23\/wp-content\/uploads\/sites\/12\/2020\/10\/01-Luciano-Abrantes.jpg\" \/>\n<meta name=\"twitter:card\" content=\"summary_large_image\" \/>\n<meta name=\"twitter:label1\" content=\"Est. tempo de leitura\" \/>\n\t<meta name=\"twitter:data1\" content=\"2 minutos\" \/>\n<script type=\"application\/ld+json\" class=\"yoast-schema-graph\">{\"@context\":\"https:\/\/schema.org\",\"@graph\":[{\"@type\":\"WebPage\",\"@id\":\"https:\/\/semead.com.br\/23\/business-speakers\/\",\"url\":\"https:\/\/semead.com.br\/23\/business-speakers\/\",\"name\":\"Business Speakers - XXIII SemeAd\",\"isPartOf\":{\"@id\":\"https:\/\/semead.com.br\/23\/#website\"},\"primaryImageOfPage\":{\"@id\":\"https:\/\/semead.com.br\/23\/business-speakers\/#primaryimage\"},\"image\":{\"@id\":\"https:\/\/semead.com.br\/23\/business-speakers\/#primaryimage\"},\"thumbnailUrl\":\"https:\/\/semead.com.br\/23\/wp-content\/uploads\/sites\/12\/2020\/10\/01-Luciano-Abrantes.jpg\",\"datePublished\":\"2019-10-02T02:24:08+00:00\",\"dateModified\":\"2020-11-22T22:48:38+00:00\",\"breadcrumb\":{\"@id\":\"https:\/\/semead.com.br\/23\/business-speakers\/#breadcrumb\"},\"inLanguage\":\"pt-BR\",\"potentialAction\":[{\"@type\":\"ReadAction\",\"target\":[\"https:\/\/semead.com.br\/23\/business-speakers\/\"]}]},{\"@type\":\"ImageObject\",\"inLanguage\":\"pt-BR\",\"@id\":\"https:\/\/semead.com.br\/23\/business-speakers\/#primaryimage\",\"url\":\"https:\/\/semead.com.br\/23\/wp-content\/uploads\/sites\/12\/2020\/10\/01-Luciano-Abrantes.jpg\",\"contentUrl\":\"https:\/\/semead.com.br\/23\/wp-content\/uploads\/sites\/12\/2020\/10\/01-Luciano-Abrantes.jpg\",\"width\":500,\"height\":500},{\"@type\":\"BreadcrumbList\",\"@id\":\"https:\/\/semead.com.br\/23\/business-speakers\/#breadcrumb\",\"itemListElement\":[{\"@type\":\"ListItem\",\"position\":1,\"name\":\"In\u00edcio\",\"item\":\"https:\/\/semead.com.br\/23\/\"},{\"@type\":\"ListItem\",\"position\":2,\"name\":\"Business Speakers\"}]},{\"@type\":\"WebSite\",\"@id\":\"https:\/\/semead.com.br\/23\/#website\",\"url\":\"https:\/\/semead.com.br\/23\/\",\"name\":\"XXIII SemeAd\",\"description\":\"Semin\u00e1rios em Administra\u00e7\u00e3o\",\"potentialAction\":[{\"@type\":\"SearchAction\",\"target\":{\"@type\":\"EntryPoint\",\"urlTemplate\":\"https:\/\/semead.com.br\/23\/?s={search_term_string}\"},\"query-input\":{\"@type\":\"PropertyValueSpecification\",\"valueRequired\":true,\"valueName\":\"search_term_string\"}}],\"inLanguage\":\"pt-BR\"}]}<\/script>\n<!-- \/ Yoast SEO plugin. -->","yoast_head_json":{"title":"Business Speakers - XXIII SemeAd","robots":{"index":"index","follow":"follow","max-snippet":"max-snippet:-1","max-image-preview":"max-image-preview:large","max-video-preview":"max-video-preview:-1"},"canonical":"https:\/\/semead.com.br\/23\/business-speakers\/","og_locale":"pt_BR","og_type":"article","og_title":"Business Speakers - XXIII SemeAd","og_description":"Business Speakers Confirmados Luciano Abrantes CTO e Inova\u00e7\u00e3o Digital da Natura &amp; Co Am\u00e9rica Latina Luciano Abrantes \u00e9 diretor de Engenharia e Inova\u00e7\u00e3o de Produtos Digitais na Natura &amp; Co Am\u00e9rica Latina desde o in\u00edcio de 2020. Entre suas atribui\u00e7\u00f5es est\u00e3o as estruturas de servi\u00e7os e mecanismos de inova\u00e7\u00e3o aberta, como o Natura Startups. Tamb\u00e9m...","og_url":"https:\/\/semead.com.br\/23\/business-speakers\/","og_site_name":"XXIII SemeAd","article_modified_time":"2020-11-22T22:48:38+00:00","og_image":[{"url":"https:\/\/semead.com.br\/23\/wp-content\/uploads\/sites\/12\/2020\/10\/01-Luciano-Abrantes.jpg","type":"","width":"","height":""}],"twitter_card":"summary_large_image","twitter_misc":{"Est. tempo de leitura":"2 minutos"},"schema":{"@context":"https:\/\/schema.org","@graph":[{"@type":"WebPage","@id":"https:\/\/semead.com.br\/23\/business-speakers\/","url":"https:\/\/semead.com.br\/23\/business-speakers\/","name":"Business Speakers - XXIII SemeAd","isPartOf":{"@id":"https:\/\/semead.com.br\/23\/#website"},"primaryImageOfPage":{"@id":"https:\/\/semead.com.br\/23\/business-speakers\/#primaryimage"},"image":{"@id":"https:\/\/semead.com.br\/23\/business-speakers\/#primaryimage"},"thumbnailUrl":"https:\/\/semead.com.br\/23\/wp-content\/uploads\/sites\/12\/2020\/10\/01-Luciano-Abrantes.jpg","datePublished":"2019-10-02T02:24:08+00:00","dateModified":"2020-11-22T22:48:38+00:00","breadcrumb":{"@id":"https:\/\/semead.com.br\/23\/business-speakers\/#breadcrumb"},"inLanguage":"pt-BR","potentialAction":[{"@type":"ReadAction","target":["https:\/\/semead.com.br\/23\/business-speakers\/"]}]},{"@type":"ImageObject","inLanguage":"pt-BR","@id":"https:\/\/semead.com.br\/23\/business-speakers\/#primaryimage","url":"https:\/\/semead.com.br\/23\/wp-content\/uploads\/sites\/12\/2020\/10\/01-Luciano-Abrantes.jpg","contentUrl":"https:\/\/semead.com.br\/23\/wp-content\/uploads\/sites\/12\/2020\/10\/01-Luciano-Abrantes.jpg","width":500,"height":500},{"@type":"BreadcrumbList","@id":"https:\/\/semead.com.br\/23\/business-speakers\/#breadcrumb","itemListElement":[{"@type":"ListItem","position":1,"name":"In\u00edcio","item":"https:\/\/semead.com.br\/23\/"},{"@type":"ListItem","position":2,"name":"Business Speakers"}]},{"@type":"WebSite","@id":"https:\/\/semead.com.br\/23\/#website","url":"https:\/\/semead.com.br\/23\/","name":"XXIII SemeAd","description":"Semin\u00e1rios em Administra\u00e7\u00e3o","potentialAction":[{"@type":"SearchAction","target":{"@type":"EntryPoint","urlTemplate":"https:\/\/semead.com.br\/23\/?s={search_term_string}"},"query-input":{"@type":"PropertyValueSpecification","valueRequired":true,"valueName":"search_term_string"}}],"inLanguage":"pt-BR"}]}},"_links":{"self":[{"href":"https:\/\/semead.com.br\/23\/wp-json\/wp\/v2\/pages\/15518","targetHints":{"allow":["GET"]}}],"collection":[{"href":"https:\/\/semead.com.br\/23\/wp-json\/wp\/v2\/pages"}],"about":[{"href":"https:\/\/semead.com.br\/23\/wp-json\/wp\/v2\/types\/page"}],"author":[{"embeddable":true,"href":"https:\/\/semead.com.br\/23\/wp-json\/wp\/v2\/users\/4"}],"replies":[{"embeddable":true,"href":"https:\/\/semead.com.br\/23\/wp-json\/wp\/v2\/comments?post=15518"}],"version-history":[{"count":0,"href":"https:\/\/semead.com.br\/23\/wp-json\/wp\/v2\/pages\/15518\/revisions"}],"wp:attachment":[{"href":"https:\/\/semead.com.br\/23\/wp-json\/wp\/v2\/media?parent=15518"}],"curies":[{"name":"wp","href":"https:\/\/api.w.org\/{rel}","templated":true}]}}