{"id":15647,"date":"2019-10-23T18:00:29","date_gmt":"2019-10-23T21:00:29","guid":{"rendered":"https:\/\/semead.com.br\/23\/?page_id=15647"},"modified":"2019-10-23T18:19:11","modified_gmt":"2019-10-23T21:19:11","slug":"impacto-3","status":"publish","type":"page","link":"https:\/\/semead.com.br\/23\/impacto-3\/","title":{"rendered":"IMPACTO"},"content":{"rendered":"\t\t<div data-elementor-type=\"wp-post\" data-elementor-id=\"15647\" class=\"elementor elementor-15647\">\n\t\t\t\t\t\t<section class=\"elementor-section elementor-top-section elementor-element elementor-element-aa21520 elementor-section-boxed elementor-section-height-default elementor-section-height-default\" data-id=\"aa21520\" data-element_type=\"section\" data-e-type=\"section\">\n\t\t\t\t\t\t<div class=\"elementor-container elementor-column-gap-default\">\n\t\t\t\t\t<div class=\"elementor-column elementor-col-100 elementor-top-column elementor-element elementor-element-4e26829\" data-id=\"4e26829\" data-element_type=\"column\" data-e-type=\"column\">\n\t\t\t<div class=\"elementor-widget-wrap elementor-element-populated\">\n\t\t\t\t\t\t<div class=\"elementor-element elementor-element-ca98cc5 elementor-widget elementor-widget-text-editor\" data-id=\"ca98cc5\" data-element_type=\"widget\" data-e-type=\"widget\" data-widget_type=\"text-editor.default\">\n\t\t\t\t<div class=\"elementor-widget-container\">\n\t\t\t\t\t\t\t\t\t<p>H\u00e1 uma palavra recorrente nos discursos atuais, na m\u00eddia, no mundo virtual, nos artigos cient\u00edficos. Muito se fala sobre \u201cIMPACTO\u201d.<\/p><p>As diferentes possibilidades oferecidas na contemporaneidade, boa parte devido \u00e0 difus\u00e3o da tecnologia e do conhecimento, favorecem ao entendimento social de que nossas a\u00e7\u00f5es, nos mais diversos \u00e2mbitos, podem ter maior alcance e maior IMPACTO.<\/p><p>Mas o que significa IMPACTO?<\/p><p>O dicion\u00e1rio refere impacto a uma for\u00e7a f\u00edsica (como uma colis\u00e3o), uma influ\u00eancia ou um efeito significativo. Mas essa palavra vers\u00e1til tamb\u00e9m pode ser usada como verbo sin\u00f4nimo de \u201cafetar\u201d, \u201csuportar\u201d ou \u201ctocar\u201d.<\/p><p>T\u00e3o subjetivo quanto sua defini\u00e7\u00e3o, o entendimento do que \u00e9 IMPACTO \u00e9 plural e multidimensional. Na academia n\u00e3o \u00e9 diferente. Os journals cient\u00edficos, as ag\u00eancias financiadoras e a pr\u00f3pria comunidade requisitam que as a\u00e7\u00f5es daqueles que atuam nesse universo, tenham cada vez mais impacto.<\/p><p>Mas o que podemos entender por IMPACTO?<\/p><p>O SemeAd 2019 trar\u00e1 essa discuss\u00e3o. No evento ser\u00e3o realizados f\u00f3runs e atividades voltadas a entender o significado de IMPACTO em diferentes dimens\u00f5es. Clique em cada uma delas para saber mais:<\/p>\t\t\t\t\t\t\t\t<\/div>\n\t\t\t\t<\/div>\n\t\t\t\t\t<\/div>\n\t\t<\/div>\n\t\t\t\t\t<\/div>\n\t\t<\/section>\n\t\t\t\t<section class=\"elementor-section elementor-top-section elementor-element elementor-element-42952b1 elementor-section-boxed elementor-section-height-default elementor-section-height-default\" data-id=\"42952b1\" data-element_type=\"section\" data-e-type=\"section\">\n\t\t\t\t\t\t<div class=\"elementor-container elementor-column-gap-default\">\n\t\t\t\t\t<div class=\"elementor-column elementor-col-50 elementor-top-column elementor-element elementor-element-e1fa350\" data-id=\"e1fa350\" data-element_type=\"column\" data-e-type=\"column\">\n\t\t\t<div class=\"elementor-widget-wrap elementor-element-populated\">\n\t\t\t\t\t\t<div class=\"elementor-element elementor-element-c35cc54 elementor-widget elementor-widget-image\" data-id=\"c35cc54\" data-element_type=\"widget\" data-e-type=\"widget\" data-widget_type=\"image.default\">\n\t\t\t\t<div class=\"elementor-widget-container\">\n\t\t\t\t\t\t\t\t\t\t\t\t\t\t\t\t<a href=\"http:\/\/semead.com.br\/22\/impacto-3\/impacto-nas-universidades\/\">\n\t\t\t\t\t\t\t<img decoding=\"async\" src=\"http:\/\/semead.com.br\/22\/wp-content\/uploads\/sites\/9\/2019\/10\/Banner_Impacto-universidade.png\" title=\"Banner_Impacto universidade\" alt=\"\" loading=\"lazy\" \/>\t\t\t\t\t\t\t\t<\/a>\n\t\t\t\t\t\t\t\t\t\t\t\t\t\t\t<\/div>\n\t\t\t\t<\/div>\n\t\t\t\t\t<\/div>\n\t\t<\/div>\n\t\t\t\t<div class=\"elementor-column elementor-col-50 elementor-top-column elementor-element elementor-element-2da62a0\" data-id=\"2da62a0\" data-element_type=\"column\" data-e-type=\"column\">\n\t\t\t<div class=\"elementor-widget-wrap elementor-element-populated\">\n\t\t\t\t\t\t<div class=\"elementor-element elementor-element-6817379 elementor-widget elementor-widget-image\" data-id=\"6817379\" data-element_type=\"widget\" data-e-type=\"widget\" data-widget_type=\"image.default\">\n\t\t\t\t<div class=\"elementor-widget-container\">\n\t\t\t\t\t\t\t\t\t\t\t\t\t\t\t\t<a href=\"http:\/\/semead.com.br\/22\/impacto-3\/impacto-no-fomento-as-pesquisas\/\">\n\t\t\t\t\t\t\t<img decoding=\"async\" src=\"http:\/\/semead.com.br\/22\/wp-content\/uploads\/sites\/9\/2019\/10\/Banner_Impacto-Pesquisa.png\" title=\"Banner_Impacto Pesquisa\" alt=\"\" loading=\"lazy\" \/>\t\t\t\t\t\t\t\t<\/a>\n\t\t\t\t\t\t\t\t\t\t\t\t\t\t\t<\/div>\n\t\t\t\t<\/div>\n\t\t\t\t\t<\/div>\n\t\t<\/div>\n\t\t\t\t\t<\/div>\n\t\t<\/section>\n\t\t\t\t<section class=\"elementor-section elementor-top-section elementor-element elementor-element-932aa77 elementor-section-boxed elementor-section-height-default elementor-section-height-default\" data-id=\"932aa77\" data-element_type=\"section\" data-e-type=\"section\">\n\t\t\t\t\t\t<div class=\"elementor-container elementor-column-gap-default\">\n\t\t\t\t\t<div class=\"elementor-column elementor-col-50 elementor-top-column elementor-element elementor-element-e554f7f\" data-id=\"e554f7f\" data-element_type=\"column\" data-e-type=\"column\">\n\t\t\t<div class=\"elementor-widget-wrap elementor-element-populated\">\n\t\t\t\t\t\t<div class=\"elementor-element elementor-element-1d46eed elementor-widget elementor-widget-image\" data-id=\"1d46eed\" data-element_type=\"widget\" data-e-type=\"widget\" data-widget_type=\"image.default\">\n\t\t\t\t<div class=\"elementor-widget-container\">\n\t\t\t\t\t\t\t\t\t\t\t\t\t\t\t\t<a href=\"http:\/\/semead.com.br\/22\/impacto-3\/impacto-em-business-schools\/\">\n\t\t\t\t\t\t\t<img decoding=\"async\" src=\"http:\/\/semead.com.br\/22\/wp-content\/uploads\/sites\/9\/2019\/10\/Banner_Impacto-Escolas-de-negocio.png\" title=\"Banner_Impacto Escolas de negocio\" alt=\"\" loading=\"lazy\" \/>\t\t\t\t\t\t\t\t<\/a>\n\t\t\t\t\t\t\t\t\t\t\t\t\t\t\t<\/div>\n\t\t\t\t<\/div>\n\t\t\t\t\t<\/div>\n\t\t<\/div>\n\t\t\t\t<div class=\"elementor-column elementor-col-50 elementor-top-column elementor-element elementor-element-a9f9d0a\" data-id=\"a9f9d0a\" data-element_type=\"column\" data-e-type=\"column\">\n\t\t\t<div class=\"elementor-widget-wrap elementor-element-populated\">\n\t\t\t\t\t\t<div class=\"elementor-element elementor-element-de6deed elementor-widget elementor-widget-image\" data-id=\"de6deed\" data-element_type=\"widget\" data-e-type=\"widget\" data-widget_type=\"image.default\">\n\t\t\t\t<div class=\"elementor-widget-container\">\n\t\t\t\t\t\t\t\t\t\t\t\t\t\t\t\t<a href=\"http:\/\/semead.com.br\/22\/impacto-3\/impacto-na-producao-cientifica\/\">\n\t\t\t\t\t\t\t<img decoding=\"async\" src=\"http:\/\/semead.com.br\/22\/wp-content\/uploads\/sites\/9\/2019\/10\/Banner_Impacto-publica\u00e7\u00f5es.png\" title=\"Banner_Impacto publica\u00e7\u00f5es\" alt=\"\" loading=\"lazy\" \/>\t\t\t\t\t\t\t\t<\/a>\n\t\t\t\t\t\t\t\t\t\t\t\t\t\t\t<\/div>\n\t\t\t\t<\/div>\n\t\t\t\t\t<\/div>\n\t\t<\/div>\n\t\t\t\t\t<\/div>\n\t\t<\/section>\n\t\t\t\t<\/div>\n\t\t","protected":false},"excerpt":{"rendered":"<p>H\u00e1 uma palavra recorrente nos discursos atuais, na m\u00eddia, no mundo virtual, nos artigos cient\u00edficos. Muito se fala sobre \u201cIMPACTO\u201d. As diferentes possibilidades oferecidas na contemporaneidade, boa parte devido \u00e0 difus\u00e3o da tecnologia e do conhecimento, favorecem ao entendimento social de que nossas a\u00e7\u00f5es, nos mais diversos \u00e2mbitos, podem ter maior alcance e maior IMPACTO&#8230;.<\/p>\n","protected":false},"author":4,"featured_media":0,"parent":0,"menu_order":0,"comment_status":"closed","ping_status":"closed","template":"","meta":{"_acf_changed":false,"_monsterinsights_skip_tracking":false,"_monsterinsights_sitenote_active":false,"_monsterinsights_sitenote_note":"","_monsterinsights_sitenote_category":0,"footnotes":""},"class_list":["post-15647","page","type-page","status-publish","hentry"],"acf":[],"yoast_head":"<!-- This site is optimized with the Yoast SEO plugin v27.1.1 - https:\/\/yoast.com\/product\/yoast-seo-wordpress\/ -->\n<title>IMPACTO - XXIII SemeAd<\/title>\n<meta name=\"robots\" content=\"index, follow, max-snippet:-1, max-image-preview:large, max-video-preview:-1\" \/>\n<link rel=\"canonical\" href=\"https:\/\/semead.com.br\/23\/impacto-3\/\" \/>\n<meta property=\"og:locale\" content=\"pt_BR\" \/>\n<meta property=\"og:type\" content=\"article\" \/>\n<meta property=\"og:title\" content=\"IMPACTO - XXIII SemeAd\" \/>\n<meta property=\"og:description\" content=\"H\u00e1 uma palavra recorrente nos discursos atuais, na m\u00eddia, no mundo virtual, nos artigos cient\u00edficos. Muito se fala sobre \u201cIMPACTO\u201d. As diferentes possibilidades oferecidas na contemporaneidade, boa parte devido \u00e0 difus\u00e3o da tecnologia e do conhecimento, favorecem ao entendimento social de que nossas a\u00e7\u00f5es, nos mais diversos \u00e2mbitos, podem ter maior alcance e maior IMPACTO....\" \/>\n<meta property=\"og:url\" content=\"https:\/\/semead.com.br\/23\/impacto-3\/\" \/>\n<meta property=\"og:site_name\" content=\"XXIII SemeAd\" \/>\n<meta property=\"article:modified_time\" content=\"2019-10-23T21:19:11+00:00\" \/>\n<meta property=\"og:image\" content=\"https:\/\/semead.com.br\/23\/wp-content\/uploads\/sites\/12\/elementor\/thumbs\/Banner_Impacto-universidade-ofns1b3t2g82a0f69qbirjcmyak6b5ednb78lho3n8.png\" \/>\n<meta name=\"twitter:card\" content=\"summary_large_image\" \/>\n<meta name=\"twitter:label1\" content=\"Est. tempo de leitura\" \/>\n\t<meta name=\"twitter:data1\" content=\"1 minuto\" \/>\n<script type=\"application\/ld+json\" class=\"yoast-schema-graph\">{\"@context\":\"https:\/\/schema.org\",\"@graph\":[{\"@type\":\"WebPage\",\"@id\":\"https:\/\/semead.com.br\/23\/impacto-3\/\",\"url\":\"https:\/\/semead.com.br\/23\/impacto-3\/\",\"name\":\"IMPACTO - XXIII SemeAd\",\"isPartOf\":{\"@id\":\"https:\/\/semead.com.br\/23\/#website\"},\"primaryImageOfPage\":{\"@id\":\"https:\/\/semead.com.br\/23\/impacto-3\/#primaryimage\"},\"image\":{\"@id\":\"https:\/\/semead.com.br\/23\/impacto-3\/#primaryimage\"},\"thumbnailUrl\":\"https:\/\/semead.com.br\/23\/wp-content\/uploads\/sites\/12\/elementor\/thumbs\/Banner_Impacto-universidade-ofns1b3t2g82a0f69qbirjcmyak6b5ednb78lho3n8.png\",\"datePublished\":\"2019-10-23T21:00:29+00:00\",\"dateModified\":\"2019-10-23T21:19:11+00:00\",\"breadcrumb\":{\"@id\":\"https:\/\/semead.com.br\/23\/impacto-3\/#breadcrumb\"},\"inLanguage\":\"pt-BR\",\"potentialAction\":[{\"@type\":\"ReadAction\",\"target\":[\"https:\/\/semead.com.br\/23\/impacto-3\/\"]}]},{\"@type\":\"ImageObject\",\"inLanguage\":\"pt-BR\",\"@id\":\"https:\/\/semead.com.br\/23\/impacto-3\/#primaryimage\",\"url\":\"https:\/\/semead.com.br\/23\/wp-content\/uploads\/sites\/12\/elementor\/thumbs\/Banner_Impacto-universidade-ofns1b3t2g82a0f69qbirjcmyak6b5ednb78lho3n8.png\",\"contentUrl\":\"https:\/\/semead.com.br\/23\/wp-content\/uploads\/sites\/12\/elementor\/thumbs\/Banner_Impacto-universidade-ofns1b3t2g82a0f69qbirjcmyak6b5ednb78lho3n8.png\"},{\"@type\":\"BreadcrumbList\",\"@id\":\"https:\/\/semead.com.br\/23\/impacto-3\/#breadcrumb\",\"itemListElement\":[{\"@type\":\"ListItem\",\"position\":1,\"name\":\"In\u00edcio\",\"item\":\"https:\/\/semead.com.br\/23\/\"},{\"@type\":\"ListItem\",\"position\":2,\"name\":\"IMPACTO\"}]},{\"@type\":\"WebSite\",\"@id\":\"https:\/\/semead.com.br\/23\/#website\",\"url\":\"https:\/\/semead.com.br\/23\/\",\"name\":\"XXIII SemeAd\",\"description\":\"Semin\u00e1rios em Administra\u00e7\u00e3o\",\"potentialAction\":[{\"@type\":\"SearchAction\",\"target\":{\"@type\":\"EntryPoint\",\"urlTemplate\":\"https:\/\/semead.com.br\/23\/?s={search_term_string}\"},\"query-input\":{\"@type\":\"PropertyValueSpecification\",\"valueRequired\":true,\"valueName\":\"search_term_string\"}}],\"inLanguage\":\"pt-BR\"}]}<\/script>\n<!-- \/ Yoast SEO plugin. -->","yoast_head_json":{"title":"IMPACTO - XXIII SemeAd","robots":{"index":"index","follow":"follow","max-snippet":"max-snippet:-1","max-image-preview":"max-image-preview:large","max-video-preview":"max-video-preview:-1"},"canonical":"https:\/\/semead.com.br\/23\/impacto-3\/","og_locale":"pt_BR","og_type":"article","og_title":"IMPACTO - XXIII SemeAd","og_description":"H\u00e1 uma palavra recorrente nos discursos atuais, na m\u00eddia, no mundo virtual, nos artigos cient\u00edficos. Muito se fala sobre \u201cIMPACTO\u201d. As diferentes possibilidades oferecidas na contemporaneidade, boa parte devido \u00e0 difus\u00e3o da tecnologia e do conhecimento, favorecem ao entendimento social de que nossas a\u00e7\u00f5es, nos mais diversos \u00e2mbitos, podem ter maior alcance e maior IMPACTO....","og_url":"https:\/\/semead.com.br\/23\/impacto-3\/","og_site_name":"XXIII SemeAd","article_modified_time":"2019-10-23T21:19:11+00:00","og_image":[{"url":"https:\/\/semead.com.br\/23\/wp-content\/uploads\/sites\/12\/elementor\/thumbs\/Banner_Impacto-universidade-ofns1b3t2g82a0f69qbirjcmyak6b5ednb78lho3n8.png","type":"","width":"","height":""}],"twitter_card":"summary_large_image","twitter_misc":{"Est. tempo de leitura":"1 minuto"},"schema":{"@context":"https:\/\/schema.org","@graph":[{"@type":"WebPage","@id":"https:\/\/semead.com.br\/23\/impacto-3\/","url":"https:\/\/semead.com.br\/23\/impacto-3\/","name":"IMPACTO - XXIII SemeAd","isPartOf":{"@id":"https:\/\/semead.com.br\/23\/#website"},"primaryImageOfPage":{"@id":"https:\/\/semead.com.br\/23\/impacto-3\/#primaryimage"},"image":{"@id":"https:\/\/semead.com.br\/23\/impacto-3\/#primaryimage"},"thumbnailUrl":"https:\/\/semead.com.br\/23\/wp-content\/uploads\/sites\/12\/elementor\/thumbs\/Banner_Impacto-universidade-ofns1b3t2g82a0f69qbirjcmyak6b5ednb78lho3n8.png","datePublished":"2019-10-23T21:00:29+00:00","dateModified":"2019-10-23T21:19:11+00:00","breadcrumb":{"@id":"https:\/\/semead.com.br\/23\/impacto-3\/#breadcrumb"},"inLanguage":"pt-BR","potentialAction":[{"@type":"ReadAction","target":["https:\/\/semead.com.br\/23\/impacto-3\/"]}]},{"@type":"ImageObject","inLanguage":"pt-BR","@id":"https:\/\/semead.com.br\/23\/impacto-3\/#primaryimage","url":"https:\/\/semead.com.br\/23\/wp-content\/uploads\/sites\/12\/elementor\/thumbs\/Banner_Impacto-universidade-ofns1b3t2g82a0f69qbirjcmyak6b5ednb78lho3n8.png","contentUrl":"https:\/\/semead.com.br\/23\/wp-content\/uploads\/sites\/12\/elementor\/thumbs\/Banner_Impacto-universidade-ofns1b3t2g82a0f69qbirjcmyak6b5ednb78lho3n8.png"},{"@type":"BreadcrumbList","@id":"https:\/\/semead.com.br\/23\/impacto-3\/#breadcrumb","itemListElement":[{"@type":"ListItem","position":1,"name":"In\u00edcio","item":"https:\/\/semead.com.br\/23\/"},{"@type":"ListItem","position":2,"name":"IMPACTO"}]},{"@type":"WebSite","@id":"https:\/\/semead.com.br\/23\/#website","url":"https:\/\/semead.com.br\/23\/","name":"XXIII SemeAd","description":"Semin\u00e1rios em Administra\u00e7\u00e3o","potentialAction":[{"@type":"SearchAction","target":{"@type":"EntryPoint","urlTemplate":"https:\/\/semead.com.br\/23\/?s={search_term_string}"},"query-input":{"@type":"PropertyValueSpecification","valueRequired":true,"valueName":"search_term_string"}}],"inLanguage":"pt-BR"}]}},"_links":{"self":[{"href":"https:\/\/semead.com.br\/23\/wp-json\/wp\/v2\/pages\/15647","targetHints":{"allow":["GET"]}}],"collection":[{"href":"https:\/\/semead.com.br\/23\/wp-json\/wp\/v2\/pages"}],"about":[{"href":"https:\/\/semead.com.br\/23\/wp-json\/wp\/v2\/types\/page"}],"author":[{"embeddable":true,"href":"https:\/\/semead.com.br\/23\/wp-json\/wp\/v2\/users\/4"}],"replies":[{"embeddable":true,"href":"https:\/\/semead.com.br\/23\/wp-json\/wp\/v2\/comments?post=15647"}],"version-history":[{"count":0,"href":"https:\/\/semead.com.br\/23\/wp-json\/wp\/v2\/pages\/15647\/revisions"}],"wp:attachment":[{"href":"https:\/\/semead.com.br\/23\/wp-json\/wp\/v2\/media?parent=15647"}],"curies":[{"name":"wp","href":"https:\/\/api.w.org\/{rel}","templated":true}]}}