{"id":15848,"date":"2020-04-27T23:10:02","date_gmt":"2020-04-28T02:10:02","guid":{"rendered":"https:\/\/semead.com.br\/23\/?page_id=15848"},"modified":"2020-04-28T17:39:03","modified_gmt":"2020-04-28T20:39:03","slug":"historia-do-semead","status":"publish","type":"page","link":"https:\/\/semead.com.br\/23\/evento\/historia-do-semead\/","title":{"rendered":"Hist\u00f3ria do SemeAd"},"content":{"rendered":"\n<figure class=\"wp-block-image size-full is-resized\"><img decoding=\"async\" src=\"https:\/\/semead.com.br\/23\/wp-content\/uploads\/sites\/12\/2020\/04\/Hist\u00f3rico-do-Semead.png\" alt=\"\" class=\"wp-image-15849\" width=\"1210\" srcset=\"https:\/\/semead.com.br\/23\/wp-content\/uploads\/sites\/12\/2020\/04\/Hist\u00f3rico-do-Semead.png 3625w, https:\/\/semead.com.br\/23\/wp-content\/uploads\/sites\/12\/2020\/04\/Hist\u00f3rico-do-Semead-300x167.png 300w, https:\/\/semead.com.br\/23\/wp-content\/uploads\/sites\/12\/2020\/04\/Hist\u00f3rico-do-Semead-1024x570.png 1024w, https:\/\/semead.com.br\/23\/wp-content\/uploads\/sites\/12\/2020\/04\/Hist\u00f3rico-do-Semead-768x427.png 768w, https:\/\/semead.com.br\/23\/wp-content\/uploads\/sites\/12\/2020\/04\/Hist\u00f3rico-do-Semead-1536x855.png 1536w, https:\/\/semead.com.br\/23\/wp-content\/uploads\/sites\/12\/2020\/04\/Hist\u00f3rico-do-Semead-2048x1140.png 2048w\" sizes=\"(max-width: 3625px) 100vw, 3625px\" \/><\/figure>\n\n\n\n<p><\/p>\n","protected":false},"excerpt":{"rendered":"","protected":false},"author":4,"featured_media":0,"parent":12254,"menu_order":0,"comment_status":"closed","ping_status":"closed","template":"","meta":{"_acf_changed":false,"_monsterinsights_skip_tracking":false,"_monsterinsights_sitenote_active":false,"_monsterinsights_sitenote_note":"","_monsterinsights_sitenote_category":0,"footnotes":""},"class_list":["post-15848","page","type-page","status-publish","hentry"],"acf":[],"yoast_head":"<!-- This site is optimized with the Yoast SEO plugin v27.1.1 - https:\/\/yoast.com\/product\/yoast-seo-wordpress\/ -->\n<title>Hist\u00f3ria do SemeAd - XXIII SemeAd<\/title>\n<meta name=\"robots\" content=\"index, follow, max-snippet:-1, max-image-preview:large, max-video-preview:-1\" \/>\n<link rel=\"canonical\" href=\"https:\/\/semead.com.br\/23\/evento\/historia-do-semead\/\" \/>\n<meta property=\"og:locale\" content=\"pt_BR\" \/>\n<meta property=\"og:type\" content=\"article\" \/>\n<meta property=\"og:title\" content=\"Hist\u00f3ria do SemeAd - XXIII SemeAd\" \/>\n<meta property=\"og:url\" content=\"https:\/\/semead.com.br\/23\/evento\/historia-do-semead\/\" \/>\n<meta property=\"og:site_name\" content=\"XXIII SemeAd\" \/>\n<meta property=\"article:modified_time\" content=\"2020-04-28T20:39:03+00:00\" \/>\n<meta property=\"og:image\" content=\"https:\/\/semead.com.br\/23\/wp-content\/uploads\/sites\/12\/2020\/04\/Hist\u00f3rico-do-Semead.png\" \/>\n<meta name=\"twitter:card\" content=\"summary_large_image\" \/>\n<script type=\"application\/ld+json\" class=\"yoast-schema-graph\">{\"@context\":\"https:\/\/schema.org\",\"@graph\":[{\"@type\":\"WebPage\",\"@id\":\"https:\/\/semead.com.br\/23\/evento\/historia-do-semead\/\",\"url\":\"https:\/\/semead.com.br\/23\/evento\/historia-do-semead\/\",\"name\":\"Hist\u00f3ria do SemeAd - XXIII SemeAd\",\"isPartOf\":{\"@id\":\"https:\/\/semead.com.br\/23\/#website\"},\"datePublished\":\"2020-04-28T02:10:02+00:00\",\"dateModified\":\"2020-04-28T20:39:03+00:00\",\"breadcrumb\":{\"@id\":\"https:\/\/semead.com.br\/23\/evento\/historia-do-semead\/#breadcrumb\"},\"inLanguage\":\"pt-BR\",\"potentialAction\":[{\"@type\":\"ReadAction\",\"target\":[\"https:\/\/semead.com.br\/23\/evento\/historia-do-semead\/\"]}]},{\"@type\":\"BreadcrumbList\",\"@id\":\"https:\/\/semead.com.br\/23\/evento\/historia-do-semead\/#breadcrumb\",\"itemListElement\":[{\"@type\":\"ListItem\",\"position\":1,\"name\":\"In\u00edcio\",\"item\":\"https:\/\/semead.com.br\/23\/\"},{\"@type\":\"ListItem\",\"position\":2,\"name\":\"Evento\",\"item\":\"https:\/\/semead.com.br\/23\/evento\/\"},{\"@type\":\"ListItem\",\"position\":3,\"name\":\"Hist\u00f3ria do SemeAd\"}]},{\"@type\":\"WebSite\",\"@id\":\"https:\/\/semead.com.br\/23\/#website\",\"url\":\"https:\/\/semead.com.br\/23\/\",\"name\":\"XXIII SemeAd\",\"description\":\"Semin\u00e1rios em Administra\u00e7\u00e3o\",\"potentialAction\":[{\"@type\":\"SearchAction\",\"target\":{\"@type\":\"EntryPoint\",\"urlTemplate\":\"https:\/\/semead.com.br\/23\/?s={search_term_string}\"},\"query-input\":{\"@type\":\"PropertyValueSpecification\",\"valueRequired\":true,\"valueName\":\"search_term_string\"}}],\"inLanguage\":\"pt-BR\"}]}<\/script>\n<!-- \/ Yoast SEO plugin. -->","yoast_head_json":{"title":"Hist\u00f3ria do SemeAd - XXIII SemeAd","robots":{"index":"index","follow":"follow","max-snippet":"max-snippet:-1","max-image-preview":"max-image-preview:large","max-video-preview":"max-video-preview:-1"},"canonical":"https:\/\/semead.com.br\/23\/evento\/historia-do-semead\/","og_locale":"pt_BR","og_type":"article","og_title":"Hist\u00f3ria do SemeAd - XXIII SemeAd","og_url":"https:\/\/semead.com.br\/23\/evento\/historia-do-semead\/","og_site_name":"XXIII SemeAd","article_modified_time":"2020-04-28T20:39:03+00:00","og_image":[{"url":"https:\/\/semead.com.br\/23\/wp-content\/uploads\/sites\/12\/2020\/04\/Hist\u00f3rico-do-Semead.png","type":"","width":"","height":""}],"twitter_card":"summary_large_image","schema":{"@context":"https:\/\/schema.org","@graph":[{"@type":"WebPage","@id":"https:\/\/semead.com.br\/23\/evento\/historia-do-semead\/","url":"https:\/\/semead.com.br\/23\/evento\/historia-do-semead\/","name":"Hist\u00f3ria do SemeAd - XXIII SemeAd","isPartOf":{"@id":"https:\/\/semead.com.br\/23\/#website"},"datePublished":"2020-04-28T02:10:02+00:00","dateModified":"2020-04-28T20:39:03+00:00","breadcrumb":{"@id":"https:\/\/semead.com.br\/23\/evento\/historia-do-semead\/#breadcrumb"},"inLanguage":"pt-BR","potentialAction":[{"@type":"ReadAction","target":["https:\/\/semead.com.br\/23\/evento\/historia-do-semead\/"]}]},{"@type":"BreadcrumbList","@id":"https:\/\/semead.com.br\/23\/evento\/historia-do-semead\/#breadcrumb","itemListElement":[{"@type":"ListItem","position":1,"name":"In\u00edcio","item":"https:\/\/semead.com.br\/23\/"},{"@type":"ListItem","position":2,"name":"Evento","item":"https:\/\/semead.com.br\/23\/evento\/"},{"@type":"ListItem","position":3,"name":"Hist\u00f3ria do SemeAd"}]},{"@type":"WebSite","@id":"https:\/\/semead.com.br\/23\/#website","url":"https:\/\/semead.com.br\/23\/","name":"XXIII SemeAd","description":"Semin\u00e1rios em Administra\u00e7\u00e3o","potentialAction":[{"@type":"SearchAction","target":{"@type":"EntryPoint","urlTemplate":"https:\/\/semead.com.br\/23\/?s={search_term_string}"},"query-input":{"@type":"PropertyValueSpecification","valueRequired":true,"valueName":"search_term_string"}}],"inLanguage":"pt-BR"}]}},"_links":{"self":[{"href":"https:\/\/semead.com.br\/23\/wp-json\/wp\/v2\/pages\/15848","targetHints":{"allow":["GET"]}}],"collection":[{"href":"https:\/\/semead.com.br\/23\/wp-json\/wp\/v2\/pages"}],"about":[{"href":"https:\/\/semead.com.br\/23\/wp-json\/wp\/v2\/types\/page"}],"author":[{"embeddable":true,"href":"https:\/\/semead.com.br\/23\/wp-json\/wp\/v2\/users\/4"}],"replies":[{"embeddable":true,"href":"https:\/\/semead.com.br\/23\/wp-json\/wp\/v2\/comments?post=15848"}],"version-history":[{"count":0,"href":"https:\/\/semead.com.br\/23\/wp-json\/wp\/v2\/pages\/15848\/revisions"}],"up":[{"embeddable":true,"href":"https:\/\/semead.com.br\/23\/wp-json\/wp\/v2\/pages\/12254"}],"wp:attachment":[{"href":"https:\/\/semead.com.br\/23\/wp-json\/wp\/v2\/media?parent=15848"}],"curies":[{"name":"wp","href":"https:\/\/api.w.org\/{rel}","templated":true}]}}