{"id":15859,"date":"2020-04-28T01:54:12","date_gmt":"2020-04-28T04:54:12","guid":{"rendered":"https:\/\/semead.com.br\/23\/?page_id=15859"},"modified":"2020-07-03T14:04:50","modified_gmt":"2020-07-03T17:04:50","slug":"covid-19","status":"publish","type":"page","link":"https:\/\/semead.com.br\/23\/covid-19\/","title":{"rendered":"COVID-19"},"content":{"rendered":"\n<p><strong><em><strong>COVID-19: Desafios para os Modelos de Gest\u00e3o<\/strong><\/em><\/strong><\/p>\n\n\n\n<p>No momento \u00fanico que vivemos com a Pandemia da COVID-19, a sociedade cobra das Universidades e das Comunidades Cient\u00edficas respostas para enfrentar esse problema. Diversas entidades cient\u00edficas est\u00e3o engajadas nesta empreitada. Como exemplo, diversas ag\u00eancias de fomento j\u00e1 divulgaram seus editais para projetos de combate \u00e0 COVID-19, e v\u00e1rios peri\u00f3dicos acad\u00eamicos j\u00e1 lan\u00e7aram chamadas especiais para suas edi\u00e7\u00f5es voltadas \u00e0 cobertura desta tem\u00e1tica. A \u00e1rea de Administra\u00e7\u00e3o, portanto, precisa apresentar sua contribui\u00e7\u00e3o, e nesta fun\u00e7\u00e3o, o SemeAd 2020 definiu sua tem\u00e1tica como: <strong>COVID-19: Desafios para os Modelos de Gest\u00e3o<\/strong>.<\/p>\n\n\n\n<p>Em que pese \u00e0s consequ\u00eancias terr\u00edveis da pandemia, a \u00e1rea da gest\u00e3o vivencia situa\u00e7\u00e3o \u00fanica. As organiza\u00e7\u00f5es se transformaram em grande laborat\u00f3rio para testes dos Modelos de Gest\u00e3o, uma vez que todos esses est\u00e3o sendo colocados a prova nesta crise. Tornou-se poss\u00edvel, portanto, observar quais modelos est\u00e3o, ou n\u00e3o, funcionando: log\u00edstica, supply-chain, lideran\u00e7a, gerenciamento de equipes, comportamento do consumidor, sistemas de tecnologia da informa\u00e7\u00e3o e assim por diante.<\/p>\n\n\n\n<p>Em fun\u00e7\u00e3o disto, nesta edi\u00e7\u00e3o do SemeAd incentivamos o envio de trabalhos cient\u00edficos, de modo a permitir a reflex\u00e3o e produ\u00e7\u00e3o de conhecimentos em tempos de crises, buscando responder diversas quest\u00f5es emergentes, dentre as quais destacamos: Quais modelos de gest\u00e3o s\u00e3o robustos na pandemia? Como o contexto de pandemia influ\u00eancia \u00e0s teorias do campo da administra\u00e7\u00e3o, contabilidade e turismo? Quais frameworks s\u00e3o propostos para a nova realidade p\u00f3s-pandemia?<\/p>\n\n\n\n<p>Para viabilizar esta for\u00e7a-tarefa em prol da discuss\u00e3o, o SemeAd criou formas espec\u00edficas para a submiss\u00e3o de trabalhos a respeito dos Modelos de Gest\u00e3o para enfrentamento da pandemia, e da mesma forma, organizar\u00e1 sess\u00f5es espec\u00edficas para esse debate.<\/p>\n","protected":false},"excerpt":{"rendered":"<p>COVID-19: Desafios para os Modelos de Gest\u00e3o No momento \u00fanico que vivemos com a Pandemia da COVID-19, a sociedade cobra das Universidades e das Comunidades Cient\u00edficas respostas para enfrentar esse problema. Diversas entidades cient\u00edficas est\u00e3o engajadas nesta empreitada. Como exemplo, diversas ag\u00eancias de fomento j\u00e1 divulgaram seus editais para projetos de combate \u00e0 COVID-19, e&#8230;<\/p>\n","protected":false},"author":1,"featured_media":0,"parent":0,"menu_order":0,"comment_status":"closed","ping_status":"closed","template":"","meta":{"_acf_changed":false,"_monsterinsights_skip_tracking":false,"_monsterinsights_sitenote_active":false,"_monsterinsights_sitenote_note":"","_monsterinsights_sitenote_category":0,"footnotes":""},"class_list":["post-15859","page","type-page","status-publish","hentry"],"acf":[],"yoast_head":"<!-- This site is optimized with the Yoast SEO plugin v27.1.1 - https:\/\/yoast.com\/product\/yoast-seo-wordpress\/ -->\n<title>COVID-19 - XXIII SemeAd<\/title>\n<meta name=\"robots\" content=\"index, follow, max-snippet:-1, max-image-preview:large, max-video-preview:-1\" \/>\n<link rel=\"canonical\" href=\"https:\/\/semead.com.br\/23\/covid-19\/\" \/>\n<meta property=\"og:locale\" content=\"pt_BR\" \/>\n<meta property=\"og:type\" content=\"article\" \/>\n<meta property=\"og:title\" content=\"COVID-19 - XXIII SemeAd\" \/>\n<meta property=\"og:description\" content=\"COVID-19: Desafios para os Modelos de Gest\u00e3o No momento \u00fanico que vivemos com a Pandemia da COVID-19, a sociedade cobra das Universidades e das Comunidades Cient\u00edficas respostas para enfrentar esse problema. Diversas entidades cient\u00edficas est\u00e3o engajadas nesta empreitada. Como exemplo, diversas ag\u00eancias de fomento j\u00e1 divulgaram seus editais para projetos de combate \u00e0 COVID-19, e...\" \/>\n<meta property=\"og:url\" content=\"https:\/\/semead.com.br\/23\/covid-19\/\" \/>\n<meta property=\"og:site_name\" content=\"XXIII SemeAd\" \/>\n<meta property=\"article:modified_time\" content=\"2020-07-03T17:04:50+00:00\" \/>\n<meta name=\"twitter:card\" content=\"summary_large_image\" \/>\n<meta name=\"twitter:label1\" content=\"Est. tempo de leitura\" \/>\n\t<meta name=\"twitter:data1\" content=\"2 minutos\" \/>\n<script type=\"application\/ld+json\" class=\"yoast-schema-graph\">{\"@context\":\"https:\/\/schema.org\",\"@graph\":[{\"@type\":\"WebPage\",\"@id\":\"https:\/\/semead.com.br\/23\/covid-19\/\",\"url\":\"https:\/\/semead.com.br\/23\/covid-19\/\",\"name\":\"COVID-19 - XXIII SemeAd\",\"isPartOf\":{\"@id\":\"https:\/\/semead.com.br\/23\/#website\"},\"datePublished\":\"2020-04-28T04:54:12+00:00\",\"dateModified\":\"2020-07-03T17:04:50+00:00\",\"breadcrumb\":{\"@id\":\"https:\/\/semead.com.br\/23\/covid-19\/#breadcrumb\"},\"inLanguage\":\"pt-BR\",\"potentialAction\":[{\"@type\":\"ReadAction\",\"target\":[\"https:\/\/semead.com.br\/23\/covid-19\/\"]}]},{\"@type\":\"BreadcrumbList\",\"@id\":\"https:\/\/semead.com.br\/23\/covid-19\/#breadcrumb\",\"itemListElement\":[{\"@type\":\"ListItem\",\"position\":1,\"name\":\"In\u00edcio\",\"item\":\"https:\/\/semead.com.br\/23\/\"},{\"@type\":\"ListItem\",\"position\":2,\"name\":\"COVID-19\"}]},{\"@type\":\"WebSite\",\"@id\":\"https:\/\/semead.com.br\/23\/#website\",\"url\":\"https:\/\/semead.com.br\/23\/\",\"name\":\"XXIII SemeAd\",\"description\":\"Semin\u00e1rios em Administra\u00e7\u00e3o\",\"potentialAction\":[{\"@type\":\"SearchAction\",\"target\":{\"@type\":\"EntryPoint\",\"urlTemplate\":\"https:\/\/semead.com.br\/23\/?s={search_term_string}\"},\"query-input\":{\"@type\":\"PropertyValueSpecification\",\"valueRequired\":true,\"valueName\":\"search_term_string\"}}],\"inLanguage\":\"pt-BR\"}]}<\/script>\n<!-- \/ Yoast SEO plugin. -->","yoast_head_json":{"title":"COVID-19 - XXIII SemeAd","robots":{"index":"index","follow":"follow","max-snippet":"max-snippet:-1","max-image-preview":"max-image-preview:large","max-video-preview":"max-video-preview:-1"},"canonical":"https:\/\/semead.com.br\/23\/covid-19\/","og_locale":"pt_BR","og_type":"article","og_title":"COVID-19 - XXIII SemeAd","og_description":"COVID-19: Desafios para os Modelos de Gest\u00e3o No momento \u00fanico que vivemos com a Pandemia da COVID-19, a sociedade cobra das Universidades e das Comunidades Cient\u00edficas respostas para enfrentar esse problema. Diversas entidades cient\u00edficas est\u00e3o engajadas nesta empreitada. Como exemplo, diversas ag\u00eancias de fomento j\u00e1 divulgaram seus editais para projetos de combate \u00e0 COVID-19, e...","og_url":"https:\/\/semead.com.br\/23\/covid-19\/","og_site_name":"XXIII SemeAd","article_modified_time":"2020-07-03T17:04:50+00:00","twitter_card":"summary_large_image","twitter_misc":{"Est. tempo de leitura":"2 minutos"},"schema":{"@context":"https:\/\/schema.org","@graph":[{"@type":"WebPage","@id":"https:\/\/semead.com.br\/23\/covid-19\/","url":"https:\/\/semead.com.br\/23\/covid-19\/","name":"COVID-19 - XXIII SemeAd","isPartOf":{"@id":"https:\/\/semead.com.br\/23\/#website"},"datePublished":"2020-04-28T04:54:12+00:00","dateModified":"2020-07-03T17:04:50+00:00","breadcrumb":{"@id":"https:\/\/semead.com.br\/23\/covid-19\/#breadcrumb"},"inLanguage":"pt-BR","potentialAction":[{"@type":"ReadAction","target":["https:\/\/semead.com.br\/23\/covid-19\/"]}]},{"@type":"BreadcrumbList","@id":"https:\/\/semead.com.br\/23\/covid-19\/#breadcrumb","itemListElement":[{"@type":"ListItem","position":1,"name":"In\u00edcio","item":"https:\/\/semead.com.br\/23\/"},{"@type":"ListItem","position":2,"name":"COVID-19"}]},{"@type":"WebSite","@id":"https:\/\/semead.com.br\/23\/#website","url":"https:\/\/semead.com.br\/23\/","name":"XXIII SemeAd","description":"Semin\u00e1rios em Administra\u00e7\u00e3o","potentialAction":[{"@type":"SearchAction","target":{"@type":"EntryPoint","urlTemplate":"https:\/\/semead.com.br\/23\/?s={search_term_string}"},"query-input":{"@type":"PropertyValueSpecification","valueRequired":true,"valueName":"search_term_string"}}],"inLanguage":"pt-BR"}]}},"_links":{"self":[{"href":"https:\/\/semead.com.br\/23\/wp-json\/wp\/v2\/pages\/15859","targetHints":{"allow":["GET"]}}],"collection":[{"href":"https:\/\/semead.com.br\/23\/wp-json\/wp\/v2\/pages"}],"about":[{"href":"https:\/\/semead.com.br\/23\/wp-json\/wp\/v2\/types\/page"}],"author":[{"embeddable":true,"href":"https:\/\/semead.com.br\/23\/wp-json\/wp\/v2\/users\/1"}],"replies":[{"embeddable":true,"href":"https:\/\/semead.com.br\/23\/wp-json\/wp\/v2\/comments?post=15859"}],"version-history":[{"count":0,"href":"https:\/\/semead.com.br\/23\/wp-json\/wp\/v2\/pages\/15859\/revisions"}],"wp:attachment":[{"href":"https:\/\/semead.com.br\/23\/wp-json\/wp\/v2\/media?parent=15859"}],"curies":[{"name":"wp","href":"https:\/\/api.w.org\/{rel}","templated":true}]}}